{"id":980,"date":"2022-09-29T07:03:19","date_gmt":"2022-09-29T07:03:19","guid":{"rendered":"https:\/\/swforming.com\/?post_type=product&#038;p=980"},"modified":"2022-10-13T03:11:30","modified_gmt":"2022-10-13T03:11:30","slug":"trapezoidal-panel-roll-forming-machine","status":"publish","type":"product","link":"https:\/\/swforming.com\/tr\/product\/trapezoidal-panel-roll-forming-machine\/","title":{"rendered":"Trapez panel rulo \u015fekillendirme makinesi"},"content":{"rendered":"<h3>Trapez panel rulo \u015fekillendirme makinesi \u00d6zellikler:<\/h3>\n<p>Farkl\u0131 Trapez panel rulo \u015fekillendirme makinesi, m\u00fc\u015fterinin profil \u00e7izimlerine ve gereksinimlerine g\u00f6re farkl\u0131 \u015fekillerde \u00e7elik trapez saclar \u00fcretebilir. \u00c7elik trapez saclar, \u00e7e\u015fitli kal\u0131nl\u0131k ve renklere sahip yeni yap\u0131 malzemeleridir.<\/p>\n<h3>Uygulamalar<\/h3>\n<p>Bitmi\u015f \u00fcr\u00fcnler spor salonlar\u0131n\u0131n, havaalanlar\u0131n\u0131n, tiyatrolar\u0131n, fabrikalar\u0131n, depolar\u0131n, garajlar\u0131n, sergi merkezlerinin vb. \u00e7at\u0131 ve duvarlar\u0131 olarak kullan\u0131l\u0131r.<\/p>\n<h3>S\u00fcre\u00e7 Ak\u0131\u015f\u0131<\/h3>\n<p>A\u00e7\u0131c\u0131 - besleme - rulo \u015fekillendirme - kesme - \u00e7\u0131k\u0131\u015f<img fetchpriority=\"high\" decoding=\"async\" class=\"alignnone size-full wp-image-981\" src=\"https:\/\/swforming.com\/wp-content\/uploads\/2022\/09\/fea2f27b-255f-4434-a429-b5e310c758c1.png\" alt=\"\" width=\"800\" height=\"145\" title=\"\" srcset=\"https:\/\/swforming.com\/wp-content\/uploads\/2022\/09\/fea2f27b-255f-4434-a429-b5e310c758c1.png 800w, https:\/\/swforming.com\/wp-content\/uploads\/2022\/09\/fea2f27b-255f-4434-a429-b5e310c758c1-600x109.png 600w, https:\/\/swforming.com\/wp-content\/uploads\/2022\/09\/fea2f27b-255f-4434-a429-b5e310c758c1-300x54.png 300w, https:\/\/swforming.com\/wp-content\/uploads\/2022\/09\/fea2f27b-255f-4434-a429-b5e310c758c1-768x139.png 768w\" sizes=\"(max-width: 800px) 100vw, 800px\" \/><\/p>\n<h3>Makine Konfig\u00fcrasyonlar\u0131<\/h3>\n<div>\n<table>\n<tbody>\n<tr>\n<td data-sheets-value=\"{&quot;1&quot;:2,&quot;2&quot;:&quot;1. Uncoiler&quot;}\">1. A\u00e7\u0131c\u0131<\/td>\n<td data-sheets-value=\"{&quot;1&quot;:2,&quot;2&quot;:&quot;2. Guide feeder&quot;}\">\n<div>\n<div>2. K\u0131lavuz besleyici<\/div>\n<\/div>\n<\/td>\n<\/tr>\n<tr>\n<td data-sheets-value=\"{&quot;1&quot;:2,&quot;2&quot;:&quot;3. roll former&quot;}\">3. rulo \u015fekillendirici<\/td>\n<td data-sheets-value=\"{&quot;1&quot;:2,&quot;2&quot;:&quot;4. Hydraulic cutting unit&quot;}\">\n<div>\n<div>4. Hidrolik kesme \u00fcnitesi<\/div>\n<\/div>\n<\/td>\n<\/tr>\n<tr>\n<td data-sheets-value=\"{&quot;1&quot;:2,&quot;2&quot;:&quot;5. PLC Control System&quot;}\">5. PLC Kontrol Sistemi<\/td>\n<td data-sheets-value=\"{&quot;1&quot;:2,&quot;2&quot;:&quot;6. Hydraulic station&quot;}\">\n<div>\n<div>6. Hidrolik istasyon<\/div>\n<\/div>\n<\/td>\n<\/tr>\n<tr>\n<td data-sheets-value=\"{&quot;1&quot;:2,&quot;2&quot;:&quot;7. Output conveyor&quot;}\">7. \u00c7\u0131k\u0131\u015f konvey\u00f6r\u00fc<\/td>\n<td><\/td>\n<\/tr>\n<\/tbody>\n<\/table>\n<\/div>\n<h3>Referans i\u00e7in Foto\u011fraflar<\/h3>\n<figure id=\"attachment_869\" aria-describedby=\"caption-attachment-869\" style=\"width: 400px\" class=\"wp-caption alignleft\"><img decoding=\"async\" class=\"wp-image-869 size-full\" src=\"https:\/\/swforming.com\/wp-content\/uploads\/2022\/09\/10T-manual-decoiler-1.jpg\" alt=\"\" width=\"400\" height=\"300\" title=\"\" srcset=\"https:\/\/swforming.com\/wp-content\/uploads\/2022\/09\/10T-manual-decoiler-1.jpg 400w, https:\/\/swforming.com\/wp-content\/uploads\/2022\/09\/10T-manual-decoiler-1-300x225.jpg 300w\" sizes=\"(max-width: 400px) 100vw, 400px\" \/><figcaption id=\"caption-attachment-869\" class=\"wp-caption-text\">10T manuel \u00e7\u00f6z\u00fcc\u00fc<\/figcaption><\/figure>\n<figure id=\"attachment_870\" aria-describedby=\"caption-attachment-870\" style=\"width: 400px\" class=\"wp-caption alignleft\"><img decoding=\"async\" class=\"wp-image-870 size-full\" src=\"https:\/\/swforming.com\/wp-content\/uploads\/2022\/09\/10T-Hydraulic-decoiler.jpg\" alt=\"\" width=\"400\" height=\"300\" title=\"\" srcset=\"https:\/\/swforming.com\/wp-content\/uploads\/2022\/09\/10T-Hydraulic-decoiler.jpg 400w, https:\/\/swforming.com\/wp-content\/uploads\/2022\/09\/10T-Hydraulic-decoiler-300x225.jpg 300w\" sizes=\"(max-width: 400px) 100vw, 400px\" \/><figcaption id=\"caption-attachment-870\" class=\"wp-caption-text\">10T Hidrolik \u00e7\u00f6z\u00fcc\u00fc<\/figcaption><\/figure>\n<figure id=\"attachment_982\" aria-describedby=\"caption-attachment-982\" style=\"width: 400px\" class=\"wp-caption alignleft\"><img loading=\"lazy\" decoding=\"async\" class=\"wp-image-982 size-full\" src=\"https:\/\/swforming.com\/wp-content\/uploads\/2022\/09\/Roll-Forming-Machine-1.jpg\" alt=\"\" width=\"400\" height=\"300\" title=\"\" srcset=\"https:\/\/swforming.com\/wp-content\/uploads\/2022\/09\/Roll-Forming-Machine-1.jpg 400w, https:\/\/swforming.com\/wp-content\/uploads\/2022\/09\/Roll-Forming-Machine-1-300x225.jpg 300w\" sizes=\"(max-width: 400px) 100vw, 400px\" \/><figcaption id=\"caption-attachment-982\" class=\"wp-caption-text\">Rulo \u015eekillendirme Makinesi<\/figcaption><\/figure>\n<figure id=\"attachment_984\" aria-describedby=\"caption-attachment-984\" style=\"width: 400px\" class=\"wp-caption alignleft\"><img loading=\"lazy\" decoding=\"async\" class=\"wp-image-984 size-full\" src=\"https:\/\/swforming.com\/wp-content\/uploads\/2022\/09\/Hydraulic-cutting-unit.jpg\" alt=\"\" width=\"400\" height=\"300\" title=\"\" srcset=\"https:\/\/swforming.com\/wp-content\/uploads\/2022\/09\/Hydraulic-cutting-unit.jpg 400w, https:\/\/swforming.com\/wp-content\/uploads\/2022\/09\/Hydraulic-cutting-unit-300x225.jpg 300w\" sizes=\"(max-width: 400px) 100vw, 400px\" \/><figcaption id=\"caption-attachment-984\" class=\"wp-caption-text\">Hidrolik kesme \u00fcnitesi<\/figcaption><\/figure>\n<figure id=\"attachment_983\" aria-describedby=\"caption-attachment-983\" style=\"width: 400px\" class=\"wp-caption alignleft\"><img loading=\"lazy\" decoding=\"async\" class=\"wp-image-983 size-full\" src=\"https:\/\/swforming.com\/wp-content\/uploads\/2022\/09\/Auto-stacker-Option.jpg\" alt=\"\" width=\"400\" height=\"300\" title=\"\" srcset=\"https:\/\/swforming.com\/wp-content\/uploads\/2022\/09\/Auto-stacker-Option.jpg 400w, https:\/\/swforming.com\/wp-content\/uploads\/2022\/09\/Auto-stacker-Option-300x225.jpg 300w\" sizes=\"(max-width: 400px) 100vw, 400px\" \/><figcaption id=\"caption-attachment-983\" class=\"wp-caption-text\">Otomatik istifleyici (Opsiyon)<span style=\"font-size: 16px;\">\u00a0<\/span><\/figcaption><\/figure>","protected":false},"excerpt":{"rendered":"<p>Trapezoidal panel roll forming machine Features: Different Trapezoidal panel roll forming machine can produce different shapes of steel trapezoidal sheets according to the client&#8217;s profile drawings and requirements. The steel trapezoidal sheets are new building materials with various thickness and colors. Applications The finished products are used as the roof and walls of gymnasiums, airports, [&hellip;]<\/p>\n","protected":false},"featured_media":985,"comment_status":"open","ping_status":"closed","template":"","meta":{"_acf_changed":false},"product_brand":[],"product_cat":[45,86],"product_tag":[],"class_list":{"0":"post-980","1":"product","2":"type-product","3":"status-publish","4":"has-post-thumbnail","6":"product_cat-metal-wall-roofing","7":"product_cat-trapezoidal-roof-panel-roll-forming-machine","9":"first","10":"instock","11":"shipping-taxable","12":"product-type-simple"},"acf":[],"_links":{"self":[{"href":"https:\/\/swforming.com\/tr\/wp-json\/wp\/v2\/product\/980","targetHints":{"allow":["GET"]}}],"collection":[{"href":"https:\/\/swforming.com\/tr\/wp-json\/wp\/v2\/product"}],"about":[{"href":"https:\/\/swforming.com\/tr\/wp-json\/wp\/v2\/types\/product"}],"replies":[{"embeddable":true,"href":"https:\/\/swforming.com\/tr\/wp-json\/wp\/v2\/comments?post=980"}],"version-history":[{"count":0,"href":"https:\/\/swforming.com\/tr\/wp-json\/wp\/v2\/product\/980\/revisions"}],"wp:featuredmedia":[{"embeddable":true,"href":"https:\/\/swforming.com\/tr\/wp-json\/wp\/v2\/media\/985"}],"wp:attachment":[{"href":"https:\/\/swforming.com\/tr\/wp-json\/wp\/v2\/media?parent=980"}],"wp:term":[{"taxonomy":"product_brand","embeddable":true,"href":"https:\/\/swforming.com\/tr\/wp-json\/wp\/v2\/product_brand?post=980"},{"taxonomy":"product_cat","embeddable":true,"href":"https:\/\/swforming.com\/tr\/wp-json\/wp\/v2\/product_cat?post=980"},{"taxonomy":"product_tag","embeddable":true,"href":"https:\/\/swforming.com\/tr\/wp-json\/wp\/v2\/product_tag?post=980"}],"curies":[{"name":"wp","href":"https:\/\/api.w.org\/{rel}","templated":true}]}}