{"id":974,"date":"2022-09-29T06:54:05","date_gmt":"2022-09-29T06:54:05","guid":{"rendered":"https:\/\/swforming.com\/?post_type=product&#038;p=974"},"modified":"2023-06-14T05:36:39","modified_gmt":"2023-06-14T05:36:39","slug":"trapezoidal-corrugated-panel-double-layer-machine","status":"publish","type":"product","link":"https:\/\/swforming.com\/tr\/product\/trapezoidal-corrugated-panel-double-layer-machine\/","title":{"rendered":"Oluklu Panel \u00c7ift Katmanl\u0131 Makine \u4e28 Trapezoidal &amp;amp"},"content":{"rendered":"<h3>Oluklu Panel \u00c7ift Katmanl\u0131 Makine \u00d6zellikleri<\/h3>\n<p>Trapez ve oluklu panel \u00e7ift katmanl\u0131 makine, m\u00fc\u015fterinin profil \u00e7izimlerine ve gereksinimlerine g\u00f6re iki farkl\u0131 t\u00fcrde levha \u00fcretebilir. \u00c7elik trapez saclar, \u00e7e\u015fitli kal\u0131nl\u0131k ve renklere sahip yeni yap\u0131 malzemeleridir.<\/p>\n<h3>Uygulamalar<\/h3>\n<p>Bitmi\u015f \u00fcr\u00fcnler spor salonlar\u0131n\u0131n, havaalanlar\u0131n\u0131n, tiyatrolar\u0131n, fabrikalar\u0131n, depolar\u0131n, garajlar\u0131n, sergi merkezlerinin vb. \u00e7at\u0131 ve duvarlar\u0131 olarak kullan\u0131l\u0131r.<\/p>\n<h3>S\u00fcre\u00e7 Ak\u0131\u015f\u0131<\/h3>\n<p>A\u00e7\u0131c\u0131 - besleme - rulo \u015fekillendirme - kesme - \u00e7\u0131k\u0131\u015f<\/p>\n<p><img fetchpriority=\"high\" decoding=\"async\" class=\"alignnone size-full wp-image-975\" src=\"https:\/\/swforming.com\/wp-content\/uploads\/2022\/09\/dgquewipr8iq.jpg\" alt=\"\" width=\"800\" height=\"167\" title=\"\" srcset=\"https:\/\/swforming.com\/wp-content\/uploads\/2022\/09\/dgquewipr8iq.jpg 800w, https:\/\/swforming.com\/wp-content\/uploads\/2022\/09\/dgquewipr8iq-600x125.jpg 600w, https:\/\/swforming.com\/wp-content\/uploads\/2022\/09\/dgquewipr8iq-300x63.jpg 300w, https:\/\/swforming.com\/wp-content\/uploads\/2022\/09\/dgquewipr8iq-768x160.jpg 768w\" sizes=\"(max-width: 800px) 100vw, 800px\" \/><\/p>\n<h3>Makine Konfig\u00fcrasyonlar\u0131<\/h3>\n<div>\n<table>\n<tbody>\n<tr>\n<td data-sheets-value=\"{&quot;1&quot;:2,&quot;2&quot;:&quot;1. Uncoiler&quot;}\">1. A\u00e7\u0131c\u0131<\/td>\n<td data-sheets-value=\"{&quot;1&quot;:2,&quot;2&quot;:&quot;2. Guide feeder&quot;}\">\n<div>\n<div>2. K\u0131lavuz besleyici<\/div>\n<\/div>\n<\/td>\n<\/tr>\n<tr>\n<td data-sheets-value=\"{&quot;1&quot;:2,&quot;2&quot;:&quot;3. roll former&quot;}\">3. rulo \u015fekillendirici<\/td>\n<td data-sheets-value=\"{&quot;1&quot;:2,&quot;2&quot;:&quot;4. Hydraulic cutting unit&quot;}\">\n<div>\n<div>4. Hidrolik kesme \u00fcnitesi<\/div>\n<\/div>\n<\/td>\n<\/tr>\n<tr>\n<td data-sheets-value=\"{&quot;1&quot;:2,&quot;2&quot;:&quot;5. PLC Control System&quot;}\">5. PLC Kontrol Sistemi<\/td>\n<td data-sheets-value=\"{&quot;1&quot;:2,&quot;2&quot;:&quot;6. Hydraulic station&quot;}\">\n<div>\n<div>6. Hidrolik istasyon<\/div>\n<\/div>\n<\/td>\n<\/tr>\n<tr>\n<td data-sheets-value=\"{&quot;1&quot;:2,&quot;2&quot;:&quot;7. Output conveyor&quot;}\">7. \u00c7\u0131k\u0131\u015f konvey\u00f6r\u00fc<\/td>\n<td><\/td>\n<\/tr>\n<\/tbody>\n<\/table>\n<\/div>\n<h3>Referans i\u00e7in Profil \u00c7izimleri<\/h3>\n<p><img decoding=\"async\" class=\"alignnone size-full wp-image-976\" src=\"https:\/\/swforming.com\/wp-content\/uploads\/2022\/09\/20220929144833.png\" alt=\"\" width=\"800\" height=\"458\" title=\"\" srcset=\"https:\/\/swforming.com\/wp-content\/uploads\/2022\/09\/20220929144833.png 800w, https:\/\/swforming.com\/wp-content\/uploads\/2022\/09\/20220929144833-600x344.png 600w, https:\/\/swforming.com\/wp-content\/uploads\/2022\/09\/20220929144833-300x172.png 300w, https:\/\/swforming.com\/wp-content\/uploads\/2022\/09\/20220929144833-768x440.png 768w\" sizes=\"(max-width: 800px) 100vw, 800px\" \/><\/p>\n<h3>Referans i\u00e7in Foto\u011fraflar<\/h3>\n<figure id=\"attachment_869\" aria-describedby=\"caption-attachment-869\" style=\"width: 400px\" class=\"wp-caption alignleft\"><img decoding=\"async\" class=\"wp-image-869 size-full\" src=\"https:\/\/swforming.com\/wp-content\/uploads\/2022\/09\/10T-manual-decoiler-1.jpg\" alt=\"\" width=\"400\" height=\"300\" title=\"\" srcset=\"https:\/\/swforming.com\/wp-content\/uploads\/2022\/09\/10T-manual-decoiler-1.jpg 400w, https:\/\/swforming.com\/wp-content\/uploads\/2022\/09\/10T-manual-decoiler-1-300x225.jpg 300w\" sizes=\"(max-width: 400px) 100vw, 400px\" \/><figcaption id=\"caption-attachment-869\" class=\"wp-caption-text\">10T manuel \u00e7\u00f6z\u00fcc\u00fc<\/figcaption><\/figure>\n<figure id=\"attachment_870\" aria-describedby=\"caption-attachment-870\" style=\"width: 400px\" class=\"wp-caption alignleft\"><img loading=\"lazy\" decoding=\"async\" class=\"wp-image-870 size-full\" src=\"https:\/\/swforming.com\/wp-content\/uploads\/2022\/09\/10T-Hydraulic-decoiler.jpg\" alt=\"\" width=\"400\" height=\"300\" title=\"\" srcset=\"https:\/\/swforming.com\/wp-content\/uploads\/2022\/09\/10T-Hydraulic-decoiler.jpg 400w, https:\/\/swforming.com\/wp-content\/uploads\/2022\/09\/10T-Hydraulic-decoiler-300x225.jpg 300w\" sizes=\"(max-width: 400px) 100vw, 400px\" \/><figcaption id=\"caption-attachment-870\" class=\"wp-caption-text\">10T Hidrolik \u00e7\u00f6z\u00fcc\u00fc<\/figcaption><\/figure>\n<p><img loading=\"lazy\" decoding=\"async\" class=\"alignnone wp-image-978 size-full\" src=\"https:\/\/swforming.com\/wp-content\/uploads\/2022\/09\/double-sheet-machine-picture-3.jpg\" alt=\"Oluklu Panel \u00c7ift Katmanl\u0131 Makine\" width=\"800\" height=\"740\" title=\"\" srcset=\"https:\/\/swforming.com\/wp-content\/uploads\/2022\/09\/double-sheet-machine-picture-3.jpg 800w, https:\/\/swforming.com\/wp-content\/uploads\/2022\/09\/double-sheet-machine-picture-3-600x555.jpg 600w, https:\/\/swforming.com\/wp-content\/uploads\/2022\/09\/double-sheet-machine-picture-3-300x278.jpg 300w, https:\/\/swforming.com\/wp-content\/uploads\/2022\/09\/double-sheet-machine-picture-3-768x710.jpg 768w\" sizes=\"(max-width: 800px) 100vw, 800px\" \/><\/p>\n<h3>Panel rulo \u015fekillendirme makinesi nedir?<\/h3>\n<p>Panel rulo \u015fekillendirme makinesi, metal levhalar\u0131n veya \u015feritlerin istenen panel profillerine s\u00fcrekli olarak b\u00fck\u00fclmesi ve \u015fekillendirilmesi i\u00e7in kullan\u0131lan bir t\u00fcr end\u00fcstriyel makinedir. \u0130malat end\u00fcstrisinde, \u00f6zellikle \u00e7at\u0131 kaplama panelleri, duvar kaplama panelleri ve di\u011fer benzer yap\u0131 bile\u015fenlerinin \u00fcretiminde yayg\u0131n olarak kullan\u0131l\u0131r.<\/p>\n<p>Rulo \u015fekillendirme i\u015flemi, d\u00fcz bir metal levhan\u0131n veya bobinin bir s\u0131ra halinde d\u00fczenlenmi\u015f bir dizi rulodan ge\u00e7irilmesini i\u00e7erir. Her bir merdane seti metal levhay\u0131 kademeli olarak istenen \u015fekle sokar ve her bir merdane panel profilinin belirli bir b\u00f6l\u00fcm\u00fcne katk\u0131da bulunur. Merdaneler tipik olarak metali a\u015famal\u0131 olarak \u015fekillendirecek \u015fekilde tasarlanm\u0131\u015ft\u0131r ve nihai \u00fcr\u00fcn makineden tutarl\u0131 bir \u015fekil ve boyutlara sahip tamamen \u015fekillendirilmi\u015f bir panel olarak \u00e7\u0131kar.<\/p>\n<p>Panel rulo \u015fekillendirme makineleri, \u00e7elik, al\u00fcminyum ve di\u011fer metaller de dahil olmak \u00fczere \u00e7e\u015fitli kal\u0131nl\u0131klarda \u00e7e\u015fitli malzemeleri i\u015flemek i\u00e7in tasarlanm\u0131\u015ft\u0131r. Makineler, di\u011ferlerinin yan\u0131 s\u0131ra oluklu paneller, dikme paneller veya trapez paneller gibi farkl\u0131 panel profilleri \u00fcretmek i\u00e7in \u00f6zelle\u015ftirilebilir.<\/p>\n<p>Bu makineler, her bir panel i\u00e7in manuel m\u00fcdahaleye gerek kalmadan s\u00fcrekli bir \u015fekilde panel \u00fcretebildikleri i\u00e7in y\u00fcksek verimlilikleri ve \u00fcretkenlikleri ile bilinirler. Genellikle malzeme besleme, kesme ve istifleme i\u00e7in otomatik \u00f6zellikler i\u00e7erirler ve \u00fcretim s\u00fcrecini daha da kolayla\u015ft\u0131r\u0131rlar.<\/p>\n<p>Panel rulo \u015fekillendirme makineleri in\u015faat sekt\u00f6r\u00fcnde yayg\u0131n olarak kullan\u0131lmakta ve \u00fcreticilere tutarl\u0131 kalite ve boyutsal do\u011frulukla b\u00fcy\u00fck miktarlarda panel \u00fcretmek i\u00e7in uygun maliyetli ve verimli bir \u00e7\u00f6z\u00fcm sunmaktad\u0131r.<\/p>\n<h3>ag panel rulo \u015fekillendirme makinesi uygulamas\u0131<\/h3>\n<p>AG panel rulo \u015fekillendirme makinesi, tar\u0131m end\u00fcstrisinde \u00e7at\u0131 kaplama ve d\u0131\u015f cephe uygulamalar\u0131 i\u00e7in yayg\u0131n olarak kullan\u0131lan AG panellerinin \u00fcretimi i\u00e7in \u00f6zel olarak tasarlanm\u0131\u015ft\u0131r. \u0130\u015fte AG panel rulo \u015fekillendirme makinelerinin baz\u0131 uygulamalar\u0131:<\/p>\n<ol>\n<li>Tar\u0131msal Binalar: AG panelleri genellikle ah\u0131rlar, barakalar, hayvan bar\u0131naklar\u0131 ve depolama binalar\u0131 gibi tar\u0131msal yap\u0131lar\u0131n \u00e7at\u0131 ve cephe kaplamalar\u0131nda kullan\u0131l\u0131r. Rulo \u015fekillendirme makinesi, bu binalar\u0131n \u00f6zel ihtiya\u00e7lar\u0131na uyacak \u015fekilde gerekli boyutlara ve profillere sahip AG panellerinin verimli bir \u015fekilde \u00fcretilmesini sa\u011flar.<\/li>\n<li>Tah\u0131l Depolama Tesisleri: AG panelleri genellikle silolar ve tah\u0131l ambarlar\u0131 dahil olmak \u00fczere tah\u0131l depolama tesislerinin yap\u0131m\u0131nda kullan\u0131l\u0131r. Rulo \u015fekillendirme makinesi, bu yap\u0131lar i\u00e7in gereken kavisli panelleri \u00fcretebilir ve tah\u0131llar\u0131n depolanmas\u0131 i\u00e7in g\u00fcvenli ve hava ko\u015fullar\u0131na dayan\u0131kl\u0131 bir muhafaza sa\u011flar.<\/li>\n<li>K\u00fcmes Hayvanlar\u0131 Evleri: AG paneller k\u00fcmes ve tavuk k\u00fcmeslerinin in\u015fas\u0131 i\u00e7in ideal bir se\u00e7imdir. Dayan\u0131kl\u0131 ve temizlenmesi kolay bir y\u00fczey sa\u011flayarak k\u00fcmes hayvan\u0131 yeti\u015ftiricili\u011fi i\u00e7in g\u00fcvenli ve hijyenik bir ortam sa\u011flarlar.<\/li>\n<li>Seralar: AG panelleri sera yap\u0131lar\u0131n\u0131n in\u015fas\u0131nda da kullan\u0131lmaktad\u0131r. Paneller m\u00fckemmel \u0131\u015f\u0131k ge\u00e7irgenli\u011fi \u00f6zellikleri sunarak g\u00fcne\u015f \u0131\u015f\u0131\u011f\u0131n\u0131n bitkilere ula\u015fmas\u0131n\u0131 sa\u011flarken yal\u0131t\u0131m ve elementlerden koruma sa\u011flar.<\/li>\n<li>Ekipman Bar\u0131naklar\u0131: AG panelleri, \u00e7iftliklerde ekipman bar\u0131naklar\u0131n\u0131n, makine depolar\u0131n\u0131n ve at\u00f6lyelerin yap\u0131m\u0131nda kullan\u0131l\u0131r. Bu paneller, tar\u0131msal ekipman ve aletleri hava ko\u015fullar\u0131ndan korumak i\u00e7in uygun maliyetli ve dayan\u0131kl\u0131 bir \u00e7\u00f6z\u00fcm sunar.<\/li>\n<li>Binicilik Arenalar\u0131 ve Binicilik Tesisleri: AG panelleri binicilik arenalar\u0131, at ah\u0131rlar\u0131 ve binicilik tesisleri in\u015fa etmek i\u00e7in kullan\u0131labilir. Atlar ve biniciler i\u00e7in sa\u011flam ve az bak\u0131m gerektiren bir muhafaza sa\u011flarlar.<\/li>\n<li>K\u0131rsal \u00c7it: AG panelleri k\u0131rsal m\u00fclkler ve \u00e7iftlikler i\u00e7in \u00e7it panelleri olarak kullan\u0131labilir. Rulo \u015fekillendirme makinesi, belirli profillere sahip \u00f6zelle\u015ftirilmi\u015f paneller \u00fcretebilir ve \u00e7iftlik hayvanlar\u0131n\u0131n g\u00fcvenli\u011fini sa\u011flamak ve m\u00fclk s\u0131n\u0131rlar\u0131n\u0131 i\u015faretlemek i\u00e7in sa\u011flam ve uzun \u00f6m\u00fcrl\u00fc \u00e7itlerin olu\u015fturulmas\u0131n\u0131 sa\u011flar.<\/li>\n<li>Tar\u0131msal R\u00f6morklar: AG panelleri, tar\u0131msal r\u00f6morklar ve nakliye ara\u00e7lar\u0131 i\u00e7in r\u00f6mork yanlar\u0131 ve \u00e7at\u0131 kaplamas\u0131 \u00fcretiminde kullan\u0131labilir. Paneller, hafif ancak g\u00fc\u00e7l\u00fc bir yap\u0131 sunarak tar\u0131msal \u00fcr\u00fcnlerin ve ekipmanlar\u0131n verimli bir \u015fekilde ta\u015f\u0131nmas\u0131n\u0131 sa\u011flar.<\/li>\n<\/ol>\n<p>AG panel rulo \u015fekillendirme makinesi, tar\u0131m end\u00fcstrisinin \u00f6zel gereksinimlerini kar\u015f\u0131layan AG panellerinin verimli bir \u015fekilde \u00fcretilmesini sa\u011flar. AG panellerinin \u00e7ok y\u00f6nl\u00fcl\u00fc\u011f\u00fc ve dayan\u0131kl\u0131l\u0131\u011f\u0131, onlar\u0131 tar\u0131m sekt\u00f6r\u00fcndeki \u00e7e\u015fitli uygulamalar i\u00e7in pop\u00fcler bir se\u00e7im haline getirmektedir.<\/p>\n<h3>metal \u00e7ati paneli\u0307 rulo \u015feki\u0307llendi\u0307rme maki\u0307nesi\u0307 nasil \u00e7ali\u015fir?<\/h3>\n<p>Metal \u00e7at\u0131 paneli rulo \u015fekillendirme makinesi, metal \u00e7at\u0131 panellerini verimli ve do\u011fru bir \u015fekilde \u00fcretmek i\u00e7in tasarlanm\u0131\u015f \u00f6zel bir ekipman par\u00e7as\u0131d\u0131r. \u0130\u015fte bir metal \u00e7at\u0131 paneli rulo \u015fekillendirme makinesinin nas\u0131l \u00e7al\u0131\u015ft\u0131\u011f\u0131na dair genel bir bak\u0131\u015f:<\/p>\n<ol>\n<li>Malzeme Besleme: S\u00fcre\u00e7, tipik olarak makinenin ba\u015f\u0131nda bulunan bir a\u00e7\u0131c\u0131ya bir metal sac malzeme bobininin y\u00fcklenmesiyle ba\u015flar. Bobin, makine \u00e7al\u0131\u015ft\u0131k\u00e7a \u00e7\u00f6z\u00fcl\u00fcr ve s\u00fcrekli bir malzeme kayna\u011f\u0131 sa\u011flar.<\/li>\n<li>Malzeme Do\u011frultma ve Y\u00f6nlendirme: Metal levha, malzemedeki herhangi bir bobin setini veya d\u00fczensizli\u011fi gideren do\u011frultma silindirlerinden ge\u00e7er. Bu, sac\u0131n rulo \u015fekillendirme prosesine do\u011fru hizalama ile beslenmesini sa\u011flar. Giri\u015f k\u0131lavuzlar\u0131 ve yan k\u0131lavuzlar gibi k\u0131lavuzlama cihazlar\u0131, malzemenin \u015fekillendirme b\u00f6l\u00fcm\u00fcne girerken do\u011fru konumda kalmas\u0131na yard\u0131mc\u0131 olur.<\/li>\n<li>Rulo \u015eekillendirme \u0130stasyonlar\u0131: Makinenin kalbi rulo \u015fekillendirme istasyonlar\u0131 serisidir. Her istasyon, \u015fekillendirme merdaneleri veya merdane tak\u0131mlar\u0131 olarak da bilinen ve belirli bir s\u0131raya g\u00f6re d\u00fczenlenmi\u015f bir dizi merdaneden olu\u015fur. Bu merdaneler, metal levhay\u0131 i\u00e7lerinden ge\u00e7erken kademeli olarak istenen profile g\u00f6re \u015fekillendirir.<\/li>\n<li>A\u015famal\u0131 \u015eekillendirme: Metal levha, her bir rulo \u015fekillendirme istasyonundan ge\u00e7erken a\u015famal\u0131 olarak b\u00fck\u00fcl\u00fcr ve \u015fekillendirilir. Her bir merdane seti, \u00e7at\u0131 paneli profilinin belirli bir b\u00f6l\u00fcm\u00fcne katk\u0131da bulunur ve onu kademeli olarak gerekli boyutlara ve \u00f6zelliklere g\u00f6re \u015fekillendirir. Rulo \u015fekillendirme istasyonlar\u0131n\u0131n say\u0131s\u0131, \u00e7at\u0131 paneli profilinin karma\u015f\u0131kl\u0131\u011f\u0131na ba\u011fl\u0131 olarak de\u011fi\u015fir.<\/li>\n<li>Kesme ve Makaslama: Baz\u0131 durumlarda, makine bir kesme veya makaslama mekanizmas\u0131 i\u00e7erebilir. Bu, \u00e7at\u0131 panellerinin s\u00fcrekli bir rulo \u015fekillendirme i\u015fleminde \u00fcretilmeye devam ederken istenen uzunlukta kesilmesini sa\u011flar. Kesme mekanizmas\u0131 belirli bir istasyona veya rulo \u015fekillendirme hatt\u0131n\u0131n sonuna yerle\u015ftirilebilir.<\/li>\n<li>\u015eekillendirme Sonras\u0131 \u0130\u015flemler: Rulo \u015fekillendirme ve kesme i\u015flemlerinden sonra, \u00e7at\u0131 panellerinin i\u015flevselli\u011fini veya esteti\u011fini geli\u015ftirmek i\u00e7in ek i\u015flemler ger\u00e7ekle\u015ftirilebilir. Bu i\u015flemler kabartma, delik veya yuva a\u00e7ma, takviye nerv\u00fcrleri ekleme, kaplama uygulama veya di\u011fer \u00f6zelle\u015ftirilmi\u015f gereksinimleri i\u00e7erebilir.<\/li>\n<li>\u0130stifleme ve Paketleme: \u00c7at\u0131 panelleri olu\u015fturulduktan ve di\u011fer i\u015flemler tamamland\u0131ktan sonra, tipik olarak daha ileri ta\u015f\u0131ma veya paketleme i\u00e7in istiflenir veya toplan\u0131r. Bu, makinenin tasar\u0131m\u0131na ve istenen \u00e7\u0131kt\u0131ya ba\u011fl\u0131 olarak otomatik bir istifleme sistemi veya manuel m\u00fcdahale i\u00e7erebilir.<\/li>\n<\/ol>\n<p>S\u00fcre\u00e7 boyunca, modern rulo \u015fekillendirme makineleri genellikle makinenin operasyonlar\u0131n\u0131 kontrol etmek, parametreleri izlemek ve hassas ve tutarl\u0131 panel \u00fcretimi sa\u011flamak i\u00e7in bilgisayarl\u0131 say\u0131sal kontrol (CNC) sistemleri veya programlanabilir mant\u0131k kontrol\u00f6rleri (PLC'ler) i\u00e7erir.<\/p>\n<p>Metal \u00e7at\u0131 paneli rulo \u015fekillendirme makineleri, s\u00fcrekli bir rulo \u015fekillendirme i\u015flemi kullanarak, in\u015faat projelerinde kullan\u0131ma haz\u0131r, tutarl\u0131 \u015fekillere, boyutlara ve profillere sahip y\u00fcksek kaliteli \u00e7at\u0131 panellerini b\u00fcy\u00fck hacimlerde verimli bir \u015fekilde \u00fcretebilir.<\/p>","protected":false},"excerpt":{"rendered":"<p>Corrugated Panel Double Layer Machine Features Trapezoidal &amp; corrugated panel double layer machine\u00a0can produce two different kind shapes sheets according to the client&#8217;s profile drawings and requirements. The steel trapezoidal sheets are new building materials with various thickness and colors. Applications The finished products are used as the roof and walls of gymnasiums, airports, theatres, [&hellip;]<\/p>\n","protected":false},"featured_media":977,"comment_status":"open","ping_status":"closed","template":"","meta":{"_acf_changed":false},"product_brand":[],"product_cat":[84,45],"product_tag":[],"class_list":{"0":"post-974","1":"product","2":"type-product","3":"status-publish","4":"has-post-thumbnail","6":"product_cat-double-layer-panel-roll-forming-machine","7":"product_cat-metal-wall-roofing","9":"first","10":"instock","11":"shipping-taxable","12":"product-type-simple"},"acf":[],"_links":{"self":[{"href":"https:\/\/swforming.com\/tr\/wp-json\/wp\/v2\/product\/974","targetHints":{"allow":["GET"]}}],"collection":[{"href":"https:\/\/swforming.com\/tr\/wp-json\/wp\/v2\/product"}],"about":[{"href":"https:\/\/swforming.com\/tr\/wp-json\/wp\/v2\/types\/product"}],"replies":[{"embeddable":true,"href":"https:\/\/swforming.com\/tr\/wp-json\/wp\/v2\/comments?post=974"}],"version-history":[{"count":3,"href":"https:\/\/swforming.com\/tr\/wp-json\/wp\/v2\/product\/974\/revisions"}],"predecessor-version":[{"id":3224,"href":"https:\/\/swforming.com\/tr\/wp-json\/wp\/v2\/product\/974\/revisions\/3224"}],"wp:featuredmedia":[{"embeddable":true,"href":"https:\/\/swforming.com\/tr\/wp-json\/wp\/v2\/media\/977"}],"wp:attachment":[{"href":"https:\/\/swforming.com\/tr\/wp-json\/wp\/v2\/media?parent=974"}],"wp:term":[{"taxonomy":"product_brand","embeddable":true,"href":"https:\/\/swforming.com\/tr\/wp-json\/wp\/v2\/product_brand?post=974"},{"taxonomy":"product_cat","embeddable":true,"href":"https:\/\/swforming.com\/tr\/wp-json\/wp\/v2\/product_cat?post=974"},{"taxonomy":"product_tag","embeddable":true,"href":"https:\/\/swforming.com\/tr\/wp-json\/wp\/v2\/product_tag?post=974"}],"curies":[{"name":"wp","href":"https:\/\/api.w.org\/{rel}","templated":true}]}}