{"id":965,"date":"2022-09-29T06:42:34","date_gmt":"2022-09-29T06:42:34","guid":{"rendered":"https:\/\/swforming.com\/?post_type=product&#038;p=965"},"modified":"2025-03-06T18:48:37","modified_gmt":"2025-03-06T18:48:37","slug":"standing-seam-roof-panel-forming-machine","status":"publish","type":"product","link":"https:\/\/swforming.com\/tr\/product\/standing-seam-roof-panel-forming-machine\/","title":{"rendered":"Ayakta Diki\u015f \u00c7at\u0131 Paneli \u015eekillendirme Makinesi"},"content":{"rendered":"<h3>Ayakta Diki\u015f \u00c7at\u0131 Paneli \u015eekillendirme Makinesi \u00d6zellikleri \uff1a<\/h3>\n<p>Bu Ayakta diki\u015f \u00e7at\u0131 paneli \u015fekillendirme makinesi, \u00f6nceden boyanm\u0131\u015f sac \/ GI \/ GA ve al\u00fcminyum malzemeyi olu\u015fturmak i\u00e7in kullan\u0131l\u0131r. A\u00e7\u0131c\u0131, k\u0131lavuz besleyici, rulo \u015fekillendirme makinesi, hidrolik kesme makinesi, PLC kontrol sistemi, hidrolik staryon, \u00e7\u0131k\u0131\u015f masalar\u0131, otomatik diki\u015f makinesi ve k\u0131vr\u0131k makineden olu\u015fur (Opsiyon)<\/p>\n<h3>Uygulamalar<\/h3>\n<p>Bitmi\u015f \u00fcr\u00fcnler spor salonlar\u0131n\u0131n, havaalanlar\u0131n\u0131n, tiyatrolar\u0131n, fabrikalar\u0131n, depolar\u0131n, garajlar\u0131n, sergi merkezlerinin vb. \u00e7at\u0131 ve duvarlar\u0131 olarak kullan\u0131l\u0131r.<\/p>\n<h3>S\u00fcre\u00e7 Ak\u0131\u015f\u0131<\/h3>\n<p>A\u00e7ma - besleme - rulo \u015fekillendirme - kesme - \u00e7\u0131k\u0131\u015f - diki\u015f - k\u0131vr\u0131lma (opsiyon)<\/p>\n<h3>Makine Konfig\u00fcrasyonlar\u0131<\/h3>\n<div>\n<table>\n<tbody>\n<tr>\n<td data-sheets-value=\"{&quot;1&quot;:2,&quot;2&quot;:&quot;1. Uncoiler&quot;}\">1. A\u00e7\u0131c\u0131<\/td>\n<td data-sheets-value=\"{&quot;1&quot;:2,&quot;2&quot;:&quot;2. Guide feeder&quot;}\">\n<div>\n<div>2. K\u0131lavuz besleyici<\/div>\n<\/div>\n<\/td>\n<\/tr>\n<tr>\n<td data-sheets-value=\"{&quot;1&quot;:2,&quot;2&quot;:&quot;3. roll former&quot;}\">3. rulo \u015fekillendirici<\/td>\n<td data-sheets-value=\"{&quot;1&quot;:2,&quot;2&quot;:&quot;4. Hydraulic cutting machine&quot;}\">\n<div>\n<div>4. Hidrolik kesme makinesi<\/div>\n<\/div>\n<\/td>\n<\/tr>\n<tr>\n<td data-sheets-value=\"{&quot;1&quot;:2,&quot;2&quot;:&quot;5. PLC control system&quot;}\">5. PLC kontrol sistemi<\/td>\n<td data-sheets-value=\"{&quot;1&quot;:2,&quot;2&quot;:&quot;6. Hydraulic station&quot;}\">\n<div>\n<div>6. Hidrolik istasyon<\/div>\n<\/div>\n<\/td>\n<\/tr>\n<tr>\n<td data-sheets-value=\"{&quot;1&quot;:2,&quot;2&quot;:&quot;7. Output conveyor&quot;}\">7. \u00c7\u0131k\u0131\u015f konvey\u00f6r\u00fc<\/td>\n<td data-sheets-value=\"{&quot;1&quot;:2,&quot;2&quot;:&quot;8. Auto seamer&quot;}\">\n<div>\n<div>8. Otomatik diki\u015f makinesi<\/div>\n<\/div>\n<\/td>\n<\/tr>\n<tr>\n<td data-sheets-value=\"{&quot;1&quot;:2,&quot;2&quot;:&quot;9.Curving machine (option)&quot;}\">9. K\u0131v\u0131rma makinesi (opsiyon)<\/td>\n<td><\/td>\n<\/tr>\n<\/tbody>\n<\/table>\n<\/div>\n<h3>Referans i\u00e7in Profil \u00c7izimleri<\/h3>\n<p><img fetchpriority=\"high\" decoding=\"async\" class=\"alignnone size-full wp-image-968\" src=\"https:\/\/swforming.com\/wp-content\/uploads\/2022\/09\/07d29907-58d7-4cb0-b704-f4a83a8877f2.jpg\" alt=\"\" width=\"800\" height=\"292\" title=\"\" srcset=\"https:\/\/swforming.com\/wp-content\/uploads\/2022\/09\/07d29907-58d7-4cb0-b704-f4a83a8877f2.jpg 800w, https:\/\/swforming.com\/wp-content\/uploads\/2022\/09\/07d29907-58d7-4cb0-b704-f4a83a8877f2-600x219.jpg 600w, https:\/\/swforming.com\/wp-content\/uploads\/2022\/09\/07d29907-58d7-4cb0-b704-f4a83a8877f2-300x110.jpg 300w, https:\/\/swforming.com\/wp-content\/uploads\/2022\/09\/07d29907-58d7-4cb0-b704-f4a83a8877f2-768x280.jpg 768w\" sizes=\"(max-width: 800px) 100vw, 800px\" \/><\/p>\n<h3>Referans i\u00e7in Foto\u011fraflar<\/h3>\n<figure id=\"attachment_969\" aria-describedby=\"caption-attachment-969\" style=\"width: 280px\" class=\"wp-caption alignleft\"><img decoding=\"async\" class=\"wp-image-969 size-full\" src=\"https:\/\/swforming.com\/wp-content\/uploads\/2022\/09\/IMG_6481.jpg\" alt=\"\" width=\"280\" height=\"210\" title=\"\"><figcaption id=\"caption-attachment-969\" class=\"wp-caption-text\">Makine Test Noktas\u0131<\/figcaption><\/figure>\n<figure id=\"attachment_971\" aria-describedby=\"caption-attachment-971\" style=\"width: 280px\" class=\"wp-caption alignleft\"><img decoding=\"async\" class=\"wp-image-971 size-full\" src=\"https:\/\/swforming.com\/wp-content\/uploads\/2022\/09\/Standing-seam-roof-panel-forming-machine.jpg\" alt=\"\" width=\"280\" height=\"210\" title=\"\"><figcaption id=\"caption-attachment-971\" class=\"wp-caption-text\">MINI Ayakta Diki\u015f \u00c7at\u0131 Paneli Makinesi, Yerinde Ta\u015f\u0131ma ve Kald\u0131rmaya Uygun<\/figcaption><\/figure>\n<figure id=\"attachment_970\" aria-describedby=\"caption-attachment-970\" style=\"width: 280px\" class=\"wp-caption alignleft\"><img loading=\"lazy\" decoding=\"async\" class=\"wp-image-970 size-full\" src=\"https:\/\/swforming.com\/wp-content\/uploads\/2022\/09\/IMG_9992.jpg\" alt=\"\" width=\"280\" height=\"210\" title=\"\"><figcaption id=\"caption-attachment-970\" class=\"wp-caption-text\">Sabitleme i\u00e7in Klipsler<\/figcaption><\/figure>\n<p>&nbsp;<\/p>\n<p>&nbsp;<\/p>\n<p>&nbsp;<\/p>\n<p>&nbsp;<\/p>\n<p>&nbsp;<\/p>\n<p>&nbsp;<\/p>\n<p>&nbsp;<\/p>\n<h3>Diki\u015fli rulo \u015fekillendirme makinesi nedir?<\/h3>\n<p>Kenet rulo \u015fekillendirme makinesi, in\u015faat sekt\u00f6r\u00fcnde kenet metal \u00e7at\u0131 panelleri \u00fcretmek i\u00e7in kullan\u0131lan \u00f6zel bir ekipman par\u00e7as\u0131d\u0131r. Kenet \u00e7at\u0131lar dayan\u0131kl\u0131l\u0131klar\u0131, hava ko\u015fullar\u0131na dayan\u0131kl\u0131l\u0131klar\u0131 ve estetik \u00e7ekicilikleriyle pop\u00fclerdir. Birbirine ge\u00e7meli diki\u015flerle ba\u011flanan dikey metal panellerden olu\u015furlar ve su ge\u00e7irmez ve g\u00fcvenli bir \u00e7at\u0131 sistemi sa\u011flarlar.<\/p>\n<p>Rulo \u015fekillendirme makinesi, d\u00fcz metal bobinleri istenen dikme profiline d\u00f6n\u00fc\u015ft\u00fcrmek i\u00e7in tasarlanm\u0131\u015ft\u0131r. Tipik olarak, makineden ge\u00e7erken metali kademeli olarak \u015fekillendiren bir dizi silindir ve kal\u0131ptan olu\u015fur. Makine, metal bobinin makineye beslendi\u011fi ve \u015fekillendirilen panellerin istenen uzunlukta kesildi\u011fi s\u00fcrekli bir s\u00fcre\u00e7te \u00e7al\u0131\u015f\u0131r.<\/p>\n<p>Diki\u015fli rulo \u015fekillendirme makinesinin temel \u00f6zellikleri \u015funlard\u0131r:<\/p>\n<ol>\n<li>Giri\u015f b\u00f6l\u00fcm\u00fc: Buras\u0131 d\u00fcz metal bobinin i\u015flenmek \u00fczere makineye beslendi\u011fi yerdir.<\/li>\n<li>Silindirler ve kal\u0131plar: Metal bobin, metali kademeli olarak b\u00fcken ve istenen diki\u015f profiline g\u00f6re \u015fekillendiren bir dizi silindir ve kal\u0131ptan ge\u00e7er.<\/li>\n<li>Panel kesme sistemi: Paneller olu\u015fturulduktan sonra, makine bunlar\u0131 istenen uzunlukta kesmek i\u00e7in bir kesme sistemi i\u00e7erir.<\/li>\n<li>Kontrol sistemi: Makine, operat\u00f6rlerin panel boyutlar\u0131, diki\u015f profilleri ve kesim uzunluklar\u0131 gibi parametreleri ayarlamas\u0131na olanak tan\u0131yan bir kontrol paneli ile donat\u0131lm\u0131\u015ft\u0131r.<\/li>\n<li>Malzeme ta\u015f\u0131ma sistemi: Makine, bobin y\u00fckleme ve bo\u015faltma sistemlerinin yan\u0131 s\u0131ra \u015fekillendirme i\u015flemi s\u0131ras\u0131nda metali y\u00f6nlendirmek ve desteklemek i\u00e7in mekanizmalar i\u00e7erebilir.<\/li>\n<\/ol>\n<p>\u00c7at\u0131 kaplama \u00fcreticileri, kenet rulo \u015fekillendirme makinesi kullanarak tutarl\u0131 boyutlara ve profillere sahip y\u00fcksek kaliteli, \u00f6zel uzunlukta kenet paneller \u00fcretebilir. Bu makine i\u015f\u00e7ilik maliyetlerini \u00f6nemli \u00f6l\u00e7\u00fcde azalt\u0131r ve geleneksel manuel kenet panelleri olu\u015fturma y\u00f6ntemlerine k\u0131yasla \u00fcretim verimlili\u011fini art\u0131r\u0131r.<\/p>\n<h3>dikme diki\u015f \u00e7at\u0131 paneli rulo \u015fekillendirme makinesi nas\u0131l kullan\u0131l\u0131r?<\/h3>\n<p>Diki\u015fli \u00e7at\u0131 paneli rulo \u015fekillendirme makinesinin kullan\u0131lmas\u0131 tipik olarak a\u015fa\u011f\u0131daki ad\u0131mlar\u0131 i\u00e7erir:<\/p>\n<ol>\n<li>Makineyi kurun: Makinenin d\u00fczg\u00fcn bir \u015fekilde kuruldu\u011fundan ve g\u00fcvenli bir \u015fekilde yerle\u015ftirildi\u011finden emin olun. Acil durdurma d\u00fc\u011fmeleri ve g\u00fcvenlik koruyucular\u0131 gibi t\u00fcm g\u00fcvenlik \u00f6nlemlerinin yerinde oldu\u011fundan emin olun.<\/li>\n<li>Metal bobini haz\u0131rlay\u0131n: D\u00fcz metal bobini makinenin bobin tutucusuna veya besleme sistemine y\u00fckleyin. Bobinin makineye d\u00fczg\u00fcn bir \u015fekilde beslenmesi i\u00e7in d\u00fczg\u00fcn bir \u015fekilde hizaland\u0131\u011f\u0131ndan ve konumland\u0131r\u0131ld\u0131\u011f\u0131ndan emin olun.<\/li>\n<li>Makine ayarlar\u0131n\u0131 yap\u0131n: Diki\u015fli paneller i\u00e7in istenen parametreleri ayarlamak i\u00e7in kontrol panelini veya aray\u00fcz\u00fc kullan\u0131n. Bu, panel geni\u015fli\u011fi, diki\u015f profili ve kesim uzunlu\u011fu gibi \u00f6zellikleri i\u00e7erir. Kulland\u0131\u011f\u0131n\u0131z \u00f6zel makine i\u00e7in \u00fcreticinin talimatlar\u0131n\u0131 izleyin.<\/li>\n<li>Makineyi \u00e7al\u0131\u015ft\u0131r\u0131n: Makine kurulduktan ve parametreler ayarland\u0131ktan sonra, makinenin \u00e7al\u0131\u015fmas\u0131n\u0131 ba\u015flat\u0131n. Metal bobin makineye beslenmeye ba\u015flayacak ve silindirler ve kal\u0131plar metali kademeli olarak dikme diki\u015f profiline d\u00f6n\u00fc\u015ft\u00fcrecektir.<\/li>\n<li>\u00c7al\u0131\u015fmay\u0131 izleyin: \u00c7al\u0131\u015fma s\u0131ras\u0131nda makinenin performans\u0131n\u0131 ve olu\u015fturulan panellerin kalitesini dikkatle g\u00f6zlemleyin. Panellerin yanl\u0131\u015f hizalanmas\u0131 veya deformasyonu gibi ortaya \u00e7\u0131kabilecek anormallikleri veya sorunlar\u0131 kontrol edin.<\/li>\n<li>Panelleri kesin: Diki\u015f panellerinin istenen uzunlu\u011fu olu\u015fturulduktan sonra, makine panelleri kesmek i\u00e7in bir kesme sistemine sahip olacakt\u0131r. Panelleri do\u011fru ve temiz bir \u015fekilde kesmek i\u00e7in kesme mekanizmas\u0131n\u0131n d\u00fczg\u00fcn bir \u015fekilde ayarland\u0131\u011f\u0131ndan ve hizaland\u0131\u011f\u0131ndan emin olun.<\/li>\n<li>Bitmi\u015f panelleri toplay\u0131n: Paneller kesildikten sonra makineden bo\u015falt\u0131lacakt\u0131r. Bitmi\u015f panelleri toplay\u0131n ve g\u00fcvenli ve d\u00fczenli bir \u015fekilde istifleyin.<\/li>\n<li>\u0130\u015flemi tekrarlay\u0131n: \u0130\u015flenecek ilave metal bobinler varsa, her bobin i\u00e7in yukar\u0131daki ad\u0131mlar\u0131 tekrarlay\u0131n. \u0130\u015flem boyunca makinenin performans\u0131n\u0131 izledi\u011finizden ve herhangi bir sorunu derhal ele ald\u0131\u011f\u0131n\u0131zdan emin olun.<\/li>\n<\/ol>\n<p>Belirli ad\u0131mlar\u0131n ve prosed\u00fcrlerin, dik diki\u015f rulo \u015fekillendirme makinesinin \u00fcreticisine ve modeline ba\u011fl\u0131 olarak de\u011fi\u015febilece\u011fini unutmamak \u00f6nemlidir. G\u00fcvenli ve verimli \u00e7al\u0131\u015fma i\u00e7in her zaman makinenin kullan\u0131m k\u0131lavuzuna bak\u0131n ve \u00fcreticinin talimatlar\u0131n\u0131 izleyin. Ayr\u0131ca, en iyi sonu\u00e7lar\u0131 elde etmek i\u00e7in uygun e\u011fitim ve belirli bir makineye a\u015final\u0131k \u015fartt\u0131r.<\/p>\n<h3>ge\u00e7meli\u0307 ki\u0307li\u0307t ayakta di\u0307ki\u0307\u015f rulo \u015feki\u0307llendi\u0307rme maki\u0307nesi\u0307 uygulamasi<\/h3>\n<p>Ge\u00e7meli kilit kenet rulo \u015fekillendirme makinesi, ge\u00e7meli kilit kenet \u00e7at\u0131 panelleri \u00fcretmek i\u00e7in \u00f6zel olarak tasarlanm\u0131\u015ft\u0131r. Ge\u00e7meli kilit kenet \u00e7at\u0131lar, panellerin ayr\u0131 ba\u011flant\u0131 elemanlar\u0131 veya klipslere ihtiya\u00e7 duymadan birbirine kenetlendi\u011fi kenet \u00e7at\u0131lar\u0131n bir \u00e7e\u015fididir. Paneller yerine \"oturarak\" g\u00fcvenli ve su ge\u00e7irmez bir ba\u011flant\u0131 olu\u015fturur.<\/p>\n<p>Ge\u00e7meli kilit dikme diki\u015f rulo \u015fekillendirme makinesinin uygulamas\u0131 \u00f6ncelikle konut, ticari ve end\u00fcstriyel binalar i\u00e7in ge\u00e7meli kilit dikme diki\u015f \u00e7at\u0131 panelleri \u00fcretmeye odaklanm\u0131\u015ft\u0131r. \u00c7\u0131t\u00e7\u0131tl\u0131 kenet \u00e7at\u0131lar\u0131n baz\u0131 temel uygulamalar\u0131 \u015funlard\u0131r:<\/p>\n<ol>\n<li>\u00c7at\u0131 Kaplama: Ge\u00e7me kilitli kenetli \u00e7at\u0131lar, \u00e7e\u015fitli bina tipleri i\u00e7in yayg\u0131n bir \u00e7at\u0131 kaplama \u00e7\u00f6z\u00fcm\u00fc olarak kullan\u0131l\u0131r. \u015e\u0131k ve modern bir g\u00f6r\u00fcn\u00fcm sa\u011flarlar ve m\u00fckemmel hava direnci ve dayan\u0131kl\u0131l\u0131k sunarlar.<\/li>\n<li>Konut binalar\u0131: Ge\u00e7me kilitli kenet \u00e7at\u0131lar evler, apartmanlar ve apartman daireleri dahil olmak \u00fczere konut m\u00fclkleri i\u00e7in pop\u00fclerdir. Uzun \u00f6m\u00fcrl\u00fc koruma sa\u011flarken bir evin kald\u0131r\u0131m \u00e7ekicili\u011fini art\u0131rabilirler.<\/li>\n<li>Ticari ve end\u00fcstriyel binalar: Depolar, fabrikalar ve ofis binalar\u0131 gibi bir\u00e7ok ticari ve end\u00fcstriyel yap\u0131 ge\u00e7meli kenet \u00e7at\u0131lar\u0131 tercih etmektedir. Bu \u00e7at\u0131lar ola\u011fan\u00fcst\u00fc g\u00fc\u00e7 sunar ve ticari uygulamalar\u0131n zorluklar\u0131na dayanabilir.<\/li>\n<li>Mimari projeler: Ge\u00e7me kilitli kenet \u00e7at\u0131lar genellikle esteti\u011fin \u00f6nemli bir rol oynad\u0131\u011f\u0131 mimari projeler i\u00e7in se\u00e7ilir. Temiz hatlar\u0131 ve \u00e7a\u011fda\u015f g\u00f6r\u00fcn\u00fcmleri, bir binan\u0131n genel tasar\u0131m\u0131na ve g\u00f6rsel \u00e7ekicili\u011fine katk\u0131da bulunabilir.<\/li>\n<li>G\u00fc\u00e7lendirme: Ge\u00e7me kilitli kenet \u00e7at\u0131lar mevcut binalar\u0131n g\u00fc\u00e7lendirilmesi i\u00e7in kullan\u0131labilir. \u00c7at\u0131 sistemini geli\u015fmi\u015f performans ve enerji verimlili\u011fi ile y\u00fckseltmek i\u00e7in bir f\u0131rsat sa\u011flarlar.<\/li>\n<\/ol>\n<p>\u00c7\u0131t\u00e7\u0131tl\u0131 kenet rulo \u015fekillendirme makinesi, \u00e7\u0131t\u00e7\u0131tl\u0131 panellerin verimli ve hassas bir \u015fekilde \u00fcretilmesini sa\u011flayarak tutarl\u0131 kalite ve boyutlar sa\u011flar. \u00dcreticiler bu makineyi kullanarak \u00fcretim s\u00fcrecini kolayla\u015ft\u0131rabilir ve \u00e7e\u015fitli in\u015faat projelerinde ge\u00e7me kilitli kenet \u00e7at\u0131 panellerine olan talebi kar\u015f\u0131layabilir.<\/p>","protected":false},"excerpt":{"rendered":"<p>Standing Seam Roof Panel Forming Machine Features\uff1a This Standing seam roof panel forming machine is used to form the pre-painted sheet\/GI\/GA and aluminum material. It is composed of the uncoiler, guide feeder, roll forming machine, hydraulic cutting machine, PLC control sys tem,hydraulic starion,output tables,auto seamer, and curving machine (Option) Applications The finished products are used [&hellip;]<\/p>\n","protected":false},"featured_media":972,"comment_status":"open","ping_status":"closed","template":"","meta":{"_acf_changed":false},"product_brand":[],"product_cat":[80,45,114],"product_tag":[],"class_list":{"0":"post-965","1":"product","2":"type-product","3":"status-publish","4":"has-post-thumbnail","6":"product_cat-bemo-roof-panel-roll-forming-machine","7":"product_cat-metal-wall-roofing","8":"product_cat-roll-former","10":"first","11":"instock","12":"shipping-taxable","13":"product-type-simple"},"acf":[],"_links":{"self":[{"href":"https:\/\/swforming.com\/tr\/wp-json\/wp\/v2\/product\/965","targetHints":{"allow":["GET"]}}],"collection":[{"href":"https:\/\/swforming.com\/tr\/wp-json\/wp\/v2\/product"}],"about":[{"href":"https:\/\/swforming.com\/tr\/wp-json\/wp\/v2\/types\/product"}],"replies":[{"embeddable":true,"href":"https:\/\/swforming.com\/tr\/wp-json\/wp\/v2\/comments?post=965"}],"version-history":[{"count":3,"href":"https:\/\/swforming.com\/tr\/wp-json\/wp\/v2\/product\/965\/revisions"}],"predecessor-version":[{"id":3315,"href":"https:\/\/swforming.com\/tr\/wp-json\/wp\/v2\/product\/965\/revisions\/3315"}],"wp:featuredmedia":[{"embeddable":true,"href":"https:\/\/swforming.com\/tr\/wp-json\/wp\/v2\/media\/972"}],"wp:attachment":[{"href":"https:\/\/swforming.com\/tr\/wp-json\/wp\/v2\/media?parent=965"}],"wp:term":[{"taxonomy":"product_brand","embeddable":true,"href":"https:\/\/swforming.com\/tr\/wp-json\/wp\/v2\/product_brand?post=965"},{"taxonomy":"product_cat","embeddable":true,"href":"https:\/\/swforming.com\/tr\/wp-json\/wp\/v2\/product_cat?post=965"},{"taxonomy":"product_tag","embeddable":true,"href":"https:\/\/swforming.com\/tr\/wp-json\/wp\/v2\/product_tag?post=965"}],"curies":[{"name":"wp","href":"https:\/\/api.w.org\/{rel}","templated":true}]}}