{"id":960,"date":"2022-09-29T06:26:28","date_gmt":"2022-09-29T06:26:28","guid":{"rendered":"https:\/\/swforming.com\/?post_type=product&#038;p=960"},"modified":"2023-06-26T03:42:54","modified_gmt":"2023-06-26T03:42:54","slug":"scaffolding-walk-board-roll-forming-machine","status":"publish","type":"product","link":"https:\/\/swforming.com\/tr\/product\/scaffolding-walk-board-roll-forming-machine\/","title":{"rendered":"\u0130skele y\u00fcr\u00fcy\u00fc\u015f tahtas\u0131 rulo \u015fekillendirme makinesi"},"content":{"rendered":"<h3>\u0130skele y\u00fcr\u00fcy\u00fc\u015f tahtas\u0131 rulo \u015fekillendirme makinesi \u00d6zellikler:<\/h3>\n<p>Metaldeck iskele, boru \u015feklindeki iskeleler i\u00e7in devrim niteli\u011finde bir metal zemin kaplamas\u0131 eri\u015fim platformudur ve ilk tan\u0131t\u0131ld\u0131\u011f\u0131 g\u00fcnden bu yana g\u00fcvenilir ve emniyetli performans\u0131yla \u00fcn kazanm\u0131\u015ft\u0131r. G\u00fc\u00e7l\u00fc ancak hafif galvanizli metal iskele g\u00fcvertesi art\u0131k sekt\u00f6rde geleneksel ah\u015fap yerine yayg\u0131n olarak kullan\u0131lmaktad\u0131r.<\/p>\n<p>METALDECK, \u00e7er\u00e7evelerini k\u00f6pr\u00fclemek (yaymak) ve yatay bir seviye (\u00e7al\u0131\u015fma alan\u0131 platformu) olu\u015fturmak i\u00e7in iskele taraf\u0131ndan yerle\u015ftirilir. \u0130skele \u00e7er\u00e7evesinin yan taraf\u0131na yerle\u015ftirme s\u0131ras\u0131nda, g\u00fcvenli yerle\u015ftirmeyi sa\u011flamak ve istem d\u0131\u015f\u0131 y\u00fckselmesini \u00f6nlemek i\u00e7in her bir METALDECK altta belirli bir g\u00fcvenlik pimi ile \"sabitlenmelidir\".<\/p>\n<p>Metaldeck \u0130skele Rulo \u015eekillendirme Makinesi, sar\u0131c\u0131, k\u0131lavuz raf, d\u00fczle\u015ftirici, d\u00fczle\u015ftirme, s\u00fcrekli delme makinesi, rulo \u015fekillendirme, d\u00fczeltme, boy kesme (delme), toplama masas\u0131, elektrik kontrol sistemi vb.<\/p>\n<h3>Uygulamalar<\/h3>\n<p>Metaldeck iskele in\u015faat alan\u0131nda yayg\u0131n olarak kullan\u0131lmaktad\u0131r.<\/p>\n<h3>S\u00fcre\u00e7 Ak\u0131\u015f\u0131<\/h3>\n<p>A\u00e7ma -- Tesviye -- Delme -- Rulo \u015eekillendirme -- Kesme -- Rou out Tablas\u0131<\/p>\n<h3>Makine Konfig\u00fcrasyonlar\u0131<\/h3>\n<div style=\"overflow-x: auto;\">\n<p>&nbsp;<\/p>\n<table>\n<tbody>\n<tr>\n<td data-sheets-value=\"{&quot;1&quot;:2,&quot;2&quot;:&quot;1. Hydraulic Uncoiler&quot;}\">1. Hidrolik A\u00e7\u0131c\u0131<\/td>\n<td data-sheets-value=\"{&quot;1&quot;:2,&quot;2&quot;:&quot;2. Side Guide&quot;}\">2. Yan K\u0131lavuz<\/td>\n<\/tr>\n<tr>\n<td data-sheets-value=\"{&quot;1&quot;:2,&quot;2&quot;:&quot;3. Leveling Device&quot;}\">3. Tesviye Cihaz\u0131<\/td>\n<td data-sheets-value=\"{&quot;1&quot;:2,&quot;2&quot;:&quot;4. Continuous Punching Unit&quot;}\">\n<div>\n<div>4. S\u00fcrekli Delme \u00dcnitesi<\/div>\n<\/div>\n<\/td>\n<\/tr>\n<tr>\n<td data-sheets-value=\"{&quot;1&quot;:2,&quot;2&quot;:&quot;5. Rollforming Part&quot;}\">5. Rulo \u015eekillendirme Par\u00e7as\u0131<\/td>\n<td data-sheets-value=\"{&quot;1&quot;:2,&quot;2&quot;:&quot;6. Cutting Device&quot;}\">\n<div>\n<div>6. Kesme Cihaz\u0131<\/div>\n<\/div>\n<\/td>\n<\/tr>\n<tr>\n<td data-sheets-value=\"{&quot;1&quot;:2,&quot;2&quot;:&quot;7. Run Out Table&quot;}\">7. Ka\u00e7\u0131\u015f Tablosu<\/td>\n<td><\/td>\n<\/tr>\n<\/tbody>\n<\/table>\n<\/div>\n<h3>Referans i\u00e7in Profil \u00c7izimleri<\/h3>\n<p><img fetchpriority=\"high\" decoding=\"async\" class=\"alignnone size-full wp-image-961\" src=\"https:\/\/swforming.com\/wp-content\/uploads\/2022\/09\/b7db3b0b-7e56-4e93-b451-f8dec8d87722.jpg\" alt=\"\" width=\"800\" height=\"836\" title=\"\" srcset=\"https:\/\/swforming.com\/wp-content\/uploads\/2022\/09\/b7db3b0b-7e56-4e93-b451-f8dec8d87722.jpg 800w, https:\/\/swforming.com\/wp-content\/uploads\/2022\/09\/b7db3b0b-7e56-4e93-b451-f8dec8d87722-600x627.jpg 600w, https:\/\/swforming.com\/wp-content\/uploads\/2022\/09\/b7db3b0b-7e56-4e93-b451-f8dec8d87722-287x300.jpg 287w, https:\/\/swforming.com\/wp-content\/uploads\/2022\/09\/b7db3b0b-7e56-4e93-b451-f8dec8d87722-768x803.jpg 768w\" sizes=\"(max-width: 800px) 100vw, 800px\" \/><\/p>\n<h3>Referans i\u00e7in Foto\u011fraflar<\/h3>\n<p><img decoding=\"async\" class=\"alignnone size-full wp-image-962\" src=\"https:\/\/swforming.com\/wp-content\/uploads\/2022\/09\/2a663cde-bc54-47df-aa52-be8198a03523.jpg\" alt=\"\" width=\"800\" height=\"730\" title=\"\" srcset=\"https:\/\/swforming.com\/wp-content\/uploads\/2022\/09\/2a663cde-bc54-47df-aa52-be8198a03523.jpg 800w, https:\/\/swforming.com\/wp-content\/uploads\/2022\/09\/2a663cde-bc54-47df-aa52-be8198a03523-600x548.jpg 600w, https:\/\/swforming.com\/wp-content\/uploads\/2022\/09\/2a663cde-bc54-47df-aa52-be8198a03523-300x274.jpg 300w, https:\/\/swforming.com\/wp-content\/uploads\/2022\/09\/2a663cde-bc54-47df-aa52-be8198a03523-768x701.jpg 768w\" sizes=\"(max-width: 800px) 100vw, 800px\" \/><\/p>\n<h3>Ta\u015f\u0131ma tahtas\u0131 rulo \u015fekillendirme makinesi nedir?<\/h3>\n<p>Bir ta\u015f\u0131ma tahtas\u0131 rulo \u015fekillendirme makinesi, rulo \u015fekillendirme olarak bilinen bir i\u015flemle ta\u015f\u0131ma tahtalar\u0131 \u00fcretmek i\u00e7in kullan\u0131lan bir t\u00fcr end\u00fcstriyel makinedir.<\/p>\n<p>Ta\u015f\u0131ma tahtalar\u0131, tipik olarak in\u015faat sekt\u00f6r\u00fcnde binalar i\u00e7in d\u0131\u015f cephe kaplamas\u0131, b\u00f6lmeler veya dekoratif elemanlar gibi \u00e7e\u015fitli ama\u00e7lar i\u00e7in kullan\u0131lan uzun, d\u00fcz panellerdir. Genellikle metal veya plastik gibi malzemelerden yap\u0131l\u0131rlar.<\/p>\n<p>Rulo \u015fekillendirme makinesi, \u00f6zellikle ta\u015f\u0131ma levhalar\u0131n\u0131n \u00fcretimi i\u00e7in tasarlanm\u0131\u015ft\u0131r. S\u0131ral\u0131 bir \u015fekilde d\u00fczenlenmi\u015f bir dizi silindir ve kal\u0131ptan olu\u015fur. Metal bobin veya plastik levha gibi hammadde makineye beslenir ve silindirlerden ge\u00e7erken bir dizi b\u00fckme, \u015fekillendirme ve kesme i\u015flemine tabi tutulur.<\/p>\n<p>Makinedeki silindirler ve kal\u0131plar, malzemeyi a\u015famal\u0131 olarak istenen profile \u015fekillendirmek i\u00e7in stratejik olarak tasarlanm\u0131\u015ft\u0131r. Her bir silindir seti, oluklar veya di\u011fer dekoratif desenler gibi ta\u015f\u0131y\u0131c\u0131 levhan\u0131n belirli bir b\u00f6l\u00fcm\u00fcn\u00fc olu\u015fturmaktan sorumludur. Malzeme s\u00fcrekli olarak makineden beslenir ve ilerledik\u00e7e hatt\u0131n sonuna ula\u015fana kadar gerekli i\u015flemlerden ge\u00e7er.<\/p>\n<p>Ta\u015f\u0131y\u0131c\u0131 levha rulo \u015fekillendirme makinesi genellikle otomatiktir ve \u00fcretim s\u00fcrecinde hassasiyet ve tutarl\u0131l\u0131k sa\u011flamak i\u00e7in \u00e7e\u015fitli kontrol sistemleriyle donat\u0131lm\u0131\u015ft\u0131r. Ta\u015f\u0131y\u0131c\u0131 levhalar\u0131 b\u00fcy\u00fck miktarlarda ve y\u00fcksek h\u0131zlarda \u00fcretebilir, bu da onu seri \u00fcretim i\u00e7in verimli bir \u00e7\u00f6z\u00fcm haline getirir.<\/p>\n<p>Genel olarak, ta\u015f\u0131y\u0131c\u0131 levha rulo \u015fekillendirme makinesi, in\u015faat sekt\u00f6r\u00fcnde belirli profillere ve boyutlara sahip ta\u015f\u0131y\u0131c\u0131 levhalar \u00fcretmek i\u00e7in kullan\u0131lan \u00f6zel bir ekipman par\u00e7as\u0131d\u0131r ve uygun maliyetli ve verimli bir \u00fcretim \u00e7\u00f6z\u00fcm\u00fc sunar.<\/p>\n<h3>Sac metal rulo \u015fekillendirme makinelerinin ana uygulamalar\u0131 nelerdir?<\/h3>\n<p>Sac rulo \u015fekillendirme makineleri \u00e7e\u015fitli end\u00fcstrilerde geni\u015f bir uygulama alan\u0131na sahiptir. Ana uygulamalardan baz\u0131lar\u0131 \u015funlard\u0131r:<\/p>\n<ol>\n<li>\u0130n\u015faat ve Mimarl\u0131k: Rulo \u015fekillendirme makineleri in\u015faat sekt\u00f6r\u00fcnde \u00e7at\u0131 kaplama levhalar\u0131, duvar panelleri, kaplama sistemleri, oluklar ve di\u011fer yap\u0131sal bile\u015fenlerin \u00fcretimi i\u00e7in yayg\u0131n olarak kullan\u0131lmaktad\u0131r. Bu makineler farkl\u0131 \u015fekil, boyut ve y\u00fczeylere sahip profiller \u00fcretebilir ve mimari tasar\u0131mlar i\u00e7in \u00e7ok y\u00f6nl\u00fc \u00e7\u00f6z\u00fcmler sunar.<\/li>\n<li>Otomotiv End\u00fcstrisi: Rulo \u015fekillendirme makineleri, otomotiv sekt\u00f6r\u00fcnde kap\u0131 \u00e7er\u00e7eveleri, pencere kanallar\u0131, tavan raylar\u0131, tampon kiri\u015fleri ve di\u011fer yap\u0131sal bile\u015fenler gibi par\u00e7alar\u0131n \u00fcretiminde \u00f6nemli bir rol oynamaktad\u0131r. Makineler y\u00fcksek mukavemetli malzemeleri i\u015fleyebilir ve otomotiv g\u00f6vde \u00e7er\u00e7eveleri ve \u015fasileri i\u00e7in gerekli karma\u015f\u0131k profilleri \u00fcretebilir.<\/li>\n<li>HVAC (Is\u0131tma, Havaland\u0131rma ve \u0130klimlendirme): Sac rulo \u015fekillendirme makineleri HVAC end\u00fcstrisinde kanal, havaland\u0131rma borular\u0131, hava dif\u00fcz\u00f6rleri ve di\u011fer bile\u015fenleri \u00fcretmek i\u00e7in kullan\u0131l\u0131r. Makineler, tutarl\u0131 boyutlara sahip hassas profiller \u00fcreterek verimli hava ak\u0131\u015f\u0131 ve HVAC sistemlerinin d\u00fczg\u00fcn \u00e7al\u0131\u015fmas\u0131n\u0131 sa\u011flar.<\/li>\n<li>Mobilya \u0130malat\u0131: Rulo \u015fekillendirme makineleri, mobilya yap\u0131m\u0131nda kullan\u0131lan \u00e7e\u015fitli metal bile\u015fenleri \u00fcretmek i\u00e7in mobilya end\u00fcstrisinde uygulama alan\u0131 bulur. Bunlar yatak \u00e7er\u00e7eveleri, raflar, masa ayaklar\u0131 ve di\u011fer yap\u0131sal elemanlar i\u00e7in profilleri i\u00e7erir. Makineler, \u00f6zel tasar\u0131m gereksinimlerini kar\u015f\u0131lamak i\u00e7in \u00f6zelle\u015ftirilmi\u015f profiller olu\u015fturabilir.<\/li>\n<li>Elektrik Muhafazalar\u0131 ve Panolar\u0131: Rulo \u015fekillendirme makineleri elektrik muhafazalar\u0131, kontrol panelleri, \u015falt dolaplar\u0131 ve di\u011fer elektrikli ekipman muhafazalar\u0131n\u0131n \u00fcretiminde kullan\u0131l\u0131r. Makineler, sac metali do\u011fru boyutlara sahip profillere d\u00f6n\u00fc\u015ft\u00fcrebilir ve bile\u015fen montaj\u0131 ve kablolama i\u00e7in gerekli yuvalar\u0131, delikleri ve di\u011fer \u00f6zellikleri sa\u011flayabilir.<\/li>\n<li>Raf ve Raf Sistemleri: Rulo \u015fekillendirme makineleri raf \u00fcniteleri, raf sistemleri ve depolama \u00e7\u00f6z\u00fcmlerinin \u00fcretiminde kullan\u0131l\u0131r. Makineler raflar, kiri\u015fler, dikmeler ve di\u011fer bile\u015fenler i\u00e7in profiller \u00fcretebilir ve depolarda, perakende sat\u0131\u015f alanlar\u0131nda ve end\u00fcstriyel ortamlarda mallar\u0131n verimli bir \u015fekilde depolanmas\u0131na ve d\u00fczenlenmesine olanak tan\u0131r.<\/li>\n<li>G\u00fcne\u015f Enerjisi End\u00fcstrisi: Rulo \u015fekillendirme makineleri, g\u00fcne\u015f panelleri i\u00e7in montaj yap\u0131lar\u0131 ve \u00e7er\u00e7evelerin \u00fcretiminde kullan\u0131l\u0131r. Makineler g\u00fc\u00e7l\u00fc, dayan\u0131kl\u0131 ve \u00e7evresel ko\u015fullara dayanabilen profiller olu\u015fturabilir, g\u00fcne\u015f enerjisi sistemleri i\u00e7in destek ve stabilite sa\u011flar.<\/li>\n<\/ol>\n<p>Bunlar, sac metal rulo \u015fekillendirme makinelerinin bir\u00e7ok uygulamas\u0131ndan sadece birka\u00e7 \u00f6rnektir. \u00c7ok y\u00f6nl\u00fcl\u00fckleri, verimlilikleri ve tutarl\u0131 ve y\u00fcksek kaliteli profiller \u00fcretme yetenekleri, onlar\u0131 \u00e7e\u015fitli end\u00fcstrilerde de\u011ferli ekipmanlar haline getirmektedir.<\/p>\n<h3>metal g\u00fcverte rulo \u015fekillendirme makinesinin i\u015flevi<\/h3>\n<p>Bir metal g\u00fcverte rulo \u015fekillendirme makinesi, in\u015faat sekt\u00f6r\u00fcnde kompozit zemin sistemleri i\u00e7in yap\u0131sal bir bile\u015fen olarak kullan\u0131lan metal g\u00fcverte levhalar\u0131n\u0131n \u00fcretimi i\u00e7in \u00f6zel olarak tasarlanm\u0131\u015ft\u0131r. Makine, ham maddeleri bitmi\u015f metal d\u00f6\u015feme levhalar\u0131na d\u00f6n\u00fc\u015ft\u00fcrmek i\u00e7in \u00e7e\u015fitli i\u015flevler yerine getirir:<\/p>\n<ol>\n<li>A\u00e7ma: Metal g\u00fcverte rulo \u015fekillendirme makinesi tipik olarak metal bobini \u00e7\u00f6zen ve makineye besleyen bir a\u00e7\u0131c\u0131ya sahiptir. Bu i\u015flev, \u00fcretim s\u00fcreci i\u00e7in s\u00fcrekli bir hammadde tedariki sa\u011flar.<\/li>\n<li>Malzeme Besleme: Makine daha sonra metal bobini bir dizi silindir ve k\u0131lavuz arac\u0131l\u0131\u011f\u0131yla besleyerek malzemenin \u015fekillendirme s\u00fcrecinde ilerlerken do\u011fru hizalanmas\u0131n\u0131 ve konumland\u0131r\u0131lmas\u0131n\u0131 sa\u011flar.<\/li>\n<li>Rulo \u015eekillendirme: Makinenin temel i\u015flevi, metal bobinin kademeli olarak metal g\u00fcverte sac\u0131n\u0131n istenen profiline g\u00f6re \u015fekillendirildi\u011fi rulo \u015fekillendirmedir. Rulo \u015fekillendirme i\u015flemi, gerekli konfig\u00fcrasyonu elde etmek i\u00e7in malzemeyi kademeli olarak b\u00fcken, \u015fekillendiren ve presleyen \u00e7ok say\u0131da silindir ve kal\u0131p \u00e7iftini i\u00e7erir. Silindirler ve kal\u0131plar, kabartma, sertle\u015ftirici nerv\u00fcrler ve kilitleme mekanizmalar\u0131 gibi belirli \u00f6zellikler olu\u015fturmak i\u00e7in stratejik olarak tasarlanm\u0131\u015ft\u0131r.<\/li>\n<li>Kesim: Metal g\u00fcverte sac\u0131 istenen uzunlu\u011fa ula\u015ft\u0131\u011f\u0131nda, makine sac\u0131 do\u011fru boyutta kesmek i\u00e7in bir kesme mekanizmas\u0131 i\u00e7erir. Bu, makinenin tasar\u0131m\u0131na ba\u011fl\u0131 olarak u\u00e7an bir kesme veya sabit bir makas kullan\u0131larak yap\u0131labilir.<\/li>\n<li>\u0130stifleme veya Bo\u015faltma: Metal g\u00fcverte sac\u0131 kesildikten sonra makine, kolay kullan\u0131m ve ta\u015f\u0131ma i\u00e7in bitmi\u015f saclar\u0131 d\u00fczg\u00fcn bir \u015fekilde istifleyen bir istifleme sistemine sahip olabilir. Alternatif olarak, makine saclar\u0131 bir konvey\u00f6re veya bitmi\u015f \u00fcr\u00fcn\u00fc toplamak i\u00e7in ba\u015fka bir araca bo\u015faltabilir.<\/li>\n<li>\u015eekillendirme Varyasyonlar\u0131: Metal g\u00fcverte rulo \u015fekillendirme makineleri genellikle farkl\u0131 profil ve boyutlarda metal g\u00fcverte levhalar\u0131 \u00fcretme kapasitesine sahiptir. Bu, silindirlerin, kal\u0131plar\u0131n ve kesme mekanizmalar\u0131n\u0131n ayarlar\u0131 ve konfig\u00fcrasyonlar\u0131 ayarlanarak elde edilebilir ve \u00e7e\u015fitli metal g\u00fcverte levhalar\u0131n\u0131n \u00fcretiminde \u00e7ok y\u00f6nl\u00fcl\u00fc\u011fe izin verir.<\/li>\n<\/ol>\n<p>Genel olarak, metal g\u00fcverte rulo \u015fekillendirme makinesi, in\u015faat sekt\u00f6r\u00fcnde kompozit zemin sistemlerinde kullan\u0131lan metal g\u00fcverte levhalar\u0131n\u0131 verimli bir \u015fekilde \u00fcretmek i\u00e7in a\u00e7ma, malzeme besleme, rulo \u015fekillendirme, kesme ve istifleme \/ bo\u015faltma dahil olmak \u00fczere \u00e7e\u015fitli i\u015flevleri birle\u015ftirir. Bu makineler, metal tabliye levhalar\u0131n\u0131n hassas ve tutarl\u0131 bir \u015fekilde \u00fcretilmesini sa\u011flayarak binalar i\u00e7in y\u00fcksek kaliteli ve g\u00fcvenilir yap\u0131sal bile\u015fenler sa\u011flar.<\/p>","protected":false},"excerpt":{"rendered":"<p>Sat\u0131l\u0131k iskele y\u00fcr\u00fcy\u00fc\u015f tahtas\u0131 rulo \u015fekillendirme makinesi. OEM ve Toptan Sat\u0131\u015f kabul edin.<\/p>","protected":false},"featured_media":967,"comment_status":"open","ping_status":"closed","template":"","meta":{"_acf_changed":false},"product_brand":[],"product_cat":[45],"product_tag":[],"class_list":{"0":"post-960","1":"product","2":"type-product","3":"status-publish","4":"has-post-thumbnail","6":"product_cat-metal-wall-roofing","8":"first","9":"instock","10":"shipping-taxable","11":"product-type-simple"},"acf":[],"_links":{"self":[{"href":"https:\/\/swforming.com\/tr\/wp-json\/wp\/v2\/product\/960","targetHints":{"allow":["GET"]}}],"collection":[{"href":"https:\/\/swforming.com\/tr\/wp-json\/wp\/v2\/product"}],"about":[{"href":"https:\/\/swforming.com\/tr\/wp-json\/wp\/v2\/types\/product"}],"replies":[{"embeddable":true,"href":"https:\/\/swforming.com\/tr\/wp-json\/wp\/v2\/comments?post=960"}],"version-history":[{"count":3,"href":"https:\/\/swforming.com\/tr\/wp-json\/wp\/v2\/product\/960\/revisions"}],"predecessor-version":[{"id":3311,"href":"https:\/\/swforming.com\/tr\/wp-json\/wp\/v2\/product\/960\/revisions\/3311"}],"wp:featuredmedia":[{"embeddable":true,"href":"https:\/\/swforming.com\/tr\/wp-json\/wp\/v2\/media\/967"}],"wp:attachment":[{"href":"https:\/\/swforming.com\/tr\/wp-json\/wp\/v2\/media?parent=960"}],"wp:term":[{"taxonomy":"product_brand","embeddable":true,"href":"https:\/\/swforming.com\/tr\/wp-json\/wp\/v2\/product_brand?post=960"},{"taxonomy":"product_cat","embeddable":true,"href":"https:\/\/swforming.com\/tr\/wp-json\/wp\/v2\/product_cat?post=960"},{"taxonomy":"product_tag","embeddable":true,"href":"https:\/\/swforming.com\/tr\/wp-json\/wp\/v2\/product_tag?post=960"}],"curies":[{"name":"wp","href":"https:\/\/api.w.org\/{rel}","templated":true}]}}