{"id":951,"date":"2022-09-29T06:17:15","date_gmt":"2022-09-29T06:17:15","guid":{"rendered":"https:\/\/swforming.com\/?post_type=product&#038;p=951"},"modified":"2023-06-21T06:57:29","modified_gmt":"2023-06-21T06:57:29","slug":"tile-roof-panel-double-layer-machine","status":"publish","type":"product","link":"https:\/\/swforming.com\/tr\/product\/tile-roof-panel-double-layer-machine\/","title":{"rendered":"\u00c7at\u0131 Paneli \u00c7ift Katmanl\u0131 Makine\u4e28Kiremit &amp;amp"},"content":{"rendered":"<h3>\u00d6zellikler<\/h3>\n<p>Kiremit ve \u00e7at\u0131 paneli \u00e7ift katmanl\u0131 makine, m\u00fc\u015fterinin profil \u00e7izimlerine ve gereksinimlerine g\u00f6re Kiremit levha ve \u00e7at\u0131 levhas\u0131 \u00fcretebilir. \u00c7elik trapez saclar, \u00e7e\u015fitli kal\u0131nl\u0131k ve renklere sahip yeni yap\u0131 malzemeleridir.<\/p>\n<h3>Uygulamalar<\/h3>\n<p>Bitmi\u015f \u00fcr\u00fcnler spor salonlar\u0131n\u0131n, havaalanlar\u0131n\u0131n, tiyatrolar\u0131n, fabrikalar\u0131n, depolar\u0131n, garajlar\u0131n, sergi merkezlerinin vb. \u00e7at\u0131 ve duvarlar\u0131 olarak kullan\u0131l\u0131r.<\/p>\n<h3>S\u00fcre\u00e7 Ak\u0131\u015f\u0131<\/h3>\n<p>A\u00e7\u0131c\u0131 - besleme - rulo \u015fekillendirme - pres ve kesme - \u00e7\u0131k\u0131\u015f<\/p>\n<p><img fetchpriority=\"high\" decoding=\"async\" class=\"alignnone size-full wp-image-952\" src=\"https:\/\/swforming.com\/wp-content\/uploads\/2022\/09\/wdjszahgti.jpg\" alt=\"\" width=\"800\" height=\"167\" title=\"\" srcset=\"https:\/\/swforming.com\/wp-content\/uploads\/2022\/09\/wdjszahgti.jpg 800w, https:\/\/swforming.com\/wp-content\/uploads\/2022\/09\/wdjszahgti-600x125.jpg 600w, https:\/\/swforming.com\/wp-content\/uploads\/2022\/09\/wdjszahgti-300x63.jpg 300w, https:\/\/swforming.com\/wp-content\/uploads\/2022\/09\/wdjszahgti-768x160.jpg 768w\" sizes=\"(max-width: 800px) 100vw, 800px\" \/><\/p>\n<h3>Makine Konfig\u00fcrasyonlar\u0131<\/h3>\n<div>\n<table>\n<tbody>\n<tr>\n<td data-sheets-value=\"{&quot;1&quot;:2,&quot;2&quot;:&quot;1. Uncoiler&quot;}\">1. A\u00e7\u0131c\u0131<\/td>\n<td data-sheets-value=\"{&quot;1&quot;:2,&quot;2&quot;:&quot;2. Guide feeder&quot;}\">\n<div>\n<div>2. K\u0131lavuz besleyici<\/div>\n<\/div>\n<\/td>\n<\/tr>\n<tr>\n<td data-sheets-value=\"{&quot;1&quot;:2,&quot;2&quot;:&quot;3. roll former&quot;}\">3. rulo \u015fekillendirici<\/td>\n<td data-sheets-value=\"{&quot;1&quot;:2,&quot;2&quot;:&quot;4. Hydraulic Press&amp;cutting unit&quot;}\">\n<div>\n<div>4. Hidrolik Pres ve kesme \u00fcnitesi<\/div>\n<\/div>\n<\/td>\n<\/tr>\n<tr>\n<td data-sheets-value=\"{&quot;1&quot;:2,&quot;2&quot;:&quot;5. PLC Control System&quot;}\">5. PLC Kontrol Sistemi<\/td>\n<td data-sheets-value=\"{&quot;1&quot;:2,&quot;2&quot;:&quot;6. Hydraulic station&quot;}\">\n<div>\n<div>6. Hidrolik istasyon<\/div>\n<\/div>\n<\/td>\n<\/tr>\n<tr>\n<td data-sheets-value=\"{&quot;1&quot;:2,&quot;2&quot;:&quot;7. Output conveyor&quot;}\">7. \u00c7\u0131k\u0131\u015f konvey\u00f6r\u00fc<\/td>\n<td><\/td>\n<\/tr>\n<\/tbody>\n<\/table>\n<\/div>\n<h3>Referans i\u00e7in Profil \u00c7izimleri<\/h3>\n<p><img decoding=\"async\" class=\"alignnone size-full wp-image-953\" src=\"https:\/\/swforming.com\/wp-content\/uploads\/2022\/09\/27269ece-038c-4e40-93aa-4e9993e89308.png\" alt=\"\" width=\"800\" height=\"541\" title=\"\" srcset=\"https:\/\/swforming.com\/wp-content\/uploads\/2022\/09\/27269ece-038c-4e40-93aa-4e9993e89308.png 800w, https:\/\/swforming.com\/wp-content\/uploads\/2022\/09\/27269ece-038c-4e40-93aa-4e9993e89308-600x406.png 600w, https:\/\/swforming.com\/wp-content\/uploads\/2022\/09\/27269ece-038c-4e40-93aa-4e9993e89308-300x203.png 300w, https:\/\/swforming.com\/wp-content\/uploads\/2022\/09\/27269ece-038c-4e40-93aa-4e9993e89308-768x519.png 768w\" sizes=\"(max-width: 800px) 100vw, 800px\" \/><\/p>\n<p><img decoding=\"async\" class=\"alignnone size-full wp-image-954\" src=\"https:\/\/swforming.com\/wp-content\/uploads\/2022\/09\/1-2.jpg\" alt=\"\" width=\"260\" height=\"173\" title=\"\"> <img loading=\"lazy\" decoding=\"async\" class=\"alignnone size-full wp-image-955\" src=\"https:\/\/swforming.com\/wp-content\/uploads\/2022\/09\/2-1.jpg\" alt=\"\" width=\"260\" height=\"173\" title=\"\"> <img loading=\"lazy\" decoding=\"async\" class=\"alignnone size-full wp-image-956\" src=\"https:\/\/swforming.com\/wp-content\/uploads\/2022\/09\/3.jpg\" alt=\"\" width=\"260\" height=\"173\" title=\"\"><\/p>\n<h3>Referans i\u00e7in Foto\u011fraflar<\/h3>\n<figure id=\"attachment_869\" aria-describedby=\"caption-attachment-869\" style=\"width: 400px\" class=\"wp-caption alignleft\"><img loading=\"lazy\" decoding=\"async\" class=\"wp-image-869 size-full\" src=\"https:\/\/swforming.com\/wp-content\/uploads\/2022\/09\/10T-manual-decoiler-1.jpg\" alt=\"\" width=\"400\" height=\"300\" title=\"\" srcset=\"https:\/\/swforming.com\/wp-content\/uploads\/2022\/09\/10T-manual-decoiler-1.jpg 400w, https:\/\/swforming.com\/wp-content\/uploads\/2022\/09\/10T-manual-decoiler-1-300x225.jpg 300w\" sizes=\"(max-width: 400px) 100vw, 400px\" \/><figcaption id=\"caption-attachment-869\" class=\"wp-caption-text\">10T manuel \u00e7\u00f6z\u00fcc\u00fc<\/figcaption><\/figure>\n<figure id=\"attachment_870\" aria-describedby=\"caption-attachment-870\" style=\"width: 400px\" class=\"wp-caption alignleft\"><img loading=\"lazy\" decoding=\"async\" class=\"wp-image-870 size-full\" src=\"https:\/\/swforming.com\/wp-content\/uploads\/2022\/09\/10T-Hydraulic-decoiler.jpg\" alt=\"\" width=\"400\" height=\"300\" title=\"\" srcset=\"https:\/\/swforming.com\/wp-content\/uploads\/2022\/09\/10T-Hydraulic-decoiler.jpg 400w, https:\/\/swforming.com\/wp-content\/uploads\/2022\/09\/10T-Hydraulic-decoiler-300x225.jpg 300w\" sizes=\"(max-width: 400px) 100vw, 400px\" \/><figcaption id=\"caption-attachment-870\" class=\"wp-caption-text\">10T Hidrolik \u00e7\u00f6z\u00fcc\u00fc<\/figcaption><\/figure>\n<p><img loading=\"lazy\" decoding=\"async\" class=\"alignnone wp-image-957 size-full\" src=\"https:\/\/swforming.com\/wp-content\/uploads\/2022\/09\/Tile-roof-panel-double-layer-machine.jpg\" alt=\"\u00c7at\u0131 Paneli \u00c7ift Katmanl\u0131 Makine\" width=\"800\" height=\"600\" title=\"\" srcset=\"https:\/\/swforming.com\/wp-content\/uploads\/2022\/09\/Tile-roof-panel-double-layer-machine.jpg 800w, https:\/\/swforming.com\/wp-content\/uploads\/2022\/09\/Tile-roof-panel-double-layer-machine-600x450.jpg 600w, https:\/\/swforming.com\/wp-content\/uploads\/2022\/09\/Tile-roof-panel-double-layer-machine-300x225.jpg 300w, https:\/\/swforming.com\/wp-content\/uploads\/2022\/09\/Tile-roof-panel-double-layer-machine-768x576.jpg 768w\" sizes=\"(max-width: 800px) 100vw, 800px\" \/><\/p>\n<h3>\u00c7at\u0131 paneli rulo \u015fekillendirme makinesi nedir?<\/h3>\n<p>\u00c7at\u0131 paneli rulo \u015fekillendirme makinesi, in\u015faat ve imalat end\u00fcstrilerinde kullan\u0131lan \u00f6zel bir end\u00fcstriyel makinedir. Yap\u0131sal b\u00fct\u00fcnl\u00fckleri ve hava ko\u015fullar\u0131na dayan\u0131kl\u0131l\u0131klar\u0131 nedeniyle binalarda yayg\u0131n olarak kullan\u0131lan \u00e7at\u0131 panelleri \u00fcretmek i\u00e7in tasarlanm\u0131\u015ft\u0131r.<\/p>\n<p>Rulo \u015fekillendirme makinesi, d\u00fcz bir metal bobinin s\u00fcrekli olarak makineye beslenmesiyle \u00e7al\u0131\u015f\u0131r. Bobin, metali kademeli olarak istenen \u00e7at\u0131 paneli profiline \u015fekillendiren bir dizi silindirden ge\u00e7er. Bu silindirler ayarlanabilir ve oluklu paneller veya dikme paneller gibi farkl\u0131 \u00e7at\u0131 panelleri olu\u015fturmak i\u00e7in \u00f6zelle\u015ftirilebilir.<\/p>\n<p>Rulo \u015fekillendirme i\u015flemi, metal bobinin bir dizi silindir arac\u0131l\u0131\u011f\u0131yla kademeli olarak b\u00fck\u00fclmesini ve \u015fekillendirilmesini i\u00e7erir. Her bir silindir seti, i\u00e7inden ge\u00e7erken metale belirli bir \u015fekil veya \u00f6zellik kazand\u0131r\u0131r. Silindirler, \u00e7at\u0131 panelinin istenen profilini elde etmek i\u00e7in s\u0131ral\u0131 bir \u015fekilde d\u00fczenlenir. S\u00fcre\u00e7 son derece hassast\u0131r ve minimum at\u0131kla tutarl\u0131 ve do\u011fru \u00e7at\u0131 panelleri \u00fcretebilir.<\/p>\n<p>\u00c7at\u0131 paneli rulo \u015fekillendirme makineleri tipik olarak otomatiktir ve bilgisayar sistemleri taraf\u0131ndan kontrol edilir. Y\u00fcksek hacimli \u00fcretimin \u00fcstesinden gelebilirler ve tutarl\u0131 boyutlara ve kaliteye sahip \u00e7at\u0131 panelleri olu\u015fturmada etkilidirler. Makineler genellikle panelleri gerekli uzunluklarda kesmek i\u00e7in kesme sistemleri ve paketleme ve nakliyeyi kolayla\u015ft\u0131rmak i\u00e7in istifleme mekanizmalar\u0131 gibi ek \u00f6zellikler i\u00e7erir.<\/p>\n<p>Genel olarak, \u00e7at\u0131 paneli rulo \u015fekillendirme makineleri, \u00e7at\u0131 panellerinin \u00fcretim s\u00fcrecinde temel ara\u00e7lard\u0131r. Verimli ve hassas \u00fcretim sa\u011flayarak, in\u015faat sekt\u00f6r\u00fcn\u00fcn \u00e7e\u015fitli bina t\u00fcrleri i\u00e7in dayan\u0131kl\u0131 ve hava ko\u015fullar\u0131na dayan\u0131kl\u0131 \u00e7at\u0131lar\u0131 h\u0131zl\u0131 ve uygun maliyetli bir \u015fekilde olu\u015fturma becerisine katk\u0131da bulunurlar.<\/p>\n<h3>\u00c7ift katmanl\u0131 rulo \u015fekillendirme makinesi nedir?<\/h3>\n<p>\u00c7ift katl\u0131 rulo \u015fekillendirme makinesi, tek bir makinede iki farkl\u0131 tipte profil veya katman \u00fcretmek i\u00e7in \u00f6zel olarak tasarlanm\u0131\u015f bir rulo \u015fekillendirme makinesi t\u00fcr\u00fcd\u00fcr. Ayn\u0131 anda iki farkl\u0131 profil olu\u015fturmak i\u00e7in iki set rulo \u015fekillendirme sistemini birle\u015ftirir.<\/p>\n<p>Makine, her biri kendi silindir ve tak\u0131m setine sahip iki ba\u011f\u0131ms\u0131z rulo \u015fekillendirme sisteminden olu\u015fur. Bu sistemler, senkronize bir \u015fekilde iki farkl\u0131 profil veya katman \u00fcretmek i\u00e7in birlikte \u00e7al\u0131\u015fabilecek \u015fekilde hizalanm\u0131\u015ft\u0131r.<\/p>\n<p>\u00c7ift katmanl\u0131 rulo \u015fekillendirme makinesi genellikle bir bina veya yap\u0131n\u0131n \u00e7at\u0131 kaplamas\u0131 veya kaplamas\u0131 i\u00e7in iki farkl\u0131 profil veya katman t\u00fcr\u00fc gerektirdi\u011fi uygulamalarda kullan\u0131l\u0131r. \u00d6rne\u011fin, estetik \u00e7ekicilik ve i\u015flevsel avantajlar sa\u011flayan, \u00fcst katmanda farkl\u0131 bir profile ve alt katmanda farkl\u0131 bir profile sahip bir \u00e7at\u0131 paneli \u00fcretmek i\u00e7in kullan\u0131labilir.<\/p>\n<p>Makine, iki ayr\u0131 metal bobininin ilgili rulo \u015fekillendirme sistemlerine beslenmesiyle \u00e7al\u0131\u015f\u0131r. Her bir bobin, metali kademeli olarak istenen profillere \u015fekillendiren kendi silindir setinden ge\u00e7er. \u0130ki sistemin senkronize \u00e7al\u0131\u015fmas\u0131, her iki katman\u0131n da ayn\u0131 anda olu\u015fturulmas\u0131n\u0131 sa\u011flayarak zamandan tasarruf sa\u011flar ve verimlili\u011fi art\u0131r\u0131r.<\/p>\n<p>\u00c7ift katl\u0131 rulo \u015fekillendirme makineleri tipik olarak iki rulo \u015fekillendirme sistemi aras\u0131nda hassas senkronizasyon sa\u011flamak i\u00e7in otomasyon ve kontrol sistemleri ile donat\u0131lm\u0131\u015ft\u0131r. Ayr\u0131ca \u00fcretim s\u00fcrecini kolayla\u015ft\u0131rmak ve y\u00fcksek kaliteli \u00e7\u0131kt\u0131 sa\u011flamak i\u00e7in kesme sistemleri, istifleme mekanizmalar\u0131 ve kontrol panelleri gibi ek \u00f6zellikler de i\u00e7erebilirler.<\/p>\n<p>Genel olarak, \u00e7ift katmanl\u0131 rulo \u015fekillendirme makineleri, tek bir \u00fcretim s\u00fcrecinde iki farkl\u0131 profil veya katman \u00fcretmek i\u00e7in uygun maliyetli ve verimli bir \u00e7\u00f6z\u00fcm sunar. \u0130n\u015faat sekt\u00f6r\u00fcnde \u00e7ift katmanl\u0131 \u00e7at\u0131 veya kaplama sistemlerinin gerekli oldu\u011fu uygulamalar i\u00e7in yayg\u0131n olarak kullan\u0131l\u0131rlar.<\/p>\n<h3>\u00c7ift katmanl\u0131 rulo \u015fekillendirme makinesi fiyat\u0131 ne olacak?<\/h3>\n<p>\u00c7ift katmanl\u0131 rulo \u015fekillendirme makinesinin fiyat\u0131, makinenin \u00f6zellikleri, karma\u015f\u0131kl\u0131\u011f\u0131, kalitesi ve sat\u0131n al\u0131nd\u0131\u011f\u0131 \u00fcretici veya tedarik\u00e7i dahil olmak \u00fczere \u00e7e\u015fitli fakt\u00f6rlere ba\u011fl\u0131 olarak de\u011fi\u015febilir. Fiyat\u0131 etkileyebilecek di\u011fer fakt\u00f6rler aras\u0131nda ek \u00f6zellikler, \u00f6zelle\u015ftirme se\u00e7enekleri ve makinenin sat\u0131ld\u0131\u011f\u0131 b\u00f6lge veya \u00fclke yer al\u0131r.<\/p>\n<p>Bir yapay zeka dil modeli olarak, belirli fiyatland\u0131rma bilgilerine ger\u00e7ek zamanl\u0131 eri\u015fimim yok. Ancak, bir \u00e7ift katmanl\u0131 rulo \u015fekillendirme makinesi i\u00e7in do\u011fru bir fiyat almak i\u00e7in do\u011frudan \u00fcreticiler, tedarik\u00e7iler veya distrib\u00fct\u00f6rlerle ileti\u015fime ge\u00e7meniz \u00f6nerilir. Size makinenin \u00f6zellikleri, fiyatland\u0131rmas\u0131 ve nakliye, kurulum veya sat\u0131\u015f sonras\u0131 destekle ilgili ek maliyetler hakk\u0131nda ayr\u0131nt\u0131l\u0131 bilgi sa\u011flayabilirler.<\/p>\n<p>Bir \u00e7ift katmanl\u0131 rulo \u015fekillendirme makinesinin fiyat\u0131n\u0131 de\u011ferlendirirken, b\u00fct\u00e7enizi ihtiya\u00e7 duydu\u011funuz kalite ve \u00f6zelliklerle dengelemeniz \u00f6nemlidir. Daha ucuz makineler hassasiyet, dayan\u0131kl\u0131l\u0131k veya h\u0131z a\u00e7\u0131s\u0131ndan s\u0131n\u0131rlamalara sahip olabilirken, daha pahal\u0131 makineler genellikle daha y\u00fcksek performans, g\u00fcvenilirlik ve ek \u00f6zellikler sunar.<\/p>\n<p>Y\u00fcksek kaliteli bir makinenin sa\u011flayabilece\u011fi uzun vadeli faydalar\u0131 ve yat\u0131r\u0131m getirisini de g\u00f6z \u00f6n\u00fcnde bulundurmak gerekir. G\u00fcvenilir performansa sahip iyi imal edilmi\u015f bir makine \u00fcretkenli\u011fi art\u0131rabilir, ar\u0131za s\u00fcresini azaltabilir ve tutarl\u0131 ve y\u00fcksek kaliteli \u00e7\u0131kt\u0131lar \u00fcreterek uzun vadede maliyet tasarrufu ve daha iyi karl\u0131l\u0131k sa\u011flayabilir.<\/p>\n<p>Do\u011fru bir fiyat almak ve bilin\u00e7li bir karar vermek i\u00e7in birden fazla tedarik\u00e7iye ula\u015fman\u0131z, teklifleri kar\u015f\u0131la\u015ft\u0131rman\u0131z ve her birinin sundu\u011fu \u00f6zellikleri, teknik \u00f6zellikleri ve sat\u0131\u015f sonras\u0131 deste\u011fi de\u011ferlendirmeniz \u00f6nerilir. Bu, gereksinimlerinizi ve b\u00fct\u00e7enizi kar\u015f\u0131layan en uygun se\u00e7ene\u011fi belirlemenize yard\u0131mc\u0131 olacakt\u0131r.<\/p>\n<blockquote class=\"wp-embedded-content\" data-secret=\"EZk3D96HYX\"><p><a href=\"https:\/\/swforming.com\/tr\/why-a-metal-roof-roll-forming-machine-for-sale-is-the-right-choice-for-your-construction-project-%ef%bc%9f\/\">Sat\u0131l\u0131k Metal \u00c7at\u0131 Rulo \u015eekillendirme Makinesi \u0130n\u015faat Projeniz \u0130\u00e7in Neden Do\u011fru Se\u00e7imdir?<\/a><\/p><\/blockquote>\n<p><iframe class=\"wp-embedded-content\" sandbox=\"allow-scripts\" security=\"restricted\" style=\"position: absolute; clip: rect(1px, 1px, 1px, 1px);\" title=\"&quot;Sat\u0131l\u0131k Metal \u00c7at\u0131 Rulo \u015eekillendirme Makinesi \u0130n\u015faat Projeniz \u0130\u00e7in Neden Do\u011fru Se\u00e7imdir?&quot; - SUNWAY Machine\" src=\"https:\/\/swforming.com\/why-a-metal-roof-roll-forming-machine-for-sale-is-the-right-choice-for-your-construction-project-%ef%bc%9f\/embed\/#?secret=cVsjq9ROXq#?secret=EZk3D96HYX\" data-secret=\"EZk3D96HYX\" width=\"600\" height=\"338\" frameborder=\"0\" marginwidth=\"0\" marginheight=\"0\" scrolling=\"no\"><\/iframe><\/p>\n<blockquote class=\"wp-embedded-content\" data-secret=\"hyX4GnrG2s\"><p><a href=\"https:\/\/swforming.com\/tr\/6-great-benefits-of-a-roof-panel-roll-forming-machine-for-sale\/\">6 Sat\u0131l\u0131k bir \u00e7at\u0131 paneli rulo \u015fekillendirme makinesinin B\u00fcy\u00fck Faydalar\u0131<\/a><\/p><\/blockquote>\n<p><iframe class=\"wp-embedded-content\" sandbox=\"allow-scripts\" security=\"restricted\" style=\"position: absolute; clip: rect(1px, 1px, 1px, 1px);\" title=\"&quot;Sat\u0131l\u0131k bir \u00e7at\u0131 paneli rulo \u015fekillendirme makinesinin 6 B\u00fcy\u00fck Faydas\u0131&quot; - SUNWAY Machine\" src=\"https:\/\/swforming.com\/6-great-benefits-of-a-roof-panel-roll-forming-machine-for-sale\/embed\/#?secret=7BGfUQtKfP#?secret=hyX4GnrG2s\" data-secret=\"hyX4GnrG2s\" width=\"600\" height=\"338\" frameborder=\"0\" marginwidth=\"0\" marginheight=\"0\" scrolling=\"no\"><\/iframe><\/p>","protected":false},"excerpt":{"rendered":"<p>Features Tile &amp; roof panel double layer machine can produce Tile sheet and roof sheet according to the client&#8217;s profile drawings and requirements. The steel trapezoidal sheets are new building materials with various thickness and colors. Applications The finished products are used as the roof and walls of gymnasiums, airports, theatres, factories, warehouses, garages, exhibition [&hellip;]<\/p>\n","protected":false},"featured_media":957,"comment_status":"open","ping_status":"closed","template":"","meta":{"_acf_changed":false},"product_brand":[],"product_cat":[45,85],"product_tag":[],"class_list":{"0":"post-951","1":"product","2":"type-product","3":"status-publish","4":"has-post-thumbnail","6":"product_cat-metal-wall-roofing","7":"product_cat-roof-tile-panel-roll-forming-machine","9":"first","10":"instock","11":"shipping-taxable","12":"product-type-simple"},"acf":[],"_links":{"self":[{"href":"https:\/\/swforming.com\/tr\/wp-json\/wp\/v2\/product\/951","targetHints":{"allow":["GET"]}}],"collection":[{"href":"https:\/\/swforming.com\/tr\/wp-json\/wp\/v2\/product"}],"about":[{"href":"https:\/\/swforming.com\/tr\/wp-json\/wp\/v2\/types\/product"}],"replies":[{"embeddable":true,"href":"https:\/\/swforming.com\/tr\/wp-json\/wp\/v2\/comments?post=951"}],"version-history":[{"count":3,"href":"https:\/\/swforming.com\/tr\/wp-json\/wp\/v2\/product\/951\/revisions"}],"predecessor-version":[{"id":3298,"href":"https:\/\/swforming.com\/tr\/wp-json\/wp\/v2\/product\/951\/revisions\/3298"}],"wp:featuredmedia":[{"embeddable":true,"href":"https:\/\/swforming.com\/tr\/wp-json\/wp\/v2\/media\/957"}],"wp:attachment":[{"href":"https:\/\/swforming.com\/tr\/wp-json\/wp\/v2\/media?parent=951"}],"wp:term":[{"taxonomy":"product_brand","embeddable":true,"href":"https:\/\/swforming.com\/tr\/wp-json\/wp\/v2\/product_brand?post=951"},{"taxonomy":"product_cat","embeddable":true,"href":"https:\/\/swforming.com\/tr\/wp-json\/wp\/v2\/product_cat?post=951"},{"taxonomy":"product_tag","embeddable":true,"href":"https:\/\/swforming.com\/tr\/wp-json\/wp\/v2\/product_tag?post=951"}],"curies":[{"name":"wp","href":"https:\/\/api.w.org\/{rel}","templated":true}]}}