{"id":942,"date":"2022-09-29T06:06:07","date_gmt":"2022-09-29T06:06:07","guid":{"rendered":"https:\/\/swforming.com\/?post_type=product&#038;p=942"},"modified":"2023-03-10T11:56:51","modified_gmt":"2023-03-10T11:56:51","slug":"roof-tile-roll-forming-machine","status":"publish","type":"product","link":"https:\/\/swforming.com\/tr\/product\/roof-tile-roll-forming-machine\/","title":{"rendered":"\u00c7at\u0131 Kiremit Rulo \u015eekillendirme Makinesi"},"content":{"rendered":"<h3>\u00c7at\u0131 Kiremit Rulo \u015eekillendirme Makinesi \u00d6zellikleri \uff1a<\/h3>\n<p>Kiremit rulo \u015fekillendirme makinesi, fabrikalar, hangar, spor salonu, sergi salonu ve tiyatrolar gibi sivil in\u015faatlarda yayg\u0131n olarak kullan\u0131lan metal \u00e7at\u0131 basamak kiremitlerini rulo haline getirmek i\u00e7in kullan\u0131l\u0131r. Bu rulo \u015fekillendirme makinesinin \u00fcr\u00fcn\u00fc yeni g\u00f6r\u00fcn\u00fcm, d\u00fcz y\u00fczey, d\u00fczg\u00fcn dalgalanma, y\u00fcksek kullan\u0131m ve otoimm\u00fcnizasyon, d\u00fc\u015f\u00fck maliyet ve dayan\u0131kl\u0131l\u0131k \u00f6zelliklerine sahiptir.<\/p>\n<h3>Uygulamalar<\/h3>\n<p>Bitmi\u015f \u00fcr\u00fcnler, tesisler, hangar, spor salonu, sergi salonu ve tiyatrolar gibi sivil in\u015faatlarda yayg\u0131n olarak kullan\u0131lmaktad\u0131r.<\/p>\n<h3>S\u00fcre\u00e7 Ak\u0131\u015f\u0131<\/h3>\n<p>De-coiler -&gt; K\u0131lavuz besleme -&gt; Rulo \u015fekillendirme -&gt; Hidrolik Damgalama ad\u0131mlar\u0131-&gt; Hidrolik Kesme -&gt; \u00c7\u0131k\u0131\u015f<\/p>\n<p><img fetchpriority=\"high\" decoding=\"async\" class=\"alignnone wp-image-944 size-full\" src=\"https:\/\/swforming.com\/wp-content\/uploads\/2022\/09\/9f01cb72-4d3d-486e-a0cd-d1b273791845.png\" alt=\"\u00c7at\u0131 Kiremit Rulo \u015eekillendirme Makinesi\" width=\"800\" height=\"140\" title=\"\" srcset=\"https:\/\/swforming.com\/wp-content\/uploads\/2022\/09\/9f01cb72-4d3d-486e-a0cd-d1b273791845.png 800w, https:\/\/swforming.com\/wp-content\/uploads\/2022\/09\/9f01cb72-4d3d-486e-a0cd-d1b273791845-600x105.png 600w, https:\/\/swforming.com\/wp-content\/uploads\/2022\/09\/9f01cb72-4d3d-486e-a0cd-d1b273791845-300x53.png 300w, https:\/\/swforming.com\/wp-content\/uploads\/2022\/09\/9f01cb72-4d3d-486e-a0cd-d1b273791845-768x134.png 768w\" sizes=\"(max-width: 800px) 100vw, 800px\" \/><\/p>\n<h3>Makine Konfig\u00fcrasyonlar\u0131<\/h3>\n<div>\n<p>&nbsp;<\/p>\n<table>\n<tbody>\n<tr>\n<td data-sheets-value=\"{&quot;1&quot;:2,&quot;2&quot;:&quot;1. Uncoiler&quot;}\">1. A\u00e7\u0131c\u0131<\/td>\n<td data-sheets-value=\"{&quot;1&quot;:2,&quot;2&quot;:&quot;2. Guide feeder&quot;}\">\n<div>\n<div>2. K\u0131lavuz besleyici<\/div>\n<\/div>\n<\/td>\n<\/tr>\n<tr>\n<td data-sheets-value=\"{&quot;1&quot;:2,&quot;2&quot;:&quot;3. roll former&quot;}\">3. rulo \u015fekillendirici<\/td>\n<td data-sheets-value=\"{&quot;1&quot;:2,&quot;2&quot;:&quot;4. Hydraulic pressing unit&quot;}\">\n<div>\n<div>4. Hidrolik presleme \u00fcnitesi<\/div>\n<\/div>\n<\/td>\n<\/tr>\n<tr>\n<td data-sheets-value=\"{&quot;1&quot;:2,&quot;2&quot;:&quot;5. Hydraulic cutting unit&quot;}\">5. Hidrolik kesme \u00fcnitesi<\/td>\n<td data-sheets-value=\"{&quot;1&quot;:2,&quot;2&quot;:&quot;6. PLC control system&quot;}\">\n<div>\n<div>6. PLC kontrol sistemi<\/div>\n<\/div>\n<\/td>\n<\/tr>\n<tr>\n<td data-sheets-value=\"{&quot;1&quot;:2,&quot;2&quot;:&quot;7. Hydraulic station&quot;}\">7. Hidrolik istasyon<\/td>\n<td><\/td>\n<\/tr>\n<\/tbody>\n<\/table>\n<\/div>\n<h3>Profil \u00c7izimleri<\/h3>\n<p><img decoding=\"async\" class=\"alignnone size-full wp-image-945\" src=\"https:\/\/swforming.com\/wp-content\/uploads\/2022\/09\/76218cd9-4081-44ba-8ab3-14365763b7fb.jpg\" alt=\"\" width=\"800\" height=\"779\" title=\"\" srcset=\"https:\/\/swforming.com\/wp-content\/uploads\/2022\/09\/76218cd9-4081-44ba-8ab3-14365763b7fb.jpg 800w, https:\/\/swforming.com\/wp-content\/uploads\/2022\/09\/76218cd9-4081-44ba-8ab3-14365763b7fb-600x584.jpg 600w, https:\/\/swforming.com\/wp-content\/uploads\/2022\/09\/76218cd9-4081-44ba-8ab3-14365763b7fb-300x292.jpg 300w, https:\/\/swforming.com\/wp-content\/uploads\/2022\/09\/76218cd9-4081-44ba-8ab3-14365763b7fb-768x748.jpg 768w\" sizes=\"(max-width: 800px) 100vw, 800px\" \/><\/p>\n<h3>Referans i\u00e7in Foto\u011fraflar<\/h3>\n<p><img decoding=\"async\" class=\"alignnone size-full wp-image-946\" src=\"https:\/\/swforming.com\/wp-content\/uploads\/2022\/09\/f23a6943-3b90-444d-8925-20ab2fa2c338.jpg\" alt=\"\" width=\"800\" height=\"913\" title=\"\" srcset=\"https:\/\/swforming.com\/wp-content\/uploads\/2022\/09\/f23a6943-3b90-444d-8925-20ab2fa2c338.jpg 800w, https:\/\/swforming.com\/wp-content\/uploads\/2022\/09\/f23a6943-3b90-444d-8925-20ab2fa2c338-600x685.jpg 600w, https:\/\/swforming.com\/wp-content\/uploads\/2022\/09\/f23a6943-3b90-444d-8925-20ab2fa2c338-263x300.jpg 263w, https:\/\/swforming.com\/wp-content\/uploads\/2022\/09\/f23a6943-3b90-444d-8925-20ab2fa2c338-768x876.jpg 768w\" sizes=\"(max-width: 800px) 100vw, 800px\" \/><\/p>\n<blockquote class=\"wp-embedded-content\" data-secret=\"Hq3JomClAP\"><p><a href=\"https:\/\/swforming.com\/tr\/how-to-choose-a-roofing-roll-forming-machine\/\">\u00c7at\u0131 Kaplama Rulo \u015eekillendirme Makinesi Nas\u0131l Se\u00e7ilir?<\/a><\/p><\/blockquote>\n<p><iframe class=\"wp-embedded-content\" sandbox=\"allow-scripts\" security=\"restricted\" style=\"position: absolute; clip: rect(1px, 1px, 1px, 1px);\" title=\"&quot;\u00c7at\u0131 Kaplama Rulo \u015eekillendirme Makinesi Nas\u0131l Se\u00e7ilir?&quot; - SUNWAY Makine\" src=\"https:\/\/swforming.com\/how-to-choose-a-roofing-roll-forming-machine\/embed\/#?secret=EBQCwol6i9#?secret=Hq3JomClAP\" data-secret=\"Hq3JomClAP\" width=\"600\" height=\"338\" frameborder=\"0\" marginwidth=\"0\" marginheight=\"0\" scrolling=\"no\"><\/iframe><\/p>","protected":false},"excerpt":{"rendered":"<p>Roof Tile Roll Forming Machine Features\uff1a Roof tile roll forming machine is used to roll form metal roofing step tiles which are widely used in civilian construction, such as plants, hangar, gymnasium, exhibition hall and theaters. The product of this roll forming machine features novel appearance, level surface, uniform ripple, high usage and autoimmunization, low [&hellip;]<\/p>\n","protected":false},"featured_media":950,"comment_status":"open","ping_status":"closed","template":"","meta":{"_acf_changed":false},"product_brand":[],"product_cat":[45,114,85],"product_tag":[],"class_list":{"0":"post-942","1":"product","2":"type-product","3":"status-publish","4":"has-post-thumbnail","6":"product_cat-metal-wall-roofing","7":"product_cat-roll-former","8":"product_cat-roof-tile-panel-roll-forming-machine","10":"first","11":"instock","12":"shipping-taxable","13":"product-type-simple"},"acf":[],"_links":{"self":[{"href":"https:\/\/swforming.com\/tr\/wp-json\/wp\/v2\/product\/942","targetHints":{"allow":["GET"]}}],"collection":[{"href":"https:\/\/swforming.com\/tr\/wp-json\/wp\/v2\/product"}],"about":[{"href":"https:\/\/swforming.com\/tr\/wp-json\/wp\/v2\/types\/product"}],"replies":[{"embeddable":true,"href":"https:\/\/swforming.com\/tr\/wp-json\/wp\/v2\/comments?post=942"}],"version-history":[{"count":2,"href":"https:\/\/swforming.com\/tr\/wp-json\/wp\/v2\/product\/942\/revisions"}],"predecessor-version":[{"id":1768,"href":"https:\/\/swforming.com\/tr\/wp-json\/wp\/v2\/product\/942\/revisions\/1768"}],"wp:featuredmedia":[{"embeddable":true,"href":"https:\/\/swforming.com\/tr\/wp-json\/wp\/v2\/media\/950"}],"wp:attachment":[{"href":"https:\/\/swforming.com\/tr\/wp-json\/wp\/v2\/media?parent=942"}],"wp:term":[{"taxonomy":"product_brand","embeddable":true,"href":"https:\/\/swforming.com\/tr\/wp-json\/wp\/v2\/product_brand?post=942"},{"taxonomy":"product_cat","embeddable":true,"href":"https:\/\/swforming.com\/tr\/wp-json\/wp\/v2\/product_cat?post=942"},{"taxonomy":"product_tag","embeddable":true,"href":"https:\/\/swforming.com\/tr\/wp-json\/wp\/v2\/product_tag?post=942"}],"curies":[{"name":"wp","href":"https:\/\/api.w.org\/{rel}","templated":true}]}}