{"id":885,"date":"2022-09-29T03:40:50","date_gmt":"2022-09-29T03:40:50","guid":{"rendered":"https:\/\/swforming.com\/?post_type=product&#038;p=885"},"modified":"2023-06-16T03:57:24","modified_gmt":"2023-06-16T03:57:24","slug":"gutter-roll-forming-machine","status":"publish","type":"product","link":"https:\/\/swforming.com\/tr\/product\/gutter-roll-forming-machine\/","title":{"rendered":"Oluk Rulo \u015eekillendirme Makinesi"},"content":{"rendered":"<h3>Oluk Rulo \u015eekillendirme Makinesi \u00d6zellikleri:<\/h3>\n<p>M\u00fc\u015fterilerimize sadece harika bir oluk rulo \u015fekillendirme makinesi sunmakla kalm\u0131yor, ayn\u0131 zamanda bol deneyim, hassas \u00fcretim, hidrolik g\u00fc\u00e7le istikrarl\u0131 otomatik \u00fcretim, y\u00fcksek teknoloji kontrol sistemi ve co\u015fkumuzu da sunuyoruz.<\/p>\n<h3>Uygulamalar<\/h3>\n<p>Oluk rulo \u015fekillendirme makinesi taraf\u0131ndan \u00fcretilen \u00fcr\u00fcnler fabrika, at\u00f6lye, garaj, depo, lokomotif kul\u00fcbesi, ask\u0131, sergi binas\u0131, sinema, tiyatro, stadyum, bah\u00e7e vb. alanlarda yayg\u0131n olarak kullan\u0131lmaktad\u0131r.<\/p>\n<h3>S\u00fcre\u00e7 Ak\u0131\u015f\u0131<\/h3>\n<p>A\u00e7\u0131c\u0131 - Besleme - Rulo \u015eekillendirme - Kesme - \u00c7\u0131k\u0131\u015f Raf\u0131<\/p>\n<h3>Makine Konfig\u00fcrasyonlar\u0131<\/h3>\n<table dir=\"ltr\" border=\"1\" cellspacing=\"0\" cellpadding=\"0\">\n<colgroup>\n<col width=\"100\" \/>\n<col width=\"100\" \/><\/colgroup>\n<tbody>\n<tr>\n<td data-sheets-value=\"{&quot;1&quot;:2,&quot;2&quot;:&quot;1. Uncoiler&quot;}\">1. A\u00e7\u0131c\u0131<\/td>\n<td data-sheets-value=\"{&quot;1&quot;:2,&quot;2&quot;:&quot;2. Feeding Device&quot;}\">\n<div>\n<div>2. Besleme Cihaz\u0131<\/div>\n<\/div>\n<\/td>\n<\/tr>\n<tr>\n<td data-sheets-value=\"{&quot;1&quot;:2,&quot;2&quot;:&quot;3. Roll Forming Machine&quot;}\">3. Rulo \u015eekillendirme Makinesi<\/td>\n<td data-sheets-value=\"{&quot;1&quot;:2,&quot;2&quot;:&quot;4. Hydraulic Cutting&quot;}\">\n<div>\n<div>4. Hidrolik Kesim<\/div>\n<\/div>\n<\/td>\n<\/tr>\n<tr>\n<td data-sheets-value=\"{&quot;1&quot;:2,&quot;2&quot;:&quot;5. PLC Control System&quot;}\">5. PLC Kontrol Sistemi<\/td>\n<td data-sheets-value=\"{&quot;1&quot;:2,&quot;2&quot;:&quot;6. Exit Rack&quot;}\">6. \u00c7\u0131k\u0131\u015f Raf\u0131<\/td>\n<\/tr>\n<\/tbody>\n<\/table>\n<h3>Referans i\u00e7in Profil \u00c7izimleri<\/h3>\n<h3><img fetchpriority=\"high\" decoding=\"async\" class=\"alignnone size-full wp-image-887\" src=\"https:\/\/swforming.com\/wp-content\/uploads\/2022\/09\/Profile-Drawings-for-Reference-2.jpg\" alt=\"\" width=\"800\" height=\"461\" title=\"\" srcset=\"https:\/\/swforming.com\/wp-content\/uploads\/2022\/09\/Profile-Drawings-for-Reference-2.jpg 800w, https:\/\/swforming.com\/wp-content\/uploads\/2022\/09\/Profile-Drawings-for-Reference-2-600x346.jpg 600w, https:\/\/swforming.com\/wp-content\/uploads\/2022\/09\/Profile-Drawings-for-Reference-2-300x173.jpg 300w, https:\/\/swforming.com\/wp-content\/uploads\/2022\/09\/Profile-Drawings-for-Reference-2-768x443.jpg 768w\" sizes=\"(max-width: 800px) 100vw, 800px\" \/><\/h3>\n<figure id=\"attachment_888\" aria-describedby=\"caption-attachment-888\" style=\"width: 400px\" class=\"wp-caption alignleft\"><img decoding=\"async\" class=\"size-full wp-image-888\" src=\"https:\/\/swforming.com\/wp-content\/uploads\/2022\/09\/Roll-Forming-Machine.jpg\" alt=\"\" width=\"400\" height=\"300\" title=\"\" srcset=\"https:\/\/swforming.com\/wp-content\/uploads\/2022\/09\/Roll-Forming-Machine.jpg 400w, https:\/\/swforming.com\/wp-content\/uploads\/2022\/09\/Roll-Forming-Machine-300x225.jpg 300w\" sizes=\"(max-width: 400px) 100vw, 400px\" \/><figcaption id=\"caption-attachment-888\" class=\"wp-caption-text\">Rulo \u015eekillendirme Makinesi<\/figcaption><\/figure>\n<figure id=\"attachment_891\" aria-describedby=\"caption-attachment-891\" style=\"width: 400px\" class=\"wp-caption alignright\"><img decoding=\"async\" class=\"size-full wp-image-891\" src=\"https:\/\/swforming.com\/wp-content\/uploads\/2022\/09\/Sample.jpg\" alt=\"\" width=\"400\" height=\"300\" title=\"\" srcset=\"https:\/\/swforming.com\/wp-content\/uploads\/2022\/09\/Sample.jpg 400w, https:\/\/swforming.com\/wp-content\/uploads\/2022\/09\/Sample-300x225.jpg 300w\" sizes=\"(max-width: 400px) 100vw, 400px\" \/><figcaption id=\"caption-attachment-891\" class=\"wp-caption-text\">\u00d6rnek 1<\/figcaption><\/figure>\n<figure id=\"attachment_890\" aria-describedby=\"caption-attachment-890\" style=\"width: 400px\" class=\"wp-caption alignleft\"><img loading=\"lazy\" decoding=\"async\" class=\"size-full wp-image-890\" src=\"https:\/\/swforming.com\/wp-content\/uploads\/2022\/09\/Sample-2.jpg\" alt=\"\" width=\"400\" height=\"300\" title=\"\" srcset=\"https:\/\/swforming.com\/wp-content\/uploads\/2022\/09\/Sample-2.jpg 400w, https:\/\/swforming.com\/wp-content\/uploads\/2022\/09\/Sample-2-300x225.jpg 300w\" sizes=\"(max-width: 400px) 100vw, 400px\" \/><figcaption id=\"caption-attachment-890\" class=\"wp-caption-text\">\u00d6rnek 2<\/figcaption><\/figure>\n<p>&nbsp;<\/p>\n<p>&nbsp;<\/p>\n<p>&nbsp;<\/p>\n<p>&nbsp;<\/p>\n<p>&nbsp;<\/p>\n<p>&nbsp;<\/p>\n<p>&nbsp;<\/p>\n<p>&nbsp;<\/p>\n<figure id=\"attachment_889\" aria-describedby=\"caption-attachment-889\" style=\"width: 400px\" class=\"wp-caption alignright\"><img loading=\"lazy\" decoding=\"async\" class=\"size-full wp-image-889\" src=\"https:\/\/swforming.com\/wp-content\/uploads\/2022\/09\/Sample-3.jpg\" alt=\"\" width=\"400\" height=\"299\" title=\"\" srcset=\"https:\/\/swforming.com\/wp-content\/uploads\/2022\/09\/Sample-3.jpg 400w, https:\/\/swforming.com\/wp-content\/uploads\/2022\/09\/Sample-3-300x224.jpg 300w\" sizes=\"(max-width: 400px) 100vw, 400px\" \/><figcaption id=\"caption-attachment-889\" class=\"wp-caption-text\">\u00d6rnek 3<\/figcaption><\/figure>\n<p>&nbsp;<\/p>\n<p>&nbsp;<\/p>\n<p>&nbsp;<\/p>\n<p>&nbsp;<\/p>\n<p>&nbsp;<\/p>\n<p>&nbsp;<\/p>\n<p>&nbsp;<\/p>\n<p>&nbsp;<\/p>\n<p>&nbsp;<\/p>\n<p>&nbsp;<\/p>\n<h3>oluk rulo \u015fekillendirme makinesi tipi<\/h3>\n<p>\u0130malat end\u00fcstrisinde kullan\u0131lan \u00e7e\u015fitli tiplerde oluk rulo \u015fekillendirme makineleri vard\u0131r. Kullan\u0131lan spesifik makine t\u00fcr\u00fc, olu\u011fun istenen \u015fekline ve boyutuna ve ayr\u0131ca \u00fcretim gereksinimlerine ba\u011fl\u0131 olabilir. \u0130\u015fte baz\u0131 yayg\u0131n oluk rulo \u015fekillendirme makineleri t\u00fcrleri:<\/p>\n<ol>\n<li>K-Stil Oluk Rulo \u015eekillendirme Makinesi: Bu tip makine, konutlarda ve ticari binalarda yayg\u0131n olarak kullan\u0131lan K tarz\u0131 oluklar\u0131 \u00fcretmek i\u00e7in kullan\u0131l\u0131r. K tarz\u0131 oluklar\u0131n d\u00fcz bir taban\u0131 ve \u00f6n taraf\u0131nda dekoratif bir \u015fekli vard\u0131r.<\/li>\n<li>Yar\u0131m Yuvarlak Oluk Rulo \u015eekillendirme Makinesi: Bu makine, yar\u0131m daire kesitli yar\u0131m yuvarlak oluklar \u00fcretmek i\u00e7in tasarlanm\u0131\u015ft\u0131r. Yar\u0131m yuvarlak oluklar genellikle tarihi veya mimari uygulamalarda kullan\u0131l\u0131r.<\/li>\n<li>Kutu Oluk Rulo \u015eekillendirme Makinesi: Kutu oluklar tipik olarak geni\u015f \u00e7at\u0131 alanlar\u0131na sahip end\u00fcstriyel veya ticari binalar i\u00e7in kullan\u0131l\u0131r. Kutu oluk rulo \u015fekillendirme makinesi, daha fazla su kapasitesi sa\u011flayan dikd\u00f6rtgen veya kare \u015fekilli oluklar \u00fcretmek i\u00e7in kullan\u0131l\u0131r.<\/li>\n<li>Fasya Oluk Rulo \u015eekillendirme Makinesi: Fasya oluklar\u0131 \u00e7at\u0131 hatt\u0131na entegre edilir ve tipik olarak fasya panosunun arkas\u0131na gizlenir. Bu tip makineler, binan\u0131n d\u0131\u015f cephesiyle sorunsuz bir \u015fekilde uyum sa\u011flayan oluklar \u00fcretmek i\u00e7in kullan\u0131l\u0131r.<\/li>\n<li>\u00d6zel Oluk Rulo \u015eekillendirme Makineleri: \u00d6zel gereksinimlere ba\u011fl\u0131 olarak, benzersiz \u015fekillere veya profillere sahip oluklar \u00fcretmek i\u00e7in \u00f6zel rulo \u015fekillendirme makineleri tasarlanabilir ve \u00fcretilebilir.<\/li>\n<\/ol>\n<p>Bunlar oluk rulo \u015fekillendirme makinelerine sadece birka\u00e7 \u00f6rnektir. Kullan\u0131lan ger\u00e7ek makine t\u00fcr\u00fc \u00fcreticiye, b\u00f6lgeye ve \u00f6zel sekt\u00f6r ihtiya\u00e7lar\u0131na g\u00f6re de\u011fi\u015febilir.<\/p>\n<h3>Ya\u011fmur olu\u011fu rulo \u015fekillendirme makinesinin ana uygulamalar\u0131 hangi alanlard\u0131r?<\/h3>\n<p>Ya\u011fmur olu\u011fu rulo \u015fekillendirme makinesinin ana uygulamas\u0131 in\u015faat ve yap\u0131 malzemeleri alan\u0131ndad\u0131r. Etkili su drenaj\u0131 i\u00e7in konut ve ticari binalar\u0131n temel bile\u015fenleri olan ya\u011fmur oluklar\u0131n\u0131 \u00fcretmek i\u00e7in \u00f6zel olarak tasarlanm\u0131\u015ft\u0131r.<\/p>\n<p>Ya\u011fmur olu\u011fu rulo \u015fekillendirme makinelerinin yayg\u0131n olarak kullan\u0131ld\u0131\u011f\u0131 ba\u015fl\u0131ca alanlar \u015funlard\u0131r:<\/p>\n<ol>\n<li>\u0130n\u015faat Sekt\u00f6r\u00fc: Ya\u011fmur oluklar\u0131, ya\u011fmur suyunu y\u00f6netmek ve binalarda su hasar\u0131n\u0131 \u00f6nlemek i\u00e7in \u00e7ok \u00f6nemlidir. \u0130n\u015faat end\u00fcstrisi, al\u00fcminyum, \u00e7elik veya PVC gibi \u00e7e\u015fitli boyut, \u015fekil ve malzemelerden oluklar \u00fcretmek i\u00e7in ya\u011fmur olu\u011fu rulo \u015fekillendirme makinelerini yayg\u0131n olarak kullanmaktad\u0131r.<\/li>\n<li>\u00c7at\u0131 Kaplama M\u00fcteahhitleri: \u00c7at\u0131 m\u00fcteahhitleri, hizmetlerini tamamlamak i\u00e7in genellikle ya\u011fmur olu\u011fu rulo \u015fekillendirme makinelerine ihtiya\u00e7 duyarlar. Her \u00e7at\u0131 kaplama projesinin \u00f6zel gereksinimlerine uyacak \u015fekilde yerinde \u00f6zel ya\u011fmur oluklar\u0131 \u00fcretebilir, uygun su y\u00f6netimi ve drenaj sa\u011flayabilirler.<\/li>\n<li>Yap\u0131 Malzemesi \u00dcreticileri: Metal imalat \u015firketleri gibi yap\u0131 malzemeleri konusunda uzmanla\u015fm\u0131\u015f \u00fcreticiler, ya\u011fmur oluklar\u0131n\u0131 daha b\u00fcy\u00fck \u00f6l\u00e7ekte \u00fcretmek i\u00e7in ya\u011fmur olu\u011fu rulo \u015fekillendirme makinelerini kullan\u0131rlar. Bu oluklar in\u015faat \u015firketlerine, m\u00fcteahhitlere tedarik edilebilir veya haz\u0131r \u00fcr\u00fcn olarak do\u011frudan piyasaya sat\u0131labilir.<\/li>\n<li>Ev Geli\u015ftirme ve Yenileme: Ya\u011fmur olu\u011fu rulo \u015fekillendirme makineleri ev geli\u015ftirme ve yenileme sekt\u00f6r\u00fcne de hitap etmektedir. Yeni oluklar\u0131 de\u011fi\u015ftirmek veya kurmak isteyen m\u00fcteahhitler veya ev sahipleri, bu makinelerin sundu\u011fu \u00f6zelle\u015ftirilebilirlik ve verimlilikten faydalanabilir.<\/li>\n<li>Sac Metal \u0130malat\u0131: Ya\u011fmur olu\u011fu rulo \u015fekillendirme makineleri genellikle sac metal imalat s\u00fcre\u00e7lerinde kullan\u0131l\u0131r. Bu makineler, mimarlar\u0131n, m\u00fchendislerin ve y\u00fcklenicilerin \u00f6zel gereksinimlerini kar\u015f\u0131layan hassas boyutlara, \u015fekillere ve profillere sahip oluklar \u00fcretebilir.<\/li>\n<\/ol>\n<p>Genel olarak, ya\u011fmur olu\u011fu rulo \u015fekillendirme makinelerinin birincil uygulamas\u0131, etkili su y\u00f6netimi ve bina korumas\u0131 i\u00e7in ya\u011fmur olu\u011fu \u00fcretiminin gerekli oldu\u011fu in\u015faat end\u00fcstrisi ve ilgili sekt\u00f6rlerde yer almaktad\u0131r.<\/p>\n<h3>Su olu\u011fu rulo \u015fekillendirme makinesi nas\u0131l se\u00e7ilir?<\/h3>\n<p>Bir su olu\u011fu rulo \u015fekillendirme makinesi se\u00e7erken, ihtiya\u00e7lar\u0131n\u0131z i\u00e7in do\u011fru makineyi se\u00e7ti\u011finizden emin olmak i\u00e7in g\u00f6z \u00f6n\u00fcnde bulundurman\u0131z gereken birka\u00e7 fakt\u00f6r vard\u0131r. \u0130\u015fte dikkate al\u0131nmas\u0131 gereken baz\u0131 \u00f6nemli noktalar:<\/p>\n<ol>\n<li>Oluk Profili: K tarz\u0131, yar\u0131m yuvarlak, kutu oluk veya \u00f6zel profiller gibi ihtiyac\u0131n\u0131z olan belirli oluk profilini belirleyin. Se\u00e7ti\u011finiz makinenin istedi\u011finiz oluk profilini do\u011fru ve tutarl\u0131 bir \u015fekilde \u00fcretebildi\u011finden emin olun.<\/li>\n<li>Malzeme Uyumlulu\u011fu: Al\u00fcminyum, \u00e7elik veya bak\u0131r gibi \u00e7al\u0131\u015faca\u011f\u0131n\u0131z malzeme t\u00fcrlerini g\u00f6z \u00f6n\u00fcnde bulundurun. Makinenin kullanmay\u0131 planlad\u0131\u011f\u0131n\u0131z malzemelerle uyumlu oldu\u011fundan ve gerekli kal\u0131nl\u0131k ve geni\u015fli\u011fi i\u015fleyebildi\u011finden emin olun.<\/li>\n<li>\u00dcretim Kapasitesi: \u00dcretim gereksinimlerinizi, belirli bir zaman dilimi i\u00e7inde \u00fcretmeniz gereken oluk hacmi a\u00e7\u0131s\u0131ndan de\u011ferlendirin. \u00dcretim ihtiya\u00e7lar\u0131n\u0131z\u0131 kar\u015f\u0131lamak i\u00e7in uygun h\u0131z ve kapasiteye sahip bir makine se\u00e7in.<\/li>\n<li>Makine Esnekli\u011fi: \u00c7e\u015fitli boyutlarda ve profillerde oluk \u00fcretip \u00fcretmeyece\u011finizi belirleyin. Farkl\u0131 m\u00fc\u015fteri gereksinimlerini kar\u015f\u0131lamak i\u00e7in oluk boyutlar\u0131n\u0131 kolayca ayarlama a\u00e7\u0131s\u0131ndan esneklik sunan bir makine aray\u0131n.<\/li>\n<li>Kalite ve Do\u011fruluk: Makinenin y\u00fcksek hassasiyet ve tutarl\u0131 kalitede oluk \u00fcretebildi\u011finden emin olun. Do\u011fru ve g\u00fcvenilir \u00fcretime katk\u0131da bulunan sa\u011flam yap\u0131, hassas bile\u015fenler ve geli\u015fmi\u015f kontrol sistemleri gibi \u00f6zellikleri aray\u0131n.<\/li>\n<li>\u00d6zelle\u015ftirme Se\u00e7enekleri: \u00d6zel gereksinimleriniz veya benzersiz oluk profilleriniz varsa, makinenin \u00f6zelle\u015ftirilip \u00f6zelle\u015ftirilemeyece\u011fini veya \u00f6zel ihtiya\u00e7lar\u0131n\u0131z\u0131 kar\u015f\u0131layacak \u015fekilde uyarlan\u0131p uyarlanamayaca\u011f\u0131n\u0131 g\u00f6z \u00f6n\u00fcnde bulundurun. Baz\u0131 \u00fcreticiler, farkl\u0131 oluk profilleri i\u00e7in \u00f6zelle\u015ftirme se\u00e7enekleri veya ek tak\u0131m se\u00e7enekleri sunabilir.<\/li>\n<li>Sat\u0131\u015f Sonras\u0131 Destek ve Servis: \u00dcreticinin itibar\u0131n\u0131 ve m\u00fc\u015fteri destek hizmetlerini ara\u015ft\u0131r\u0131n. Makine i\u00e7in teknik destek, e\u011fitim, yedek par\u00e7a bulunabilirli\u011fi ve garanti kapsam\u0131 sunan g\u00fcvenilir bir tedarik\u00e7i aray\u0131n.<\/li>\n<li>Maliyet ve Yat\u0131r\u0131m Getirisi: \u00d6zellikleri, kaliteyi ve sunulan deste\u011fi g\u00f6z \u00f6n\u00fcnde bulundurarak farkl\u0131 makinelerin fiyatlar\u0131n\u0131 kar\u015f\u0131la\u015ft\u0131r\u0131n. Beklenen \u00fcretim \u00e7\u0131kt\u0131s\u0131na ve \u00fcretece\u011finiz oluklara y\u00f6nelik pazar talebine ba\u011fl\u0131 olarak potansiyel yat\u0131r\u0131m getirisini de\u011ferlendirin.<\/li>\n<\/ol>\n<p>Bu fakt\u00f6rleri g\u00f6z \u00f6n\u00fcnde bulundurarak ve kapsaml\u0131 bir ara\u015ft\u0131rma yaparak bilin\u00e7li bir karar verebilir ve \u00f6zel gereksinimlerinize uyan ve i\u015fletmeniz i\u00e7in uzun vadeli de\u011fer sunan bir su olu\u011fu rulo \u015fekillendirme makinesi se\u00e7ebilirsiniz.<\/p>\n<blockquote class=\"wp-embedded-content\" data-secret=\"IDCDEdoexk\"><p><a href=\"https:\/\/swforming.com\/tr\/how-does-gutter-roll-forming-machine-work-and-what-are-its-benefits\/\">Oluk Rulo \u015eekillendirme Makinesi Nas\u0131l \u00c7al\u0131\u015f\u0131r ve Faydalar\u0131 Nelerdir?<\/a><\/p><\/blockquote>\n<p><iframe class=\"wp-embedded-content\" sandbox=\"allow-scripts\" security=\"restricted\" style=\"position: absolute; clip: rect(1px, 1px, 1px, 1px);\" title=\"&quot;Oluk Rulo \u015eekillendirme Makinesi Nas\u0131l \u00c7al\u0131\u015f\u0131r ve Faydalar\u0131 Nelerdir?&quot; - SUNWAY Makine\" src=\"https:\/\/swforming.com\/how-does-gutter-roll-forming-machine-work-and-what-are-its-benefits\/embed\/#?secret=9IQrTTWN0t#?secret=IDCDEdoexk\" data-secret=\"IDCDEdoexk\" width=\"600\" height=\"338\" frameborder=\"0\" marginwidth=\"0\" marginheight=\"0\" scrolling=\"no\"><\/iframe><\/p>\n<p>&nbsp;<\/p>\n<p>&nbsp;<\/p>","protected":false},"excerpt":{"rendered":"<p>Gutter Roll Forming Machine Features: We are not only offer customers a wonderful gutter roll forming machine for making, but also the abundant experience, precision making, stable automatic manufacture by hydraulic power, hi-tech control system, and our enthusiasm. Applications The products produced by the gutter roll forming machine is widely used in factory, workshop, garage, [&hellip;]<\/p>\n","protected":false},"featured_media":892,"comment_status":"open","ping_status":"closed","template":"","meta":{"_acf_changed":false},"product_brand":[],"product_cat":[82,45],"product_tag":[],"class_list":{"0":"post-885","1":"product","2":"type-product","3":"status-publish","4":"has-post-thumbnail","6":"product_cat-gutter-roll-forming-machine","7":"product_cat-metal-wall-roofing","9":"first","10":"instock","11":"shipping-taxable","12":"product-type-simple"},"acf":[],"_links":{"self":[{"href":"https:\/\/swforming.com\/tr\/wp-json\/wp\/v2\/product\/885","targetHints":{"allow":["GET"]}}],"collection":[{"href":"https:\/\/swforming.com\/tr\/wp-json\/wp\/v2\/product"}],"about":[{"href":"https:\/\/swforming.com\/tr\/wp-json\/wp\/v2\/types\/product"}],"replies":[{"embeddable":true,"href":"https:\/\/swforming.com\/tr\/wp-json\/wp\/v2\/comments?post=885"}],"version-history":[{"count":4,"href":"https:\/\/swforming.com\/tr\/wp-json\/wp\/v2\/product\/885\/revisions"}],"predecessor-version":[{"id":3251,"href":"https:\/\/swforming.com\/tr\/wp-json\/wp\/v2\/product\/885\/revisions\/3251"}],"wp:featuredmedia":[{"embeddable":true,"href":"https:\/\/swforming.com\/tr\/wp-json\/wp\/v2\/media\/892"}],"wp:attachment":[{"href":"https:\/\/swforming.com\/tr\/wp-json\/wp\/v2\/media?parent=885"}],"wp:term":[{"taxonomy":"product_brand","embeddable":true,"href":"https:\/\/swforming.com\/tr\/wp-json\/wp\/v2\/product_brand?post=885"},{"taxonomy":"product_cat","embeddable":true,"href":"https:\/\/swforming.com\/tr\/wp-json\/wp\/v2\/product_cat?post=885"},{"taxonomy":"product_tag","embeddable":true,"href":"https:\/\/swforming.com\/tr\/wp-json\/wp\/v2\/product_tag?post=885"}],"curies":[{"name":"wp","href":"https:\/\/api.w.org\/{rel}","templated":true}]}}