{"id":826,"date":"2022-09-23T06:22:19","date_gmt":"2022-09-23T06:22:19","guid":{"rendered":"https:\/\/swforming.com\/?post_type=product&#038;p=826"},"modified":"2023-03-10T11:57:10","modified_gmt":"2023-03-10T11:57:10","slug":"2-profile-in-1-roll-forming-machine","status":"publish","type":"product","link":"https:\/\/swforming.com\/tr\/product\/2-profile-in-1-roll-forming-machine\/","title":{"rendered":"1 rulo \u015fekillendirme makinesinde 2 profil"},"content":{"rendered":"<h3>1 rulo \u015fekillendirme makinesinde 2 profil \u00d6zet<\/h3>\n<ul>\n<li>Malzeme: Renkli \u00e7elik, Galvanizli bobin<\/li>\n<li>Malzeme Kal\u0131nl\u0131\u011f\u0131: 0.4-1.5mm<\/li>\n<li>\u015eekillendirme H\u0131z\u0131: 10-15m\/dak<\/li>\n<\/ul>\n<h3>1 rulo \u015fekillendirme makinesinde 2 profil Ana Par\u00e7alar<\/h3>\n<ul>\n<li>Manuel A\u00e7\u0131c\u0131<\/li>\n<li>Besleme K\u0131lavuzu<\/li>\n<li>Rulo \u015eekillendirme Sistemi<\/li>\n<li>Hidrolik Kesme<\/li>\n<li>PLC Kontrol Sistemi<\/li>\n<li>\u00c7\u0131k\u0131\u015f Tablosu<\/li>\n<\/ul>\n<h3>Akan \u00c7al\u0131\u015fma<\/h3>\n<p>A\u00e7\u0131c\u0131 - K\u0131lavuz - Rulo \u015eekillendirme - Kesme - \u00c7al\u0131\u015ft\u0131rma masas\u0131<\/p>\n<figure id=\"attachment_827\" aria-describedby=\"caption-attachment-827\" style=\"width: 800px\" class=\"wp-caption alignnone\"><img fetchpriority=\"high\" decoding=\"async\" class=\"wp-image-827\" src=\"https:\/\/swforming.com\/wp-content\/uploads\/2022\/09\/Working-Flowing.jpg\" alt=\"1 rulo \u015fekillendirme makinesinde 2 profil\" width=\"800\" height=\"600\" title=\"\" srcset=\"https:\/\/swforming.com\/wp-content\/uploads\/2022\/09\/Working-Flowing.jpg 1000w, https:\/\/swforming.com\/wp-content\/uploads\/2022\/09\/Working-Flowing-600x450.jpg 600w, https:\/\/swforming.com\/wp-content\/uploads\/2022\/09\/Working-Flowing-300x225.jpg 300w, https:\/\/swforming.com\/wp-content\/uploads\/2022\/09\/Working-Flowing-768x576.jpg 768w\" sizes=\"(max-width: 800px) 100vw, 800px\" \/><figcaption id=\"caption-attachment-827\" class=\"wp-caption-text\">(Yukar\u0131daki resim sadece referans i\u00e7indir)<\/figcaption><\/figure>\n<h3>1 rulo \u015fekillendirme makinesinde 2 profil Teknik Veriler:<\/h3>\n<h4>1). Manuel A\u00e7\u0131c\u0131<\/h4>\n<ul>\n<li>* A\u00e7\u0131c\u0131 Tipi: Manuel A\u00e7\u0131c\u0131<\/li>\n<li>* A\u00e7\u0131c\u0131n\u0131n A\u011f\u0131rl\u0131k Kapasitesi: 3 Ton<\/li>\n<li>* \u0130\u00e7 \u00c7ap. \u03a6460-520mm<\/li>\n<li>* D\u0131\u015f \u00c7ap. \u03a61400mm<\/li>\n<\/ul>\n<p>Referans resim:<\/p>\n<p><img decoding=\"async\" class=\"alignnone size-full wp-image-828\" src=\"https:\/\/swforming.com\/wp-content\/uploads\/2022\/09\/Manual-Decoiler.jpeg\" alt=\"\" width=\"800\" height=\"600\" title=\"\" srcset=\"https:\/\/swforming.com\/wp-content\/uploads\/2022\/09\/Manual-Decoiler.jpeg 800w, https:\/\/swforming.com\/wp-content\/uploads\/2022\/09\/Manual-Decoiler-600x450.jpeg 600w, https:\/\/swforming.com\/wp-content\/uploads\/2022\/09\/Manual-Decoiler-300x225.jpeg 300w, https:\/\/swforming.com\/wp-content\/uploads\/2022\/09\/Manual-Decoiler-768x576.jpeg 768w\" sizes=\"(max-width: 800px) 100vw, 800px\" \/><\/p>\n<h4>2). Rulo \u015eekillendirme Sistemi<\/h4>\n<ul>\n<li>Eksen \u00c7ap\u0131:60 mm<\/li>\n<li>\u015eekillendirme Silindiri stand\u0131: 10-12Gruplar<\/li>\n<li>Ana Eksen malzemesi: Birinci s\u0131n\u0131f 45# \u00e7elik, \u0131s\u0131t\u0131lm\u0131\u015f ve su verilmi\u015f<\/li>\n<li>Makara malzemesi: Birinci s\u0131n\u0131f 45# \u00e7elik, sert krom 0.05mm, S\u00f6nd\u00fcr\u00fclm\u00fc\u015f ve \u0131s\u0131t\u0131lm\u0131\u015f i\u015flem<\/li>\n<li>Tahrik Tipi: 1\" \u015eanz\u0131man zinciri<\/li>\n<li>Zincir malzemesi: 45#\u00e7elik, HRC45-50<\/li>\n<li>Makine \u00c7er\u00e7evesi stand\u0131: Kaynakl\u0131 yap\u0131sal \u00e7elik<\/li>\n<li>Ana motor g\u00fcc\u00fc: 5,5 KW<\/li>\n<\/ul>\n<p>Referans resim:<\/p>\n<p><img decoding=\"async\" class=\"alignnone wp-image-829\" src=\"https:\/\/swforming.com\/wp-content\/uploads\/2022\/09\/Roll-Forming-system01.jpg\" alt=\"\" width=\"600\" height=\"450\" title=\"\" srcset=\"https:\/\/swforming.com\/wp-content\/uploads\/2022\/09\/Roll-Forming-system01.jpg 800w, https:\/\/swforming.com\/wp-content\/uploads\/2022\/09\/Roll-Forming-system01-600x450.jpg 600w, https:\/\/swforming.com\/wp-content\/uploads\/2022\/09\/Roll-Forming-system01-300x225.jpg 300w, https:\/\/swforming.com\/wp-content\/uploads\/2022\/09\/Roll-Forming-system01-768x576.jpg 768w\" sizes=\"(max-width: 600px) 100vw, 600px\" \/><\/p>\n<h4>3) Kesme Cihaz\u0131 (2 boy i\u00e7erir)<\/h4>\n<ul>\n<li>Kesim tipi: Hidrolik kesim<\/li>\n<li>Hidrolik pompa istasyonu g\u00fcc\u00fc: 4 KW<\/li>\n<li>Hidrolik bas\u0131n\u00e7: 12Mpa<\/li>\n<li>Hidrolik B\u0131\u00e7ak ve kesici malzeme: Cr12, su verme i\u015flemi 58-62<\/li>\n<li>Kesme uzunlu\u011fu tolerans\u0131: 10M+\/- 2,0 mm<\/li>\n<\/ul>\n<p>Referans resim:<\/p>\n<p><img loading=\"lazy\" decoding=\"async\" class=\"alignnone wp-image-830\" src=\"https:\/\/swforming.com\/wp-content\/uploads\/2022\/09\/Cutting-Device.jpg\" alt=\"\" width=\"600\" height=\"606\" title=\"\" srcset=\"https:\/\/swforming.com\/wp-content\/uploads\/2022\/09\/Cutting-Device.jpg 800w, https:\/\/swforming.com\/wp-content\/uploads\/2022\/09\/Cutting-Device-100x100.jpg 100w, https:\/\/swforming.com\/wp-content\/uploads\/2022\/09\/Cutting-Device-600x606.jpg 600w, https:\/\/swforming.com\/wp-content\/uploads\/2022\/09\/Cutting-Device-297x300.jpg 297w, https:\/\/swforming.com\/wp-content\/uploads\/2022\/09\/Cutting-Device-768x776.jpg 768w\" sizes=\"(max-width: 600px) 100vw, 600px\" \/><\/p>\n<h4>4). Elektrik Sistemi<\/h4>\n<ul>\n<li>Gerilim: 380V, 3 Faz 50Hz<\/li>\n<li>PLC Elektrik kontrol sistemi: PANASON\u0130K<\/li>\n<li>Uzunluk Kontrol Cihaz\u0131: Enkoder Frekans Kontrol Sistemi<\/li>\n<li>Operasyon: Dokunmatik Ekran<\/li>\n<li>D\u00f6n\u00fc\u015ft\u00fcr\u00fcc\u00fc: Japonya YASKAWA<\/li>\n<\/ul>\n<p>Referans resim:<\/p>\n<p><img loading=\"lazy\" decoding=\"async\" class=\"alignnone wp-image-831\" src=\"https:\/\/swforming.com\/wp-content\/uploads\/2022\/09\/Eletrcnic-System.jpg\" alt=\"\" width=\"600\" height=\"770\" title=\"\" srcset=\"https:\/\/swforming.com\/wp-content\/uploads\/2022\/09\/Eletrcnic-System.jpg 800w, https:\/\/swforming.com\/wp-content\/uploads\/2022\/09\/Eletrcnic-System-600x770.jpg 600w, https:\/\/swforming.com\/wp-content\/uploads\/2022\/09\/Eletrcnic-System-234x300.jpg 234w, https:\/\/swforming.com\/wp-content\/uploads\/2022\/09\/Eletrcnic-System-798x1024.jpg 798w, https:\/\/swforming.com\/wp-content\/uploads\/2022\/09\/Eletrcnic-System-768x986.jpg 768w\" sizes=\"(max-width: 600px) 100vw, 600px\" \/><\/p>\n<h4>5) Salg\u0131 Tablosu<\/h4>\n<ul>\n<li>G\u00fc\u00e7s\u00fcz tip<\/li>\n<li>Miktar:2<\/li>\n<\/ul>\n<p><img loading=\"lazy\" decoding=\"async\" class=\"alignnone size-full wp-image-832\" src=\"https:\/\/swforming.com\/wp-content\/uploads\/2022\/09\/Runout-Table01.jpg\" alt=\"\" width=\"600\" height=\"450\" title=\"\" srcset=\"https:\/\/swforming.com\/wp-content\/uploads\/2022\/09\/Runout-Table01.jpg 600w, https:\/\/swforming.com\/wp-content\/uploads\/2022\/09\/Runout-Table01-300x225.jpg 300w\" sizes=\"(max-width: 600px) 100vw, 600px\" \/><\/p>","protected":false},"excerpt":{"rendered":"<p>2 profile in 1 roll forming machine Summary Material: Color steel, Galvanized coil Material Thickness: 0.4-1.5mm Forming Speed: 10-15m\/min 2 profile in 1 roll forming machine Main Parts Manual Decoiler Feeding Guide Roll Forming System Hydraulic Cutting PLC Control System Run-out Table Working Flowing Decoiler&#8212;\u00a0Guide&#8211;Roll Forming&#8212;- cutting&#8211;Run out table 2 profile in 1 roll forming [&hellip;]<\/p>\n","protected":false},"featured_media":834,"comment_status":"open","ping_status":"closed","template":"","meta":{"_acf_changed":false},"product_brand":[],"product_cat":[45,114],"product_tag":[],"class_list":{"0":"post-826","1":"product","2":"type-product","3":"status-publish","4":"has-post-thumbnail","6":"product_cat-metal-wall-roofing","7":"product_cat-roll-former","9":"first","10":"instock","11":"shipping-taxable","12":"product-type-simple"},"acf":[],"_links":{"self":[{"href":"https:\/\/swforming.com\/tr\/wp-json\/wp\/v2\/product\/826","targetHints":{"allow":["GET"]}}],"collection":[{"href":"https:\/\/swforming.com\/tr\/wp-json\/wp\/v2\/product"}],"about":[{"href":"https:\/\/swforming.com\/tr\/wp-json\/wp\/v2\/types\/product"}],"replies":[{"embeddable":true,"href":"https:\/\/swforming.com\/tr\/wp-json\/wp\/v2\/comments?post=826"}],"version-history":[{"count":1,"href":"https:\/\/swforming.com\/tr\/wp-json\/wp\/v2\/product\/826\/revisions"}],"predecessor-version":[{"id":1270,"href":"https:\/\/swforming.com\/tr\/wp-json\/wp\/v2\/product\/826\/revisions\/1270"}],"wp:featuredmedia":[{"embeddable":true,"href":"https:\/\/swforming.com\/tr\/wp-json\/wp\/v2\/media\/834"}],"wp:attachment":[{"href":"https:\/\/swforming.com\/tr\/wp-json\/wp\/v2\/media?parent=826"}],"wp:term":[{"taxonomy":"product_brand","embeddable":true,"href":"https:\/\/swforming.com\/tr\/wp-json\/wp\/v2\/product_brand?post=826"},{"taxonomy":"product_cat","embeddable":true,"href":"https:\/\/swforming.com\/tr\/wp-json\/wp\/v2\/product_cat?post=826"},{"taxonomy":"product_tag","embeddable":true,"href":"https:\/\/swforming.com\/tr\/wp-json\/wp\/v2\/product_tag?post=826"}],"curies":[{"name":"wp","href":"https:\/\/api.w.org\/{rel}","templated":true}]}}