{"id":815,"date":"2022-09-23T03:39:27","date_gmt":"2022-09-23T03:39:27","guid":{"rendered":"https:\/\/swforming.com\/?post_type=product&#038;p=815"},"modified":"2023-06-30T07:06:07","modified_gmt":"2023-06-30T07:06:07","slug":"two-waves-highway-guardrail-machine","status":"publish","type":"product","link":"https:\/\/swforming.com\/tr\/product\/two-waves-highway-guardrail-machine\/","title":{"rendered":"\u0130ki dalgal\u0131 otoyol korkuluk makinesi"},"content":{"rendered":"<h3>\u0130ki dalgal\u0131 otoyol korkuluk makinesi \u00d6zellikler:<\/h3>\n<p>\u0130ki dalgal\u0131 otoyol korkuluk makinesi, otoyol veya di\u011fer hayvanc\u0131l\u0131k \u00e7iftlikleri i\u00e7in kullan\u0131lan farkl\u0131 boyutlarda 2 dalgal\u0131 korkuluk \u00fcretebilir.<\/p>\n<h3>Uygulamalar<\/h3>\n<p>Bitmi\u015f \u00fcr\u00fcnler \u00e7e\u015fitli korkuluk, otoyol korkulu\u011fu, \u00e7it ve di\u011fer hayvanc\u0131l\u0131k \u00e7iftlikleri olarak kullan\u0131l\u0131r.<\/p>\n<h3>S\u00fcre\u00e7 Ak\u0131\u015f\u0131<\/h3>\n<p>A\u00e7\u0131c\u0131 - besleme - tesviye - delme - rulo \u015fekillendirme - kesme - \u00e7\u0131k\u0131\u015f<\/p>\n<p><img fetchpriority=\"high\" decoding=\"async\" class=\"alignnone wp-image-797 size-full\" src=\"https:\/\/swforming.com\/wp-content\/uploads\/2022\/09\/Process-Flow.jpg\" alt=\"\u0130ki dalgal\u0131 otoyol korkuluk makinesi\" width=\"1000\" height=\"317\" title=\"\" srcset=\"https:\/\/swforming.com\/wp-content\/uploads\/2022\/09\/Process-Flow.jpg 1000w, https:\/\/swforming.com\/wp-content\/uploads\/2022\/09\/Process-Flow-600x190.jpg 600w, https:\/\/swforming.com\/wp-content\/uploads\/2022\/09\/Process-Flow-300x95.jpg 300w, https:\/\/swforming.com\/wp-content\/uploads\/2022\/09\/Process-Flow-768x243.jpg 768w\" sizes=\"(max-width: 1000px) 100vw, 1000px\" \/><\/p>\n<h3>Makine Konfig\u00fcrasyonlar\u0131<\/h3>\n<div>\n<table>\n<tbody>\n<tr>\n<td data-sheets-value=\"{&quot;1&quot;:3,&quot;3&quot;:1}\">1<\/td>\n<td data-sheets-value=\"{&quot;1&quot;:2,&quot;2&quot;:&quot;Uncoiler&quot;}\">A\u00e7\u0131c\u0131<\/td>\n<\/tr>\n<tr>\n<td data-sheets-value=\"{&quot;1&quot;:3,&quot;3&quot;:2}\">2<\/td>\n<td data-sheets-value=\"{&quot;1&quot;:2,&quot;2&quot;:&quot;Guide feeder&quot;}\">K\u0131lavuz besleyici<\/td>\n<\/tr>\n<tr>\n<td data-sheets-value=\"{&quot;1&quot;:3,&quot;3&quot;:3}\">3<\/td>\n<td data-sheets-value=\"{&quot;1&quot;:2,&quot;2&quot;:&quot;Leveling unit&quot;}\">Tesviye \u00fcnitesi<\/td>\n<\/tr>\n<tr>\n<td data-sheets-value=\"{&quot;1&quot;:3,&quot;3&quot;:4}\">4<\/td>\n<td data-sheets-value=\"{&quot;1&quot;:2,&quot;2&quot;:&quot;Punching unit&quot;}\">Delme \u00fcnitesi<\/td>\n<\/tr>\n<tr>\n<td data-sheets-value=\"{&quot;1&quot;:3,&quot;3&quot;:5}\">5<\/td>\n<td data-sheets-value=\"{&quot;1&quot;:2,&quot;2&quot;:&quot;Roll former&quot;}\">Eski rulo<\/td>\n<\/tr>\n<tr>\n<td data-sheets-value=\"{&quot;1&quot;:3,&quot;3&quot;:6}\">6<\/td>\n<td data-sheets-value=\"{&quot;1&quot;:2,&quot;2&quot;:&quot;Hydraulic cutting unit&quot;}\">\n<div>\n<div>Hidrolik kesme \u00fcnitesi<\/div>\n<\/div>\n<\/td>\n<\/tr>\n<tr>\n<td data-sheets-value=\"{&quot;1&quot;:3,&quot;3&quot;:7}\">7<\/td>\n<td data-sheets-value=\"{&quot;1&quot;:2,&quot;2&quot;:&quot;PLC Control System&quot;}\">\n<div>\n<div>PLC Kontrol Sistemi<\/div>\n<\/div>\n<\/td>\n<\/tr>\n<tr>\n<td data-sheets-value=\"{&quot;1&quot;:3,&quot;3&quot;:8}\">8<\/td>\n<td data-sheets-value=\"{&quot;1&quot;:2,&quot;2&quot;:&quot;Hydraulic station&quot;}\">\n<div>\n<div>Hidrolik istasyon<\/div>\n<\/div>\n<\/td>\n<\/tr>\n<tr>\n<td data-sheets-value=\"{&quot;1&quot;:3,&quot;3&quot;:9}\">9<\/td>\n<td data-sheets-value=\"{&quot;1&quot;:2,&quot;2&quot;:&quot;Output table&quot;}\">\u00c7\u0131kt\u0131 tablosu<\/td>\n<\/tr>\n<\/tbody>\n<\/table>\n<\/div>\n<h3>Referans i\u00e7in Profil \u00c7izimleri<\/h3>\n<p><img decoding=\"async\" class=\"alignnone size-full wp-image-817\" src=\"https:\/\/swforming.com\/wp-content\/uploads\/2022\/09\/829275ad-0330-4541-9baf-ba84947c6b4d.jpg\" alt=\"\" width=\"1000\" height=\"609\" title=\"\" srcset=\"https:\/\/swforming.com\/wp-content\/uploads\/2022\/09\/829275ad-0330-4541-9baf-ba84947c6b4d.jpg 1000w, https:\/\/swforming.com\/wp-content\/uploads\/2022\/09\/829275ad-0330-4541-9baf-ba84947c6b4d-600x365.jpg 600w, https:\/\/swforming.com\/wp-content\/uploads\/2022\/09\/829275ad-0330-4541-9baf-ba84947c6b4d-300x183.jpg 300w, https:\/\/swforming.com\/wp-content\/uploads\/2022\/09\/829275ad-0330-4541-9baf-ba84947c6b4d-768x468.jpg 768w\" sizes=\"(max-width: 1000px) 100vw, 1000px\" \/><\/p>\n<p>&nbsp;<\/p>\n<p>&nbsp;<\/p>\n<p><img decoding=\"async\" class=\"alignnone size-full wp-image-818\" src=\"https:\/\/swforming.com\/wp-content\/uploads\/2022\/09\/3465bf02-8bfa-4650-8f47-b1dcda89854b.jpg\" alt=\"\" width=\"750\" height=\"499\" title=\"\" srcset=\"https:\/\/swforming.com\/wp-content\/uploads\/2022\/09\/3465bf02-8bfa-4650-8f47-b1dcda89854b.jpg 750w, https:\/\/swforming.com\/wp-content\/uploads\/2022\/09\/3465bf02-8bfa-4650-8f47-b1dcda89854b-600x399.jpg 600w, https:\/\/swforming.com\/wp-content\/uploads\/2022\/09\/3465bf02-8bfa-4650-8f47-b1dcda89854b-300x200.jpg 300w\" sizes=\"(max-width: 750px) 100vw, 750px\" \/><\/p>\n<h3>Referans i\u00e7in Foto\u011fraflar<\/h3>\n<p><img loading=\"lazy\" decoding=\"async\" class=\"alignnone wp-image-806 size-full\" src=\"https:\/\/swforming.com\/wp-content\/uploads\/2022\/09\/3T-Hydraulic-decoiler-1.jpg\" alt=\"otoyol korkuluk rulo \u015fekillendirme makinesi\" width=\"1000\" height=\"750\" title=\"\" srcset=\"https:\/\/swforming.com\/wp-content\/uploads\/2022\/09\/3T-Hydraulic-decoiler-1.jpg 1000w, https:\/\/swforming.com\/wp-content\/uploads\/2022\/09\/3T-Hydraulic-decoiler-1-600x450.jpg 600w, https:\/\/swforming.com\/wp-content\/uploads\/2022\/09\/3T-Hydraulic-decoiler-1-300x225.jpg 300w, https:\/\/swforming.com\/wp-content\/uploads\/2022\/09\/3T-Hydraulic-decoiler-1-768x576.jpg 768w\" sizes=\"(max-width: 1000px) 100vw, 1000px\" \/><\/p>\n<h3>Otoyol korkuluk rulo \u015fekillendirme makinesi nedir?<\/h3>\n<p>Otoyol korkuluk rulo \u015fekillendirme makinesi, otoyol korkuluklar\u0131n\u0131n \u00fcretim s\u00fcrecinde kullan\u0131lan \u00f6zel bir ekipman par\u00e7as\u0131d\u0131r. Otoyol korkuluklar\u0131, ara\u00e7lar\u0131n yoldan \u00e7\u0131kmas\u0131n\u0131 veya kar\u015f\u0131dan gelen trafi\u011fe ge\u00e7mesini \u00f6nlemek i\u00e7in yollar\u0131n ve otoyollar\u0131n kenarlar\u0131na yerle\u015ftirilen g\u00fcvenlik bariyerleridir.<\/p>\n<p>Rulo \u015fekillendirme makinesi, metal levhalar\u0131 otoyol korkuluklar\u0131 i\u00e7in gerekli olan belirli profil ve boyutlara d\u00f6n\u00fc\u015ft\u00fcrmek ve \u015fekillendirmek i\u00e7in tasarlanm\u0131\u015ft\u0131r. Tipik olarak, metal levhay\u0131 makineden ge\u00e7erken kademeli olarak b\u00fcken ve \u015fekillendiren bir dizi silindir ve tak\u0131m setinden olu\u015fur. Makine, saca s\u00fcrekli bas\u0131n\u00e7 ve \u015fekillendirme eylemleri uygulayarak tutarl\u0131 ve hassas bir profil elde edilmesini sa\u011flar.<\/p>\n<p>S\u00fcre\u00e7, metal bir bobinin makineye y\u00fcklenmesiyle ba\u015flar ve bu bobin daha sonra silindirlerden ge\u00e7irilir. Silindirler, metal levhay\u0131 kademeli olarak istenen \u015fekle b\u00fckerek otoyol korkuluklar\u0131nda yayg\u0131n olarak kullan\u0131lan karakteristik w-kiri\u015f veya \u00fc\u00e7-kiri\u015f profillerini olu\u015fturur. Sabitleme i\u00e7in delik a\u00e7ma ve daha fazla mukavemet i\u00e7in kabartma gibi ek i\u015flemler, rulo \u015fekillendirme i\u015flemine entegre edilebilir.<\/p>\n<p>Otoyol korkuluk rulo \u015fekillendirme makineleri tipik olarak otomatiktir ve bilgisayarl\u0131 sistemler kullan\u0131larak kontrol edilebilir. Bu, verimli ve tutarl\u0131 \u00fcretime olanak tan\u0131r, el i\u015f\u00e7ili\u011fini azalt\u0131r ve nihai \u00fcr\u00fcnlerde tekd\u00fczelik sa\u011flar. Rulo \u015fekillendirme makineleri, karayolu yetkilileri ve ula\u015f\u0131m departmanlar\u0131n\u0131n gerektirdi\u011fi g\u00fcvenlik standartlar\u0131n\u0131 ve spesifikasyonlar\u0131 kar\u015f\u0131lamak i\u00e7in otoyol korkuluklar\u0131 \u00fcretiminde uzmanla\u015fm\u0131\u015f \u00fcreticiler veya imalat\u00e7\u0131lar taraf\u0131ndan kullan\u0131l\u0131r.<\/p>\n<h3>\u00c7in'de en iyi 5 otoyol korkuluk rulo \u015fekillendirme makinesi \u00fcreticileri<\/h3>\n<ol>\n<li>WUXI SUNWAY MACHINERY CO, LTD, so\u011fuk rulo \u015fekillendirme makinelerinin tasar\u0131m\u0131, geli\u015ftirilmesi ve \u00fcretimi ile ilgilenen profesyonel bir \u00fcretici ve ihracat\u00e7\u0131d\u0131r. T\u00fcm \u00fcr\u00fcnler uluslararas\u0131 kalite standartlar\u0131na uygundur ve Asya, Afrika, Avrupa, G\u00fcney Amerika ve Avustralya gibi d\u00fcnya \u00e7ap\u0131nda \u00e7e\u015fitli farkl\u0131 pazarlarda b\u00fcy\u00fck be\u011feni toplamaktad\u0131r. K\u00fcresel bir sat\u0131\u015f a\u011f\u0131 kazanm\u0131\u015ft\u0131r.<\/li>\n<li>Hangzhou Roll Forming Technology Co, Ltd. (HFT): HFT, otoyol korkuluk rulo \u015fekillendirme makineleri de dahil olmak \u00fczere rulo \u015fekillendirme makinelerinin lider \u00fcreticisidir. Y\u00fcksek kaliteli ekipman \u00fcretme ve g\u00fcvenilir sat\u0131\u015f sonras\u0131 hizmet sa\u011flama konusunda g\u00fc\u00e7l\u00fc bir \u00fcne sahiptir.<\/li>\n<li>Jiangsu Huazhong Roll Forming Machine Co, Ltd: Huazhong, rulo \u015fekillendirme makineleri konusunda uzmanla\u015fm\u0131\u015f k\u00f6kl\u00fc bir \u015firkettir. Hassasiyetleri ve dayan\u0131kl\u0131l\u0131klar\u0131yla bilinen bir dizi otoyol korkuluk rulo \u015fekillendirme makinesi sunarlar.<\/li>\n<li>Shenzhen Superda Machine Co, Ltd: Superda Machine, otoyol korkuluk \u00fcretimi de dahil olmak \u00fczere \u00e7e\u015fitli uygulamalar i\u00e7in g\u00fcvenilir bir rulo \u015fekillendirme makineleri \u00fcreticisidir. \u00d6zel gereksinimleri kar\u015f\u0131lamak i\u00e7in uyarlanm\u0131\u015f \u00f6zel \u00e7\u00f6z\u00fcmler sunarlar.<\/li>\n<li>Tianjin Haixing Imp &amp; Exp Co, Ltd: Haixing, rulo \u015fekillendirme makinelerinin sayg\u0131n bir \u00fcreticisi ve ihracat\u00e7\u0131s\u0131d\u0131r. Verimlilikleri ve maliyet etkinlikleri ile bilinen otoyol korkuluk rulo \u015fekillendirme makineleri de dahil olmak \u00fczere \u00e7ok \u00e7e\u015fitli rulo \u015fekillendirme ekipman\u0131 sunarlar.<\/li>\n<\/ol>\n<h3>otoyol korkuluk yapma makinesi uygulamas\u0131<\/h3>\n<ol>\n<li>Otoyol \u0130n\u015faat\u0131: Otoyol korkuluklar\u0131n\u0131n birincil uygulamas\u0131 yol ve otoyol yap\u0131m\u0131d\u0131r. Korkuluklar, ara\u00e7lar\u0131n karayolundan \u00e7\u0131kmas\u0131n\u0131 veya kar\u015f\u0131dan gelen trafi\u011fe ge\u00e7mesini \u00f6nleyerek g\u00fcvenli\u011fi art\u0131rmak i\u00e7in yolun kenarlar\u0131na monte edilir. Otokorkuluk yapma makinesi, bu g\u00fcvenlik bariyerleri i\u00e7in gerekli bile\u015fenleri \u00fcretmek i\u00e7in kullan\u0131l\u0131r.<\/li>\n<li>Altyap\u0131 Projeleri: Otokorkuluk makinesi, g\u00fcvenlik bariyerleri gerektiren \u00e7e\u015fitli altyap\u0131 projelerinde uygulama alan\u0131 bulur. Bu, ara\u00e7lar\u0131 ve yayalar\u0131 korumak i\u00e7in korkuluklar\u0131n gerekli oldu\u011fu k\u00f6pr\u00fcleri, \u00fcst ge\u00e7itleri, t\u00fcnelleri ve di\u011fer ula\u015f\u0131m altyap\u0131 projelerini i\u00e7erir.<\/li>\n<li>Yol Bak\u0131m\u0131 ve \u0130yile\u015ftirmeleri: A\u015f\u0131nma ve y\u0131pranma, kazalar veya yol tasar\u0131m\u0131ndaki de\u011fi\u015fiklikler nedeniyle korkuluklar\u0131n onar\u0131lmas\u0131 veya de\u011fi\u015ftirilmesi gerekebilir. Otokorkuluk makinesi, bu bak\u0131m ve y\u00fckseltme projeleri i\u00e7in yeni bile\u015fenler \u00fcretmek i\u00e7in kullan\u0131l\u0131r ve tutarl\u0131 ve uyumlu otokorkuluk profilleri sa\u011flar.<\/li>\n<li>Uluslararas\u0131 Projeler: D\u00fcnya \u00e7ap\u0131nda bir\u00e7ok \u00fclke, yol g\u00fcvenli\u011fini art\u0131rmak i\u00e7in otoyol korkuluklar\u0131 kullanmaktad\u0131r. Otokorkuluk yapma makinesi, farkl\u0131 b\u00f6lgelerin belirli g\u00fcvenlik standartlar\u0131n\u0131 ve gereksinimlerini kar\u015f\u0131lamak i\u00e7in uluslararas\u0131 projelerde kullan\u0131lmaktad\u0131r.<\/li>\n<li>\u0130hracat: \u00c7inli otoyol korkuluk yap\u0131m makinesi \u00fcreticileri ekipmanlar\u0131n\u0131 genellikle d\u00fcnya \u00e7ap\u0131ndaki \u00fclkelere ihra\u00e7 etmektedir. Makine, farkl\u0131 b\u00f6lgelerdeki yerel \u00fcreticilerin kendi otokorkuluklar\u0131n\u0131 \u00fcretmelerini sa\u011flayarak ithal \u00fcr\u00fcnlere olan ba\u011f\u0131ml\u0131l\u0131\u011f\u0131 azalt\u0131r ve yerel d\u00fczenlemelere uygunlu\u011fu sa\u011flar.<\/li>\n<\/ol>","protected":false},"excerpt":{"rendered":"<p><strong>\u00d6zellikler<\/strong><\/p>\n<p>\u0130ki dalgal\u0131 otoyol korkuluk makinesi, otoyol veya di\u011fer hayvanc\u0131l\u0131k \u00e7iftlikleri i\u00e7in kullan\u0131lan farkl\u0131 boyutlarda 2 dalgal\u0131 korkuluk \u00fcretebilir.<\/p>\n<p><strong><b>Uygulamalar<\/b><\/strong><\/p>\n<p>Bitmi\u015f \u00fcr\u00fcnler \u00e7e\u015fitli korkuluk, otoyol korkulu\u011fu, \u00e7it ve di\u011fer hayvanc\u0131l\u0131k \u00e7iftlikleri olarak kullan\u0131l\u0131r.<\/p>\n<p><strong><b>S\u00fcre\u00e7 Ak\u0131\u015f\u0131<\/b><\/strong><\/p>\n<p>A\u00e7\u0131c\u0131 - besleme - tesviye - delme - rulo \u015fekillendirme - kesme - \u00e7\u0131k\u0131\u015f<\/p>","protected":false},"featured_media":819,"comment_status":"open","ping_status":"closed","template":"","meta":{"_acf_changed":false},"product_brand":[],"product_cat":[37,94],"product_tag":[],"class_list":{"0":"post-815","1":"product","2":"type-product","3":"status-publish","4":"has-post-thumbnail","6":"product_cat-highway-engineering-vehicle","7":"product_cat-highway-guardrail-roll-forming-machine","9":"first","10":"instock","11":"shipping-taxable","12":"product-type-simple"},"acf":[],"_links":{"self":[{"href":"https:\/\/swforming.com\/tr\/wp-json\/wp\/v2\/product\/815","targetHints":{"allow":["GET"]}}],"collection":[{"href":"https:\/\/swforming.com\/tr\/wp-json\/wp\/v2\/product"}],"about":[{"href":"https:\/\/swforming.com\/tr\/wp-json\/wp\/v2\/types\/product"}],"replies":[{"embeddable":true,"href":"https:\/\/swforming.com\/tr\/wp-json\/wp\/v2\/comments?post=815"}],"version-history":[{"count":3,"href":"https:\/\/swforming.com\/tr\/wp-json\/wp\/v2\/product\/815\/revisions"}],"predecessor-version":[{"id":3351,"href":"https:\/\/swforming.com\/tr\/wp-json\/wp\/v2\/product\/815\/revisions\/3351"}],"wp:featuredmedia":[{"embeddable":true,"href":"https:\/\/swforming.com\/tr\/wp-json\/wp\/v2\/media\/819"}],"wp:attachment":[{"href":"https:\/\/swforming.com\/tr\/wp-json\/wp\/v2\/media?parent=815"}],"wp:term":[{"taxonomy":"product_brand","embeddable":true,"href":"https:\/\/swforming.com\/tr\/wp-json\/wp\/v2\/product_brand?post=815"},{"taxonomy":"product_cat","embeddable":true,"href":"https:\/\/swforming.com\/tr\/wp-json\/wp\/v2\/product_cat?post=815"},{"taxonomy":"product_tag","embeddable":true,"href":"https:\/\/swforming.com\/tr\/wp-json\/wp\/v2\/product_tag?post=815"}],"curies":[{"name":"wp","href":"https:\/\/api.w.org\/{rel}","templated":true}]}}