{"id":794,"date":"2022-09-23T02:59:25","date_gmt":"2022-09-23T02:59:25","guid":{"rendered":"https:\/\/swforming.com\/?post_type=product&#038;p=794"},"modified":"2023-06-28T03:40:16","modified_gmt":"2023-06-28T03:40:16","slug":"three-waves-highway-guardrail-machine","status":"publish","type":"product","link":"https:\/\/swforming.com\/tr\/product\/three-waves-highway-guardrail-machine\/","title":{"rendered":"\u00dc\u00e7 dalgal\u0131 otoyol korkuluk makinesi"},"content":{"rendered":"<h3>\u00dc\u00e7 dalgal\u0131 otoyol korkuluk makinesi \u00d6zellikler:<\/h3>\n<p>\u00dc\u00e7 dalgal\u0131 otoyol korkuluk makineleri, otoyol veya di\u011fer hayvanc\u0131l\u0131k \u00e7iftlikleri i\u00e7in kullan\u0131lan farkl\u0131 boyutlarda 3 dalgal\u0131 korkuluk raylar\u0131 \u00fcretebilir.<\/p>\n<h3>Uygulamalar<\/h3>\n<p>Bitmi\u015f \u00fcr\u00fcnler \u00e7e\u015fitli korkuluk, otoyol korkulu\u011fu, \u00e7it ve di\u011fer hayvanc\u0131l\u0131k \u00e7iftlikleri olarak kullan\u0131l\u0131r.<\/p>\n<h3>S\u00fcre\u00e7 Ak\u0131\u015f\u0131<\/h3>\n<p>A\u00e7\u0131c\u0131 - besleme - tesviye - delme - rulo \u015fekillendirme - kesme - \u00e7\u0131k\u0131\u015f<\/p>\n<p><img fetchpriority=\"high\" decoding=\"async\" class=\"alignnone wp-image-797 size-full\" src=\"https:\/\/swforming.com\/wp-content\/uploads\/2022\/09\/Process-Flow.jpg\" alt=\"\u00dc\u00e7 dalgal\u0131 otoyol korkuluk makinesi\" width=\"1000\" height=\"317\" title=\"\" srcset=\"https:\/\/swforming.com\/wp-content\/uploads\/2022\/09\/Process-Flow.jpg 1000w, https:\/\/swforming.com\/wp-content\/uploads\/2022\/09\/Process-Flow-600x190.jpg 600w, https:\/\/swforming.com\/wp-content\/uploads\/2022\/09\/Process-Flow-300x95.jpg 300w, https:\/\/swforming.com\/wp-content\/uploads\/2022\/09\/Process-Flow-768x243.jpg 768w\" sizes=\"(max-width: 1000px) 100vw, 1000px\" \/><\/p>\n<h3>Makine Konfig\u00fcrasyonlar\u0131<\/h3>\n<div>\n<table>\n<tbody>\n<tr>\n<td data-sheets-value=\"{&quot;1&quot;:3,&quot;3&quot;:1}\">1<\/td>\n<td data-sheets-value=\"{&quot;1&quot;:2,&quot;2&quot;:&quot;Uncoiler&quot;}\">A\u00e7\u0131c\u0131<\/td>\n<\/tr>\n<tr>\n<td data-sheets-value=\"{&quot;1&quot;:3,&quot;3&quot;:2}\">2<\/td>\n<td data-sheets-value=\"{&quot;1&quot;:2,&quot;2&quot;:&quot;Guide feeder&quot;}\">K\u0131lavuz besleyici<\/td>\n<\/tr>\n<tr>\n<td data-sheets-value=\"{&quot;1&quot;:3,&quot;3&quot;:3}\">3<\/td>\n<td data-sheets-value=\"{&quot;1&quot;:2,&quot;2&quot;:&quot;Leveling unit&quot;}\">Tesviye \u00fcnitesi<\/td>\n<\/tr>\n<tr>\n<td data-sheets-value=\"{&quot;1&quot;:3,&quot;3&quot;:4}\">4<\/td>\n<td data-sheets-value=\"{&quot;1&quot;:2,&quot;2&quot;:&quot;Punching unit&quot;}\">Delme \u00fcnitesi<\/td>\n<\/tr>\n<tr>\n<td data-sheets-value=\"{&quot;1&quot;:3,&quot;3&quot;:5}\">5<\/td>\n<td data-sheets-value=\"{&quot;1&quot;:2,&quot;2&quot;:&quot;Roll former&quot;}\">Eski rulo<\/td>\n<\/tr>\n<tr>\n<td data-sheets-value=\"{&quot;1&quot;:3,&quot;3&quot;:6}\">6<\/td>\n<td data-sheets-value=\"{&quot;1&quot;:2,&quot;2&quot;:&quot;Hydraulic cutting unit&quot;}\">\n<div>\n<div>Hidrolik kesme \u00fcnitesi<\/div>\n<\/div>\n<\/td>\n<\/tr>\n<tr>\n<td data-sheets-value=\"{&quot;1&quot;:3,&quot;3&quot;:7}\">7<\/td>\n<td data-sheets-value=\"{&quot;1&quot;:2,&quot;2&quot;:&quot;PLC Control System&quot;}\">\n<div>\n<div>PLC Kontrol Sistemi<\/div>\n<\/div>\n<\/td>\n<\/tr>\n<tr>\n<td data-sheets-value=\"{&quot;1&quot;:3,&quot;3&quot;:8}\">8<\/td>\n<td data-sheets-value=\"{&quot;1&quot;:2,&quot;2&quot;:&quot;Hydraulic station&quot;}\">\n<div>\n<div>Hidrolik istasyon<\/div>\n<\/div>\n<\/td>\n<\/tr>\n<tr>\n<td data-sheets-value=\"{&quot;1&quot;:3,&quot;3&quot;:9}\">9<\/td>\n<td data-sheets-value=\"{&quot;1&quot;:2,&quot;2&quot;:&quot;Output table&quot;}\">\u00c7\u0131kt\u0131 tablosu<\/td>\n<\/tr>\n<\/tbody>\n<\/table>\n<div>\n<p>&nbsp;<\/p>\n<h3>Profil \u00c7izimleri<\/h3>\n<p><img decoding=\"async\" class=\"alignnone size-full wp-image-798\" src=\"https:\/\/swforming.com\/wp-content\/uploads\/2022\/09\/Profile-Drawing.jpg\" alt=\"\" width=\"1000\" height=\"310\" title=\"\" srcset=\"https:\/\/swforming.com\/wp-content\/uploads\/2022\/09\/Profile-Drawing.jpg 1000w, https:\/\/swforming.com\/wp-content\/uploads\/2022\/09\/Profile-Drawing-600x186.jpg 600w, https:\/\/swforming.com\/wp-content\/uploads\/2022\/09\/Profile-Drawing-300x93.jpg 300w, https:\/\/swforming.com\/wp-content\/uploads\/2022\/09\/Profile-Drawing-768x238.jpg 768w\" sizes=\"(max-width: 1000px) 100vw, 1000px\" \/><\/p>\n<h3>Referans i\u00e7in Foto\u011fraflar<\/h3>\n<figure id=\"attachment_805\" aria-describedby=\"caption-attachment-805\" style=\"width: 1000px\" class=\"wp-caption alignnone\"><img decoding=\"async\" class=\"wp-image-805 size-full\" src=\"https:\/\/swforming.com\/wp-content\/uploads\/2022\/09\/Three-waves-highway-guardrail-machine-1.jpg\" alt=\"\u00dc\u00e7 dalgal\u0131 otoyol korkuluk makinesi \" width=\"1000\" height=\"561\" title=\"\" srcset=\"https:\/\/swforming.com\/wp-content\/uploads\/2022\/09\/Three-waves-highway-guardrail-machine-1.jpg 1000w, https:\/\/swforming.com\/wp-content\/uploads\/2022\/09\/Three-waves-highway-guardrail-machine-1-600x337.jpg 600w, https:\/\/swforming.com\/wp-content\/uploads\/2022\/09\/Three-waves-highway-guardrail-machine-1-300x168.jpg 300w, https:\/\/swforming.com\/wp-content\/uploads\/2022\/09\/Three-waves-highway-guardrail-machine-1-768x431.jpg 768w\" sizes=\"(max-width: 1000px) 100vw, 1000px\" \/><figcaption id=\"caption-attachment-805\" class=\"wp-caption-text\">\u00dc\u00e7 dalgal\u0131 otoyol korkuluk makinesi<\/figcaption><\/figure>\n<figure id=\"attachment_806\" aria-describedby=\"caption-attachment-806\" style=\"width: 1000px\" class=\"wp-caption alignnone\"><img loading=\"lazy\" decoding=\"async\" class=\"wp-image-806 size-full\" src=\"https:\/\/swforming.com\/wp-content\/uploads\/2022\/09\/3T-Hydraulic-decoiler-1.jpg\" alt=\"3T Hidrolik \u00e7\u00f6z\u00fcc\u00fc\" width=\"1000\" height=\"750\" title=\"\" srcset=\"https:\/\/swforming.com\/wp-content\/uploads\/2022\/09\/3T-Hydraulic-decoiler-1.jpg 1000w, https:\/\/swforming.com\/wp-content\/uploads\/2022\/09\/3T-Hydraulic-decoiler-1-600x450.jpg 600w, https:\/\/swforming.com\/wp-content\/uploads\/2022\/09\/3T-Hydraulic-decoiler-1-300x225.jpg 300w, https:\/\/swforming.com\/wp-content\/uploads\/2022\/09\/3T-Hydraulic-decoiler-1-768x576.jpg 768w\" sizes=\"(max-width: 1000px) 100vw, 1000px\" \/><figcaption id=\"caption-attachment-806\" class=\"wp-caption-text\">3T Hidrolik \u00e7\u00f6z\u00fcc\u00fc<\/figcaption><\/figure>\n<h3>Otoyol korkuluk rulo \u015fekillendirme makinesi nedir?<\/h3>\n<p>Otoyol korkuluk rulo \u015fekillendirme makinesi, otoyol korkuluklar\u0131n\u0131n \u00fcretim s\u00fcrecinde kullan\u0131lan \u00f6zel bir ekipman par\u00e7as\u0131d\u0131r. Otoyol korkuluklar\u0131, bir bariyer sa\u011flamak ve ara\u00e7lar\u0131n karayolundan \u00e7\u0131kmas\u0131n\u0131 \u00f6nlemek, kaza riskini azaltmak ve yol g\u00fcvenli\u011fini art\u0131rmak i\u00e7in yollar\u0131n ve otoyollar\u0131n kenarlar\u0131na monte edilir.<\/p>\n<p>Rulo \u015fekillendirme makinesi, d\u00fcz metal levhalar\u0131 otoyol korkuluklar\u0131n\u0131n istenen \u015fekline ve profiline d\u00f6n\u00fc\u015ft\u00fcrmek i\u00e7in tasarlanm\u0131\u015ft\u0131r. Tipik olarak, metal levhay\u0131 kademeli olarak b\u00fcken ve gerekli konfig\u00fcrasyona d\u00f6n\u00fc\u015ft\u00fcren bir dizi silindir ve aletten olu\u015fur. Makine, otoyol korkulu\u011fu \u00fcretiminde yayg\u0131n olarak kullan\u0131lan galvanizli \u00e7elik veya paslanmaz \u00e7elik gibi \u00e7e\u015fitli metal t\u00fcrlerini i\u015fleyebilir.<\/p>\n<p>S\u00fcre\u00e7, yass\u0131 bir metal bobininin rulo \u015fekillendirme makinesine beslenmesiyle ba\u015flar. Metal silindirlerden ge\u00e7erken bir dizi b\u00fckme ve \u015fekillendirme i\u015flemine tabi tutulur. Silindirler, metali kademeli olarak istenen profile g\u00f6re \u015fekillendiren belirli konturlara ve tasar\u0131mlara sahiptir, bu da tipik olarak oluklar, flan\u015flar ve di\u011fer yap\u0131sal \u00f6zellikleri i\u00e7erir.<\/p>\n<p>Otoyol korkuluk rulo \u015fekillendirme makinesi genellikle otomatik ve bilgisayar kontroll\u00fcd\u00fcr ve hassas ve tutarl\u0131 \u00fcretim sa\u011flar. Ayr\u0131ca, \u015fekillendirilmi\u015f korkuluk b\u00f6l\u00fcmlerini gerekli uzunlukta kesmek i\u00e7in kesme mekanizmalar\u0131 ile donat\u0131labilir.<\/p>\n<p>Genel olarak, otoyol korkuluk rulo \u015fekillendirme makinesi, otoyol korkuluklar\u0131n\u0131n verimli ve uygun maliyetli \u00fcretiminde \u00e7ok \u00f6nemli bir rol oynar ve \u00fcreticilerin yol g\u00fcvenli\u011fi altyap\u0131s\u0131na olan talebi kar\u015f\u0131lamas\u0131n\u0131 sa\u011flar.<\/p>\n<h3>otoyol korkuluk \u015feki\u0307llendi\u0307rme maki\u0307nesi\u0307ni\u0307n i\u0307\u015flevi\u0307<\/h3>\n<p>Otoyol korkuluk \u015fekillendirme makinesinin i\u015flevi, istenen \u015fekil ve \u00f6zelliklere sahip otoyol korkuluklar\u0131n\u0131 verimli ve do\u011fru bir \u015fekilde \u00fcretmektir. Otoyol korkuluk \u015fekillendirme makinesinin baz\u0131 temel i\u015flevleri ve \u00f6zellikleri a\u015fa\u011f\u0131da verilmi\u015ftir:<\/p>\n<ol>\n<li>Rulo \u015eekillendirme: Makine, d\u00fcz metal levhalar\u0131 kademeli olarak b\u00fckmek ve otoyol korkuluklar\u0131n\u0131n istenen profiline \u015fekillendirmek i\u00e7in bir dizi silindir ve alet kullan\u0131r. Otokorkuluk tasar\u0131m\u0131 i\u00e7in gerekli oluklar, flan\u015flar ve di\u011fer yap\u0131sal \u00f6zellikler olu\u015fturabilir.<\/li>\n<li>Malzeme Besleme: Makine, metal bobinleri veya levhalar\u0131 kabul eden ve bunlar\u0131 rulo \u015fekillendirme i\u015flemine besleyen bir malzeme besleme sistemi ile donat\u0131lm\u0131\u015ft\u0131r. Bu, s\u00fcrekli ve kesintisiz bir \u00fcretim ak\u0131\u015f\u0131 sa\u011flar.<\/li>\n<li>Hassasiyet ve Tutarl\u0131l\u0131k: Otokorkuluk \u015fekillendirme makineleri hassas ve tutarl\u0131 sonu\u00e7lar sa\u011flamak \u00fczere tasarlanm\u0131\u015ft\u0131r. Bilgisayar kontroll\u00fc otomasyon, do\u011fru \u00f6l\u00e7\u00fcmler, a\u00e7\u0131lar ve boyutlar sa\u011flayarak tek tip korkuluk kesitleri elde edilmesini sa\u011flar.<\/li>\n<li>H\u0131z ve Verimlilik: Bu makineler y\u00fcksek h\u0131zlarda \u00e7al\u0131\u015facak \u015fekilde tasarlanm\u0131\u015ft\u0131r ve verimli \u00fcretim oranlar\u0131 sa\u011flar. Nispeten k\u0131sa bir s\u00fcre i\u00e7inde b\u00fcy\u00fck hacimli metal levhalar\u0131 i\u015fleyerek \u00fcretkenli\u011fi art\u0131rabilirler.<\/li>\n<li>Kesme Mekanizmalar\u0131: Baz\u0131 otoyol korkuluk \u015fekillendirme makineleri, \u015fekillendirilmi\u015f korkuluk b\u00f6l\u00fcmlerini gerekli uzunlukta kesebilen kesme mekanizmalar\u0131yla donat\u0131lm\u0131\u015ft\u0131r. Bu \u00f6zellik, manuel kesim ihtiyac\u0131n\u0131 ortadan kald\u0131r\u0131r ve genel \u00fcretim verimlili\u011fini art\u0131r\u0131r.<\/li>\n<li>Esneklik ve \u00d6zelle\u015ftirme: Makineler farkl\u0131 profil, boyut ve \u00f6zelliklerde korkuluklar \u00fcretecek \u015fekilde ayarlanabilir ve yap\u0131land\u0131r\u0131labilir. Bu esneklik, \u00fcreticilerin \u00e7e\u015fitli proje gereksinimlerini ve m\u00fc\u015fteri taleplerini kar\u015f\u0131lamas\u0131na olanak tan\u0131r.<\/li>\n<li>Kalite Kontrol: Otoyol korkuluklar\u0131 belirli kalite standartlar\u0131n\u0131 ve yasal gereklilikleri kar\u015f\u0131lamal\u0131d\u0131r. Otokorkuluk \u015fekillendirme makineleri, \u00fcretilen otokorkuluklar\u0131n boyutsal do\u011fruluk, yap\u0131sal b\u00fct\u00fcnl\u00fck ve y\u00fczey kalitesi dahil olmak \u00fczere bu standartlar\u0131 kar\u015f\u0131lamas\u0131n\u0131 sa\u011flamak i\u00e7in kalite kontrol mekanizmalar\u0131 i\u00e7erir.<\/li>\n<\/ol>\n<p>Genel olarak, bir otoyol korkuluk \u015fekillendirme makinesinin birincil i\u015flevi, \u00fcretim s\u00fcrecini kolayla\u015ft\u0131rmak, y\u00fcksek kaliteli korkuluklar \u00fcretmek ve yol g\u00fcvenli\u011fi altyap\u0131s\u0131na olan talebi etkin bir \u015fekilde kar\u015f\u0131lamakt\u0131r.<\/p>\n<\/div>\n<\/div>\n<h3>\u00c7in'de TOP 5 otoyol korkuluk rulo \u015fekillendirme makinesi \u00fcreticileri<\/h3>\n<ol>\n<li>WUXI SUNWAY MACHINERY CO, LTD, so\u011fuk rulo \u015fekillendirme makinelerinin tasar\u0131m\u0131, geli\u015ftirilmesi ve \u00fcretimi ile ilgilenen profesyonel bir \u00fcretici ve ihracat\u00e7\u0131d\u0131r. T\u00fcm \u00fcr\u00fcnler uluslararas\u0131 kalite standartlar\u0131na uygundur ve Asya, Afrika, Avrupa, G\u00fcney Amerika ve Avustralya gibi d\u00fcnya \u00e7ap\u0131nda \u00e7e\u015fitli farkl\u0131 pazarlarda b\u00fcy\u00fck be\u011feni toplamaktad\u0131r. K\u00fcresel bir sat\u0131\u015f a\u011f\u0131 kazanm\u0131\u015ft\u0131r.<\/li>\n<li>Shanghai Metal Forming Machine Co, Ltd: Shanghai Metal Forming Machine, rulo \u015fekillendirme makinelerinin tasar\u0131m\u0131 ve \u00fcretiminde uzmanla\u015fm\u0131\u015f lider bir \u00fcreticidir. Kalite ve m\u00fc\u015fteri memnuniyetine odaklanarak otoyol korkuluk rulo \u015fekillendirme makineleri de dahil olmak \u00fczere geni\u015f bir makine yelpazesi sunarlar.<\/li>\n<li>Jiangsu Guoqiang Zinc-Plating Industrial Co, Ltd: Guoqiang, otoyol korkuluk sistemlerinin \u00f6nde gelen bir \u00fcreticisidir ve ayr\u0131ca otoyol korkuluk rulo \u015fekillendirme makineleri \u00fcretmektedir. Sekt\u00f6rdeki y\u0131llar\u0131n deneyimiyle, g\u00fcvenilir ve verimli rulo \u015fekillendirme \u00e7\u00f6z\u00fcmleri sunarlar.<\/li>\n<li>Cangzhou Zhongtuo International Trade Co, Ltd: Zhongtuo International Trade, otoyol korkuluk rulo \u015fekillendirme makineleri de dahil olmak \u00fczere rulo \u015fekillendirme makinelerinin tan\u0131nm\u0131\u015f bir tedarik\u00e7isidir. Kapsaml\u0131 bir ekipman yelpazesi sunarlar ve \u00c7in pazar\u0131nda g\u00fc\u00e7l\u00fc bir varl\u0131\u011fa sahiptirler.<\/li>\n<li>Tianjin Haixing Imp &amp; Exp Co, Ltd: Haixing, otoyol korkuluk rulo \u015fekillendirme makineleri de dahil olmak \u00fczere rulo \u015fekillendirme makinelerinin sayg\u0131n bir \u00fcreticisi ve ihracat\u00e7\u0131s\u0131d\u0131r. Sekt\u00f6rde geni\u015f deneyime sahiptir ve m\u00fc\u015fteri gereksinimlerini kar\u015f\u0131lamak i\u00e7in y\u00fcksek kaliteli \u00fcr\u00fcnler sunmaya odaklan\u0131r.<\/li>\n<\/ol>\n<div>\n<div>\n<h3>Hakk\u0131m\u0131zda<\/h3>\n<p>WUXI SUNWAY MACHINERY CO, LTD, so\u011fuk rulo \u015fekillendirme makinelerinin tasar\u0131m\u0131, geli\u015ftirilmesi ve \u00fcretimi ile ilgilenen profesyonel bir \u00fcretici ve ihracat\u00e7\u0131d\u0131r. T\u00fcm \u00fcr\u00fcnler uluslararas\u0131 kalite standartlar\u0131na uygundur ve Asya, Afrika, Avrupa, G\u00fcney Amerika ve Avustralya gibi d\u00fcnya \u00e7ap\u0131nda \u00e7e\u015fitli farkl\u0131 pazarlarda b\u00fcy\u00fck be\u011feni toplamaktad\u0131r. K\u00fcresel bir sat\u0131\u015f a\u011f\u0131 kazanm\u0131\u015ft\u0131r.<\/p>\n<p>Makinelerimiz g\u00fczel g\u00f6r\u00fcn\u00fcm, uzun hizmet \u00f6mr\u00fc, iyi performans, basit kullan\u0131m, uygun fiyat, iyi kalite ve benzeri \u00f6zelliklere sahiptir. G\u00fc\u00e7l\u00fc teknik kaynaklar, \u00fcr\u00fcnlerimizin kalitesi i\u00e7in en istikrarl\u0131 garantidir. Firmam\u0131z, \u00e7at\u0131 ve duvar i\u00e7in renkli \u00e7elik sac \u015fekillendirme makineleri, \u00e7elik yap\u0131 i\u00e7in C ve Z purling makineleri, profesyonel uygulamalar i\u00e7in \u00e7elik profil \u015fekillendirme makineleri, hammadde i\u015flemek i\u00e7in dilme makineleri gibi farkl\u0131 t\u00fcrde so\u011fuk rulo \u015fekillendirme makineleri \u00fcretiminde uzmanla\u015fm\u0131\u015ft\u0131r. \u00f6zellikle Fotovoltaik alanda yayg\u0131n olarak kullan\u0131lan Solar Montaj Braket Makinelerinin imalat\u0131nda.<\/p>\n<p>&nbsp;<\/p>\n<\/div>\n<\/div>","protected":false},"excerpt":{"rendered":"<p>\u00dc\u00e7 dalgal\u0131 otoyol korkuluk makineleri, otoyol veya di\u011fer hayvanc\u0131l\u0131k \u00e7iftlikleri i\u00e7in kullan\u0131lan farkl\u0131 boyutlarda 3 dalgal\u0131 korkuluk raylar\u0131 \u00fcretebilir. Bitmi\u015f \u00fcr\u00fcnler \u00e7e\u015fitli korkuluk, otoyol korkulu\u011fu, \u00e7it ve di\u011fer hayvanc\u0131l\u0131k \u00e7iftlikleri olarak kullan\u0131l\u0131r.<\/p>","protected":false},"featured_media":801,"comment_status":"open","ping_status":"closed","template":"","meta":{"_acf_changed":false},"product_brand":[],"product_cat":[37,94],"product_tag":[],"class_list":{"0":"post-794","1":"product","2":"type-product","3":"status-publish","4":"has-post-thumbnail","6":"product_cat-highway-engineering-vehicle","7":"product_cat-highway-guardrail-roll-forming-machine","9":"first","10":"instock","11":"shipping-taxable","12":"product-type-simple"},"acf":[],"_links":{"self":[{"href":"https:\/\/swforming.com\/tr\/wp-json\/wp\/v2\/product\/794","targetHints":{"allow":["GET"]}}],"collection":[{"href":"https:\/\/swforming.com\/tr\/wp-json\/wp\/v2\/product"}],"about":[{"href":"https:\/\/swforming.com\/tr\/wp-json\/wp\/v2\/types\/product"}],"replies":[{"embeddable":true,"href":"https:\/\/swforming.com\/tr\/wp-json\/wp\/v2\/comments?post=794"}],"version-history":[{"count":3,"href":"https:\/\/swforming.com\/tr\/wp-json\/wp\/v2\/product\/794\/revisions"}],"predecessor-version":[{"id":3347,"href":"https:\/\/swforming.com\/tr\/wp-json\/wp\/v2\/product\/794\/revisions\/3347"}],"wp:featuredmedia":[{"embeddable":true,"href":"https:\/\/swforming.com\/tr\/wp-json\/wp\/v2\/media\/801"}],"wp:attachment":[{"href":"https:\/\/swforming.com\/tr\/wp-json\/wp\/v2\/media?parent=794"}],"wp:term":[{"taxonomy":"product_brand","embeddable":true,"href":"https:\/\/swforming.com\/tr\/wp-json\/wp\/v2\/product_brand?post=794"},{"taxonomy":"product_cat","embeddable":true,"href":"https:\/\/swforming.com\/tr\/wp-json\/wp\/v2\/product_cat?post=794"},{"taxonomy":"product_tag","embeddable":true,"href":"https:\/\/swforming.com\/tr\/wp-json\/wp\/v2\/product_tag?post=794"}],"curies":[{"name":"wp","href":"https:\/\/api.w.org\/{rel}","templated":true}]}}