{"id":751,"date":"2022-09-15T01:56:31","date_gmt":"2022-09-15T01:56:31","guid":{"rendered":"https:\/\/swforming.com\/?post_type=product&#038;p=751"},"modified":"2025-04-18T01:24:08","modified_gmt":"2025-04-18T01:24:08","slug":"cable-tray-roll-forming-machine","status":"publish","type":"product","link":"https:\/\/swforming.com\/tr\/product\/cable-tray-roll-forming-machine\/","title":{"rendered":"Kablo Kanal\u0131 Rulo \u015eekillendirme Makinesi"},"content":{"rendered":"<p><img fetchpriority=\"high\" decoding=\"async\" class=\"alignnone wp-image-758 size-full\" src=\"https:\/\/swforming.com\/wp-content\/uploads\/2022\/09\/H29a8c7e6c4664986bc5435c8931c9f88x.webp\" alt=\"Kablo Kanal\u0131 Rulo \u015eekillendirme Makinesi\" width=\"750\" height=\"900\" title=\"\" srcset=\"https:\/\/swforming.com\/wp-content\/uploads\/2022\/09\/H29a8c7e6c4664986bc5435c8931c9f88x.webp 750w, https:\/\/swforming.com\/wp-content\/uploads\/2022\/09\/H29a8c7e6c4664986bc5435c8931c9f88x-600x720.webp 600w, https:\/\/swforming.com\/wp-content\/uploads\/2022\/09\/H29a8c7e6c4664986bc5435c8931c9f88x-250x300.webp 250w\" sizes=\"(max-width: 750px) 100vw, 750px\" \/><\/p>\n<div class=\"J_module\">\n<div class=\"detail-decorate-json-renderer-container\">\n<div class=\"magic-4\">\n<div class=\"magic-5\">\n<div class=\"magic-6\">\n<div class=\"magic-7\">\n<div class=\"magic-8\"><span class=\"magic-9\"><span class=\"magic-10\" data-spm-anchor-id=\"a2700.details.0.i24.1da25591nu26He\">Kablo kanal\u0131 rulo \u015fekillendirme makinesi, elektrik alanlar\u0131nda, dekorasyonlarda, end\u00fcstriyel yap\u0131larda vb. yayg\u0131n olarak kullan\u0131lan farkl\u0131 kablo kanallar\u0131 yapmak i\u00e7in yayg\u0131n olarak kullan\u0131l\u0131r. Nihai kablo \u00fcr\u00fcnlerine g\u00f6re, uygun \u015fekilde \u00fc\u00e7 t\u00fcre ayr\u0131labilir: Deliksiz oluk kablo kanal\u0131, kablo merdiveni ve delikli kanal kablo kanal\u0131. Bu kablo kanal\u0131 rulo \u015fekillendirme makinesi, s\u0131cak dald\u0131rma galvanizli \u00e7elik, galvanizli \u00e7elik, s\u0131cak haddelenmi\u015f ve so\u011fuk haddelenmi\u015f \u00e7elik, paslanmaz \u00e7elik ve al\u00fcminyum gibi farkl\u0131 hammaddelerle t\u00fcm bu farkl\u0131 kablo kanallar\u0131n\u0131 \u00fcretebilir. Malzemenin kal\u0131nl\u0131k aral\u0131\u011f\u0131 0.6mm-1.2mm veya 1-2mm daha fazlad\u0131r. Elektrik ve enerji end\u00fcstrilerinde, Solar dikme kanal\u0131 rulo \u015fekillendirme makinesi, DIN ray rulo \u015fekillendirme makinesi ve Elektrik Muhafaza Kutusu rulo \u015fekillendirme makinesi gibi daha ilgili makineler \u00fcretebiliyoruz. M\u00fc\u015fterilerin \u00e7izimlerine, toleranslar\u0131na ve b\u00fct\u00e7elerine g\u00f6re farkl\u0131 \u00e7\u00f6z\u00fcmler \u00fcretiyor, profesyonel bire bir hizmet sunuyor, t\u00fcm gereksinimlerinize uyarlanabiliyoruz. Hangi hatt\u0131 se\u00e7erseniz se\u00e7in, SUNWAY Machinery'nin kalitesi m\u00fckemmel i\u015flevsel profiller elde etmenizi sa\u011flayacakt\u0131r.<\/span><span class=\"magic-10\"><br \/>\n<\/span><\/span><\/div>\n<\/div>\n<\/div>\n<\/div>\n<\/div>\n<\/div>\n<\/div>\n<div class=\"J_module\">\n<h3 id=\"ali-anchor-AliMagic-hzv6df\" class=\"magic-0\" data-section=\"AliMagic-hzv6df\" data-section-title=\"Profile Drawings\">Kablo Kanal\u0131 Rulo \u015eekillendirme Makinesi Profil \u00c7izimleri<\/h3>\n<p><img decoding=\"async\" class=\"alignnone size-full wp-image-759\" src=\"https:\/\/swforming.com\/wp-content\/uploads\/2022\/09\/H00450dc534314ace8dc5682bb59d61c7H.webp\" alt=\"\" width=\"1748\" height=\"1890\" title=\"\" srcset=\"https:\/\/swforming.com\/wp-content\/uploads\/2022\/09\/H00450dc534314ace8dc5682bb59d61c7H.webp 1748w, https:\/\/swforming.com\/wp-content\/uploads\/2022\/09\/H00450dc534314ace8dc5682bb59d61c7H-600x649.webp 600w, https:\/\/swforming.com\/wp-content\/uploads\/2022\/09\/H00450dc534314ace8dc5682bb59d61c7H-277x300.webp 277w, https:\/\/swforming.com\/wp-content\/uploads\/2022\/09\/H00450dc534314ace8dc5682bb59d61c7H-947x1024.webp 947w, https:\/\/swforming.com\/wp-content\/uploads\/2022\/09\/H00450dc534314ace8dc5682bb59d61c7H-768x830.webp 768w, https:\/\/swforming.com\/wp-content\/uploads\/2022\/09\/H00450dc534314ace8dc5682bb59d61c7H-1421x1536.webp 1421w\" sizes=\"(max-width: 1748px) 100vw, 1748px\" \/><\/p>\n<p><img decoding=\"async\" class=\"alignnone size-full wp-image-760\" src=\"https:\/\/swforming.com\/wp-content\/uploads\/2022\/09\/e839ce980b9d68f5e68c3b02d55647e.jpg\" alt=\"\" width=\"1125\" height=\"560\" title=\"\" srcset=\"https:\/\/swforming.com\/wp-content\/uploads\/2022\/09\/e839ce980b9d68f5e68c3b02d55647e.jpg 1125w, https:\/\/swforming.com\/wp-content\/uploads\/2022\/09\/e839ce980b9d68f5e68c3b02d55647e-600x299.jpg 600w, https:\/\/swforming.com\/wp-content\/uploads\/2022\/09\/e839ce980b9d68f5e68c3b02d55647e-300x149.jpg 300w, https:\/\/swforming.com\/wp-content\/uploads\/2022\/09\/e839ce980b9d68f5e68c3b02d55647e-1024x510.jpg 1024w, https:\/\/swforming.com\/wp-content\/uploads\/2022\/09\/e839ce980b9d68f5e68c3b02d55647e-768x382.jpg 768w\" sizes=\"(max-width: 1125px) 100vw, 1125px\" \/><\/p>\n<h3>Kablo Kanal\u0131 Rulo \u015eekillendirme Makinesi \u00dcretim Hatt\u0131<img loading=\"lazy\" decoding=\"async\" class=\"alignnone size-full wp-image-761\" src=\"https:\/\/swforming.com\/wp-content\/uploads\/2022\/09\/H4f7152219d7c41e88d3e328526b62a8eU.webp\" alt=\"\" width=\"1748\" height=\"1001\" title=\"\" srcset=\"https:\/\/swforming.com\/wp-content\/uploads\/2022\/09\/H4f7152219d7c41e88d3e328526b62a8eU.webp 1748w, https:\/\/swforming.com\/wp-content\/uploads\/2022\/09\/H4f7152219d7c41e88d3e328526b62a8eU-600x344.webp 600w, https:\/\/swforming.com\/wp-content\/uploads\/2022\/09\/H4f7152219d7c41e88d3e328526b62a8eU-300x172.webp 300w, https:\/\/swforming.com\/wp-content\/uploads\/2022\/09\/H4f7152219d7c41e88d3e328526b62a8eU-1024x586.webp 1024w, https:\/\/swforming.com\/wp-content\/uploads\/2022\/09\/H4f7152219d7c41e88d3e328526b62a8eU-768x440.webp 768w, https:\/\/swforming.com\/wp-content\/uploads\/2022\/09\/H4f7152219d7c41e88d3e328526b62a8eU-1536x880.webp 1536w\" sizes=\"(max-width: 1748px) 100vw, 1748px\" \/><\/h3>\n<h3>\u00dcr\u00fcn Detaylar\u0131<\/h3>\n<p><img loading=\"lazy\" decoding=\"async\" class=\"alignnone size-full wp-image-762\" src=\"https:\/\/swforming.com\/wp-content\/uploads\/2022\/09\/094202.png\" alt=\"\" width=\"1118\" height=\"2156\" title=\"\" srcset=\"https:\/\/swforming.com\/wp-content\/uploads\/2022\/09\/094202.png 1118w, https:\/\/swforming.com\/wp-content\/uploads\/2022\/09\/094202-600x1157.png 600w, https:\/\/swforming.com\/wp-content\/uploads\/2022\/09\/094202-156x300.png 156w, https:\/\/swforming.com\/wp-content\/uploads\/2022\/09\/094202-531x1024.png 531w, https:\/\/swforming.com\/wp-content\/uploads\/2022\/09\/094202-768x1481.png 768w, https:\/\/swforming.com\/wp-content\/uploads\/2022\/09\/094202-796x1536.png 796w, https:\/\/swforming.com\/wp-content\/uploads\/2022\/09\/094202-1062x2048.png 1062w\" sizes=\"(max-width: 1118px) 100vw, 1118px\" \/><\/p>\n<h3>Kablo Kanal\u0131 Rulo \u015eekillendirme Makinesi Parametreleri<\/h3>\n<div>\n<table>\n<tbody>\n<tr>\n<td style=\"text-align: center;\" colspan=\"3\" rowspan=\"1\" data-sheets-value=\"{&quot;1&quot;:2,&quot;2&quot;:&quot;Cable Tray Roll Forming Machine&quot;}\">Kablo Kanal\u0131 Rulo \u015eekillendirme Makinesi<\/td>\n<\/tr>\n<tr>\n<td colspan=\"1\" rowspan=\"3\" data-sheets-value=\"{&quot;1&quot;:2,&quot;2&quot;:&quot;Machinable Material&quot;}\">\n<div>\u0130\u015flenebilir Malzeme<\/div>\n<\/td>\n<td data-sheets-value=\"{&quot;1&quot;:2,&quot;2&quot;:&quot;A) Galvanized Steel&quot;}\">A) Galvanizli \u00c7elik<\/td>\n<td colspan=\"1\" rowspan=\"3\" data-sheets-value=\"{&quot;1&quot;:2,&quot;2&quot;:&quot;Thickness(MM): 0.6-1.2 or 1-2 even more&quot;}\">\n<div style=\"text-align: left;\">Kal\u0131nl\u0131k (MM): 0,6-1,2 veya 1-2 hatta daha fazla<\/div>\n<\/td>\n<\/tr>\n<tr>\n<td data-sheets-value=\"{&quot;1&quot;:2,&quot;2&quot;:&quot;B) PPGI&quot;}\">B) PPGI<\/td>\n<\/tr>\n<tr>\n<td data-sheets-value=\"{&quot;1&quot;:2,&quot;2&quot;:&quot;C) Carbon Steel&quot;}\">C) Karbon \u00c7elik<\/td>\n<\/tr>\n<tr>\n<td data-sheets-value=\"{&quot;1&quot;:2,&quot;2&quot;:&quot;Yield Strength&quot;}\">Akma Dayan\u0131m\u0131<\/td>\n<td colspan=\"2\" rowspan=\"1\" data-sheets-value=\"{&quot;1&quot;:2,&quot;2&quot;:&quot;250 - 550 Mpa&quot;}\">250 - 550 Mpa<\/td>\n<\/tr>\n<tr>\n<td data-sheets-value=\"{&quot;1&quot;:2,&quot;2&quot;:&quot;Tensil Stress&quot;}\">Tensil Stres<\/td>\n<td colspan=\"2\" rowspan=\"1\" data-sheets-value=\"{&quot;1&quot;:2,&quot;2&quot;:&quot;G250 Mpa-G550 Mpa&quot;}\">G250 Mpa-G550 Mpa<\/td>\n<\/tr>\n<tr>\n<td data-sheets-value=\"{&quot;1&quot;:2,&quot;2&quot;:&quot;Cable Tray Size&quot;}\">Kablo Kanal\u0131 Boyutu<\/td>\n<td colspan=\"2\" rowspan=\"1\" data-sheets-value=\"{&quot;1&quot;:2,&quot;2&quot;:&quot;50\/100-600mm Or According To Profile Drawings&quot;}\">50\/100-600mm veya Profil \u00c7izimlerine G\u00f6re<\/td>\n<\/tr>\n<tr>\n<td data-sheets-value=\"{&quot;1&quot;:2,&quot;2&quot;:&quot;Decoiler&quot;}\">Decoiler<\/td>\n<td data-sheets-value=\"{&quot;1&quot;:2,&quot;2&quot;:&quot;Manual Decoiler&quot;}\">Manuel A\u00e7\u0131c\u0131<\/td>\n<td data-sheets-value=\"{&quot;1&quot;:2,&quot;2&quot;:&quot;* Hydraulic Decoiler (Optional)&quot;}\">* Hidrolik A\u00e7\u0131c\u0131 (Opsiyonel)<\/td>\n<\/tr>\n<tr>\n<td data-sheets-value=\"{&quot;1&quot;:2,&quot;2&quot;:&quot;Punching System&quot;}\">Delme Sistemi<\/td>\n<td data-sheets-value=\"{&quot;1&quot;:2,&quot;2&quot;:&quot;Hydraulic Punching Station (Individual)&quot;}\">Hidrolik Delme \u0130stasyonu (Bireysel)<\/td>\n<td data-sheets-value=\"{&quot;1&quot;:2,&quot;2&quot;:&quot;* Punching Press (Optional)&quot;}\">* Delme Presi (Opsiyonel)<\/td>\n<\/tr>\n<tr>\n<td data-sheets-value=\"{&quot;1&quot;:2,&quot;2&quot;:&quot;Forming Station&quot;}\">\u015eekillendirme \u0130stasyonu<\/td>\n<td data-sheets-value=\"{&quot;1&quot;:3,&quot;3&quot;:20}\">20<\/td>\n<td data-sheets-value=\"{&quot;1&quot;:2,&quot;2&quot;:&quot;* According To Your Profile Drawings&quot;}\">* Profil \u00c7izimlerinize G\u00f6re<\/td>\n<\/tr>\n<tr>\n<td data-sheets-value=\"{&quot;1&quot;:2,&quot;2&quot;:&quot;Driving System&quot;}\">S\u00fcr\u00fc\u015f Sistemi<\/td>\n<td data-sheets-value=\"{&quot;1&quot;:2,&quot;2&quot;:&quot;Chain Drive&quot;}\">Zincir Tahrik<\/td>\n<td data-sheets-value=\"{&quot;1&quot;:2,&quot;2&quot;:&quot;* Gearbox drive (Optional)&quot;}\">* \u015eanz\u0131man tahriki (Opsiyonel)<\/td>\n<\/tr>\n<tr>\n<td data-sheets-value=\"{&quot;1&quot;:2,&quot;2&quot;:&quot;Machine Structure&quot;}\">Makine Yap\u0131s\u0131<\/td>\n<td data-sheets-value=\"{&quot;1&quot;:2,&quot;2&quot;:&quot;Cantilever Type Adjust The Width And Height Freely&quot;}\">Konsol Tipi Geni\u015flik ve Y\u00fcksekli\u011fi Serbest\u00e7e Ayarlay\u0131n<\/td>\n<td data-sheets-value=\"{&quot;1&quot;:2,&quot;2&quot;:&quot;* Forged Iron station (Optional)&quot;}\">* D\u00f6vme Demir istasyon (Opsiyonel)<\/td>\n<\/tr>\n<tr>\n<td data-sheets-value=\"{&quot;1&quot;:2,&quot;2&quot;:&quot;Forming Speed&quot;}\">\u015eekillendirme H\u0131z\u0131<\/td>\n<td data-sheets-value=\"{&quot;1&quot;:2,&quot;2&quot;:&quot;10-20 (M\/MIN)&quot;}\">10-20 (M\/MIN)<\/td>\n<td data-sheets-value=\"{&quot;1&quot;:2,&quot;2&quot;:&quot;* Or According To Your Profile Drawings&quot;}\">* Veya Profil \u00c7izimlerinize G\u00f6re<\/td>\n<\/tr>\n<tr>\n<td data-sheets-value=\"{&quot;1&quot;:2,&quot;2&quot;:&quot;Rollers\u2019 Material&quot;}\">Silindir Malzemesi<\/td>\n<td data-sheets-value=\"{&quot;1&quot;:2,&quot;2&quot;:&quot;GCr 15&quot;}\">GCr 15<\/td>\n<td data-sheets-value=\"{&quot;1&quot;:2,&quot;2&quot;:&quot;* Cr12Mov(Optional)&quot;}\">* Cr12Mov(\u0130ste\u011fe ba\u011fl\u0131)<\/td>\n<\/tr>\n<tr>\n<td data-sheets-value=\"{&quot;1&quot;:2,&quot;2&quot;:&quot;Cutting System&quot;}\">Kesim Sistemi<\/td>\n<td data-sheets-value=\"{&quot;1&quot;:2,&quot;2&quot;:&quot;Post-cutting&quot;}\">Kesim sonras\u0131<\/td>\n<td data-sheets-value=\"{&quot;1&quot;:2,&quot;2&quot;:&quot;* Pre-cutting (Optional)&quot;}\">* \u00d6n kesim (\u0130ste\u011fe ba\u011fl\u0131)<\/td>\n<\/tr>\n<tr>\n<td data-sheets-value=\"{&quot;1&quot;:2,&quot;2&quot;:&quot;Frequency Changer Brand&quot;}\">Frekans De\u011fi\u015ftirici Marka<\/td>\n<td data-sheets-value=\"{&quot;1&quot;:2,&quot;2&quot;:&quot;Yaskawa&quot;}\">Yaskawa<\/td>\n<td data-sheets-value=\"{&quot;1&quot;:2,&quot;2&quot;:&quot;* Siemens (Optional)&quot;}\">* Siemens (Opsiyonel)<\/td>\n<\/tr>\n<tr>\n<td data-sheets-value=\"{&quot;1&quot;:2,&quot;2&quot;:&quot;PLC Brand&quot;}\">PLC Markas\u0131<\/td>\n<td data-sheets-value=\"{&quot;1&quot;:2,&quot;2&quot;:&quot;Panasonic&quot;}\">Panasonic<\/td>\n<td data-sheets-value=\"{&quot;1&quot;:2,&quot;2&quot;:&quot;* Siemens (Optional)&quot;}\">* Siemens (Opsiyonel)<\/td>\n<\/tr>\n<tr>\n<td data-sheets-value=\"{&quot;1&quot;:2,&quot;2&quot;:&quot;Power Supply&quot;}\">G\u00fc\u00e7 Kayna\u011f\u0131<\/td>\n<td data-sheets-value=\"{&quot;1&quot;:2,&quot;2&quot;:&quot;380V 50Hz 3ph&quot;}\">380V 50Hz 3ph<\/td>\n<td data-sheets-value=\"{&quot;1&quot;:2,&quot;2&quot;:&quot;* Or According To Your Requirment&quot;}\">* Veya \u0130htiyac\u0131n\u0131za G\u00f6re<\/td>\n<\/tr>\n<tr>\n<td data-sheets-value=\"{&quot;1&quot;:2,&quot;2&quot;:&quot;Machine Color&quot;}\">Makine Rengi<\/td>\n<td data-sheets-value=\"{&quot;1&quot;:2,&quot;2&quot;:&quot;Industrial Blue&quot;}\">End\u00fcstriyel Mavi<\/td>\n<td data-sheets-value=\"{&quot;1&quot;:2,&quot;2&quot;:&quot;* Or According To Your Requirment&quot;}\">* Veya \u0130htiyac\u0131n\u0131za G\u00f6re<\/td>\n<\/tr>\n<\/tbody>\n<\/table>\n<\/div>\n<h3>Uygulama<\/h3>\n<p><span class=\"magic-49\"><span class=\"magic-10\">Ye\u015fil, sa\u011flam, ekonomik, dayan\u0131kl\u0131, h\u0131zl\u0131 kolay kurulum ve iyi g\u00f6r\u00fcn\u00fcm \u00f6zellikleriyle, \u00e7ift rulo halinde <\/span><\/span><span class=\"magic-59\">C-\u015fekilli \u00e7elik fotovoltaik braket ve di\u011fer \u00e7elik yap\u0131 malzemeleri giderek daha yayg\u0131n olarak kullan\u0131lmaktad\u0131r. \u00c7e\u015fitli hafif \u00e7elik yap\u0131 konstr\u00fcksiyonlar\u0131, raflar, tavan \u00e7er\u00e7eveleri vb. i\u00e7in uygundur.<\/span><\/p>\n<p><img loading=\"lazy\" decoding=\"async\" class=\"alignnone size-full wp-image-764\" src=\"https:\/\/swforming.com\/wp-content\/uploads\/2022\/09\/0220915095443.png\" alt=\"\" width=\"1000\" height=\"1101\" title=\"\" srcset=\"https:\/\/swforming.com\/wp-content\/uploads\/2022\/09\/0220915095443.png 1000w, https:\/\/swforming.com\/wp-content\/uploads\/2022\/09\/0220915095443-600x661.png 600w, https:\/\/swforming.com\/wp-content\/uploads\/2022\/09\/0220915095443-272x300.png 272w, https:\/\/swforming.com\/wp-content\/uploads\/2022\/09\/0220915095443-930x1024.png 930w, https:\/\/swforming.com\/wp-content\/uploads\/2022\/09\/0220915095443-768x846.png 768w\" sizes=\"(max-width: 1000px) 100vw, 1000px\" \/><\/p>\n<h3>kablo kanal\u0131 rulo \u015fekillendirme makinesi nedir<\/h3>\n<p>Kablo kanal\u0131 rulo \u015fekillendirme makinesi, kablo kanallar\u0131 \u00fcretmek i\u00e7in tasarlanm\u0131\u015f \u00f6zel bir end\u00fcstriyel makinedir. Kablo kanal\u0131 rulo \u015fekillendirme makinesi, kablo kanal\u0131 yapma makinesi olarak da adland\u0131r\u0131l\u0131r. Kablo kanallar\u0131, elektrik tesisatlar\u0131nda kablolar\u0131, telleri ve di\u011fer elektrikli ekipmanlar\u0131 desteklemek ve d\u00fczenlemek i\u00e7in kullan\u0131lan yap\u0131sal bile\u015fenlerdir. Kablo kanallar\u0131, binalarda, end\u00fcstriyel tesislerde ve altyap\u0131 projelerinde elektrik kablolar\u0131n\u0131 y\u00f6nlendirmek ve korumak i\u00e7in g\u00fcvenli ve verimli bir yol sa\u011flar.<\/p>\n<p>\u0130\u015fte bir kablo kanal\u0131 yapma makinesinin tipik olarak nas\u0131l \u00e7al\u0131\u015ft\u0131\u011f\u0131na dair genel bir bak\u0131\u015f:<\/p>\n<ol>\n<li>Malzeme Besleme: Makine, genellikle galvanizli \u00e7elik veya al\u00fcminyumdan yap\u0131lm\u0131\u015f bir metal \u015feridin rulo \u015fekillendirme hatt\u0131na beslenmesiyle ba\u015flar. \u015eerit genellikle bobin \u015feklinde tedarik edilir ve \u00e7\u00f6z\u00fclerek daha ileri i\u015flemler i\u00e7in makineye y\u00f6nlendirilir.<\/li>\n<li>Rulo \u015eekillendirme: Metal \u015ferit bir dizi silindir ve rulo \u015fekillendirme istasyonundan ge\u00e7er. Her bir silindir seti, \u015feridi kademeli olarak istenen kablo kanal\u0131 profiline g\u00f6re \u015fekillendirir. Silindirler, kablo tavas\u0131n\u0131n yan duvarlar\u0131, basamaklar\u0131 ve montaj delikleri gibi gerekli belirli \u00f6zellikleri ve boyutlar\u0131 olu\u015fturmak i\u00e7in \u00f6zel olarak tasarlanm\u0131\u015ft\u0131r.<\/li>\n<li>Kesim: Metal \u015ferit tamamen kablo kanal\u0131 b\u00f6l\u00fcmlerine d\u00f6n\u00fc\u015ft\u00fcr\u00fcld\u00fckten sonra, kablo kanal\u0131 b\u00f6l\u00fcmlerini ay\u0131rmak i\u00e7in bir kesme mekanizmas\u0131 kullan\u0131l\u0131r.<\/li>\n<li>Delge\u00e7<\/li>\n<li>Uzunluk \u00d6l\u00e7\u00fcm\u00fc ve \u0130stifleme: Kesme ve delme i\u015flemlerinden sonra, kablo kanal\u0131 b\u00f6l\u00fcmlerinin uzunlu\u011fu genellikle sens\u00f6rler veya \u00f6l\u00e7\u00fcm cihazlar\u0131 kullan\u0131larak \u00f6l\u00e7\u00fcl\u00fcr. Kesitler daha sonra paketleme veya daha ileri i\u015flemler i\u00e7in istiflenir veya toplan\u0131r.<\/li>\n<\/ol>\n<p>Kablo kanal\u0131 rulo \u015fekillendirme makineleri, metal \u015feridin do\u011fru ve tutarl\u0131 bir \u015fekilde \u015fekillendirilmesini sa\u011flamak i\u00e7in genellikle bilgisayar kontroll\u00fc sistemlere sahiptir. Bu makineler ayr\u0131ca otomatik malzeme besleme, ayarlanabilir silindir setleri ve kolay kullan\u0131m ve izleme i\u00e7in kontrol panelleri gibi \u00f6zelliklere de sahip olabilir.<\/p>\n<p>\u00dcreticiler, kablo kanal\u0131 yapma makinesi kullanarak y\u00fcksek kaliteli kablo kanallar\u0131n\u0131 b\u00fcy\u00fck miktarlarda verimli bir \u015fekilde \u00fcretebilirler. Bu kablo kanallar\u0131, elektrik tesisatlar\u0131nda kablo y\u00f6netimi i\u00e7in g\u00fcvenilir ve d\u00fczenli bir \u00e7\u00f6z\u00fcm sunarak g\u00fcvenlik ve bak\u0131m kolayl\u0131\u011f\u0131 sa\u011flar.<\/p>\n<h3>galvanizli kablo kanal\u0131 yapma makinesi kablo kanal\u0131 rulo \u015fekillendirme makinesine ait mi?<\/h3>\n<p>Evet, galvanizli kablo kanal\u0131 yapma makinesi, kablo kanal\u0131 rulo \u015fekillendirme makineleri kategorisine aittir. \"Galvaniz\" terimi, korozyon direnci ve dayan\u0131kl\u0131l\u0131k sa\u011flamak i\u00e7in metalin, tipik olarak \u00e7eli\u011fin, bir \u00e7inko tabakas\u0131 ile kaplanmas\u0131 i\u015flemini ifade eder. Galvanizli kablo kanallar\u0131, paslanmaya ve \u00e7evre ko\u015fullar\u0131na kar\u015f\u0131 \u00fcst\u00fcn korumalar\u0131 nedeniyle elektrik tesisatlar\u0131nda ve end\u00fcstriyel uygulamalarda yayg\u0131n olarak kullan\u0131lmaktad\u0131r.<\/p>\n<p>Galvanizli kablo kanal\u0131 yapma makinesi, galvanizli \u00e7elik \u015feritler kullanarak kablo kanallar\u0131 \u00fcretmek i\u00e7in \u00f6zel olarak tasarlanm\u0131\u015ft\u0131r. Makine, kablo kanal\u0131 rulo \u015fekillendirme makinesi ile ayn\u0131 temel prensipleri takip eder; metal \u015feridin beslenmesi, kablo kanal\u0131 i\u00e7in istenen profilin rulo \u015fekillendirilmesi, deliklerin veya yuvalar\u0131n kesilmesi ve delinmesi ve uzunluk \u00f6l\u00e7\u00fcm\u00fc ve istifleme.<\/p>\n<p>Galvanizli kablo kanal\u0131 yapma makinesinin en \u00f6nemli fark\u0131, galvanizli \u00e7elik \u015feritleri i\u015flemek ve \u00fcretim s\u00fcreci s\u0131ras\u0131nda uygun \u00e7inko kaplamas\u0131n\u0131 sa\u011flamak i\u00e7in donat\u0131lm\u0131\u015f olmas\u0131d\u0131r. Bu, istenen galvaniz kaplamay\u0131 elde etmek i\u00e7in y\u00fczey temizleme veya \u00e7inko kaplama uygulamas\u0131 gibi ek ad\u0131mlar\u0131 i\u00e7erebilir.<\/p>\n<h3>\u00c7in'de en iyi 5 kablo kanal\u0131 rulo \u015fekillendirme makinesi fabrikas\u0131<\/h3>\n<ol>\n<li>WUXI SUNWAY MACHINERY CO, LTD, so\u011fuk rulo \u015fekillendirme makinelerinin tasar\u0131m\u0131, geli\u015ftirilmesi ve \u00fcretimi ile ilgilenen profesyonel bir \u00fcretici ve ihracat\u00e7\u0131d\u0131r. T\u00fcm \u00fcr\u00fcnler uluslararas\u0131 kalite standartlar\u0131na uygundur ve Asya, Afrika, Avrupa, G\u00fcney Amerika ve Avustralya gibi d\u00fcnya \u00e7ap\u0131nda \u00e7e\u015fitli farkl\u0131 pazarlarda b\u00fcy\u00fck be\u011feni toplamaktad\u0131r. K\u00fcresel bir sat\u0131\u015f a\u011f\u0131 kazanm\u0131\u015ft\u0131r.<\/li>\n<li>Shanghai Wright Bros Technology Co, Ltd: Kablo kanal\u0131 rulo \u015fekillendirme makineleri de dahil olmak \u00fczere \u00e7e\u015fitli uygulamalar i\u00e7in rulo \u015fekillendirme makinelerinin tasar\u0131m\u0131 ve \u00fcretiminde uzmanla\u015fm\u0131\u015ft\u0131r. Farkl\u0131 tip ve boyutlardaki kablo kanallar\u0131 i\u00e7in bir dizi \u00f6zelle\u015ftirilmi\u015f \u00e7\u00f6z\u00fcm sunarlar.<\/li>\n<li>Wuxi Suhang Machinery Manufacturing Co, Ltd: Y\u0131llar\u0131n deneyimine sahip Suhang Machinery, kablo kanallar\u0131 i\u00e7in olanlar da dahil olmak \u00fczere rulo \u015fekillendirme makinelerinin sayg\u0131n bir \u00fcreticisidir. M\u00fc\u015fteri spesifikasyonlar\u0131na g\u00f6re uyarlanm\u0131\u015f g\u00fcvenilir ve verimli makineler sa\u011flarlar.<\/li>\n<li>Jiangsu Lebron Machinery Technology Co, Ltd: Lebron Machinery, kablo kanal\u0131 rulo \u015fekillendirme makineleri de dahil olmak \u00fczere rulo \u015fekillendirme makinelerindeki uzmanl\u0131\u011f\u0131yla bilinir. Kalite ve m\u00fc\u015fteri memnuniyetine odaklanarak kablo kanal\u0131 \u00fcretimi i\u00e7in geli\u015fmi\u015f teknolojiler ve \u00e7\u00f6z\u00fcmler sunarlar.<\/li>\n<li>Hangzhou Roll Forming Machinery Co, Ltd: 15 y\u0131l\u0131 a\u015fk\u0131n s\u00fcredir rulo \u015fekillendirme makineleri \u00fcretmekte ve kablo kanal\u0131 \u00fcretimi i\u00e7in bir dizi \u00e7\u00f6z\u00fcm sunmaktad\u0131r. Makineleri hassasiyetleri, dayan\u0131kl\u0131l\u0131klar\u0131 ve \u00f6zelle\u015ftirme se\u00e7enekleriyle bilinir.<\/li>\n<\/ol>\n<\/div>\n<blockquote class=\"wp-embedded-content\" data-secret=\"Qhk5pcRrob\"><p><a href=\"https:\/\/swforming.com\/tr\/the-definitive-guide-to-cable-tray-roll-forming-machines\/\">Kablo Kanal\u0131 Rulo \u015eekillendirme Makineleri \u0130\u00e7in Kesin K\u0131lavuz<\/a><\/p><\/blockquote>\n<p><iframe class=\"wp-embedded-content\" sandbox=\"allow-scripts\" security=\"restricted\" style=\"position: absolute; visibility: hidden;\" title=\"&quot;Kablo Kanal\u0131 Rulo \u015eekillendirme Makineleri \u0130\u00e7in Kesin K\u0131lavuz&quot; - SUNWAY Machine\" src=\"https:\/\/swforming.com\/the-definitive-guide-to-cable-tray-roll-forming-machines\/embed\/#?secret=eSJBVMGIIM#?secret=Qhk5pcRrob\" data-secret=\"Qhk5pcRrob\" width=\"600\" height=\"338\" frameborder=\"0\" marginwidth=\"0\" marginheight=\"0\" scrolling=\"no\"><\/iframe><\/p>","protected":false},"excerpt":{"rendered":"<p><span class=\"magic-9\"><span class=\"magic-10\" data-spm-anchor-id=\"a2700.details.0.i24.1da25591nu26He\">Kablo kanal\u0131 rulo \u015fekillendirme makinesi, elektrik alanlar\u0131nda, dekorasyonlarda, end\u00fcstriyel yap\u0131larda vb. yayg\u0131n olarak kullan\u0131lan farkl\u0131 kablo kanallar\u0131 yapmak i\u00e7in yayg\u0131n olarak kullan\u0131l\u0131r. Nihai kablo \u00fcr\u00fcnlerine g\u00f6re, uygun \u015fekilde \u00fc\u00e7 t\u00fcre ayr\u0131labilir: Deliksiz oluk kablo kanal\u0131, kablo merdiveni ve delikli kanal kablo kanal\u0131. <\/span><\/span><\/p>","protected":false},"featured_media":752,"comment_status":"open","ping_status":"closed","template":"","meta":{"_acf_changed":false},"product_brand":[],"product_cat":[60,18,114],"product_tag":[],"class_list":{"0":"post-751","1":"product","2":"type-product","3":"status-publish","4":"has-post-thumbnail","6":"product_cat-cable-tray-roll-forming-machine","7":"product_cat-electric-energy","8":"product_cat-roll-former","10":"first","11":"instock","12":"featured","13":"shipping-taxable","14":"product-type-simple"},"acf":[],"_links":{"self":[{"href":"https:\/\/swforming.com\/tr\/wp-json\/wp\/v2\/product\/751","targetHints":{"allow":["GET"]}}],"collection":[{"href":"https:\/\/swforming.com\/tr\/wp-json\/wp\/v2\/product"}],"about":[{"href":"https:\/\/swforming.com\/tr\/wp-json\/wp\/v2\/types\/product"}],"replies":[{"embeddable":true,"href":"https:\/\/swforming.com\/tr\/wp-json\/wp\/v2\/comments?post=751"}],"version-history":[{"count":3,"href":"https:\/\/swforming.com\/tr\/wp-json\/wp\/v2\/product\/751\/revisions"}],"predecessor-version":[{"id":3183,"href":"https:\/\/swforming.com\/tr\/wp-json\/wp\/v2\/product\/751\/revisions\/3183"}],"wp:featuredmedia":[{"embeddable":true,"href":"https:\/\/swforming.com\/tr\/wp-json\/wp\/v2\/media\/752"}],"wp:attachment":[{"href":"https:\/\/swforming.com\/tr\/wp-json\/wp\/v2\/media?parent=751"}],"wp:term":[{"taxonomy":"product_brand","embeddable":true,"href":"https:\/\/swforming.com\/tr\/wp-json\/wp\/v2\/product_brand?post=751"},{"taxonomy":"product_cat","embeddable":true,"href":"https:\/\/swforming.com\/tr\/wp-json\/wp\/v2\/product_cat?post=751"},{"taxonomy":"product_tag","embeddable":true,"href":"https:\/\/swforming.com\/tr\/wp-json\/wp\/v2\/product_tag?post=751"}],"curies":[{"name":"wp","href":"https:\/\/api.w.org\/{rel}","templated":true}]}}