{"id":744,"date":"2022-09-15T01:33:47","date_gmt":"2022-09-15T01:33:47","guid":{"rendered":"https:\/\/swforming.com\/?post_type=product&#038;p=744"},"modified":"2023-06-14T07:00:16","modified_gmt":"2023-06-14T07:00:16","slug":"roofing-sheets-machine-roof-sheet-making-machine-double-layer-roll-forming-machine","status":"publish","type":"product","link":"https:\/\/swforming.com\/tr\/product\/roofing-sheets-machine-roof-sheet-making-machine-double-layer-roll-forming-machine\/","title":{"rendered":"\u00c7ift Katmanl\u0131 Rulo \u015eekillendirme Makinesi \u00c7at\u0131 Kaplama Levhalar\u0131 Makinesi \u00c7at\u0131 Sayfas\u0131 Yapma Makinesi"},"content":{"rendered":"<p><img fetchpriority=\"high\" decoding=\"async\" class=\"alignnone wp-image-721 size-full\" src=\"https:\/\/swforming.com\/wp-content\/uploads\/2022\/09\/Hccbaebf418ec4902a9a070e330dcf587l.webp\" alt=\"\u00c7ift Katmanl\u0131 Rulo \u015eekillendirme Makinesi\" width=\"750\" height=\"684\" title=\"\" srcset=\"https:\/\/swforming.com\/wp-content\/uploads\/2022\/09\/Hccbaebf418ec4902a9a070e330dcf587l.webp 750w, https:\/\/swforming.com\/wp-content\/uploads\/2022\/09\/Hccbaebf418ec4902a9a070e330dcf587l-600x547.webp 600w, https:\/\/swforming.com\/wp-content\/uploads\/2022\/09\/Hccbaebf418ec4902a9a070e330dcf587l-300x274.webp 300w\" sizes=\"(max-width: 750px) 100vw, 750px\" \/><\/p>\n<p>\u00c7ift Katmanl\u0131 Rulo \u015eekillendirme Makinesi, malzeme olarak \u00e7elik rulolar\u0131 benimser ve a\u00e7ma, besleme, rulo \u015fekillendirme, boy kesme ve masa ile \u00e7\u0131k\u0131\u015f i\u015fleminden sonra \u00e7at\u0131 kaplama levhalar\u0131 al\u0131r. T\u00fcm makine, metal so\u011fuk haddelenmi\u015f i\u015fleme end\u00fcstrisi i\u00e7in \u00e7ok uygun olan otomatik \u00fcretimi ger\u00e7ekle\u015ftirmek i\u00e7in PLC kontrol\u00fcn\u00fc, AC frekans h\u0131z ayar\u0131n\u0131 benimser.<\/p>\n<h3>\u00c7ift Katmanl\u0131 Rulo \u015eekillendirme Makinesi Detaylar\u0131<\/h3>\n<p><strong>Stand Taban\u0131<\/strong><br \/>\nDeformasyona kar\u015f\u0131 g\u00fc\u00e7l\u00fc dirence sahip, y\u00fcksek mukavemetli ve a\u011f\u0131r hizmet tipi hammadde olarak y\u00fcksek kaliteli \u00e7elik se\u00e7in.<\/p>\n<p><img decoding=\"async\" class=\"alignnone size-full wp-image-723\" src=\"https:\/\/swforming.com\/wp-content\/uploads\/2022\/09\/stand-base-2.webp\" alt=\"\" width=\"450\" height=\"300\" title=\"\" srcset=\"https:\/\/swforming.com\/wp-content\/uploads\/2022\/09\/stand-base-2.webp 450w, https:\/\/swforming.com\/wp-content\/uploads\/2022\/09\/stand-base-2-300x200.webp 300w\" sizes=\"(max-width: 450px) 100vw, 450px\" \/><\/p>\n<p><strong>Motor<\/strong><br \/>\nTahrik sistemi i\u00e7in en iyi marka motoru benimseyin, daha kararl\u0131 ve etkili.<\/p>\n<p><img decoding=\"async\" class=\"alignnone size-full wp-image-724\" src=\"https:\/\/swforming.com\/wp-content\/uploads\/2022\/09\/motor-1.webp\" alt=\"\" width=\"450\" height=\"300\" title=\"\" srcset=\"https:\/\/swforming.com\/wp-content\/uploads\/2022\/09\/motor-1.webp 450w, https:\/\/swforming.com\/wp-content\/uploads\/2022\/09\/motor-1-300x200.webp 300w\" sizes=\"(max-width: 450px) 100vw, 450px\" \/><\/p>\n<p><strong>Makaralar ve \u015eaftlar<\/strong><br \/>\nUzun y\u0131llara dayanan \u00fcretim tecr\u00fcbesi ile daha profesyonel ve daha hassas.<\/p>\n<p><img loading=\"lazy\" decoding=\"async\" class=\"alignnone size-full wp-image-725\" src=\"https:\/\/swforming.com\/wp-content\/uploads\/2022\/09\/RollersShafts.webp\" alt=\"\" width=\"450\" height=\"300\" title=\"\" srcset=\"https:\/\/swforming.com\/wp-content\/uploads\/2022\/09\/RollersShafts.webp 450w, https:\/\/swforming.com\/wp-content\/uploads\/2022\/09\/RollersShafts-300x200.webp 300w\" sizes=\"(max-width: 450px) 100vw, 450px\" \/><\/p>\n<p><strong>\u00d6zelle\u015ftirme<\/strong><br \/>\nK\u0131demli ve deneyimli m\u00fchendis, \u00f6zelle\u015ftirmeniz i\u00e7in t\u00fcm s\u00fcreci kontrol eder.<\/p>\n<p><img loading=\"lazy\" decoding=\"async\" class=\"alignnone size-full wp-image-636\" src=\"https:\/\/swforming.com\/wp-content\/uploads\/2022\/09\/Customization.webp\" alt=\"\" width=\"450\" height=\"300\" title=\"\" srcset=\"https:\/\/swforming.com\/wp-content\/uploads\/2022\/09\/Customization.webp 450w, https:\/\/swforming.com\/wp-content\/uploads\/2022\/09\/Customization-300x200.webp 300w\" sizes=\"(max-width: 450px) 100vw, 450px\" \/><\/p>\n<p><img loading=\"lazy\" decoding=\"async\" class=\"alignnone size-full wp-image-726\" src=\"https:\/\/swforming.com\/wp-content\/uploads\/2022\/09\/H6d7164243ca1449280935744f5d1faa5E.webp\" alt=\"\" width=\"750\" height=\"446\" title=\"\" srcset=\"https:\/\/swforming.com\/wp-content\/uploads\/2022\/09\/H6d7164243ca1449280935744f5d1faa5E.webp 750w, https:\/\/swforming.com\/wp-content\/uploads\/2022\/09\/H6d7164243ca1449280935744f5d1faa5E-600x357.webp 600w, https:\/\/swforming.com\/wp-content\/uploads\/2022\/09\/H6d7164243ca1449280935744f5d1faa5E-300x178.webp 300w\" sizes=\"(max-width: 750px) 100vw, 750px\" \/><\/p>\n<h3>\u00c7ift Katmanl\u0131 Rulo \u015eekillendirme Makinesi Parametreleri<\/h3>\n<div>\n<table>\n<tbody>\n<tr>\n<td data-sheets-value=\"{&quot;1&quot;:2,&quot;2&quot;:&quot;Product&quot;}\">\u00dcr\u00fcn<\/td>\n<td data-sheets-value=\"{&quot;1&quot;:2,&quot;2&quot;:&quot;Roof sheet roll forming machine&quot;}\">\u00c7at\u0131 sac rulo \u015fekillendirme makinesi<\/td>\n<\/tr>\n<tr>\n<td data-sheets-value=\"{&quot;1&quot;:2,&quot;2&quot;:&quot;Model&quot;}\">Model<\/td>\n<td data-sheets-value=\"{&quot;1&quot;:2,&quot;2&quot;:&quot;Corrugated Trapezoidal (Customizable )&quot;}\">Oluklu Trapezoidal (\u00d6zelle\u015ftirilebilir)<\/td>\n<\/tr>\n<tr>\n<td data-sheets-value=\"{&quot;1&quot;:2,&quot;2&quot;:&quot;Base Material&quot;}\">Temel Malzeme<\/td>\n<td data-sheets-value=\"{&quot;1&quot;:2,&quot;2&quot;:&quot;GI\/GL, PPGI\/PPGL, Aluminum Coil&quot;}\">GI\/GL, PPGI\/PPGL, Al\u00fcminyum Bobin<\/td>\n<\/tr>\n<tr>\n<td data-sheets-value=\"{&quot;1&quot;:2,&quot;2&quot;:&quot;Thickness&quot;}\">Kal\u0131nl\u0131k<\/td>\n<td data-sheets-value=\"{&quot;1&quot;:2,&quot;2&quot;:&quot;0.3mm-0.8mm&quot;}\">0.3mm-0.8mm<\/td>\n<\/tr>\n<tr>\n<td data-sheets-value=\"{&quot;1&quot;:2,&quot;2&quot;:&quot;Effective Width&quot;}\">Etkili Geni\u015flik<\/td>\n<td data-sheets-value=\"{&quot;1&quot;:2,&quot;2&quot;:&quot;600-1250mm (According To Customer Requirements \/Customizable)&quot;}\">\n<div>\n<div>600-1250mm (M\u00fc\u015fteri Gereksinimlerine G\u00f6re \/ \u00d6zelle\u015ftirilebilir)<\/div>\n<\/div>\n<\/td>\n<\/tr>\n<tr>\n<td data-sheets-value=\"{&quot;1&quot;:2,&quot;2&quot;:&quot;Roller Station&quot;}\">Makaral\u0131 \u0130stasyon<\/td>\n<td data-sheets-value=\"{&quot;1&quot;:2,&quot;2&quot;:&quot;14-18 Stations&quot;}\">14-18 \u0130stasyonlar<\/td>\n<\/tr>\n<tr>\n<td data-sheets-value=\"{&quot;1&quot;:2,&quot;2&quot;:&quot;Roller Material&quot;}\">Makara Malzemesi<\/td>\n<td data-sheets-value=\"{&quot;1&quot;:2,&quot;2&quot;:&quot;45# Steel \/ Bearing Steel\/ Cr12Mov&quot;}\">45# \u00c7elik \/ Rulman \u00c7eli\u011fi \/ Cr12Mov<\/td>\n<\/tr>\n<tr>\n<td data-sheets-value=\"{&quot;1&quot;:2,&quot;2&quot;:&quot;Roller Driven Type&quot;}\">Silindir Tahrikli Tip<\/td>\n<td data-sheets-value=\"{&quot;1&quot;:2,&quot;2&quot;:&quot;By Chain\/ Gearbox&quot;}\">Zincir\/ \u015eanz\u0131man ile<\/td>\n<\/tr>\n<tr>\n<td data-sheets-value=\"{&quot;1&quot;:2,&quot;2&quot;:&quot;Color&quot;}\">Renk<\/td>\n<td data-sheets-value=\"{&quot;1&quot;:2,&quot;2&quot;:&quot;According To Customer Requirements \/ Customizable&quot;}\">\n<div>\n<div>M\u00fc\u015fteri Gereksinimlerine G\u00f6re \/ \u00d6zelle\u015ftirilebilir<\/div>\n<\/div>\n<\/td>\n<\/tr>\n<tr>\n<td data-sheets-value=\"{&quot;1&quot;:2,&quot;2&quot;:&quot;Brand&quot;}\">Marka<\/td>\n<td data-sheets-value=\"{&quot;1&quot;:2,&quot;2&quot;:&quot;SUNWAY&quot;}\">SUNWAY<\/td>\n<\/tr>\n<tr>\n<td data-sheets-value=\"{&quot;1&quot;:2,&quot;2&quot;:&quot;Control System&quot;}\">Kontrol Sistemi<\/td>\n<td data-sheets-value=\"{&quot;1&quot;:2,&quot;2&quot;:&quot;Worldwide Famous Brand PLC (Panasonic, Siemens, Delta, etc)&quot;}\">\n<div>\n<div>D\u00fcnya \u00c7ap\u0131nda \u00dcnl\u00fc Marka PLC (Panasonic, Siemens, Delta, vb.)<\/div>\n<\/div>\n<\/td>\n<\/tr>\n<tr>\n<td data-sheets-value=\"{&quot;1&quot;:2,&quot;2&quot;:&quot;Power&quot;}\">G\u00fc\u00e7<\/td>\n<td data-sheets-value=\"{&quot;1&quot;:2,&quot;2&quot;:&quot;4KW-5.5KW-7.5KW&quot;}\">4KW-5.5KW-7.5KW<\/td>\n<\/tr>\n<tr>\n<td data-sheets-value=\"{&quot;1&quot;:2,&quot;2&quot;:&quot;Frame&quot;}\">\u00c7er\u00e7eve<\/td>\n<td data-sheets-value=\"{&quot;1&quot;:2,&quot;2&quot;:&quot;350 H Steel \/ 400 H Steel&quot;}\">350 H \u00c7elik \/ 400 H \u00c7elik<\/td>\n<\/tr>\n<tr>\n<td data-sheets-value=\"{&quot;1&quot;:2,&quot;2&quot;:&quot;Cutting Drive&quot;}\">Kesme Tahriki<\/td>\n<td data-sheets-value=\"{&quot;1&quot;:2,&quot;2&quot;:&quot;Hydraulic Drive&quot;}\">Hidrolik Tahrik<\/td>\n<\/tr>\n<tr>\n<td data-sheets-value=\"{&quot;1&quot;:2,&quot;2&quot;:&quot;Cutting&amp;Hydraulic Type&quot;}\">Kesme ve Hidrolik Tip<\/td>\n<td data-sheets-value=\"{&quot;1&quot;:2,&quot;2&quot;:&quot;Type:Double Guide Pillar Hydraulic Cutting.\\nHydraulic Pump Station :4kw Blade:Cr12mov HRC:58-62&quot;}\">\n<div>\n<div>Tip: \u00c7ift K\u0131lavuz Aya\u011f\u0131 Hidrolik Kesme.<br \/>\nHidrolik Pompa \u0130stasyonu: 4kw B\u0131\u00e7ak: Cr12mov HRC: 58-62<\/div>\n<\/div>\n<\/td>\n<\/tr>\n<tr>\n<td data-sheets-value=\"{&quot;1&quot;:2,&quot;2&quot;:&quot;Way Of Drive&quot;}\">S\u00fcr\u00fc\u015f Yolu<\/td>\n<td data-sheets-value=\"{&quot;1&quot;:2,&quot;2&quot;:&quot;1.2 inch single chain&quot;}\">1,2 in\u00e7 tek zincir<\/td>\n<\/tr>\n<\/tbody>\n<\/table>\n<\/div>\n<h3>\u00dcr\u00fcn Tipi<\/h3>\n<p><img loading=\"lazy\" decoding=\"async\" class=\"alignnone wp-image-728 size-full\" src=\"https:\/\/swforming.com\/wp-content\/uploads\/2022\/09\/915090858-e1663205597715.png\" alt=\"\" width=\"824\" height=\"1451\" title=\"\" srcset=\"https:\/\/swforming.com\/wp-content\/uploads\/2022\/09\/915090858-e1663205597715.png 824w, https:\/\/swforming.com\/wp-content\/uploads\/2022\/09\/915090858-e1663205597715-600x1057.png 600w, https:\/\/swforming.com\/wp-content\/uploads\/2022\/09\/915090858-e1663205597715-170x300.png 170w, https:\/\/swforming.com\/wp-content\/uploads\/2022\/09\/915090858-e1663205597715-582x1024.png 582w, https:\/\/swforming.com\/wp-content\/uploads\/2022\/09\/915090858-e1663205597715-768x1352.png 768w\" sizes=\"(max-width: 824px) 100vw, 824px\" \/><\/p>\n<h3>\u00c7ift katmanl\u0131 rulo \u015fekillendirme makinesi nedir?<\/h3>\n<p>\u00c7ift katmanl\u0131 rulo \u015fekillendirme makinesi, metal i\u015fleme end\u00fcstrisinde ayn\u0131 anda iki farkl\u0131 profil veya sac metal katman\u0131 \u00fcretmek i\u00e7in kullan\u0131lan \u00f6zel bir makine t\u00fcr\u00fcd\u00fcr. \u0130stenilen bir \u015fekli elde etmek i\u00e7in uzun bir metal \u015feridin bir dizi silindir arac\u0131l\u0131\u011f\u0131yla s\u00fcrekli b\u00fck\u00fclmesini i\u00e7eren geleneksel rulo \u015fekillendirme i\u015fleminin bir varyasyonudur.<\/p>\n<p>\u00c7ift katmanl\u0131 rulo \u015fekillendirme makinesi, her biri belirli bir profil \u00fcretmek \u00fczere tasarlanm\u0131\u015f \u00e7ok say\u0131da silindir setinden olu\u015fur. Makine, tipik olarak \u00fcst \u00fcste yerle\u015ftirilmi\u015f iki farkl\u0131 tak\u0131m setini bar\u0131nd\u0131rabilir ve iki farkl\u0131 profilin e\u015fzamanl\u0131 olarak olu\u015fturulmas\u0131na izin verir. Bu, farkl\u0131 \u015fekil, boyut ve konfig\u00fcrasyonlara sahip iki farkl\u0131 tipte metal panel veya levha \u00fcretilmesini sa\u011flar.<\/p>\n<p>S\u00fcre\u00e7, sac metal bobinin makineye beslenmesiyle ba\u015flar. Bobin, metali kademeli olarak \u015fekillendiren ve istenen profillere b\u00fcken bir dizi silindirden ge\u00e7er. \u00dcst silindir seti birinci katmana kar\u015f\u0131l\u0131k gelirken, alt silindir seti ikinci katmana kar\u015f\u0131l\u0131k gelir. Silindirler, i\u00e7inden ge\u00e7erken metale istenen \u015fekli vermek i\u00e7in belirli konturlar ve profillerle tasarlanm\u0131\u015ft\u0131r.<\/p>\n<p>\u00c7ift katmanl\u0131 rulo \u015fekillendirme makineleri, in\u015faat sekt\u00f6r\u00fcnde \u00e7at\u0131 ve duvar kaplama sistemlerinin \u00fcretiminde yayg\u0131n olarak kullan\u0131lmaktad\u0131r. Makine ayn\u0131 anda iki katman \u00fcreterek, geleneksel tek katmanl\u0131 rulo \u015fekillendirme makinelerine k\u0131yasla daha fazla verimlilik ve \u00fcretkenlik sunar. Birden fazla profil \u00fcretmek i\u00e7in ayr\u0131 makinelere veya manuel m\u00fcdahaleye olan ihtiyac\u0131 ortadan kald\u0131rarak zaman ve maliyet tasarrufu sa\u011flar.<\/p>\n<p>Genel olarak, \u00e7ift katmanl\u0131 rulo \u015fekillendirme makinesi, farkl\u0131 \u015fekil ve boyutlarda \u00e7ok \u00e7e\u015fitli metal profiller \u00fcretmek i\u00e7in \u00e7ok y\u00f6nl\u00fc ve verimli bir ara\u00e7t\u0131r, bu da onu metal i\u015fleme ve in\u015faat sekt\u00f6rlerinde de\u011ferli bir varl\u0131k haline getirir.<\/p>\n<h3>\u00e7at\u0131 kaplama levha rulo \u015fekillendirme makinesi uygulamas\u0131?<\/h3>\n<p>\u00c7at\u0131 kaplama levha rulo \u015fekillendirme makinesi, \u00e7e\u015fitli \u00e7at\u0131 kaplama levhalar\u0131n\u0131n \u00fcretiminde kullan\u0131lan \u00f6zel bir ekipman par\u00e7as\u0131d\u0131r. Hassas boyutlara ve profillere sahip y\u00fcksek kaliteli \u00e7at\u0131 kaplama malzemelerinin \u00fcretiminde \u00e7ok \u00f6nemli bir rol oynar. \u0130\u015fte \u00e7at\u0131 kaplama sac rulo \u015fekillendirme makinelerinin baz\u0131 yayg\u0131n uygulamalar\u0131:<\/p>\n<ol>\n<li>Konut \u00c7at\u0131 Kaplamalar\u0131: Rulo \u015fekillendirme makineleri, konut binalar\u0131 i\u00e7in \u00e7at\u0131 kaplama levhalar\u0131n\u0131n \u00fcretiminde yayg\u0131n olarak kullan\u0131lmaktad\u0131r. Oluklu levhalar, kenet paneller ve metal kiremitler gibi profiller olu\u015fturabilirler. Bu \u00e7at\u0131 kaplama malzemeleri dayan\u0131kl\u0131d\u0131r, hava ko\u015fullar\u0131na dayan\u0131kl\u0131d\u0131r ve konut yap\u0131lar\u0131na estetik a\u00e7\u0131dan ho\u015f bir g\u00f6r\u00fcn\u00fcm sa\u011flar.<\/li>\n<li>Ticari ve End\u00fcstriyel \u00c7at\u0131 Kaplama: Rulo \u015fekillendirme makineleri, ticari ve end\u00fcstriyel binalar i\u00e7in \u00e7at\u0131 kaplama levhalar\u0131 \u00fcretmek i\u00e7in de kullan\u0131l\u0131r. Bu levhalar a\u011f\u0131r y\u00fcklere, a\u015f\u0131r\u0131 hava ko\u015fullar\u0131na dayanacak ve m\u00fckemmel yal\u0131t\u0131m \u00f6zellikleri sa\u011flayacak \u015fekilde tasarlanm\u0131\u015ft\u0131r. Ticari ve end\u00fcstriyel \u00e7at\u0131 kaplama uygulamalar\u0131n\u0131n gereksinimlerini kar\u015f\u0131lamak i\u00e7in b\u00fcy\u00fck \u00f6l\u00e7ekli paneller veya belirli profillere sahip levhalar \u00fcretebilirler.<\/li>\n<li>Tar\u0131msal Binalar: Rulo \u015fekillendirilmi\u015f \u00e7at\u0131 kaplama levhalar\u0131, tar\u0131m sekt\u00f6r\u00fcnde ah\u0131r, baraka ve di\u011fer \u00e7iftlik yap\u0131lar\u0131n\u0131n in\u015fas\u0131 i\u00e7in uygulama alan\u0131 bulur. Bu levhalar, \u00e7evresel fakt\u00f6rlere kar\u015f\u0131 korumak i\u00e7in genellikle galvanizli \u00e7elikten veya korozyona dayan\u0131kl\u0131 di\u011fer malzemelerden yap\u0131l\u0131r. \u00c7iftlik hayvanlar\u0131, ekipmanlar ve mahsuller i\u00e7in g\u00fcvenilir koruma sa\u011flarlar.<\/li>\n<li>Mimari \u00c7at\u0131 Kaplama: Rulo \u015fekillendirme makineleri, benzersiz ve farkl\u0131 tasar\u0131mlar gerektiren mimari projeler i\u00e7in \u00e7at\u0131 kaplama malzemelerinin \u00fcretiminde kullan\u0131l\u0131r. Kubbeler, kemerler ve karma\u015f\u0131k \u00e7at\u0131 konfig\u00fcrasyonlar\u0131 gibi binalar\u0131n \u00f6zel mimari gereksinimlerine uyacak \u015fekilde \u00f6zel profiller, e\u011friler ve \u015fekiller olu\u015fturabilirler.<\/li>\n<li>\u00c7at\u0131 Aksesuarlar\u0131: Rulo \u015fekillendirme makineleri, \u00e7at\u0131 kaplama levhalar\u0131na ek olarak \u00e7e\u015fitli \u00e7at\u0131 kaplama aksesuarlar\u0131 da \u00fcretebilir. Bunlar aras\u0131nda mahya kapaklar\u0131, fla\u015flar, oluklar, ini\u015f borular\u0131 ve trim bile\u015fenleri bulunur. Bu aksesuarlar do\u011fru montaj\u0131, su drenaj\u0131n\u0131 sa\u011flar ve \u00e7at\u0131 sisteminin genel esteti\u011fini geli\u015ftirir.<\/li>\n<\/ol>\n<p>\u00c7at\u0131 kaplama sac rulo \u015fekillendirme makinelerinin \u00e7ok y\u00f6nl\u00fcl\u00fc\u011f\u00fc, \u00fcreticilerin farkl\u0131 uygulamalar i\u00e7in \u00e7ok \u00e7e\u015fitli \u00e7at\u0131 kaplama \u00fcr\u00fcnleri \u00fcretmesine olanak tan\u0131r. Makineler \u00e7elik, al\u00fcminyum, bak\u0131r ve kaplamal\u0131 ala\u015f\u0131mlar dahil olmak \u00fczere farkl\u0131 malzemeleri bar\u0131nd\u0131rabilir ve \u00e7e\u015fitli m\u00fc\u015fteri ihtiya\u00e7lar\u0131n\u0131 kar\u015f\u0131lamada esneklik sa\u011flar.<\/p>\n<h3>\u00c7ift katmanl\u0131 rulo \u015fekillendirme makinesi fiyat\u0131na ne dersiniz?<\/h3>\n<p>\u00c7ift katmanl\u0131 rulo \u015fekillendirme makinesinin fiyat\u0131 \u00e7e\u015fitli fakt\u00f6rlere ba\u011fl\u0131 olarak \u00f6nemli \u00f6l\u00e7\u00fcde de\u011fi\u015febilir. Bu fakt\u00f6rler aras\u0131nda makinenin teknik \u00f6zellikleri, \u00f6zellikleri, kalitesi, markas\u0131 ve sat\u0131n al\u0131nd\u0131\u011f\u0131 b\u00f6lge yer al\u0131r. Ayr\u0131ca, piyasa ko\u015fullar\u0131 ve hammadde maliyetlerindeki dalgalanmalar da fiyat\u0131 etkileyebilir.<\/p>\n<p>Genel olarak, \u00e7ift katmanl\u0131 rulo \u015fekillendirme makineleri, artan karma\u015f\u0131kl\u0131klar\u0131 ve ayn\u0131 anda birden fazla profil \u00fcretme kabiliyetleri nedeniyle tek katmanl\u0131 makinelerden daha pahal\u0131 olma e\u011filimindedir. \u00c7ift katmanl\u0131 bir rulo \u015fekillendirme makinesinin fiyat aral\u0131\u011f\u0131 tipik olarak birka\u00e7 bin dolardan on binlerce dolara kadar de\u011fi\u015febilir.<\/p>\n<p>Makinenin fiyat\u0131n\u0131n dikkate al\u0131nmas\u0131 gereken tek unsur olmad\u0131\u011f\u0131n\u0131 unutmamak \u00f6nemlidir. Sat\u0131\u015f sonras\u0131 hizmet, garanti, e\u011fitim ve destek gibi di\u011fer fakt\u00f6rler de makinenin genel de\u011feri de\u011ferlendirilirken g\u00f6z \u00f6n\u00fcnde bulundurulmal\u0131d\u0131r.<\/p>\n<p>\u00c7ift katmanl\u0131 rulo \u015fekillendirme makinesi i\u00e7in do\u011fru bir fiyat almak i\u00e7in do\u011frudan \u00fcreticiler, tedarik\u00e7iler veya distrib\u00fct\u00f6rlerle ileti\u015fime ge\u00e7meniz \u00f6nerilir. \u00d6zel gereksinimlerinize g\u00f6re belirli makine modelleri, \u00f6zelle\u015ftirme se\u00e7enekleri ve fiyatland\u0131rma ayr\u0131nt\u0131lar\u0131 hakk\u0131nda ayr\u0131nt\u0131l\u0131 bilgi sa\u011flayabilirler.<\/p>\n<h3>\u00e7at\u0131 kaplama sac rulo \u015fekillendirme makinesinin i\u015flevi<\/h3>\n<p>\u00c7at\u0131 kaplama levhas\u0131 rulo \u015fekillendirme makinesi, \u00e7at\u0131 kaplama levhalar\u0131n\u0131n \u00fcretim s\u00fcrecinde \u00e7e\u015fitli i\u015flevleri yerine getirir. \u0130\u015fte tipik bir \u00e7at\u0131 kaplama levhas\u0131 rulo \u015fekillendirme makinesinin temel i\u015flevleri:<\/p>\n<ol>\n<li>Malzeme Besleme: Makine, tipik olarak \u00e7elik, al\u00fcminyum veya bak\u0131r gibi metal olan s\u00fcrekli bir hammadde \u015feridini veya bobinini i\u015flemek \u00fczere tasarlanm\u0131\u015ft\u0131r. Malzeme, genellikle bobini \u00e7\u00f6zen ve \u015fekillendirme b\u00f6l\u00fcm\u00fcne besleyen bir a\u00e7\u0131c\u0131 arac\u0131l\u0131\u011f\u0131yla makineye beslenir.<\/li>\n<li>Rulo \u015eekillendirme: Makinenin birincil i\u015flevi, d\u00fcz metal \u015feridi \u00e7at\u0131 kaplama levhas\u0131 i\u00e7in istenen bir profile \u015fekillendirmektir. Bu, her biri metali kademeli olarak b\u00fckmek ve \u015fekillendirmekten sorumlu olan bir dizi \u015fekillendirme silindiri veya tak\u0131m seti arac\u0131l\u0131\u011f\u0131yla ger\u00e7ekle\u015ftirilir. Silindirler, metali oluklu, kenet diki\u015fli veya metal kiremit gibi istenen \u00e7at\u0131 kaplama profiline g\u00f6re \u015fekillendiren belirli konturlara ve profillere sahiptir.<\/li>\n<li>Kesim: \u0130stenen profil olu\u015fturulduktan sonra, makine \u00e7at\u0131 kaplama levhas\u0131n\u0131 gerekli uzunlukta kesmek i\u00e7in bir kesme mekanizmas\u0131 i\u00e7erir. Makine tasar\u0131m\u0131na ba\u011fl\u0131 olarak mekanik kesme veya hidrolik delme dahil olmak \u00fczere farkl\u0131 kesme y\u00f6ntemleri kullan\u0131labilir.<\/li>\n<li>Profil Kabartma veya Damgalama: Baz\u0131 durumlarda, \u00e7at\u0131 kaplama levhas\u0131 rulo \u015fekillendirme makinesi, levha y\u00fczeyine kabartma veya damgalama desenleri eklemek i\u00e7in ek i\u015flevlere sahip olabilir. Bu genellikle doku eklemek veya su drenaj\u0131n\u0131 iyile\u015ftirmek gibi \u00e7at\u0131 kaplama levhas\u0131n\u0131n esteti\u011fini veya i\u015flevselli\u011fini geli\u015ftirmek i\u00e7in yap\u0131l\u0131r.<\/li>\n<li>Kontrol Sistemi: Makine, h\u0131z, uzunluk ve konum gibi \u00e7e\u015fitli parametreleri izleyerek \u00e7al\u0131\u015fmay\u0131 denetleyen bir kontrol sistemi ile donat\u0131lm\u0131\u015ft\u0131r. Kontrol sistemi, rulo \u015fekillendirme s\u00fcreci boyunca hassasiyet ve tutarl\u0131l\u0131k sa\u011flar.<\/li>\n<li>Malzeme Ta\u015f\u0131ma: \u00c7at\u0131 kaplama levhas\u0131 rulo \u015fekillendirme makinesi, istifleme veya paketleme sistemleri gibi bitmi\u015f levhalar\u0131n ta\u015f\u0131nmas\u0131 i\u00e7in mekanizmalar i\u00e7erebilir. Bu sistemler, \u00fcretilen \u00e7at\u0131 kaplama levhalar\u0131n\u0131n verimli bir \u015fekilde toplanmas\u0131n\u0131, istiflenmesini ve depolanmas\u0131n\u0131 kolayla\u015ft\u0131r\u0131r.<\/li>\n<\/ol>\n<p>\u00c7at\u0131 kaplama levhas\u0131 rulo \u015fekillendirme makinesi, s\u00fcrekli ve otomatik bir s\u00fcre\u00e7te y\u00fcksek kaliteli \u00e7at\u0131 kaplama levhalar\u0131 \u00fcretmek i\u00e7in bu i\u015flevleri birle\u015ftirir. \u00c7at\u0131 kaplama malzemelerinin \u00fcretiminde hassasiyet, h\u0131z ve verimlilik sunarak in\u015faat sekt\u00f6r\u00fcndeki \u00e7e\u015fitli \u00e7at\u0131 kaplama uygulamalar\u0131n\u0131n gereksinimlerini kar\u015f\u0131lar.<\/p>\n<blockquote class=\"wp-embedded-content\" data-secret=\"0PvgQUEVYs\"><p><a href=\"https:\/\/swforming.com\/tr\/how-a-double-layer-roll-forming-machine-works\/\">\u00c7ift Katl\u0131 Rulo \u015eekillendirme Makinesi Nas\u0131l \u00c7al\u0131\u015f\u0131r?<\/a><\/p><\/blockquote>\n<p><iframe class=\"wp-embedded-content\" sandbox=\"allow-scripts\" security=\"restricted\" style=\"position: absolute; clip: rect(1px, 1px, 1px, 1px);\" title=\"&quot;\u00c7ift Katl\u0131 Rulo \u015eekillendirme Makinesi Nas\u0131l \u00c7al\u0131\u015f\u0131r?&quot; - SUNWAY Makine\" src=\"https:\/\/swforming.com\/how-a-double-layer-roll-forming-machine-works\/embed\/#?secret=VGsYMegl8I#?secret=0PvgQUEVYs\" data-secret=\"0PvgQUEVYs\" width=\"600\" height=\"338\" frameborder=\"0\" marginwidth=\"0\" marginheight=\"0\" scrolling=\"no\"><\/iframe><\/p>\n<blockquote class=\"wp-embedded-content\" data-secret=\"Yc1ih6HAt6\"><p><a href=\"https:\/\/swforming.com\/tr\/the-benefits-of-investing-in-a-double-layer-roll-forming-machine\/\">\u00c7ift Katl\u0131 Rulo \u015eekillendirme Makinesine Yat\u0131r\u0131m Yapman\u0131n Faydalar\u0131<\/a><\/p><\/blockquote>\n<p><iframe class=\"wp-embedded-content\" sandbox=\"allow-scripts\" security=\"restricted\" style=\"position: absolute; clip: rect(1px, 1px, 1px, 1px);\" title=\"&quot;\u00c7ift Katmanl\u0131 Rulo \u015eekillendirme Makinesine Yat\u0131r\u0131m Yapman\u0131n Faydalar\u0131&quot; - SUNWAY Machine\" src=\"https:\/\/swforming.com\/the-benefits-of-investing-in-a-double-layer-roll-forming-machine\/embed\/#?secret=dJi1aYAM4O#?secret=Yc1ih6HAt6\" data-secret=\"Yc1ih6HAt6\" width=\"600\" height=\"338\" frameborder=\"0\" marginwidth=\"0\" marginheight=\"0\" scrolling=\"no\"><\/iframe><\/p>","protected":false},"excerpt":{"rendered":"<p>Bu makine malzeme olarak \u00e7elik rulolar\u0131 benimser ve a\u00e7ma, besleme, rulo \u015fekillendirme, boy kesme ve masa ile \u00e7\u0131k\u0131\u015f i\u015fleminden sonra \u00e7at\u0131 kaplama levhalar\u0131 al\u0131r. T\u00fcm makine, metal so\u011fuk haddelenmi\u015f i\u015fleme end\u00fcstrisi i\u00e7in \u00e7ok uygun olan otomatik \u00fcretimi ger\u00e7ekle\u015ftirmek i\u00e7in PLC kontrol\u00fcn\u00fc, AC frekans h\u0131z reg\u00fclasyonunu benimser.<\/p>","protected":false},"featured_media":745,"comment_status":"open","ping_status":"closed","template":"","meta":{"_acf_changed":false},"product_brand":[],"product_cat":[84,45],"product_tag":[],"class_list":{"0":"post-744","1":"product","2":"type-product","3":"status-publish","4":"has-post-thumbnail","6":"product_cat-double-layer-panel-roll-forming-machine","7":"product_cat-metal-wall-roofing","9":"first","10":"instock","11":"shipping-taxable","12":"product-type-simple"},"acf":[],"_links":{"self":[{"href":"https:\/\/swforming.com\/tr\/wp-json\/wp\/v2\/product\/744","targetHints":{"allow":["GET"]}}],"collection":[{"href":"https:\/\/swforming.com\/tr\/wp-json\/wp\/v2\/product"}],"about":[{"href":"https:\/\/swforming.com\/tr\/wp-json\/wp\/v2\/types\/product"}],"replies":[{"embeddable":true,"href":"https:\/\/swforming.com\/tr\/wp-json\/wp\/v2\/comments?post=744"}],"version-history":[{"count":3,"href":"https:\/\/swforming.com\/tr\/wp-json\/wp\/v2\/product\/744\/revisions"}],"predecessor-version":[{"id":3228,"href":"https:\/\/swforming.com\/tr\/wp-json\/wp\/v2\/product\/744\/revisions\/3228"}],"wp:featuredmedia":[{"embeddable":true,"href":"https:\/\/swforming.com\/tr\/wp-json\/wp\/v2\/media\/745"}],"wp:attachment":[{"href":"https:\/\/swforming.com\/tr\/wp-json\/wp\/v2\/media?parent=744"}],"wp:term":[{"taxonomy":"product_brand","embeddable":true,"href":"https:\/\/swforming.com\/tr\/wp-json\/wp\/v2\/product_brand?post=744"},{"taxonomy":"product_cat","embeddable":true,"href":"https:\/\/swforming.com\/tr\/wp-json\/wp\/v2\/product_cat?post=744"},{"taxonomy":"product_tag","embeddable":true,"href":"https:\/\/swforming.com\/tr\/wp-json\/wp\/v2\/product_tag?post=744"}],"curies":[{"name":"wp","href":"https:\/\/api.w.org\/{rel}","templated":true}]}}