{"id":729,"date":"2022-09-15T01:20:22","date_gmt":"2022-09-15T01:20:22","guid":{"rendered":"https:\/\/swforming.com\/?post_type=product&#038;p=729"},"modified":"2023-06-26T03:37:36","modified_gmt":"2023-06-26T03:37:36","slug":"corrugated-sheet-roll-forming-machine","status":"publish","type":"product","link":"https:\/\/swforming.com\/tr\/product\/corrugated-sheet-roll-forming-machine\/","title":{"rendered":"\u00c7at\u0131 Sayfas\u0131 Rulo \u015eekillendirme Makinesi Renkli \u00c7elik Oluklu Demir Sac \u00c7at\u0131 Kiremit Yapma Makinesi"},"content":{"rendered":"<div id=\"module_detail_video\">\n<div class=\"widget-detail-video\" data-role=\"widget-detail-overview-video\">\n<div class=\"widget-detail-video__title\" data-spm-anchor-id=\"a2700.details.0.i28.55306564CO7cHj\"><img fetchpriority=\"high\" decoding=\"async\" class=\"alignnone wp-image-721 size-full\" src=\"https:\/\/swforming.com\/wp-content\/uploads\/2022\/09\/Hccbaebf418ec4902a9a070e330dcf587l.webp\" alt=\"\u00c7at\u0131 Kaplama Rulo \u015eekillendirme Makinesi\" width=\"750\" height=\"684\" title=\"\" srcset=\"https:\/\/swforming.com\/wp-content\/uploads\/2022\/09\/Hccbaebf418ec4902a9a070e330dcf587l.webp 750w, https:\/\/swforming.com\/wp-content\/uploads\/2022\/09\/Hccbaebf418ec4902a9a070e330dcf587l-600x547.webp 600w, https:\/\/swforming.com\/wp-content\/uploads\/2022\/09\/Hccbaebf418ec4902a9a070e330dcf587l-300x274.webp 300w\" sizes=\"(max-width: 750px) 100vw, 750px\" \/><\/div>\n<div data-spm-anchor-id=\"a2700.details.0.i28.55306564CO7cHj\">\n<div class=\"J_module\">\n<div class=\"detail-decorate-json-renderer-container\">\n<div class=\"magic-4\">\n<div class=\"magic-5\">\n<div class=\"magic-6\">\n<div class=\"magic-7\">\n<div class=\"magic-8\" data-spm-anchor-id=\"a2700.details.0.i26.55306564CO7cHj\"><span class=\"magic-9\" data-spm-anchor-id=\"a2700.details.0.i29.55306564CO7cHj\">\u00c7at\u0131 Kaplama Rulo \u015eekillendirme Makinesi, malzeme olarak \u00e7elik rulolar\u0131 benimser ve a\u00e7ma, besleme, rulo \u015fekillendirme, boy kesme ve masa ile \u00e7\u0131k\u0131\u015f i\u015fleminden sonra \u00e7at\u0131 kaplama levhalar\u0131 al\u0131r. T\u00fcm makine, metal so\u011fuk haddelenmi\u015f i\u015fleme end\u00fcstrisi i\u00e7in \u00e7ok uygun olan otomatik \u00fcretimi ger\u00e7ekle\u015ftirmek i\u00e7in PLC kontrol\u00fcn\u00fc, AC frekans h\u0131z reg\u00fclasyonunu benimser.<\/span><\/div>\n<h3>\u00dcr\u00fcn Detaylar\u0131<\/h3>\n<p><strong>Stand Taban\u0131<\/strong><br \/>\nDeformasyona kar\u015f\u0131 g\u00fc\u00e7l\u00fc dirence sahip, y\u00fcksek mukavemetli ve a\u011f\u0131r hizmet tipi hammadde olarak y\u00fcksek kaliteli \u00e7elik se\u00e7in.<\/p>\n<p><img decoding=\"async\" class=\"alignnone size-full wp-image-723\" src=\"https:\/\/swforming.com\/wp-content\/uploads\/2022\/09\/stand-base-2.webp\" alt=\"\" width=\"450\" height=\"300\" title=\"\" srcset=\"https:\/\/swforming.com\/wp-content\/uploads\/2022\/09\/stand-base-2.webp 450w, https:\/\/swforming.com\/wp-content\/uploads\/2022\/09\/stand-base-2-300x200.webp 300w\" sizes=\"(max-width: 450px) 100vw, 450px\" \/><\/p>\n<p><strong>Motor<\/strong><br \/>\nTahrik sistemi i\u00e7in en iyi marka motoru benimseyin, daha kararl\u0131 ve etkili.<\/p>\n<p><img decoding=\"async\" class=\"alignnone size-full wp-image-724\" src=\"https:\/\/swforming.com\/wp-content\/uploads\/2022\/09\/motor-1.webp\" alt=\"\" width=\"450\" height=\"300\" title=\"\" srcset=\"https:\/\/swforming.com\/wp-content\/uploads\/2022\/09\/motor-1.webp 450w, https:\/\/swforming.com\/wp-content\/uploads\/2022\/09\/motor-1-300x200.webp 300w\" sizes=\"(max-width: 450px) 100vw, 450px\" \/><\/p>\n<p><strong>Makaralar ve \u015eaftlar<\/strong><br \/>\nUzun y\u0131llara dayanan \u00fcretim tecr\u00fcbesi ile daha profesyonel ve daha hassas.<\/p>\n<p><img loading=\"lazy\" decoding=\"async\" class=\"alignnone size-full wp-image-725\" src=\"https:\/\/swforming.com\/wp-content\/uploads\/2022\/09\/RollersShafts.webp\" alt=\"\" width=\"450\" height=\"300\" title=\"\" srcset=\"https:\/\/swforming.com\/wp-content\/uploads\/2022\/09\/RollersShafts.webp 450w, https:\/\/swforming.com\/wp-content\/uploads\/2022\/09\/RollersShafts-300x200.webp 300w\" sizes=\"(max-width: 450px) 100vw, 450px\" \/><\/p>\n<p><strong>\u00d6zelle\u015ftirme<\/strong><br \/>\nK\u0131demli ve deneyimli m\u00fchendis, \u00f6zelle\u015ftirmeniz i\u00e7in t\u00fcm s\u00fcreci kontrol eder.<\/p>\n<p><img loading=\"lazy\" decoding=\"async\" class=\"alignnone size-full wp-image-636\" src=\"https:\/\/swforming.com\/wp-content\/uploads\/2022\/09\/Customization.webp\" alt=\"\" width=\"450\" height=\"300\" title=\"\" srcset=\"https:\/\/swforming.com\/wp-content\/uploads\/2022\/09\/Customization.webp 450w, https:\/\/swforming.com\/wp-content\/uploads\/2022\/09\/Customization-300x200.webp 300w\" sizes=\"(max-width: 450px) 100vw, 450px\" \/><\/p>\n<p><img loading=\"lazy\" decoding=\"async\" class=\"alignnone size-full wp-image-726\" src=\"https:\/\/swforming.com\/wp-content\/uploads\/2022\/09\/H6d7164243ca1449280935744f5d1faa5E.webp\" alt=\"\" width=\"750\" height=\"446\" title=\"\" srcset=\"https:\/\/swforming.com\/wp-content\/uploads\/2022\/09\/H6d7164243ca1449280935744f5d1faa5E.webp 750w, https:\/\/swforming.com\/wp-content\/uploads\/2022\/09\/H6d7164243ca1449280935744f5d1faa5E-600x357.webp 600w, https:\/\/swforming.com\/wp-content\/uploads\/2022\/09\/H6d7164243ca1449280935744f5d1faa5E-300x178.webp 300w\" sizes=\"(max-width: 750px) 100vw, 750px\" \/><\/p>\n<h3>\u00c7at\u0131 Kaplama Rulo \u015eekillendirme Makinesi Parametreleri<\/h3>\n<div>\n<table>\n<tbody>\n<tr>\n<td data-sheets-value=\"{&quot;1&quot;:2,&quot;2&quot;:&quot;Product&quot;}\">\u00dcr\u00fcn<\/td>\n<td data-sheets-value=\"{&quot;1&quot;:2,&quot;2&quot;:&quot;Roof sheet roll forming machine&quot;}\">\u00c7at\u0131 sac rulo \u015fekillendirme makinesi<\/td>\n<\/tr>\n<tr>\n<td data-sheets-value=\"{&quot;1&quot;:2,&quot;2&quot;:&quot;Model&quot;}\">Model<\/td>\n<td data-sheets-value=\"{&quot;1&quot;:2,&quot;2&quot;:&quot;Corrugated Trapezoidal (Customizable )&quot;}\">Oluklu Trapezoidal (\u00d6zelle\u015ftirilebilir)<\/td>\n<\/tr>\n<tr>\n<td data-sheets-value=\"{&quot;1&quot;:2,&quot;2&quot;:&quot;Base Material&quot;}\">Temel Malzeme<\/td>\n<td data-sheets-value=\"{&quot;1&quot;:2,&quot;2&quot;:&quot;GI\/GL, PPGI\/PPGL, Aluminum Coil&quot;}\">GI\/GL, PPGI\/PPGL, Al\u00fcminyum Bobin<\/td>\n<\/tr>\n<tr>\n<td data-sheets-value=\"{&quot;1&quot;:2,&quot;2&quot;:&quot;Thickness&quot;}\">Kal\u0131nl\u0131k<\/td>\n<td data-sheets-value=\"{&quot;1&quot;:2,&quot;2&quot;:&quot;0.3mm-0.8mm&quot;}\">0.3mm-0.8mm<\/td>\n<\/tr>\n<tr>\n<td data-sheets-value=\"{&quot;1&quot;:2,&quot;2&quot;:&quot;Effective Width&quot;}\">Etkili Geni\u015flik<\/td>\n<td data-sheets-value=\"{&quot;1&quot;:2,&quot;2&quot;:&quot;600-1250mm (According To Customer Requirements \/Customizable)&quot;}\">\n<div>\n<div>600-1250mm (M\u00fc\u015fteri Gereksinimlerine G\u00f6re \/ \u00d6zelle\u015ftirilebilir)<\/div>\n<\/div>\n<\/td>\n<\/tr>\n<tr>\n<td data-sheets-value=\"{&quot;1&quot;:2,&quot;2&quot;:&quot;Roller Station&quot;}\">Makaral\u0131 \u0130stasyon<\/td>\n<td data-sheets-value=\"{&quot;1&quot;:2,&quot;2&quot;:&quot;14-18 Stations&quot;}\">14-18 \u0130stasyonlar<\/td>\n<\/tr>\n<tr>\n<td data-sheets-value=\"{&quot;1&quot;:2,&quot;2&quot;:&quot;Roller Material&quot;}\">Makara Malzemesi<\/td>\n<td data-sheets-value=\"{&quot;1&quot;:2,&quot;2&quot;:&quot;45# Steel \/ Bearing Steel\/ Cr12Mov&quot;}\">45# \u00c7elik \/ Rulman \u00c7eli\u011fi \/ Cr12Mov<\/td>\n<\/tr>\n<tr>\n<td data-sheets-value=\"{&quot;1&quot;:2,&quot;2&quot;:&quot;Roller Driven Type&quot;}\">Silindir Tahrikli Tip<\/td>\n<td data-sheets-value=\"{&quot;1&quot;:2,&quot;2&quot;:&quot;By Chain\/ Gearbox&quot;}\">Zincir\/ \u015eanz\u0131man ile<\/td>\n<\/tr>\n<tr>\n<td data-sheets-value=\"{&quot;1&quot;:2,&quot;2&quot;:&quot;Color&quot;}\">Renk<\/td>\n<td data-sheets-value=\"{&quot;1&quot;:2,&quot;2&quot;:&quot;According To Customer Requirements \/ Customizable&quot;}\">\n<div>\n<div>M\u00fc\u015fteri Gereksinimlerine G\u00f6re \/ \u00d6zelle\u015ftirilebilir<\/div>\n<\/div>\n<\/td>\n<\/tr>\n<tr>\n<td data-sheets-value=\"{&quot;1&quot;:2,&quot;2&quot;:&quot;Brand&quot;}\">Marka<\/td>\n<td data-sheets-value=\"{&quot;1&quot;:2,&quot;2&quot;:&quot;SUNWAY&quot;}\">SUNWAY<\/td>\n<\/tr>\n<tr>\n<td data-sheets-value=\"{&quot;1&quot;:2,&quot;2&quot;:&quot;Control System&quot;}\">Kontrol Sistemi<\/td>\n<td data-sheets-value=\"{&quot;1&quot;:2,&quot;2&quot;:&quot;Worldwide Famous Brand PLC (Panasonic, Siemens, Delta, etc)&quot;}\">\n<div>\n<div>D\u00fcnya \u00c7ap\u0131nda \u00dcnl\u00fc Marka PLC (Panasonic, Siemens, Delta, vb.)<\/div>\n<\/div>\n<\/td>\n<\/tr>\n<tr>\n<td data-sheets-value=\"{&quot;1&quot;:2,&quot;2&quot;:&quot;Power&quot;}\">G\u00fc\u00e7<\/td>\n<td data-sheets-value=\"{&quot;1&quot;:2,&quot;2&quot;:&quot;4KW-5.5KW-7.5KW&quot;}\">4KW-5.5KW-7.5KW<\/td>\n<\/tr>\n<tr>\n<td data-sheets-value=\"{&quot;1&quot;:2,&quot;2&quot;:&quot;Frame&quot;}\">\u00c7er\u00e7eve<\/td>\n<td data-sheets-value=\"{&quot;1&quot;:2,&quot;2&quot;:&quot;350 H Steel \/ 400 H Steel&quot;}\">350 H \u00c7elik \/ 400 H \u00c7elik<\/td>\n<\/tr>\n<tr>\n<td data-sheets-value=\"{&quot;1&quot;:2,&quot;2&quot;:&quot;Cutting Drive&quot;}\">Kesme Tahriki<\/td>\n<td data-sheets-value=\"{&quot;1&quot;:2,&quot;2&quot;:&quot;Hydraulic Drive&quot;}\">Hidrolik Tahrik<\/td>\n<\/tr>\n<tr>\n<td data-sheets-value=\"{&quot;1&quot;:2,&quot;2&quot;:&quot;Cutting&amp;Hydraulic Type&quot;}\">Kesme ve Hidrolik Tip<\/td>\n<td data-sheets-value=\"{&quot;1&quot;:2,&quot;2&quot;:&quot;Type:Double Guide Pillar Hydraulic Cutting.\\nHydraulic Pump Station :4kw Blade:Cr12mov HRC:58-62&quot;}\">\n<div>\n<div>Tip: \u00c7ift K\u0131lavuz Aya\u011f\u0131 Hidrolik Kesme.<br \/>\nHidrolik Pompa \u0130stasyonu: 4kw B\u0131\u00e7ak: Cr12mov HRC: 58-62<\/div>\n<\/div>\n<\/td>\n<\/tr>\n<tr>\n<td data-sheets-value=\"{&quot;1&quot;:2,&quot;2&quot;:&quot;Way Of Drive&quot;}\">S\u00fcr\u00fc\u015f Yolu<\/td>\n<td data-sheets-value=\"{&quot;1&quot;:2,&quot;2&quot;:&quot;1.2 inch single chain&quot;}\">1,2 in\u00e7 tek zincir<\/td>\n<\/tr>\n<\/tbody>\n<\/table>\n<\/div>\n<h3>Oluklu sac rulo \u015fekillendirme makinesi nedir?<\/h3>\n<p>Oluklu sac rulo \u015fekillendirme makinesi, oluklu metal levhalar veya paneller \u00fcretmek i\u00e7in kullan\u0131lan \u00f6zel bir end\u00fcstriyel makinedir. Oluklu saclar, in\u015faat, \u00e7at\u0131 kaplama ve paketleme dahil olmak \u00fczere \u00e7e\u015fitli end\u00fcstrilerde yayg\u0131n olarak kullan\u0131lmaktad\u0131r.<\/p>\n<p>Rulo \u015fekillendirme i\u015flemi, tipik olarak \u00e7elik olan s\u00fcrekli bir metal \u015feridin bir dizi silindir ve kal\u0131ptan ge\u00e7irilmesini i\u00e7erir. Bu silindirler ve kal\u0131plar metal \u015feridi a\u015famal\u0131 olarak istenen oluklu profile d\u00f6n\u00fc\u015ft\u00fcr\u00fcr. Makine, kendine \u00f6zg\u00fc dalgal\u0131 veya oluklu deseni olu\u015fturmak i\u00e7in b\u00fckme, katlama ve \u015fekillendirme eylemlerinin bir kombinasyonunu kullan\u0131r.<\/p>\n<p>Oluklu sac rulo \u015fekillendirme makinesi tipik olarak birka\u00e7 bile\u015fenden olu\u015fur:<\/p>\n<ol>\n<li>A\u00e7\u0131c\u0131: Bu bile\u015fen metal bobini tutar ve i\u015flenmek \u00fczere makineye besler.<\/li>\n<li>Besleme sistemi: Metal \u015feridi a\u00e7\u0131c\u0131dan \u015fekillendirme b\u00f6l\u00fcm\u00fcne ta\u015f\u0131r.<\/li>\n<li>\u015eekillendirme b\u00f6l\u00fcm\u00fc: Bu b\u00f6l\u00fcm, metal \u015feridin bir dizi silindir ve kal\u0131ptan ge\u00e7erek kademeli olarak oluklu profile d\u00f6n\u00fc\u015ft\u00fcr\u00fcld\u00fc\u011f\u00fc makinenin kalbidir.<\/li>\n<li>Kesme sistemi: \u0130stenilen uzunlukta oluklu levha olu\u015fturulduktan sonra, kesme sistemi levhay\u0131 gerekli boyuta getirir.<\/li>\n<li>Kontrol sistemi: Makinenin \u00e7al\u0131\u015fmas\u0131n\u0131 y\u00f6netir, h\u0131z\u0131, uzunlu\u011fu ve \u00fcretim s\u00fcrecinin di\u011fer parametrelerini kontrol eder.<\/li>\n<li>\u0130stifleme veya istifleme konvey\u00f6r\u00fc: Bu bile\u015fen, bitmi\u015f oluklu levhalar\u0131 daha ileri ta\u015f\u0131ma veya paketleme i\u00e7in toplar.<\/li>\n<\/ol>\n<p>Oluklu sac rulo \u015fekillendirme makineleri son derece otomatiktir ve oluklu saclar\u0131 s\u00fcrekli ve verimli bir \u015fekilde \u00fcretebilir. Nihai \u00fcr\u00fcn\u00fcn boyutlar\u0131 ve \u00f6zellikleri \u00fczerinde hassas kontrol sunarak tutarl\u0131 kalite sa\u011flar ve manuel i\u015f\u00e7ilik gereksinimlerini azalt\u0131rlar.<\/p>\n<p>Bu makineler, \u00e7e\u015fitli uygulamalar i\u00e7in b\u00fcy\u00fck miktarlarda oluklu levha \u00fcretmesi gereken \u00fcreticiler i\u00e7in \u00e7ok \u00f6nemlidir. Verimli \u00fcretim sa\u011flar, malzeme israf\u0131n\u0131 azalt\u0131r ve \u00fcretim s\u00fcrecinin genel verimlili\u011fine katk\u0131da bulunurlar.<\/p>\n<h3>renkli \u00e7elik rulo \u015fekillendirme makinesi uygulamas\u0131<\/h3>\n<p>Renkli \u00e7elik \u00e7at\u0131 kaplama sac rulo \u015fekillendirme makinesi olarak da bilinen renkli \u00e7elik rulo \u015fekillendirme makinesi, renkli kaplamal\u0131 \u00e7elik saclar veya paneller \u00fcretmek i\u00e7in kullan\u0131l\u0131r. Bu paneller, dayan\u0131kl\u0131l\u0131klar\u0131, estetik \u00e7ekicilikleri ve hava ko\u015fullar\u0131na dayan\u0131kl\u0131l\u0131klar\u0131 nedeniyle in\u015faat sekt\u00f6r\u00fcnde \u00e7at\u0131 kaplama ve kaplama uygulamalar\u0131 i\u00e7in yayg\u0131n olarak kullan\u0131lmaktad\u0131r. \u0130\u015fte renkli \u00e7elik rulo \u015fekillendirme makinelerinin baz\u0131 yayg\u0131n uygulamalar\u0131:<\/p>\n<ol>\n<li>\u00c7at\u0131 Kaplama Levhalar\u0131: Renkli \u00e7elik rulo \u015fekillendirme makineleri \u00f6ncelikle \u00e7at\u0131 kaplama levhalar\u0131 \u00fcretmek i\u00e7in kullan\u0131l\u0131r. Bu levhalar galvanizli \u00e7elik veya al\u00fcminyum bobinlerden yap\u0131l\u0131r ve bir kat renkli boya veya koruyucu kaplama ile kaplan\u0131r. Rulo \u015fekillendirme makinesi, oluklu veya trapezoidal gibi istenen profili olu\u015fturur ve renkli kaplamay\u0131 uygular. Bu \u00e7at\u0131 kaplama levhalar\u0131 binalar i\u00e7in hava ge\u00e7irmezlik, \u0131s\u0131 yal\u0131t\u0131m\u0131 ve yap\u0131sal destek sa\u011flar.<\/li>\n<li>Duvar Kaplamas\u0131: Renkli \u00e7elik paneller ticari, end\u00fcstriyel ve konut binalar\u0131nda duvar kaplama malzemesi olarak da kullan\u0131l\u0131r. Rulo \u015fekillendirme makinesi, bina d\u0131\u015f cephesinin g\u00f6rsel \u00e7ekicili\u011fini art\u0131ran \u00e7e\u015fitli profiller ve tasar\u0131mlar \u00fcretebilir. Renkli kaplamal\u0131 \u00e7elik paneller dayan\u0131kl\u0131l\u0131k, kolay bak\u0131m ve solmaya, korozyona ve sert hava ko\u015fullar\u0131na kar\u015f\u0131 diren\u00e7 sunar.<\/li>\n<li>Garaj Kap\u0131lar\u0131: Garaj kap\u0131lar\u0131 \u00fcretmek i\u00e7in renkli \u00e7elik rulo \u015fekillendirme makineleri kullan\u0131l\u0131r. Bu kap\u0131lar g\u00fc\u00e7, g\u00fcvenlik ve estetik sa\u011flayan renkli kaplamal\u0131 \u00e7elik saclardan yap\u0131l\u0131r. Rulo \u015fekillendirme makinesi gerekli panel \u015feklini ve tasar\u0131m\u0131n\u0131 \u00fcretir ve renkli kaplama kap\u0131lara \u00e7ekici ve uzun \u00f6m\u00fcrl\u00fc bir g\u00f6r\u00fcn\u00fcm kazand\u0131r\u0131r.<\/li>\n<li>\u00c7it ve Muhafazalar: Rulo \u015fekillendirme makineleri taraf\u0131ndan \u00fcretilen renkli \u00e7elik paneller, \u00e7it sistemleri ve muhafazalar i\u00e7in kullan\u0131l\u0131r. Bu paneller konut, ticari ve end\u00fcstriyel m\u00fclklere mahremiyet, g\u00fcvenlik ve dekoratif bir unsur sa\u011flar. Paneller, belirli \u00e7it gereksinimlerine uyacak \u015fekilde boyut, profil ve renk a\u00e7\u0131s\u0131ndan \u00f6zelle\u015ftirilebilir.<\/li>\n<li>Tar\u0131msal Binalar: Renkli \u00e7elik \u00e7at\u0131 kaplama levhalar\u0131 ve panelleri ah\u0131rlar, ah\u0131rlar ve depolar gibi tar\u0131msal binalarda yayg\u0131n olarak kullan\u0131l\u0131r. Bu yap\u0131lar dayan\u0131kl\u0131 ve hava ko\u015fullar\u0131na dayan\u0131kl\u0131 \u00e7at\u0131 ve kaplama malzemeleri gerektirir. Renkli \u00e7elik rulo \u015fekillendirme makineleri, zorlu tar\u0131msal ortamlara dayanabilen ve binalar\u0131n i\u00e7eri\u011fini koruyabilen \u00f6zelle\u015ftirilmi\u015f panellerin \u00fcretilmesini sa\u011flar.<\/li>\n<li>Portatif Kabinler ve Prefabrik Yap\u0131lar: Renkli \u00e7elik paneller portatif kabinlerin, mod\u00fcler binalar\u0131n ve prefabrik yap\u0131lar\u0131n yap\u0131m\u0131nda kullan\u0131l\u0131r. Bu paneller h\u0131zl\u0131 ve kolay kurulum, y\u00fcksek mukavemet ve tasar\u0131m esnekli\u011fi sunar. Rulo \u015fekillendirme makinesi, bu yap\u0131lar\u0131n \u00f6zel gereksinimlerini kar\u015f\u0131lamak i\u00e7in \u00e7e\u015fitli profil ve boyutlarda paneller \u00fcretebilir.<\/li>\n<\/ol>\n<p>Genel olarak, renkli \u00e7elik rulo \u015fekillendirme makinelerinin uygulamas\u0131, in\u015faat end\u00fcstrisinde \u00e7ok \u00e7e\u015fitli ve \u00e7ok \u00f6nemlidir ve \u00e7at\u0131 kaplama, kaplama ve di\u011fer bina uygulamalar\u0131 i\u00e7in geni\u015f bir \u00e7\u00f6z\u00fcm yelpazesi sunar.<\/p>\n<h3>Oluklu rulo \u015fekillendirme makinesi ne kadar?<\/h3>\n<p>Bir oluklu rulo \u015fekillendirme makinesinin maliyeti, makinenin boyutu, karma\u015f\u0131kl\u0131\u011f\u0131, \u00f6zellikleri, markas\u0131 ve sat\u0131n al\u0131nd\u0131\u011f\u0131 b\u00f6lge gibi \u00e7e\u015fitli fakt\u00f6rlere ba\u011fl\u0131 olarak de\u011fi\u015febilir. Ayr\u0131ca, piyasadaki dalgalanmalar ve teknolojik geli\u015fmeler nedeniyle fiyatlar zaman i\u00e7inde de\u011fi\u015febilir. Do\u011fru ve g\u00fcncel maliyet tahminleri i\u00e7in her zaman \u00fcreticilerden, tedarik\u00e7ilerden veya distrib\u00fct\u00f6rlerden belirli fiyatland\u0131rma bilgilerinin al\u0131nmas\u0131 tavsiye edilir.<\/p>\n<p>Bununla birlikte, oluklu rulo \u015fekillendirme makinelerinin fiyatlar\u0131 tipik olarak birka\u00e7 bin dolar ile birka\u00e7 y\u00fcz bin dolar aras\u0131nda de\u011fi\u015fmektedir. Daha k\u00fc\u00e7\u00fck ve daha az karma\u015f\u0131k makineler fiyat spektrumunun alt ucunda olabilirken, ek \u00f6zelliklere ve otomasyon yeteneklerine sahip daha b\u00fcy\u00fck ve daha geli\u015fmi\u015f makineler daha pahal\u0131 olabilir.<\/p>\n<p>Makine maliyetinin genel yat\u0131r\u0131m\u0131n sadece bir y\u00f6n\u00fc oldu\u011funu g\u00f6z \u00f6n\u00fcnde bulundurmak \u00f6nemlidir. Dikkate al\u0131nmas\u0131 gereken di\u011fer fakt\u00f6rler aras\u0131nda nakliye veya ta\u015f\u0131ma maliyetleri, kurulum ve devreye alma masraflar\u0131, e\u011fitim, bak\u0131m ve devam eden i\u015fletme maliyetleri yer al\u0131r.<\/p>\n<p>Oluklu rulo \u015fekillendirme makinesi i\u00e7in do\u011fru bir fiyat almak i\u00e7in, \u00fcreticilerle veya tedarik\u00e7ilerle do\u011frudan ileti\u015fime ge\u00e7meniz ve onlara istedi\u011finiz \u00f6zellikler, \u00fcretim kapasitesi ve ihtiya\u00e7 duyabilece\u011finiz ek \u00f6zellikler gibi gereksinimlerinizle ilgili belirli ayr\u0131nt\u0131lar\u0131 sa\u011flaman\u0131z \u00f6nerilir. Size \u00f6zel ihtiya\u00e7lar\u0131n\u0131za ve konumunuza g\u00f6re en do\u011fru fiyat bilgilerini sa\u011flayabileceklerdir.<\/p>\n<\/div>\n<blockquote class=\"wp-embedded-content\" data-secret=\"u2vdsrKWsr\"><p><a href=\"https:\/\/swforming.com\/tr\/metal-roofing-roll-forming-machines-for-sale-a-guide-to-get-the-right-one\/\">Sat\u0131l\u0131k Metal \u00c7at\u0131 Kaplama Rulo \u015eekillendirme Makineleri: Do\u011fru Olan\u0131 Almak \u0130\u00e7in Bir K\u0131lavuz<\/a><\/p><\/blockquote>\n<p><iframe class=\"wp-embedded-content\" sandbox=\"allow-scripts\" security=\"restricted\" style=\"position: absolute; clip: rect(1px, 1px, 1px, 1px);\" title=\"&quot;Sat\u0131l\u0131k Metal \u00c7at\u0131 Kaplama Rulo \u015eekillendirme Makineleri: Do\u011fru Olan\u0131 Almak \u0130\u00e7in Bir K\u0131lavuz&quot; - SUNWAY Machine\" src=\"https:\/\/swforming.com\/metal-roofing-roll-forming-machines-for-sale-a-guide-to-get-the-right-one\/embed\/#?secret=Wc9aHkEcm9#?secret=u2vdsrKWsr\" data-secret=\"u2vdsrKWsr\" width=\"600\" height=\"338\" frameborder=\"0\" marginwidth=\"0\" marginheight=\"0\" scrolling=\"no\"><\/iframe><\/p>\n<blockquote class=\"wp-embedded-content\" data-secret=\"K8BN3gOUUS\"><p><a href=\"https:\/\/swforming.com\/tr\/the-6-ways-a-roofing-sheet-roll-forming-machine-can-save-your-business\/\">\u00c7at\u0131 Kaplama Levhas\u0131 Rulo \u015eekillendirme Makinesinin \u0130\u015fletmenizi Kurtarabilece\u011fi 6 Yol<\/a><\/p><\/blockquote>\n<p><iframe class=\"wp-embedded-content\" sandbox=\"allow-scripts\" security=\"restricted\" style=\"position: absolute; clip: rect(1px, 1px, 1px, 1px);\" title=\"&quot;\u00c7at\u0131 Kaplama Rulo \u015eekillendirme Makinesinin \u0130\u015finizi Kurtarabilece\u011fi 6 Yol&quot; - SUNWAY Machine\" src=\"https:\/\/swforming.com\/the-6-ways-a-roofing-sheet-roll-forming-machine-can-save-your-business\/embed\/#?secret=AJErN5NeTW#?secret=K8BN3gOUUS\" data-secret=\"K8BN3gOUUS\" width=\"600\" height=\"338\" frameborder=\"0\" marginwidth=\"0\" marginheight=\"0\" scrolling=\"no\"><\/iframe><\/p>\n<\/div>\n<\/div>\n<\/div>\n<\/div>\n<\/div>\n<\/div>\n<\/div>\n<\/div>\n<div id=\"module_detail_video\">\n<div class=\"widget-detail-video\" data-role=\"widget-detail-overview-video\">\n<div class=\"widget-detail-video__video-wrap\" data-spm-anchor-id=\"a2700.details.0.i27.55306564CO7cHj\">\n<div><\/div>\n<\/div>\n<\/div>\n<\/div>\n<div id=\"module_product_specification\">\n<div id=\"J-rich-text-description\" class=\"richtext richtext-detail rich-text-description is-magic\">\n<div id=\"detail_decorate_root\" data-magic-global=\"%7B%22bizId%22%3A1750407063%2C%22pageId%22%3A21034945161%2C%22siteId%22%3A10002326055%7D\">\n<div class=\"J_module\">\n<div id=\"ali-anchor-AliMagic-zsaccc\" class=\"magic-0\" data-section=\"AliMagic-zsaccc\" data-section-title=\"Product Description\"><\/div>\n<\/div>\n<\/div>\n<\/div>\n<\/div>\n<div id=\"gtx-trans\">\n<div class=\"gtx-trans-icon\"><\/div>\n<\/div>","protected":false},"excerpt":{"rendered":"<p>Bu makine malzeme olarak \u00e7elik rulolar\u0131 benimser ve a\u00e7ma, besleme, rulo \u015fekillendirme, boy kesme ve masa ile \u00e7\u0131k\u0131\u015f i\u015fleminden sonra \u00e7at\u0131 kaplama levhalar\u0131 al\u0131r. T\u00fcm makine, metal so\u011fuk haddelenmi\u015f i\u015fleme end\u00fcstrisi i\u00e7in \u00e7ok uygun olan otomatik \u00fcretimi ger\u00e7ekle\u015ftirmek i\u00e7in PLC kontrol\u00fcn\u00fc, AC frekans h\u0131z reg\u00fclasyonunu benimser.<\/p>","protected":false},"featured_media":730,"comment_status":"open","ping_status":"closed","template":"","meta":{"_acf_changed":false},"product_brand":[],"product_cat":[87,45],"product_tag":[],"class_list":{"0":"post-729","1":"product","2":"type-product","3":"status-publish","4":"has-post-thumbnail","6":"product_cat-corrugated-roof-panel-roll-forming-machine","7":"product_cat-metal-wall-roofing","9":"first","10":"instock","11":"shipping-taxable","12":"product-type-simple"},"acf":[],"_links":{"self":[{"href":"https:\/\/swforming.com\/tr\/wp-json\/wp\/v2\/product\/729","targetHints":{"allow":["GET"]}}],"collection":[{"href":"https:\/\/swforming.com\/tr\/wp-json\/wp\/v2\/product"}],"about":[{"href":"https:\/\/swforming.com\/tr\/wp-json\/wp\/v2\/types\/product"}],"replies":[{"embeddable":true,"href":"https:\/\/swforming.com\/tr\/wp-json\/wp\/v2\/comments?post=729"}],"version-history":[{"count":5,"href":"https:\/\/swforming.com\/tr\/wp-json\/wp\/v2\/product\/729\/revisions"}],"predecessor-version":[{"id":3309,"href":"https:\/\/swforming.com\/tr\/wp-json\/wp\/v2\/product\/729\/revisions\/3309"}],"wp:featuredmedia":[{"embeddable":true,"href":"https:\/\/swforming.com\/tr\/wp-json\/wp\/v2\/media\/730"}],"wp:attachment":[{"href":"https:\/\/swforming.com\/tr\/wp-json\/wp\/v2\/media?parent=729"}],"wp:term":[{"taxonomy":"product_brand","embeddable":true,"href":"https:\/\/swforming.com\/tr\/wp-json\/wp\/v2\/product_brand?post=729"},{"taxonomy":"product_cat","embeddable":true,"href":"https:\/\/swforming.com\/tr\/wp-json\/wp\/v2\/product_cat?post=729"},{"taxonomy":"product_tag","embeddable":true,"href":"https:\/\/swforming.com\/tr\/wp-json\/wp\/v2\/product_tag?post=729"}],"curies":[{"name":"wp","href":"https:\/\/api.w.org\/{rel}","templated":true}]}}