{"id":713,"date":"2022-09-13T09:10:20","date_gmt":"2022-09-13T09:10:20","guid":{"rendered":"https:\/\/swforming.com\/?post_type=product&#038;p=713"},"modified":"2023-06-19T06:10:19","modified_gmt":"2023-06-19T06:10:19","slug":"c-channel-steel-roll-forming-machine","status":"publish","type":"product","link":"https:\/\/swforming.com\/tr\/product\/c-channel-steel-roll-forming-machine\/","title":{"rendered":"Hafif \u00d6l\u00e7er Keel Stud Par\u00e7a C Kanal \u00c7elik Rulo \u015eekillendirme Makinesi Al\u00e7\u0131pan Metal C Stud Makineleri"},"content":{"rendered":"<p><img fetchpriority=\"high\" decoding=\"async\" class=\"alignnone wp-image-688\" src=\"https:\/\/swforming.com\/wp-content\/uploads\/2022\/09\/H2135ee0b8e1940fbae808810127afb4dR.webp\" alt=\" C Kanal \u00c7elik Rulo \u015eekillendirme Makinesi\" width=\"800\" height=\"721\" title=\"\" srcset=\"https:\/\/swforming.com\/wp-content\/uploads\/2022\/09\/H2135ee0b8e1940fbae808810127afb4dR.webp 750w, https:\/\/swforming.com\/wp-content\/uploads\/2022\/09\/H2135ee0b8e1940fbae808810127afb4dR-600x541.webp 600w, https:\/\/swforming.com\/wp-content\/uploads\/2022\/09\/H2135ee0b8e1940fbae808810127afb4dR-300x270.webp 300w\" sizes=\"(max-width: 800px) 100vw, 800px\" \/><\/p>\n<p>Keel\/Truss\/C\/U\/Omega\/Stud \u00c7elik Rulo \u015eekillendirme Makinesi k\u00fc\u00e7\u00fck boyutlu, ta\u015f\u0131mas\u0131 kolay. H\u0131z 60m \/ dak \u015fanz\u0131mana kadar \u00e7\u0131kabilir, bu nedenle \u00e7al\u0131\u015fma daha kararl\u0131 olacakt\u0131r. \u00d6zelle\u015ftirilmi\u015f makineleri de tedarik edebiliriz.<\/p>\n<h3>\u00a0C Kanal \u00c7elik Rulo \u015eekillendirme Makinesi Detaylar\u0131<\/h3>\n<p><strong>Y\u00fcksek H\u0131z<\/strong><br \/>\nY\u00fcksek h\u0131zl\u0131 C \/ U \/ Omega saplama rulo \u015fekillendirme makinesi h\u0131z\u0131m\u0131z 60m \/ dk'ya kadar \u00e7\u0131kabilir. Normalde, C \/ \/ UOmega saplama rulo \u015fekillendirme makinesinin h\u0131z\u0131 yakla\u015f\u0131k 45m \/ dak'd\u0131r<\/p>\n<p><img decoding=\"async\" class=\"alignnone size-full wp-image-691\" src=\"https:\/\/swforming.com\/wp-content\/uploads\/2022\/09\/High-Speed.webp\" alt=\"\" width=\"366\" height=\"249\" title=\"\" srcset=\"https:\/\/swforming.com\/wp-content\/uploads\/2022\/09\/High-Speed.webp 366w, https:\/\/swforming.com\/wp-content\/uploads\/2022\/09\/High-Speed-300x204.webp 300w\" sizes=\"(max-width: 366px) 100vw, 366px\" \/><\/p>\n<div class=\"magic-19\" data-spm-anchor-id=\"a2700.details.0.i40.160a2e5bTElr6e\"><strong>Y\u00fcksek Dayan\u0131kl\u0131l\u0131k<\/strong><br \/>\nY\u00fcksek h\u0131zl\u0131 C \/ U \/ Omega saplama rulo \u015fekillendirme makinesi, d\u00f6kme \u00e7elik rulo sabitleyiciyi benimser<\/div>\n<div data-spm-anchor-id=\"a2700.details.0.i40.160a2e5bTElr6e\"><img decoding=\"async\" class=\"alignnone size-full wp-image-692\" src=\"https:\/\/swforming.com\/wp-content\/uploads\/2022\/09\/High-Durable.webp\" alt=\"\" width=\"365\" height=\"249\" title=\"\" srcset=\"https:\/\/swforming.com\/wp-content\/uploads\/2022\/09\/High-Durable.webp 365w, https:\/\/swforming.com\/wp-content\/uploads\/2022\/09\/High-Durable-300x205.webp 300w\" sizes=\"(max-width: 365px) 100vw, 365px\" \/><\/div>\n<div data-spm-anchor-id=\"a2700.details.0.i40.160a2e5bTElr6e\"><strong>Y\u00fcksek Otomatik<\/strong><br \/>\nY\u00fcksek h\u0131zl\u0131 C \/ U \/ Omega saplama rulo \u015fekillendirme makinesi PLC sistemini benimser. M\u00fc\u015fteri \u00fcretim miktar\u0131n\u0131, \u00fcretim h\u0131z\u0131n\u0131 kontrol kabininde ayarlayabilir.<\/div>\n<div data-spm-anchor-id=\"a2700.details.0.i40.160a2e5bTElr6e\"><img loading=\"lazy\" decoding=\"async\" class=\"alignnone wp-image-693 size-full\" src=\"https:\/\/swforming.com\/wp-content\/uploads\/2022\/09\/High-Automatic-1.webp\" alt=\"\" width=\"365\" height=\"247\" title=\"\" srcset=\"https:\/\/swforming.com\/wp-content\/uploads\/2022\/09\/High-Automatic-1.webp 365w, https:\/\/swforming.com\/wp-content\/uploads\/2022\/09\/High-Automatic-1-300x203.webp 300w\" sizes=\"(max-width: 365px) 100vw, 365px\" \/><\/div>\n<div data-spm-anchor-id=\"a2700.details.0.i40.160a2e5bTElr6e\"><strong>\u00d6zelle\u015ftirme<\/strong><br \/>\nK\u0131demli ve deneyimli m\u00fchendis, \u00f6zelle\u015ftirmeniz i\u00e7in t\u00fcm s\u00fcreci kontrol eder.<\/div>\n<div data-spm-anchor-id=\"a2700.details.0.i40.160a2e5bTElr6e\"><img loading=\"lazy\" decoding=\"async\" class=\"alignnone wp-image-636 size-full\" src=\"https:\/\/swforming.com\/wp-content\/uploads\/2022\/09\/Customization.webp\" alt=\"\" width=\"450\" height=\"300\" title=\"\" srcset=\"https:\/\/swforming.com\/wp-content\/uploads\/2022\/09\/Customization.webp 450w, https:\/\/swforming.com\/wp-content\/uploads\/2022\/09\/Customization-300x200.webp 300w\" sizes=\"(max-width: 450px) 100vw, 450px\" \/><\/div>\n<div data-spm-anchor-id=\"a2700.details.0.i40.160a2e5bTElr6e\"><img loading=\"lazy\" decoding=\"async\" class=\"alignnone size-full wp-image-694\" src=\"https:\/\/swforming.com\/wp-content\/uploads\/2022\/09\/Hdacf50d7aa1b40c29c25be77a2f2ee1eL.webp\" alt=\"\" width=\"750\" height=\"263\" title=\"\" srcset=\"https:\/\/swforming.com\/wp-content\/uploads\/2022\/09\/Hdacf50d7aa1b40c29c25be77a2f2ee1eL.webp 750w, https:\/\/swforming.com\/wp-content\/uploads\/2022\/09\/Hdacf50d7aa1b40c29c25be77a2f2ee1eL-600x210.webp 600w, https:\/\/swforming.com\/wp-content\/uploads\/2022\/09\/Hdacf50d7aa1b40c29c25be77a2f2ee1eL-300x105.webp 300w\" sizes=\"(max-width: 750px) 100vw, 750px\" \/><\/div>\n<h3 data-spm-anchor-id=\"a2700.details.0.i40.160a2e5bTElr6e\">\u00a0C Kanal \u00c7elik Rulo \u015eekillendirme Makinesi Parametreleri<\/h3>\n<div>\n<table>\n<tbody>\n<tr>\n<td data-sheets-value=\"{&quot;1&quot;:2,&quot;2&quot;:&quot;Raw Material&quot;}\">Hammadde<\/td>\n<td data-sheets-value=\"{&quot;1&quot;:2,&quot;2&quot;:&quot;Galvanized Sheet Or PPGI, PPGL&quot;}\">Galvanizli Sac veya PPGI, PPGL<\/td>\n<\/tr>\n<tr>\n<td data-sheets-value=\"{&quot;1&quot;:2,&quot;2&quot;:&quot;Thickness Of Sheet (mm)&quot;}\">Sac Kal\u0131nl\u0131\u011f\u0131 (mm)<\/td>\n<td data-sheets-value=\"{&quot;1&quot;:2,&quot;2&quot;:&quot;Customized&quot;}\">\u00d6zelle\u015ftirilmi\u015f<\/td>\n<\/tr>\n<tr>\n<td data-sheets-value=\"{&quot;1&quot;:2,&quot;2&quot;:&quot;Operation&quot;}\">Operasyon<\/td>\n<td data-sheets-value=\"{&quot;1&quot;:2,&quot;2&quot;:&quot;Fully Automatic&quot;}\">Tam Otomatik<\/td>\n<\/tr>\n<tr>\n<td data-sheets-value=\"{&quot;1&quot;:2,&quot;2&quot;:&quot;Transmission&quot;}\">\u015eanz\u0131man<\/td>\n<td data-sheets-value=\"{&quot;1&quot;:2,&quot;2&quot;:&quot;By Chain\/Gear&quot;}\">Chain\/Gear taraf\u0131ndan<\/td>\n<\/tr>\n<tr>\n<td data-sheets-value=\"{&quot;1&quot;:2,&quot;2&quot;:&quot;Roller Material&quot;}\">Makara Malzemesi<\/td>\n<td data-sheets-value=\"{&quot;1&quot;:2,&quot;2&quot;:&quot;Cr12&quot;}\">Cr12<\/td>\n<\/tr>\n<tr>\n<td data-sheets-value=\"{&quot;1&quot;:2,&quot;2&quot;:&quot;Shaft Diameter&quot;}\">\u015eaft \u00c7ap\u0131<\/td>\n<td data-sheets-value=\"{&quot;1&quot;:2,&quot;2&quot;:&quot;50mm Or As Per Profile&quot;}\">50mm veya Profile G\u00f6re<\/td>\n<\/tr>\n<tr>\n<td data-sheets-value=\"{&quot;1&quot;:2,&quot;2&quot;:&quot;Roller Station&quot;}\">Makaral\u0131 \u0130stasyon<\/td>\n<td data-sheets-value=\"{&quot;1&quot;:2,&quot;2&quot;:&quot;10-16 Stations&quot;}\">10-16 \u0130stasyon<\/td>\n<\/tr>\n<tr>\n<td data-sheets-value=\"{&quot;1&quot;:2,&quot;2&quot;:&quot;Cutter&quot;}\">Kesici<\/td>\n<td data-sheets-value=\"{&quot;1&quot;:2,&quot;2&quot;:&quot;Hydraulic Servo Cutting With High Speed&quot;}\">Y\u00fcksek H\u0131zl\u0131 Hidrolik Servo Kesim<\/td>\n<\/tr>\n<\/tbody>\n<\/table>\n<h3>C kanal rulo \u015fekillendirme makinesi nedir?<\/h3>\n<p>C-kanal rulo \u015fekillendirme makinesi, imalat end\u00fcstrisinde rulo \u015fekillendirme ad\u0131 verilen bir i\u015flemle C-\u015fekilli \u00e7elik kanallar \u00fcretmek i\u00e7in kullan\u0131lan \u00f6zel bir ekipman par\u00e7as\u0131d\u0131r. Rulo \u015fekillendirme, uzun bir metal \u015feridin bir dizi silindir kal\u0131ptan ge\u00e7irilerek kademeli olarak istenen profile \u015fekillendirildi\u011fi s\u00fcrekli bir b\u00fckme i\u015flemidir.<\/p>\n<p>C-kanal profili, a\u011f\u0131rl\u0131\u011f\u0131 en aza indirirken g\u00fc\u00e7 ve stabilite sa\u011flad\u0131\u011f\u0131 i\u00e7in in\u015faat ve yap\u0131sal uygulamalarda yayg\u0131n olarak kullan\u0131l\u0131r. D\u00fcz bir s\u0131rt ve d\u0131\u015fa do\u011fru uzanan iki dik flan\u015f ile enine kesitte bak\u0131ld\u0131\u011f\u0131nda \"C\" harfini and\u0131r\u0131r.<\/p>\n<p>C-kanallar\u0131 i\u00e7in rulo \u015fekillendirme makinesi, her biri metal \u015feridi kademeli olarak \u015fekillendiren silindir \u00e7iftleriyle donat\u0131lm\u0131\u015f bir dizi \u015fekillendirme istasyonundan olu\u015fur. Bu silindirler, flan\u015f geni\u015fli\u011fi, dudak boyutu ve genel boyutlar gibi C-kanal\u0131 profilinin belirli boyutlar\u0131n\u0131 ve \u00f6zelliklerini \u00fcretmek \u00fczere tasarlanm\u0131\u015ft\u0131r. Makine ayr\u0131ca \u015fekillendirilmi\u015f kanallar\u0131 gerekli uzunlukta kesmek i\u00e7in ek istasyonlar da i\u00e7erebilir.<\/p>\n<p>C-kanal\u0131 rulo \u015fekillendirme makineleri tipik olarak otomatiktir ve y\u00fcksek hacimli \u00fcretimi kald\u0131rabilir. \u015eekillendirme s\u00fcreci \u00fczerinde hassas kontrol sunarak \u00fcreticilerin s\u00fcrekli olarak do\u011fru boyutlara ve y\u00fcksek kaliteli y\u00fczeylere sahip C-kanallar\u0131 \u00fcretmesine olanak tan\u0131rlar.<\/p>\n<h3>Kiri\u015fli kanal rulo \u015fekillendirme makinesi nedir?<\/h3>\n<p>Kiri\u015f kanal rulo \u015fekillendirme makinesi, imalat end\u00fcstrisinde kullan\u0131lan bir ba\u015fka \u00f6zel ekipman t\u00fcr\u00fcd\u00fcr. Rulo \u015fekillendirme i\u015flemi yoluyla \u00e7apak kanallar\u0131 \u00fcretmek i\u00e7in tasarlanm\u0131\u015ft\u0131r. \u00c7apak kanallar\u0131, asma tavanlar, b\u00f6lme duvarlar olu\u015fturmak ve al\u00e7\u0131pan takmak gibi \u00e7e\u015fitli uygulamalar i\u00e7in in\u015faatta yayg\u0131n olarak kullan\u0131l\u0131r.<\/p>\n<p>Kiri\u015f kanallar\u0131 tipik olarak galvanizli \u00e7elikten veya di\u011fer metallerden yap\u0131l\u0131r ve \u015fapka \u015feklinde bir kesite sahiptir. Yukar\u0131 do\u011fru uzanan iki paralel ayak veya flan\u015f ile d\u00fcz bir tabana sahiptirler. Bacaklar, mukavemet sa\u011flamak ve di\u011fer yap\u0131 malzemelerine ba\u011flanmay\u0131 kolayla\u015ft\u0131rmak i\u00e7in kabartmal\u0131 veya delikli desenlere sahiptir.<\/p>\n<p>\u00c7apak kanal\u0131 rulo \u015fekillendirme makinesi, C-kanal\u0131 rulo \u015fekillendirme makinesine benzer bir dizi \u015fekillendirme istasyonundan olu\u015fur. Bu istasyonlar, metal \u015feridi kademeli olarak istenen \u00e7apak kanal\u0131 profiline \u015fekillendiren silindir kal\u0131plarla donat\u0131lm\u0131\u015ft\u0131r. Makine ayr\u0131ca kanal\u0131n ayaklar\u0131na delik a\u00e7mak veya kabartma desenleri yapmak i\u00e7in ek istasyonlar da i\u00e7erebilir.<\/p>\n<p>Rulo \u015fekillendirme i\u015flemi s\u0131ras\u0131nda, metal \u015ferit makineye beslenir ve silindirler onu kademeli olarak b\u00fckerek kanal profiline d\u00f6n\u00fc\u015ft\u00fcr\u00fcr. Olu\u015fturulan kanallar, makineye entegre bir kesme istasyonu kullan\u0131larak veya ayr\u0131 bir son i\u015flem olarak istenen uzunlukta kesilebilir.<\/p>\n<p>\u00c7apak kanal\u0131 rulo \u015fekillendirme makineleri, kanallar\u0131n boyutlar\u0131 ve \u00f6zellikleri \u00fczerinde hassas kontrol sunan y\u00fcksek hacimli \u00fcretim i\u00e7in tasarlanm\u0131\u015ft\u0131r. \u00dcreticilerin tutarl\u0131 kalitede kiri\u015f kanallar\u0131 \u00fcretmesini sa\u011flayarak, do\u011fru ve standartla\u015ft\u0131r\u0131lm\u0131\u015f bile\u015fenlerin gerekli oldu\u011fu in\u015faat projeleri i\u00e7in idealdir.<\/p>\n<h3>\u015eapka kanal\u0131 rulo \u015fekillendirme makinesi nedir?<\/h3>\n<p>\u015eapka kanal\u0131 rulo \u015fekillendirme makinesi, imalat end\u00fcstrisinde rulo \u015fekillendirme i\u015flemi yoluyla \u015fapka kanallar\u0131 \u00fcretmek i\u00e7in kullan\u0131lan \u00f6zel bir ekipman par\u00e7as\u0131d\u0131r. \u00c7apak kanallar\u0131 veya esnek kanallar olarak da bilinen \u015fapka kanallar\u0131, in\u015faatta al\u00e7\u0131pan\u0131n tutturulmas\u0131, asma tavanlar\u0131n olu\u015fturulmas\u0131 ve yap\u0131sal destek sa\u011flanmas\u0131 gibi uygulamalar i\u00e7in yayg\u0131n olarak kullan\u0131l\u0131r.<\/p>\n<p>\u015eapka kanallar\u0131 enine kesitte bak\u0131ld\u0131\u011f\u0131nda belirgin bir \"\u015fapka\" veya \"U\" \u015fekline sahiptir. U \u015feklinde bir profil olu\u015fturacak \u015fekilde yukar\u0131 do\u011fru uzanan iki paralel flan\u015fl\u0131 d\u00fcz bir tabandan olu\u015furlar. \u015eapka kanallar\u0131n\u0131n tasar\u0131m\u0131 g\u00fc\u00e7, sa\u011flaml\u0131k ve ses s\u00f6n\u00fcmleme \u00f6zellikleri sa\u011flar.<\/p>\n<p>\u015eapka kanal\u0131 rulo \u015fekillendirme makinesi di\u011fer rulo \u015fekillendirme makinelerine benzer \u015fekilde \u00e7al\u0131\u015f\u0131r. Bir metal \u015feridi kademeli olarak istenen \u015fapka kanal\u0131 profiline d\u00f6n\u00fc\u015ft\u00fcren silindir kal\u0131plarla donat\u0131lm\u0131\u015f bir dizi \u015fekillendirme istasyonundan olu\u015fur. Silindirler, \u015fapka kanal\u0131n\u0131n boyutlar\u0131n\u0131 ve \u00f6zelliklerini do\u011fru bir \u015fekilde kontrol ederek metal \u015feridi kademeli olarak b\u00fcker ve \u015fekillendirir.<\/p>\n<p>\u00d6zel uygulamaya ba\u011fl\u0131 olarak, \u015fapka kanal\u0131 rulo \u015fekillendirme makinesi delik delmek, kabartma desenleri veya kanala ba\u015fka \u00f6zellikler eklemek i\u00e7in ek istasyonlar i\u00e7erebilir. Bu varyasyonlar, belirli proje gereksinimlerini kar\u015f\u0131lamak i\u00e7in \u00f6zelle\u015ftirmeye olanak tan\u0131r.<\/p>\n<p>Bir \u015fapka kanal\u0131 rulo \u015fekillendirme makinesi kullanarak, \u00fcreticiler tutarl\u0131 kalite ve hassas boyutlarla y\u00fcksek hacimde \u015fapka kanallar\u0131 \u00fcretebilirler. Makinenin otomasyonu ve hassasiyeti verimli \u00fcretim sa\u011flayarak onu in\u015faat sekt\u00f6r\u00fcnde de\u011ferli bir ara\u00e7 haline getirir.<\/p>\n<\/div>\n<blockquote class=\"wp-embedded-content\" data-secret=\"45sNtT1O9p\"><p><a href=\"https:\/\/swforming.com\/tr\/the-metal-stud-and-track-roll-forming-machine-for-sale-that-could-transform-the-way-you-do-sheet-metal\/\">Sac Metal Yapma \u015eeklinizi De\u011fi\u015ftirebilecek Sat\u0131l\u0131k Metal Saplama ve Palet Rulo \u015eekillendirme Makinesi<\/a><\/p><\/blockquote>\n<p><iframe class=\"wp-embedded-content\" sandbox=\"allow-scripts\" security=\"restricted\" style=\"position: absolute; clip: rect(1px, 1px, 1px, 1px);\" title=\"&quot;Sac Metal Yapma \u015eeklinizi De\u011fi\u015ftirebilecek Sat\u0131l\u0131k Metal Saplama ve Ray Rulo \u015eekillendirme Makinesi&quot; - SUNWAY Machine\" src=\"https:\/\/swforming.com\/the-metal-stud-and-track-roll-forming-machine-for-sale-that-could-transform-the-way-you-do-sheet-metal\/embed\/#?secret=EvZfdLmTeP#?secret=45sNtT1O9p\" data-secret=\"45sNtT1O9p\" width=\"600\" height=\"338\" frameborder=\"0\" marginwidth=\"0\" marginheight=\"0\" scrolling=\"no\"><\/iframe><\/p>\n<blockquote class=\"wp-embedded-content\" data-secret=\"F9jYfnTEap\"><p><a href=\"https:\/\/swforming.com\/tr\/the-complete-guide-to-steel-stud-roll-forming-machine\/\">\u00c7elik Saplama Rulo \u015eekillendirme Makinesi \u0130\u00e7in Tam K\u0131lavuz<\/a><\/p><\/blockquote>\n<p><iframe class=\"wp-embedded-content\" sandbox=\"allow-scripts\" security=\"restricted\" style=\"position: absolute; clip: rect(1px, 1px, 1px, 1px);\" title=\"&quot;\u00c7elik Saplama Rulo \u015eekillendirme Makinesi \u0130\u00e7in Tam K\u0131lavuz&quot; - SUNWAY Machine\" src=\"https:\/\/swforming.com\/the-complete-guide-to-steel-stud-roll-forming-machine\/embed\/#?secret=SXdL4ZGIcA#?secret=F9jYfnTEap\" data-secret=\"F9jYfnTEap\" width=\"600\" height=\"338\" frameborder=\"0\" marginwidth=\"0\" marginheight=\"0\" scrolling=\"no\"><\/iframe><\/p>\n<blockquote class=\"wp-embedded-content\" data-secret=\"nkiY2e80fR\"><p><a href=\"https:\/\/swforming.com\/tr\/top-5-metal-stud-and-track-roll-forming-machine-for-sale\/\">Sat\u0131l\u0131k En \u0130yi 5 Metal Saplama ve Palet Rulo \u015eekillendirme Makinesi<\/a><\/p><\/blockquote>\n<p><iframe class=\"wp-embedded-content\" sandbox=\"allow-scripts\" security=\"restricted\" style=\"position: absolute; clip: rect(1px, 1px, 1px, 1px);\" title=\"&quot;Sat\u0131l\u0131k En \u0130yi 5 Metal Saplama ve Palet Rulo \u015eekillendirme Makinesi&quot; - SUNWAY Machine\" src=\"https:\/\/swforming.com\/top-5-metal-stud-and-track-roll-forming-machine-for-sale\/embed\/#?secret=LsXmKozIMn#?secret=nkiY2e80fR\" data-secret=\"nkiY2e80fR\" width=\"600\" height=\"338\" frameborder=\"0\" marginwidth=\"0\" marginheight=\"0\" scrolling=\"no\"><\/iframe><\/p>\n<blockquote class=\"wp-embedded-content\" data-secret=\"3JU3waKCBd\"><p><a href=\"https:\/\/swforming.com\/tr\/5-reasons-why-you-should-invest-in-a-metal-stud-roll-forming-machine-for-sale-today\/\">Bug\u00fcn Sat\u0131l\u0131k Bir Metal Saplama Rulo \u015eekillendirme Makinesine Yat\u0131r\u0131m Yapman\u0131z \u0130\u00e7in 5 Neden<\/a><\/p><\/blockquote>\n<p><iframe class=\"wp-embedded-content\" sandbox=\"allow-scripts\" security=\"restricted\" style=\"position: absolute; clip: rect(1px, 1px, 1px, 1px);\" title=\"&quot;Bug\u00fcn Sat\u0131l\u0131k Bir Metal Saplama Rulo \u015eekillendirme Makinesine Yat\u0131r\u0131m Yapman\u0131z \u0130\u00e7in 5 Neden&quot; - SUNWAY Machine\" src=\"https:\/\/swforming.com\/5-reasons-why-you-should-invest-in-a-metal-stud-roll-forming-machine-for-sale-today\/embed\/#?secret=ToQDF8IJZt#?secret=3JU3waKCBd\" data-secret=\"3JU3waKCBd\" width=\"600\" height=\"338\" frameborder=\"0\" marginwidth=\"0\" marginheight=\"0\" scrolling=\"no\"><\/iframe><\/p>\n<blockquote class=\"wp-embedded-content\" data-secret=\"xirSK7QorV\"><p><a href=\"https:\/\/swforming.com\/tr\/what-is-a-stud-and-track-roll-forming-machine-2\/\">Saplama ve Palet Rulo \u015eekillendirme Makinesi Nedir?<\/a><\/p><\/blockquote>\n<p><iframe class=\"wp-embedded-content\" sandbox=\"allow-scripts\" security=\"restricted\" style=\"position: absolute; clip: rect(1px, 1px, 1px, 1px);\" title=\"&quot;Saplama ve Palet Rulo \u015eekillendirme Makinesi Nedir?&quot; - SUNWAY Makine\" src=\"https:\/\/swforming.com\/what-is-a-stud-and-track-roll-forming-machine-2\/embed\/#?secret=otL7Zf6mzN#?secret=xirSK7QorV\" data-secret=\"xirSK7QorV\" width=\"600\" height=\"338\" frameborder=\"0\" marginwidth=\"0\" marginheight=\"0\" scrolling=\"no\"><\/iframe><\/p>","protected":false},"excerpt":{"rendered":"<p>Keel\/Truss\/C\/U\/Omega\/Stud \u00c7elik Rulo \u015eekillendirme Makinesi k\u00fc\u00e7\u00fck boyutlu, ta\u015f\u0131mas\u0131 kolay. H\u0131z 60m \/ dak \u015fanz\u0131mana kadar \u00e7\u0131kabilir, bu nedenle \u00e7al\u0131\u015fma daha kararl\u0131 olacakt\u0131r. \u00d6zelle\u015ftirilmi\u015f makineleri de tedarik edebiliriz.<\/p>","protected":false},"featured_media":714,"comment_status":"closed","ping_status":"closed","template":"","meta":{"_acf_changed":false},"product_brand":[],"product_cat":[71,52,72],"product_tag":[],"class_list":{"0":"post-713","1":"product","2":"type-product","3":"status-publish","4":"has-post-thumbnail","6":"product_cat-light-gauge-steel-roll-forming-machine","7":"product_cat-steel-structure","8":"product_cat-stud-and-track-roll-forming-machine","10":"first","11":"instock","12":"shipping-taxable","13":"product-type-simple"},"acf":[],"_links":{"self":[{"href":"https:\/\/swforming.com\/tr\/wp-json\/wp\/v2\/product\/713","targetHints":{"allow":["GET"]}}],"collection":[{"href":"https:\/\/swforming.com\/tr\/wp-json\/wp\/v2\/product"}],"about":[{"href":"https:\/\/swforming.com\/tr\/wp-json\/wp\/v2\/types\/product"}],"replies":[{"embeddable":true,"href":"https:\/\/swforming.com\/tr\/wp-json\/wp\/v2\/comments?post=713"}],"version-history":[{"count":4,"href":"https:\/\/swforming.com\/tr\/wp-json\/wp\/v2\/product\/713\/revisions"}],"predecessor-version":[{"id":3263,"href":"https:\/\/swforming.com\/tr\/wp-json\/wp\/v2\/product\/713\/revisions\/3263"}],"wp:featuredmedia":[{"embeddable":true,"href":"https:\/\/swforming.com\/tr\/wp-json\/wp\/v2\/media\/714"}],"wp:attachment":[{"href":"https:\/\/swforming.com\/tr\/wp-json\/wp\/v2\/media?parent=713"}],"wp:term":[{"taxonomy":"product_brand","embeddable":true,"href":"https:\/\/swforming.com\/tr\/wp-json\/wp\/v2\/product_brand?post=713"},{"taxonomy":"product_cat","embeddable":true,"href":"https:\/\/swforming.com\/tr\/wp-json\/wp\/v2\/product_cat?post=713"},{"taxonomy":"product_tag","embeddable":true,"href":"https:\/\/swforming.com\/tr\/wp-json\/wp\/v2\/product_tag?post=713"}],"curies":[{"name":"wp","href":"https:\/\/api.w.org\/{rel}","templated":true}]}}