{"id":703,"date":"2022-09-13T08:57:08","date_gmt":"2022-09-13T08:57:08","guid":{"rendered":"https:\/\/swforming.com\/?post_type=product&#038;p=703"},"modified":"2024-12-30T08:47:44","modified_gmt":"2024-12-30T08:47:44","slug":"wall-angle-forming-machine","status":"publish","type":"product","link":"https:\/\/swforming.com\/tr\/product\/wall-angle-forming-machine\/","title":{"rendered":"Hafif Salma Duvar A\u00e7\u0131s\u0131 Rulo \u015eekillendirme Makinesi Koruyucu K\u00f6\u015feler Duvar A\u00e7\u0131s\u0131 \u015eekillendirme Makinesi"},"content":{"rendered":"<p><img fetchpriority=\"high\" decoding=\"async\" class=\"alignnone wp-image-688\" src=\"https:\/\/swforming.com\/wp-content\/uploads\/2022\/09\/H2135ee0b8e1940fbae808810127afb4dR.webp\" alt=\" Duvar A\u00e7\u0131s\u0131 \u015eekillendirme Makinesi\" width=\"800\" height=\"721\" title=\"\" srcset=\"https:\/\/swforming.com\/wp-content\/uploads\/2022\/09\/H2135ee0b8e1940fbae808810127afb4dR.webp 750w, https:\/\/swforming.com\/wp-content\/uploads\/2022\/09\/H2135ee0b8e1940fbae808810127afb4dR-600x541.webp 600w, https:\/\/swforming.com\/wp-content\/uploads\/2022\/09\/H2135ee0b8e1940fbae808810127afb4dR-300x270.webp 300w\" sizes=\"(max-width: 800px) 100vw, 800px\" \/><\/p>\n<p>Keel\/Truss\/C\/U\/Omega\/Stud \u00c7elik Rulo \u015eekillendirme Makinesi k\u00fc\u00e7\u00fck boyutlu, ta\u015f\u0131mas\u0131 kolay. H\u0131z 60m \/ dak \u015fanz\u0131mana kadar \u00e7\u0131kabilir, bu nedenle \u00e7al\u0131\u015fma daha kararl\u0131 olacakt\u0131r. \u00d6zelle\u015ftirilmi\u015f makineleri de tedarik edebiliriz.<\/p>\n<h3>\u00a0Duvar A\u00e7\u0131s\u0131 \u015eekillendirme Makinesi Detaylar\u0131<\/h3>\n<p><strong>Y\u00fcksek H\u0131z<\/strong><br \/>\nY\u00fcksek h\u0131zl\u0131 C \/ U \/ Omega saplama rulo \u015fekillendirme makinesi h\u0131z\u0131m\u0131z 60m \/ dk'ya kadar \u00e7\u0131kabilir. Normalde, C \/ \/ UOmega saplama rulo \u015fekillendirme makinesinin h\u0131z\u0131 yakla\u015f\u0131k 45m \/ dak'd\u0131r<\/p>\n<p><img decoding=\"async\" class=\"alignnone size-full wp-image-691\" src=\"https:\/\/swforming.com\/wp-content\/uploads\/2022\/09\/High-Speed.webp\" alt=\"\" width=\"366\" height=\"249\" title=\"\" srcset=\"https:\/\/swforming.com\/wp-content\/uploads\/2022\/09\/High-Speed.webp 366w, https:\/\/swforming.com\/wp-content\/uploads\/2022\/09\/High-Speed-300x204.webp 300w\" sizes=\"(max-width: 366px) 100vw, 366px\" \/><\/p>\n<div class=\"magic-19\" data-spm-anchor-id=\"a2700.details.0.i40.160a2e5bTElr6e\"><strong>Y\u00fcksek Dayan\u0131kl\u0131l\u0131k<\/strong><br \/>\nY\u00fcksek h\u0131zl\u0131 C \/ U \/ Omega saplama rulo \u015fekillendirme makinesi, d\u00f6kme \u00e7elik rulo sabitleyiciyi benimser<\/div>\n<div data-spm-anchor-id=\"a2700.details.0.i40.160a2e5bTElr6e\"><img decoding=\"async\" class=\"alignnone size-full wp-image-692\" src=\"https:\/\/swforming.com\/wp-content\/uploads\/2022\/09\/High-Durable.webp\" alt=\"\" width=\"365\" height=\"249\" title=\"\" srcset=\"https:\/\/swforming.com\/wp-content\/uploads\/2022\/09\/High-Durable.webp 365w, https:\/\/swforming.com\/wp-content\/uploads\/2022\/09\/High-Durable-300x205.webp 300w\" sizes=\"(max-width: 365px) 100vw, 365px\" \/><\/div>\n<div data-spm-anchor-id=\"a2700.details.0.i40.160a2e5bTElr6e\"><strong>Y\u00fcksek Otomatik<\/strong><br \/>\nY\u00fcksek h\u0131zl\u0131 C \/ U \/ Omega saplama rulo \u015fekillendirme makinesi PLC sistemini benimser. M\u00fc\u015fteri \u00fcretim miktar\u0131n\u0131, \u00fcretim h\u0131z\u0131n\u0131 kontrol kabininde ayarlayabilir.<\/div>\n<div data-spm-anchor-id=\"a2700.details.0.i40.160a2e5bTElr6e\"><img loading=\"lazy\" decoding=\"async\" class=\"alignnone wp-image-693 size-full\" src=\"https:\/\/swforming.com\/wp-content\/uploads\/2022\/09\/High-Automatic-1.webp\" alt=\"\" width=\"365\" height=\"247\" title=\"\" srcset=\"https:\/\/swforming.com\/wp-content\/uploads\/2022\/09\/High-Automatic-1.webp 365w, https:\/\/swforming.com\/wp-content\/uploads\/2022\/09\/High-Automatic-1-300x203.webp 300w\" sizes=\"(max-width: 365px) 100vw, 365px\" \/><\/div>\n<div data-spm-anchor-id=\"a2700.details.0.i40.160a2e5bTElr6e\"><strong>\u00d6zelle\u015ftirme<\/strong><br \/>\nK\u0131demli ve deneyimli m\u00fchendis, \u00f6zelle\u015ftirmeniz i\u00e7in t\u00fcm s\u00fcreci kontrol eder.<\/div>\n<div data-spm-anchor-id=\"a2700.details.0.i40.160a2e5bTElr6e\"><img loading=\"lazy\" decoding=\"async\" class=\"alignnone wp-image-636 size-full\" src=\"https:\/\/swforming.com\/wp-content\/uploads\/2022\/09\/Customization.webp\" alt=\"\" width=\"450\" height=\"300\" title=\"\" srcset=\"https:\/\/swforming.com\/wp-content\/uploads\/2022\/09\/Customization.webp 450w, https:\/\/swforming.com\/wp-content\/uploads\/2022\/09\/Customization-300x200.webp 300w\" sizes=\"(max-width: 450px) 100vw, 450px\" \/><\/div>\n<div data-spm-anchor-id=\"a2700.details.0.i40.160a2e5bTElr6e\"><img loading=\"lazy\" decoding=\"async\" class=\"alignnone size-full wp-image-694\" src=\"https:\/\/swforming.com\/wp-content\/uploads\/2022\/09\/Hdacf50d7aa1b40c29c25be77a2f2ee1eL.webp\" alt=\"\" width=\"750\" height=\"263\" title=\"\" srcset=\"https:\/\/swforming.com\/wp-content\/uploads\/2022\/09\/Hdacf50d7aa1b40c29c25be77a2f2ee1eL.webp 750w, https:\/\/swforming.com\/wp-content\/uploads\/2022\/09\/Hdacf50d7aa1b40c29c25be77a2f2ee1eL-600x210.webp 600w, https:\/\/swforming.com\/wp-content\/uploads\/2022\/09\/Hdacf50d7aa1b40c29c25be77a2f2ee1eL-300x105.webp 300w\" sizes=\"(max-width: 750px) 100vw, 750px\" \/><\/div>\n<h3 data-spm-anchor-id=\"a2700.details.0.i40.160a2e5bTElr6e\">\u00a0Duvar A\u00e7\u0131s\u0131 \u015eekillendirme Makinesi Parametreleri<\/h3>\n<div style=\"overflow-x: auto;\">\n<table>\n<tbody>\n<tr>\n<td data-sheets-value=\"{&quot;1&quot;:2,&quot;2&quot;:&quot;Raw Material&quot;}\">Hammadde<\/td>\n<td data-sheets-value=\"{&quot;1&quot;:2,&quot;2&quot;:&quot;Galvanized Sheet Or PPGI, PPGL&quot;}\">Galvanizli Sac veya PPGI, PPGL<\/td>\n<\/tr>\n<tr>\n<td data-sheets-value=\"{&quot;1&quot;:2,&quot;2&quot;:&quot;Thickness Of Sheet (mm)&quot;}\">Sac Kal\u0131nl\u0131\u011f\u0131 (mm)<\/td>\n<td data-sheets-value=\"{&quot;1&quot;:2,&quot;2&quot;:&quot;Customized&quot;}\">\u00d6zelle\u015ftirilmi\u015f<\/td>\n<\/tr>\n<tr>\n<td data-sheets-value=\"{&quot;1&quot;:2,&quot;2&quot;:&quot;Operation&quot;}\">Operasyon<\/td>\n<td data-sheets-value=\"{&quot;1&quot;:2,&quot;2&quot;:&quot;Fully Automatic&quot;}\">Tam Otomatik<\/td>\n<\/tr>\n<tr>\n<td data-sheets-value=\"{&quot;1&quot;:2,&quot;2&quot;:&quot;Transmission&quot;}\">\u015eanz\u0131man<\/td>\n<td data-sheets-value=\"{&quot;1&quot;:2,&quot;2&quot;:&quot;By Chain\/Gear&quot;}\">Chain\/Gear taraf\u0131ndan<\/td>\n<\/tr>\n<tr>\n<td data-sheets-value=\"{&quot;1&quot;:2,&quot;2&quot;:&quot;Roller Material&quot;}\">Makara Malzemesi<\/td>\n<td data-sheets-value=\"{&quot;1&quot;:2,&quot;2&quot;:&quot;Cr12&quot;}\">Cr12<\/td>\n<\/tr>\n<tr>\n<td data-sheets-value=\"{&quot;1&quot;:2,&quot;2&quot;:&quot;Shaft Diameter&quot;}\">\u015eaft \u00c7ap\u0131<\/td>\n<td data-sheets-value=\"{&quot;1&quot;:2,&quot;2&quot;:&quot;50mm Or As Per Profile&quot;}\">50mm veya Profile G\u00f6re<\/td>\n<\/tr>\n<tr>\n<td data-sheets-value=\"{&quot;1&quot;:2,&quot;2&quot;:&quot;Roller Station&quot;}\">Makaral\u0131 \u0130stasyon<\/td>\n<td data-sheets-value=\"{&quot;1&quot;:2,&quot;2&quot;:&quot;10-16 Stations&quot;}\">10-16 \u0130stasyon<\/td>\n<\/tr>\n<tr>\n<td data-sheets-value=\"{&quot;1&quot;:2,&quot;2&quot;:&quot;Cutter&quot;}\">Kesici<\/td>\n<td data-sheets-value=\"{&quot;1&quot;:2,&quot;2&quot;:&quot;Hydraulic Servo Cutting With High Speed&quot;}\">Y\u00fcksek H\u0131zl\u0131 Hidrolik Servo Kesim<\/td>\n<\/tr>\n<\/tbody>\n<\/table>\n<h3>Duvar a\u00e7\u0131s\u0131 rulo \u015fekillendirme makinesi esas olarak hangi ekipman\u0131 \u00fcretir?<\/h3>\n<p>Duvar a\u00e7\u0131s\u0131 rulo \u015fekillendirme makinesi \u00f6ncelikle in\u015faat sekt\u00f6r\u00fcnde yayg\u0131n olarak kullan\u0131lan yap\u0131sal bile\u015fenler olan duvar a\u00e7\u0131lar\u0131 \u00fcretmek i\u00e7in kullan\u0131l\u0131r. Duvar k\u00f6\u015febentleri, destek ve takviye sa\u011flamak i\u00e7in duvarlar\u0131n k\u00f6\u015felerine veya kenarlar\u0131na monte edilen L \u015feklinde metal profillerdir. Tipik olarak galvanizli \u00e7elikten veya di\u011fer metallerden yap\u0131l\u0131rlar.<\/p>\n<p>Bir duvar a\u00e7\u0131l\u0131 rulo \u015fekillendirme makinesinde kullan\u0131lan ekipman genellikle \u015funlar\u0131 i\u00e7erir:<\/p>\n<ol>\n<li>A\u00e7\u0131c\u0131: Bu cihaz, rulo \u015fekillendirme i\u015flemi i\u00e7in hammadde g\u00f6revi g\u00f6ren metal bobini tutar ve a\u00e7ar.<\/li>\n<li>Besleme sistemi: Metal bobini a\u00e7\u0131c\u0131dan rulo \u015fekillendirme makinesine ta\u015f\u0131yarak s\u00fcrekli bir malzeme beslemesi sa\u011flar.<\/li>\n<li>Rulo \u015fekillendirme istasyonlar\u0131: Bunlar, metali kademeli olarak istenen duvar a\u00e7\u0131s\u0131 profiline \u015fekillendiren silindir setleridir. Her istasyon metal \u00fczerinde belirli bir b\u00fckme veya \u015fekillendirme i\u015flemi ger\u00e7ekle\u015ftirir.<\/li>\n<li>Kesme sistemi: \u0130stenilen uzunlukta duvar a\u00e7\u0131s\u0131 olu\u015fturulduktan sonra, profili gerekli boyuta getirmek i\u00e7in bir kesme mekanizmas\u0131 kullan\u0131l\u0131r. Bu i\u015flem bir makas veya u\u00e7arak kesme y\u00f6ntemi kullan\u0131larak yap\u0131labilir.<\/li>\n<li>Kontrol sistemi: Makinenin h\u0131z kontrol\u00fc, uzunluk \u00f6l\u00e7\u00fcm\u00fc ve di\u011fer parametreler gibi i\u015flemlerini y\u00f6neten bilgisayarl\u0131 bir kontrol panelinden olu\u015fur.<\/li>\n<li>\u0130stifleme veya paketleme sistemi: Duvar k\u00f6\u015febentleri boyuna kesildikten sonra, kolay ta\u015f\u0131ma ve depolama i\u00e7in toplanabilir, istiflenebilir veya paketlenebilir.<\/li>\n<\/ol>\n<p>Bu bile\u015fenler, ham maddeyi tutarl\u0131 boyut ve \u015fekle sahip bitmi\u015f duvar a\u00e7\u0131s\u0131 profillerine d\u00f6n\u00fc\u015ft\u00fcrmek i\u00e7in birlikte \u00e7al\u0131\u015f\u0131r. Bir duvar a\u00e7\u0131s\u0131 rulo \u015fekillendirme makinesinin tam konfig\u00fcrasyonu ve \u00f6zellikleri, \u00fcreticiye ve \u00fcretim s\u00fcrecinin \u00f6zel gereksinimlerine ba\u011fl\u0131 olarak de\u011fi\u015febilir.<\/p>\n<h3>Hafif salma rulo \u015fekillendirme makinesinin i\u015flevi nedir?<\/h3>\n<p>Hafif omurga rulo \u015fekillendirme makinesi, i\u00e7 duvarlar\u0131n, tavanlar\u0131n, b\u00f6lmelerin ve asma tavanlar\u0131n \u00e7er\u00e7evelenmesi gibi \u00e7e\u015fitli ama\u00e7lar i\u00e7in in\u015faatta yayg\u0131n olarak kullan\u0131lan hafif \u00e7elik omurgalar veya saplamalar \u00fcretmek i\u00e7in tasarlanm\u0131\u015ft\u0131r. Makine, tipik olarak galvanizli \u00e7elik bobinler olan hammaddeleri do\u011fru \u015fekillendirilmi\u015f ve boyutland\u0131r\u0131lm\u0131\u015f hafif omurga profillerine d\u00f6n\u00fc\u015ft\u00fcrmek i\u00e7in bir rulo \u015fekillendirme i\u015flemi kullan\u0131r.<\/p>\n<p>Hafif salma rulo \u015fekillendirme makinesinin ana i\u015flevi a\u015fa\u011f\u0131daki g\u00f6revleri yerine getirmektir:<\/p>\n<ol>\n<li>A\u00e7ma: Makine, a\u00e7ma i\u015flemi olarak bilinen metal bobinin \u00e7\u00f6z\u00fclmesiyle ba\u015flar. Bobin, rulo \u015fekillendirme makinesi i\u00e7in hammadde g\u00f6revi g\u00f6r\u00fcr.<\/li>\n<li>Besleme ve tesviye: Sar\u0131lmam\u0131\u015f metal \u015ferit daha sonra rulo \u015fekillendirme makinesine beslenir ve burada bir tesviye sisteminden ge\u00e7er. Bu sistem \u015feridi d\u00fczle\u015ftirir ve sonraki rulo \u015fekillendirme i\u015flemi i\u00e7in haz\u0131rlar.<\/li>\n<li>Rulo \u015fekillendirme: Makinenin kalbi, bir dizi silindirden olu\u015fan rulo \u015fekillendirme istasyonudur. Bu silindirler metal \u015feridi kademeli olarak istenen hafif omurga profiline d\u00f6n\u00fc\u015ft\u00fcr\u00fcr. \u015eerit, hafif omurgan\u0131n belirli \u015fekline ve boyutuna b\u00fcken ve bi\u00e7imlendiren silindirler boyunca y\u00f6nlendirilir. Rulo \u015fekillendirme istasyonlar\u0131n\u0131n say\u0131s\u0131 omurga profilinin karma\u015f\u0131kl\u0131\u011f\u0131na ba\u011fl\u0131 olarak de\u011fi\u015febilir.<\/li>\n<li>Kesim: Hafif omurga profili istenen uzunlukta olu\u015fturulduktan sonra, profili kalan \u015feritten ay\u0131rmak i\u00e7in bir kesme mekanizmas\u0131 kullan\u0131l\u0131r. Bu i\u015flem bir makas veya u\u00e7arak kesme y\u00f6ntemi kullan\u0131larak yap\u0131labilir.<\/li>\n<li>Delik delme (iste\u011fe ba\u011fl\u0131): Baz\u0131 hafif omurga rulo \u015fekillendirme makineleri bir delik delme \u00fcnitesi de i\u00e7erebilir. Bu \u00fcnite, omurga uzunlu\u011fu boyunca belirli konumlarda, in\u015faat s\u0131ras\u0131nda omurgalar\u0131n ba\u011flanmas\u0131 ve sabitlenmesi i\u00e7in gerekli olan deliklerin veya yuvalar\u0131n olu\u015fturulmas\u0131n\u0131 sa\u011flar.<\/li>\n<li>Kontrol sistemi: Makine tipik olarak, operat\u00f6rlerin do\u011fru \u00fcretim sa\u011flamak i\u00e7in h\u0131z, uzunluk \u00f6l\u00e7\u00fcm\u00fc ve di\u011fer ayarlar gibi \u00e7e\u015fitli parametreleri ayarlamas\u0131na olanak tan\u0131yan bir kontrol paneli ile donat\u0131lm\u0131\u015ft\u0131r.<\/li>\n<li>\u0130stifleme veya paketleme: Hafif omurgalar istenen uzunlukta kesildikten sonra, kullan\u0131m, nakliye ve depolama kolayl\u0131\u011f\u0131 i\u00e7in toplanabilir, istiflenebilir veya paketlenebilir.<\/li>\n<\/ol>\n<p>Hafif omurga rulo \u015fekillendirme makinesi, tutarl\u0131 kalite ve hassas boyutlara sahip hafif \u00e7elik omurga \u00fcretimi i\u00e7in uygun maliyetli ve verimli bir \u00e7\u00f6z\u00fcm sunarak in\u015faat sekt\u00f6r\u00fcn\u00fcn hafif, dayan\u0131kl\u0131 ve kurulumu kolay \u00e7er\u00e7eve bile\u015fenlerine olan ihtiyac\u0131na katk\u0131da bulunur.<\/p>\n<h3>\u00c7in'de \u00fcst \u0131\u015f\u0131k salma rulo \u015fekillendirme makinesi tedarik\u00e7isi<\/h3>\n<ol>\n<li>WUXI SUNWAY MACHINERY CO, LTD, so\u011fuk rulo \u015fekillendirme makinelerinin tasar\u0131m\u0131, geli\u015ftirilmesi ve \u00fcretimi ile ilgilenen profesyonel bir \u00fcretici ve ihracat\u00e7\u0131d\u0131r. T\u00fcm \u00fcr\u00fcnler uluslararas\u0131 kalite standartlar\u0131na uygundur ve Asya, Afrika, Avrupa, G\u00fcney Amerika ve Avustralya gibi d\u00fcnya \u00e7ap\u0131nda \u00e7e\u015fitli farkl\u0131 pazarlarda b\u00fcy\u00fck be\u011feni toplamaktad\u0131r. K\u00fcresel bir sat\u0131\u015f a\u011f\u0131 kazanm\u0131\u015ft\u0131r.<\/li>\n<li>Hangzhou Rulo \u015eekillendirme Machinery Co, Ltd. (HAIXING): HAIXING, \u00c7in'in \u00f6nde gelen rulo \u015fekillendirme makinesi \u00fcreticisidir ve hafif salma rulo \u015fekillendirme makineleri de dahil olmak \u00fczere \u00e7ok \u00e7e\u015fitli rulo \u015fekillendirme makineleri sunmaktad\u0131r. Y\u00fcksek kaliteli ekipmanlar\u0131 ve g\u00fcvenilir m\u00fc\u015fteri hizmetleri ile tan\u0131n\u0131rlar.<\/li>\n<li>Liming Damgalama \u015eekillendirme Makinesi Ltd: Liming, hafif salma rulo \u015fekillendirme makineleri de dahil olmak \u00fczere rulo \u015fekillendirme makinelerinin sayg\u0131n bir tedarik\u00e7isidir. Uzun y\u0131llard\u0131r sekt\u00f6rde yer almaktad\u0131r ve hem i\u00e7 hem de d\u0131\u015f pazarlarda g\u00fc\u00e7l\u00fc bir varl\u0131k olu\u015fturmu\u015ftur.<\/li>\n<li>Botou Kexinda Roll Forming Machine Co, Ltd: Kexinda, hafif salma rulo \u015fekillendirme makinelerinin \u00fcretiminde uzmanla\u015fm\u0131\u015f, tan\u0131nm\u0131\u015f bir rulo \u015fekillendirme makineleri \u00fcreticisidir. Geni\u015f bir model yelpazesine sahiptir ve belirli m\u00fc\u015fteri gereksinimlerini kar\u015f\u0131lamak i\u00e7in \u00f6zelle\u015ftirilmi\u015f \u00e7\u00f6z\u00fcmler sunar.<\/li>\n<li>Tianjin Haixing Imp &amp; Exp Co, Ltd: Tianjin Haixing, hafif omurga rulo \u015fekillendirme makineleri de dahil olmak \u00fczere rulo \u015fekillendirme makinelerinin \u00f6nde gelen tedarik\u00e7isidir. Teknolojik yeniliklere g\u00fc\u00e7l\u00fc bir \u015fekilde odaklan\u0131rlar ve \u00c7in'deki ve yurtd\u0131\u015f\u0131ndaki m\u00fc\u015fterilere g\u00fcvenilir ekipman sa\u011flarlar.<\/li>\n<\/ol>\n<blockquote class=\"wp-embedded-content\" data-secret=\"N4b8dcEQC9\"><p><a href=\"https:\/\/swforming.com\/tr\/5-reasons-why-you-should-buy-an-angle-roll-forming-machine\/\">A\u00e7\u0131l\u0131 Rulo \u015eekillendirme Makinesi Sat\u0131n Alman\u0131z\u0131 Gerektiren 5 Neden<\/a><\/p><\/blockquote>\n<p><iframe class=\"wp-embedded-content\" sandbox=\"allow-scripts\" security=\"restricted\" style=\"position: absolute; clip: rect(1px, 1px, 1px, 1px);\" title=\"&quot;A\u00e7\u0131l\u0131 Rulo \u015eekillendirme Makinesi Sat\u0131n Alman\u0131z \u0130\u00e7in 5 Neden&quot; - SUNWAY Machine\" src=\"https:\/\/swforming.com\/5-reasons-why-you-should-buy-an-angle-roll-forming-machine\/embed\/#?secret=Egm9azxDqt#?secret=N4b8dcEQC9\" data-secret=\"N4b8dcEQC9\" width=\"600\" height=\"338\" frameborder=\"0\" marginwidth=\"0\" marginheight=\"0\" scrolling=\"no\"><\/iframe><\/p>\n<\/div>","protected":false},"excerpt":{"rendered":"<p>Keel\/Truss\/C\/U\/Omega\/Stud \u00c7elik Rulo \u015eekillendirme Makinesi k\u00fc\u00e7\u00fck boyutlu, ta\u015f\u0131mas\u0131 kolay. H\u0131z 60m \/ dak \u015fanz\u0131mana kadar \u00e7\u0131kabilir, bu nedenle \u00e7al\u0131\u015fma daha kararl\u0131 olacakt\u0131r. \u00d6zelle\u015ftirilmi\u015f makineleri de tedarik edebiliriz.<\/p>","protected":false},"featured_media":706,"comment_status":"open","ping_status":"closed","template":"","meta":{"_acf_changed":false},"product_brand":[],"product_cat":[29,26],"product_tag":[],"class_list":{"0":"post-703","1":"product","2":"type-product","3":"status-publish","4":"has-post-thumbnail","6":"product_cat-keel-roll-forming-machine-roll-forming-machine","7":"product_cat-roll-forming-machine","9":"first","10":"instock","11":"shipping-taxable","12":"product-type-simple"},"acf":[],"_links":{"self":[{"href":"https:\/\/swforming.com\/tr\/wp-json\/wp\/v2\/product\/703","targetHints":{"allow":["GET"]}}],"collection":[{"href":"https:\/\/swforming.com\/tr\/wp-json\/wp\/v2\/product"}],"about":[{"href":"https:\/\/swforming.com\/tr\/wp-json\/wp\/v2\/types\/product"}],"replies":[{"embeddable":true,"href":"https:\/\/swforming.com\/tr\/wp-json\/wp\/v2\/comments?post=703"}],"version-history":[{"count":4,"href":"https:\/\/swforming.com\/tr\/wp-json\/wp\/v2\/product\/703\/revisions"}],"predecessor-version":[{"id":3270,"href":"https:\/\/swforming.com\/tr\/wp-json\/wp\/v2\/product\/703\/revisions\/3270"}],"wp:featuredmedia":[{"embeddable":true,"href":"https:\/\/swforming.com\/tr\/wp-json\/wp\/v2\/media\/706"}],"wp:attachment":[{"href":"https:\/\/swforming.com\/tr\/wp-json\/wp\/v2\/media?parent=703"}],"wp:term":[{"taxonomy":"product_brand","embeddable":true,"href":"https:\/\/swforming.com\/tr\/wp-json\/wp\/v2\/product_brand?post=703"},{"taxonomy":"product_cat","embeddable":true,"href":"https:\/\/swforming.com\/tr\/wp-json\/wp\/v2\/product_cat?post=703"},{"taxonomy":"product_tag","embeddable":true,"href":"https:\/\/swforming.com\/tr\/wp-json\/wp\/v2\/product_tag?post=703"}],"curies":[{"name":"wp","href":"https:\/\/api.w.org\/{rel}","templated":true}]}}