{"id":686,"date":"2022-09-13T08:40:15","date_gmt":"2022-09-13T08:40:15","guid":{"rendered":"https:\/\/swforming.com\/?post_type=product&#038;p=686"},"modified":"2023-06-19T06:20:44","modified_gmt":"2023-06-19T06:20:44","slug":"light-keel-corner-bead-making-machine-v-keel-angle-iron-roll-forming-machine","status":"publish","type":"product","link":"https:\/\/swforming.com\/tr\/product\/light-keel-corner-bead-making-machine-v-keel-angle-iron-roll-forming-machine\/","title":{"rendered":"Hafif Keel K\u00f6\u015fe Boncuk Yapma Makinesi V Keel A\u00e7\u0131l\u0131 Demir Rulo \u015eekillendirme Makinesi"},"content":{"rendered":"<p><img fetchpriority=\"high\" decoding=\"async\" class=\"alignnone wp-image-688\" src=\"https:\/\/swforming.com\/wp-content\/uploads\/2022\/09\/H2135ee0b8e1940fbae808810127afb4dR.webp\" alt=\"Hafif Salma K\u00f6\u015fe Boncuk Yapma Makinesi\" width=\"800\" height=\"721\" title=\"\" srcset=\"https:\/\/swforming.com\/wp-content\/uploads\/2022\/09\/H2135ee0b8e1940fbae808810127afb4dR.webp 750w, https:\/\/swforming.com\/wp-content\/uploads\/2022\/09\/H2135ee0b8e1940fbae808810127afb4dR-600x541.webp 600w, https:\/\/swforming.com\/wp-content\/uploads\/2022\/09\/H2135ee0b8e1940fbae808810127afb4dR-300x270.webp 300w\" sizes=\"(max-width: 800px) 100vw, 800px\" \/><\/p>\n<p>Keel\/Truss\/C\/U\/Omega\/Stud \u00c7elik Rulo \u015eekillendirme Makinesi k\u00fc\u00e7\u00fck boyutlu, ta\u015f\u0131mas\u0131 kolay. H\u0131z 60m \/ dak \u015fanz\u0131mana kadar \u00e7\u0131kabilir, bu nedenle \u00e7al\u0131\u015fma daha kararl\u0131 olacakt\u0131r. \u00d6zelle\u015ftirilmi\u015f makineleri de tedarik edebiliriz.<\/p>\n<h3>Hafif Salma K\u00f6\u015fe Boncuk Yapma Makinesi Detaylar\u0131<\/h3>\n<p><strong>Y\u00fcksek H\u0131z<\/strong><br \/>\nY\u00fcksek h\u0131zl\u0131 C \/ U \/ Omega saplama rulo \u015fekillendirme makinesi h\u0131z\u0131m\u0131z 60m \/ dk'ya kadar \u00e7\u0131kabilir. Normalde, C \/ \/ UOmega saplama rulo \u015fekillendirme makinesinin h\u0131z\u0131 yakla\u015f\u0131k 45m \/ dak'd\u0131r<\/p>\n<p><img decoding=\"async\" class=\"alignnone size-full wp-image-691\" src=\"https:\/\/swforming.com\/wp-content\/uploads\/2022\/09\/High-Speed.webp\" alt=\"\" width=\"366\" height=\"249\" title=\"\" srcset=\"https:\/\/swforming.com\/wp-content\/uploads\/2022\/09\/High-Speed.webp 366w, https:\/\/swforming.com\/wp-content\/uploads\/2022\/09\/High-Speed-300x204.webp 300w\" sizes=\"(max-width: 366px) 100vw, 366px\" \/><\/p>\n<div class=\"magic-19\" data-spm-anchor-id=\"a2700.details.0.i40.160a2e5bTElr6e\"><strong>Y\u00fcksek Dayan\u0131kl\u0131l\u0131k<\/strong><br \/>\nY\u00fcksek h\u0131zl\u0131 C \/ U \/ Omega saplama rulo \u015fekillendirme makinesi, d\u00f6kme \u00e7elik rulo sabitleyiciyi benimser<\/div>\n<div data-spm-anchor-id=\"a2700.details.0.i40.160a2e5bTElr6e\"><img decoding=\"async\" class=\"alignnone size-full wp-image-692\" src=\"https:\/\/swforming.com\/wp-content\/uploads\/2022\/09\/High-Durable.webp\" alt=\"\" width=\"365\" height=\"249\" title=\"\" srcset=\"https:\/\/swforming.com\/wp-content\/uploads\/2022\/09\/High-Durable.webp 365w, https:\/\/swforming.com\/wp-content\/uploads\/2022\/09\/High-Durable-300x205.webp 300w\" sizes=\"(max-width: 365px) 100vw, 365px\" \/><\/div>\n<div data-spm-anchor-id=\"a2700.details.0.i40.160a2e5bTElr6e\"><strong>Y\u00fcksek Otomatik<\/strong><br \/>\nY\u00fcksek h\u0131zl\u0131 C \/ U \/ Omega saplama rulo \u015fekillendirme makinesi PLC sistemini benimser. M\u00fc\u015fteri \u00fcretim miktar\u0131n\u0131, \u00fcretim h\u0131z\u0131n\u0131 kontrol kabininde ayarlayabilir.<\/div>\n<div data-spm-anchor-id=\"a2700.details.0.i40.160a2e5bTElr6e\"><img loading=\"lazy\" decoding=\"async\" class=\"alignnone wp-image-693 size-full\" src=\"https:\/\/swforming.com\/wp-content\/uploads\/2022\/09\/High-Automatic-1.webp\" alt=\"\" width=\"365\" height=\"247\" title=\"\" srcset=\"https:\/\/swforming.com\/wp-content\/uploads\/2022\/09\/High-Automatic-1.webp 365w, https:\/\/swforming.com\/wp-content\/uploads\/2022\/09\/High-Automatic-1-300x203.webp 300w\" sizes=\"(max-width: 365px) 100vw, 365px\" \/><\/div>\n<div data-spm-anchor-id=\"a2700.details.0.i40.160a2e5bTElr6e\"><strong>\u00d6zelle\u015ftirme<\/strong><br \/>\nK\u0131demli ve deneyimli m\u00fchendis, \u00f6zelle\u015ftirmeniz i\u00e7in t\u00fcm s\u00fcreci kontrol eder.<\/div>\n<div data-spm-anchor-id=\"a2700.details.0.i40.160a2e5bTElr6e\"><img loading=\"lazy\" decoding=\"async\" class=\"alignnone wp-image-636 size-full\" src=\"https:\/\/swforming.com\/wp-content\/uploads\/2022\/09\/Customization.webp\" alt=\"\" width=\"450\" height=\"300\" title=\"\" srcset=\"https:\/\/swforming.com\/wp-content\/uploads\/2022\/09\/Customization.webp 450w, https:\/\/swforming.com\/wp-content\/uploads\/2022\/09\/Customization-300x200.webp 300w\" sizes=\"(max-width: 450px) 100vw, 450px\" \/><\/div>\n<div data-spm-anchor-id=\"a2700.details.0.i40.160a2e5bTElr6e\"><img loading=\"lazy\" decoding=\"async\" class=\"alignnone size-full wp-image-694\" src=\"https:\/\/swforming.com\/wp-content\/uploads\/2022\/09\/Hdacf50d7aa1b40c29c25be77a2f2ee1eL.webp\" alt=\"\" width=\"750\" height=\"263\" title=\"\" srcset=\"https:\/\/swforming.com\/wp-content\/uploads\/2022\/09\/Hdacf50d7aa1b40c29c25be77a2f2ee1eL.webp 750w, https:\/\/swforming.com\/wp-content\/uploads\/2022\/09\/Hdacf50d7aa1b40c29c25be77a2f2ee1eL-600x210.webp 600w, https:\/\/swforming.com\/wp-content\/uploads\/2022\/09\/Hdacf50d7aa1b40c29c25be77a2f2ee1eL-300x105.webp 300w\" sizes=\"(max-width: 750px) 100vw, 750px\" \/><\/div>\n<h3 data-spm-anchor-id=\"a2700.details.0.i40.160a2e5bTElr6e\">Hafif Salma K\u00f6\u015fe Boncuk Yapma Makinesi Parametreleri<\/h3>\n<div style=\"overflow-x: auto;\">\n<table>\n<tbody>\n<tr>\n<td data-sheets-value=\"{&quot;1&quot;:2,&quot;2&quot;:&quot;Raw Material&quot;}\">Hammadde<\/td>\n<td data-sheets-value=\"{&quot;1&quot;:2,&quot;2&quot;:&quot;Galvanized Sheet Or PPGI, PPGL&quot;}\">Galvanizli Sac veya PPGI, PPGL<\/td>\n<\/tr>\n<tr>\n<td data-sheets-value=\"{&quot;1&quot;:2,&quot;2&quot;:&quot;Thickness Of Sheet (mm)&quot;}\">Sac Kal\u0131nl\u0131\u011f\u0131 (mm)<\/td>\n<td data-sheets-value=\"{&quot;1&quot;:2,&quot;2&quot;:&quot;Customized&quot;}\">\u00d6zelle\u015ftirilmi\u015f<\/td>\n<\/tr>\n<tr>\n<td data-sheets-value=\"{&quot;1&quot;:2,&quot;2&quot;:&quot;Operation&quot;}\">Operasyon<\/td>\n<td data-sheets-value=\"{&quot;1&quot;:2,&quot;2&quot;:&quot;Fully Automatic&quot;}\">Tam Otomatik<\/td>\n<\/tr>\n<tr>\n<td data-sheets-value=\"{&quot;1&quot;:2,&quot;2&quot;:&quot;Transmission&quot;}\">\u015eanz\u0131man<\/td>\n<td data-sheets-value=\"{&quot;1&quot;:2,&quot;2&quot;:&quot;By Chain\/Gear&quot;}\">Chain\/Gear taraf\u0131ndan<\/td>\n<\/tr>\n<tr>\n<td data-sheets-value=\"{&quot;1&quot;:2,&quot;2&quot;:&quot;Roller Material&quot;}\">Makara Malzemesi<\/td>\n<td data-sheets-value=\"{&quot;1&quot;:2,&quot;2&quot;:&quot;Cr12&quot;}\">Cr12<\/td>\n<\/tr>\n<tr>\n<td data-sheets-value=\"{&quot;1&quot;:2,&quot;2&quot;:&quot;Shaft Diameter&quot;}\">\u015eaft \u00c7ap\u0131<\/td>\n<td data-sheets-value=\"{&quot;1&quot;:2,&quot;2&quot;:&quot;50mm Or As Per Profile&quot;}\">50mm veya Profile G\u00f6re<\/td>\n<\/tr>\n<tr>\n<td data-sheets-value=\"{&quot;1&quot;:2,&quot;2&quot;:&quot;Roller Station&quot;}\">Makaral\u0131 \u0130stasyon<\/td>\n<td data-sheets-value=\"{&quot;1&quot;:2,&quot;2&quot;:&quot;10-16 Stations&quot;}\">10-16 \u0130stasyon<\/td>\n<\/tr>\n<tr>\n<td data-sheets-value=\"{&quot;1&quot;:2,&quot;2&quot;:&quot;Cutter&quot;}\">Kesici<\/td>\n<td data-sheets-value=\"{&quot;1&quot;:2,&quot;2&quot;:&quot;Hydraulic Servo Cutting With High Speed&quot;}\">Y\u00fcksek H\u0131zl\u0131 Hidrolik Servo Kesim<\/td>\n<\/tr>\n<\/tbody>\n<\/table>\n<h3>Hafif salma rulo \u015fekillendirme makinesi nedir?<\/h3>\n<p>Hafif omurga rulo \u015fekillendirme makinesi, in\u015faat sekt\u00f6r\u00fcnde hafif \u00e7elik omurga profilleri \u00fcretmek i\u00e7in kullan\u0131lan bir makine t\u00fcr\u00fcd\u00fcr. Hafif \u00e7elik \u00e7er\u00e7eveler veya metal saplamalar olarak da bilinen hafif \u00e7elik omurgalar, y\u00fck ta\u015f\u0131mayan duvarlarda, b\u00f6lmelerde, tavanlarda ve di\u011fer i\u00e7 mekan uygulamalar\u0131nda yayg\u0131n olarak kullan\u0131lan ince, hafif yap\u0131sal bile\u015fenlerdir.<\/p>\n<p>Rulo \u015fekillendirme makinesi, genellikle galvanizli \u00e7elik veya di\u011fer ala\u015f\u0131mlardan yap\u0131lm\u0131\u015f d\u00fcz metal rulolar\u0131 s\u00fcrekli olarak \u015fekillendirmek ve belirli kesit profillerine d\u00f6n\u00fc\u015ft\u00fcrmek i\u00e7in tasarlanm\u0131\u015ft\u0131r. Makine, metal \u015feridi istenen omurga profiline g\u00f6re kademeli olarak b\u00fcken ve \u015fekillendiren bir dizi silindir ve \u015fekillendirme istasyonundan olu\u015fur. Bu silindirler ve istasyonlar farkl\u0131 profil tasar\u0131mlar\u0131na ve boyutlar\u0131na uyum sa\u011flayacak \u015fekilde ayarlanabilir.<\/p>\n<p>S\u00fcre\u00e7, metal bobini makineye besleyen bir a\u00e7\u0131c\u0131 ile ba\u015flar. Bobin, kademeli b\u00fckme, delme ve kesme i\u015flemlerinden ge\u00e7ti\u011fi bir dizi silindir ve \u015fekillendirme istasyonundan ge\u00e7er. Nihai \u00fcr\u00fcn, istenen \u015fekil ve boyutlara sahip s\u00fcrekli bir hafif \u00e7elik omurga uzunlu\u011fudur.<\/p>\n<p>Hafif omurga rulo \u015fekillendirme makineleri tipik olarak otomatiktir ve bilgisayar sistemleri taraf\u0131ndan kontrol edilir, bu da \u015fekillendirme s\u00fcrecinin hassas bir \u015fekilde kontrol edilmesine ve y\u00fcksek \u00fcretim verimlili\u011fine olanak tan\u0131r. C \u015fekilli saplamalar, U \u015fekilli raylar ve belirli in\u015faat uygulamalar\u0131 i\u00e7in gerekli di\u011fer \u00f6zel \u015fekiller gibi \u00e7e\u015fitli boyutlarda ve profillerde hafif \u00e7elik omurgalar \u00fcretebilirler.<\/p>\n<p>Bu makineler, hafif \u00e7elik omurgalar\u0131n verimli ve uygun maliyetli \u00fcretiminde \u00e7ok \u00f6nemli bir rol oynar ve \u00e7ok y\u00f6nl\u00fcl\u00fck, do\u011fruluk ve h\u0131zl\u0131 \u00fcretim oranlar\u0131 sunar. Hafif, dayan\u0131kl\u0131 ve kurulumu kolay i\u00e7 \u00e7er\u00e7eve sistemlerinin gerekli oldu\u011fu hem konut hem de ticari projeler i\u00e7in in\u015faat sekt\u00f6r\u00fcnde yayg\u0131n olarak kullan\u0131l\u0131rlar.<\/p>\n<h3>\u00c7in hafif salma rulo \u015fekillendirme makinesi avantaj\u0131<\/h3>\n<p>\u00c7in, hafif salma rulo \u015fekillendirme makinelerinin \u00f6nde gelen \u00fcreticisi ve ihracat\u00e7\u0131s\u0131 haline gelmi\u015ftir. \u00c7in yap\u0131m\u0131 hafif salma rulo \u015fekillendirme makinelerinin baz\u0131 avantajlar\u0131 \u015funlard\u0131r:<\/p>\n<ol>\n<li>Maliyet etkinli\u011fi: \u00c7in, rekabet\u00e7i \u00fcretim maliyetleriyle bilinir ve bu da di\u011fer \u00fclkelerde \u00fcretilen makinelere k\u0131yasla hafif omurga rulo \u015fekillendirme makineleri i\u00e7in daha uygun fiyatlarla sonu\u00e7lan\u0131r. Bu uygun fiyat, \u00c7in makinelerini bu t\u00fcr ekipmanlara yat\u0131r\u0131m yapmak isteyen i\u015fletmeler i\u00e7in cazip bir se\u00e7enek haline getirmektedir.<\/li>\n<li>Kalite ve g\u00fcvenilirlik: \u00c7inli \u00fcreticiler y\u0131llar i\u00e7inde \u00fcr\u00fcnlerinin kalitesini ve g\u00fcvenilirli\u011fini \u00f6nemli \u00f6l\u00e7\u00fcde geli\u015ftirmi\u015ftir. Bir\u00e7ok \u00c7inli hafif omurga rulo \u015fekillendirme makinesi art\u0131k uluslararas\u0131 kalite standartlar\u0131n\u0131 kar\u015f\u0131lamakta ve performanslar\u0131n\u0131 ve dayan\u0131kl\u0131l\u0131klar\u0131n\u0131 sa\u011flamak i\u00e7in titiz testlerden ge\u00e7mektedir.<\/li>\n<li>Teknolojik geli\u015fmeler: \u00c7inli \u00fcreticiler, rulo \u015fekillendirme makineleri alan\u0131ndaki teknolojik geli\u015fmeleri benimsemi\u015ftir. Makinelerinin hassasiyetini, h\u0131z\u0131n\u0131 ve verimlili\u011fini art\u0131rmak i\u00e7in bilgisayarl\u0131 kontrol sistemleri, servo motorlar ve geli\u015fmi\u015f tak\u0131mlar gibi modern teknolojileri bir araya getirmektedirler.<\/li>\n<li>\u00d6zelle\u015ftirme se\u00e7enekleri: \u00c7inli \u00fcreticiler genellikle hafif omurga rulo \u015fekillendirme makineleri i\u00e7in \u00e7ok \u00e7e\u015fitli \u00f6zelle\u015ftirme se\u00e7enekleri sunar. Bu, al\u0131c\u0131lar\u0131n benzersiz \u00fcretim gereksinimlerini kar\u015f\u0131lamak i\u00e7in istedikleri \u00f6zellikleri, boyutlar\u0131 ve profilleri belirlemelerine olanak tan\u0131r.<\/li>\n<li>H\u0131zl\u0131 teslimat s\u00fcreleri: \u0130yi kurulmu\u015f bir \u00fcretim altyap\u0131s\u0131na sahip olan \u00c7inli tedarik\u00e7iler, di\u011fer b\u00f6lgelerdeki \u00fcreticilere k\u0131yasla genellikle daha k\u0131sa teslim s\u00fcreleri ve daha h\u0131zl\u0131 hafif omurga rulo \u015fekillendirme makineleri teslimat\u0131 sa\u011flayabilir.<\/li>\n<li>Sat\u0131\u015f sonras\u0131 destek: \u00c7inli \u00fcreticiler, m\u00fc\u015fterilerine kapsaml\u0131 sat\u0131\u015f sonras\u0131 destek sa\u011flamaya giderek daha fazla odaklanmaktad\u0131r. Bu, makinenin sorunsuz \u00e7al\u0131\u015fmas\u0131n\u0131 sa\u011flamak ve ar\u0131za s\u00fcresini en aza indirmek i\u00e7in teknik yard\u0131m, yedek par\u00e7a bulunabilirli\u011fi ve bak\u0131m hizmetlerini i\u00e7erir.<\/li>\n<li>Pazar deneyimi: \u00c7in, hafif omurga rulo \u015fekillendirme makineleri de dahil olmak \u00fczere rulo \u015fekillendirme makineleri \u00fcretiminde uzun bir ge\u00e7mi\u015fe sahiptir. \u00c7inli \u00fcreticiler, \u00fcr\u00fcnlerini s\u00fcrekli olarak geli\u015ftirmelerine ve d\u00fcnya \u00e7ap\u0131ndaki m\u00fc\u015fterilerin \u00f6zel ihtiya\u00e7lar\u0131n\u0131 kar\u015f\u0131lamalar\u0131na olanak tan\u0131yan kapsaml\u0131 pazar deneyimi ve uzmanl\u0131k birikimine sahiptir.<\/li>\n<\/ol>\n<p>\u00c7in hafif omurga rulo \u015fekillendirme makineleri \u00e7e\u015fitli avantajlar sunarken, makinenin istenen kalite ve g\u00fcvenilirli\u011fini sa\u011flamak i\u00e7in kapsaml\u0131 ara\u015ft\u0131rma yapmak, m\u00fc\u015fteri geri bildirimlerini incelemek ve belirli \u00fcreticilerin itibar\u0131n\u0131 ve kimlik bilgilerini de\u011ferlendirmek \u00e7ok \u00f6nemlidir.<\/p>\n<h3>hafif \u00e7elik salma rulo \u015fekillendirme makinesinin i\u015flevi<\/h3>\n<p>Hafif \u00e7elik omurga rulo \u015fekillendirme makinesi, hafif \u00e7elik omurgalar\u0131n \u00fcretim s\u00fcrecinde birka\u00e7 \u00f6nemli i\u015fleve hizmet eder. \u0130\u015fte makinenin temel i\u015flevleri:<\/p>\n<ol>\n<li>Malzeme Besleme: Rulo \u015fekillendirme makinesi, metal bobini tutan ve makineye besleyen bir a\u00e7\u0131c\u0131ya sahiptir. Hafif \u00e7elik omurga \u00fcretimi i\u00e7in hammadde olan yass\u0131 metal \u015feridin s\u00fcrekli olarak tedarik edilmesini sa\u011flar.<\/li>\n<li>Rulo \u015eekillendirme: Makinenin birincil i\u015flevi d\u00fcz metal \u015feridi hafif \u00e7elik omurgan\u0131n istenen kesit \u015fekline d\u00f6n\u00fc\u015ft\u00fcrmektir. Bu, makinenin uzunlu\u011fu boyunca bir dizi silindir ve \u015fekillendirme istasyonu arac\u0131l\u0131\u011f\u0131yla ger\u00e7ekle\u015ftirilir. Silindirler, metal \u015feridi \u00f6nceden belirlenmi\u015f profil tasar\u0131m\u0131na g\u00f6re kademeli olarak b\u00fcker ve \u015fekillendirir.<\/li>\n<li>Profil \u015eekillendirme: Makinenin silindirleri ve \u015fekillendirme istasyonlar\u0131, farkl\u0131 profil tasar\u0131mlar\u0131na ve boyutlar\u0131na uyum sa\u011flayacak \u015fekilde ayarlanabilir. Silindirlerin konumlar\u0131n\u0131 ve boyutlar\u0131n\u0131 yap\u0131land\u0131rarak, makine C \u015fekilli saplamalar, U \u015fekilli raylar, L \u015fekilli a\u00e7\u0131lar ve di\u011fer \u00f6zel profiller gibi \u00e7e\u015fitli hafif \u00e7elik omurgalar \u00fcretebilir.<\/li>\n<li>Delme ve Kesme: Hafif \u00e7elik omurgalar\u0131n \u00f6zel gereksinimlerine ba\u011fl\u0131 olarak, rulo \u015fekillendirme makinesi, profilin uzunlu\u011fu boyunca delikler veya yuvalar a\u00e7mak i\u00e7in ek istasyonlar i\u00e7erebilir. Bu delikler veya yuvalar, kablolama, tesisat veya di\u011fer bile\u015fenlerin tak\u0131lmas\u0131n\u0131 kolayla\u015ft\u0131rmak gibi \u00e7e\u015fitli ama\u00e7lara hizmet eder. Makine ayr\u0131ca hafif \u00e7elik omurgalar\u0131 istenen uzunluklarda kesmek i\u00e7in bir kesme mekanizmas\u0131 da i\u00e7erebilir.<\/li>\n<li>Kontrol ve Otomasyon: Modern hafif \u00e7elik salma rulo \u015fekillendirme makineleri genellikle bilgisayarl\u0131 kontrol sistemlerine ve otomasyon teknolojilerine sahiptir. Bu sistemler h\u0131z, silindir ayarlar\u0131 ve \u00e7e\u015fitli istasyonlar\u0131n senkronizasyonu dahil olmak \u00fczere makinenin \u00e7al\u0131\u015fmas\u0131n\u0131n hassas bir \u015fekilde kontrol edilmesini sa\u011flar. Otomasyon \u00fcretim s\u00fcrecini kolayla\u015ft\u0131r\u0131r, do\u011frulu\u011fu art\u0131r\u0131r ve el i\u015f\u00e7ili\u011fini azalt\u0131r.<\/li>\n<li>Y\u00fcksek H\u0131zl\u0131 \u00dcretim: Hafif \u00e7elik omurga rulo \u015fekillendirme makineleri, verimli ve uygun maliyetli \u00fcretim sa\u011flayan y\u00fcksek h\u0131zl\u0131 \u00fcretim i\u00e7in tasarlanm\u0131\u015ft\u0131r. Makineler hafif \u00e7elik omurgalar\u0131 h\u0131zl\u0131 bir \u015fekilde \u00fcretebilir ve in\u015faat projeleri i\u00e7in istikrarl\u0131 bir tedarik sa\u011flar.<\/li>\n<li>\u00d6zelle\u015ftirme ve Esneklik: Rulo \u015fekillendirme makinesi, \u00f6zelle\u015ftirme ve farkl\u0131 profil tasar\u0131mlar\u0131na ve boyutlar\u0131na uyarlanabilirlik a\u00e7\u0131s\u0131ndan esneklik sa\u011flar. \u00dcreticiler, makine ayarlar\u0131n\u0131 ve tak\u0131mlar\u0131 belirli m\u00fc\u015fteri gereksinimlerini kar\u015f\u0131layacak \u015fekilde ayarlayabilir ve \u00e7ok \u00e7e\u015fitli hafif \u00e7elik omurga se\u00e7eneklerine olanak tan\u0131r.<\/li>\n<\/ol>\n<p>Bu i\u015flevleri yerine getirerek, hafif \u00e7elik omurga rulo \u015fekillendirme makinesi, in\u015faat sekt\u00f6r\u00fcnde i\u00e7 \u00e7er\u00e7eveleme i\u00e7in temel bile\u015fenler olan hafif \u00e7elik omurgalar\u0131n verimli ve hassas \u00fcretiminde \u00e7ok \u00f6nemli bir rol oynar.<\/p>\n<\/div>\n<blockquote class=\"wp-embedded-content\" data-secret=\"QwKqOySrkX\"><p><a href=\"https:\/\/swforming.com\/tr\/what-is-an-angle-iron-roll-forming-machine\/\">K\u00f6\u015febent Rulo \u015eekillendirme Makinesi Nedir?<\/a><\/p><\/blockquote>\n<p><iframe class=\"wp-embedded-content\" sandbox=\"allow-scripts\" security=\"restricted\" style=\"position: absolute; clip: rect(1px, 1px, 1px, 1px);\" title=\"&quot;A\u00e7\u0131l\u0131 Demir Rulo \u015eekillendirme Makinesi Nedir?&quot; - SUNWAY Makine\" src=\"https:\/\/swforming.com\/what-is-an-angle-iron-roll-forming-machine\/embed\/#?secret=ZnJWaIIZ5j#?secret=QwKqOySrkX\" data-secret=\"QwKqOySrkX\" width=\"600\" height=\"338\" frameborder=\"0\" marginwidth=\"0\" marginheight=\"0\" scrolling=\"no\"><\/iframe><\/p>\n<blockquote class=\"wp-embedded-content\" data-secret=\"mRyPnw66Pq\"><p><a href=\"https:\/\/swforming.com\/tr\/5-reasons-why-you-should-buy-an-angle-roll-forming-machine\/\">A\u00e7\u0131l\u0131 Rulo \u015eekillendirme Makinesi Sat\u0131n Alman\u0131z\u0131 Gerektiren 5 Neden<\/a><\/p><\/blockquote>\n<p><iframe class=\"wp-embedded-content\" sandbox=\"allow-scripts\" security=\"restricted\" style=\"position: absolute; clip: rect(1px, 1px, 1px, 1px);\" title=\"&quot;A\u00e7\u0131l\u0131 Rulo \u015eekillendirme Makinesi Sat\u0131n Alman\u0131z \u0130\u00e7in 5 Neden&quot; - SUNWAY Machine\" src=\"https:\/\/swforming.com\/5-reasons-why-you-should-buy-an-angle-roll-forming-machine\/embed\/#?secret=L5r834LL6s#?secret=mRyPnw66Pq\" data-secret=\"mRyPnw66Pq\" width=\"600\" height=\"338\" frameborder=\"0\" marginwidth=\"0\" marginheight=\"0\" scrolling=\"no\"><\/iframe><\/p>\n<p>&nbsp;<\/p>\n<p>&nbsp;<\/p>\n<div id=\"gtx-trans\" style=\"position: absolute; left: -89px; top: 744.062px;\">\n<div class=\"gtx-trans-icon\"><\/div>\n<\/div>","protected":false},"excerpt":{"rendered":"<p>Keel\/Truss\/C\/U\/Omega\/Stud \u00c7elik Rulo \u015eekillendirme Makinesi k\u00fc\u00e7\u00fck boyutlu, ta\u015f\u0131mas\u0131 kolay. H\u0131z 60m \/ dak \u015fanz\u0131mana kadar \u00e7\u0131kabilir, bu nedenle \u00e7al\u0131\u015fma daha kararl\u0131 olacakt\u0131r. \u00d6zelle\u015ftirilmi\u015f makineleri de tedarik edebiliriz.<\/p>","protected":false},"featured_media":706,"comment_status":"closed","ping_status":"closed","template":"","meta":{"_acf_changed":false},"product_brand":[],"product_cat":[29,26],"product_tag":[],"class_list":{"0":"post-686","1":"product","2":"type-product","3":"status-publish","4":"has-post-thumbnail","6":"product_cat-keel-roll-forming-machine-roll-forming-machine","7":"product_cat-roll-forming-machine","9":"first","10":"instock","11":"shipping-taxable","12":"product-type-simple"},"acf":[],"_links":{"self":[{"href":"https:\/\/swforming.com\/tr\/wp-json\/wp\/v2\/product\/686","targetHints":{"allow":["GET"]}}],"collection":[{"href":"https:\/\/swforming.com\/tr\/wp-json\/wp\/v2\/product"}],"about":[{"href":"https:\/\/swforming.com\/tr\/wp-json\/wp\/v2\/types\/product"}],"replies":[{"embeddable":true,"href":"https:\/\/swforming.com\/tr\/wp-json\/wp\/v2\/comments?post=686"}],"version-history":[{"count":3,"href":"https:\/\/swforming.com\/tr\/wp-json\/wp\/v2\/product\/686\/revisions"}],"predecessor-version":[{"id":3267,"href":"https:\/\/swforming.com\/tr\/wp-json\/wp\/v2\/product\/686\/revisions\/3267"}],"wp:featuredmedia":[{"embeddable":true,"href":"https:\/\/swforming.com\/tr\/wp-json\/wp\/v2\/media\/706"}],"wp:attachment":[{"href":"https:\/\/swforming.com\/tr\/wp-json\/wp\/v2\/media?parent=686"}],"wp:term":[{"taxonomy":"product_brand","embeddable":true,"href":"https:\/\/swforming.com\/tr\/wp-json\/wp\/v2\/product_brand?post=686"},{"taxonomy":"product_cat","embeddable":true,"href":"https:\/\/swforming.com\/tr\/wp-json\/wp\/v2\/product_cat?post=686"},{"taxonomy":"product_tag","embeddable":true,"href":"https:\/\/swforming.com\/tr\/wp-json\/wp\/v2\/product_tag?post=686"}],"curies":[{"name":"wp","href":"https:\/\/api.w.org\/{rel}","templated":true}]}}