{"id":679,"date":"2022-09-13T08:26:44","date_gmt":"2022-09-13T08:26:44","guid":{"rendered":"https:\/\/swforming.com\/?post_type=product&#038;p=679"},"modified":"2023-06-15T06:17:25","modified_gmt":"2023-06-15T06:17:25","slug":"full-automatic-c-z-purlin-machine-steel-metal-former-frame-purlin-machines","status":"publish","type":"product","link":"https:\/\/swforming.com\/tr\/product\/full-automatic-c-z-purlin-machine-steel-metal-former-frame-purlin-machines\/","title":{"rendered":"Tam Otomatik CZ A\u015f\u0131k Makinesi \u00c7elik Metal Eski \u00c7er\u00e7eve ve A\u015f\u0131k Makineleri"},"content":{"rendered":"<p><img fetchpriority=\"high\" decoding=\"async\" class=\"alignnone wp-image-666\" src=\"https:\/\/swforming.com\/wp-content\/uploads\/2022\/09\/H2968b66cc62e46638cb640399456df37A.webp\" sizes=\"(max-width: 800px) 100vw, 800px\" srcset=\"https:\/\/swforming.com\/wp-content\/uploads\/2022\/09\/H2968b66cc62e46638cb640399456df37A.webp 750w, https:\/\/swforming.com\/wp-content\/uploads\/2022\/09\/H2968b66cc62e46638cb640399456df37A-600x548.webp 600w, https:\/\/swforming.com\/wp-content\/uploads\/2022\/09\/H2968b66cc62e46638cb640399456df37A-300x274.webp 300w\" alt=\"Tam Otomatik CZ A\u015f\u0131k Makinas\u0131\" width=\"800\" height=\"731\" title=\"\"><\/p>\n<p>Tam otomatik C&amp;Z a\u015f\u0131k makinesi h\u0131zl\u0131 De\u011fi\u015ftirilebilir Rulo \u015eekillendirme Makinesi, hem C hem de Z a\u015f\u0131k yap\u0131m\u0131 i\u00e7in \u00f6zel bir yap\u0131ya sahiptir. C &amp; Z silindirleri, herhangi bir par\u00e7a s\u00f6k\u00fclmeden \u00e7ok h\u0131zl\u0131 bir \u015fekilde de\u011fi\u015ftirilir. Kesici, evrensel hidrolik kesme cihaz\u0131n\u0131 benimser, i\u015f\u00e7ilik maliyetlerinden tasarruf sa\u011flayan ve \u00fcretim verimlili\u011fini art\u0131ran farkl\u0131 boyutlarda farkl\u0131 profiller \u00fcretirken kesici b\u0131\u00e7a\u011f\u0131 de\u011fi\u015ftirmeye gerek yoktur.<\/p>\n<h3>Tam Otomatik CZ A\u015f\u0131k Makinesi Detaylar\u0131<\/h3>\n<p><strong>Stand Taban\u0131<\/strong><br \/>\nMerdane standlar\u0131, en a\u011f\u0131r ve g\u00fc\u00e7l\u00fc olan d\u00f6kme demir tek istasyonu benimser.<\/p>\n<p><img decoding=\"async\" class=\"alignnone size-full wp-image-667\" src=\"https:\/\/swforming.com\/wp-content\/uploads\/2022\/09\/stand-base-1.webp\" sizes=\"(max-width: 450px) 100vw, 450px\" srcset=\"https:\/\/swforming.com\/wp-content\/uploads\/2022\/09\/stand-base-1.webp 450w, https:\/\/swforming.com\/wp-content\/uploads\/2022\/09\/stand-base-1-300x200.webp 300w\" alt=\"\" width=\"450\" height=\"300\" title=\"\"><\/p>\n<p><strong>De\u011fi\u015ftirilebilir<\/strong><br \/>\nSilindirleri veya ara par\u00e7alar\u0131 de\u011fi\u015ftirmeden farkl\u0131 a\u015f\u0131k boyutlar\u0131 \u00fcretin.<br \/>\nSadece silindirleri 180 derece ters \u00e7evirmek gerekir, maliyet ve zamandan tasarruf sa\u011flar.<\/p>\n<p><img decoding=\"async\" class=\"alignnone size-full wp-image-668\" src=\"https:\/\/swforming.com\/wp-content\/uploads\/2022\/09\/Interchangeable.webp\" sizes=\"(max-width: 450px) 100vw, 450px\" srcset=\"https:\/\/swforming.com\/wp-content\/uploads\/2022\/09\/Interchangeable.webp 450w, https:\/\/swforming.com\/wp-content\/uploads\/2022\/09\/Interchangeable-300x200.webp 300w\" alt=\"\" width=\"450\" height=\"300\" title=\"\"><\/p>\n<p><strong>Evrensel Kesim<\/strong><br \/>\nEvrensel direk kesici. Farkl\u0131 boyutlar i\u00e7in kesici b\u0131\u00e7aklar\u0131 de\u011fi\u015ftirmeye gerek yoktur.<\/p>\n<p><img loading=\"lazy\" decoding=\"async\" class=\"alignnone size-full wp-image-669\" src=\"https:\/\/swforming.com\/wp-content\/uploads\/2022\/09\/Universal-Cut.webp\" sizes=\"(max-width: 450px) 100vw, 450px\" srcset=\"https:\/\/swforming.com\/wp-content\/uploads\/2022\/09\/Universal-Cut.webp 450w, https:\/\/swforming.com\/wp-content\/uploads\/2022\/09\/Universal-Cut-300x200.webp 300w\" alt=\"\" width=\"450\" height=\"300\" title=\"\"><\/p>\n<p><strong>\u00d6zelle\u015ftirme<\/strong><br \/>\nK\u0131demli ve deneyimli m\u00fchendis, \u00f6zelle\u015ftirmeniz i\u00e7in t\u00fcm s\u00fcreci kontrol eder.<\/p>\n<p><img loading=\"lazy\" decoding=\"async\" class=\"alignnone size-full wp-image-636\" src=\"https:\/\/swforming.com\/wp-content\/uploads\/2022\/09\/Customization.webp\" sizes=\"(max-width: 450px) 100vw, 450px\" srcset=\"https:\/\/swforming.com\/wp-content\/uploads\/2022\/09\/Customization.webp 450w, https:\/\/swforming.com\/wp-content\/uploads\/2022\/09\/Customization-300x200.webp 300w\" alt=\"\" width=\"450\" height=\"300\" title=\"\"><\/p>\n<p><img loading=\"lazy\" decoding=\"async\" class=\"alignnone size-full wp-image-670\" src=\"https:\/\/swforming.com\/wp-content\/uploads\/2022\/09\/H326e70e798394cd89e95b480233aef34j.webp\" sizes=\"(max-width: 750px) 100vw, 750px\" srcset=\"https:\/\/swforming.com\/wp-content\/uploads\/2022\/09\/H326e70e798394cd89e95b480233aef34j.webp 750w, https:\/\/swforming.com\/wp-content\/uploads\/2022\/09\/H326e70e798394cd89e95b480233aef34j-600x356.webp 600w, https:\/\/swforming.com\/wp-content\/uploads\/2022\/09\/H326e70e798394cd89e95b480233aef34j-300x178.webp 300w\" alt=\"\" width=\"750\" height=\"445\" title=\"\">\u00a0<img loading=\"lazy\" decoding=\"async\" class=\"alignnone size-full wp-image-671\" src=\"https:\/\/swforming.com\/wp-content\/uploads\/2022\/09\/H7fb8fba7fe3e49c182d4c0fb88573a3dt.webp\" sizes=\"(max-width: 750px) 100vw, 750px\" srcset=\"https:\/\/swforming.com\/wp-content\/uploads\/2022\/09\/H7fb8fba7fe3e49c182d4c0fb88573a3dt.webp 750w, https:\/\/swforming.com\/wp-content\/uploads\/2022\/09\/H7fb8fba7fe3e49c182d4c0fb88573a3dt-600x338.webp 600w, https:\/\/swforming.com\/wp-content\/uploads\/2022\/09\/H7fb8fba7fe3e49c182d4c0fb88573a3dt-300x169.webp 300w\" alt=\"\" width=\"750\" height=\"422\" title=\"\"><\/p>\n<h3>Tam Otomatik CZ A\u015f\u0131k Makinesi Parametreleri<\/h3>\n<div>\n<table>\n<tbody>\n<tr>\n<td data-sheets-value=\"{&quot;1&quot;:2,&quot;2&quot;:&quot;Product&quot;}\">\u00dcr\u00fcn<\/td>\n<td data-sheets-value=\"{&quot;1&quot;:2,&quot;2&quot;:&quot;C&amp;Z purlin Quick Interchangeable Roll Forming Machine&quot;}\">\n<div>\n<div>C&amp;Z A\u015f\u0131k H\u0131zl\u0131 De\u011fi\u015ftirilebilir Rulo \u015eekillendirme Makinesi<\/div>\n<\/div>\n<\/td>\n<\/tr>\n<tr>\n<td data-sheets-value=\"{&quot;1&quot;:2,&quot;2&quot;:&quot;Model&quot;}\">Model<\/td>\n<td data-sheets-value=\"{&quot;1&quot;:2,&quot;2&quot;:&quot;C Channel Profile \/ Z Shape Profile (Customizable )&quot;}\">\n<div>\n<div>C Kanal Profili \/ Z \u015eekil Profili (\u00d6zelle\u015ftirilebilir)<\/div>\n<\/div>\n<\/td>\n<\/tr>\n<tr>\n<td data-sheets-value=\"{&quot;1&quot;:2,&quot;2&quot;:&quot;Base Material&quot;}\">Temel Malzeme<\/td>\n<td data-sheets-value=\"{&quot;1&quot;:2,&quot;2&quot;:&quot;Galvanized Steel Hot And Cold Rolled Steel&quot;}\">\n<div>\n<div>Galvanizli \u00c7elik S\u0131cak ve So\u011fuk Haddelenmi\u015f \u00c7elik<\/div>\n<\/div>\n<\/td>\n<\/tr>\n<tr>\n<td data-sheets-value=\"{&quot;1&quot;:2,&quot;2&quot;:&quot;Thickness&quot;}\">Kal\u0131nl\u0131k<\/td>\n<td data-sheets-value=\"{&quot;1&quot;:2,&quot;2&quot;:&quot;1.5-3.0mm (Customizable)&quot;}\">\n<div>\n<div>1.5-3.0mm (\u00d6zelle\u015ftirilebilir)<\/div>\n<\/div>\n<\/td>\n<\/tr>\n<tr>\n<td data-sheets-value=\"{&quot;1&quot;:2,&quot;2&quot;:&quot;Effective Width&quot;}\">Etkili Geni\u015flik<\/td>\n<td data-sheets-value=\"{&quot;1&quot;:2,&quot;2&quot;:&quot;According To Profile Size&quot;}\">\n<div>\n<div>Profil Boyutuna G\u00f6re<\/div>\n<\/div>\n<\/td>\n<\/tr>\n<tr>\n<td data-sheets-value=\"{&quot;1&quot;:2,&quot;2&quot;:&quot;Roller Station&quot;}\">Makaral\u0131 \u0130stasyon<\/td>\n<td data-sheets-value=\"{&quot;1&quot;:2,&quot;2&quot;:&quot;About 16 Stations&quot;}\">\n<div>\n<div>Yakla\u015f\u0131k 16 \u0130stasyon<\/div>\n<\/div>\n<\/td>\n<\/tr>\n<tr>\n<td data-sheets-value=\"{&quot;1&quot;:2,&quot;2&quot;:&quot;Roller Material&quot;}\">Makara Malzemesi<\/td>\n<td data-sheets-value=\"{&quot;1&quot;:2,&quot;2&quot;:&quot;Bearing Steel \/ Cr12Mov&quot;}\">\n<div>\n<div>Rulman \u00c7eli\u011fi \/ Cr12Mov<\/div>\n<\/div>\n<\/td>\n<\/tr>\n<tr>\n<td data-sheets-value=\"{&quot;1&quot;:2,&quot;2&quot;:&quot;Roller Driven Type&quot;}\">Silindir Tahrikli Tip<\/td>\n<td data-sheets-value=\"{&quot;1&quot;:2,&quot;2&quot;:&quot;By Chain\/ Gearbox&quot;}\">\n<div>\n<div>Zincir\/ \u015eanz\u0131man ile<\/div>\n<\/div>\n<\/td>\n<\/tr>\n<tr>\n<td data-sheets-value=\"{&quot;1&quot;:2,&quot;2&quot;:&quot;Color&quot;}\">Renk<\/td>\n<td data-sheets-value=\"{&quot;1&quot;:2,&quot;2&quot;:&quot;According To Customer Requirements \/ Customizable&quot;}\">\n<div>\n<div>M\u00fc\u015fteri Gereksinimlerine G\u00f6re \/ \u00d6zelle\u015ftirilebilir<\/div>\n<\/div>\n<\/td>\n<\/tr>\n<tr>\n<td data-sheets-value=\"{&quot;1&quot;:2,&quot;2&quot;:&quot;Brand&quot;}\">Marka<\/td>\n<td data-sheets-value=\"{&quot;1&quot;:2,&quot;2&quot;:&quot;SUNWAY&quot;}\">SUNWAY<\/td>\n<\/tr>\n<tr>\n<td data-sheets-value=\"{&quot;1&quot;:2,&quot;2&quot;:&quot;Control System&quot;}\">Kontrol Sistemi<\/td>\n<td data-sheets-value=\"{&quot;1&quot;:2,&quot;2&quot;:&quot;Worldwide Famous Brand PLC (Panasonic, Siemens, Delta, etc)&quot;}\">\n<div>\n<div>D\u00fcnya \u00c7ap\u0131nda \u00dcnl\u00fc Marka PLC (Panasonic, Siemens, Delta, vb.)<\/div>\n<\/div>\n<\/td>\n<\/tr>\n<tr>\n<td data-sheets-value=\"{&quot;1&quot;:2,&quot;2&quot;:&quot;Power&quot;}\">G\u00fc\u00e7<\/td>\n<td data-sheets-value=\"{&quot;1&quot;:2,&quot;2&quot;:&quot;15KW-18KW&quot;}\">15KW-18KW<\/td>\n<\/tr>\n<tr>\n<td data-sheets-value=\"{&quot;1&quot;:2,&quot;2&quot;:&quot;Frame&quot;}\">\u00c7er\u00e7eve<\/td>\n<td data-sheets-value=\"{&quot;1&quot;:2,&quot;2&quot;:&quot;350 H Steel \/ 400 H Steel&quot;}\">\n<div>\n<div>350 H \u00c7elik \/ 400 H \u00c7elik<\/div>\n<\/div>\n<\/td>\n<\/tr>\n<tr>\n<td data-sheets-value=\"{&quot;1&quot;:2,&quot;2&quot;:&quot;Cutting Drive&quot;}\">Kesme Tahriki<\/td>\n<td data-sheets-value=\"{&quot;1&quot;:2,&quot;2&quot;:&quot;Hydraulic Drive&quot;}\">Hidrolik Tahrik<\/td>\n<\/tr>\n<tr>\n<td data-sheets-value=\"{&quot;1&quot;:2,&quot;2&quot;:&quot;Cutting&amp;Hydraulic Type&quot;}\">Kesme ve Hidrolik Tip<\/td>\n<td data-sheets-value=\"{&quot;1&quot;:2,&quot;2&quot;:&quot;Type:Post Universal Cutter\\nHydraulic Pump Station :11kw Blade: Cr12mov HRC: 58-62&quot;}\">\n<div>\n<div>T\u00fcr:Post \u00dcniversal Kesici<br \/>\nHidrolik Pompa \u0130stasyonu: 11kw B\u0131\u00e7ak: Cr12mov HRC: 58-62<\/div>\n<\/div>\n<\/td>\n<\/tr>\n<\/tbody>\n<\/table>\n<h3>\u00e7in c \/ z a\u015f\u0131k rulo \u015fekillendirme makinesi avantaj\u0131<\/h3>\n<ol>\n<li>Maliyet etkinli\u011fi: \u00c7in \u00fcretimi, di\u011fer bir\u00e7ok \u00fclkeye k\u0131yasla daha d\u00fc\u015f\u00fck i\u015f\u00e7ilik ve \u00fcretim maliyetleri nedeniyle maliyet avantajlar\u0131 sunar. Bu da C\/Z a\u015f\u0131k rulo \u015fekillendirme makineleri i\u00e7in daha uygun fiyatlar anlam\u0131na gelir ve bu makineleri daha geni\u015f bir m\u00fc\u015fteri kitlesi i\u00e7in eri\u015filebilir k\u0131lar.<\/li>\n<li>Y\u00fcksek kaliteli \u00fcretim: \u00c7inli \u00fcreticiler, y\u00fcksek kaliteli \u00fcretim sa\u011flamak i\u00e7in ileri teknoloji ve modern makinelere b\u00fcy\u00fck yat\u0131r\u0131mlar yapm\u0131\u015ft\u0131r. Bir\u00e7ok \u00c7inli \u00fcretici, uluslararas\u0131 standartlar\u0131 ve m\u00fc\u015fteri beklentilerini kar\u015f\u0131lamak i\u00e7in s\u0131k\u0131 kalite kontrol s\u00fcre\u00e7lerini takip etmektedir.<\/li>\n<li>Geni\u015f se\u00e7enek yelpazesi: \u00c7in, makine \u00fcretimi i\u00e7in geni\u015f bir pazara sahiptir ve bu da C\/Z a\u015f\u0131k rulo \u015fekillendirme makineleri i\u00e7in geni\u015f bir se\u00e7enek yelpazesi sunar. \u0130ster standart makinelere ister \u00f6zelle\u015ftirilmi\u015f \u00e7\u00f6z\u00fcmlere ihtiyac\u0131n\u0131z olsun, \u00c7inli \u00fcreticiler genellikle \u00f6zel gereksinimlerinize uygun \u00e7e\u015fitli modeller, boyutlar ve konfig\u00fcrasyonlar sa\u011flayabilir.<\/li>\n<li>\u00d6zelle\u015ftirme yetenekleri: \u00c7inli \u00fcreticiler \u00f6zelle\u015ftirilmi\u015f \u00e7\u00f6z\u00fcmler sunma yetenekleriyle tan\u0131n\u0131rlar. C\/Z a\u015f\u0131k rulo \u015fekillendirme makinelerini farkl\u0131 boyutlar, profiller ve malzeme kal\u0131nl\u0131klar\u0131 gibi \u00f6zel tasar\u0131m ve \u00fcretim ihtiya\u00e7lar\u0131n\u0131 kar\u015f\u0131layacak \u015fekilde uyarlayabilirler.<\/li>\n<li>Teknik uzmanl\u0131k: \u00c7in, makine imalat\u0131nda uzmanla\u015fm\u0131\u015f geni\u015f bir yetenekli m\u00fchendis ve teknisyen havuzuna sahiptir. Bir\u00e7ok \u00c7inli \u00fcretici, rulo \u015fekillendirme teknolojisinde kapsaml\u0131 deneyim biriktirerek verimli ve g\u00fcvenilir C\/Z a\u015f\u0131k rulo \u015fekillendirme makineleri tasarlay\u0131p \u00fcretebilmektedir.<\/li>\n<li>Sat\u0131\u015f sonras\u0131 destek: \u00c7inli \u00fcreticiler genellikle kurulum, e\u011fitim ve teknik yard\u0131m dahil olmak \u00fczere kapsaml\u0131 sat\u0131\u015f sonras\u0131 destek sunar. M\u00fc\u015fteri memnuniyetini sa\u011flamak ve uzun vadeli ili\u015fkileri s\u00fcrd\u00fcrmek i\u00e7in s\u00fcrekli hizmet sa\u011flaman\u0131n \u00f6nemini bilirler.<\/li>\n<li>K\u00fcresel eri\u015fim: \u00c7inli makine \u00fcreticileri k\u00fcresel pazarda g\u00fc\u00e7l\u00fc bir varl\u0131\u011fa sahiptir. D\u00fcnya \u00e7ap\u0131nda da\u011f\u0131t\u0131m a\u011flar\u0131 ve ortakl\u0131klar kurarak \u00fcr\u00fcn ve hizmetlerine farkl\u0131 \u00fclkelerden eri\u015fimi kolayla\u015ft\u0131rm\u0131\u015flard\u0131r.<\/li>\n<\/ol>\n<h3>\u00c7elik \u00e7er\u00e7eve rulo \u015fekillendirme makinesi esas olarak ne i\u00e7in kullan\u0131l\u0131r?<\/h3>\n<ol>\n<li>\u0130n\u015faat end\u00fcstrisi: \u00c7elik \u00e7er\u00e7eveler, konutlar, ticari kompleksler, end\u00fcstriyel tesisler ve depolar gibi binalar\u0131n yap\u0131m\u0131nda yayg\u0131n olarak kullan\u0131lmaktad\u0131r. \u00c7elik \u00e7er\u00e7eve rulo \u015fekillendirme makineleri, bu binalar\u0131n yap\u0131sal \u00e7er\u00e7evesini olu\u015fturan \u00e7e\u015fitli profiller ve b\u00f6l\u00fcmler \u00fcretebilir.<\/li>\n<li>Altyap\u0131 projeleri: \u00c7elik \u00e7er\u00e7eveler k\u00f6pr\u00fcler, \u00fcst ge\u00e7itler, stadyumlar ve havaalanlar\u0131 gibi altyap\u0131 projelerinde de kullan\u0131l\u0131r. \u00c7elik \u00e7er\u00e7eve rulo \u015fekillendirme makineleri, gerekli bile\u015fenleri hassas ve verimli bir \u015fekilde \u00fcretebilir.<\/li>\n<li>Prefabrik konutlar: \u00c7elik \u00e7er\u00e7eveler genellikle prefabrik veya mod\u00fcler evlerin \u00fcretiminde kullan\u0131l\u0131r. Rulo \u015fekillendirme makinesi, bu yap\u0131lar\u0131n iskeletini olu\u015fturan gerekli b\u00f6l\u00fcmleri ve profilleri olu\u015fturarak daha h\u0131zl\u0131 ve verimli in\u015faat yap\u0131lmas\u0131n\u0131 sa\u011flayabilir.<\/li>\n<li>B\u00f6lme duvarlar ve i\u00e7 sistemler: \u00c7elik \u00e7er\u00e7eveler hem konutlarda hem de ticari binalarda b\u00f6lme duvarlar\u0131n ve i\u00e7 sistemlerin in\u015fas\u0131 i\u00e7in kullan\u0131l\u0131r. Bu \u00e7er\u00e7eveler yap\u0131sal destek sa\u011flar ve al\u00e7\u0131pan, yal\u0131t\u0131m ve kaplama gibi \u00e7e\u015fitli y\u00fczeylerin montaj\u0131na olanak tan\u0131r.<\/li>\n<li>G\u00fcne\u015f paneli montaj sistemleri: G\u00fcne\u015f panelleri i\u00e7in montaj yap\u0131lar\u0131 olu\u015fturmak \u00fczere \u00e7elik \u00e7er\u00e7eveler kullan\u0131l\u0131r. Bu \u00e7er\u00e7eveler, panelleri g\u00fcvenli bir \u015fekilde yerinde tutacak ve maruz kalacaklar\u0131 \u00e7evre ko\u015fullar\u0131na dayanacak \u015fekilde tasarlanm\u0131\u015ft\u0131r.<\/li>\n<li>Otomotiv end\u00fcstrisi: \u00c7elik \u00e7er\u00e7eveler, araba \u00e7er\u00e7eveleri, \u015fasi ve takviyeler gibi otomobil bile\u015fenlerinin \u00fcretiminde kullan\u0131l\u0131r. Rulo \u015fekillendirme makineleri, gerekli profilleri ve \u015fekilleri y\u00fcksek hassasiyet ve tekrarlanabilirlikle \u00fcretebilir.<\/li>\n<li>Depolama sistemleri: \u00c7elik \u00e7er\u00e7eveler raflar, raflar ve paletler gibi depolama sistemlerinin yap\u0131m\u0131nda kullan\u0131l\u0131r. Bu \u00e7er\u00e7eveler, a\u011f\u0131r y\u00fckleri desteklemek ve depolama alanlar\u0131n\u0131 etkili bir \u015fekilde d\u00fczenlemek i\u00e7in gerekli g\u00fcc\u00fc ve dengeyi sa\u011flar.<\/li>\n<\/ol>\n<h3>\u00c7in kap\u0131 \u00e7er\u00e7evesi rulo \u015fekillendirme makinesi fiyat avantaj\u0131<\/h3>\n<ol>\n<li>Rekabet\u00e7i \u00fcretim maliyetleri: \u00c7in, d\u00fc\u015f\u00fck i\u015f\u00e7ilik maliyetleri ve \u00f6l\u00e7ek ekonomileri gibi fakt\u00f6rler nedeniyle uzun zamand\u0131r rekabet\u00e7i \u00fcretim maliyetleriyle bilinmektedir. Bu durum genellikle kap\u0131 kasas\u0131 rulo \u015fekillendirme makineleri de dahil olmak \u00fczere makineler i\u00e7in daha uygun fiyatlar anlam\u0131na gelir.<\/li>\n<li>Kapsaml\u0131 \u00fcretim altyap\u0131s\u0131: \u00c7in, geni\u015f bir tedarik\u00e7i ve bile\u015fen \u00fcreticisi a\u011f\u0131yla iyi geli\u015fmi\u015f bir \u00fcretim altyap\u0131s\u0131na sahiptir. Bu da verimli \u00fcretim s\u00fcre\u00e7lerine ve \u00f6l\u00e7ek ekonomisi sayesinde maliyet tasarrufuna olanak sa\u011flamaktad\u0131r.<\/li>\n<li>Teknolojik uzmanl\u0131k: \u00c7inli \u00fcreticiler, rulo \u015fekillendirme makineleri de dahil olmak \u00fczere ileri teknoloji ve makinelere b\u00fcy\u00fck yat\u0131r\u0131mlar yapm\u0131\u015ft\u0131r. Bu makinelerin tasar\u0131m\u0131, geli\u015ftirilmesi ve \u00fcretiminde uzmanl\u0131k geli\u015ftirerek kaliteden \u00f6d\u00fcn vermeden uygun maliyetli \u00e7\u00f6z\u00fcmler sunmalar\u0131n\u0131 sa\u011flam\u0131\u015flard\u0131r.<\/li>\n<li>Hammaddelere eri\u015fim: \u00c7in, kap\u0131 kasas\u0131 \u00fcretiminde kullan\u0131lan \u00e7elik ve di\u011fer metaller de dahil olmak \u00fczere hammaddelerin \u00f6nemli bir k\u00fcresel tedarik\u00e7isidir. Hammadde kaynaklar\u0131na bu yak\u0131nl\u0131k, nakliye maliyetlerini azaltmaya yard\u0131mc\u0131 olabilir ve daha rekabet\u00e7i fiyatland\u0131rmaya yol a\u00e7abilir.<\/li>\n<li>Tedarik zinciri verimlili\u011fi: \u00c7inli \u00fcreticiler genellikle maliyet tasarrufuna katk\u0131da bulunan iyi kurulmu\u015f ve verimli tedarik zincirlerine sahiptir. Bile\u015fenleri, par\u00e7alar\u0131 ve malzemeleri yerel olarak tedarik ederek lojistik maliyetlerini azaltabilir ve \u00fcretim s\u00fcrecini kolayla\u015ft\u0131rabilirler.<\/li>\n<li>\u00d6zelle\u015ftirme se\u00e7enekleri: \u00c7in, kap\u0131 kasas\u0131 rulo \u015fekillendirme makineleri i\u00e7in \u00e7ok \u00e7e\u015fitli \u00f6zelle\u015ftirme se\u00e7enekleri sunmaktad\u0131r. \u00dcreticiler, makineleri farkl\u0131 kap\u0131 kasas\u0131 profilleri, boyutlar\u0131 ve malzeme kal\u0131nl\u0131klar\u0131 gibi belirli gereksinimleri kar\u015f\u0131layacak \u015fekilde uyarlayabilirler. Bu esneklik, m\u00fc\u015fterilerin ihtiya\u00e7 duyduklar\u0131 \u00f6zellikleri rekabet\u00e7i bir fiyatla se\u00e7melerine olanak tan\u0131r.<\/li>\n<li>K\u00fcresel pazarda varl\u0131k: \u00c7inli \u00fcreticiler, kap\u0131 kasas\u0131 rulo \u015fekillendirme makineleri de dahil olmak \u00fczere rulo \u015fekillendirme makineleri i\u00e7in k\u00fcresel pazarda \u00f6nemli bir varl\u0131\u011fa sahiptir. Pazardaki bu rekabet g\u00fcc\u00fc, \u00fcreticileri rekabet\u00e7i kalabilmek ve d\u00fcnyan\u0131n d\u00f6rt bir yan\u0131ndan m\u00fc\u015fteri \u00e7ekebilmek i\u00e7in cazip fiyatlar sunmaya itiyor.<\/li>\n<\/ol>\n<\/div>","protected":false},"excerpt":{"rendered":"<p>Tam otomatik C&amp;Z a\u015f\u0131k h\u0131zl\u0131 De\u011fi\u015ftirilebilir Rulo \u015eekillendirme Makinesi, hem C hem de Z a\u015f\u0131k yap\u0131m\u0131 i\u00e7in \u00f6zel bir yap\u0131ya sahiptir. C &amp; Z silindirleri, herhangi bir par\u00e7a s\u00f6k\u00fclmeden \u00e7ok h\u0131zl\u0131 bir \u015fekilde de\u011fi\u015ftirilir. Kesici, evrensel hidrolik kesme cihaz\u0131n\u0131 benimser, i\u015f\u00e7ilik maliyetlerinden tasarruf sa\u011flayan ve \u00fcretim verimlili\u011fini art\u0131ran farkl\u0131 boyutlarda farkl\u0131 profiller \u00fcretirken kesici b\u0131\u00e7a\u011f\u0131 de\u011fi\u015ftirmeye gerek yoktur.<\/p>","protected":false},"featured_media":680,"comment_status":"open","ping_status":"closed","template":"","meta":{"_acf_changed":false},"product_brand":[],"product_cat":[27,114,26],"product_tag":[],"class_list":{"0":"post-679","1":"product","2":"type-product","3":"status-publish","4":"has-post-thumbnail","6":"product_cat-c-z-purlin-channel-roll-forming-machine","7":"product_cat-roll-former","8":"product_cat-roll-forming-machine","10":"first","11":"instock","12":"shipping-taxable","13":"product-type-simple"},"acf":[],"_links":{"self":[{"href":"https:\/\/swforming.com\/tr\/wp-json\/wp\/v2\/product\/679","targetHints":{"allow":["GET"]}}],"collection":[{"href":"https:\/\/swforming.com\/tr\/wp-json\/wp\/v2\/product"}],"about":[{"href":"https:\/\/swforming.com\/tr\/wp-json\/wp\/v2\/types\/product"}],"replies":[{"embeddable":true,"href":"https:\/\/swforming.com\/tr\/wp-json\/wp\/v2\/comments?post=679"}],"version-history":[{"count":3,"href":"https:\/\/swforming.com\/tr\/wp-json\/wp\/v2\/product\/679\/revisions"}],"predecessor-version":[{"id":3242,"href":"https:\/\/swforming.com\/tr\/wp-json\/wp\/v2\/product\/679\/revisions\/3242"}],"wp:featuredmedia":[{"embeddable":true,"href":"https:\/\/swforming.com\/tr\/wp-json\/wp\/v2\/media\/680"}],"wp:attachment":[{"href":"https:\/\/swforming.com\/tr\/wp-json\/wp\/v2\/media?parent=679"}],"wp:term":[{"taxonomy":"product_brand","embeddable":true,"href":"https:\/\/swforming.com\/tr\/wp-json\/wp\/v2\/product_brand?post=679"},{"taxonomy":"product_cat","embeddable":true,"href":"https:\/\/swforming.com\/tr\/wp-json\/wp\/v2\/product_cat?post=679"},{"taxonomy":"product_tag","embeddable":true,"href":"https:\/\/swforming.com\/tr\/wp-json\/wp\/v2\/product_tag?post=679"}],"curies":[{"name":"wp","href":"https:\/\/api.w.org\/{rel}","templated":true}]}}