{"id":672,"date":"2022-09-13T08:23:05","date_gmt":"2022-09-13T08:23:05","guid":{"rendered":"https:\/\/swforming.com\/?post_type=product&#038;p=672"},"modified":"2023-06-16T03:38:38","modified_gmt":"2023-06-16T03:38:38","slug":"fully-automatic-hydraulic-easy-operation-80-300-adjustable-c-purlin-making-machine-roll-forming-machinery","status":"publish","type":"product","link":"https:\/\/swforming.com\/tr\/product\/fully-automatic-hydraulic-easy-operation-80-300-adjustable-c-purlin-making-machine-roll-forming-machinery\/","title":{"rendered":"Tam Otomatik Hidrolik Kolay Kullan\u0131m 80-300 Ayarlanabilir C A\u015f\u0131k Yapma Makinesi Rulo \u015eekillendirme Makineleri"},"content":{"rendered":"<p><img fetchpriority=\"high\" decoding=\"async\" class=\"alignnone wp-image-666\" src=\"https:\/\/swforming.com\/wp-content\/uploads\/2022\/09\/H2968b66cc62e46638cb640399456df37A.webp\" alt=\"C A\u015f\u0131k Yapma Makinesi\" width=\"800\" height=\"731\" title=\"\" srcset=\"https:\/\/swforming.com\/wp-content\/uploads\/2022\/09\/H2968b66cc62e46638cb640399456df37A.webp 750w, https:\/\/swforming.com\/wp-content\/uploads\/2022\/09\/H2968b66cc62e46638cb640399456df37A-600x548.webp 600w, https:\/\/swforming.com\/wp-content\/uploads\/2022\/09\/H2968b66cc62e46638cb640399456df37A-300x274.webp 300w\" sizes=\"(max-width: 800px) 100vw, 800px\" \/><\/p>\n<p>Tam otomatik C&amp;Z a\u015f\u0131k h\u0131zl\u0131 De\u011fi\u015ftirilebilir Rulo \u015eekillendirme Makinesi, hem C hem de Z a\u015f\u0131k yap\u0131m\u0131 i\u00e7in \u00f6zel bir yap\u0131ya sahiptir. C &amp; Z silindirleri, herhangi bir par\u00e7a s\u00f6k\u00fclmeden \u00e7ok h\u0131zl\u0131 bir \u015fekilde de\u011fi\u015ftirilir. Kesici, evrensel hidrolik kesme cihaz\u0131n\u0131 benimser, i\u015f\u00e7ilik maliyetlerinden tasarruf sa\u011flayan ve \u00fcretim verimlili\u011fini art\u0131ran farkl\u0131 boyutlarda farkl\u0131 profiller \u00fcretirken kesici b\u0131\u00e7a\u011f\u0131 de\u011fi\u015ftirmeye gerek yoktur.<\/p>\n<h3>C A\u015f\u0131k Yapma Makinesi Detaylar\u0131<\/h3>\n<p><strong>Stand Taban\u0131<\/strong><br \/>\nMerdane standlar\u0131, en a\u011f\u0131r ve g\u00fc\u00e7l\u00fc olan d\u00f6kme demir tek istasyonu benimser.<\/p>\n<p><img decoding=\"async\" class=\"alignnone size-full wp-image-667\" src=\"https:\/\/swforming.com\/wp-content\/uploads\/2022\/09\/stand-base-1.webp\" sizes=\"(max-width: 450px) 100vw, 450px\" srcset=\"https:\/\/swforming.com\/wp-content\/uploads\/2022\/09\/stand-base-1.webp 450w, https:\/\/swforming.com\/wp-content\/uploads\/2022\/09\/stand-base-1-300x200.webp 300w\" alt=\"\" width=\"450\" height=\"300\" title=\"\"><\/p>\n<p><strong>De\u011fi\u015ftirilebilir<\/strong><br \/>\nSilindirleri veya ara par\u00e7alar\u0131 de\u011fi\u015ftirmeden farkl\u0131 a\u015f\u0131k boyutlar\u0131 \u00fcretin.<br \/>\nSadece silindirleri 180 derece ters \u00e7evirmek gerekir, maliyet ve zamandan tasarruf sa\u011flar.<\/p>\n<p><img decoding=\"async\" class=\"alignnone size-full wp-image-668\" src=\"https:\/\/swforming.com\/wp-content\/uploads\/2022\/09\/Interchangeable.webp\" sizes=\"(max-width: 450px) 100vw, 450px\" srcset=\"https:\/\/swforming.com\/wp-content\/uploads\/2022\/09\/Interchangeable.webp 450w, https:\/\/swforming.com\/wp-content\/uploads\/2022\/09\/Interchangeable-300x200.webp 300w\" alt=\"\" width=\"450\" height=\"300\" title=\"\"><\/p>\n<p><strong>Evrensel Kesim<\/strong><br \/>\nEvrensel direk kesici. Farkl\u0131 boyutlar i\u00e7in kesici b\u0131\u00e7aklar\u0131 de\u011fi\u015ftirmeye gerek yoktur.<\/p>\n<p><img loading=\"lazy\" decoding=\"async\" class=\"alignnone size-full wp-image-669\" src=\"https:\/\/swforming.com\/wp-content\/uploads\/2022\/09\/Universal-Cut.webp\" sizes=\"(max-width: 450px) 100vw, 450px\" srcset=\"https:\/\/swforming.com\/wp-content\/uploads\/2022\/09\/Universal-Cut.webp 450w, https:\/\/swforming.com\/wp-content\/uploads\/2022\/09\/Universal-Cut-300x200.webp 300w\" alt=\"\" width=\"450\" height=\"300\" title=\"\"><\/p>\n<p><strong>\u00d6zelle\u015ftirme<\/strong><br \/>\nK\u0131demli ve deneyimli m\u00fchendis, \u00f6zelle\u015ftirmeniz i\u00e7in t\u00fcm s\u00fcreci kontrol eder.<\/p>\n<p><img loading=\"lazy\" decoding=\"async\" class=\"alignnone size-full wp-image-636\" src=\"https:\/\/swforming.com\/wp-content\/uploads\/2022\/09\/Customization.webp\" sizes=\"(max-width: 450px) 100vw, 450px\" srcset=\"https:\/\/swforming.com\/wp-content\/uploads\/2022\/09\/Customization.webp 450w, https:\/\/swforming.com\/wp-content\/uploads\/2022\/09\/Customization-300x200.webp 300w\" alt=\"\" width=\"450\" height=\"300\" title=\"\"><\/p>\n<p><img loading=\"lazy\" decoding=\"async\" class=\"alignnone size-full wp-image-670\" src=\"https:\/\/swforming.com\/wp-content\/uploads\/2022\/09\/H326e70e798394cd89e95b480233aef34j.webp\" sizes=\"(max-width: 750px) 100vw, 750px\" srcset=\"https:\/\/swforming.com\/wp-content\/uploads\/2022\/09\/H326e70e798394cd89e95b480233aef34j.webp 750w, https:\/\/swforming.com\/wp-content\/uploads\/2022\/09\/H326e70e798394cd89e95b480233aef34j-600x356.webp 600w, https:\/\/swforming.com\/wp-content\/uploads\/2022\/09\/H326e70e798394cd89e95b480233aef34j-300x178.webp 300w\" alt=\"\" width=\"750\" height=\"445\" title=\"\">\u00a0<img loading=\"lazy\" decoding=\"async\" class=\"alignnone size-full wp-image-671\" src=\"https:\/\/swforming.com\/wp-content\/uploads\/2022\/09\/H7fb8fba7fe3e49c182d4c0fb88573a3dt.webp\" sizes=\"(max-width: 750px) 100vw, 750px\" srcset=\"https:\/\/swforming.com\/wp-content\/uploads\/2022\/09\/H7fb8fba7fe3e49c182d4c0fb88573a3dt.webp 750w, https:\/\/swforming.com\/wp-content\/uploads\/2022\/09\/H7fb8fba7fe3e49c182d4c0fb88573a3dt-600x338.webp 600w, https:\/\/swforming.com\/wp-content\/uploads\/2022\/09\/H7fb8fba7fe3e49c182d4c0fb88573a3dt-300x169.webp 300w\" alt=\"\" width=\"750\" height=\"422\" title=\"\"><\/p>\n<h3>C A\u015f\u0131k Yapma Makinesi Parametreleri<\/h3>\n<div>\n<table>\n<tbody>\n<tr>\n<td data-sheets-value=\"{&quot;1&quot;:2,&quot;2&quot;:&quot;Product&quot;}\">\u00dcr\u00fcn<\/td>\n<td data-sheets-value=\"{&quot;1&quot;:2,&quot;2&quot;:&quot;C&amp;Z purlin Quick Interchangeable Roll Forming Machine&quot;}\">\n<div>\n<div>C&amp;Z A\u015f\u0131k H\u0131zl\u0131 De\u011fi\u015ftirilebilir Rulo \u015eekillendirme Makinesi<\/div>\n<\/div>\n<\/td>\n<\/tr>\n<tr>\n<td data-sheets-value=\"{&quot;1&quot;:2,&quot;2&quot;:&quot;Model&quot;}\">Model<\/td>\n<td data-sheets-value=\"{&quot;1&quot;:2,&quot;2&quot;:&quot;C Channel Profile \/ Z Shape Profile (Customizable )&quot;}\">\n<div>\n<div>C Kanal Profili \/ Z \u015eekil Profili (\u00d6zelle\u015ftirilebilir)<\/div>\n<\/div>\n<\/td>\n<\/tr>\n<tr>\n<td data-sheets-value=\"{&quot;1&quot;:2,&quot;2&quot;:&quot;Base Material&quot;}\">Temel Malzeme<\/td>\n<td data-sheets-value=\"{&quot;1&quot;:2,&quot;2&quot;:&quot;Galvanized Steel Hot And Cold Rolled Steel&quot;}\">\n<div>\n<div>Galvanizli \u00c7elik S\u0131cak ve So\u011fuk Haddelenmi\u015f \u00c7elik<\/div>\n<\/div>\n<\/td>\n<\/tr>\n<tr>\n<td data-sheets-value=\"{&quot;1&quot;:2,&quot;2&quot;:&quot;Thickness&quot;}\">Kal\u0131nl\u0131k<\/td>\n<td data-sheets-value=\"{&quot;1&quot;:2,&quot;2&quot;:&quot;1.5-3.0mm (Customizable)&quot;}\">\n<div>\n<div>1.5-3.0mm (\u00d6zelle\u015ftirilebilir)<\/div>\n<\/div>\n<\/td>\n<\/tr>\n<tr>\n<td data-sheets-value=\"{&quot;1&quot;:2,&quot;2&quot;:&quot;Effective Width&quot;}\">Etkili Geni\u015flik<\/td>\n<td data-sheets-value=\"{&quot;1&quot;:2,&quot;2&quot;:&quot;According To Profile Size&quot;}\">\n<div>\n<div>Profil Boyutuna G\u00f6re<\/div>\n<\/div>\n<\/td>\n<\/tr>\n<tr>\n<td data-sheets-value=\"{&quot;1&quot;:2,&quot;2&quot;:&quot;Roller Station&quot;}\">Makaral\u0131 \u0130stasyon<\/td>\n<td data-sheets-value=\"{&quot;1&quot;:2,&quot;2&quot;:&quot;About 16 Stations&quot;}\">\n<div>\n<div>Yakla\u015f\u0131k 16 \u0130stasyon<\/div>\n<\/div>\n<\/td>\n<\/tr>\n<tr>\n<td data-sheets-value=\"{&quot;1&quot;:2,&quot;2&quot;:&quot;Roller Material&quot;}\">Makara Malzemesi<\/td>\n<td data-sheets-value=\"{&quot;1&quot;:2,&quot;2&quot;:&quot;Bearing Steel \/ Cr12Mov&quot;}\">\n<div>\n<div>Rulman \u00c7eli\u011fi \/ Cr12Mov<\/div>\n<\/div>\n<\/td>\n<\/tr>\n<tr>\n<td data-sheets-value=\"{&quot;1&quot;:2,&quot;2&quot;:&quot;Roller Driven Type&quot;}\">Silindir Tahrikli Tip<\/td>\n<td data-sheets-value=\"{&quot;1&quot;:2,&quot;2&quot;:&quot;By Chain\/ Gearbox&quot;}\">\n<div>\n<div>Zincir\/ \u015eanz\u0131man ile<\/div>\n<\/div>\n<\/td>\n<\/tr>\n<tr>\n<td data-sheets-value=\"{&quot;1&quot;:2,&quot;2&quot;:&quot;Color&quot;}\">Renk<\/td>\n<td data-sheets-value=\"{&quot;1&quot;:2,&quot;2&quot;:&quot;According To Customer Requirements \/ Customizable&quot;}\">\n<div>\n<div>M\u00fc\u015fteri Gereksinimlerine G\u00f6re \/ \u00d6zelle\u015ftirilebilir<\/div>\n<\/div>\n<\/td>\n<\/tr>\n<tr>\n<td data-sheets-value=\"{&quot;1&quot;:2,&quot;2&quot;:&quot;Brand&quot;}\">Marka<\/td>\n<td data-sheets-value=\"{&quot;1&quot;:2,&quot;2&quot;:&quot;SUNWAY&quot;}\">SUNWAY<\/td>\n<\/tr>\n<tr>\n<td data-sheets-value=\"{&quot;1&quot;:2,&quot;2&quot;:&quot;Control System&quot;}\">Kontrol Sistemi<\/td>\n<td data-sheets-value=\"{&quot;1&quot;:2,&quot;2&quot;:&quot;Worldwide Famous Brand PLC (Panasonic, Siemens, Delta, etc)&quot;}\">\n<div>\n<div>D\u00fcnya \u00c7ap\u0131nda \u00dcnl\u00fc Marka PLC (Panasonic, Siemens, Delta, vb.)<\/div>\n<\/div>\n<\/td>\n<\/tr>\n<tr>\n<td data-sheets-value=\"{&quot;1&quot;:2,&quot;2&quot;:&quot;Power&quot;}\">G\u00fc\u00e7<\/td>\n<td data-sheets-value=\"{&quot;1&quot;:2,&quot;2&quot;:&quot;15KW-18KW&quot;}\">15KW-18KW<\/td>\n<\/tr>\n<tr>\n<td data-sheets-value=\"{&quot;1&quot;:2,&quot;2&quot;:&quot;Frame&quot;}\">\u00c7er\u00e7eve<\/td>\n<td data-sheets-value=\"{&quot;1&quot;:2,&quot;2&quot;:&quot;350 H Steel \/ 400 H Steel&quot;}\">\n<div>\n<div>350 H \u00c7elik \/ 400 H \u00c7elik<\/div>\n<\/div>\n<\/td>\n<\/tr>\n<tr>\n<td data-sheets-value=\"{&quot;1&quot;:2,&quot;2&quot;:&quot;Cutting Drive&quot;}\">Kesme Tahriki<\/td>\n<td data-sheets-value=\"{&quot;1&quot;:2,&quot;2&quot;:&quot;Hydraulic Drive&quot;}\">Hidrolik Tahrik<\/td>\n<\/tr>\n<tr>\n<td data-sheets-value=\"{&quot;1&quot;:2,&quot;2&quot;:&quot;Cutting&amp;Hydraulic Type&quot;}\">Kesme ve Hidrolik Tip<\/td>\n<td data-sheets-value=\"{&quot;1&quot;:2,&quot;2&quot;:&quot;Type:Post Universal Cutter\\nHydraulic Pump Station :11kw Blade: Cr12mov HRC: 58-62&quot;}\">\n<div>\n<div>T\u00fcr:Post \u00dcniversal Kesici<\/div>\n<\/div>\n<\/td>\n<\/tr>\n<\/tbody>\n<\/table>\n<h3>A\u015f\u0131k yapma makinesinin i\u015flevi nedir?<\/h3>\n<p>A\u015f\u0131k yapma makinesi, in\u015faat sekt\u00f6r\u00fcnde bir binan\u0131n \u00e7at\u0131s\u0131na destek ve stabilite sa\u011flayan yatay yap\u0131sal elemanlar olan a\u015f\u0131klar\u0131 \u00fcretmek i\u00e7in kullan\u0131l\u0131r. Makine, \u00e7elik veya al\u00fcminyum gibi \u00e7e\u015fitli malzemelerden a\u015f\u0131klar\u0131 verimli ve do\u011fru bir \u015fekilde imal etmek i\u00e7in tasarlanm\u0131\u015ft\u0131r.<\/p>\n<p>Bir a\u015f\u0131k yapma makinesinin ana i\u015flevi, ham maddeyi istenen \u015fekil ve boyutta a\u015f\u0131k haline getirmektir. Tipik olarak bir dizi silindir, \u015fekillendirme istasyonu ve kesme mekanizmas\u0131ndan olu\u015fur. Makine, d\u00fcz veya kangal stok malzemesini al\u0131r ve \u00f6zel tasar\u0131m gereksinimlerine ba\u011fl\u0131 olarak kademeli olarak \"C\" veya \"Z\" profiline d\u00f6n\u00fc\u015ft\u00fcren silindirlerden ge\u00e7irir.<\/p>\n<p>A\u015f\u0131k yap\u0131m makineleri programlanabilir ve farkl\u0131 uzunluklarda ve boyutlarda a\u015f\u0131klar \u00fcretebilir, b\u00f6ylece binan\u0131n \u00f6zelliklerine g\u00f6re \u00f6zelle\u015ftirmeye olanak tan\u0131r. Makine ayr\u0131ca ba\u011flant\u0131 elemanlar\u0131, elektrik kablolar\u0131 veya di\u011fer bile\u015fenleri yerle\u015ftirmek i\u00e7in a\u015f\u0131klara delik veya yuva a\u00e7ma gibi \u00f6zellikler de ekleyebilir.<\/p>\n<p>A\u015f\u0131k \u00fcretim s\u00fcrecini otomatikle\u015ftiren bu makineler, manuel imalat y\u00f6ntemlerine k\u0131yasla \u00fcretkenli\u011fi \u00f6nemli \u00f6l\u00e7\u00fcde art\u0131rabilir ve i\u015f\u00e7ilik maliyetlerini azaltabilir. \u00dcretim s\u00fcrecinde tutarl\u0131 kalite ve do\u011fruluk sa\u011flayarak hassas ve bina yap\u0131s\u0131na sorunsuz bir \u015fekilde uyan a\u015f\u0131klar elde edilmesini sa\u011flarlar.<\/p>\n<p>Genel olarak, bir a\u015f\u0131k yapma makinesinin i\u015flevi, in\u015faat projeleri i\u00e7in a\u015f\u0131k \u00fcretimini kolayla\u015ft\u0131rmak, g\u00fc\u00e7l\u00fc ve g\u00fcvenilir \u00e7at\u0131 destek bile\u015fenlerini verimli ve etkili bir \u015fekilde sa\u011flamakt\u0131r.<\/p>\n<h3>\u0130n\u015faat Sekt\u00f6r\u00fcnde Otomatik C A\u015f\u0131k Rulo \u015eekillendirme Makinesinin \u00d6zel Uygulamas\u0131<\/h3>\n<p>Otomatik C a\u015f\u0131k rulo \u015fekillendirme makinesi, in\u015faat sekt\u00f6r\u00fcnde, \u00f6zellikle C-\u015fekilli a\u015f\u0131klar\u0131n \u00fcretiminde \u00e7ok \u00f6nemli bir rol oynamaktad\u0131r. \u0130\u015fte bu makinenin in\u015faat alan\u0131ndaki baz\u0131 \u00f6zel uygulamalar\u0131:<\/p>\n<ol>\n<li>\u00c7at\u0131 Sistemleri: C a\u015f\u0131klar, \u00e7at\u0131 panellerine yap\u0131sal destek sa\u011flamak i\u00e7in \u00e7at\u0131 kaplama sistemlerinde yayg\u0131n olarak kullan\u0131l\u0131r. Rulo \u015fekillendirme makinesi, tutarl\u0131 boyutlara sahip C \u015fekilli a\u015f\u0131klar \u00fcreterek kolay kuruluma olanak tan\u0131r ve \u00e7at\u0131n\u0131n yap\u0131sal b\u00fct\u00fcnl\u00fc\u011f\u00fcn\u00fc sa\u011flar.<\/li>\n<li>Duvar Sistemleri: C a\u015f\u0131klar, d\u0131\u015f veya i\u00e7 duvar panellerini tutturmak i\u00e7in bir \u00e7er\u00e7eve olu\u015fturmak \u00fczere duvar sistemlerinde de kullan\u0131l\u0131r. Rulo \u015fekillendirme makinesi, farkl\u0131 duvar y\u00fckseklikleri ve tasar\u0131m gereksinimlerini kar\u015f\u0131layan \u00e7e\u015fitli boyut ve uzunluklarda a\u015f\u0131klar \u00fcretebilir.<\/li>\n<li>End\u00fcstriyel Binalar: Otomatik C a\u015f\u0131k rulo \u015fekillendirme makinesi, depolar, fabrikalar ve lojistik merkezleri gibi end\u00fcstriyel binalar\u0131n yap\u0131m\u0131nda yayg\u0131n olarak kullan\u0131lmaktad\u0131r. Bu binalar genellikle \u00e7at\u0131y\u0131 ve duvarlar\u0131 desteklemek i\u00e7in b\u00fcy\u00fck miktarlarda a\u015f\u0131k gerektirir ve makine talebi kar\u015f\u0131lamak i\u00e7in verimli ve uygun maliyetli \u00fcretim sa\u011flar.<\/li>\n<li>Ticari Binalar: Al\u0131\u015fveri\u015f merkezleri, ofisler ve perakende alanlar\u0131 da dahil olmak \u00fczere bir\u00e7ok ticari bina, in\u015faatlar\u0131nda C a\u015f\u0131klar\u0131 kullan\u0131r. Rulo \u015fekillendirme makinesi, hassas boyutlara sahip a\u015f\u0131klar\u0131n tutarl\u0131 bir \u015fekilde \u00fcretilmesini sa\u011flayarak daha h\u0131zl\u0131 kuruluma olanak tan\u0131r ve in\u015faat s\u00fcrecinin genel verimlili\u011fine katk\u0131da bulunur.<\/li>\n<li>Tar\u0131msal Yap\u0131lar: C a\u015f\u0131klar, ah\u0131rlar, depolama tesisleri ve hayvan bar\u0131naklar\u0131 gibi tar\u0131msal yap\u0131larda yayg\u0131n olarak kullan\u0131lmaktad\u0131r. Rulo \u015fekillendirme makinesi, a\u011f\u0131r y\u00fcklere dayanabilen a\u015f\u0131klar\u0131n \u00fcretilmesine olanak tan\u0131yarak bu yap\u0131lar i\u00e7in sa\u011flam bir \u00e7er\u00e7eve sa\u011flar.<\/li>\n<\/ol>\n<p>Otomatik C a\u015f\u0131k rulo \u015fekillendirme makinesi, y\u00fcksek \u00fcretim h\u0131z\u0131, do\u011fruluk ve a\u015f\u0131k boyutlar\u0131n\u0131 proje gereksinimlerine g\u00f6re \u00f6zelle\u015ftirme yetene\u011fi gibi avantajlar sunar. \u00dcretim s\u00fcrecini otomatikle\u015ftirerek verimlili\u011fi art\u0131r\u0131r, i\u015f\u00e7ilik maliyetlerini d\u00fc\u015f\u00fcr\u00fcr ve tutarl\u0131 kalite sa\u011flayarak modern in\u015faat uygulamalar\u0131nda \u00f6nemli bir ara\u00e7 haline getirir.<\/p>\n<h3>C a\u015f\u0131k i\u00e7in rulo \u015fekillendirme makinesi nas\u0131l se\u00e7ilir?<\/h3>\n<p>C a\u015f\u0131k \u00fcretimi i\u00e7in bir rulo \u015fekillendirme makinesi se\u00e7erken, \u00f6zel ihtiya\u00e7lar\u0131n\u0131z i\u00e7in do\u011fru makineyi se\u00e7ti\u011finizden emin olmak i\u00e7in g\u00f6z \u00f6n\u00fcnde bulundurman\u0131z gereken birka\u00e7 fakt\u00f6r vard\u0131r. \u0130\u015fte size uygun rulo \u015fekillendirme makinesini se\u00e7menize yard\u0131mc\u0131 olacak ad\u0131m ad\u0131m bir k\u0131lavuz:<\/p>\n<ol>\n<li>\u00dcretim gereksinimlerinizi belirleyin: \u00d6ng\u00f6rd\u00fc\u011f\u00fcn\u00fcz C a\u015f\u0131k \u00fcretim hacmini ve s\u0131kl\u0131\u011f\u0131n\u0131 g\u00f6z \u00f6n\u00fcnde bulundurun. Bu, ihtiyac\u0131n\u0131z olan rulo \u015fekillendirme makinesinin h\u0131z ve kapasite gereksinimlerini belirlemenize yard\u0131mc\u0131 olacakt\u0131r.<\/li>\n<li>Malzeme \u00f6zelliklerini de\u011ferlendirin: Kullanmay\u0131 planlad\u0131\u011f\u0131n\u0131z \u00e7elik veya metal bobinin kal\u0131nl\u0131\u011f\u0131, geni\u015fli\u011fi ve t\u00fcr\u00fc gibi belirli malzeme \u00f6zelliklerini belirleyin. Bu bilgi, istenen malzeme \u00f6zelliklerini i\u015fleyebilecek bir makine se\u00e7iminde \u00e7ok \u00f6nemlidir.<\/li>\n<li>Profil \u00f6zelliklerini de\u011ferlendirin: \u00dcretmeyi d\u00fc\u015f\u00fcnd\u00fc\u011f\u00fcn\u00fcz C a\u015f\u0131\u011f\u0131n\u0131n kesin boyutlar\u0131n\u0131 ve tasar\u0131m \u00f6zelliklerini tan\u0131mlay\u0131n. Buna y\u00fckseklik, geni\u015flik, flan\u015f boyutu, dudak boyutu ve gereken t\u00fcm \u00f6zel \u00f6zellikler dahildir. Rulo \u015fekillendirme makinesinin tam olarak ihtiyac\u0131n\u0131z olan profili \u00fcretebildi\u011finden emin olun.<\/li>\n<li>Makinenin esnekli\u011fini g\u00f6z \u00f6n\u00fcnde bulundurun: Yaln\u0131zca C a\u015f\u0131klar\u0131 m\u0131 \u00fcretece\u011finizi yoksa di\u011fer profilleri de \u00fcretme kabiliyetine mi ihtiyac\u0131n\u0131z oldu\u011funu belirleyin. \u00c7ok y\u00f6nl\u00fcl\u00fc\u011fe ihtiyac\u0131n\u0131z varsa, farkl\u0131 profiller aras\u0131nda h\u0131zl\u0131 ve kolay ge\u00e7i\u015f sa\u011flayan bir rulo \u015fekillendirme makinesi se\u00e7in.<\/li>\n<li>Makinenin dayan\u0131kl\u0131l\u0131\u011f\u0131n\u0131 ve kalitesini de\u011ferlendirin: Rulo \u015fekillendirme makinesi \u00fcreticisinin itibar\u0131n\u0131, g\u00fcvenilirli\u011fini ve yap\u0131 kalitesini ara\u015ft\u0131r\u0131n ve de\u011ferlendirin. M\u00fc\u015fteri yorumlar\u0131n\u0131 okuyun, makinenin yap\u0131s\u0131n\u0131 inceleyin ve sa\u011flanan garanti ve sat\u0131\u015f sonras\u0131 hizmeti g\u00f6z \u00f6n\u00fcnde bulundurun.<\/li>\n<li>Otomasyon seviyesini de\u011ferlendirin: \u00dcretim ihtiya\u00e7lar\u0131n\u0131za ve mevcut i\u015f g\u00fcc\u00fcn\u00fcze g\u00f6re ihtiyac\u0131n\u0131z olan otomasyon seviyesine karar verin. Otomasyon \u00f6zellikleri aras\u0131nda otomatik malzeme besleme, kesme, delme ve istifleme yer alabilir. Daha y\u00fcksek otomasyon seviyeleri \u00fcretkenli\u011fi art\u0131rabilir ancak daha y\u00fcksek bir maliyet getirebilir.<\/li>\n<li>Zemin alan\u0131n\u0131 ve g\u00fc\u00e7 gereksinimlerini g\u00f6z \u00f6n\u00fcnde bulundurun: Tesisinizdeki mevcut alan\u0131 de\u011ferlendirin ve se\u00e7ti\u011finiz rulo \u015fekillendirme makinesinin rahat\u00e7a s\u0131\u011fabilece\u011finden emin olun. Ayr\u0131ca, tesisinizin elektrik ihtiya\u00e7lar\u0131n\u0131 kar\u015f\u0131layabildi\u011finden emin olmak i\u00e7in makinenin g\u00fc\u00e7 gereksinimlerini kontrol edin.<\/li>\n<li>B\u00fct\u00e7e ve yat\u0131r\u0131m getirisi analizi: Bir rulo \u015fekillendirme makinesi edinmek i\u00e7in b\u00fct\u00e7enizi belirleyin ve makinenin zaman i\u00e7indeki potansiyel finansal faydalar\u0131n\u0131 de\u011ferlendirmek i\u00e7in bir yat\u0131r\u0131m getirisi (ROI) analizi yap\u0131n. Artan \u00fcretim kapasitesi, azalan i\u015f\u00e7ilik maliyetleri ve \u00fcr\u00fcn tekliflerinizin potansiyel geni\u015flemesi gibi fakt\u00f6rleri g\u00f6z \u00f6n\u00fcnde bulundurun.<\/li>\n<li>Uzmanlara dan\u0131\u015f\u0131n: Rulo \u015fekillendirme makinesi se\u00e7im s\u00fcrecinin herhangi bir y\u00f6n\u00fcnden emin de\u011filseniz, gereksinimlerinize g\u00f6re rehberlik sa\u011flayabilecek ve uygun makineleri \u00f6nerebilecek sekt\u00f6r uzmanlar\u0131na veya \u00fcreticilere dan\u0131\u015fman\u0131z \u00f6nerilir.<\/li>\n<\/ol>\n<p>Bu fakt\u00f6rleri dikkatlice de\u011ferlendirerek ve kapsaml\u0131 bir ara\u015ft\u0131rma yaparak, \u00f6zel ihtiya\u00e7lar\u0131n\u0131z\u0131 kar\u015f\u0131layan ve \u00fcretim s\u00fcrecinizi optimize etmeye yard\u0131mc\u0131 olan C a\u015f\u0131k \u00fcretimi i\u00e7in bir rulo \u015fekillendirme makinesi se\u00e7ebileceksiniz.<\/p>\n<\/div>","protected":false},"excerpt":{"rendered":"<p>C A\u015f\u0131k Yapma Makinesi, hem C hem de Z a\u015f\u0131k yap\u0131m\u0131 i\u00e7in \u00f6zel bir yap\u0131ya sahiptir. C &amp; Z silindirleri herhangi bir par\u00e7a s\u00f6k\u00fclmeden \u00e7ok h\u0131zl\u0131 bir \u015fekilde de\u011fi\u015ftirilir. Kesici, evrensel hidrolik kesme cihaz\u0131n\u0131 benimser, i\u015f\u00e7ilik maliyetlerinden tasarruf sa\u011flayan ve \u00fcretim verimlili\u011fini art\u0131ran farkl\u0131 boyutlarda farkl\u0131 profiller \u00fcretirken kesici b\u0131\u00e7a\u011f\u0131 de\u011fi\u015ftirmeye gerek yoktur.<\/p>","protected":false},"featured_media":673,"comment_status":"open","ping_status":"closed","template":"","meta":{"_acf_changed":false},"product_brand":[],"product_cat":[27,26],"product_tag":[],"class_list":{"0":"post-672","1":"product","2":"type-product","3":"status-publish","4":"has-post-thumbnail","6":"product_cat-c-z-purlin-channel-roll-forming-machine","7":"product_cat-roll-forming-machine","9":"first","10":"instock","11":"shipping-taxable","12":"product-type-simple"},"acf":[],"_links":{"self":[{"href":"https:\/\/swforming.com\/tr\/wp-json\/wp\/v2\/product\/672","targetHints":{"allow":["GET"]}}],"collection":[{"href":"https:\/\/swforming.com\/tr\/wp-json\/wp\/v2\/product"}],"about":[{"href":"https:\/\/swforming.com\/tr\/wp-json\/wp\/v2\/types\/product"}],"replies":[{"embeddable":true,"href":"https:\/\/swforming.com\/tr\/wp-json\/wp\/v2\/comments?post=672"}],"version-history":[{"count":3,"href":"https:\/\/swforming.com\/tr\/wp-json\/wp\/v2\/product\/672\/revisions"}],"predecessor-version":[{"id":3249,"href":"https:\/\/swforming.com\/tr\/wp-json\/wp\/v2\/product\/672\/revisions\/3249"}],"wp:featuredmedia":[{"embeddable":true,"href":"https:\/\/swforming.com\/tr\/wp-json\/wp\/v2\/media\/673"}],"wp:attachment":[{"href":"https:\/\/swforming.com\/tr\/wp-json\/wp\/v2\/media?parent=672"}],"wp:term":[{"taxonomy":"product_brand","embeddable":true,"href":"https:\/\/swforming.com\/tr\/wp-json\/wp\/v2\/product_brand?post=672"},{"taxonomy":"product_cat","embeddable":true,"href":"https:\/\/swforming.com\/tr\/wp-json\/wp\/v2\/product_cat?post=672"},{"taxonomy":"product_tag","embeddable":true,"href":"https:\/\/swforming.com\/tr\/wp-json\/wp\/v2\/product_tag?post=672"}],"curies":[{"name":"wp","href":"https:\/\/api.w.org\/{rel}","templated":true}]}}