{"id":659,"date":"2022-09-13T08:08:03","date_gmt":"2022-09-13T08:08:03","guid":{"rendered":"https:\/\/swforming.com\/?post_type=product&#038;p=659"},"modified":"2023-06-13T07:24:42","modified_gmt":"2023-06-13T07:24:42","slug":"full-auto-galvanized-steel-profile-c-z-purlin-channel-cold-roll-forming-machine","status":"publish","type":"product","link":"https:\/\/swforming.com\/tr\/product\/full-auto-galvanized-steel-profile-c-z-purlin-channel-cold-roll-forming-machine\/","title":{"rendered":"CZ A\u015f\u0131k Kanal So\u011fuk Rulo \u015eekillendirme Makinesi Tam Otomatik Galvanizli \u00c7elik Profil"},"content":{"rendered":"<p><img fetchpriority=\"high\" decoding=\"async\" class=\"alignnone wp-image-666\" src=\"https:\/\/swforming.com\/wp-content\/uploads\/2022\/09\/H2968b66cc62e46638cb640399456df37A.webp\" alt=\"CZ A\u015f\u0131k Kanal So\u011fuk Rulo \u015eekillendirme Makinesi\" width=\"800\" height=\"731\" title=\"\" srcset=\"https:\/\/swforming.com\/wp-content\/uploads\/2022\/09\/H2968b66cc62e46638cb640399456df37A.webp 750w, https:\/\/swforming.com\/wp-content\/uploads\/2022\/09\/H2968b66cc62e46638cb640399456df37A-600x548.webp 600w, https:\/\/swforming.com\/wp-content\/uploads\/2022\/09\/H2968b66cc62e46638cb640399456df37A-300x274.webp 300w\" sizes=\"(max-width: 800px) 100vw, 800px\" \/><\/p>\n<p>Tam otomatik C&amp;Z a\u015f\u0131k h\u0131zl\u0131 De\u011fi\u015ftirilebilir Rulo \u015eekillendirme Makinesi, hem C hem de Z a\u015f\u0131k yap\u0131m\u0131 i\u00e7in \u00f6zel bir yap\u0131ya sahiptir. C &amp; Z silindirleri, herhangi bir par\u00e7a s\u00f6k\u00fclmeden \u00e7ok h\u0131zl\u0131 bir \u015fekilde de\u011fi\u015ftirilir. Kesici, evrensel hidrolik kesme cihaz\u0131n\u0131 benimser, i\u015f\u00e7ilik maliyetlerinden tasarruf sa\u011flayan ve \u00fcretim verimlili\u011fini art\u0131ran farkl\u0131 boyutlarda farkl\u0131 profiller \u00fcretirken kesici b\u0131\u00e7a\u011f\u0131 de\u011fi\u015ftirmeye gerek yoktur.<\/p>\n<h3>CZ A\u015f\u0131k Kanal So\u011fuk Rulo \u015eekillendirme Makinesi Detaylar\u0131<\/h3>\n<p><strong>Stand Taban\u0131<\/strong><br \/>\nMerdane standlar\u0131, en a\u011f\u0131r ve g\u00fc\u00e7l\u00fc olan d\u00f6kme demir tek istasyonu benimser.<\/p>\n<p><img decoding=\"async\" class=\"alignnone size-full wp-image-667\" src=\"https:\/\/swforming.com\/wp-content\/uploads\/2022\/09\/stand-base-1.webp\" alt=\"\" width=\"450\" height=\"300\" title=\"\" srcset=\"https:\/\/swforming.com\/wp-content\/uploads\/2022\/09\/stand-base-1.webp 450w, https:\/\/swforming.com\/wp-content\/uploads\/2022\/09\/stand-base-1-300x200.webp 300w\" sizes=\"(max-width: 450px) 100vw, 450px\" \/><\/p>\n<p><strong>De\u011fi\u015ftirilebilir<\/strong><br \/>\nSilindirleri veya ara par\u00e7alar\u0131 de\u011fi\u015ftirmeden farkl\u0131 a\u015f\u0131k boyutlar\u0131 \u00fcretin.<br \/>\nSadece silindirleri 180 derece ters \u00e7evirmek gerekir, maliyet ve zamandan tasarruf sa\u011flar.<\/p>\n<p><img decoding=\"async\" class=\"alignnone size-full wp-image-668\" src=\"https:\/\/swforming.com\/wp-content\/uploads\/2022\/09\/Interchangeable.webp\" alt=\"\" width=\"450\" height=\"300\" title=\"\" srcset=\"https:\/\/swforming.com\/wp-content\/uploads\/2022\/09\/Interchangeable.webp 450w, https:\/\/swforming.com\/wp-content\/uploads\/2022\/09\/Interchangeable-300x200.webp 300w\" sizes=\"(max-width: 450px) 100vw, 450px\" \/><\/p>\n<p><strong>Evrensel Kesim<\/strong><br \/>\nEvrensel direk kesici. Farkl\u0131 boyutlar i\u00e7in kesici b\u0131\u00e7aklar\u0131 de\u011fi\u015ftirmeye gerek yoktur.<\/p>\n<p><img loading=\"lazy\" decoding=\"async\" class=\"alignnone size-full wp-image-669\" src=\"https:\/\/swforming.com\/wp-content\/uploads\/2022\/09\/Universal-Cut.webp\" alt=\"\" width=\"450\" height=\"300\" title=\"\" srcset=\"https:\/\/swforming.com\/wp-content\/uploads\/2022\/09\/Universal-Cut.webp 450w, https:\/\/swforming.com\/wp-content\/uploads\/2022\/09\/Universal-Cut-300x200.webp 300w\" sizes=\"(max-width: 450px) 100vw, 450px\" \/><\/p>\n<p><strong>\u00d6zelle\u015ftirme<\/strong><br \/>\nK\u0131demli ve deneyimli m\u00fchendis, \u00f6zelle\u015ftirmeniz i\u00e7in t\u00fcm s\u00fcreci kontrol eder.<\/p>\n<p><img loading=\"lazy\" decoding=\"async\" class=\"alignnone size-full wp-image-636\" src=\"https:\/\/swforming.com\/wp-content\/uploads\/2022\/09\/Customization.webp\" alt=\"\" width=\"450\" height=\"300\" title=\"\" srcset=\"https:\/\/swforming.com\/wp-content\/uploads\/2022\/09\/Customization.webp 450w, https:\/\/swforming.com\/wp-content\/uploads\/2022\/09\/Customization-300x200.webp 300w\" sizes=\"(max-width: 450px) 100vw, 450px\" \/><\/p>\n<p><img loading=\"lazy\" decoding=\"async\" class=\"alignnone size-full wp-image-670\" src=\"https:\/\/swforming.com\/wp-content\/uploads\/2022\/09\/H326e70e798394cd89e95b480233aef34j.webp\" alt=\"\" width=\"750\" height=\"445\" title=\"\" srcset=\"https:\/\/swforming.com\/wp-content\/uploads\/2022\/09\/H326e70e798394cd89e95b480233aef34j.webp 750w, https:\/\/swforming.com\/wp-content\/uploads\/2022\/09\/H326e70e798394cd89e95b480233aef34j-600x356.webp 600w, https:\/\/swforming.com\/wp-content\/uploads\/2022\/09\/H326e70e798394cd89e95b480233aef34j-300x178.webp 300w\" sizes=\"(max-width: 750px) 100vw, 750px\" \/> <img loading=\"lazy\" decoding=\"async\" class=\"alignnone size-full wp-image-671\" src=\"https:\/\/swforming.com\/wp-content\/uploads\/2022\/09\/H7fb8fba7fe3e49c182d4c0fb88573a3dt.webp\" alt=\"\" width=\"750\" height=\"422\" title=\"\" srcset=\"https:\/\/swforming.com\/wp-content\/uploads\/2022\/09\/H7fb8fba7fe3e49c182d4c0fb88573a3dt.webp 750w, https:\/\/swforming.com\/wp-content\/uploads\/2022\/09\/H7fb8fba7fe3e49c182d4c0fb88573a3dt-600x338.webp 600w, https:\/\/swforming.com\/wp-content\/uploads\/2022\/09\/H7fb8fba7fe3e49c182d4c0fb88573a3dt-300x169.webp 300w\" sizes=\"(max-width: 750px) 100vw, 750px\" \/><\/p>\n<h3>CZ A\u015f\u0131k Kanal So\u011fuk Rulo \u015eekillendirme Makinesi Parametreleri<\/h3>\n<div>\n<table>\n<tbody>\n<tr>\n<td data-sheets-value=\"{&quot;1&quot;:2,&quot;2&quot;:&quot;Product&quot;}\">\u00dcr\u00fcn<\/td>\n<td data-sheets-value=\"{&quot;1&quot;:2,&quot;2&quot;:&quot;C&amp;Z purlin Quick Interchangeable Roll Forming Machine&quot;}\">\n<div>\n<div>C&amp;Z A\u015f\u0131k H\u0131zl\u0131 De\u011fi\u015ftirilebilir Rulo \u015eekillendirme Makinesi<\/div>\n<\/div>\n<\/td>\n<\/tr>\n<tr>\n<td data-sheets-value=\"{&quot;1&quot;:2,&quot;2&quot;:&quot;Model&quot;}\">Model<\/td>\n<td data-sheets-value=\"{&quot;1&quot;:2,&quot;2&quot;:&quot;C Channel Profile \/ Z Shape Profile (Customizable )&quot;}\">\n<div>\n<div>C Kanal Profili \/ Z \u015eekil Profili (\u00d6zelle\u015ftirilebilir)<\/div>\n<\/div>\n<\/td>\n<\/tr>\n<tr>\n<td data-sheets-value=\"{&quot;1&quot;:2,&quot;2&quot;:&quot;Base Material&quot;}\">Temel Malzeme<\/td>\n<td data-sheets-value=\"{&quot;1&quot;:2,&quot;2&quot;:&quot;Galvanized Steel Hot And Cold Rolled Steel&quot;}\">\n<div>\n<div>Galvanizli \u00c7elik S\u0131cak ve So\u011fuk Haddelenmi\u015f \u00c7elik<\/div>\n<\/div>\n<\/td>\n<\/tr>\n<tr>\n<td data-sheets-value=\"{&quot;1&quot;:2,&quot;2&quot;:&quot;Thickness&quot;}\">Kal\u0131nl\u0131k<\/td>\n<td data-sheets-value=\"{&quot;1&quot;:2,&quot;2&quot;:&quot;1.5-3.0mm (Customizable)&quot;}\">\n<div>\n<div>1.5-3.0mm (\u00d6zelle\u015ftirilebilir)<\/div>\n<\/div>\n<\/td>\n<\/tr>\n<tr>\n<td data-sheets-value=\"{&quot;1&quot;:2,&quot;2&quot;:&quot;Effective Width&quot;}\">Etkili Geni\u015flik<\/td>\n<td data-sheets-value=\"{&quot;1&quot;:2,&quot;2&quot;:&quot;According To Profile Size&quot;}\">\n<div>\n<div>Profil Boyutuna G\u00f6re<\/div>\n<\/div>\n<\/td>\n<\/tr>\n<tr>\n<td data-sheets-value=\"{&quot;1&quot;:2,&quot;2&quot;:&quot;Roller Station&quot;}\">Makaral\u0131 \u0130stasyon<\/td>\n<td data-sheets-value=\"{&quot;1&quot;:2,&quot;2&quot;:&quot;About 16 Stations&quot;}\">\n<div>\n<div>Yakla\u015f\u0131k 16 \u0130stasyon<\/div>\n<\/div>\n<\/td>\n<\/tr>\n<tr>\n<td data-sheets-value=\"{&quot;1&quot;:2,&quot;2&quot;:&quot;Roller Material&quot;}\">Makara Malzemesi<\/td>\n<td data-sheets-value=\"{&quot;1&quot;:2,&quot;2&quot;:&quot;Bearing Steel \/ Cr12Mov&quot;}\">\n<div>\n<div>Rulman \u00c7eli\u011fi \/ Cr12Mov<\/div>\n<\/div>\n<\/td>\n<\/tr>\n<tr>\n<td data-sheets-value=\"{&quot;1&quot;:2,&quot;2&quot;:&quot;Roller Driven Type&quot;}\">Silindir Tahrikli Tip<\/td>\n<td data-sheets-value=\"{&quot;1&quot;:2,&quot;2&quot;:&quot;By Chain\/ Gearbox&quot;}\">\n<div>\n<div>Zincir\/ \u015eanz\u0131man ile<\/div>\n<\/div>\n<\/td>\n<\/tr>\n<tr>\n<td data-sheets-value=\"{&quot;1&quot;:2,&quot;2&quot;:&quot;Color&quot;}\">Renk<\/td>\n<td data-sheets-value=\"{&quot;1&quot;:2,&quot;2&quot;:&quot;According To Customer Requirements \/ Customizable&quot;}\">\n<div>\n<div>M\u00fc\u015fteri Gereksinimlerine G\u00f6re \/ \u00d6zelle\u015ftirilebilir<\/div>\n<\/div>\n<\/td>\n<\/tr>\n<tr>\n<td data-sheets-value=\"{&quot;1&quot;:2,&quot;2&quot;:&quot;Brand&quot;}\">Marka<\/td>\n<td data-sheets-value=\"{&quot;1&quot;:2,&quot;2&quot;:&quot;SUNWAY&quot;}\">SUNWAY<\/td>\n<\/tr>\n<tr>\n<td data-sheets-value=\"{&quot;1&quot;:2,&quot;2&quot;:&quot;Control System&quot;}\">Kontrol Sistemi<\/td>\n<td data-sheets-value=\"{&quot;1&quot;:2,&quot;2&quot;:&quot;Worldwide Famous Brand PLC (Panasonic, Siemens, Delta, etc)&quot;}\">\n<div>\n<div>D\u00fcnya \u00c7ap\u0131nda \u00dcnl\u00fc Marka PLC (Panasonic, Siemens, Delta, vb.)<\/div>\n<\/div>\n<\/td>\n<\/tr>\n<tr>\n<td data-sheets-value=\"{&quot;1&quot;:2,&quot;2&quot;:&quot;Power&quot;}\">G\u00fc\u00e7<\/td>\n<td data-sheets-value=\"{&quot;1&quot;:2,&quot;2&quot;:&quot;15KW-18KW&quot;}\">15KW-18KW<\/td>\n<\/tr>\n<tr>\n<td data-sheets-value=\"{&quot;1&quot;:2,&quot;2&quot;:&quot;Frame&quot;}\">\u00c7er\u00e7eve<\/td>\n<td data-sheets-value=\"{&quot;1&quot;:2,&quot;2&quot;:&quot;350 H Steel \/ 400 H Steel&quot;}\">\n<div>\n<div>350 H \u00c7elik \/ 400 H \u00c7elik<\/div>\n<\/div>\n<\/td>\n<\/tr>\n<tr>\n<td data-sheets-value=\"{&quot;1&quot;:2,&quot;2&quot;:&quot;Cutting Drive&quot;}\">Kesme Tahriki<\/td>\n<td data-sheets-value=\"{&quot;1&quot;:2,&quot;2&quot;:&quot;Hydraulic Drive&quot;}\">Hidrolik Tahrik<\/td>\n<\/tr>\n<tr>\n<td data-sheets-value=\"{&quot;1&quot;:2,&quot;2&quot;:&quot;Cutting&amp;Hydraulic Type&quot;}\">Kesme ve Hidrolik Tip<\/td>\n<td data-sheets-value=\"{&quot;1&quot;:2,&quot;2&quot;:&quot;Type:Post Universal Cutter\\nHydraulic Pump Station :11kw Blade: Cr12mov HRC: 58-62&quot;}\">\n<div>\n<div>T\u00fcr:Post \u00dcniversal Kesici<br \/>\nHidrolik Pompa \u0130stasyonu: 11kw B\u0131\u00e7ak: Cr12mov HRC: 58-62<\/div>\n<\/div>\n<\/td>\n<\/tr>\n<\/tbody>\n<\/table>\n<h3>So\u011fuk rulo \u015fekillendirme makinesi nedir?<\/h3>\n<p>So\u011fuk rulo \u015fekillendirme makinesi, metal levhalar\u0131 veya \u015feritleri istenen profillere veya \u015fekillere d\u00f6n\u00fc\u015ft\u00fcrmek i\u00e7in kullan\u0131lan bir \u00fcretim ekipman\u0131 t\u00fcr\u00fcd\u00fcr. \"So\u011fuk\" rulo \u015fekillendirme olarak adland\u0131r\u0131l\u0131r \u00e7\u00fcnk\u00fc i\u015flem \u0131s\u0131 kullan\u0131lmadan oda s\u0131cakl\u0131\u011f\u0131nda ger\u00e7ekle\u015fir.<\/p>\n<p>Makine, metal malzemenin beslendi\u011fi belirli bir s\u0131raya g\u00f6re d\u00fczenlenmi\u015f bir dizi silindirden olu\u015fur. Malzeme silindirlerden ge\u00e7erken, nihai \u00fcr\u00fcn i\u00e7in tasarlanan profilin \u015feklini kademeli olarak al\u0131r. Silindirler genellikle ayarlanabilir olup, \u015fekillendirilen \u00fcr\u00fcn\u00fcn boyutlar\u0131 ve \u015fekli \u00fczerinde hassas kontrol sa\u011flar.<\/p>\n<p>So\u011fuk rulo \u015fekillendirme makineleri in\u015faat, otomotiv ve imalat gibi \u00e7e\u015fitli sekt\u00f6rlerde yayg\u0131n olarak kullan\u0131lmaktad\u0131r. Genellikle kanallar, a\u00e7\u0131lar, borular ve di\u011fer karma\u015f\u0131k \u015fekiller gibi tutarl\u0131 kesitlere sahip bile\u015fenler \u00fcretmek i\u00e7in kullan\u0131l\u0131rlar. Proses, y\u00fcksek verimlili\u011fi, do\u011frulu\u011fu ve uzun boylu s\u00fcrekli profiller \u00fcretme kabiliyetiyle bilinir.<\/p>\n<p>Di\u011fer metal \u015fekillendirme prosesleriyle kar\u015f\u0131la\u015ft\u0131r\u0131ld\u0131\u011f\u0131nda, so\u011fuk rulo \u015fekillendirme \u00e7e\u015fitli avantajlar sunar. Ek i\u015fleme veya kaynak i\u015flemlerine olan ihtiyac\u0131 ortadan kald\u0131r\u0131r, malzeme israf\u0131n\u0131 azalt\u0131r ve daha iyi boyut kontrol\u00fc sa\u011flar. Ayr\u0131ca \u00e7elik, al\u00fcminyum, bak\u0131r ve paslanmaz \u00e7elik dahil olmak \u00fczere \u00e7ok \u00e7e\u015fitli metallerle \u00e7al\u0131\u015fabilir, bu da onu farkl\u0131 uygulamalar i\u00e7in \u00e7ok y\u00f6nl\u00fc bir \u00e7\u00f6z\u00fcm haline getirir.<\/p>\n<h3>So\u011fuk rulo \u015fekillendirme makinesi fiyat\u0131na ne dersiniz?<\/h3>\n<p>Bir so\u011fuk rulo \u015fekillendirme makinesinin fiyat\u0131, makinenin \u00f6zellikleri, karma\u015f\u0131kl\u0131\u011f\u0131, boyutu ve \u00fcretici veya tedarik\u00e7i dahil olmak \u00fczere \u00e7e\u015fitli fakt\u00f6rlere ba\u011fl\u0131 olarak \u00f6nemli \u00f6l\u00e7\u00fcde de\u011fi\u015febilir. Ayr\u0131ca, fiyatlar co\u011frafi konum ve piyasa ko\u015fullar\u0131na g\u00f6re de de\u011fi\u015febilir.<\/p>\n<p>Genel olarak, so\u011fuk rulo \u015fekillendirme makinelerinin fiyat\u0131 daha basit, giri\u015f seviyesi makineler i\u00e7in birka\u00e7 bin dolardan, karma\u015f\u0131k \u00f6zelliklere sahip daha geli\u015fmi\u015f, y\u00fcksek kapasiteli makineler i\u00e7in y\u00fcz binlerce dolara kadar de\u011fi\u015febilir.<\/p>\n<p>Bir so\u011fuk rulo \u015fekillendirme makinesi sat\u0131n al\u0131rken dikkate al\u0131nmas\u0131 gereken tek hususun makinenin fiyat\u0131 olmad\u0131\u011f\u0131n\u0131 unutmamak \u00f6nemlidir. Dikkate al\u0131nmas\u0131 gereken di\u011fer fakt\u00f6rler aras\u0131nda makinenin kalitesi, g\u00fcvenilirli\u011fi, sat\u0131\u015f sonras\u0131 deste\u011fi ve \u00fcreticinin itibar\u0131 yer al\u0131r.<\/p>\n<p>Belirli bir so\u011fuk rulo \u015fekillendirme makinesi i\u00e7in do\u011fru ve g\u00fcncel bir fiyat almak i\u00e7in do\u011frudan \u00fcreticiler, tedarik\u00e7iler veya distrib\u00fct\u00f6rlerle ileti\u015fime ge\u00e7meniz \u00f6nerilir. Size makinenin \u00f6zellikleri hakk\u0131nda ayr\u0131nt\u0131l\u0131 bilgi sa\u011flayabilir ve \u00f6zel gereksinimlerinize g\u00f6re \u00f6zelle\u015ftirilmi\u015f bir fiyat teklifi sunabilirler.<\/p>\n<h3>en iyi 5 so\u011fuk rulo \u015fekillendirme makinesi \u00fcreticisi<\/h3>\n<ol>\n<li>WUXI SUNWAY MACHINERY CO, LTD, so\u011fuk rulo \u015fekillendirme makinelerinin tasar\u0131m\u0131, geli\u015ftirilmesi ve \u00fcretimi ile ilgilenen profesyonel bir \u00fcretici ve ihracat\u00e7\u0131d\u0131r. T\u00fcm \u00fcr\u00fcnler uluslararas\u0131 kalite standartlar\u0131na uygundur ve Asya, Afrika, Avrupa, G\u00fcney Amerika ve Avustralya gibi d\u00fcnya \u00e7ap\u0131nda \u00e7e\u015fitli farkl\u0131 pazarlarda b\u00fcy\u00fck be\u011feni toplamaktad\u0131r. K\u00fcresel bir sat\u0131\u015f a\u011f\u0131 kazanm\u0131\u015ft\u0131r.<\/li>\n<li>Bradbury Grup: Bradbury Group, \u00e7e\u015fitli end\u00fcstriler i\u00e7in \u00e7ok \u00e7e\u015fitli so\u011fuk rulo \u015fekillendirme makineleri ile lider bir rulo \u015fekillendirme ekipman\u0131 \u00fcreticisidir. Yenilik\u00e7i tasar\u0131mlar\u0131, ileri teknolojileri ve g\u00fcvenilir ekipmanlar\u0131yla tan\u0131n\u0131rlar.<\/li>\n<li>Formtek, Inc: Formtek, so\u011fuk rulo \u015fekillendirme makineleri de dahil olmak \u00fczere metal \u015fekillendirme ve imalat ekipmanlar\u0131 konusunda uzmanla\u015fm\u0131\u015f bir \u015firketler grubudur. Kapsaml\u0131 bir rulo \u015fekillendirme \u00e7\u00f6z\u00fcmleri yelpazesi sunarlar ve m\u00fchendislik uzmanl\u0131klar\u0131 ve m\u00fc\u015fteri destekleriyle g\u00fc\u00e7l\u00fc bir \u00fcne sahiptirler.<\/li>\n<li>Samco Machinery Ltd: Samco Machinery, \u00e7e\u015fitli uygulamalar i\u00e7in y\u00fcksek kaliteli so\u011fuk rulo \u015fekillendirme makineleri sa\u011flayan, rulo \u015fekillendirme teknolojisinde k\u00fcresel bir liderdir. Geni\u015f bir \u00fcr\u00fcn portf\u00f6y\u00fcne sahiptir ve yenilik, hassasiyet ve g\u00fcvenilirli\u011fe olan ba\u011fl\u0131l\u0131klar\u0131yla tan\u0131n\u0131rlar.<\/li>\n<li>Yoder \u0130malat: Yoder Manufacturing, 100 y\u0131l\u0131 a\u015fk\u0131n s\u00fcredir \u00f6nde gelen bir rulo \u015fekillendirme makinesi \u00fcreticisidir. \u00c7e\u015fitli end\u00fcstriler i\u00e7in bir dizi so\u011fuk rulo \u015fekillendirme ekipman\u0131 sunarlar ve dayan\u0131kl\u0131 makineleri ve m\u00fckemmel m\u00fc\u015fteri hizmetleri ile tan\u0131n\u0131rlar.<\/li>\n<\/ol>\n<h3>\u00e7in so\u011fuk rulo \u015fekillendirme makinesi avantaj\u0131<\/h3>\n<p>\u00c7in, so\u011fuk rulo \u015fekillendirme makinelerinin \u00f6nde gelen \u00fcreticisi ve ihracat\u00e7\u0131s\u0131 haline gelmi\u015ftir ve \u00c7in so\u011fuk rulo \u015fekillendirme makinelerinin se\u00e7ilmesiyle ilgili \u00e7e\u015fitli avantajlar vard\u0131r:<\/p>\n<ol>\n<li>Uygun Maliyetli: \u00c7in so\u011fuk rulo \u015fekillendirme makineleri rekabet\u00e7i fiyatlar\u0131yla bilinir. \u00c7in'in \u00fcretim kabiliyetleri, \u00f6l\u00e7ek ekonomileri ve uygun maliyetli i\u015fg\u00fcc\u00fc, d\u00fc\u015f\u00fck \u00fcretim maliyetlerine katk\u0131da bulunarak \u00c7in makinelerini di\u011fer \u00fclkelerden gelenlere k\u0131yasla daha uygun fiyatl\u0131 hale getirir.<\/li>\n<li>Geni\u015f Se\u00e7enek Yelpazesi: \u00c7in, \u00e7e\u015fitli sekt\u00f6rlere ve uygulamalara hitap etmek i\u00e7in \u00e7ok \u00e7e\u015fitli so\u011fuk rulo \u015fekillendirme makineleri sunmaktad\u0131r. \u0130ster \u00e7at\u0131 kaplama, in\u015faat, otomotiv veya ba\u015fka bir sekt\u00f6r i\u00e7in bir makineye ihtiyac\u0131n\u0131z olsun, genellikle \u00e7ok \u00e7e\u015fitli modeller sunan \u00c7inli \u00fcreticilerden uygun bir se\u00e7enek bulabilirsiniz.<\/li>\n<li>Kalite Standartlar\u0131: Y\u0131llar i\u00e7inde \u00c7in, kalite kontrol ve \u00fcretim standartlar\u0131 a\u00e7\u0131s\u0131ndan \u00f6nemli geli\u015fmeler kaydetmi\u015ftir. Bir\u00e7ok \u00c7inli so\u011fuk rulo \u015fekillendirme makinesi \u00fcreticisi, makinelerinin end\u00fcstri standartlar\u0131n\u0131 kar\u015f\u0131lamas\u0131n\u0131 veya a\u015fmas\u0131n\u0131 sa\u011flamak i\u00e7in uluslararas\u0131 kabul g\u00f6rm\u00fc\u015f kalite y\u00f6netim sistemlerine ba\u011fl\u0131d\u0131r.<\/li>\n<li>\u00d6zelle\u015ftirme ve Esneklik: \u00c7inli \u00fcreticiler, so\u011fuk rulo \u015fekillendirme makinelerini belirli m\u00fc\u015fteri gereksinimlerine g\u00f6re uyarlamak i\u00e7in genellikle \u00f6zelle\u015ftirme se\u00e7enekleri sunar. Makine boyutlar\u0131n\u0131 ayarlamak, ek \u00f6zellikler eklemek veya belirli bir yaz\u0131l\u0131m\u0131 dahil etmek olsun, \u00c7inli \u00fcreticiler genellikle \u00f6zelle\u015ftirme taleplerini kar\u015f\u0131lamaya isteklidir.<\/li>\n<li>Zaman\u0131nda Teslimat: Verimli lojistik a\u011flar\u0131 ve kolayla\u015ft\u0131r\u0131lm\u0131\u015f ihracat s\u00fcre\u00e7leri ile \u00c7inli \u00fcreticiler genellikle so\u011fuk rulo \u015fekillendirme makinelerini makul zaman dilimleri i\u00e7inde teslim edebilmektedir. Bu, s\u0131k\u0131 \u00fcretim programlar\u0131na sahip olan ve makinelerin derhal teslim edilmesine ihtiya\u00e7 duyan i\u015fletmeler i\u00e7in \u00e7ok \u00f6nemlidir.<\/li>\n<li>Sat\u0131\u015f Sonras\u0131 Destek: \u00c7inli \u00fcreticiler sat\u0131\u015f sonras\u0131 deste\u011fin \u00f6neminin fark\u0131na varm\u0131\u015f ve m\u00fc\u015fteri hizmetlerini geli\u015ftirmek i\u00e7in \u00e7aba sarf etmi\u015ftir. Bir\u00e7ok \u015firket, makinelerinin sorunsuz \u00e7al\u0131\u015fmas\u0131n\u0131 ve bak\u0131m\u0131n\u0131 sa\u011flamak i\u00e7in teknik yard\u0131m, e\u011fitim ve yedek par\u00e7a deste\u011fi sunmaktad\u0131r.<\/li>\n<li>Yerle\u015fik End\u00fcstri K\u00fcmesi: \u00c7in, so\u011fuk rulo \u015fekillendirme makineleri de dahil olmak \u00fczere makine imalat\u0131na adanm\u0131\u015f birka\u00e7 sanayi k\u00fcmesi geli\u015ftirmi\u015ftir. Bu k\u00fcmeler tedarik\u00e7ileri, \u00fcreticileri ve ara\u015ft\u0131rma kurumlar\u0131n\u0131 bir araya getirerek inovasyonu, i\u015fbirli\u011fini ve uzmanl\u0131k al\u0131\u015fveri\u015fini te\u015fvik etmektedir. Bu t\u00fcr k\u00fcmelerin bir par\u00e7as\u0131 olmak, \u00c7inli \u00fcreticilerin en son teknolojik geli\u015fmelerden haberdar olmalar\u0131n\u0131 sa\u011flar.<\/li>\n<\/ol>\n<p>\u00c7in so\u011fuk rulo \u015fekillendirme makineleri bu avantajlara sahip olsa da, g\u00fcvenilir ve sayg\u0131n bir tedarik\u00e7i se\u00e7ti\u011finizden emin olmak i\u00e7in kapsaml\u0131 bir ara\u015ft\u0131rma yapmak, farkl\u0131 \u00fcreticileri de\u011ferlendirmek ve m\u00fc\u015fteri yorumlar\u0131n\u0131 ve sertifikalar\u0131n\u0131 dikkate almak \u00f6nemlidir.<\/p>\n<\/div>\n<blockquote class=\"wp-embedded-content\" data-secret=\"gZ9wovHQvT\"><p><a href=\"https:\/\/swforming.com\/tr\/the-5-best-purlin-roll-forming-machine-brands-on-the-market\/\">Piyasadaki En \u0130yi 5 A\u015f\u0131k Rulo \u015eekillendirme Makinesi Markas\u0131<\/a><\/p><\/blockquote>\n<p><iframe class=\"wp-embedded-content\" sandbox=\"allow-scripts\" security=\"restricted\" style=\"position: absolute; clip: rect(1px, 1px, 1px, 1px);\" title=\"&quot;Piyasadaki En \u0130yi 5 A\u015f\u0131k Rulo \u015eekillendirme Makinesi Markas\u0131&quot; - SUNWAY Machine\" src=\"https:\/\/swforming.com\/the-5-best-purlin-roll-forming-machine-brands-on-the-market\/embed\/#?secret=DsfKmlqS4G#?secret=gZ9wovHQvT\" data-secret=\"gZ9wovHQvT\" width=\"600\" height=\"338\" frameborder=\"0\" marginwidth=\"0\" marginheight=\"0\" scrolling=\"no\"><\/iframe><\/p>","protected":false},"excerpt":{"rendered":"<p>CZ A\u015f\u0131k Kanal So\u011fuk Rulo \u015eekillendirme Makinesi, hem C hem de Z a\u015f\u0131k yap\u0131m\u0131 i\u00e7in \u00f6zel bir yap\u0131ya sahiptir. C &amp; Z silindirleri herhangi bir par\u00e7a s\u00f6k\u00fclmeden \u00e7ok h\u0131zl\u0131 bir \u015fekilde de\u011fi\u015ftirilir. Kesici, evrensel hidrolik kesme cihaz\u0131n\u0131 benimser, i\u015f\u00e7ilik maliyetlerinden tasarruf sa\u011flayan ve \u00fcretim verimlili\u011fini art\u0131ran farkl\u0131 boyutlarda farkl\u0131 profiller \u00fcretirken kesici b\u0131\u00e7a\u011f\u0131 de\u011fi\u015ftirmeye gerek yoktur.<\/p>","protected":false},"featured_media":660,"comment_status":"open","ping_status":"closed","template":"","meta":{"_acf_changed":false},"product_brand":[],"product_cat":[74,112,114,52],"product_tag":[],"class_list":{"0":"post-659","1":"product","2":"type-product","3":"status-publish","4":"has-post-thumbnail","6":"product_cat-cz-purlin-roll-forming-machine","7":"product_cat-profile-roll-forming-machine","8":"product_cat-roll-former","9":"product_cat-steel-structure","11":"first","12":"instock","13":"shipping-taxable","14":"product-type-simple"},"acf":[],"_links":{"self":[{"href":"https:\/\/swforming.com\/tr\/wp-json\/wp\/v2\/product\/659","targetHints":{"allow":["GET"]}}],"collection":[{"href":"https:\/\/swforming.com\/tr\/wp-json\/wp\/v2\/product"}],"about":[{"href":"https:\/\/swforming.com\/tr\/wp-json\/wp\/v2\/types\/product"}],"replies":[{"embeddable":true,"href":"https:\/\/swforming.com\/tr\/wp-json\/wp\/v2\/comments?post=659"}],"version-history":[{"count":4,"href":"https:\/\/swforming.com\/tr\/wp-json\/wp\/v2\/product\/659\/revisions"}],"predecessor-version":[{"id":3220,"href":"https:\/\/swforming.com\/tr\/wp-json\/wp\/v2\/product\/659\/revisions\/3220"}],"wp:featuredmedia":[{"embeddable":true,"href":"https:\/\/swforming.com\/tr\/wp-json\/wp\/v2\/media\/660"}],"wp:attachment":[{"href":"https:\/\/swforming.com\/tr\/wp-json\/wp\/v2\/media?parent=659"}],"wp:term":[{"taxonomy":"product_brand","embeddable":true,"href":"https:\/\/swforming.com\/tr\/wp-json\/wp\/v2\/product_brand?post=659"},{"taxonomy":"product_cat","embeddable":true,"href":"https:\/\/swforming.com\/tr\/wp-json\/wp\/v2\/product_cat?post=659"},{"taxonomy":"product_tag","embeddable":true,"href":"https:\/\/swforming.com\/tr\/wp-json\/wp\/v2\/product_tag?post=659"}],"curies":[{"name":"wp","href":"https:\/\/api.w.org\/{rel}","templated":true}]}}