{"id":651,"date":"2022-09-13T06:49:09","date_gmt":"2022-09-13T06:49:09","guid":{"rendered":"https:\/\/swforming.com\/?post_type=product&#038;p=651"},"modified":"2023-06-28T02:38:38","modified_gmt":"2023-06-28T02:38:38","slug":"automatic-simple-metal-sheet-cut-to-length-machine-2","status":"publish","type":"product","link":"https:\/\/swforming.com\/tr\/product\/automatic-simple-metal-sheet-cut-to-length-machine-2\/","title":{"rendered":"\u00c7elik Bobin Boy Kesme Hatt\u0131 Makinesi"},"content":{"rendered":"<p><img fetchpriority=\"high\" decoding=\"async\" class=\"alignnone wp-image-631\" src=\"https:\/\/swforming.com\/wp-content\/uploads\/2022\/09\/Hc24ea353f4c3459b8ccef01847a49415v.webp\" alt=\"\u00c7elik Bobin Boy Kesme Hatt\u0131 Makinesi\" width=\"800\" height=\"747\" title=\"\" srcset=\"https:\/\/swforming.com\/wp-content\/uploads\/2022\/09\/Hc24ea353f4c3459b8ccef01847a49415v.webp 750w, https:\/\/swforming.com\/wp-content\/uploads\/2022\/09\/Hc24ea353f4c3459b8ccef01847a49415v-600x560.webp 600w, https:\/\/swforming.com\/wp-content\/uploads\/2022\/09\/Hc24ea353f4c3459b8ccef01847a49415v-300x280.webp 300w\" sizes=\"(max-width: 800px) 100vw, 800px\" \/><\/p>\n<p>Sunway otomatik boy kesme hatt\u0131, a\u00e7ma, tesviye ve otomatik uzunluk \u00f6l\u00e7me ve kesme i\u00e7in kullan\u0131l\u0131r. AC de\u011fi\u015fken frekans ve servo kontrol ile elektrik kontrol\u00fc, daha iyi uzunluk hassasiyeti ve verimlili\u011fine sahiptir.<\/p>\n<h3>\u00c7elik Bobin Boy Kesme Hatt\u0131 Makine Detaylar\u0131<\/h3>\n<p><img decoding=\"async\" class=\"alignnone wp-image-632\" src=\"https:\/\/swforming.com\/wp-content\/uploads\/2022\/09\/H017df6c287ce4905a8a4da76e889cc038.webp\" alt=\"\" width=\"800\" height=\"208\" title=\"\" srcset=\"https:\/\/swforming.com\/wp-content\/uploads\/2022\/09\/H017df6c287ce4905a8a4da76e889cc038.webp 750w, https:\/\/swforming.com\/wp-content\/uploads\/2022\/09\/H017df6c287ce4905a8a4da76e889cc038-600x156.webp 600w, https:\/\/swforming.com\/wp-content\/uploads\/2022\/09\/H017df6c287ce4905a8a4da76e889cc038-300x78.webp 300w\" sizes=\"(max-width: 800px) 100vw, 800px\" \/><\/p>\n<p><strong>Stand Taban\u0131<\/strong><br \/>\nDeformasyona kar\u015f\u0131 g\u00fc\u00e7l\u00fc dirence sahip, y\u00fcksek mukavemetli ve a\u011f\u0131r hizmet tipi hammadde olarak y\u00fcksek kaliteli \u00e7elik se\u00e7in.<\/p>\n<p data-spm-anchor-id=\"a2700.details.0.i34.7c696a38KBrVB4\"><img decoding=\"async\" class=\"alignnone wp-image-633\" src=\"https:\/\/swforming.com\/wp-content\/uploads\/2022\/09\/stand-base.webp\" alt=\"\" width=\"800\" height=\"600\" title=\"\" srcset=\"https:\/\/swforming.com\/wp-content\/uploads\/2022\/09\/stand-base.webp 2048w, https:\/\/swforming.com\/wp-content\/uploads\/2022\/09\/stand-base-600x450.webp 600w, https:\/\/swforming.com\/wp-content\/uploads\/2022\/09\/stand-base-300x225.webp 300w, https:\/\/swforming.com\/wp-content\/uploads\/2022\/09\/stand-base-1024x768.webp 1024w, https:\/\/swforming.com\/wp-content\/uploads\/2022\/09\/stand-base-768x576.webp 768w, https:\/\/swforming.com\/wp-content\/uploads\/2022\/09\/stand-base-1536x1152.webp 1536w\" sizes=\"(max-width: 800px) 100vw, 800px\" \/><\/p>\n<p><strong>Motor<\/strong><br \/>\nTahrik sistemi i\u00e7in en iyi marka motoru benimseyin, daha kararl\u0131 ve etkili.<\/p>\n<p><img loading=\"lazy\" decoding=\"async\" class=\"alignnone wp-image-634\" src=\"https:\/\/swforming.com\/wp-content\/uploads\/2022\/09\/motor.webp\" alt=\"\" width=\"800\" height=\"600\" title=\"\" srcset=\"https:\/\/swforming.com\/wp-content\/uploads\/2022\/09\/motor.webp 1600w, https:\/\/swforming.com\/wp-content\/uploads\/2022\/09\/motor-600x450.webp 600w, https:\/\/swforming.com\/wp-content\/uploads\/2022\/09\/motor-300x225.webp 300w, https:\/\/swforming.com\/wp-content\/uploads\/2022\/09\/motor-1024x768.webp 1024w, https:\/\/swforming.com\/wp-content\/uploads\/2022\/09\/motor-768x576.webp 768w, https:\/\/swforming.com\/wp-content\/uploads\/2022\/09\/motor-1536x1152.webp 1536w\" sizes=\"(max-width: 800px) 100vw, 800px\" \/><\/p>\n<p style=\"font-style: inherit; font-weight: inherit;\"><strong>Y\u00fcksek Otomatik<\/strong><br \/>\nBoy kesme makinesi PLC sistemini benimser. M\u00fc\u015fteri \u00fcretim miktar\u0131n\u0131, \u00fcretim h\u0131z\u0131n\u0131 kontrol kabininde ayarlayabilir.<\/p>\n<p><img loading=\"lazy\" decoding=\"async\" class=\"alignnone wp-image-635\" src=\"https:\/\/swforming.com\/wp-content\/uploads\/2022\/09\/High-Automatic.webp\" alt=\"\" width=\"800\" height=\"600\" title=\"\" srcset=\"https:\/\/swforming.com\/wp-content\/uploads\/2022\/09\/High-Automatic.webp 1500w, https:\/\/swforming.com\/wp-content\/uploads\/2022\/09\/High-Automatic-600x450.webp 600w, https:\/\/swforming.com\/wp-content\/uploads\/2022\/09\/High-Automatic-300x225.webp 300w, https:\/\/swforming.com\/wp-content\/uploads\/2022\/09\/High-Automatic-1024x768.webp 1024w, https:\/\/swforming.com\/wp-content\/uploads\/2022\/09\/High-Automatic-768x576.webp 768w\" sizes=\"(max-width: 800px) 100vw, 800px\" \/><\/p>\n<p><strong>\u00d6zelle\u015ftirme<\/strong><br \/>\nK\u0131demli ve deneyimli m\u00fchendis, \u00f6zelle\u015ftirmeniz i\u00e7in t\u00fcm s\u00fcreci kontrol eder.<\/p>\n<p><img loading=\"lazy\" decoding=\"async\" class=\"alignnone wp-image-636\" src=\"https:\/\/swforming.com\/wp-content\/uploads\/2022\/09\/Customization.webp\" alt=\"\" width=\"800\" height=\"533\" title=\"\" srcset=\"https:\/\/swforming.com\/wp-content\/uploads\/2022\/09\/Customization.webp 450w, https:\/\/swforming.com\/wp-content\/uploads\/2022\/09\/Customization-300x200.webp 300w\" sizes=\"(max-width: 800px) 100vw, 800px\" \/><\/p>\n<h3>\u00c7elik Bobin Boy Kesme Hatt\u0131 Makine Parametreleri<\/h3>\n<div style=\"overflow-x: auto;\">\n<table>\n<tbody>\n<tr>\n<td data-sheets-value=\"{&quot;1&quot;:2,&quot;2&quot;:&quot;Processing Thickness&quot;}\">\u0130\u015fleme Kal\u0131nl\u0131\u011f\u0131<\/td>\n<td data-sheets-value=\"{&quot;1&quot;:2,&quot;2&quot;:&quot;0.1~3mm&quot;}\">0.1~3mm<\/td>\n<\/tr>\n<tr>\n<td data-sheets-value=\"{&quot;1&quot;:2,&quot;2&quot;:&quot;Processing Width&quot;}\">\u0130\u015fleme Geni\u015fli\u011fi<\/td>\n<td data-sheets-value=\"{&quot;1&quot;:2,&quot;2&quot;:&quot;100-2000mm&quot;}\">100-2000mm<\/td>\n<\/tr>\n<tr>\n<td data-sheets-value=\"{&quot;1&quot;:2,&quot;2&quot;:&quot;Cut To Length Accuracy&quot;}\">Boy Kesme Hassasiyeti<\/td>\n<td data-sheets-value=\"{&quot;1&quot;:2,&quot;2&quot;:&quot;\u00b11.5 mm&quot;}\">\u00b11,5 mm<\/td>\n<\/tr>\n<tr>\n<td data-sheets-value=\"{&quot;1&quot;:2,&quot;2&quot;:&quot;Cutting Speed&quot;}\">Kesim H\u0131z\u0131<\/td>\n<td data-sheets-value=\"{&quot;1&quot;:2,&quot;2&quot;:&quot;1-200m\/min&quot;}\">1-200m\/dak<\/td>\n<\/tr>\n<tr>\n<td data-sheets-value=\"{&quot;1&quot;:2,&quot;2&quot;:&quot;Coil Inner Diameter&quot;}\">Bobin \u0130\u00e7 \u00c7ap\u0131<\/td>\n<td data-sheets-value=\"{&quot;1&quot;:2,&quot;2&quot;:&quot;500\/610 mm&quot;}\">500\/610 mm<\/td>\n<\/tr>\n<tr>\n<td data-sheets-value=\"{&quot;1&quot;:2,&quot;2&quot;:&quot;Coil Outer Diameter&quot;}\">Bobin D\u0131\u015f \u00c7ap\u0131<\/td>\n<td data-sheets-value=\"{&quot;1&quot;:2,&quot;2&quot;:&quot;\u22642000 mm&quot;}\">\u22642000 mm<\/td>\n<\/tr>\n<tr>\n<td data-sheets-value=\"{&quot;1&quot;:2,&quot;2&quot;:&quot;Cut To Length Range&quot;}\">Boy Kesme Aral\u0131\u011f\u0131<\/td>\n<td data-sheets-value=\"{&quot;1&quot;:2,&quot;2&quot;:&quot;500~4000mm&quot;}\">500~4000mm<\/td>\n<\/tr>\n<tr>\n<td data-sheets-value=\"{&quot;1&quot;:2,&quot;2&quot;:&quot;Sheet Leveling Flatness&quot;}\">Sac Tesviye D\u00fczl\u00fc\u011f\u00fc<\/td>\n<td data-sheets-value=\"{&quot;1&quot;:2,&quot;2&quot;:&quot;\u2264\u00b11.5mm\/m\u00b2&quot;}\">\u2264\u00b11,5 mm\/m\u00b2<\/td>\n<\/tr>\n<tr>\n<td data-sheets-value=\"{&quot;1&quot;:2,&quot;2&quot;:&quot;Length Tolerance&quot;}\">Uzunluk Tolerans\u0131<\/td>\n<td data-sheets-value=\"{&quot;1&quot;:2,&quot;2&quot;:&quot;\u2264\u00b11.5mm \/m\u00b2&quot;}\">\u2264\u00b11,5 mm \/m\u00b2<\/td>\n<\/tr>\n<tr>\n<td data-sheets-value=\"{&quot;1&quot;:2,&quot;2&quot;:&quot;Diagonal Tolerance&quot;}\">Diyagonal Tolerans<\/td>\n<td data-sheets-value=\"{&quot;1&quot;:2,&quot;2&quot;:&quot;\u2264\u00b11.2mm\/m\u00b2&quot;}\">\u2264\u00b11,2 mm\/m\u00b2<\/td>\n<\/tr>\n<tr>\n<td data-sheets-value=\"{&quot;1&quot;:2,&quot;2&quot;:&quot;Levelling Precision&quot;}\">Tesviye Hassasiyeti<\/td>\n<td data-sheets-value=\"{&quot;1&quot;:2,&quot;2&quot;:&quot;\u22642mm\/m\u00b2&quot;}\">\u22642mm\/m\u00b2<\/td>\n<\/tr>\n<tr>\n<td data-sheets-value=\"{&quot;1&quot;:2,&quot;2&quot;:&quot;Cut Length&quot;}\">Kesim Uzunlu\u011fu<\/td>\n<td data-sheets-value=\"{&quot;1&quot;:2,&quot;2&quot;:&quot;500~3000mm&quot;}\">500~3000mm<\/td>\n<\/tr>\n<\/tbody>\n<\/table>\n<\/div>\n<p><b>Yukar\u0131da belirtilen parametreler referans i\u00e7indir ve makine \u00f6zelle\u015ftirilebilir.<\/b><\/p>\n<h3>Kombine boy kesme makinesi ve dilme hatt\u0131 \u00fcretim hatt\u0131 nedir?<\/h3>\n<p>Kombine boy kesme makinesi ve dilme hatt\u0131 \u00fcretim hatt\u0131, metal i\u015fleme end\u00fcstrisinde kullan\u0131lan bir \u00fcretim d\u00fczene\u011fidir. B\u00fcy\u00fck metal bobinleri, belirli m\u00fc\u015fteri gereksinimlerine g\u00f6re daha k\u00fc\u00e7\u00fck, daha y\u00f6netilebilir levhalar veya \u015feritler halinde verimli bir \u015fekilde i\u015flemek i\u00e7in tasarlanm\u0131\u015ft\u0131r.<\/p>\n<p>\u00dcretim hatt\u0131 tipik olarak birbirine ba\u011fl\u0131 birka\u00e7 makine ve ekipmandan olu\u015fur. \u0130\u015fte temel bile\u015fenlere k\u0131sa bir genel bak\u0131\u015f:<\/p>\n<ol>\n<li>A\u00e7\u0131c\u0131: Bu makine metal bobini \u00e7\u00f6zer ve \u00fcretim hatt\u0131na besler. S\u00fcrekli bir malzeme tedariki sa\u011flar.<\/li>\n<li>D\u00fczle\u015ftirici: Sar\u0131lmam\u0131\u015f metal \u015ferit, d\u00fcz ve p\u00fcr\u00fczs\u00fcz bir y\u00fczey sa\u011flayarak herhangi bir \u00e7arp\u0131kl\u0131\u011f\u0131 veya p\u00fcr\u00fczl\u00fcl\u00fc\u011f\u00fc gideren bir d\u00fczle\u015ftiriciden ge\u00e7er.<\/li>\n<li>Dilimleyici: Dilimleyici, metal \u015feridin yar\u0131k veya \u015ferit olarak bilinen daha dar geni\u015fliklerde kesilmesinden sorumludur. Hassas kesimler yapan birden fazla dairesel b\u0131\u00e7ak setine veya d\u00f6ner b\u0131\u00e7aklara sahip olabilir.<\/li>\n<li>Geri sar\u0131c\u0131: Dilme i\u015fleminden sonra, ayr\u0131 \u015feritler ayr\u0131 recoiler mandrellerine sar\u0131l\u0131r. Bu, kolay kullan\u0131m ve nakliye sa\u011flar.<\/li>\n<li>Boy Kesme Makinesi: Bu makine, metal \u015feridi m\u00fc\u015fteri taraf\u0131ndan belirtilen hassas uzunluklarda kesmek i\u00e7in kullan\u0131l\u0131r. Do\u011fru kesimler yapmak i\u00e7in tipik olarak hidrolik kesme veya u\u00e7an kesme mekanizmas\u0131 kullan\u0131r.<\/li>\n<li>\u0130stifleyici: Boyuna kesilmi\u015f tabakalar veya dilinmi\u015f \u015feritler, uygun paketleme veya daha ileri i\u015flemler i\u00e7in d\u00fczenli bir \u015fekilde istiflenir.<\/li>\n<\/ol>\n<p>Kombine boy kesme makinesi ve dilme hatt\u0131 \u00fcretim hatt\u0131, hem \u00e7e\u015fitli uzunluklarda levhalar hem de daha dar \u015feritler \u00fcretme a\u00e7\u0131s\u0131ndan esneklik sunar. \u00dcreticilerin \u00e7elik veya al\u00fcminyum gibi b\u00fcy\u00fck metal bobinlerini otomotiv, in\u015faat, beyaz e\u015fya ve daha fazlas\u0131 gibi \u00e7ok \u00e7e\u015fitli uygulamalar i\u00e7in uygun olan daha k\u00fc\u00e7\u00fck ve daha kullan\u0131\u015fl\u0131 formlara verimli bir \u015fekilde i\u015flemesini sa\u011flar.<\/p>\n<h3>tam otomati\u0307k \u00e7eli\u0307k bobi\u0307n boy kesme maki\u0307nasi uygulamasi<\/h3>\n<p>Tam otomatik bir \u00e7elik bobin boy kesme makinesinin \u00e7e\u015fitli sekt\u00f6rlerde \u00e7e\u015fitli uygulamalar\u0131 vard\u0131r. \u0130\u015fte baz\u0131 yayg\u0131n uygulamalar:<\/p>\n<ol>\n<li>Metal Servis Merkezleri: \u00c7elik bobin boy kesme makineleri metal servis merkezlerinde yayg\u0131n olarak kullan\u0131lmaktad\u0131r. Bu merkezler \u00fcreticilerden b\u00fcy\u00fck \u00e7elik bobinler al\u0131r ve bunlar\u0131 m\u00fc\u015fteri gereksinimlerine g\u00f6re daha k\u00fc\u00e7\u00fck, \u00f6zel boyutlu levhalar veya \u015feritler halinde i\u015fler. Boy kesme makinesi, do\u011fru ve hassas kesim sa\u011flayarak servis merkezlerinin \u00e7e\u015fitli m\u00fc\u015fteri taleplerini kar\u015f\u0131lamas\u0131na olanak tan\u0131r.<\/li>\n<li>Otomotiv End\u00fcstrisi: Otomotiv end\u00fcstrisinde, hassas boyutlara sahip \u00e7elik saclar veya \u015feritler \u00fcretmek i\u00e7in \u00e7elik bobin boy kesme makineleri kullan\u0131l\u0131r. Bu \u00e7elik saclar\/\u015feritler otomotiv g\u00f6vde panelleri, \u015fasi bile\u015fenleri, \u00e7er\u00e7eveler ve di\u011fer yap\u0131sal par\u00e7alar\u0131n \u00fcretiminde kullan\u0131l\u0131r. Makine, tutarl\u0131 ve y\u00fcksek kaliteli kesimler sa\u011flayarak otomotiv sekt\u00f6r\u00fcnde verimli \u00fcretime olanak tan\u0131r.<\/li>\n<li>\u0130n\u015faat End\u00fcstrisi: \u0130n\u015faat sekt\u00f6r\u00fc genellikle \u00e7at\u0131 kaplama, kaplama, yap\u0131sal elemanlar ve takviye gibi \u00e7e\u015fitli uygulamalar i\u00e7in belirli uzunluk ve boyutlarda \u00e7elik saclara veya \u015feritlere ihtiya\u00e7 duyar. Tam otomatik \u00e7elik bobin boy kesme makineleri, bobinleri istenen uzunluklarda h\u0131zl\u0131 ve do\u011fru bir \u015fekilde kesmek i\u00e7in kullan\u0131l\u0131r ve sorunsuz in\u015faat s\u00fcre\u00e7lerini kolayla\u015ft\u0131r\u0131r.<\/li>\n<li>Beyaz E\u015fya ve Ev Aletleri: Buzdolaplar\u0131, \u00e7ama\u015f\u0131r makineleri, klimalar ve mutfak ekipmanlar\u0131 gibi beyaz e\u015fya \u00fcreticileri, \u00e7elik bobinleri d\u0131\u015f paneller, dolaplar, kap\u0131lar ve di\u011fer bile\u015fenleri yapmak \u00fczere levha veya \u015feritler halinde i\u015flemek i\u00e7in \u00e7elik bobin boy kesme makineleri kullan\u0131r. Makine, tutarl\u0131 boyutlar ve p\u00fcr\u00fczs\u00fcz kenarlar sa\u011flayarak y\u00fcksek kaliteli bitmi\u015f \u00fcr\u00fcnler elde edilmesini sa\u011flar.<\/li>\n<li>Metal \u0130malat\u0131: \u00c7elik bobin boy kesme makineleri, \u00e7elik saclar\u0131n veya \u015feritlerin hassas ve do\u011fru bir \u015fekilde kesilmesinin gerekli oldu\u011fu \u00e7e\u015fitli metal imalat s\u00fcre\u00e7lerinde uygulama alan\u0131 bulur. Bu makineler, imalat\u00e7\u0131lar\u0131n braketler, \u00e7er\u00e7eveler, destekler ve belirli boyutlara sahip di\u011fer \u00f6zel par\u00e7alar gibi bile\u015fenler \u00fcretmesine yard\u0131mc\u0131 olur.<\/li>\n<li>Ambalaj End\u00fcstrisi: Tam otomatik \u00e7elik bobin boy kesme makineleri, ambalaj end\u00fcstrisinde \u00f6nceden belirlenmi\u015f uzunluklarda \u00e7elik saclar veya \u015feritler \u00fcretmek i\u00e7in kullan\u0131l\u0131r. Bu malzemeler metal variller, konteynerler, kutular ve paletler gibi paketleme uygulamalar\u0131 i\u00e7in kullan\u0131l\u0131r. Makine, verimli ve g\u00fcvenilir \u00fcretim sa\u011flayarak ambalaj end\u00fcstrisinin \u00fcretkenli\u011fine katk\u0131da bulunur.<\/li>\n<\/ol>\n<p>Genel olarak, tam otomatik \u00e7elik bobin boy kesme makinesinin uygulamas\u0131, \u00e7elik bobinlerin sac veya \u015feritler halinde hassas ve \u00f6zelle\u015ftirilmi\u015f bir \u015fekilde kesilmesini gerektiren end\u00fcstrilerde bulunur. Makinenin otomasyonu, do\u011frulu\u011fu ve verimlili\u011fi, \u00fcretim s\u00fcre\u00e7lerini kolayla\u015ft\u0131rmaya, \u00fcr\u00fcn kalitesini art\u0131rmaya ve m\u00fc\u015fteri spesifikasyonlar\u0131n\u0131 kar\u015f\u0131lamaya yard\u0131mc\u0131 olur.<\/p>","protected":false},"excerpt":{"rendered":"<p>\u00c7elik Rulo Boy Kesme Hatt\u0131 Makinesi, bobin a\u00e7ma, tesviye ve otomatik uzunluk \u00f6l\u00e7me ve kesme i\u00e7in kullan\u0131l\u0131r. Daha iyi uzunluk hassasiyeti ve verimlili\u011fine sahip AC de\u011fi\u015fken frekans ve servo kontrol ile elektrik kontrol\u00fc.<\/p>","protected":false},"featured_media":652,"comment_status":"open","ping_status":"closed","template":"","meta":{"_acf_changed":false},"product_brand":[],"product_cat":[25],"product_tag":[],"class_list":{"0":"post-651","1":"product","2":"type-product","3":"status-publish","4":"has-post-thumbnail","6":"product_cat-cut-to-length-line","8":"first","9":"instock","10":"shipping-taxable","11":"product-type-simple"},"acf":[],"_links":{"self":[{"href":"https:\/\/swforming.com\/tr\/wp-json\/wp\/v2\/product\/651","targetHints":{"allow":["GET"]}}],"collection":[{"href":"https:\/\/swforming.com\/tr\/wp-json\/wp\/v2\/product"}],"about":[{"href":"https:\/\/swforming.com\/tr\/wp-json\/wp\/v2\/types\/product"}],"replies":[{"embeddable":true,"href":"https:\/\/swforming.com\/tr\/wp-json\/wp\/v2\/comments?post=651"}],"version-history":[{"count":3,"href":"https:\/\/swforming.com\/tr\/wp-json\/wp\/v2\/product\/651\/revisions"}],"predecessor-version":[{"id":3339,"href":"https:\/\/swforming.com\/tr\/wp-json\/wp\/v2\/product\/651\/revisions\/3339"}],"wp:featuredmedia":[{"embeddable":true,"href":"https:\/\/swforming.com\/tr\/wp-json\/wp\/v2\/media\/652"}],"wp:attachment":[{"href":"https:\/\/swforming.com\/tr\/wp-json\/wp\/v2\/media?parent=651"}],"wp:term":[{"taxonomy":"product_brand","embeddable":true,"href":"https:\/\/swforming.com\/tr\/wp-json\/wp\/v2\/product_brand?post=651"},{"taxonomy":"product_cat","embeddable":true,"href":"https:\/\/swforming.com\/tr\/wp-json\/wp\/v2\/product_cat?post=651"},{"taxonomy":"product_tag","embeddable":true,"href":"https:\/\/swforming.com\/tr\/wp-json\/wp\/v2\/product_tag?post=651"}],"curies":[{"name":"wp","href":"https:\/\/api.w.org\/{rel}","templated":true}]}}