{"id":630,"date":"2022-09-13T01:54:21","date_gmt":"2022-09-13T01:54:21","guid":{"rendered":"https:\/\/swforming.com\/?post_type=product&#038;p=630"},"modified":"2023-06-28T03:10:54","modified_gmt":"2023-06-28T03:10:54","slug":"steel-coil-cut-to-length-line-machine","status":"publish","type":"product","link":"https:\/\/swforming.com\/tr\/product\/steel-coil-cut-to-length-line-machine\/","title":{"rendered":"\u00c7elik Bobin Boy Kesme Hatt\u0131 Makinesi"},"content":{"rendered":"<p><img fetchpriority=\"high\" decoding=\"async\" class=\"alignnone wp-image-631\" src=\"https:\/\/swforming.com\/wp-content\/uploads\/2022\/09\/Hc24ea353f4c3459b8ccef01847a49415v.webp\" alt=\"\u00c7elik Bobin Boy Kesme Hatt\u0131 Makinesi\" width=\"800\" height=\"747\" title=\"\" srcset=\"https:\/\/swforming.com\/wp-content\/uploads\/2022\/09\/Hc24ea353f4c3459b8ccef01847a49415v.webp 750w, https:\/\/swforming.com\/wp-content\/uploads\/2022\/09\/Hc24ea353f4c3459b8ccef01847a49415v-600x560.webp 600w, https:\/\/swforming.com\/wp-content\/uploads\/2022\/09\/Hc24ea353f4c3459b8ccef01847a49415v-300x280.webp 300w\" sizes=\"(max-width: 800px) 100vw, 800px\" \/><\/p>\n<p>Sunway otomatik boy kesme hatt\u0131, a\u00e7ma, tesviye ve otomatik uzunluk \u00f6l\u00e7me ve kesme i\u00e7in kullan\u0131l\u0131r. AC de\u011fi\u015fken frekans ve servo kontrol ile elektrik kontrol\u00fc, daha iyi uzunluk hassasiyeti ve verimlili\u011fine sahiptir.<\/p>\n<h3>\u00dcr\u00fcn Detaylar\u0131<\/h3>\n<p><img decoding=\"async\" class=\"alignnone wp-image-632\" src=\"https:\/\/swforming.com\/wp-content\/uploads\/2022\/09\/H017df6c287ce4905a8a4da76e889cc038.webp\" alt=\"\" width=\"800\" height=\"208\" title=\"\" srcset=\"https:\/\/swforming.com\/wp-content\/uploads\/2022\/09\/H017df6c287ce4905a8a4da76e889cc038.webp 750w, https:\/\/swforming.com\/wp-content\/uploads\/2022\/09\/H017df6c287ce4905a8a4da76e889cc038-600x156.webp 600w, https:\/\/swforming.com\/wp-content\/uploads\/2022\/09\/H017df6c287ce4905a8a4da76e889cc038-300x78.webp 300w\" sizes=\"(max-width: 800px) 100vw, 800px\" \/><\/p>\n<p><strong>Stand Taban\u0131<\/strong><br \/>\nDeformasyona kar\u015f\u0131 g\u00fc\u00e7l\u00fc dirence sahip, y\u00fcksek mukavemetli ve a\u011f\u0131r hizmet tipi hammadde olarak y\u00fcksek kaliteli \u00e7elik se\u00e7in.<\/p>\n<p data-spm-anchor-id=\"a2700.details.0.i34.7c696a38KBrVB4\"><img decoding=\"async\" class=\"alignnone wp-image-633\" src=\"https:\/\/swforming.com\/wp-content\/uploads\/2022\/09\/stand-base.webp\" alt=\"\" width=\"800\" height=\"600\" title=\"\" srcset=\"https:\/\/swforming.com\/wp-content\/uploads\/2022\/09\/stand-base.webp 2048w, https:\/\/swforming.com\/wp-content\/uploads\/2022\/09\/stand-base-600x450.webp 600w, https:\/\/swforming.com\/wp-content\/uploads\/2022\/09\/stand-base-300x225.webp 300w, https:\/\/swforming.com\/wp-content\/uploads\/2022\/09\/stand-base-1024x768.webp 1024w, https:\/\/swforming.com\/wp-content\/uploads\/2022\/09\/stand-base-768x576.webp 768w, https:\/\/swforming.com\/wp-content\/uploads\/2022\/09\/stand-base-1536x1152.webp 1536w\" sizes=\"(max-width: 800px) 100vw, 800px\" \/><\/p>\n<p><strong>Motor<\/strong><br \/>\nTahrik sistemi i\u00e7in en iyi marka motoru benimseyin, daha kararl\u0131 ve etkili.<\/p>\n<p><img loading=\"lazy\" decoding=\"async\" class=\"alignnone wp-image-634\" src=\"https:\/\/swforming.com\/wp-content\/uploads\/2022\/09\/motor.webp\" alt=\"\" width=\"800\" height=\"600\" title=\"\" srcset=\"https:\/\/swforming.com\/wp-content\/uploads\/2022\/09\/motor.webp 1600w, https:\/\/swforming.com\/wp-content\/uploads\/2022\/09\/motor-600x450.webp 600w, https:\/\/swforming.com\/wp-content\/uploads\/2022\/09\/motor-300x225.webp 300w, https:\/\/swforming.com\/wp-content\/uploads\/2022\/09\/motor-1024x768.webp 1024w, https:\/\/swforming.com\/wp-content\/uploads\/2022\/09\/motor-768x576.webp 768w, https:\/\/swforming.com\/wp-content\/uploads\/2022\/09\/motor-1536x1152.webp 1536w\" sizes=\"(max-width: 800px) 100vw, 800px\" \/><\/p>\n<p style=\"font-style: inherit; font-weight: inherit;\"><strong>Y\u00fcksek Otomatik<\/strong><br \/>\nBoy kesme makinesi PLC sistemini benimser. M\u00fc\u015fteri \u00fcretim miktar\u0131n\u0131, \u00fcretim h\u0131z\u0131n\u0131 kontrol kabininde ayarlayabilir.<\/p>\n<p><img loading=\"lazy\" decoding=\"async\" class=\"alignnone wp-image-635\" src=\"https:\/\/swforming.com\/wp-content\/uploads\/2022\/09\/High-Automatic.webp\" alt=\"\" width=\"800\" height=\"600\" title=\"\" srcset=\"https:\/\/swforming.com\/wp-content\/uploads\/2022\/09\/High-Automatic.webp 1500w, https:\/\/swforming.com\/wp-content\/uploads\/2022\/09\/High-Automatic-600x450.webp 600w, https:\/\/swforming.com\/wp-content\/uploads\/2022\/09\/High-Automatic-300x225.webp 300w, https:\/\/swforming.com\/wp-content\/uploads\/2022\/09\/High-Automatic-1024x768.webp 1024w, https:\/\/swforming.com\/wp-content\/uploads\/2022\/09\/High-Automatic-768x576.webp 768w\" sizes=\"(max-width: 800px) 100vw, 800px\" \/><\/p>\n<p><strong>\u00d6zelle\u015ftirme<\/strong><br \/>\nK\u0131demli ve deneyimli m\u00fchendis, \u00f6zelle\u015ftirmeniz i\u00e7in t\u00fcm s\u00fcreci kontrol eder.<\/p>\n<p><img loading=\"lazy\" decoding=\"async\" class=\"alignnone wp-image-636\" src=\"https:\/\/swforming.com\/wp-content\/uploads\/2022\/09\/Customization.webp\" alt=\"\" width=\"800\" height=\"533\" title=\"\" srcset=\"https:\/\/swforming.com\/wp-content\/uploads\/2022\/09\/Customization.webp 450w, https:\/\/swforming.com\/wp-content\/uploads\/2022\/09\/Customization-300x200.webp 300w\" sizes=\"(max-width: 800px) 100vw, 800px\" \/><\/p>\n<h3>\u00dcr\u00fcn Parametreleri<\/h3>\n<div>\n<table>\n<tbody>\n<tr>\n<td data-sheets-value=\"{&quot;1&quot;:2,&quot;2&quot;:&quot;Processing Thickness&quot;}\">\u0130\u015fleme Kal\u0131nl\u0131\u011f\u0131<\/td>\n<td data-sheets-value=\"{&quot;1&quot;:2,&quot;2&quot;:&quot;0.1~3mm&quot;}\">0.1~3mm<\/td>\n<\/tr>\n<tr>\n<td data-sheets-value=\"{&quot;1&quot;:2,&quot;2&quot;:&quot;Processing Width&quot;}\">\u0130\u015fleme Geni\u015fli\u011fi<\/td>\n<td data-sheets-value=\"{&quot;1&quot;:2,&quot;2&quot;:&quot;100-2000mm&quot;}\">100-2000mm<\/td>\n<\/tr>\n<tr>\n<td data-sheets-value=\"{&quot;1&quot;:2,&quot;2&quot;:&quot;Cut To Length Accuracy&quot;}\">Boy Kesme Hassasiyeti<\/td>\n<td data-sheets-value=\"{&quot;1&quot;:2,&quot;2&quot;:&quot;\u00b11.5 mm&quot;}\">\u00b11,5 mm<\/td>\n<\/tr>\n<tr>\n<td data-sheets-value=\"{&quot;1&quot;:2,&quot;2&quot;:&quot;Cutting Speed&quot;}\">Kesim H\u0131z\u0131<\/td>\n<td data-sheets-value=\"{&quot;1&quot;:2,&quot;2&quot;:&quot;1-200m\/min&quot;}\">1-200m\/dak<\/td>\n<\/tr>\n<tr>\n<td data-sheets-value=\"{&quot;1&quot;:2,&quot;2&quot;:&quot;Coil Inner Diameter&quot;}\">Bobin \u0130\u00e7 \u00c7ap\u0131<\/td>\n<td data-sheets-value=\"{&quot;1&quot;:2,&quot;2&quot;:&quot;500\/610 mm&quot;}\">500\/610 mm<\/td>\n<\/tr>\n<tr>\n<td data-sheets-value=\"{&quot;1&quot;:2,&quot;2&quot;:&quot;Coil Outer Diameter&quot;}\">Bobin D\u0131\u015f \u00c7ap\u0131<\/td>\n<td data-sheets-value=\"{&quot;1&quot;:2,&quot;2&quot;:&quot;\u22642000 mm&quot;}\">\u22642000 mm<\/td>\n<\/tr>\n<tr>\n<td data-sheets-value=\"{&quot;1&quot;:2,&quot;2&quot;:&quot;Cut To Length Range&quot;}\">Boy Kesme Aral\u0131\u011f\u0131<\/td>\n<td data-sheets-value=\"{&quot;1&quot;:2,&quot;2&quot;:&quot;500~4000mm&quot;}\">500~4000mm<\/td>\n<\/tr>\n<tr>\n<td data-sheets-value=\"{&quot;1&quot;:2,&quot;2&quot;:&quot;Sheet Leveling Flatness&quot;}\">Sac Tesviye D\u00fczl\u00fc\u011f\u00fc<\/td>\n<td data-sheets-value=\"{&quot;1&quot;:2,&quot;2&quot;:&quot;\u2264\u00b11.5mm\/m\u00b2&quot;}\">\u2264\u00b11,5 mm\/m\u00b2<\/td>\n<\/tr>\n<tr>\n<td data-sheets-value=\"{&quot;1&quot;:2,&quot;2&quot;:&quot;Length Tolerance&quot;}\">Uzunluk Tolerans\u0131<\/td>\n<td data-sheets-value=\"{&quot;1&quot;:2,&quot;2&quot;:&quot;\u2264\u00b11.5mm \/m\u00b2&quot;}\">\u2264\u00b11,5 mm \/m\u00b2<\/td>\n<\/tr>\n<tr>\n<td data-sheets-value=\"{&quot;1&quot;:2,&quot;2&quot;:&quot;Diagonal Tolerance&quot;}\">Diyagonal Tolerans<\/td>\n<td data-sheets-value=\"{&quot;1&quot;:2,&quot;2&quot;:&quot;\u2264\u00b11.2mm\/m\u00b2&quot;}\">\u2264\u00b11,2 mm\/m\u00b2<\/td>\n<\/tr>\n<tr>\n<td data-sheets-value=\"{&quot;1&quot;:2,&quot;2&quot;:&quot;Levelling Precision&quot;}\">Tesviye Hassasiyeti<\/td>\n<td data-sheets-value=\"{&quot;1&quot;:2,&quot;2&quot;:&quot;\u22642mm\/m\u00b2&quot;}\">\u22642mm\/m\u00b2<\/td>\n<\/tr>\n<tr>\n<td data-sheets-value=\"{&quot;1&quot;:2,&quot;2&quot;:&quot;Cut Length&quot;}\">Kesim Uzunlu\u011fu<\/td>\n<td data-sheets-value=\"{&quot;1&quot;:2,&quot;2&quot;:&quot;500~3000mm&quot;}\">500~3000mm<\/td>\n<\/tr>\n<\/tbody>\n<\/table>\n<\/div>\n<p><b>Yukar\u0131da belirtilen parametreler referans i\u00e7indir ve makine \u00f6zelle\u015ftirilebilir.<\/b><\/p>\n<h3>\u00c7in boy kesme hatt\u0131 makinesinin avantaj\u0131<\/h3>\n<p>\u00c7in, boy kesme makinelerinde \u00f6nde gelen bir \u00fcretici olarak ortaya \u00e7\u0131km\u0131\u015ft\u0131r ve kalite, maliyet etkinli\u011fi ve teknolojik geli\u015fmeler a\u00e7\u0131s\u0131ndan \u00e7e\u015fitli avantajlar sunmaktad\u0131r. \u0130\u015fte \u00c7in yap\u0131m\u0131 boy kesme hat makinelerinin baz\u0131 avantajlar\u0131:<\/p>\n<ol>\n<li>Uygun Maliyetli \u00dcretim: \u00c7in, rekabet\u00e7i \u00fcretim maliyetleriyle bilinir ve bu da boy kesme hatt\u0131 makineleri i\u00e7in nispeten daha d\u00fc\u015f\u00fck fiyatlar anlam\u0131na gelir. \u00c7inli \u00fcreticiler genellikle kaliteden \u00f6d\u00fcn vermeden uygun maliyetli \u00e7\u00f6z\u00fcmler sunar.<\/li>\n<li>Geni\u015f Se\u00e7enek Yelpazesi: \u00c7in'de boy kesme hatt\u0131 makineleri \u00fcreten \u00e7ok say\u0131da \u00fcretici vard\u0131r ve bu da m\u00fc\u015fterilere aralar\u0131ndan se\u00e7im yapabilecekleri \u00e7ok \u00e7e\u015fitli se\u00e7enekler sunar. Bu, al\u0131c\u0131lar\u0131n kapasite, kesme yetenekleri ve otomasyon \u00f6zellikleri a\u00e7\u0131s\u0131ndan \u00f6zel gereksinimlerini kar\u015f\u0131layan makineleri bulmalar\u0131na olanak tan\u0131r.<\/li>\n<li>Teknolojik Geli\u015fmeler: \u00c7inli \u00fcreticiler, boy kesme hatt\u0131 makinelerinin tasar\u0131m ve teknolojisinde \u00f6nemli ilerlemeler kaydetmi\u015ftir. Verimlili\u011fi ve do\u011frulu\u011fu art\u0131rmak i\u00e7in geli\u015fmi\u015f kontrol sistemleri, otomasyon \u00f6zellikleri ve hassas kesme mekanizmalar\u0131 kullanmaktad\u0131rlar.<\/li>\n<li>\u00d6zelle\u015ftirme ve Esneklik: \u00c7inli \u00fcreticiler genellikle boy kesme hatt\u0131 makinelerini belirli m\u00fc\u015fteri ihtiya\u00e7lar\u0131na g\u00f6re \u00f6zelle\u015ftirmeye a\u00e7\u0131kt\u0131r. Benzersiz gereksinimleri kar\u015f\u0131lamak i\u00e7in makinenin teknik \u00f6zelliklerini, kesim kapasitelerini ve di\u011fer \u00f6zelliklerini de\u011fi\u015ftirebilirler.<\/li>\n<li>Kalite Standartlar\u0131: \u00c7in, y\u0131llar i\u00e7inde \u00fcretim s\u00fcre\u00e7lerini ve kalite kontrol sistemlerini geli\u015ftirmi\u015ftir. Bir\u00e7ok \u00c7inli \u00fcretici, uluslararas\u0131 kalite standartlar\u0131na ve sertifikalara ba\u011fl\u0131 kalarak boy kesme hatt\u0131 makinelerinin end\u00fcstri gereksinimlerini kar\u015f\u0131lamas\u0131n\u0131 sa\u011flamaktad\u0131r.<\/li>\n<li>G\u00fc\u00e7l\u00fc Tedarik\u00e7i A\u011f\u0131: \u00c7in, boy kesme hatt\u0131 makinelerinin \u00fcretimini destekleyen g\u00fc\u00e7l\u00fc bir tedarik\u00e7i a\u011f\u0131na sahiptir. Bu, makinelerin genel g\u00fcvenilirli\u011fine ve bak\u0131m\u0131na katk\u0131da bulunan bile\u015fenlerin, yedek par\u00e7alar\u0131n ve teknik deste\u011fin istikrarl\u0131 bir \u015fekilde tedarik edilmesini sa\u011flar.<\/li>\n<li>\u0130hracat Deneyimi: \u00c7inli \u00fcreticiler, d\u00fcnyan\u0131n \u00e7e\u015fitli \u00fclkelerine boy kesme hatt\u0131 makineleri ihra\u00e7 etme konusunda geni\u015f deneyime sahiptir. Lojistik gereksinimleri anl\u0131yorlar ve k\u00fcresel \u00e7apta m\u00fc\u015fterilere verimli nakliye ve sat\u0131\u015f sonras\u0131 destek sa\u011flayabiliyorlar.<\/li>\n<\/ol>\n<p>\u00c7in boy kesme hatt\u0131 makinesi \u00fcretimi a\u00e7\u0131s\u0131ndan bir\u00e7ok avantaj sunsa da, sat\u0131n alma karar\u0131 vermeden \u00f6nce kapsaml\u0131 bir ara\u015ft\u0131rma yapmak, \u00fcreticilerin itibar\u0131n\u0131 de\u011ferlendirmek ve m\u00fc\u015fteri yorumlar\u0131n\u0131 dikkate almak \u00f6nemlidir.<\/p>\n<h3>boy kesme hatt\u0131 makinesi ne kadar?<\/h3>\n<p>Bir boy kesme hatt\u0131 makinesinin maliyeti, makinenin teknik \u00f6zellikleri, kapasitesi, \u00f6zellikleri ve \u00fcretici veya tedarik\u00e7i gibi \u00e7e\u015fitli fakt\u00f6rlere ba\u011fl\u0131 olarak \u00f6nemli \u00f6l\u00e7\u00fcde de\u011fi\u015febilir. Ayr\u0131ca piyasa ko\u015fullar\u0131, konum ve d\u00f6viz kurlar\u0131 da fiyatland\u0131rmay\u0131 etkileyebilir. Sonu\u00e7 olarak, belirli ayr\u0131nt\u0131lar olmadan kesin bir fiyat vermek zordur.<\/p>\n<p>Genel olarak, boy kesme hatt\u0131 makinelerinin fiyatlar\u0131 on binlerce ila birka\u00e7 y\u00fcz bin dolar aras\u0131nda de\u011fi\u015febilir. Daha d\u00fc\u015f\u00fck kesme kapasitelerine ve daha az otomasyon \u00f6zelli\u011fine sahip temel modeller daha uygun fiyatl\u0131 olma e\u011filimindeyken, geli\u015fmi\u015f otomasyon ve hassas kesme mekanizmalar\u0131na sahip daha b\u00fcy\u00fck, y\u00fcksek kapasiteli makineler daha pahal\u0131 olabilir.<\/p>\n<p>Fiyatland\u0131rma bilgilerinin do\u011frudan \u00fcreticiler, tedarik\u00e7iler veya distrib\u00fct\u00f6rlerle ileti\u015fime ge\u00e7ilerek elde edilebilece\u011fini unutmamak \u00f6nemlidir. Bu kurulu\u015flar, \u00f6zel gereksinimlerinize g\u00f6re ayr\u0131nt\u0131l\u0131 fiyat teklifleri sunabilir ve kurulum, bak\u0131m ve sat\u0131\u015f sonras\u0131 deste\u011fe ili\u015fkin ek bilgiler sa\u011flayabilir.<\/p>\n<p>Bir boy kesme hatt\u0131 makinesinin maliyetini de\u011ferlendirirken, makinenin kalitesi, g\u00fcvenilirli\u011fi, garantisi ve \u00fcreticinin veya tedarik\u00e7inin itibar\u0131 gibi fakt\u00f6rleri de\u011ferlendirmek \u00e7ok \u00f6nemlidir. Ayr\u0131ca, ba\u015far\u0131l\u0131 bir yat\u0131r\u0131m sa\u011flamak i\u00e7in s\u00fcrekli bak\u0131m, yedek par\u00e7a bulunabilirli\u011fi ve m\u00fc\u015fteri deste\u011fi gibi fakt\u00f6rler de dikkate al\u0131nmal\u0131d\u0131r.<\/p>","protected":false},"excerpt":{"rendered":"<p>Sunway otomatik boy kesme hatt\u0131, a\u00e7ma, tesviye ve otomatik uzunluk \u00f6l\u00e7me ve kesme i\u00e7in kullan\u0131l\u0131r. AC de\u011fi\u015fken frekans ve servo kontrol ile elektrik kontrol\u00fc, daha iyi uzunluk hassasiyeti ve verimlili\u011fine sahiptir.<\/p>","protected":false},"featured_media":637,"comment_status":"open","ping_status":"closed","template":"","meta":{"_acf_changed":false},"product_brand":[],"product_cat":[25],"product_tag":[],"class_list":{"0":"post-630","1":"product","2":"type-product","3":"status-publish","4":"has-post-thumbnail","6":"product_cat-cut-to-length-line","8":"first","9":"instock","10":"shipping-taxable","11":"product-type-simple"},"acf":[],"_links":{"self":[{"href":"https:\/\/swforming.com\/tr\/wp-json\/wp\/v2\/product\/630","targetHints":{"allow":["GET"]}}],"collection":[{"href":"https:\/\/swforming.com\/tr\/wp-json\/wp\/v2\/product"}],"about":[{"href":"https:\/\/swforming.com\/tr\/wp-json\/wp\/v2\/types\/product"}],"replies":[{"embeddable":true,"href":"https:\/\/swforming.com\/tr\/wp-json\/wp\/v2\/comments?post=630"}],"version-history":[{"count":3,"href":"https:\/\/swforming.com\/tr\/wp-json\/wp\/v2\/product\/630\/revisions"}],"predecessor-version":[{"id":3343,"href":"https:\/\/swforming.com\/tr\/wp-json\/wp\/v2\/product\/630\/revisions\/3343"}],"wp:featuredmedia":[{"embeddable":true,"href":"https:\/\/swforming.com\/tr\/wp-json\/wp\/v2\/media\/637"}],"wp:attachment":[{"href":"https:\/\/swforming.com\/tr\/wp-json\/wp\/v2\/media?parent=630"}],"wp:term":[{"taxonomy":"product_brand","embeddable":true,"href":"https:\/\/swforming.com\/tr\/wp-json\/wp\/v2\/product_brand?post=630"},{"taxonomy":"product_cat","embeddable":true,"href":"https:\/\/swforming.com\/tr\/wp-json\/wp\/v2\/product_cat?post=630"},{"taxonomy":"product_tag","embeddable":true,"href":"https:\/\/swforming.com\/tr\/wp-json\/wp\/v2\/product_tag?post=630"}],"curies":[{"name":"wp","href":"https:\/\/api.w.org\/{rel}","templated":true}]}}