{"id":6204,"date":"2025-12-26T06:37:36","date_gmt":"2025-12-26T06:37:36","guid":{"rendered":"https:\/\/swforming.com\/?post_type=product&#038;p=6204"},"modified":"2025-12-29T05:43:30","modified_gmt":"2025-12-29T05:43:30","slug":"storage-rack-shelf-box-panel-making-machine-steel-storage-rack-system-box-beam-roll-forming-line","status":"publish","type":"product","link":"https:\/\/swforming.com\/tr\/product\/storage-rack-shelf-box-panel-making-machine-steel-storage-rack-system-box-beam-roll-forming-line\/","title":{"rendered":"Depolama Raf\u0131 Raf Kutusu Panel \u00dcretim Makinesi \u00c7elik Depolama Raf\u0131 Sistemi Kutulu Kiri\u015f Rulo \u015eekillendirme Hatt\u0131"},"content":{"rendered":"<p><img fetchpriority=\"high\" decoding=\"async\" class=\"alignnone wp-image-6224 size-full\" src=\"https:\/\/swforming.com\/wp-content\/uploads\/2025\/12\/Hc43734b112c14118ace14dec1671bd6bL.jpg\" alt=\"\" width=\"750\" height=\"900\" title=\"\" srcset=\"https:\/\/swforming.com\/wp-content\/uploads\/2025\/12\/Hc43734b112c14118ace14dec1671bd6bL.jpg 750w, https:\/\/swforming.com\/wp-content\/uploads\/2025\/12\/Hc43734b112c14118ace14dec1671bd6bL-250x300.jpg 250w, https:\/\/swforming.com\/wp-content\/uploads\/2025\/12\/Hc43734b112c14118ace14dec1671bd6bL-10x12.jpg 10w, https:\/\/swforming.com\/wp-content\/uploads\/2025\/12\/Hc43734b112c14118ace14dec1671bd6bL-600x720.jpg 600w\" sizes=\"(max-width: 750px) 100vw, 750px\" \/><\/p>\n<div data-spm-anchor-id=\"a2700.details-description.0.i1.16f8CWJyCWJylJ\">\n<p>Kutu kiri\u015f rulo \u015fekillendirme makinesi, dikme raflar aras\u0131nda sabitlenen kiri\u015fi \u00fcretmek \u00fczere geli\u015ftirilmi\u015ftir. Genellikle iki tipi bulunur: 1) Her iki C kiri\u015fi de bir rulo \u015fekillendirme makinesinde \u015fekillendirilir ve ard\u0131ndan birle\u015ftirilmi\u015f rulo \u015fekillendiricide kenetlenerek kutu kiri\u015f elde edilir; 2) Bir kiri\u015f do\u011frudan rulo \u015fekillendirme makinesinde kutu kiri\u015f olarak \u015fekillendirilir.<\/p>\n<p>Bu tam otomatik kutu kiri\u015f rulo \u015fekillendirme hatt\u0131, otomatik kaynak ve istifleme ile \u00f6zel olarak tasarlanm\u0131\u015f ve donat\u0131lm\u0131\u015ft\u0131r; b\u00f6ylece i\u015f\u00e7ilik azalt\u0131l\u0131r ve \u00fcretim verimlili\u011fi art\u0131r\u0131l\u0131r. Tam hat ak\u0131\u015f \u015femas\u0131 \u015f\u00f6yledir:<br \/>\nElektrikli a\u00e7ma \u2013 Besleme y\u00f6nlendirme ve livelleme \u2013 Rulo \u015fekillendirme makinesi (\u015fanz\u0131man tahrik sistemi) \u2013 U\u00e7u\u015f kesme \u2013 Otomatik ta\u015f\u0131ma ve d\u00f6nme masas\u0131 \u2013 Kutulama makinesi (\u015fanz\u0131man tahrik sistemi) \u2013 \u00c7\u0131k\u0131\u015f masas\u0131 \u2013 Otomatik kaynak ve istifleme.<\/p>\n<p>Ak\u0131ll\u0131 rulo \u015fekillendirme makinemiz, 1,5-3,0 mm kal\u0131nl\u0131\u011f\u0131nda \u00e7e\u015fitli kiri\u015f boyutlar\u0131 \u00fcretebilir. A\u00e7ma, besleme, rulo \u015fekillendirme, kaynak, kesme vb. i\u015flemler tek bir hat \u00fczerinde otomatik olarak ger\u00e7ekle\u015ftirilebilir. Bu arada, basamakl\u0131 kiri\u015f, dikme raf ve raf tahtalar\u0131 i\u00e7in rulo \u015fekillendirme makinelerimiz mevcuttur. Bunlar\u0131n t\u00fcm\u00fc Palet raf\u0131 sisteminin bile\u015fenleridir.<br \/>\nDepo palet raf sisteminde, Basamakl\u0131 kiri\u015f rulo \u015fekillendirme makinesi, Dik raf rulo \u015fekillendirme makinesi ve raf paneli (kutu plakas\u0131) rulo \u015fekillendirme makinesi gibi daha fazla makine \u00fcretebiliyoruz.<\/p>\n<p>M\u00fc\u015fterilerin \u00e7izimlerine, toleranslar\u0131na ve b\u00fct\u00e7elerine g\u00f6re farkl\u0131 \u00e7\u00f6z\u00fcmler \u00fcretiyor, t\u00fcm gereksinimlerinize uyarlanabilen profesyonel bire bir hizmet sunuyoruz. Hangi hatt\u0131 se\u00e7erseniz se\u00e7in, SUNWAY Machinery'nin kalitesi m\u00fckemmel i\u015flevsel profiller elde etmenizi sa\u011flayacakt\u0131r.<\/p>\n<h3>Profil \u00c7izimleri<\/h3>\n<p><img decoding=\"async\" class=\"alignnone wp-image-6226 size-full\" src=\"https:\/\/swforming.com\/wp-content\/uploads\/2025\/12\/Hafc232e9831a4950aa50e.jpg\" alt=\"\" width=\"1748\" height=\"1996\" title=\"\" srcset=\"https:\/\/swforming.com\/wp-content\/uploads\/2025\/12\/Hafc232e9831a4950aa50e.jpg 1748w, https:\/\/swforming.com\/wp-content\/uploads\/2025\/12\/Hafc232e9831a4950aa50e-263x300.jpg 263w, https:\/\/swforming.com\/wp-content\/uploads\/2025\/12\/Hafc232e9831a4950aa50e-897x1024.jpg 897w, https:\/\/swforming.com\/wp-content\/uploads\/2025\/12\/Hafc232e9831a4950aa50e-768x877.jpg 768w, https:\/\/swforming.com\/wp-content\/uploads\/2025\/12\/Hafc232e9831a4950aa50e-1345x1536.jpg 1345w, https:\/\/swforming.com\/wp-content\/uploads\/2025\/12\/Hafc232e9831a4950aa50e-11x12.jpg 11w, https:\/\/swforming.com\/wp-content\/uploads\/2025\/12\/Hafc232e9831a4950aa50e-600x685.jpg 600w\" sizes=\"(max-width: 1748px) 100vw, 1748px\" \/><img decoding=\"async\" class=\"alignnone wp-image-6227 size-full\" src=\"https:\/\/swforming.com\/wp-content\/uploads\/2025\/12\/QQ20251229-134154.jpg\" alt=\"\" width=\"750\" height=\"182\" title=\"\" srcset=\"https:\/\/swforming.com\/wp-content\/uploads\/2025\/12\/QQ20251229-134154.jpg 750w, https:\/\/swforming.com\/wp-content\/uploads\/2025\/12\/QQ20251229-134154-300x73.jpg 300w, https:\/\/swforming.com\/wp-content\/uploads\/2025\/12\/QQ20251229-134154-18x4.jpg 18w, https:\/\/swforming.com\/wp-content\/uploads\/2025\/12\/QQ20251229-134154-600x146.jpg 600w\" sizes=\"(max-width: 750px) 100vw, 750px\" \/><\/p>\n<h3>\u00dcretim Hatt\u0131<\/h3>\n<p><img loading=\"lazy\" decoding=\"async\" class=\"alignnone wp-image-6228 size-full\" src=\"https:\/\/swforming.com\/wp-content\/uploads\/2025\/12\/H53307b5ef7e7494088.jpg\" alt=\"\" width=\"1748\" height=\"819\" title=\"\" srcset=\"https:\/\/swforming.com\/wp-content\/uploads\/2025\/12\/H53307b5ef7e7494088.jpg 1748w, https:\/\/swforming.com\/wp-content\/uploads\/2025\/12\/H53307b5ef7e7494088-300x141.jpg 300w, https:\/\/swforming.com\/wp-content\/uploads\/2025\/12\/H53307b5ef7e7494088-1024x480.jpg 1024w, https:\/\/swforming.com\/wp-content\/uploads\/2025\/12\/H53307b5ef7e7494088-768x360.jpg 768w, https:\/\/swforming.com\/wp-content\/uploads\/2025\/12\/H53307b5ef7e7494088-1536x720.jpg 1536w, https:\/\/swforming.com\/wp-content\/uploads\/2025\/12\/H53307b5ef7e7494088-18x8.jpg 18w, https:\/\/swforming.com\/wp-content\/uploads\/2025\/12\/H53307b5ef7e7494088-600x281.jpg 600w\" sizes=\"(max-width: 1748px) 100vw, 1748px\" \/><\/p>\n<h3>\u00dcr\u00fcn Detaylar\u0131<\/h3>\n<p><img loading=\"lazy\" decoding=\"async\" class=\"alignnone wp-image-6215 size-full\" src=\"https:\/\/swforming.com\/wp-content\/uploads\/2025\/12\/20251226142928.jpg\" alt=\"\" width=\"750\" height=\"1257\" title=\"\" srcset=\"https:\/\/swforming.com\/wp-content\/uploads\/2025\/12\/20251226142928.jpg 750w, https:\/\/swforming.com\/wp-content\/uploads\/2025\/12\/20251226142928-179x300.jpg 179w, https:\/\/swforming.com\/wp-content\/uploads\/2025\/12\/20251226142928-611x1024.jpg 611w, https:\/\/swforming.com\/wp-content\/uploads\/2025\/12\/20251226142928-7x12.jpg 7w, https:\/\/swforming.com\/wp-content\/uploads\/2025\/12\/20251226142928-600x1006.jpg 600w\" sizes=\"(max-width: 750px) 100vw, 750px\" \/><\/p>\n<h3>\u00dcr\u00fcn Parametreleri<\/h3>\n<div style=\"overflow-x: auto;\">\n<table>\n<tbody>\n<tr>\n<td style=\"text-align: center;\" colspan=\"3\" rowspan=\"1\"><strong>Otomatik Kutu Kiri\u015f Rulo \u015eekillendirme Hatt\u0131<\/strong><\/td>\n<\/tr>\n<tr>\n<td colspan=\"1\" rowspan=\"3\">\n<div>\u0130\u015flenebilir Malzeme<\/div>\n<\/td>\n<td>A) Galvanizli Bobin<\/td>\n<td colspan=\"1\" rowspan=\"3\">\n<div>Kal\u0131nl\u0131k (MM): M\u00fc\u015fteriye g\u00f6re 1.5-3.0<\/div>\n<\/td>\n<\/tr>\n<tr>\n<td>B) So\u011fuk\/S\u0131cak Haddeleme \u00c7elik<\/td>\n<\/tr>\n<tr>\n<td>C) Karbon \u00c7elik<\/td>\n<\/tr>\n<tr>\n<td>Akma Dayan\u0131m\u0131<\/td>\n<td colspan=\"2\" rowspan=\"1\">250 - 350 Mpa<\/td>\n<\/tr>\n<tr>\n<td>Tensil Stres<\/td>\n<td colspan=\"2\" rowspan=\"1\">350 Mpa-500 Mpa<\/td>\n<\/tr>\n<tr>\n<td>Nominal \u015eekillendirme H\u0131z\u0131 (M\/Min)<\/td>\n<td>10-20<\/td>\n<td>* Veya \u0130htiyac\u0131n\u0131za G\u00f6re<\/td>\n<\/tr>\n<tr>\n<td>\u015eekillendirme \u0130stasyonu<\/td>\n<td>18-20<\/td>\n<td>* Profil \u00c7izimlerinize G\u00f6re<\/td>\n<\/tr>\n<tr>\n<td>Decoiler<\/td>\n<td>Manuel A\u00e7\u0131c\u0131<\/td>\n<td>* Hidrolik A\u00e7\u0131c\u0131 (Opsiyonel)<\/td>\n<\/tr>\n<tr>\n<td>S\u00fcr\u00fc\u015f Sistemi<\/td>\n<td>Zincir Tahrik<\/td>\n<td>* \u015eanz\u0131man Tahriki (Opsiyonel)<\/td>\n<\/tr>\n<tr>\n<td>Makine Yap\u0131s\u0131<\/td>\n<td>Kaynakl\u0131 \u00c7elik Levhalar<\/td>\n<td>* D\u00f6kme Demir Standlar (Opsiyonel)<\/td>\n<\/tr>\n<tr>\n<td>Silindir Malzemesi<\/td>\n<td>GCr 15<\/td>\n<td>* Cr12Mov (\u0130ste\u011fe ba\u011fl\u0131)<\/td>\n<\/tr>\n<tr>\n<td>Kesim Sistemi<\/td>\n<td>Hidrolik Kesim<\/td>\n<td>* Testere Kesimi (\u0130ste\u011fe Ba\u011fl\u0131)<\/td>\n<\/tr>\n<tr>\n<td>Kutulama \u00dcnitesi<\/td>\n<td>Zincirle<\/td>\n<td>* \u015eanz\u0131manla (\u0130ste\u011fe Ba\u011fl\u0131)<\/td>\n<\/tr>\n<tr>\n<td>Kaynak Verimlili\u011fi<\/td>\n<td colspan=\"2\" rowspan=\"1\">Spesifikasyon 50*100 \u226525 saniye\/adet, spesifikasyon 50*120-140 \u226530 saniye\/adet,<br \/>\nSpesifikasyon 50*160 \u226535 saniye\/adet (tek tarafl\u0131 hata &gt;1,5 mm olan kiri\u015fler hari\u00e7)<\/td>\n<\/tr>\n<tr>\n<td>Kaynak ve \u0130stifleme S\u00fcreci<\/td>\n<td colspan=\"2\" rowspan=\"1\">As\u0131l\u0131 par\u00e7alar\u0131 otomatik as\u0131l\u0131 par\u00e7a besleme platformunda s\u0131rayla istifleyin, ard\u0131ndan sinyali verin; makine otomatik olarak as\u0131l\u0131 par\u00e7alar\u0131 y\u00fcklemeye ba\u015flar ve ayn\u0131 anda robot, enine kiri\u015fi makine platformunun belirtilen konumuna otomatik olarak kapar, kaynak i\u015flemine ba\u015flar; \u00f6nce iki yan\u0131 kaynaklar, 90 derece d\u00f6nd\u00fcr\u00fcr ve ard\u0131ndan di\u011fer iki yan\u0131 kaynaklayarak<br \/>\nkaynak i\u015flemini tamamlar, ba\u015fka bir istasyona d\u00f6ner ve robot malzemeyi bitmi\u015f \u00fcr\u00fcn istifleme alan\u0131na ta\u015f\u0131r, robot tekrar malzeme al\u0131r ve yukar\u0131daki i\u015flemler tekrarlan\u0131r. Yukar\u0131daki t\u00fcm i\u015flemler, enine kiri\u015f otomatik hatt\u0131 i\u00e7in \u00f6zel sistem taraf\u0131ndan kontrol edilir ve i\u015fletilir.<\/td>\n<\/tr>\n<tr>\n<td>Makine Rengi<\/td>\n<td>End\u00fcstriyel Mavi<\/td>\n<td>* Veya \u0130htiyac\u0131n\u0131za G\u00f6re<\/td>\n<\/tr>\n<\/tbody>\n<\/table>\n<\/div>\n<h3>Uygulama<\/h3>\n<p><img loading=\"lazy\" decoding=\"async\" class=\"alignnone wp-image-6216 size-full\" src=\"https:\/\/swforming.com\/wp-content\/uploads\/2025\/12\/QQ20251226-143237.jpg\" alt=\"\" width=\"750\" height=\"453\" title=\"\" srcset=\"https:\/\/swforming.com\/wp-content\/uploads\/2025\/12\/QQ20251226-143237.jpg 750w, https:\/\/swforming.com\/wp-content\/uploads\/2025\/12\/QQ20251226-143237-300x181.jpg 300w, https:\/\/swforming.com\/wp-content\/uploads\/2025\/12\/QQ20251226-143237-18x12.jpg 18w, https:\/\/swforming.com\/wp-content\/uploads\/2025\/12\/QQ20251226-143237-600x362.jpg 600w\" sizes=\"(max-width: 750px) 100vw, 750px\" \/><\/p>\n<\/div>","protected":false},"excerpt":{"rendered":"<p>Kutu kiri\u015f rulo \u015fekillendirme makinesi, dikme raflar aras\u0131nda sabitlenen kiri\u015fi \u00fcretmek \u00fczere geli\u015ftirilmi\u015ftir. Genellikle iki tipi bulunur: 1) Her iki C kiri\u015fi de bir rulo \u015fekillendirme makinesinde \u015fekillendirilir ve ard\u0131ndan birle\u015ftirilmi\u015f rulo \u015fekillendiricide kenetlenerek kutu kiri\u015f elde edilir; 2) Bir kiri\u015f do\u011frudan rulo \u015fekillendirme makinesinde kutu kiri\u015f olarak \u015fekillendirilir.<\/p>","protected":false},"featured_media":6205,"comment_status":"closed","ping_status":"closed","template":"","meta":{"_acf_changed":false},"product_brand":[],"product_cat":[65,46],"product_tag":[],"class_list":{"0":"post-6204","1":"product","2":"type-product","3":"status-publish","4":"has-post-thumbnail","6":"product_cat-box-beam-roll-forming-machine","7":"product_cat-racking-shelving","9":"first","10":"instock","11":"shipping-taxable","12":"product-type-simple"},"acf":[],"_links":{"self":[{"href":"https:\/\/swforming.com\/tr\/wp-json\/wp\/v2\/product\/6204","targetHints":{"allow":["GET"]}}],"collection":[{"href":"https:\/\/swforming.com\/tr\/wp-json\/wp\/v2\/product"}],"about":[{"href":"https:\/\/swforming.com\/tr\/wp-json\/wp\/v2\/types\/product"}],"replies":[{"embeddable":true,"href":"https:\/\/swforming.com\/tr\/wp-json\/wp\/v2\/comments?post=6204"}],"version-history":[{"count":5,"href":"https:\/\/swforming.com\/tr\/wp-json\/wp\/v2\/product\/6204\/revisions"}],"predecessor-version":[{"id":6229,"href":"https:\/\/swforming.com\/tr\/wp-json\/wp\/v2\/product\/6204\/revisions\/6229"}],"wp:featuredmedia":[{"embeddable":true,"href":"https:\/\/swforming.com\/tr\/wp-json\/wp\/v2\/media\/6205"}],"wp:attachment":[{"href":"https:\/\/swforming.com\/tr\/wp-json\/wp\/v2\/media?parent=6204"}],"wp:term":[{"taxonomy":"product_brand","embeddable":true,"href":"https:\/\/swforming.com\/tr\/wp-json\/wp\/v2\/product_brand?post=6204"},{"taxonomy":"product_cat","embeddable":true,"href":"https:\/\/swforming.com\/tr\/wp-json\/wp\/v2\/product_cat?post=6204"},{"taxonomy":"product_tag","embeddable":true,"href":"https:\/\/swforming.com\/tr\/wp-json\/wp\/v2\/product_tag?post=6204"}],"curies":[{"name":"wp","href":"https:\/\/api.w.org\/{rel}","templated":true}]}}