{"id":5092,"date":"2024-10-10T06:06:04","date_gmt":"2024-10-10T06:06:04","guid":{"rendered":"https:\/\/swforming.com\/?post_type=product&#038;p=5092"},"modified":"2024-10-10T06:11:05","modified_gmt":"2024-10-10T06:11:05","slug":"multi-profiles-roll-forming-machine","status":"publish","type":"product","link":"https:\/\/swforming.com\/tr\/product\/multi-profiles-roll-forming-machine\/","title":{"rendered":"\u00c7ok Profilli Rulo \u015eekillendirme Makinesi"},"content":{"rendered":"<p><img fetchpriority=\"high\" decoding=\"async\" class=\"alignnone size-full wp-image-5099\" src=\"https:\/\/swforming.com\/wp-content\/uploads\/2024\/10\/ff2dd663-41e4-45cb-acb8-69400cf03c41.jpg\" alt=\"\" width=\"750\" height=\"900\" title=\"\" srcset=\"https:\/\/swforming.com\/wp-content\/uploads\/2024\/10\/ff2dd663-41e4-45cb-acb8-69400cf03c41.jpg 750w, https:\/\/swforming.com\/wp-content\/uploads\/2024\/10\/ff2dd663-41e4-45cb-acb8-69400cf03c41-250x300.jpg 250w, https:\/\/swforming.com\/wp-content\/uploads\/2024\/10\/ff2dd663-41e4-45cb-acb8-69400cf03c41-10x12.jpg 10w, https:\/\/swforming.com\/wp-content\/uploads\/2024\/10\/ff2dd663-41e4-45cb-acb8-69400cf03c41-600x720.jpg 600w\" sizes=\"(max-width: 750px) 100vw, 750px\" \/><\/p>\n<p>\u00c7ok profilli rulo \u015fekillendirme makinesi ayn\u0131 zamanda 2'si 1 arada veya 3'\u00fc 1 arada veya 4'\u00fc 1 arada vb. olarak da adland\u0131r\u0131l\u0131r A\u015f\u0131k Rulo \u015eekillendirme Makinesi, yerden ve maliyetten tasarruf edebilen tek bir makinede farkl\u0131 profiller yapmak i\u00e7in tasarlanm\u0131\u015ft\u0131r.<\/p>\n<p>\u00c7e\u015fitli profil \u00fcretim gereksinimlerinin geli\u015fmesiyle, m\u00fc\u015fteriler bir makine sat\u0131n almay\u0131 tercih eder, ancak 2 veya daha fazla p\u00fcrin \u00fcretebilir. O zaman bu makine en iyi se\u00e7imdir. Farkl\u0131 profiller \u00fcretirken silindirleri veya kesicileri de\u011fi\u015ftirmeye gerek yoktur. Bu arada, her profil i\u00e7in delme \u00fcnitesi de mevcuttur.<\/p>\n<p>SUNWAY, m\u00fc\u015fterilerin \u00e7izimlerine, toleranslar\u0131na ve b\u00fct\u00e7elerine g\u00f6re farkl\u0131 \u00e7\u00f6z\u00fcmler \u00fcretir, profesyonel bire bir hizmet sunar, t\u00fcm gereksinimlerinize uyarlanabilir. Hangi hatt\u0131 se\u00e7erseniz se\u00e7in, SUNWAY Makine kalitesi m\u00fckemmel i\u015flevsel profiller elde etmenizi sa\u011flayacakt\u0131r.<\/p>\n<h3>\u00dcretim Hatt\u0131<\/h3>\n<p><img decoding=\"async\" class=\"alignnone size-full wp-image-5100\" src=\"https:\/\/swforming.com\/wp-content\/uploads\/2024\/10\/65f01ae4-ae6b-46e4-a144-f25070f7b43e.jpg\" alt=\"\" width=\"1748\" height=\"951\" title=\"\" srcset=\"https:\/\/swforming.com\/wp-content\/uploads\/2024\/10\/65f01ae4-ae6b-46e4-a144-f25070f7b43e.jpg 1748w, https:\/\/swforming.com\/wp-content\/uploads\/2024\/10\/65f01ae4-ae6b-46e4-a144-f25070f7b43e-300x163.jpg 300w, https:\/\/swforming.com\/wp-content\/uploads\/2024\/10\/65f01ae4-ae6b-46e4-a144-f25070f7b43e-1024x557.jpg 1024w, https:\/\/swforming.com\/wp-content\/uploads\/2024\/10\/65f01ae4-ae6b-46e4-a144-f25070f7b43e-768x418.jpg 768w, https:\/\/swforming.com\/wp-content\/uploads\/2024\/10\/65f01ae4-ae6b-46e4-a144-f25070f7b43e-1536x836.jpg 1536w, https:\/\/swforming.com\/wp-content\/uploads\/2024\/10\/65f01ae4-ae6b-46e4-a144-f25070f7b43e-18x10.jpg 18w, https:\/\/swforming.com\/wp-content\/uploads\/2024\/10\/65f01ae4-ae6b-46e4-a144-f25070f7b43e-600x326.jpg 600w\" sizes=\"(max-width: 1748px) 100vw, 1748px\" \/><\/p>\n<h3>\u00dcr\u00fcn Detaylar\u0131<\/h3>\n<p><img decoding=\"async\" class=\"alignnone size-full wp-image-5101\" src=\"https:\/\/swforming.com\/wp-content\/uploads\/2024\/10\/20241010135945.jpg\" alt=\"\" width=\"935\" height=\"887\" title=\"\" srcset=\"https:\/\/swforming.com\/wp-content\/uploads\/2024\/10\/20241010135945.jpg 935w, https:\/\/swforming.com\/wp-content\/uploads\/2024\/10\/20241010135945-300x285.jpg 300w, https:\/\/swforming.com\/wp-content\/uploads\/2024\/10\/20241010135945-768x729.jpg 768w, https:\/\/swforming.com\/wp-content\/uploads\/2024\/10\/20241010135945-13x12.jpg 13w, https:\/\/swforming.com\/wp-content\/uploads\/2024\/10\/20241010135945-600x569.jpg 600w\" sizes=\"(max-width: 935px) 100vw, 935px\" \/><\/p>\n<h3>\u00dcr\u00fcn Parametreleri<\/h3>\n<div style=\"overflow-x: auto;\">\n<table>\n<tbody>\n<tr>\n<td style=\"text-align: center;\" colspan=\"3\" rowspan=\"1\"><strong>Otomatik Boyut De\u011fi\u015ftirilebilir CZ A\u015f\u0131k Rulo \u015eekillendirme Makinesi<\/strong><\/td>\n<\/tr>\n<tr>\n<td colspan=\"1\" rowspan=\"2\">\n<div>\u0130\u015flenebilir Malzeme<\/div>\n<\/td>\n<td>A) Galvanizli Bobin<\/td>\n<td colspan=\"1\" rowspan=\"2\">\n<div>Kal\u0131nl\u0131k (MM): 1,5-3 veya m\u00fc\u015fteriye g\u00f6re<\/div>\n<\/td>\n<\/tr>\n<tr>\n<td>B) Karbon \u00c7elik Rulo<\/td>\n<\/tr>\n<tr>\n<td>Akma Dayan\u0131m\u0131<\/td>\n<td colspan=\"2\" rowspan=\"1\">250 - 550 Mpa<\/td>\n<\/tr>\n<tr>\n<td>Tensil Stres<\/td>\n<td colspan=\"2\" rowspan=\"1\">G350 Mpa-G550 Mpa<\/td>\n<\/tr>\n<tr>\n<td>Decoiler<\/td>\n<td>Manuel A\u00e7\u0131c\u0131<\/td>\n<td>* Hidrolik A\u00e7\u0131c\u0131 (Opsiyonel)<\/td>\n<\/tr>\n<tr>\n<td>Delme Sistemi<\/td>\n<td>Hidrolik Delme \u0130stasyonu<\/td>\n<td>* Yumruk \u00d6ncesi \/ Yumruk Sonras\u0131 (\u0130ste\u011fe Ba\u011fl\u0131)<\/td>\n<\/tr>\n<tr>\n<td>\u015eekillendirme \u0130stasyonu<\/td>\n<td colspan=\"2\" rowspan=\"1\">Profillere G\u00f6re<\/td>\n<\/tr>\n<tr>\n<td>S\u00fcr\u00fc\u015f Sistemi<\/td>\n<td>Zincir Tahrik<\/td>\n<td>* \u015eanz\u0131man Tahriki (Opsiyonel)<\/td>\n<\/tr>\n<tr>\n<td>Makine Yap\u0131s\u0131<\/td>\n<td>Duvar Paneli \u0130stasyonu<\/td>\n<td>* D\u00f6vme Demir \u0130stasyon (Opsiyonel)<\/td>\n<\/tr>\n<tr>\n<td>\u015eekillendirme H\u0131z\u0131<\/td>\n<td>10-20 (M\/MIN)<\/td>\n<td>* Veya \u0130htiyac\u0131n\u0131za G\u00f6re<\/td>\n<\/tr>\n<tr>\n<td>Silindir Malzemesi<\/td>\n<td>GCr 15<\/td>\n<td>* Cr12Mov (\u0130ste\u011fe ba\u011fl\u0131)<\/td>\n<\/tr>\n<tr>\n<td>Kesim Sistemi<\/td>\n<td>\u00d6n kesim<\/td>\n<td>* \u00dcniversal Kesim Sonras\u0131 (\u0130ste\u011fe Ba\u011fl\u0131)<\/td>\n<\/tr>\n<tr>\n<td>Profiller<\/td>\n<td>2'si 1 arada<\/td>\n<td>* 3'\u00fc 1 arada, 4'\u00fc 1 arada<\/td>\n<\/tr>\n<tr>\n<td>Frekans De\u011fi\u015ftirici Marka<\/td>\n<td>Yaskawa<\/td>\n<td>* Siemens (Opsiyonel)<\/td>\n<\/tr>\n<tr>\n<td>PLC Markas\u0131<\/td>\n<td>Panasonic<\/td>\n<td>* Siemens (Opsiyonel)<\/td>\n<\/tr>\n<tr>\n<td>G\u00fc\u00e7 Kayna\u011f\u0131<\/td>\n<td>380V 50Hz<\/td>\n<td>* Veya \u0130htiyac\u0131n\u0131za G\u00f6re<\/td>\n<\/tr>\n<tr>\n<td>Makine Rengi<\/td>\n<td>End\u00fcstriyel Mavi<\/td>\n<td>* Veya \u0130htiyac\u0131n\u0131za G\u00f6re<\/td>\n<\/tr>\n<\/tbody>\n<\/table>\n<\/div>","protected":false},"excerpt":{"rendered":"<p>\u00c7ok profilli rulo \u015fekillendirme makinesi ayn\u0131 zamanda 2'si 1 arada veya 3'\u00fc 1 arada veya 4'\u00fc 1 arada vb. olarak da adland\u0131r\u0131l\u0131r A\u015f\u0131k Rulo \u015eekillendirme Makinesi, yerden ve maliyetten tasarruf edebilen tek bir makinede farkl\u0131 profiller yapmak i\u00e7in tasarlanm\u0131\u015ft\u0131r. \u00c7e\u015fitli profil \u00fcretim gereksinimlerinin geli\u015fmesiyle, m\u00fc\u015fteriler bir makine sat\u0131n almay\u0131 tercih eder, ancak 2 veya daha fazla p\u00fcrin \u00fcretebilir. O zaman bu makine en iyi se\u00e7imdir. Farkl\u0131 profiller \u00fcrettikten sonra silindirleri veya kesicileri de\u011fi\u015ftirmeye gerek yoktur. Bu arada, her profil i\u00e7in delme \u00fcnitesi de mevcuttur.<\/p>","protected":false},"featured_media":5094,"comment_status":"closed","ping_status":"closed","template":"","meta":{"_acf_changed":false},"product_brand":[],"product_cat":[52,116],"product_tag":[],"class_list":{"0":"post-5092","1":"product","2":"type-product","3":"status-publish","4":"has-post-thumbnail","6":"product_cat-steel-structure","7":"product_cat-multi-profiles-roll-forming-machine","9":"first","10":"instock","11":"shipping-taxable","12":"product-type-simple"},"acf":[],"_links":{"self":[{"href":"https:\/\/swforming.com\/tr\/wp-json\/wp\/v2\/product\/5092","targetHints":{"allow":["GET"]}}],"collection":[{"href":"https:\/\/swforming.com\/tr\/wp-json\/wp\/v2\/product"}],"about":[{"href":"https:\/\/swforming.com\/tr\/wp-json\/wp\/v2\/types\/product"}],"replies":[{"embeddable":true,"href":"https:\/\/swforming.com\/tr\/wp-json\/wp\/v2\/comments?post=5092"}],"version-history":[{"count":1,"href":"https:\/\/swforming.com\/tr\/wp-json\/wp\/v2\/product\/5092\/revisions"}],"predecessor-version":[{"id":5102,"href":"https:\/\/swforming.com\/tr\/wp-json\/wp\/v2\/product\/5092\/revisions\/5102"}],"wp:featuredmedia":[{"embeddable":true,"href":"https:\/\/swforming.com\/tr\/wp-json\/wp\/v2\/media\/5094"}],"wp:attachment":[{"href":"https:\/\/swforming.com\/tr\/wp-json\/wp\/v2\/media?parent=5092"}],"wp:term":[{"taxonomy":"product_brand","embeddable":true,"href":"https:\/\/swforming.com\/tr\/wp-json\/wp\/v2\/product_brand?post=5092"},{"taxonomy":"product_cat","embeddable":true,"href":"https:\/\/swforming.com\/tr\/wp-json\/wp\/v2\/product_cat?post=5092"},{"taxonomy":"product_tag","embeddable":true,"href":"https:\/\/swforming.com\/tr\/wp-json\/wp\/v2\/product_tag?post=5092"}],"curies":[{"name":"wp","href":"https:\/\/api.w.org\/{rel}","templated":true}]}}