{"id":5035,"date":"2024-09-18T07:08:35","date_gmt":"2024-09-18T07:08:35","guid":{"rendered":"https:\/\/swforming.com\/?post_type=product&#038;p=5035"},"modified":"2024-09-18T07:08:35","modified_gmt":"2024-09-18T07:08:35","slug":"carriage-board-roll-forming-machine","status":"publish","type":"product","link":"https:\/\/swforming.com\/tr\/product\/carriage-board-roll-forming-machine\/","title":{"rendered":"Ta\u015f\u0131ma Panosu Rulo \u015eekillendirme Makinesi"},"content":{"rendered":"<p><img fetchpriority=\"high\" decoding=\"async\" class=\"alignnone size-full wp-image-5042\" src=\"https:\/\/swforming.com\/wp-content\/uploads\/2024\/09\/H5ccfa91b6db24b22adda71f9368707e4V.jpg\" alt=\"\" width=\"750\" height=\"900\" title=\"\" srcset=\"https:\/\/swforming.com\/wp-content\/uploads\/2024\/09\/H5ccfa91b6db24b22adda71f9368707e4V.jpg 750w, https:\/\/swforming.com\/wp-content\/uploads\/2024\/09\/H5ccfa91b6db24b22adda71f9368707e4V-250x300.jpg 250w, https:\/\/swforming.com\/wp-content\/uploads\/2024\/09\/H5ccfa91b6db24b22adda71f9368707e4V-10x12.jpg 10w, https:\/\/swforming.com\/wp-content\/uploads\/2024\/09\/H5ccfa91b6db24b22adda71f9368707e4V-600x720.jpg 600w\" sizes=\"(max-width: 750px) 100vw, 750px\" \/><\/p>\n<p>Metal ta\u015f\u0131ma paneli rulo \u015fekillendirme makinesi, farkl\u0131 tasar\u0131mlara sahip kamyon yan panolar\u0131 \u00fcretmek i\u00e7in tasarlanm\u0131\u015ft\u0131r. normalde kal\u0131nl\u0131k 1-3 mm aras\u0131ndad\u0131r.<\/p>\n<p>Kamyon ta\u015f\u0131ma panosu rulo \u015fekillendirme makinesi, kamyon ta\u015f\u0131ma plakas\u0131n\u0131n ta\u015f\u0131ma \u00fcst, alt ve yan plakas\u0131n\u0131 yapmak i\u00e7in kullan\u0131lan otomatik bir makinedir. A\u00e7\u0131c\u0131, d\u00fczle\u015ftirici, rulo \u015fekillendirici, kaynak\u00e7\u0131, kesici, kontrol sistemi, hidrolik sistem vb. i\u00e7erir.<\/p>\n<p>M\u00fc\u015fterilerin \u00e7izimlerine, toleranslar\u0131na ve b\u00fct\u00e7elerine g\u00f6re farkl\u0131 \u00e7\u00f6z\u00fcmler \u00fcretiyor, t\u00fcm gereksinimlerinize uyarlanabilen profesyonel bire bir hizmet sunuyoruz. Hangi hatt\u0131 se\u00e7erseniz se\u00e7in, SUNWAY Machinery'nin kalitesi m\u00fckemmel i\u015flevsel profiller elde etmenizi sa\u011flayacakt\u0131r.<\/p>\n<h3>Profil \u00c7izimleri<\/h3>\n<p><img decoding=\"async\" class=\"alignnone size-full wp-image-5043\" src=\"https:\/\/swforming.com\/wp-content\/uploads\/2024\/09\/He8ee2057b3aa44a18438fbd0ed6f9374U.jpg\" alt=\"\" width=\"1300\" height=\"758\" title=\"\" srcset=\"https:\/\/swforming.com\/wp-content\/uploads\/2024\/09\/He8ee2057b3aa44a18438fbd0ed6f9374U.jpg 1300w, https:\/\/swforming.com\/wp-content\/uploads\/2024\/09\/He8ee2057b3aa44a18438fbd0ed6f9374U-300x175.jpg 300w, https:\/\/swforming.com\/wp-content\/uploads\/2024\/09\/He8ee2057b3aa44a18438fbd0ed6f9374U-1024x597.jpg 1024w, https:\/\/swforming.com\/wp-content\/uploads\/2024\/09\/He8ee2057b3aa44a18438fbd0ed6f9374U-768x448.jpg 768w, https:\/\/swforming.com\/wp-content\/uploads\/2024\/09\/He8ee2057b3aa44a18438fbd0ed6f9374U-18x10.jpg 18w, https:\/\/swforming.com\/wp-content\/uploads\/2024\/09\/He8ee2057b3aa44a18438fbd0ed6f9374U-600x350.jpg 600w\" sizes=\"(max-width: 1300px) 100vw, 1300px\" \/><\/p>\n<p><img decoding=\"async\" class=\"alignnone size-full wp-image-5044\" src=\"https:\/\/swforming.com\/wp-content\/uploads\/2024\/09\/18145629.jpg\" alt=\"\" width=\"1054\" height=\"273\" title=\"\" srcset=\"https:\/\/swforming.com\/wp-content\/uploads\/2024\/09\/18145629.jpg 1054w, https:\/\/swforming.com\/wp-content\/uploads\/2024\/09\/18145629-300x78.jpg 300w, https:\/\/swforming.com\/wp-content\/uploads\/2024\/09\/18145629-1024x265.jpg 1024w, https:\/\/swforming.com\/wp-content\/uploads\/2024\/09\/18145629-768x199.jpg 768w, https:\/\/swforming.com\/wp-content\/uploads\/2024\/09\/18145629-18x5.jpg 18w, https:\/\/swforming.com\/wp-content\/uploads\/2024\/09\/18145629-600x155.jpg 600w\" sizes=\"(max-width: 1054px) 100vw, 1054px\" \/><\/p>\n<h3>\u00dcretim Hatt\u0131<\/h3>\n<p><img loading=\"lazy\" decoding=\"async\" class=\"alignnone size-full wp-image-5045\" src=\"https:\/\/swforming.com\/wp-content\/uploads\/2024\/09\/Hccdb0a8ce94c430e9ad6165f42e836d0V.jpg\" alt=\"\" width=\"1748\" height=\"488\" title=\"\" srcset=\"https:\/\/swforming.com\/wp-content\/uploads\/2024\/09\/Hccdb0a8ce94c430e9ad6165f42e836d0V.jpg 1748w, https:\/\/swforming.com\/wp-content\/uploads\/2024\/09\/Hccdb0a8ce94c430e9ad6165f42e836d0V-300x84.jpg 300w, https:\/\/swforming.com\/wp-content\/uploads\/2024\/09\/Hccdb0a8ce94c430e9ad6165f42e836d0V-1024x286.jpg 1024w, https:\/\/swforming.com\/wp-content\/uploads\/2024\/09\/Hccdb0a8ce94c430e9ad6165f42e836d0V-768x214.jpg 768w, https:\/\/swforming.com\/wp-content\/uploads\/2024\/09\/Hccdb0a8ce94c430e9ad6165f42e836d0V-1536x429.jpg 1536w, https:\/\/swforming.com\/wp-content\/uploads\/2024\/09\/Hccdb0a8ce94c430e9ad6165f42e836d0V-18x5.jpg 18w, https:\/\/swforming.com\/wp-content\/uploads\/2024\/09\/Hccdb0a8ce94c430e9ad6165f42e836d0V-600x168.jpg 600w\" sizes=\"(max-width: 1748px) 100vw, 1748px\" \/><\/p>\n<h3>\u00dcr\u00fcn Detaylar\u0131<\/h3>\n<h3><img loading=\"lazy\" decoding=\"async\" class=\"alignnone size-full wp-image-5046\" src=\"https:\/\/swforming.com\/wp-content\/uploads\/2024\/09\/918145.jpg\" alt=\"\" width=\"1044\" height=\"1432\" title=\"\" srcset=\"https:\/\/swforming.com\/wp-content\/uploads\/2024\/09\/918145.jpg 1044w, https:\/\/swforming.com\/wp-content\/uploads\/2024\/09\/918145-219x300.jpg 219w, https:\/\/swforming.com\/wp-content\/uploads\/2024\/09\/918145-747x1024.jpg 747w, https:\/\/swforming.com\/wp-content\/uploads\/2024\/09\/918145-768x1053.jpg 768w, https:\/\/swforming.com\/wp-content\/uploads\/2024\/09\/918145-9x12.jpg 9w, https:\/\/swforming.com\/wp-content\/uploads\/2024\/09\/918145-600x823.jpg 600w\" sizes=\"(max-width: 1044px) 100vw, 1044px\" \/><\/h3>\n<h3>\u00dcr\u00fcn Parametreleri<\/h3>\n<div style=\"overflow-x: auto;\">\n<table>\n<tbody>\n<tr>\n<td style=\"text-align: center;\" colspan=\"3\" rowspan=\"1\"><strong>Ta\u015f\u0131ma Panosu Rulo \u015eekillendirme Makinesi<\/strong><\/td>\n<\/tr>\n<tr>\n<td colspan=\"1\" rowspan=\"3\">\n<div>\u0130\u015flenebilir Malzeme<\/div>\n<\/td>\n<td>A) Galvanizli \u00c7elik<\/td>\n<td colspan=\"1\" rowspan=\"3\">\n<div>Kal\u0131nl\u0131k (MM): 1.0-3.0 veya M\u00fc\u015fteriye G\u00f6re<\/div>\n<\/td>\n<\/tr>\n<tr>\n<td>B) So\u011fuk Haddelenmi\u015f veya S\u0131cak Haddelenmi\u015f<\/td>\n<\/tr>\n<tr>\n<td>C) Karbon \u00c7elik<\/td>\n<\/tr>\n<tr>\n<td>Akma Dayan\u0131m\u0131<\/td>\n<td colspan=\"2\" rowspan=\"1\">250 - 550 Mpa<\/td>\n<\/tr>\n<tr>\n<td>Tensil Stres<\/td>\n<td colspan=\"2\" rowspan=\"1\">G250 Mpa-G550 Mpa<\/td>\n<\/tr>\n<tr>\n<td>Profiller<\/td>\n<td colspan=\"2\" rowspan=\"1\">M\u00fc\u015fteriye G\u00f6re<\/td>\n<\/tr>\n<tr>\n<td>Decoiler<\/td>\n<td colspan=\"2\" rowspan=\"1\">Hidrolik A\u00e7\u0131c\u0131<\/td>\n<\/tr>\n<tr>\n<td>\u015eekillendirme \u0130stasyonu<\/td>\n<td colspan=\"2\" rowspan=\"1\">Yakla\u015f\u0131k 24 \u0130stasyon veya Profil \u00c7izimlerine G\u00f6re<\/td>\n<\/tr>\n<tr>\n<td>S\u00fcr\u00fc\u015f Sistemi<\/td>\n<td>\u015eanz\u0131man Tahriki<\/td>\n<td>* Zincir Tahrik (Opsiyonel)<\/td>\n<\/tr>\n<tr>\n<td>Makine Yap\u0131s\u0131<\/td>\n<td colspan=\"2\" rowspan=\"1\">D\u00f6vme Demir \u0130stasyonu<\/td>\n<\/tr>\n<tr>\n<td>\u015eekillendirme H\u0131z\u0131<\/td>\n<td>0-10 (M\/MIN)<\/td>\n<td>* Kesim dahil de\u011fildir<\/td>\n<\/tr>\n<tr>\n<td>Silindir Malzemesi<\/td>\n<td>GCr 15<\/td>\n<td>* Cr12Mov (\u0130ste\u011fe ba\u011fl\u0131)<\/td>\n<\/tr>\n<tr>\n<td>Kesim Sistemi<\/td>\n<td>Kesim sonras\u0131<\/td>\n<td>* \u00d6n kesim (\u0130ste\u011fe ba\u011fl\u0131)<\/td>\n<\/tr>\n<tr>\n<td>Frekans De\u011fi\u015ftirici Marka<\/td>\n<td>Yaskawa<\/td>\n<td>* Siemens (Opsiyonel)<\/td>\n<\/tr>\n<tr>\n<td>PLC Markas\u0131<\/td>\n<td>Panasonic<\/td>\n<td>* Siemens (Opsiyonel)<\/td>\n<\/tr>\n<tr>\n<td>G\u00fc\u00e7 Kayna\u011f\u0131<\/td>\n<td>380V 50Hz<\/td>\n<td>* Veya \u0130htiyac\u0131n\u0131za G\u00f6re<\/td>\n<\/tr>\n<tr>\n<td>Makine Rengi<\/td>\n<td>End\u00fcstriyel Mavi<\/td>\n<td>* Veya \u0130htiyac\u0131n\u0131za G\u00f6re<\/td>\n<\/tr>\n<\/tbody>\n<\/table>\n<\/div>\n<h3>Uygulama<\/h3>\n<p><img loading=\"lazy\" decoding=\"async\" class=\"alignnone size-full wp-image-5047\" src=\"https:\/\/swforming.com\/wp-content\/uploads\/2024\/09\/0918150432.jpg\" alt=\"\" width=\"1054\" height=\"681\" title=\"\" srcset=\"https:\/\/swforming.com\/wp-content\/uploads\/2024\/09\/0918150432.jpg 1054w, https:\/\/swforming.com\/wp-content\/uploads\/2024\/09\/0918150432-300x194.jpg 300w, https:\/\/swforming.com\/wp-content\/uploads\/2024\/09\/0918150432-1024x662.jpg 1024w, https:\/\/swforming.com\/wp-content\/uploads\/2024\/09\/0918150432-768x496.jpg 768w, https:\/\/swforming.com\/wp-content\/uploads\/2024\/09\/0918150432-18x12.jpg 18w, https:\/\/swforming.com\/wp-content\/uploads\/2024\/09\/0918150432-600x388.jpg 600w\" sizes=\"(max-width: 1054px) 100vw, 1054px\" \/><\/p>","protected":false},"excerpt":{"rendered":"<p>Metal ta\u015f\u0131ma panosu rulo \u015fekillendirme makinesi, farkl\u0131 tasar\u0131mlara sahip kamyon yan panolar\u0131 \u00fcretmek i\u00e7in tasarlanm\u0131\u015ft\u0131r. normalde kal\u0131nl\u0131k 1-3 mm aras\u0131ndad\u0131r. Kamyon ta\u015f\u0131ma panosu rulo \u015fekillendirme makinesi, kamyon ta\u015f\u0131ma plakas\u0131n\u0131n ta\u015f\u0131ma \u00fcst, alt ve yan plakas\u0131n\u0131 yapmak i\u00e7in kullan\u0131lan otomatik bir makinedir. A\u00e7\u0131c\u0131, d\u00fczle\u015ftirici, rulo \u015fekillendirici, kaynak\u00e7\u0131, kesici, kontrol sistemi, hidrolik sistem vb. i\u00e7erir.<\/p>","protected":false},"featured_media":5036,"comment_status":"closed","ping_status":"closed","template":"","meta":{"_acf_changed":false},"product_brand":[],"product_cat":[37,88],"product_tag":[],"class_list":{"0":"post-5035","1":"product","2":"type-product","3":"status-publish","4":"has-post-thumbnail","6":"product_cat-highway-engineering-vehicle","7":"product_cat-carriage-board-roll-forming-machine","9":"first","10":"instock","11":"shipping-taxable","12":"product-type-simple"},"acf":[],"_links":{"self":[{"href":"https:\/\/swforming.com\/tr\/wp-json\/wp\/v2\/product\/5035","targetHints":{"allow":["GET"]}}],"collection":[{"href":"https:\/\/swforming.com\/tr\/wp-json\/wp\/v2\/product"}],"about":[{"href":"https:\/\/swforming.com\/tr\/wp-json\/wp\/v2\/types\/product"}],"replies":[{"embeddable":true,"href":"https:\/\/swforming.com\/tr\/wp-json\/wp\/v2\/comments?post=5035"}],"version-history":[{"count":1,"href":"https:\/\/swforming.com\/tr\/wp-json\/wp\/v2\/product\/5035\/revisions"}],"predecessor-version":[{"id":5048,"href":"https:\/\/swforming.com\/tr\/wp-json\/wp\/v2\/product\/5035\/revisions\/5048"}],"wp:featuredmedia":[{"embeddable":true,"href":"https:\/\/swforming.com\/tr\/wp-json\/wp\/v2\/media\/5036"}],"wp:attachment":[{"href":"https:\/\/swforming.com\/tr\/wp-json\/wp\/v2\/media?parent=5035"}],"wp:term":[{"taxonomy":"product_brand","embeddable":true,"href":"https:\/\/swforming.com\/tr\/wp-json\/wp\/v2\/product_brand?post=5035"},{"taxonomy":"product_cat","embeddable":true,"href":"https:\/\/swforming.com\/tr\/wp-json\/wp\/v2\/product_cat?post=5035"},{"taxonomy":"product_tag","embeddable":true,"href":"https:\/\/swforming.com\/tr\/wp-json\/wp\/v2\/product_tag?post=5035"}],"curies":[{"name":"wp","href":"https:\/\/api.w.org\/{rel}","templated":true}]}}