{"id":4995,"date":"2024-09-09T06:05:24","date_gmt":"2024-09-09T06:05:24","guid":{"rendered":"https:\/\/swforming.com\/?post_type=product&#038;p=4995"},"modified":"2024-09-09T06:05:25","modified_gmt":"2024-09-09T06:05:25","slug":"auto-changeable-c-z-purline-machine","status":"publish","type":"product","link":"https:\/\/swforming.com\/tr\/product\/auto-changeable-c-z-purline-machine\/","title":{"rendered":"Otomatik De\u011fi\u015ftirilebilir CZ Purline Makinesi"},"content":{"rendered":"<p><img fetchpriority=\"high\" decoding=\"async\" class=\"alignnone size-full wp-image-5002\" src=\"https:\/\/swforming.com\/wp-content\/uploads\/2024\/09\/Hf8413c10180b49e989c13b48be5c54242.jpg\" alt=\"\" width=\"750\" height=\"900\" title=\"\" srcset=\"https:\/\/swforming.com\/wp-content\/uploads\/2024\/09\/Hf8413c10180b49e989c13b48be5c54242.jpg 750w, https:\/\/swforming.com\/wp-content\/uploads\/2024\/09\/Hf8413c10180b49e989c13b48be5c54242-250x300.jpg 250w, https:\/\/swforming.com\/wp-content\/uploads\/2024\/09\/Hf8413c10180b49e989c13b48be5c54242-10x12.jpg 10w, https:\/\/swforming.com\/wp-content\/uploads\/2024\/09\/Hf8413c10180b49e989c13b48be5c54242-600x720.jpg 600w\" sizes=\"(max-width: 750px) 100vw, 750px\" \/><\/p>\n<p>Bu otomatik boyut de\u011fi\u015ftirilebilir CZ a\u015f\u0131k rulo \u015fekillendirme makinesi (di\u015fli kutusu tahriki), 100-300 mm geni\u015flikten C &amp; Z \u015fekilli a\u015f\u0131klar \u00fcretmek i\u00e7in kullan\u0131l\u0131r, normalde malzeme kal\u0131nl\u0131\u011f\u0131 1.5-3 mm'dir.<\/p>\n<p>SUNWAY, bu CZ a\u015f\u0131k h\u0131zl\u0131 de\u011fi\u015ftirilebilir rulo \u015fekillendirme makinesini, PLC \u00fczerinde otomatik olarak ayarlanabilen boyutlarda herhangi bir a\u015f\u0131k boyutuyla \u00e7al\u0131\u015fmak \u00fczere tasarlar. Dahas\u0131, C'den Z'ye de\u011fi\u015ftirme s\u00fcresi sadece 5-10 dakikaya ihtiya\u00e7 duyar. Delme \u00fcnitesi ile ilgili olarak, ihtiyac\u0131n\u0131za g\u00f6re \u00f6n delme, son delme tasarlayabiliriz. Kesme \u00fcnitesi i\u00e7in, evrensel kesim olan \u00f6n kesim veya son kesimi se\u00e7ebilirsiniz. Hammadde 2,5 mm'den daha kal\u0131nsa, zinciri ve \u00e7o\u011funlukla \u015fanz\u0131man i\u00e7in gimbal \/ di\u015fli kutusu ile benimsedi\u011fimiz s\u00fcr\u00fc\u015f sistemi, bu \u00e7ok daha g\u00fc\u00e7l\u00fc s\u00fcr\u00fc\u015f g\u00fcc\u00fcd\u00fcr ve a\u015f\u0131klar\u0131 olu\u015ftururken daha kararl\u0131d\u0131r.<\/p>\n<p>A\u015f\u0131k rulo \u015fekillendirme makinesi en pop\u00fcler olan\u0131d\u0131r ve Metal Yap\u0131 Sistemlerinde, B\u00fcy\u00fck \u00c7at\u0131 \u00c7\u00f6z\u00fcmlerinde, \u0130n\u015faat ve Yenileme Projelerinde vb. geni\u015f bir kullan\u0131ma sahiptir. Purlin rulo \u015fekillendirme makinemiz a\u015fa\u011f\u0131daki gibi C purlin, U purlin, Z purlin, i\u015flenebilir boyut aral\u0131\u011f\u0131 \u00fcretebilir: Geni\u015flik: 100-300mm, Y\u00fckseklik: 50-100mm, Kal\u0131nl\u0131k: 1.5-3mm. Kesit profilinize, boyut aral\u0131\u011f\u0131n\u0131za, kal\u0131nl\u0131k aral\u0131\u011f\u0131n\u0131za g\u00f6re, eksiksiz bir yap\u0131sal a\u015f\u0131k yelpazesi (motorlar taraf\u0131ndan otomatik sistem kullan\u0131larak y\u00fckseklik ve geni\u015flik de\u011fi\u015fimi) \u00fcretmek i\u00e7in size farkl\u0131 a\u015f\u0131k rulo \u015fekillendirme makinesi \u00e7\u00f6z\u00fcmleri sa\u011flayabiliriz:<\/p>\n<p>Yaln\u0131zca birka\u00e7 boyut \u00fcretmeniz gerekiyorsa, man\u015fonlar\u0131 manuel olarak de\u011fi\u015ftirmenizi de \u00f6neririz, bu daha ekonomiktir. M\u00fc\u015fterilerin \u00e7izimlerine, toleranslar\u0131na ve b\u00fct\u00e7elerine g\u00f6re farkl\u0131 \u00e7\u00f6z\u00fcmler \u00fcretiyor, t\u00fcm gereksinimlerinize uyarlanabilen profesyonel bire bir hizmet sunuyoruz. Hangi hatt\u0131 se\u00e7erseniz se\u00e7in, SUNWAY Machinery'nin kalitesi m\u00fckemmel i\u015flevsel profiller elde etmenizi sa\u011flayacakt\u0131r.<\/p>\n<h3>Profil \u00c7izimleri<\/h3>\n<p><img decoding=\"async\" class=\"alignnone size-full wp-image-5003\" src=\"https:\/\/swforming.com\/wp-content\/uploads\/2024\/09\/Hd050c85e1823464cb463c184a431cd6cv.jpg\" alt=\"\" width=\"1748\" height=\"1847\" title=\"\" srcset=\"https:\/\/swforming.com\/wp-content\/uploads\/2024\/09\/Hd050c85e1823464cb463c184a431cd6cv.jpg 1748w, https:\/\/swforming.com\/wp-content\/uploads\/2024\/09\/Hd050c85e1823464cb463c184a431cd6cv-284x300.jpg 284w, https:\/\/swforming.com\/wp-content\/uploads\/2024\/09\/Hd050c85e1823464cb463c184a431cd6cv-969x1024.jpg 969w, https:\/\/swforming.com\/wp-content\/uploads\/2024\/09\/Hd050c85e1823464cb463c184a431cd6cv-768x811.jpg 768w, https:\/\/swforming.com\/wp-content\/uploads\/2024\/09\/Hd050c85e1823464cb463c184a431cd6cv-1454x1536.jpg 1454w, https:\/\/swforming.com\/wp-content\/uploads\/2024\/09\/Hd050c85e1823464cb463c184a431cd6cv-11x12.jpg 11w, https:\/\/swforming.com\/wp-content\/uploads\/2024\/09\/Hd050c85e1823464cb463c184a431cd6cv-600x634.jpg 600w\" sizes=\"(max-width: 1748px) 100vw, 1748px\" \/><\/p>\n<p><img decoding=\"async\" class=\"alignnone size-full wp-image-5004\" src=\"https:\/\/swforming.com\/wp-content\/uploads\/2024\/09\/9135730.jpg\" alt=\"\" width=\"1052\" height=\"561\" title=\"\" srcset=\"https:\/\/swforming.com\/wp-content\/uploads\/2024\/09\/9135730.jpg 1052w, https:\/\/swforming.com\/wp-content\/uploads\/2024\/09\/9135730-300x160.jpg 300w, https:\/\/swforming.com\/wp-content\/uploads\/2024\/09\/9135730-1024x546.jpg 1024w, https:\/\/swforming.com\/wp-content\/uploads\/2024\/09\/9135730-768x410.jpg 768w, https:\/\/swforming.com\/wp-content\/uploads\/2024\/09\/9135730-18x10.jpg 18w, https:\/\/swforming.com\/wp-content\/uploads\/2024\/09\/9135730-600x320.jpg 600w\" sizes=\"(max-width: 1052px) 100vw, 1052px\" \/><\/p>\n<h3>\u00dcretim Hatt\u0131<\/h3>\n<p><img loading=\"lazy\" decoding=\"async\" class=\"alignnone size-full wp-image-5005\" src=\"https:\/\/swforming.com\/wp-content\/uploads\/2024\/09\/H896d84522a834fb893a761318a943ca6l.jpg\" alt=\"\" width=\"1748\" height=\"925\" title=\"\" srcset=\"https:\/\/swforming.com\/wp-content\/uploads\/2024\/09\/H896d84522a834fb893a761318a943ca6l.jpg 1748w, https:\/\/swforming.com\/wp-content\/uploads\/2024\/09\/H896d84522a834fb893a761318a943ca6l-300x159.jpg 300w, https:\/\/swforming.com\/wp-content\/uploads\/2024\/09\/H896d84522a834fb893a761318a943ca6l-1024x542.jpg 1024w, https:\/\/swforming.com\/wp-content\/uploads\/2024\/09\/H896d84522a834fb893a761318a943ca6l-768x406.jpg 768w, https:\/\/swforming.com\/wp-content\/uploads\/2024\/09\/H896d84522a834fb893a761318a943ca6l-1536x813.jpg 1536w, https:\/\/swforming.com\/wp-content\/uploads\/2024\/09\/H896d84522a834fb893a761318a943ca6l-18x10.jpg 18w, https:\/\/swforming.com\/wp-content\/uploads\/2024\/09\/H896d84522a834fb893a761318a943ca6l-600x318.jpg 600w\" sizes=\"(max-width: 1748px) 100vw, 1748px\" \/><\/p>\n<h3>\u00dcr\u00fcn Detaylar\u0131<\/h3>\n<p>&nbsp;<\/p>\n<p><img loading=\"lazy\" decoding=\"async\" class=\"alignnone size-full wp-image-5006\" src=\"https:\/\/swforming.com\/wp-content\/uploads\/2024\/09\/Product-Details-of-Auto-Changeable-C-Z-Purline-Machine.jpg\" alt=\"\" width=\"1045\" height=\"1902\" title=\"\" srcset=\"https:\/\/swforming.com\/wp-content\/uploads\/2024\/09\/Product-Details-of-Auto-Changeable-C-Z-Purline-Machine.jpg 1045w, https:\/\/swforming.com\/wp-content\/uploads\/2024\/09\/Product-Details-of-Auto-Changeable-C-Z-Purline-Machine-165x300.jpg 165w, https:\/\/swforming.com\/wp-content\/uploads\/2024\/09\/Product-Details-of-Auto-Changeable-C-Z-Purline-Machine-563x1024.jpg 563w, https:\/\/swforming.com\/wp-content\/uploads\/2024\/09\/Product-Details-of-Auto-Changeable-C-Z-Purline-Machine-768x1398.jpg 768w, https:\/\/swforming.com\/wp-content\/uploads\/2024\/09\/Product-Details-of-Auto-Changeable-C-Z-Purline-Machine-844x1536.jpg 844w, https:\/\/swforming.com\/wp-content\/uploads\/2024\/09\/Product-Details-of-Auto-Changeable-C-Z-Purline-Machine-7x12.jpg 7w, https:\/\/swforming.com\/wp-content\/uploads\/2024\/09\/Product-Details-of-Auto-Changeable-C-Z-Purline-Machine-600x1092.jpg 600w\" sizes=\"(max-width: 1045px) 100vw, 1045px\" \/><\/p>\n<h3>\u00dcr\u00fcn Parametreleri<\/h3>\n<div style=\"overflow-x: auto;\">\n<table>\n<tbody>\n<tr>\n<td colspan=\"3\" rowspan=\"1\">Otomatik Boyut De\u011fi\u015ftirilebilir CZ A\u015f\u0131k Rulo \u015eekillendirme Makinesi<\/td>\n<\/tr>\n<tr>\n<td colspan=\"1\" rowspan=\"2\">\n<div>\u0130\u015flenebilir Malzeme<\/div>\n<\/td>\n<td>A) Galvanizli Bobin<\/td>\n<td colspan=\"1\" rowspan=\"2\">\n<div>Kal\u0131nl\u0131k (MM): 1,5-3 veya m\u00fc\u015fteriye g\u00f6re<\/div>\n<\/td>\n<\/tr>\n<tr>\n<td>B) Karbon \u00c7elik Rulo<\/td>\n<\/tr>\n<tr>\n<td>Akma Dayan\u0131m\u0131<\/td>\n<td colspan=\"2\" rowspan=\"1\">250 - 550 Mpa<\/td>\n<\/tr>\n<tr>\n<td>Tensil Stres<\/td>\n<td colspan=\"2\" rowspan=\"1\">G350 Mpa-G550 Mpa<\/td>\n<\/tr>\n<tr>\n<td>Decoiler<\/td>\n<td>Manuel A\u00e7\u0131c\u0131<\/td>\n<td>* Hidrolik A\u00e7\u0131c\u0131 (Opsiyonel)<\/td>\n<\/tr>\n<tr>\n<td>Delme Sistemi<\/td>\n<td>\u00d6n yumruk<\/td>\n<td>* Post Punch (Opsiyonel)<\/td>\n<\/tr>\n<tr>\n<td>\u015eekillendirme \u0130stasyonu<\/td>\n<td colspan=\"2\" rowspan=\"1\">16-18 \u0130stasyonlar<\/td>\n<\/tr>\n<tr>\n<td>S\u00fcr\u00fc\u015f Sistemi<\/td>\n<td>Zincir Tahrik<\/td>\n<td>* \u015eanz\u0131man Tahriki (Opsiyonel)<\/td>\n<\/tr>\n<tr>\n<td>Makine Yap\u0131s\u0131<\/td>\n<td>Duvar Paneli \u0130stasyonu<\/td>\n<td>* D\u00f6vme Demir \u0130stasyon (Opsiyonel)<\/td>\n<\/tr>\n<tr>\n<td>\u015eekillendirme H\u0131z\u0131<\/td>\n<td>10-20 (M\/MIN)<\/td>\n<td>* Veya \u0130htiyac\u0131n\u0131za G\u00f6re<\/td>\n<\/tr>\n<tr>\n<td>Silindir Malzemesi<\/td>\n<td>GCr 15<\/td>\n<td>* Cr12Mov (\u0130ste\u011fe ba\u011fl\u0131)<\/td>\n<\/tr>\n<tr>\n<td>Kesim Sistemi<\/td>\n<td>\u00d6n kesim<\/td>\n<td>* \u00dcniversal Kesim Sonras\u0131 (\u0130ste\u011fe Ba\u011fl\u0131)<\/td>\n<\/tr>\n<tr>\n<td>Frekans De\u011fi\u015ftirici Marka<\/td>\n<td>Yaskawa<\/td>\n<td>* Siemens (Opsiyonel)<\/td>\n<\/tr>\n<tr>\n<td>PLC Markas\u0131<\/td>\n<td>Panasonic<\/td>\n<td>* Siemens (Opsiyonel)<\/td>\n<\/tr>\n<tr>\n<td>G\u00fc\u00e7 Kayna\u011f\u0131<\/td>\n<td>380V 50Hz<\/td>\n<td>* Veya \u0130htiyac\u0131n\u0131za G\u00f6re<\/td>\n<\/tr>\n<tr>\n<td>Makine Rengi<\/td>\n<td>End\u00fcstriyel Mavi<\/td>\n<td>* Veya \u0130htiyac\u0131n\u0131za G\u00f6re<\/td>\n<\/tr>\n<\/tbody>\n<\/table>\n<\/div>\n<h3>Uygulama<\/h3>\n<p><img loading=\"lazy\" decoding=\"async\" class=\"alignnone size-full wp-image-5007\" src=\"https:\/\/swforming.com\/wp-content\/uploads\/2024\/09\/9140347.jpg\" alt=\"\" width=\"1054\" height=\"681\" title=\"\" srcset=\"https:\/\/swforming.com\/wp-content\/uploads\/2024\/09\/9140347.jpg 1054w, https:\/\/swforming.com\/wp-content\/uploads\/2024\/09\/9140347-300x194.jpg 300w, https:\/\/swforming.com\/wp-content\/uploads\/2024\/09\/9140347-1024x662.jpg 1024w, https:\/\/swforming.com\/wp-content\/uploads\/2024\/09\/9140347-768x496.jpg 768w, https:\/\/swforming.com\/wp-content\/uploads\/2024\/09\/9140347-18x12.jpg 18w, https:\/\/swforming.com\/wp-content\/uploads\/2024\/09\/9140347-600x388.jpg 600w\" sizes=\"(max-width: 1054px) 100vw, 1054px\" \/><\/p>","protected":false},"excerpt":{"rendered":"<p>SUNWAY, bu otomatik de\u011fi\u015ftirilebilir C Z purline makinesini, PLC \u00fczerinde otomatik olarak ayarlanabilen boyutlarda, her boyutta purlin ile \u00e7al\u0131\u015facak \u015fekilde tasarlar. Dahas\u0131, C'den Z'ye de\u011fi\u015ftirme s\u00fcresi sadece 5-10 dakikaya ihtiya\u00e7 duyar. Delme \u00fcnitesi ile ilgili olarak, ihtiyac\u0131n\u0131za g\u00f6re \u00f6n delme, son delme tasarlayabiliriz. Kesme \u00fcnitesi i\u00e7in, evrensel kesim olan \u00f6n kesim veya son kesimi se\u00e7ebilirsiniz. Hammadde 2,5 mm'den daha kal\u0131nsa, zinciri ve \u00e7o\u011funlukla \u015fanz\u0131man i\u00e7in gimbal \/ di\u015fli kutusu ile benimsedi\u011fimiz s\u00fcr\u00fc\u015f sistemi, bu \u00e7ok daha g\u00fc\u00e7l\u00fc s\u00fcr\u00fc\u015f g\u00fcc\u00fcd\u00fcr ve a\u015f\u0131klar\u0131 olu\u015ftururken daha kararl\u0131d\u0131r.<\/p>","protected":false},"featured_media":4999,"comment_status":"closed","ping_status":"closed","template":"","meta":{"_acf_changed":false},"product_brand":[],"product_cat":[52,74],"product_tag":[],"class_list":{"0":"post-4995","1":"product","2":"type-product","3":"status-publish","4":"has-post-thumbnail","6":"product_cat-steel-structure","7":"product_cat-cz-purlin-roll-forming-machine","9":"first","10":"instock","11":"shipping-taxable","12":"product-type-simple"},"acf":[],"_links":{"self":[{"href":"https:\/\/swforming.com\/tr\/wp-json\/wp\/v2\/product\/4995","targetHints":{"allow":["GET"]}}],"collection":[{"href":"https:\/\/swforming.com\/tr\/wp-json\/wp\/v2\/product"}],"about":[{"href":"https:\/\/swforming.com\/tr\/wp-json\/wp\/v2\/types\/product"}],"replies":[{"embeddable":true,"href":"https:\/\/swforming.com\/tr\/wp-json\/wp\/v2\/comments?post=4995"}],"version-history":[{"count":1,"href":"https:\/\/swforming.com\/tr\/wp-json\/wp\/v2\/product\/4995\/revisions"}],"predecessor-version":[{"id":5008,"href":"https:\/\/swforming.com\/tr\/wp-json\/wp\/v2\/product\/4995\/revisions\/5008"}],"wp:featuredmedia":[{"embeddable":true,"href":"https:\/\/swforming.com\/tr\/wp-json\/wp\/v2\/media\/4999"}],"wp:attachment":[{"href":"https:\/\/swforming.com\/tr\/wp-json\/wp\/v2\/media?parent=4995"}],"wp:term":[{"taxonomy":"product_brand","embeddable":true,"href":"https:\/\/swforming.com\/tr\/wp-json\/wp\/v2\/product_brand?post=4995"},{"taxonomy":"product_cat","embeddable":true,"href":"https:\/\/swforming.com\/tr\/wp-json\/wp\/v2\/product_cat?post=4995"},{"taxonomy":"product_tag","embeddable":true,"href":"https:\/\/swforming.com\/tr\/wp-json\/wp\/v2\/product_tag?post=4995"}],"curies":[{"name":"wp","href":"https:\/\/api.w.org\/{rel}","templated":true}]}}