{"id":4116,"date":"2023-10-09T07:14:44","date_gmt":"2023-10-09T07:14:44","guid":{"rendered":"https:\/\/swforming.com\/?post_type=product&#038;p=4116"},"modified":"2023-10-09T07:14:45","modified_gmt":"2023-10-09T07:14:45","slug":"standing-seam-roof-panel-curving-machine","status":"publish","type":"product","link":"https:\/\/swforming.com\/tr\/product\/standing-seam-roof-panel-curving-machine\/","title":{"rendered":"Diki\u015fli \u00c7at\u0131 Paneli K\u0131v\u0131rma Makinesi"},"content":{"rendered":"<p><img fetchpriority=\"high\" decoding=\"async\" class=\"alignnone size-full wp-image-4123\" src=\"https:\/\/swforming.com\/wp-content\/uploads\/2023\/10\/Hdb6b3551486545a99263491c925ab718A.jpg\" alt=\"\" width=\"750\" height=\"1239\" title=\"\" srcset=\"https:\/\/swforming.com\/wp-content\/uploads\/2023\/10\/Hdb6b3551486545a99263491c925ab718A.jpg 750w, https:\/\/swforming.com\/wp-content\/uploads\/2023\/10\/Hdb6b3551486545a99263491c925ab718A-600x991.jpg 600w, https:\/\/swforming.com\/wp-content\/uploads\/2023\/10\/Hdb6b3551486545a99263491c925ab718A-182x300.jpg 182w, https:\/\/swforming.com\/wp-content\/uploads\/2023\/10\/Hdb6b3551486545a99263491c925ab718A-620x1024.jpg 620w, https:\/\/swforming.com\/wp-content\/uploads\/2023\/10\/Hdb6b3551486545a99263491c925ab718A-7x12.jpg 7w\" sizes=\"(max-width: 750px) 100vw, 750px\" \/><\/p>\n<p>\u00c7at\u0131 paneli k\u0131vr\u0131m k\u0131v\u0131rma makinesi olarak da adland\u0131r\u0131lan dikme diki\u015f \u00e7at\u0131 paneli k\u0131v\u0131rma makinesi, dikme diki\u015f \u00e7at\u0131 paneli rulo \u015fekillendirme makinesi i\u00e7in yard\u0131mc\u0131 bir cihazd\u0131r. Diki\u015fli \u00e7at\u0131 kaplama levhas\u0131n\u0131 farkl\u0131 yar\u0131\u00e7apl\u0131 gerekli bir \u015fekle k\u0131v\u0131rmak i\u00e7in kullan\u0131l\u0131r. Genel olarak, bir m\u00fc\u015fteri bu k\u0131v\u0131rma makinesi ile bir dikme diki\u015f \u00e7at\u0131 paneli rulo \u015fekillendirme makinesi sat\u0131n alacakt\u0131r. K\u0131v\u0131rma makinesi, \u00e7at\u0131 kaplama levhas\u0131 rulo \u015fekillendirme makinesi taraf\u0131ndan \u00fcretilen levhay\u0131 k\u0131v\u0131rmak i\u00e7in kullan\u0131l\u0131r. Normalde panel kal\u0131nl\u0131\u011f\u0131 normal galvanizli \u00e7elik veya renkli bobin ile 0.3-0.8mm'dir.<\/p>\n<p>\u0130n\u015faat Sekt\u00f6r\u00fcnde, ana kanal rulo \u015fekillendirme makinesi, a\u015f\u0131k rulo \u015fekillendirme makinesi, al\u00e7\u0131pan rulo \u015fekillendirme makinesi, saplama rulo \u015fekillendirme makinesi, palet rulo \u015fekillendirme makinesi, silindir \u015fapka rulo \u015fekillendirme makinesi, klips rulo \u015fekillendirme makinesi, metal g\u00fcverte (zemin g\u00fcverte) rulo \u015fekillendirme makinesi, \u00e7at\u0131 \/ duvar paneli rulo \u015fekillendirme makinesi, kiremit rulo \u015fekillendirme makinesi, oluklu rulo \u015fekillendirme makinesi, mahya kapa\u011f\u0131 rulo \u015fekillendirme makinesi, ini\u015f borusu rulo \u015fekillendirme makinesi vb. gibi daha fazla makine \u00fcretebiliyoruz.<\/p>\n<p>M\u00fc\u015fterilerin \u00e7izimlerine, toleranslar\u0131na ve b\u00fct\u00e7elerine g\u00f6re farkl\u0131 \u00e7\u00f6z\u00fcmler \u00fcretiyor, t\u00fcm gereksinimlerinize uyarlanabilen profesyonel bire bir hizmet sunuyoruz. Hangi hatt\u0131 se\u00e7erseniz se\u00e7in, SUNWAY Machinery'nin kalitesi m\u00fckemmel i\u015flevsel profiller elde etmenizi sa\u011flayacakt\u0131r.<\/p>\n<h3>Profil \u00c7izimleri<\/h3>\n<p><img decoding=\"async\" class=\"alignnone size-full wp-image-4124\" src=\"https:\/\/swforming.com\/wp-content\/uploads\/2023\/10\/H0194a052e2964576a5da2f9991c9c9d9h.jpg\" alt=\"\" width=\"1748\" height=\"2101\" title=\"\" srcset=\"https:\/\/swforming.com\/wp-content\/uploads\/2023\/10\/H0194a052e2964576a5da2f9991c9c9d9h.jpg 1748w, https:\/\/swforming.com\/wp-content\/uploads\/2023\/10\/H0194a052e2964576a5da2f9991c9c9d9h-600x721.jpg 600w, https:\/\/swforming.com\/wp-content\/uploads\/2023\/10\/H0194a052e2964576a5da2f9991c9c9d9h-250x300.jpg 250w, https:\/\/swforming.com\/wp-content\/uploads\/2023\/10\/H0194a052e2964576a5da2f9991c9c9d9h-852x1024.jpg 852w, https:\/\/swforming.com\/wp-content\/uploads\/2023\/10\/H0194a052e2964576a5da2f9991c9c9d9h-768x923.jpg 768w, https:\/\/swforming.com\/wp-content\/uploads\/2023\/10\/H0194a052e2964576a5da2f9991c9c9d9h-1278x1536.jpg 1278w, https:\/\/swforming.com\/wp-content\/uploads\/2023\/10\/H0194a052e2964576a5da2f9991c9c9d9h-1704x2048.jpg 1704w, https:\/\/swforming.com\/wp-content\/uploads\/2023\/10\/H0194a052e2964576a5da2f9991c9c9d9h-10x12.jpg 10w\" sizes=\"(max-width: 1748px) 100vw, 1748px\" \/> <img decoding=\"async\" class=\"alignnone size-full wp-image-4125\" src=\"https:\/\/swforming.com\/wp-content\/uploads\/2023\/10\/009151118.png\" alt=\"\" width=\"750\" height=\"184\" title=\"\" srcset=\"https:\/\/swforming.com\/wp-content\/uploads\/2023\/10\/009151118.png 750w, https:\/\/swforming.com\/wp-content\/uploads\/2023\/10\/009151118-600x147.png 600w, https:\/\/swforming.com\/wp-content\/uploads\/2023\/10\/009151118-300x74.png 300w, https:\/\/swforming.com\/wp-content\/uploads\/2023\/10\/009151118-18x4.png 18w\" sizes=\"(max-width: 750px) 100vw, 750px\" \/><\/p>\n<h3>\u00dcr\u00fcn Parametreleri<\/h3>\n<div style=\"overflow-x: auto;\">\n<table>\n<tbody>\n<tr>\n<td style=\"text-align: center;\" colspan=\"3\" rowspan=\"1\" data-sheets-value=\"{&quot;1&quot;:2,&quot;2&quot;:&quot;Standing Seam Roof Panel Curving Machine&quot;}\"><strong>Diki\u015fli \u00c7at\u0131 Paneli K\u0131v\u0131rma Makinesi<\/strong><\/td>\n<\/tr>\n<tr>\n<td colspan=\"1\" rowspan=\"2\" data-sheets-value=\"{&quot;1&quot;:2,&quot;2&quot;:&quot;Raw Material&quot;}\">\n<div>Hammadde<\/div>\n<\/td>\n<td data-sheets-value=\"{&quot;1&quot;:2,&quot;2&quot;:&quot;A) Galvanized Coil&quot;}\">A) Galvanizli Bobin<\/td>\n<td colspan=\"1\" rowspan=\"2\" data-sheets-value=\"{&quot;1&quot;:2,&quot;2&quot;:&quot;Thickness(MM): 0.3-0.8 or as per customer&quot;}\">\n<div>Kal\u0131nl\u0131k (MM): 0.3-0.8 veya m\u00fc\u015fteriye g\u00f6re<\/div>\n<\/td>\n<\/tr>\n<tr>\n<td data-sheets-value=\"{&quot;1&quot;:2,&quot;2&quot;:&quot;B) Aluminium coil, s.s coil&quot;}\">B) Al\u00fcminyum bobin, s.s bobin<\/td>\n<\/tr>\n<tr>\n<td data-sheets-value=\"{&quot;1&quot;:2,&quot;2&quot;:&quot;Yield Strength&quot;}\">Akma Dayan\u0131m\u0131<\/td>\n<td colspan=\"2\" rowspan=\"1\" data-sheets-value=\"{&quot;1&quot;:2,&quot;2&quot;:&quot;250 - 350 Mpa \/ 350-550 Mpa Or More&quot;}\">250 - 350 Mpa \/ 350-550 Mpa veya Daha Fazla<\/td>\n<\/tr>\n<tr>\n<td data-sheets-value=\"{&quot;1&quot;:2,&quot;2&quot;:&quot;Tensil Stress&quot;}\">Tensil Stres<\/td>\n<td colspan=\"2\" rowspan=\"1\" data-sheets-value=\"{&quot;1&quot;:2,&quot;2&quot;:&quot;350 Mpa - 550 Mpa Or More&quot;}\">350 Mpa - 550 Mpa veya Daha Fazla<\/td>\n<\/tr>\n<tr>\n<td data-sheets-value=\"{&quot;1&quot;:2,&quot;2&quot;:&quot;Panel Width&quot;}\">Panel Geni\u015fli\u011fi<\/td>\n<td colspan=\"2\" rowspan=\"1\" data-sheets-value=\"{&quot;1&quot;:2,&quot;2&quot;:&quot;As Per The Panel With Comes From Roll Forming Machine&quot;}\">Rulo \u015eekillendirme Makinesinden Gelen Panele G\u00f6re<\/td>\n<\/tr>\n<tr>\n<td data-sheets-value=\"{&quot;1&quot;:2,&quot;2&quot;:&quot;Feeding Way&quot;}\">Beslenme Yolu<\/td>\n<td colspan=\"2\" rowspan=\"1\" data-sheets-value=\"{&quot;1&quot;:2,&quot;2&quot;:&quot;Manual Feeding&quot;}\">Manuel Besleme<\/td>\n<\/tr>\n<tr>\n<td data-sheets-value=\"{&quot;1&quot;:2,&quot;2&quot;:&quot;Curving System&quot;}\">E\u011fri Sistem<\/td>\n<td colspan=\"2\" rowspan=\"1\" data-sheets-value=\"{&quot;1&quot;:2,&quot;2&quot;:&quot;Hydraulic&quot;}\">Hidrolik<\/td>\n<\/tr>\n<tr>\n<td data-sheets-value=\"{&quot;1&quot;:2,&quot;2&quot;:&quot;Material Of Punching Mould&quot;}\">Delme Kal\u0131b\u0131 Malzemesi<\/td>\n<td colspan=\"2\" rowspan=\"1\" data-sheets-value=\"{&quot;1&quot;:2,&quot;2&quot;:&quot;Cr12Mov, Heat Treatment&quot;}\">Cr12Mov, Is\u0131l \u0130\u015flem<\/td>\n<\/tr>\n<tr>\n<td data-sheets-value=\"{&quot;1&quot;:2,&quot;2&quot;:&quot;Automatic&quot;}\">Otomatik<\/td>\n<td colspan=\"2\" rowspan=\"1\" data-sheets-value=\"{&quot;1&quot;:2,&quot;2&quot;:&quot;Automatic Set-up Radius, 20 Different Radius Can Be Inputted In Control System At The Same Time (Both Positive Arc And Reversed Arc)&quot;}\">Otomatik Ayar Yar\u0131\u00e7ap\u0131, Kontrol Sistemine Ayn\u0131 Anda 20 Farkl\u0131 Yar\u0131\u00e7ap Girilebilir (Hem Pozitif Ark Hem de Ters Ark)<\/td>\n<\/tr>\n<tr>\n<td data-sheets-value=\"{&quot;1&quot;:2,&quot;2&quot;:&quot;Curving Speed&quot;}\">K\u0131vr\u0131lma H\u0131z\u0131<\/td>\n<td colspan=\"2\" rowspan=\"1\" data-sheets-value=\"{&quot;1&quot;:2,&quot;2&quot;:&quot;About 15m\/min&quot;}\">Yakla\u015f\u0131k 15m\/dak<\/td>\n<\/tr>\n<tr>\n<td data-sheets-value=\"{&quot;1&quot;:2,&quot;2&quot;:&quot;Power Supply&quot;}\">G\u00fc\u00e7 Kayna\u011f\u0131<\/td>\n<td data-sheets-value=\"{&quot;1&quot;:2,&quot;2&quot;:&quot;380V 50Hz&quot;}\">380V 50Hz<\/td>\n<td data-sheets-value=\"{&quot;1&quot;:2,&quot;2&quot;:&quot;* Or According To Your Requirment&quot;}\">* Veya \u0130htiyac\u0131n\u0131za G\u00f6re<\/td>\n<\/tr>\n<tr>\n<td data-sheets-value=\"{&quot;1&quot;:2,&quot;2&quot;:&quot;Machine Color&quot;}\">Makine Rengi<\/td>\n<td data-sheets-value=\"{&quot;1&quot;:2,&quot;2&quot;:&quot;Industrial Blue&quot;}\">End\u00fcstriyel Mavi<\/td>\n<td data-sheets-value=\"{&quot;1&quot;:2,&quot;2&quot;:&quot;* Or According To Your Requirment&quot;}\">* Veya \u0130htiyac\u0131n\u0131za G\u00f6re<\/td>\n<\/tr>\n<\/tbody>\n<\/table>\n<\/div>","protected":false},"excerpt":{"rendered":"<p>\u00c7at\u0131 paneli k\u0131vr\u0131m k\u0131v\u0131rma makinesi olarak da adland\u0131r\u0131lan dikme diki\u015f \u00e7at\u0131 paneli k\u0131v\u0131rma makinesi, dikme diki\u015f \u00e7at\u0131 paneli rulo \u015fekillendirme makinesi i\u00e7in yard\u0131mc\u0131 bir cihazd\u0131r. Diki\u015fli \u00e7at\u0131 kaplama levhas\u0131n\u0131 farkl\u0131 yar\u0131\u00e7apl\u0131 gerekli bir \u015fekle k\u0131v\u0131rmak i\u00e7in kullan\u0131l\u0131r. Genel olarak, bir m\u00fc\u015fteri bu k\u0131v\u0131rma makinesi ile bir dikme diki\u015f \u00e7at\u0131 paneli rulo \u015fekillendirme makinesi sat\u0131n alacakt\u0131r. K\u0131v\u0131rma makinesi, \u00e7at\u0131 kaplama levhas\u0131 rulo \u015fekillendirme makinesi taraf\u0131ndan \u00fcretilen levhay\u0131 k\u0131v\u0131rmak i\u00e7in kullan\u0131l\u0131r. Normalde panel kal\u0131nl\u0131\u011f\u0131 normal galvanizli \u00e7elik veya renkli bobin ile 0.3-0.8mm'dir.<\/p>","protected":false},"featured_media":4117,"comment_status":"closed","ping_status":"closed","template":"","meta":{"_acf_changed":false},"product_brand":[],"product_cat":[45,115],"product_tag":[],"class_list":{"0":"post-4116","1":"product","2":"type-product","3":"status-publish","4":"has-post-thumbnail","6":"product_cat-metal-wall-roofing","7":"product_cat-stand-seaming-roof-panel-roll-forming-machine","9":"first","10":"instock","11":"shipping-taxable","12":"product-type-simple"},"acf":[],"_links":{"self":[{"href":"https:\/\/swforming.com\/tr\/wp-json\/wp\/v2\/product\/4116","targetHints":{"allow":["GET"]}}],"collection":[{"href":"https:\/\/swforming.com\/tr\/wp-json\/wp\/v2\/product"}],"about":[{"href":"https:\/\/swforming.com\/tr\/wp-json\/wp\/v2\/types\/product"}],"replies":[{"embeddable":true,"href":"https:\/\/swforming.com\/tr\/wp-json\/wp\/v2\/comments?post=4116"}],"version-history":[{"count":1,"href":"https:\/\/swforming.com\/tr\/wp-json\/wp\/v2\/product\/4116\/revisions"}],"predecessor-version":[{"id":4126,"href":"https:\/\/swforming.com\/tr\/wp-json\/wp\/v2\/product\/4116\/revisions\/4126"}],"wp:featuredmedia":[{"embeddable":true,"href":"https:\/\/swforming.com\/tr\/wp-json\/wp\/v2\/media\/4117"}],"wp:attachment":[{"href":"https:\/\/swforming.com\/tr\/wp-json\/wp\/v2\/media?parent=4116"}],"wp:term":[{"taxonomy":"product_brand","embeddable":true,"href":"https:\/\/swforming.com\/tr\/wp-json\/wp\/v2\/product_brand?post=4116"},{"taxonomy":"product_cat","embeddable":true,"href":"https:\/\/swforming.com\/tr\/wp-json\/wp\/v2\/product_cat?post=4116"},{"taxonomy":"product_tag","embeddable":true,"href":"https:\/\/swforming.com\/tr\/wp-json\/wp\/v2\/product_tag?post=4116"}],"curies":[{"name":"wp","href":"https:\/\/api.w.org\/{rel}","templated":true}]}}