{"id":4074,"date":"2023-09-25T09:04:56","date_gmt":"2023-09-25T09:04:56","guid":{"rendered":"https:\/\/swforming.com\/?post_type=product&#038;p=4074"},"modified":"2023-09-25T09:04:57","modified_gmt":"2023-09-25T09:04:57","slug":"semi-auto-size-changeable-cz-purlin-roll-forming-machine","status":"publish","type":"product","link":"https:\/\/swforming.com\/tr\/product\/semi-auto-size-changeable-cz-purlin-roll-forming-machine\/","title":{"rendered":"Yar\u0131 Otomatik Boyut De\u011fi\u015ftirilebilir CZ A\u015f\u0131k Rulo \u015eekillendirme Makinesi"},"content":{"rendered":"<p><img fetchpriority=\"high\" decoding=\"async\" class=\"alignnone size-full wp-image-4081\" src=\"https:\/\/swforming.com\/wp-content\/uploads\/2023\/09\/Hc309666d13e54f459f65259dc37eed0as.jpg\" alt=\"\" width=\"750\" height=\"1030\" title=\"\" srcset=\"https:\/\/swforming.com\/wp-content\/uploads\/2023\/09\/Hc309666d13e54f459f65259dc37eed0as.jpg 750w, https:\/\/swforming.com\/wp-content\/uploads\/2023\/09\/Hc309666d13e54f459f65259dc37eed0as-600x824.jpg 600w, https:\/\/swforming.com\/wp-content\/uploads\/2023\/09\/Hc309666d13e54f459f65259dc37eed0as-218x300.jpg 218w, https:\/\/swforming.com\/wp-content\/uploads\/2023\/09\/Hc309666d13e54f459f65259dc37eed0as-746x1024.jpg 746w, https:\/\/swforming.com\/wp-content\/uploads\/2023\/09\/Hc309666d13e54f459f65259dc37eed0as-9x12.jpg 9w\" sizes=\"(max-width: 750px) 100vw, 750px\" \/><\/p>\n<p>Bu Yar\u0131 otomatik boyut de\u011fi\u015ftirilebilir CZ a\u015f\u0131k rulo \u015fekillendirme makinesi, 100-300 mm geni\u015flikten C &amp; Z \u015fekilli a\u015f\u0131klar \u00fcretmek i\u00e7in kullan\u0131l\u0131r, normalde malzeme kal\u0131nl\u0131\u011f\u0131 1.5-3 mm'dir.<\/p>\n<p>SUNWAY, bu CZ a\u015f\u0131k h\u0131zl\u0131 de\u011fi\u015ftirilebilir rulo \u015fekillendirme makinesini, tam otomatik boyut de\u011fi\u015ftirilebilir makineden (PLC'de ayarlanan) farkl\u0131 olan d\u00fc\u011fme ile otomatik olarak ayarlanabilir boyutlarda (sabit g\u00f6sterge cetveli ile) herhangi bir a\u015f\u0131k boyutuyla \u00e7al\u0131\u015facak \u015fekilde tasarlar. Dahas\u0131, C'den Z'ye de\u011fi\u015ftirme s\u00fcresi sadece 10 dakikaya ihtiya\u00e7 duyar. Delme \u00fcnitesi ile ilgili olarak, ihtiyac\u0131n\u0131za g\u00f6re \u00f6n delme, son delme tasarlayabiliriz. Kesme \u00fcnitesi i\u00e7in, evrensel kesim olan \u00f6n kesim veya son kesimi se\u00e7ebilirsiniz. Hammadde 2,5 mm'den daha kal\u0131nsa, zinciri ve \u00e7o\u011funlukla \u015fanz\u0131man i\u00e7in gimbal \/ di\u015fli kutusu ile benimsedi\u011fimiz s\u00fcr\u00fc\u015f sistemi, bu \u00e7ok daha g\u00fc\u00e7l\u00fc s\u00fcr\u00fc\u015f g\u00fcc\u00fcd\u00fcr ve a\u015f\u0131klar\u0131 olu\u015ftururken daha kararl\u0131d\u0131r.<\/p>\n<p>A\u015f\u0131k rulo \u015fekillendirme makinesi en pop\u00fcler olan\u0131d\u0131r ve Metal Yap\u0131 Sistemlerinde, B\u00fcy\u00fck \u00c7at\u0131 \u00c7\u00f6z\u00fcmlerinde, \u0130n\u015faat ve Yenileme Projelerinde vb. geni\u015f bir kullan\u0131ma sahiptir. Purlin rulo \u015fekillendirme makinemiz a\u015fa\u011f\u0131daki gibi C purlin, U purlin, Z purlin, i\u015flenebilir boyut aral\u0131\u011f\u0131 \u00fcretebilir: Geni\u015flik: 100-300mm, Y\u00fckseklik: 50-100mm, Kal\u0131nl\u0131k: 1.5-3mm. Kesit profilinize, boyut aral\u0131\u011f\u0131n\u0131za, kal\u0131nl\u0131k aral\u0131\u011f\u0131n\u0131za g\u00f6re, eksiksiz bir yap\u0131sal a\u015f\u0131k yelpazesi (motorlar taraf\u0131ndan otomatik sistem kullan\u0131larak y\u00fckseklik ve geni\u015flik de\u011fi\u015fimi) \u00fcretmek i\u00e7in size farkl\u0131 a\u015f\u0131k rulo \u015fekillendirme makinesi \u00e7\u00f6z\u00fcmleri sa\u011flayabiliriz:<\/p>\n<p>Yaln\u0131zca birka\u00e7 beden \u00fcretmeniz gerekiyorsa, kollar\u0131 manuel olarak de\u011fi\u015ftirmenizi de \u00f6neririz, bu daha ekonomiktir.<\/p>\n<p>M\u00fc\u015fterilerin \u00e7izimlerine, toleranslar\u0131na ve b\u00fct\u00e7elerine g\u00f6re farkl\u0131 \u00e7\u00f6z\u00fcmler \u00fcretiyor, t\u00fcm gereksinimlerinize uyarlanabilen profesyonel bire bir hizmet sunuyoruz. Hangi hatt\u0131 se\u00e7erseniz se\u00e7in, SUNWAY Machinery'nin kalitesi m\u00fckemmel i\u015flevsel profiller elde etmenizi sa\u011flayacakt\u0131r.<\/p>\n<h3>Profil \u00c7izimleri<\/h3>\n<p><img decoding=\"async\" class=\"alignnone size-full wp-image-4082\" src=\"https:\/\/swforming.com\/wp-content\/uploads\/2023\/09\/He01e5dc90f274a47a11a34bbb3a7fb16l-scaled.jpg\" alt=\"\" width=\"1534\" height=\"2560\" title=\"\" srcset=\"https:\/\/swforming.com\/wp-content\/uploads\/2023\/09\/He01e5dc90f274a47a11a34bbb3a7fb16l-scaled.jpg 1534w, https:\/\/swforming.com\/wp-content\/uploads\/2023\/09\/He01e5dc90f274a47a11a34bbb3a7fb16l-scaled-600x1001.jpg 600w, https:\/\/swforming.com\/wp-content\/uploads\/2023\/09\/He01e5dc90f274a47a11a34bbb3a7fb16l-180x300.jpg 180w, https:\/\/swforming.com\/wp-content\/uploads\/2023\/09\/He01e5dc90f274a47a11a34bbb3a7fb16l-613x1024.jpg 613w, https:\/\/swforming.com\/wp-content\/uploads\/2023\/09\/He01e5dc90f274a47a11a34bbb3a7fb16l-768x1282.jpg 768w, https:\/\/swforming.com\/wp-content\/uploads\/2023\/09\/He01e5dc90f274a47a11a34bbb3a7fb16l-920x1536.jpg 920w, https:\/\/swforming.com\/wp-content\/uploads\/2023\/09\/He01e5dc90f274a47a11a34bbb3a7fb16l-1227x2048.jpg 1227w, https:\/\/swforming.com\/wp-content\/uploads\/2023\/09\/He01e5dc90f274a47a11a34bbb3a7fb16l-7x12.jpg 7w\" sizes=\"(max-width: 1534px) 100vw, 1534px\" \/><\/p>\n<p><img decoding=\"async\" class=\"alignnone size-full wp-image-4083\" src=\"https:\/\/swforming.com\/wp-content\/uploads\/2023\/09\/20230925165457.png\" alt=\"\" width=\"749\" height=\"372\" title=\"\" srcset=\"https:\/\/swforming.com\/wp-content\/uploads\/2023\/09\/20230925165457.png 749w, https:\/\/swforming.com\/wp-content\/uploads\/2023\/09\/20230925165457-600x298.png 600w, https:\/\/swforming.com\/wp-content\/uploads\/2023\/09\/20230925165457-300x149.png 300w, https:\/\/swforming.com\/wp-content\/uploads\/2023\/09\/20230925165457-18x9.png 18w\" sizes=\"(max-width: 749px) 100vw, 749px\" \/><\/p>\n<h3>\u00dcretim Hatt\u0131<\/h3>\n<p><img loading=\"lazy\" decoding=\"async\" class=\"alignnone size-full wp-image-4084\" src=\"https:\/\/swforming.com\/wp-content\/uploads\/2023\/09\/Hbd166d235f894200b15a169e13566b653.jpg\" alt=\"\" width=\"1748\" height=\"1314\" title=\"\" srcset=\"https:\/\/swforming.com\/wp-content\/uploads\/2023\/09\/Hbd166d235f894200b15a169e13566b653.jpg 1748w, https:\/\/swforming.com\/wp-content\/uploads\/2023\/09\/Hbd166d235f894200b15a169e13566b653-600x451.jpg 600w, https:\/\/swforming.com\/wp-content\/uploads\/2023\/09\/Hbd166d235f894200b15a169e13566b653-300x226.jpg 300w, https:\/\/swforming.com\/wp-content\/uploads\/2023\/09\/Hbd166d235f894200b15a169e13566b653-1024x770.jpg 1024w, https:\/\/swforming.com\/wp-content\/uploads\/2023\/09\/Hbd166d235f894200b15a169e13566b653-768x577.jpg 768w, https:\/\/swforming.com\/wp-content\/uploads\/2023\/09\/Hbd166d235f894200b15a169e13566b653-1536x1155.jpg 1536w, https:\/\/swforming.com\/wp-content\/uploads\/2023\/09\/Hbd166d235f894200b15a169e13566b653-16x12.jpg 16w\" sizes=\"(max-width: 1748px) 100vw, 1748px\" \/><\/p>\n<h3>\u00dcr\u00fcn Detaylar\u0131<\/h3>\n<p><img loading=\"lazy\" decoding=\"async\" class=\"alignnone wp-image-4086 size-full\" src=\"https:\/\/swforming.com\/wp-content\/uploads\/2023\/09\/20230925165756-1.png\" alt=\"\" width=\"747\" height=\"1285\" title=\"\" srcset=\"https:\/\/swforming.com\/wp-content\/uploads\/2023\/09\/20230925165756-1.png 747w, https:\/\/swforming.com\/wp-content\/uploads\/2023\/09\/20230925165756-1-600x1032.png 600w, https:\/\/swforming.com\/wp-content\/uploads\/2023\/09\/20230925165756-1-174x300.png 174w, https:\/\/swforming.com\/wp-content\/uploads\/2023\/09\/20230925165756-1-595x1024.png 595w, https:\/\/swforming.com\/wp-content\/uploads\/2023\/09\/20230925165756-1-7x12.png 7w\" sizes=\"(max-width: 747px) 100vw, 747px\" \/><\/p>\n<div class=\"magic-52\">\n<div class=\"J_module\">\n<h3 id=\"ali-anchor-AliMagic-labfgx\" class=\"magic-0\" data-section=\"AliMagic-labfgx\" data-section-title=\"Product Paramenters\" data-spm-anchor-id=\"a2700.details.0.i84.15ac27375hFknf\">\u00dcr\u00fcn Paramenterleri<\/h3>\n<\/div>\n<div class=\"J_module\">\n<div class=\"ife-detail-decorate-table\">\n<table class=\"all magic-30\">\n<tbody>\n<tr>\n<td colspan=\"3\" rowspan=\"1\">\n<div class=\"magic-31\">\n<div class=\"magic-22\" style=\"text-align: center;\" data-spm-anchor-id=\"a2700.custom-template.0.i23.43973333TZKcM3\"><span class=\"magic-24\"><b data-spm-anchor-id=\"a2700.custom-template.0.i11.33513333YQUFFP\">Yar\u0131 Otomatik Boyut De\u011fi\u015ftirilebilir CZ A\u015f\u0131k Rulo \u015eekillendirme Makinesi<\/b><\/span><\/div>\n<\/div>\n<\/td>\n<\/tr>\n<tr>\n<td colspan=\"1\" rowspan=\"2\">\n<div class=\"magic-35\">\n<div data-spm-anchor-id=\"a2700.custom-template.0.i53.43973333TZKcM3\"><span class=\"magic-36\">Hammadde<\/span><\/div>\n<\/div>\n<\/td>\n<td colspan=\"1\" rowspan=\"1\">\n<div class=\"magic-37\"><span class=\"magic-36\">A) Galvanizli Bobin<\/span><\/div>\n<\/td>\n<td class=\"magic-38\" colspan=\"1\" rowspan=\"2\">\n<div class=\"magic-39\">\n<div data-spm-anchor-id=\"a2700.custom-template.0.i22.530a3333coidec\">Kal\u0131nl\u0131k (MM): 1,5-3 veya m\u00fc\u015fteriye g\u00f6re<\/div>\n<\/div>\n<\/td>\n<\/tr>\n<tr>\n<td colspan=\"1\" rowspan=\"1\">\n<div class=\"magic-41\"><span class=\"magic-36\">B) Karbon \u00c7elik Rulo<\/span><\/div>\n<\/td>\n<\/tr>\n<tr>\n<td colspan=\"1\" rowspan=\"1\">\n<div class=\"magic-42\">Akma Dayan\u0131m\u0131<\/div>\n<\/td>\n<td colspan=\"2\" rowspan=\"1\">\n<div class=\"magic-43\">250 - 550 Mpa<\/div>\n<\/td>\n<\/tr>\n<tr>\n<td colspan=\"1\" rowspan=\"1\">\n<div class=\"magic-45\">Tensil Stres<\/div>\n<\/td>\n<td colspan=\"2\" rowspan=\"1\">\n<div class=\"magic-43\">\n<div class=\"magic-46\" data-spm-anchor-id=\"a2700.custom-template.0.i221.43973333TZKcM3\">G350 Mpa-G550 Mpa<\/div>\n<\/div>\n<\/td>\n<\/tr>\n<tr>\n<td colspan=\"1\" rowspan=\"1\">\n<div class=\"magic-42\">Decoiler<\/div>\n<\/td>\n<td colspan=\"1\" rowspan=\"1\">\n<div class=\"magic-48\">Manuel A\u00e7\u0131c\u0131<\/div>\n<\/td>\n<td colspan=\"1\" rowspan=\"1\">\n<div class=\"magic-49\">* Hidrolik A\u00e7\u0131c\u0131 (Opsiyonel)<\/div>\n<\/td>\n<\/tr>\n<tr>\n<td colspan=\"1\" rowspan=\"1\">\n<div class=\"magic-42\">Delme Sistemi<\/div>\n<\/td>\n<td colspan=\"1\" rowspan=\"1\">\n<div class=\"magic-48\">Hidrolik Delme \u0130stasyonu<\/div>\n<\/td>\n<td colspan=\"1\" rowspan=\"1\">\n<div class=\"magic-49\">* Yumruk \u00d6ncesi \/ Yumruk Sonras\u0131 (\u0130ste\u011fe Ba\u011fl\u0131)<\/div>\n<\/td>\n<\/tr>\n<tr>\n<td colspan=\"1\" rowspan=\"1\">\n<div class=\"magic-42\">\u015eekillendirme \u0130stasyonu<\/div>\n<\/td>\n<td colspan=\"2\" rowspan=\"1\">\n<div class=\"magic-43\">16-18 \u0130stasyonlar<\/div>\n<\/td>\n<\/tr>\n<tr>\n<td colspan=\"1\" rowspan=\"1\">\n<div class=\"magic-42\">S\u00fcr\u00fc\u015f Sistemi<\/div>\n<\/td>\n<td colspan=\"1\" rowspan=\"1\">\n<div class=\"magic-48\">Zincir Tahrik<\/div>\n<\/td>\n<td colspan=\"1\" rowspan=\"1\">\n<div class=\"magic-49\">* \u015eanz\u0131man Tahriki (Opsiyonel)<\/div>\n<\/td>\n<\/tr>\n<tr>\n<td colspan=\"1\" rowspan=\"1\">\n<div class=\"magic-50\">Makine Yap\u0131s\u0131<\/div>\n<\/td>\n<td colspan=\"1\" rowspan=\"1\">\n<div class=\"magic-51\">Duvar Paneli \u0130stasyonu<\/div>\n<\/td>\n<td colspan=\"1\" rowspan=\"1\">\n<div class=\"magic-52\">* D\u00f6vme Demir \u0130stasyon (Opsiyonel)<\/div>\n<\/td>\n<\/tr>\n<tr>\n<td colspan=\"1\" rowspan=\"1\">\n<div class=\"magic-42\">\u015eekillendirme H\u0131z\u0131<\/div>\n<\/td>\n<td colspan=\"1\" rowspan=\"1\">\n<div class=\"magic-48\">10-20 (M\/MIN)<\/div>\n<\/td>\n<td colspan=\"1\" rowspan=\"1\">\n<div class=\"magic-49\">* Veya \u0130htiyac\u0131n\u0131za G\u00f6re<\/div>\n<\/td>\n<\/tr>\n<tr>\n<td colspan=\"1\" rowspan=\"1\">\n<div class=\"magic-42\">Silindir Malzemesi<\/div>\n<\/td>\n<td colspan=\"1\" rowspan=\"1\">\n<div class=\"magic-48\">GCr 15<\/div>\n<\/td>\n<td colspan=\"1\" rowspan=\"1\">\n<div class=\"magic-49\">* Cr12Mov (\u0130ste\u011fe ba\u011fl\u0131)<\/div>\n<\/td>\n<\/tr>\n<tr>\n<td colspan=\"1\" rowspan=\"1\">\n<div class=\"magic-50\">Kesim Sistemi<\/div>\n<\/td>\n<td colspan=\"1\" rowspan=\"1\">\n<div class=\"magic-53\">\u00d6n kesim<\/div>\n<\/td>\n<td colspan=\"1\" rowspan=\"1\">\n<div class=\"magic-52\">* \u00dcniversal Kesim Sonras\u0131 (\u0130ste\u011fe Ba\u011fl\u0131)<\/div>\n<\/td>\n<\/tr>\n<tr>\n<td colspan=\"1\" rowspan=\"1\">\n<div class=\"magic-50\">Frekans De\u011fi\u015ftirici Marka<\/div>\n<\/td>\n<td colspan=\"1\" rowspan=\"1\">\n<div class=\"magic-54\">Yaskawa<\/div>\n<\/td>\n<td colspan=\"1\" rowspan=\"1\">\n<div class=\"magic-52\">* Siemens (Opsiyonel)<\/div>\n<\/td>\n<\/tr>\n<tr>\n<td colspan=\"1\" rowspan=\"1\">\n<div class=\"magic-42\">PLC Markas\u0131<\/div>\n<\/td>\n<td colspan=\"1\" rowspan=\"1\">\n<div class=\"magic-48\">Panasonic<\/div>\n<\/td>\n<td colspan=\"1\" rowspan=\"1\">\n<div class=\"magic-49\">* Siemens (Opsiyonel)<\/div>\n<\/td>\n<\/tr>\n<tr>\n<td colspan=\"1\" rowspan=\"1\">\n<div class=\"magic-50\">G\u00fc\u00e7 Kayna\u011f\u0131<\/div>\n<\/td>\n<td colspan=\"1\" rowspan=\"1\">\n<div class=\"magic-51\">380V 50Hz<\/div>\n<\/td>\n<td colspan=\"1\" rowspan=\"1\">\n<div class=\"magic-52\">* Veya \u0130htiyac\u0131n\u0131za G\u00f6re<\/div>\n<\/td>\n<\/tr>\n<tr>\n<td colspan=\"1\" rowspan=\"1\">\n<div class=\"magic-50\">Makine Rengi<\/div>\n<\/td>\n<td colspan=\"1\" rowspan=\"1\">\n<div class=\"magic-51\">End\u00fcstriyel Mavi<\/div>\n<\/td>\n<td colspan=\"1\" rowspan=\"1\">\n<div class=\"magic-52\">* Veya \u0130htiyac\u0131n\u0131za G\u00f6re<\/div>\n<\/td>\n<\/tr>\n<\/tbody>\n<\/table>\n<\/div>\n<\/div>\n<div class=\"J_module\">\n<h3 id=\"ali-anchor-AliMagic-s62u7y\" class=\"magic-0\" data-section=\"AliMagic-s62u7y\" data-section-title=\"Application\">Uygulama<\/h3>\n<p><img loading=\"lazy\" decoding=\"async\" class=\"alignnone size-full wp-image-4087\" src=\"https:\/\/swforming.com\/wp-content\/uploads\/2023\/09\/20230925170240.png\" alt=\"\" width=\"750\" height=\"452\" title=\"\" srcset=\"https:\/\/swforming.com\/wp-content\/uploads\/2023\/09\/20230925170240.png 750w, https:\/\/swforming.com\/wp-content\/uploads\/2023\/09\/20230925170240-600x362.png 600w, https:\/\/swforming.com\/wp-content\/uploads\/2023\/09\/20230925170240-300x181.png 300w, https:\/\/swforming.com\/wp-content\/uploads\/2023\/09\/20230925170240-18x12.png 18w\" sizes=\"(max-width: 750px) 100vw, 750px\" \/><\/p>\n<\/div>\n<\/div>","protected":false},"excerpt":{"rendered":"<p>Bu Yar\u0131 otomatik boyut de\u011fi\u015ftirilebilir CZ a\u015f\u0131k rulo \u015fekillendirme makinesi, 100-300 mm geni\u015flikten C &amp; Z \u015fekilli a\u015f\u0131klar \u00fcretmek i\u00e7in kullan\u0131l\u0131r, normalde malzeme kal\u0131nl\u0131\u011f\u0131 1.5-3 mm'dir. SUNWAY, bu CZ a\u015f\u0131k h\u0131zl\u0131 de\u011fi\u015ftirilebilir rulo \u015fekillendirme makinesini, tam otomatik boyut de\u011fi\u015ftirilebilir makineden (PLC'de ayarlanan) farkl\u0131 olan d\u00fc\u011fme ile otomatik olarak ayarlanabilir boyutlarda (sabit g\u00f6sterge cetveli ile) herhangi bir a\u015f\u0131k boyutuyla \u00e7al\u0131\u015facak \u015fekilde tasarlar. Dahas\u0131, C'den Z'ye de\u011fi\u015ftirme s\u00fcresi sadece 10 dakikaya ihtiya\u00e7 duyar. Delme \u00fcnitesi ile ilgili olarak, ihtiyac\u0131n\u0131za g\u00f6re \u00f6n delme, son delme tasarlayabiliriz.<\/p>","protected":false},"featured_media":4075,"comment_status":"closed","ping_status":"closed","template":"","meta":{"_acf_changed":false},"product_brand":[],"product_cat":[52],"product_tag":[],"class_list":{"0":"post-4074","1":"product","2":"type-product","3":"status-publish","4":"has-post-thumbnail","6":"product_cat-steel-structure","8":"first","9":"instock","10":"shipping-taxable","11":"product-type-simple"},"acf":[],"_links":{"self":[{"href":"https:\/\/swforming.com\/tr\/wp-json\/wp\/v2\/product\/4074","targetHints":{"allow":["GET"]}}],"collection":[{"href":"https:\/\/swforming.com\/tr\/wp-json\/wp\/v2\/product"}],"about":[{"href":"https:\/\/swforming.com\/tr\/wp-json\/wp\/v2\/types\/product"}],"replies":[{"embeddable":true,"href":"https:\/\/swforming.com\/tr\/wp-json\/wp\/v2\/comments?post=4074"}],"version-history":[{"count":2,"href":"https:\/\/swforming.com\/tr\/wp-json\/wp\/v2\/product\/4074\/revisions"}],"predecessor-version":[{"id":4089,"href":"https:\/\/swforming.com\/tr\/wp-json\/wp\/v2\/product\/4074\/revisions\/4089"}],"wp:featuredmedia":[{"embeddable":true,"href":"https:\/\/swforming.com\/tr\/wp-json\/wp\/v2\/media\/4075"}],"wp:attachment":[{"href":"https:\/\/swforming.com\/tr\/wp-json\/wp\/v2\/media?parent=4074"}],"wp:term":[{"taxonomy":"product_brand","embeddable":true,"href":"https:\/\/swforming.com\/tr\/wp-json\/wp\/v2\/product_brand?post=4074"},{"taxonomy":"product_cat","embeddable":true,"href":"https:\/\/swforming.com\/tr\/wp-json\/wp\/v2\/product_cat?post=4074"},{"taxonomy":"product_tag","embeddable":true,"href":"https:\/\/swforming.com\/tr\/wp-json\/wp\/v2\/product_tag?post=4074"}],"curies":[{"name":"wp","href":"https:\/\/api.w.org\/{rel}","templated":true}]}}