{"id":4007,"date":"2023-09-12T01:03:02","date_gmt":"2023-09-12T01:03:02","guid":{"rendered":"https:\/\/swforming.com\/?post_type=product&#038;p=4007"},"modified":"2023-09-12T01:04:06","modified_gmt":"2023-09-12T01:04:06","slug":"laser-welding-square-pipe-roll-forming-machine","status":"publish","type":"product","link":"https:\/\/swforming.com\/tr\/product\/laser-welding-square-pipe-roll-forming-machine\/","title":{"rendered":"Lazer Kaynakl\u0131 Kare Boru Rulo \u015eekillendirme Makinesi"},"content":{"rendered":"<p><img fetchpriority=\"high\" decoding=\"async\" class=\"alignnone size-full wp-image-4014\" src=\"https:\/\/swforming.com\/wp-content\/uploads\/2023\/09\/Ha217113a4ec94b14954157d31d72a063N.jpg\" alt=\"\" width=\"750\" height=\"979\" title=\"\" srcset=\"https:\/\/swforming.com\/wp-content\/uploads\/2023\/09\/Ha217113a4ec94b14954157d31d72a063N.jpg 750w, https:\/\/swforming.com\/wp-content\/uploads\/2023\/09\/Ha217113a4ec94b14954157d31d72a063N-600x783.jpg 600w, https:\/\/swforming.com\/wp-content\/uploads\/2023\/09\/Ha217113a4ec94b14954157d31d72a063N-230x300.jpg 230w, https:\/\/swforming.com\/wp-content\/uploads\/2023\/09\/Ha217113a4ec94b14954157d31d72a063N-9x12.jpg 9w\" sizes=\"(max-width: 750px) 100vw, 750px\" \/><\/p>\n<p>Lazer kaynak kare boru rulo \u015fekillendirme makinesi, metal yap\u0131 sisteminde a\u015f\u0131k olarak kullan\u0131labilen farkl\u0131 boyutlarda kare borular veya t\u00fcpler \u00fcretmektir. Y\u00fcksek frekansl\u0131 kaynak boru hatt\u0131 ile kar\u015f\u0131la\u015ft\u0131r\u0131ld\u0131\u011f\u0131nda, bu makine ucuzdur, daha k\u00fc\u00e7\u00fck yer kaplar, kullan\u0131m\u0131 daha kolayd\u0131r. \u0130\u015fe ba\u015flamak i\u00e7in \u00e7ok uygundur.<\/p>\n<p>\u0130n\u015faat Sekt\u00f6r\u00fcnde, ana kanal rulo \u015fekillendirme makinesi, a\u015f\u0131k rulo \u015fekillendirme makinesi, al\u00e7\u0131pan rulo \u015fekillendirme makinesi, saplama rulo \u015fekillendirme makinesi, palet rulo \u015fekillendirme makinesi, silindir \u015fapka rulo \u015fekillendirme makinesi, klips rulo \u015fekillendirme makinesi, metal g\u00fcverte (zemin g\u00fcverte) rulo \u015fekillendirme makinesi, \u00e7at\u0131 \/ duvar paneli rulo \u015fekillendirme makinesi, kiremit rulo \u015fekillendirme makinesi, oluklu rulo \u015fekillendirme makinesi, mahya kapa\u011f\u0131 rulo \u015fekillendirme makinesi, ini\u015f borusu rulo \u015fekillendirme makinesi vb. gibi daha fazla makine \u00fcretebiliyoruz.<\/p>\n<p>M\u00fc\u015fterilerin \u00e7izimlerine, toleranslar\u0131na ve b\u00fct\u00e7elerine g\u00f6re farkl\u0131 \u00e7\u00f6z\u00fcmler \u00fcretiyor, t\u00fcm gereksinimlerinize uyarlanabilen profesyonel bire bir hizmet sunuyoruz. Hangi hatt\u0131 se\u00e7erseniz se\u00e7in, SUNWAY Machinery'nin kalitesi m\u00fckemmel i\u015flevsel profiller elde etmenizi sa\u011flayacakt\u0131r.<\/p>\n<h3>Profil \u00c7izimleri<\/h3>\n<p><img decoding=\"async\" class=\"alignnone size-full wp-image-4015\" src=\"https:\/\/swforming.com\/wp-content\/uploads\/2023\/09\/Hecd5c17c223d49bfb8ddcb0e7edf30132.jpg\" alt=\"\" width=\"1748\" height=\"1001\" title=\"\" srcset=\"https:\/\/swforming.com\/wp-content\/uploads\/2023\/09\/Hecd5c17c223d49bfb8ddcb0e7edf30132.jpg 1748w, https:\/\/swforming.com\/wp-content\/uploads\/2023\/09\/Hecd5c17c223d49bfb8ddcb0e7edf30132-600x344.jpg 600w, https:\/\/swforming.com\/wp-content\/uploads\/2023\/09\/Hecd5c17c223d49bfb8ddcb0e7edf30132-300x172.jpg 300w, https:\/\/swforming.com\/wp-content\/uploads\/2023\/09\/Hecd5c17c223d49bfb8ddcb0e7edf30132-1024x586.jpg 1024w, https:\/\/swforming.com\/wp-content\/uploads\/2023\/09\/Hecd5c17c223d49bfb8ddcb0e7edf30132-768x440.jpg 768w, https:\/\/swforming.com\/wp-content\/uploads\/2023\/09\/Hecd5c17c223d49bfb8ddcb0e7edf30132-1536x880.jpg 1536w, https:\/\/swforming.com\/wp-content\/uploads\/2023\/09\/Hecd5c17c223d49bfb8ddcb0e7edf30132-18x10.jpg 18w\" sizes=\"(max-width: 1748px) 100vw, 1748px\" \/><\/p>\n<p><img decoding=\"async\" class=\"alignnone size-full wp-image-4016\" src=\"https:\/\/swforming.com\/wp-content\/uploads\/2023\/09\/20230912085359.png\" alt=\"\" width=\"750\" height=\"182\" title=\"\" srcset=\"https:\/\/swforming.com\/wp-content\/uploads\/2023\/09\/20230912085359.png 750w, https:\/\/swforming.com\/wp-content\/uploads\/2023\/09\/20230912085359-600x146.png 600w, https:\/\/swforming.com\/wp-content\/uploads\/2023\/09\/20230912085359-300x73.png 300w, https:\/\/swforming.com\/wp-content\/uploads\/2023\/09\/20230912085359-18x4.png 18w\" sizes=\"(max-width: 750px) 100vw, 750px\" \/><\/p>\n<h3>\u00dcretim Hatt\u0131<\/h3>\n<p><img loading=\"lazy\" decoding=\"async\" class=\"alignnone size-full wp-image-4017\" src=\"https:\/\/swforming.com\/wp-content\/uploads\/2023\/09\/H29cee465a63940f19b41951e8f1b497aZ.jpg\" alt=\"\" width=\"1748\" height=\"791\" title=\"\" srcset=\"https:\/\/swforming.com\/wp-content\/uploads\/2023\/09\/H29cee465a63940f19b41951e8f1b497aZ.jpg 1748w, https:\/\/swforming.com\/wp-content\/uploads\/2023\/09\/H29cee465a63940f19b41951e8f1b497aZ-600x272.jpg 600w, https:\/\/swforming.com\/wp-content\/uploads\/2023\/09\/H29cee465a63940f19b41951e8f1b497aZ-300x136.jpg 300w, https:\/\/swforming.com\/wp-content\/uploads\/2023\/09\/H29cee465a63940f19b41951e8f1b497aZ-1024x463.jpg 1024w, https:\/\/swforming.com\/wp-content\/uploads\/2023\/09\/H29cee465a63940f19b41951e8f1b497aZ-768x348.jpg 768w, https:\/\/swforming.com\/wp-content\/uploads\/2023\/09\/H29cee465a63940f19b41951e8f1b497aZ-1536x695.jpg 1536w, https:\/\/swforming.com\/wp-content\/uploads\/2023\/09\/H29cee465a63940f19b41951e8f1b497aZ-18x8.jpg 18w\" sizes=\"(max-width: 1748px) 100vw, 1748px\" \/><\/p>\n<h3>\u00dcr\u00fcn Detaylar\u0131<\/h3>\n<p><img loading=\"lazy\" decoding=\"async\" class=\"alignnone size-full wp-image-4018\" src=\"https:\/\/swforming.com\/wp-content\/uploads\/2023\/09\/20230912085558.png\" alt=\"\" width=\"744\" height=\"1254\" title=\"\" srcset=\"https:\/\/swforming.com\/wp-content\/uploads\/2023\/09\/20230912085558.png 744w, https:\/\/swforming.com\/wp-content\/uploads\/2023\/09\/20230912085558-600x1011.png 600w, https:\/\/swforming.com\/wp-content\/uploads\/2023\/09\/20230912085558-178x300.png 178w, https:\/\/swforming.com\/wp-content\/uploads\/2023\/09\/20230912085558-608x1024.png 608w, https:\/\/swforming.com\/wp-content\/uploads\/2023\/09\/20230912085558-7x12.png 7w\" sizes=\"(max-width: 744px) 100vw, 744px\" \/><\/p>\n<h3>\u00dcr\u00fcn Parametreleri<\/h3>\n<div style=\"overflow-x: auto;\">\n<table>\n<tbody>\n<tr>\n<td style=\"text-align: center;\" colspan=\"3\" rowspan=\"1\" data-sheets-value=\"{&quot;1&quot;:2,&quot;2&quot;:&quot;Laser Welding Square Pipe Roll Forming Machine&quot;}\"><strong>Lazer Kaynakl\u0131 Kare Boru Rulo \u015eekillendirme Makinesi<\/strong><\/td>\n<\/tr>\n<tr>\n<td colspan=\"1\" rowspan=\"2\" data-sheets-value=\"{&quot;1&quot;:2,&quot;2&quot;:&quot;Raw Material&quot;}\">\n<div>Hammadde<\/div>\n<\/td>\n<td data-sheets-value=\"{&quot;1&quot;:2,&quot;2&quot;:&quot;A) Galvanized Coil&quot;}\">A) Galvanizli Bobin<\/td>\n<td colspan=\"1\" rowspan=\"2\" data-sheets-value=\"{&quot;1&quot;:2,&quot;2&quot;:&quot;Thickness(MM): 1.5-3.0 mm Or According To Customer&quot;}\">\n<div>Kal\u0131nl\u0131k (MM): 1.5-3.0 mm veya M\u00fc\u015fteriye G\u00f6re<\/div>\n<\/td>\n<\/tr>\n<tr>\n<td data-sheets-value=\"{&quot;1&quot;:2,&quot;2&quot;:&quot;B) Carbon Steel Coil&quot;}\">B) Karbon \u00c7elik Rulo<\/td>\n<\/tr>\n<tr>\n<td data-sheets-value=\"{&quot;1&quot;:2,&quot;2&quot;:&quot;Yield Strength&quot;}\">Akma Dayan\u0131m\u0131<\/td>\n<td colspan=\"2\" rowspan=\"1\" data-sheets-value=\"{&quot;1&quot;:2,&quot;2&quot;:&quot;250 - 550 Mpa&quot;}\">250 - 550 Mpa<\/td>\n<\/tr>\n<tr>\n<td data-sheets-value=\"{&quot;1&quot;:2,&quot;2&quot;:&quot;Tensil Stress&quot;}\">Tensil Stres<\/td>\n<td colspan=\"2\" rowspan=\"1\" data-sheets-value=\"{&quot;1&quot;:2,&quot;2&quot;:&quot;G250 Mpa-G550 Mpa&quot;}\">G250 Mpa-G550 Mpa<\/td>\n<\/tr>\n<tr>\n<td data-sheets-value=\"{&quot;1&quot;:2,&quot;2&quot;:&quot;Decoiler&quot;}\">Decoiler<\/td>\n<td data-sheets-value=\"{&quot;1&quot;:2,&quot;2&quot;:&quot;Manual Decoiler&quot;}\">Manuel A\u00e7\u0131c\u0131<\/td>\n<td data-sheets-value=\"{&quot;1&quot;:2,&quot;2&quot;:&quot;* Hydraulic Decoiler (Optional)&quot;}\">* Hidrolik A\u00e7\u0131c\u0131 (Opsiyonel)<\/td>\n<\/tr>\n<tr>\n<td data-sheets-value=\"{&quot;1&quot;:2,&quot;2&quot;:&quot;Forming Station&quot;}\">\u015eekillendirme \u0130stasyonu<\/td>\n<td colspan=\"2\" rowspan=\"1\" data-sheets-value=\"{&quot;1&quot;:2,&quot;2&quot;:&quot;16-24 Stations&quot;}\">16-24 \u0130stasyonlar<\/td>\n<\/tr>\n<tr>\n<td data-sheets-value=\"{&quot;1&quot;:2,&quot;2&quot;:&quot;Driving System&quot;}\">S\u00fcr\u00fc\u015f Sistemi<\/td>\n<td data-sheets-value=\"{&quot;1&quot;:2,&quot;2&quot;:&quot;Chain Drive&quot;}\">Zincir Tahrik<\/td>\n<td data-sheets-value=\"{&quot;1&quot;:2,&quot;2&quot;:&quot;* Gearbox Drive (Optional)&quot;}\">* \u015eanz\u0131man Tahriki (Opsiyonel)<\/td>\n<\/tr>\n<tr>\n<td data-sheets-value=\"{&quot;1&quot;:2,&quot;2&quot;:&quot;Machine Structure&quot;}\">Makine Yap\u0131s\u0131<\/td>\n<td data-sheets-value=\"{&quot;1&quot;:2,&quot;2&quot;:&quot;Wall Panel Station&quot;}\">Duvar Paneli \u0130stasyonu<\/td>\n<td data-sheets-value=\"{&quot;1&quot;:2,&quot;2&quot;:&quot;* Forged Iron Station (Optional)&quot;}\">* D\u00f6vme Demir \u0130stasyon (Opsiyonel)<\/td>\n<\/tr>\n<tr>\n<td data-sheets-value=\"{&quot;1&quot;:2,&quot;2&quot;:&quot;Forming Speed&quot;}\">\u015eekillendirme H\u0131z\u0131<\/td>\n<td data-sheets-value=\"{&quot;1&quot;:2,&quot;2&quot;:&quot;10-25 (M\/MIN)&quot;}\">10-25 (M\/MIN)<\/td>\n<td data-sheets-value=\"{&quot;1&quot;:2,&quot;2&quot;:&quot;* According To Your Profile Drawings&quot;}\">* Profil \u00c7izimlerinize G\u00f6re<\/td>\n<\/tr>\n<tr>\n<td data-sheets-value=\"{&quot;1&quot;:2,&quot;2&quot;:&quot;Rollers\u2019 Material&quot;}\">Silindir Malzemesi<\/td>\n<td data-sheets-value=\"{&quot;1&quot;:2,&quot;2&quot;:&quot;45# Steel&quot;}\">45# \u00c7elik<\/td>\n<td data-sheets-value=\"{&quot;1&quot;:2,&quot;2&quot;:&quot;* Cr12Mov (Optional)&quot;}\">* Cr12Mov (\u0130ste\u011fe ba\u011fl\u0131)<\/td>\n<\/tr>\n<tr>\n<td data-sheets-value=\"{&quot;1&quot;:2,&quot;2&quot;:&quot;Laser Welding&quot;}\">Lazer Kayna\u011f\u0131<\/td>\n<td colspan=\"2\" rowspan=\"1\" data-sheets-value=\"{&quot;1&quot;:2,&quot;2&quot;:&quot;3KW, 4KW&quot;}\">3KW, 4KW<\/td>\n<\/tr>\n<tr>\n<td data-sheets-value=\"{&quot;1&quot;:2,&quot;2&quot;:&quot;Cutting System&quot;}\">Kesim Sistemi<\/td>\n<td colspan=\"2\" rowspan=\"1\" data-sheets-value=\"{&quot;1&quot;:2,&quot;2&quot;:&quot;Saw-cutting&quot;}\">Testere ile kesme<\/td>\n<\/tr>\n<tr>\n<td data-sheets-value=\"{&quot;1&quot;:2,&quot;2&quot;:&quot;Frequency Changer Brand&quot;}\">Frekans De\u011fi\u015ftirici Marka<\/td>\n<td data-sheets-value=\"{&quot;1&quot;:2,&quot;2&quot;:&quot;Yaskawa&quot;}\">Yaskawa<\/td>\n<td data-sheets-value=\"{&quot;1&quot;:2,&quot;2&quot;:&quot;* Siemens (Optional)&quot;}\">* Siemens (Opsiyonel)<\/td>\n<\/tr>\n<tr>\n<td data-sheets-value=\"{&quot;1&quot;:2,&quot;2&quot;:&quot;PLC Brand&quot;}\">PLC Markas\u0131<\/td>\n<td data-sheets-value=\"{&quot;1&quot;:2,&quot;2&quot;:&quot;Panasonic&quot;}\">Panasonic<\/td>\n<td data-sheets-value=\"{&quot;1&quot;:2,&quot;2&quot;:&quot;* Siemens (Optional)&quot;}\">* Siemens (Opsiyonel)<\/td>\n<\/tr>\n<tr>\n<td data-sheets-value=\"{&quot;1&quot;:2,&quot;2&quot;:&quot;Power Supply&quot;}\">G\u00fc\u00e7 Kayna\u011f\u0131<\/td>\n<td data-sheets-value=\"{&quot;1&quot;:2,&quot;2&quot;:&quot;380V 50Hz 3ph&quot;}\">380V 50Hz 3ph<\/td>\n<td data-sheets-value=\"{&quot;1&quot;:2,&quot;2&quot;:&quot;* Or According To Your Requirment&quot;}\">* Veya \u0130htiyac\u0131n\u0131za G\u00f6re<\/td>\n<\/tr>\n<tr>\n<td data-sheets-value=\"{&quot;1&quot;:2,&quot;2&quot;:&quot;Machine Color&quot;}\">Makine Rengi<\/td>\n<td data-sheets-value=\"{&quot;1&quot;:2,&quot;2&quot;:&quot;Industrial Blue&quot;}\">End\u00fcstriyel Mavi<\/td>\n<td data-sheets-value=\"{&quot;1&quot;:2,&quot;2&quot;:&quot;* Or According To Your Requirment&quot;}\">* Veya \u0130htiyac\u0131n\u0131za G\u00f6re<\/td>\n<\/tr>\n<\/tbody>\n<\/table>\n<\/div>","protected":false},"excerpt":{"rendered":"<p>Lazer kaynak kare boru rulo \u015fekillendirme makinesi, metal yap\u0131 sisteminde a\u015f\u0131k olarak kullan\u0131labilen farkl\u0131 boyutlarda kare borular veya t\u00fcpler \u00fcretmektir. Y\u00fcksek frekansl\u0131 kaynak boru hatt\u0131 ile kar\u015f\u0131la\u015ft\u0131r\u0131ld\u0131\u011f\u0131nda, bu makine ucuzdur, daha k\u00fc\u00e7\u00fck yer kaplar, kullan\u0131m\u0131 daha kolayd\u0131r. \u0130\u015fe ba\u015flamak i\u00e7in \u00e7ok uygundur.<\/p>","protected":false},"featured_media":4008,"comment_status":"closed","ping_status":"closed","template":"","meta":{"_acf_changed":false},"product_brand":[],"product_cat":[52],"product_tag":[],"class_list":{"0":"post-4007","1":"product","2":"type-product","3":"status-publish","4":"has-post-thumbnail","6":"product_cat-steel-structure","8":"first","9":"instock","10":"shipping-taxable","11":"product-type-simple"},"acf":[],"_links":{"self":[{"href":"https:\/\/swforming.com\/tr\/wp-json\/wp\/v2\/product\/4007","targetHints":{"allow":["GET"]}}],"collection":[{"href":"https:\/\/swforming.com\/tr\/wp-json\/wp\/v2\/product"}],"about":[{"href":"https:\/\/swforming.com\/tr\/wp-json\/wp\/v2\/types\/product"}],"replies":[{"embeddable":true,"href":"https:\/\/swforming.com\/tr\/wp-json\/wp\/v2\/comments?post=4007"}],"version-history":[{"count":2,"href":"https:\/\/swforming.com\/tr\/wp-json\/wp\/v2\/product\/4007\/revisions"}],"predecessor-version":[{"id":4020,"href":"https:\/\/swforming.com\/tr\/wp-json\/wp\/v2\/product\/4007\/revisions\/4020"}],"wp:featuredmedia":[{"embeddable":true,"href":"https:\/\/swforming.com\/tr\/wp-json\/wp\/v2\/media\/4008"}],"wp:attachment":[{"href":"https:\/\/swforming.com\/tr\/wp-json\/wp\/v2\/media?parent=4007"}],"wp:term":[{"taxonomy":"product_brand","embeddable":true,"href":"https:\/\/swforming.com\/tr\/wp-json\/wp\/v2\/product_brand?post=4007"},{"taxonomy":"product_cat","embeddable":true,"href":"https:\/\/swforming.com\/tr\/wp-json\/wp\/v2\/product_cat?post=4007"},{"taxonomy":"product_tag","embeddable":true,"href":"https:\/\/swforming.com\/tr\/wp-json\/wp\/v2\/product_tag?post=4007"}],"curies":[{"name":"wp","href":"https:\/\/api.w.org\/{rel}","templated":true}]}}