{"id":3965,"date":"2023-09-04T08:22:08","date_gmt":"2023-09-04T08:22:08","guid":{"rendered":"https:\/\/swforming.com\/?post_type=product&#038;p=3965"},"modified":"2023-09-04T08:22:09","modified_gmt":"2023-09-04T08:22:09","slug":"barrel-corrugated-roll-forming-machine-2","status":"publish","type":"product","link":"https:\/\/swforming.com\/tr\/product\/barrel-corrugated-roll-forming-machine-2\/","title":{"rendered":"Varil Oluklu Rulo \u015eekillendirme Makinesi"},"content":{"rendered":"<p><img fetchpriority=\"high\" decoding=\"async\" class=\"alignnone size-full wp-image-3972\" src=\"https:\/\/swforming.com\/wp-content\/uploads\/2023\/09\/H4503885c62e044fca04aec043e72f985r.jpg\" alt=\"\" width=\"750\" height=\"1331\" title=\"\" srcset=\"https:\/\/swforming.com\/wp-content\/uploads\/2023\/09\/H4503885c62e044fca04aec043e72f985r.jpg 750w, https:\/\/swforming.com\/wp-content\/uploads\/2023\/09\/H4503885c62e044fca04aec043e72f985r-600x1065.jpg 600w, https:\/\/swforming.com\/wp-content\/uploads\/2023\/09\/H4503885c62e044fca04aec043e72f985r-169x300.jpg 169w, https:\/\/swforming.com\/wp-content\/uploads\/2023\/09\/H4503885c62e044fca04aec043e72f985r-577x1024.jpg 577w, https:\/\/swforming.com\/wp-content\/uploads\/2023\/09\/H4503885c62e044fca04aec043e72f985r-7x12.jpg 7w\" sizes=\"(max-width: 750px) 100vw, 750px\" \/><\/p>\n<p>Namlu oluklu panel rulo \u015fekillendirme makinesi sin\u00fczoidal dalga \u015fekli panelleri \u00fcretmek i\u00e7in kullan\u0131l\u0131r. Normalde panel kal\u0131nl\u0131\u011f\u0131 TAM SERT Galvanizli \u00e7elik ile 0.12-0.3 mm'dir, akma dayan\u0131m\u0131 550Mpa hatta 600Mpa'ya kadar \u00e7\u0131kabilir.<\/p>\n<p>Varil oluklu rulo \u015fekillendirme makinesi esas olarak tahrik motoru, red\u00fckt\u00f6r, iletim sistemi, \u015fekillendirme silindiri, d\u00fcz silindir, otomatik besleme platformu ve elektrik kontrol kabininden olu\u015fur. Makine, iletim ve yava\u015flama amac\u0131na ula\u015fmak i\u00e7in \u00e7ift \u00e7\u0131k\u0131\u015f miline sahip sertle\u015ftirilmi\u015f red\u00fckt\u00f6re v kay\u0131\u015f tahrikli d\u00fc\u015f\u00fck h\u0131zl\u0131, y\u00fcksek torklu, d\u00fc\u015f\u00fck ataletli AC motor kullan\u0131r. \u00c7al\u0131\u015fma silindirinin otomatik beslenmesi her zaman zamanlama zinciri ve do\u011frusal k\u0131lavuz ray\u0131 taraf\u0131ndan ger\u00e7ekle\u015ftirilir \uff0c b\u00f6ylece \u00fcr\u00fcn\u00fcn stabilitesi sa\u011flan\u0131r.<\/p>\n<p>\u0130n\u015faat Sekt\u00f6r\u00fcnde, ana kanal rulo \u015fekillendirme makinesi, a\u015f\u0131k rulo \u015fekillendirme makinesi, al\u00e7\u0131pan rulo \u015fekillendirme makinesi, saplama rulo \u015fekillendirme makinesi, palet rulo \u015fekillendirme makinesi, silindir \u015fapka rulo \u015fekillendirme makinesi, klips rulo \u015fekillendirme makinesi, metal g\u00fcverte (zemin g\u00fcverte) rulo \u015fekillendirme makinesi, \u00e7at\u0131 \/ duvar paneli rulo \u015fekillendirme makinesi, kiremit rulo \u015fekillendirme makinesi, oluklu rulo \u015fekillendirme makinesi, mahya kapa\u011f\u0131 rulo \u015fekillendirme makinesi, ini\u015f borusu rulo \u015fekillendirme makinesi vb. gibi daha fazla makine \u00fcretebiliyoruz.<\/p>\n<p>M\u00fc\u015fterilerin \u00e7izimlerine, toleranslar\u0131na ve b\u00fct\u00e7elerine g\u00f6re farkl\u0131 \u00e7\u00f6z\u00fcmler \u00fcretiyor, t\u00fcm gereksinimlerinize uyarlanabilen profesyonel bire bir hizmet sunuyoruz. Hangi hatt\u0131 se\u00e7erseniz se\u00e7in, SUNWAY Machinery'nin kalitesi m\u00fckemmel i\u015flevsel profiller elde etmenizi sa\u011flayacakt\u0131r.<\/p>\n<h3>Profil \u00c7izimleri<\/h3>\n<p><img decoding=\"async\" class=\"alignnone size-full wp-image-3973\" src=\"https:\/\/swforming.com\/wp-content\/uploads\/2023\/09\/H53fb3cf4352247ca9159cd168bbdcb5bB.jpg\" alt=\"\" width=\"1748\" height=\"909\" title=\"\" srcset=\"https:\/\/swforming.com\/wp-content\/uploads\/2023\/09\/H53fb3cf4352247ca9159cd168bbdcb5bB.jpg 1748w, https:\/\/swforming.com\/wp-content\/uploads\/2023\/09\/H53fb3cf4352247ca9159cd168bbdcb5bB-600x312.jpg 600w, https:\/\/swforming.com\/wp-content\/uploads\/2023\/09\/H53fb3cf4352247ca9159cd168bbdcb5bB-300x156.jpg 300w, https:\/\/swforming.com\/wp-content\/uploads\/2023\/09\/H53fb3cf4352247ca9159cd168bbdcb5bB-1024x533.jpg 1024w, https:\/\/swforming.com\/wp-content\/uploads\/2023\/09\/H53fb3cf4352247ca9159cd168bbdcb5bB-768x399.jpg 768w, https:\/\/swforming.com\/wp-content\/uploads\/2023\/09\/H53fb3cf4352247ca9159cd168bbdcb5bB-1536x799.jpg 1536w, https:\/\/swforming.com\/wp-content\/uploads\/2023\/09\/H53fb3cf4352247ca9159cd168bbdcb5bB-18x9.jpg 18w\" sizes=\"(max-width: 1748px) 100vw, 1748px\" \/><\/p>\n<p><img decoding=\"async\" class=\"alignnone size-full wp-image-3974\" src=\"https:\/\/swforming.com\/wp-content\/uploads\/2023\/09\/0904161401.png\" alt=\"\" width=\"750\" height=\"374\" title=\"\" srcset=\"https:\/\/swforming.com\/wp-content\/uploads\/2023\/09\/0904161401.png 750w, https:\/\/swforming.com\/wp-content\/uploads\/2023\/09\/0904161401-600x299.png 600w, https:\/\/swforming.com\/wp-content\/uploads\/2023\/09\/0904161401-300x150.png 300w, https:\/\/swforming.com\/wp-content\/uploads\/2023\/09\/0904161401-18x9.png 18w\" sizes=\"(max-width: 750px) 100vw, 750px\" \/><\/p>\n<h3>\u00dcretim Hatt\u0131<\/h3>\n<p><img loading=\"lazy\" decoding=\"async\" class=\"alignnone size-full wp-image-3975\" src=\"https:\/\/swforming.com\/wp-content\/uploads\/2023\/09\/H0b106165a2b244a5b2141a4752caec464.jpg\" alt=\"\" width=\"1748\" height=\"1629\" title=\"\" srcset=\"https:\/\/swforming.com\/wp-content\/uploads\/2023\/09\/H0b106165a2b244a5b2141a4752caec464.jpg 1748w, https:\/\/swforming.com\/wp-content\/uploads\/2023\/09\/H0b106165a2b244a5b2141a4752caec464-600x559.jpg 600w, https:\/\/swforming.com\/wp-content\/uploads\/2023\/09\/H0b106165a2b244a5b2141a4752caec464-300x280.jpg 300w, https:\/\/swforming.com\/wp-content\/uploads\/2023\/09\/H0b106165a2b244a5b2141a4752caec464-1024x954.jpg 1024w, https:\/\/swforming.com\/wp-content\/uploads\/2023\/09\/H0b106165a2b244a5b2141a4752caec464-768x716.jpg 768w, https:\/\/swforming.com\/wp-content\/uploads\/2023\/09\/H0b106165a2b244a5b2141a4752caec464-1536x1431.jpg 1536w, https:\/\/swforming.com\/wp-content\/uploads\/2023\/09\/H0b106165a2b244a5b2141a4752caec464-13x12.jpg 13w\" sizes=\"(max-width: 1748px) 100vw, 1748px\" \/><\/p>\n<h3>\u00dcr\u00fcn Detaylar\u0131<\/h3>\n<p><img loading=\"lazy\" decoding=\"async\" class=\"alignnone size-full wp-image-3976\" src=\"https:\/\/swforming.com\/wp-content\/uploads\/2023\/09\/30904161536.png\" alt=\"\" width=\"750\" height=\"625\" title=\"\" srcset=\"https:\/\/swforming.com\/wp-content\/uploads\/2023\/09\/30904161536.png 750w, https:\/\/swforming.com\/wp-content\/uploads\/2023\/09\/30904161536-600x500.png 600w, https:\/\/swforming.com\/wp-content\/uploads\/2023\/09\/30904161536-300x250.png 300w, https:\/\/swforming.com\/wp-content\/uploads\/2023\/09\/30904161536-14x12.png 14w\" sizes=\"(max-width: 750px) 100vw, 750px\" \/><\/p>\n<h3>\u00dcr\u00fcn Parametreleri<\/h3>\n<div style=\"overflow-x: auto;\">\n<table>\n<tbody>\n<tr>\n<td data-sheets-value=\"{&quot;1&quot;:2,&quot;2&quot;:&quot;Model&quot;}\">Model<\/td>\n<td data-sheets-value=\"{&quot;1&quot;:2,&quot;2&quot;:&quot;Effective Length&quot;}\">Etkili Uzunluk<\/td>\n<td data-sheets-value=\"{&quot;1&quot;:2,&quot;2&quot;:&quot;Motor Power(Kw)&quot;}\">Motor G\u00fcc\u00fc (Kw)<\/td>\n<td data-sheets-value=\"{&quot;1&quot;:2,&quot;2&quot;:&quot;Size(L*W*H)&quot;}\">Boyut (L*W*H)<\/td>\n<td data-sheets-value=\"{&quot;1&quot;:2,&quot;2&quot;:&quot;Weight(Ton)&quot;}\">A\u011f\u0131rl\u0131k (Ton)<\/td>\n<\/tr>\n<tr>\n<td data-sheets-value=\"{&quot;1&quot;:2,&quot;2&quot;:&quot;SW-26E&quot;}\">SW-26E<\/td>\n<td data-sheets-value=\"{&quot;1&quot;:2,&quot;2&quot;:&quot;2480mm&quot;}\">2480mm<\/td>\n<td data-sheets-value=\"{&quot;1&quot;:2,&quot;2&quot;:&quot;7.5-8&quot;}\">7.5-8<\/td>\n<td data-sheets-value=\"{&quot;1&quot;:2,&quot;2&quot;:&quot;4308X2230X1500mm&quot;}\">4308X2230X1500mm<\/td>\n<td data-sheets-value=\"{&quot;1&quot;:3,&quot;3&quot;:6.5}\">6.5<\/td>\n<\/tr>\n<tr>\n<td data-sheets-value=\"{&quot;1&quot;:2,&quot;2&quot;:&quot;SW-32E&quot;}\">SW-32E<\/td>\n<td data-sheets-value=\"{&quot;1&quot;:2,&quot;2&quot;:&quot;3050mm&quot;}\">3050mm<\/td>\n<td data-sheets-value=\"{&quot;1&quot;:2,&quot;2&quot;:&quot;7.5-8&quot;}\">7.5-8<\/td>\n<td data-sheets-value=\"{&quot;1&quot;:2,&quot;2&quot;:&quot;4908X2230X1500mm&quot;}\">4908X2230X1500mm<\/td>\n<td data-sheets-value=\"{&quot;1&quot;:3,&quot;3&quot;:7.2}\">7.2<\/td>\n<\/tr>\n<tr>\n<td data-sheets-value=\"{&quot;1&quot;:2,&quot;2&quot;:&quot;SW-38E&quot;}\">SW-38E<\/td>\n<td data-sheets-value=\"{&quot;1&quot;:2,&quot;2&quot;:&quot;3660mm&quot;}\">3660mm<\/td>\n<td data-sheets-value=\"{&quot;1&quot;:2,&quot;2&quot;:&quot;11.0-8&quot;}\">11.0-8<\/td>\n<td data-sheets-value=\"{&quot;1&quot;:2,&quot;2&quot;:&quot;5508X2230X1500mm&quot;}\">5508X2230X1500mm<\/td>\n<td data-sheets-value=\"{&quot;1&quot;:3,&quot;3&quot;:7.4}\">7.4<\/td>\n<\/tr>\n<tr>\n<td data-sheets-value=\"{&quot;1&quot;:2,&quot;2&quot;:&quot;SW-40E&quot;}\">SW-40E<\/td>\n<td data-sheets-value=\"{&quot;1&quot;:2,&quot;2&quot;:&quot;3900mm,13feet&quot;}\">3900 mm, 13 fit<\/td>\n<td data-sheets-value=\"{&quot;1&quot;:2,&quot;2&quot;:&quot;11.0-8&quot;}\">11.0-8<\/td>\n<td data-sheets-value=\"{&quot;1&quot;:2,&quot;2&quot;:&quot;5708X2230X1500mm&quot;}\">5708X2230X1500mm<\/td>\n<td data-sheets-value=\"{&quot;1&quot;:3,&quot;3&quot;:8}\">8<\/td>\n<\/tr>\n<tr>\n<td data-sheets-value=\"{&quot;1&quot;:2,&quot;2&quot;:&quot;SW-43E&quot;}\">SW-43E<\/td>\n<td data-sheets-value=\"{&quot;1&quot;:2,&quot;2&quot;:&quot;4200mm&quot;}\">4200mm<\/td>\n<td data-sheets-value=\"{&quot;1&quot;:2,&quot;2&quot;:&quot;11.0-8&quot;}\">11.0-8<\/td>\n<td data-sheets-value=\"{&quot;1&quot;:2,&quot;2&quot;:&quot;6008X2230X1500mm&quot;}\">6008X2230X1500mm<\/td>\n<td data-sheets-value=\"{&quot;1&quot;:3,&quot;3&quot;:9.5}\">9.5<\/td>\n<\/tr>\n<tr>\n<td colspan=\"5\" rowspan=\"1\" data-sheets-value=\"{&quot;1&quot;:2,&quot;2&quot;:&quot;Profiles: 18-76, 15-63, 9-31.8mm or customized&quot;}\">Profiller: 18-76, 15-63, 9-31.8mm veya \u00f6zelle\u015ftirilmi\u015f<\/td>\n<\/tr>\n<tr>\n<td colspan=\"5\" rowspan=\"1\" data-sheets-value=\"{&quot;1&quot;:2,&quot;2&quot;:&quot;Forming Thickness: 0.12-0.20\/0.14-0.3\/0.16-0.4mm&quot;}\">\u015eekillendirme Kal\u0131nl\u0131\u011f\u0131: 0.12-0.20\/0.14-0.3\/0.16-0.4mm<\/td>\n<\/tr>\n<tr>\n<td colspan=\"5\" rowspan=\"1\" data-sheets-value=\"{&quot;1&quot;:2,&quot;2&quot;:&quot;Forming Speed: 9-12 times\/min; 2-4 ton\/hour&quot;}\">\u015eekillendirme H\u0131z\u0131: 9-12 kez\/dak; 2-4 ton\/saat<\/td>\n<\/tr>\n<\/tbody>\n<\/table>\n<\/div>\n<h3>Uygulama<\/h3>\n<p><img loading=\"lazy\" decoding=\"async\" class=\"alignnone size-full wp-image-3977\" src=\"https:\/\/swforming.com\/wp-content\/uploads\/2023\/09\/230904162116.png\" alt=\"\" width=\"676\" height=\"408\" title=\"\" srcset=\"https:\/\/swforming.com\/wp-content\/uploads\/2023\/09\/230904162116.png 676w, https:\/\/swforming.com\/wp-content\/uploads\/2023\/09\/230904162116-600x362.png 600w, https:\/\/swforming.com\/wp-content\/uploads\/2023\/09\/230904162116-300x181.png 300w, https:\/\/swforming.com\/wp-content\/uploads\/2023\/09\/230904162116-18x12.png 18w\" sizes=\"(max-width: 676px) 100vw, 676px\" \/><\/p>","protected":false},"excerpt":{"rendered":"<p>Namlu oluklu panel rulo \u015fekillendirme makinesi sin\u00fczoidal dalga \u015fekli panelleri \u00fcretmek i\u00e7in kullan\u0131l\u0131r. Normalde panel kal\u0131nl\u0131\u011f\u0131 TAM SERT Galvanizli \u00e7elik ile 0.12-0.3 mm'dir, akma dayan\u0131m\u0131 550Mpa hatta 600Mpa'ya kadar \u00e7\u0131kabilir.<\/p>","protected":false},"featured_media":3966,"comment_status":"closed","ping_status":"closed","template":"","meta":{"_acf_changed":false},"product_brand":[],"product_cat":[45,78],"product_tag":[],"class_list":{"0":"post-3965","1":"product","2":"type-product","3":"status-publish","4":"has-post-thumbnail","6":"product_cat-metal-wall-roofing","7":"product_cat-barrel-corrugated-roll-forming-machine","9":"first","10":"instock","11":"shipping-taxable","12":"product-type-simple"},"acf":[],"_links":{"self":[{"href":"https:\/\/swforming.com\/tr\/wp-json\/wp\/v2\/product\/3965","targetHints":{"allow":["GET"]}}],"collection":[{"href":"https:\/\/swforming.com\/tr\/wp-json\/wp\/v2\/product"}],"about":[{"href":"https:\/\/swforming.com\/tr\/wp-json\/wp\/v2\/types\/product"}],"replies":[{"embeddable":true,"href":"https:\/\/swforming.com\/tr\/wp-json\/wp\/v2\/comments?post=3965"}],"version-history":[{"count":2,"href":"https:\/\/swforming.com\/tr\/wp-json\/wp\/v2\/product\/3965\/revisions"}],"predecessor-version":[{"id":3979,"href":"https:\/\/swforming.com\/tr\/wp-json\/wp\/v2\/product\/3965\/revisions\/3979"}],"wp:featuredmedia":[{"embeddable":true,"href":"https:\/\/swforming.com\/tr\/wp-json\/wp\/v2\/media\/3966"}],"wp:attachment":[{"href":"https:\/\/swforming.com\/tr\/wp-json\/wp\/v2\/media?parent=3965"}],"wp:term":[{"taxonomy":"product_brand","embeddable":true,"href":"https:\/\/swforming.com\/tr\/wp-json\/wp\/v2\/product_brand?post=3965"},{"taxonomy":"product_cat","embeddable":true,"href":"https:\/\/swforming.com\/tr\/wp-json\/wp\/v2\/product_cat?post=3965"},{"taxonomy":"product_tag","embeddable":true,"href":"https:\/\/swforming.com\/tr\/wp-json\/wp\/v2\/product_tag?post=3965"}],"curies":[{"name":"wp","href":"https:\/\/api.w.org\/{rel}","templated":true}]}}