{"id":3917,"date":"2023-08-28T08:24:40","date_gmt":"2023-08-28T08:24:40","guid":{"rendered":"https:\/\/swforming.com\/?post_type=product&#038;p=3917"},"modified":"2023-08-28T08:28:52","modified_gmt":"2023-08-28T08:28:52","slug":"rolling-shutter-slat-roll-forming-machine","status":"publish","type":"product","link":"https:\/\/swforming.com\/tr\/product\/rolling-shutter-slat-roll-forming-machine\/","title":{"rendered":"Kepenk \u00c7\u0131ta Rulo \u015eekillendirme Makinesi"},"content":{"rendered":"<p><img fetchpriority=\"high\" decoding=\"async\" class=\"alignnone size-full wp-image-3918\" src=\"https:\/\/swforming.com\/wp-content\/uploads\/2023\/08\/H2880edeca6e64b2abf6e025c63c4cc538.jpg\" alt=\"\" width=\"750\" height=\"979\" title=\"\" srcset=\"https:\/\/swforming.com\/wp-content\/uploads\/2023\/08\/H2880edeca6e64b2abf6e025c63c4cc538.jpg 750w, https:\/\/swforming.com\/wp-content\/uploads\/2023\/08\/H2880edeca6e64b2abf6e025c63c4cc538-600x783.jpg 600w, https:\/\/swforming.com\/wp-content\/uploads\/2023\/08\/H2880edeca6e64b2abf6e025c63c4cc538-230x300.jpg 230w, https:\/\/swforming.com\/wp-content\/uploads\/2023\/08\/H2880edeca6e64b2abf6e025c63c4cc538-9x12.jpg 9w\" sizes=\"(max-width: 750px) 100vw, 750px\" \/><\/p>\n<p>Kepenk \u00c7\u0131ta rulo \u015fekillendirme makinesi, Garaj Kap\u0131lar\u0131, Ticari Saya\u00e7 Kepenk, Ticari yang\u0131n kap\u0131s\u0131, end\u00fcstriyel, ofis kamu, Kiosklar, pavyonlar, pencereler vb. i\u00e7in yayg\u0131n olarak kullan\u0131lan panjur \u00e7\u0131tas\u0131 yapmakt\u0131r. \u0130\u015flenebilir \u00e7elik malzeme galvanizli \u00e7elik, paslanmaz \u00e7elik (304 ve 316), al\u00fcminyum, Ral vb. olabilir. \u00c7elik kal\u0131nl\u0131k aral\u0131\u011f\u0131, Amerika'da yayg\u0131n olarak kullan\u0131lan Gauge 16, Gauge 18, Gauge 20, Gauge 22, Gauge 24 olabilir veya uluslararas\u0131 pazarda 0.6-1.5mm olabilir.<\/p>\n<p>Bu Panjur kap\u0131 \u00e7\u0131ta makinesi, a\u00e7\u0131c\u0131, k\u0131lavuzlama ve besleme, rulo \u015fekillendirme b\u00f6l\u00fcm\u00fc, hidrolik kesici, toplama masas\u0131, hidrolik sistem, kontrol sisteminden olu\u015fur.<\/p>\n<p>SUNWAY, profillerinizin \u00e7izimlerine g\u00f6re her t\u00fcrl\u00fc panjur \u00e7\u0131tas\u0131 rulo \u015fekillendirme makinesini tasarlayabilir ve yapabilir ve y\u00fcksek hassasiyetli gereksinimlerinizi kar\u015f\u0131layabilir, y\u00fczeyi g\u00fczel ve \u00e7apaks\u0131z hale getirebilir, ayr\u0131ca \u00f6zellikle mikro delikli \u00e7\u0131talar i\u00e7in y\u00fcksek hassasiyetli delikler a\u00e7abilir, servo besleyici sistemi ile deliklerin mesafesi i\u00e7in 0,3 mm tolerans yapabiliriz. Panjur \u00e7\u0131tas\u0131 end\u00fcstrisinde, rulo \u015fekillendirme makinesi gibi di\u011fer aksesuarlar\u0131 da \u00fcretebilir: \u2460 Sekizgen boru \u2461 \u00c7\u0131ta kap\u0131 i\u00e7in ray \u2462 K\u0131lavuz kanal \u2463 Alt \u00e7ubuk: I-alt \u00e7ubuk, T-alt \u00e7ubuk ve L-alt \u00e7ubuk.<\/p>\n<p>M\u00fc\u015fterilerin \u00e7izimlerine, toleranslar\u0131na ve b\u00fct\u00e7elerine g\u00f6re farkl\u0131 \u00e7\u00f6z\u00fcmler \u00fcretiyor, t\u00fcm gereksinimlerinize uyarlanabilen profesyonel bire bir hizmet sunuyoruz. Hangi hatt\u0131 se\u00e7erseniz se\u00e7in, SUNWAY Machinery'nin kalitesi m\u00fckemmel i\u015flevsel profiller elde etmenizi sa\u011flayacakt\u0131r.<\/p>\n<h3>Profil \u00c7izimleri<\/h3>\n<p><img decoding=\"async\" class=\"alignnone size-full wp-image-3919\" src=\"https:\/\/swforming.com\/wp-content\/uploads\/2023\/08\/H4b36725df370429b8f24617f10f98decY.jpg\" alt=\"\" width=\"1748\" height=\"1001\" title=\"\" srcset=\"https:\/\/swforming.com\/wp-content\/uploads\/2023\/08\/H4b36725df370429b8f24617f10f98decY.jpg 1748w, https:\/\/swforming.com\/wp-content\/uploads\/2023\/08\/H4b36725df370429b8f24617f10f98decY-600x344.jpg 600w, https:\/\/swforming.com\/wp-content\/uploads\/2023\/08\/H4b36725df370429b8f24617f10f98decY-300x172.jpg 300w, https:\/\/swforming.com\/wp-content\/uploads\/2023\/08\/H4b36725df370429b8f24617f10f98decY-1024x586.jpg 1024w, https:\/\/swforming.com\/wp-content\/uploads\/2023\/08\/H4b36725df370429b8f24617f10f98decY-768x440.jpg 768w, https:\/\/swforming.com\/wp-content\/uploads\/2023\/08\/H4b36725df370429b8f24617f10f98decY-1536x880.jpg 1536w, https:\/\/swforming.com\/wp-content\/uploads\/2023\/08\/H4b36725df370429b8f24617f10f98decY-18x10.jpg 18w\" sizes=\"(max-width: 1748px) 100vw, 1748px\" \/><img decoding=\"async\" class=\"alignnone size-full wp-image-3920\" src=\"https:\/\/swforming.com\/wp-content\/uploads\/2023\/08\/20230828161641.png\" alt=\"\" width=\"751\" height=\"371\" title=\"\" srcset=\"https:\/\/swforming.com\/wp-content\/uploads\/2023\/08\/20230828161641.png 751w, https:\/\/swforming.com\/wp-content\/uploads\/2023\/08\/20230828161641-600x296.png 600w, https:\/\/swforming.com\/wp-content\/uploads\/2023\/08\/20230828161641-300x148.png 300w, https:\/\/swforming.com\/wp-content\/uploads\/2023\/08\/20230828161641-18x9.png 18w\" sizes=\"(max-width: 751px) 100vw, 751px\" \/><\/p>\n<h3>\u00dcretim Hatt\u0131<\/h3>\n<p><img loading=\"lazy\" decoding=\"async\" class=\"alignnone size-full wp-image-3921\" src=\"https:\/\/swforming.com\/wp-content\/uploads\/2023\/08\/H9a0e71c8427f41838cf2548ff284e8b3Q.jpg\" alt=\"\" width=\"1748\" height=\"791\" title=\"\" srcset=\"https:\/\/swforming.com\/wp-content\/uploads\/2023\/08\/H9a0e71c8427f41838cf2548ff284e8b3Q.jpg 1748w, https:\/\/swforming.com\/wp-content\/uploads\/2023\/08\/H9a0e71c8427f41838cf2548ff284e8b3Q-600x272.jpg 600w, https:\/\/swforming.com\/wp-content\/uploads\/2023\/08\/H9a0e71c8427f41838cf2548ff284e8b3Q-300x136.jpg 300w, https:\/\/swforming.com\/wp-content\/uploads\/2023\/08\/H9a0e71c8427f41838cf2548ff284e8b3Q-1024x463.jpg 1024w, https:\/\/swforming.com\/wp-content\/uploads\/2023\/08\/H9a0e71c8427f41838cf2548ff284e8b3Q-768x348.jpg 768w, https:\/\/swforming.com\/wp-content\/uploads\/2023\/08\/H9a0e71c8427f41838cf2548ff284e8b3Q-1536x695.jpg 1536w, https:\/\/swforming.com\/wp-content\/uploads\/2023\/08\/H9a0e71c8427f41838cf2548ff284e8b3Q-18x8.jpg 18w\" sizes=\"(max-width: 1748px) 100vw, 1748px\" \/><\/p>\n<h3>\u00dcr\u00fcn Detaylar\u0131<\/h3>\n<p><img loading=\"lazy\" decoding=\"async\" class=\"alignnone size-full wp-image-3922\" src=\"https:\/\/swforming.com\/wp-content\/uploads\/2023\/08\/Q20230828161824.png\" alt=\"\" width=\"746\" height=\"1258\" title=\"\" srcset=\"https:\/\/swforming.com\/wp-content\/uploads\/2023\/08\/Q20230828161824.png 746w, https:\/\/swforming.com\/wp-content\/uploads\/2023\/08\/Q20230828161824-600x1012.png 600w, https:\/\/swforming.com\/wp-content\/uploads\/2023\/08\/Q20230828161824-178x300.png 178w, https:\/\/swforming.com\/wp-content\/uploads\/2023\/08\/Q20230828161824-607x1024.png 607w, https:\/\/swforming.com\/wp-content\/uploads\/2023\/08\/Q20230828161824-7x12.png 7w\" sizes=\"(max-width: 746px) 100vw, 746px\" \/><\/p>\n<h3>\u00dcr\u00fcn Parametreleri<\/h3>\n<div style=\"overflow-x: auto;\">\n<table>\n<tbody>\n<tr>\n<td style=\"text-align: center;\" colspan=\"3\" rowspan=\"1\" data-sheets-value=\"{&quot;1&quot;:2,&quot;2&quot;:&quot;Rolling Shutter Slat Roll Forming Machine&quot;}\"><strong>Kepenk \u00c7\u0131ta Rulo \u015eekillendirme Makinesi<\/strong><\/td>\n<\/tr>\n<tr>\n<td colspan=\"1\" rowspan=\"3\" data-sheets-value=\"{&quot;1&quot;:2,&quot;2&quot;:&quot;Machinable Material&quot;}\">\n<div>\u0130\u015flenebilir Malzeme<\/div>\n<\/td>\n<td data-sheets-value=\"{&quot;1&quot;:2,&quot;2&quot;:&quot;A) Galvanized Steel&quot;}\">A) Galvanizli \u00c7elik<\/td>\n<td colspan=\"1\" rowspan=\"3\" data-sheets-value=\"{&quot;1&quot;:2,&quot;2&quot;:&quot;Thickness(MM): 0.6-1.5 mm Or According To Customer&quot;}\">\n<div>Kal\u0131nl\u0131k (MM): 0,6-1,5 mm veya M\u00fc\u015fteriye G\u00f6re<\/div>\n<\/td>\n<\/tr>\n<tr>\n<td data-sheets-value=\"{&quot;1&quot;:2,&quot;2&quot;:&quot;B) PPGI&quot;}\">B) PPGI<\/td>\n<\/tr>\n<tr>\n<td data-sheets-value=\"{&quot;1&quot;:2,&quot;2&quot;:&quot;C) Carbon Steel&quot;}\">C) Karbon \u00c7elik<\/td>\n<\/tr>\n<tr>\n<td data-sheets-value=\"{&quot;1&quot;:2,&quot;2&quot;:&quot;Yield Strength&quot;}\">Akma Dayan\u0131m\u0131<\/td>\n<td colspan=\"2\" rowspan=\"1\" data-sheets-value=\"{&quot;1&quot;:2,&quot;2&quot;:&quot;250 - 550 Mpa&quot;}\">250 - 550 Mpa<\/td>\n<\/tr>\n<tr>\n<td data-sheets-value=\"{&quot;1&quot;:2,&quot;2&quot;:&quot;Tensil Stress&quot;}\">Tensil Stres<\/td>\n<td colspan=\"2\" rowspan=\"1\" data-sheets-value=\"{&quot;1&quot;:2,&quot;2&quot;:&quot;G250 Mpa-G550 Mpa&quot;}\">G250 Mpa-G550 Mpa<\/td>\n<\/tr>\n<tr>\n<td data-sheets-value=\"{&quot;1&quot;:2,&quot;2&quot;:&quot;Slat Type&quot;}\">\u00c7\u0131ta Tipi<\/td>\n<td colspan=\"2\" rowspan=\"1\" data-sheets-value=\"{&quot;1&quot;:2,&quot;2&quot;:&quot;Slat, With Slotted Holes, With Embossing, With PU&quot;}\">\u00c7\u0131ta, Oluklu Delikli, Kabartmal\u0131, PU ile<\/td>\n<\/tr>\n<tr>\n<td data-sheets-value=\"{&quot;1&quot;:2,&quot;2&quot;:&quot;Decoiler&quot;}\">Decoiler<\/td>\n<td colspan=\"2\" rowspan=\"1\" data-sheets-value=\"{&quot;1&quot;:2,&quot;2&quot;:&quot;Hydraulic Decoiler&quot;}\">Hidrolik A\u00e7\u0131c\u0131<\/td>\n<\/tr>\n<tr>\n<td data-sheets-value=\"{&quot;1&quot;:2,&quot;2&quot;:&quot;Punching System&quot;}\">Delme Sistemi<\/td>\n<td colspan=\"2\" rowspan=\"1\" data-sheets-value=\"{&quot;1&quot;:2,&quot;2&quot;:&quot;Hydraulic Punching Station&quot;}\">Hidrolik Delme \u0130stasyonu<\/td>\n<\/tr>\n<tr>\n<td data-sheets-value=\"{&quot;1&quot;:2,&quot;2&quot;:&quot;Forming Station&quot;}\">\u015eekillendirme \u0130stasyonu<\/td>\n<td data-sheets-value=\"{&quot;1&quot;:2,&quot;2&quot;:&quot;About 10-16 Stations&quot;}\">Yakla\u015f\u0131k 10-16 \u0130stasyon<\/td>\n<td data-sheets-value=\"{&quot;1&quot;:2,&quot;2&quot;:&quot;* According To Your Profile Drawings&quot;}\">* Profil \u00c7izimlerinize G\u00f6re<\/td>\n<\/tr>\n<tr>\n<td data-sheets-value=\"{&quot;1&quot;:2,&quot;2&quot;:&quot;Driving System&quot;}\">S\u00fcr\u00fc\u015f Sistemi<\/td>\n<td data-sheets-value=\"{&quot;1&quot;:2,&quot;2&quot;:&quot;Gearbox Drive&quot;}\">\u015eanz\u0131man Tahriki<\/td>\n<td data-sheets-value=\"{&quot;1&quot;:2,&quot;2&quot;:&quot;Chain Drive&quot;}\">Zincir Tahrik<\/td>\n<\/tr>\n<tr>\n<td data-sheets-value=\"{&quot;1&quot;:2,&quot;2&quot;:&quot;Machine Structure&quot;}\">Makine Yap\u0131s\u0131<\/td>\n<td data-sheets-value=\"{&quot;1&quot;:2,&quot;2&quot;:&quot;Forged Iron Station&quot;}\">D\u00f6vme Demir \u0130stasyonu<\/td>\n<td data-sheets-value=\"{&quot;1&quot;:2,&quot;2&quot;:&quot;Wall Plated Steel&quot;}\">Duvar Kaplamal\u0131 \u00c7elik<\/td>\n<\/tr>\n<tr>\n<td data-sheets-value=\"{&quot;1&quot;:2,&quot;2&quot;:&quot;Forming Speed&quot;}\">\u015eekillendirme H\u0131z\u0131<\/td>\n<td data-sheets-value=\"{&quot;1&quot;:2,&quot;2&quot;:&quot;0-20 (M\/MIN)&quot;}\">0-20 (M\/MIN)<\/td>\n<td data-sheets-value=\"{&quot;1&quot;:2,&quot;2&quot;:&quot;Not Including Cutting And Punching&quot;}\">Kesme ve Delme Dahil De\u011fil<\/td>\n<\/tr>\n<tr>\n<td data-sheets-value=\"{&quot;1&quot;:2,&quot;2&quot;:&quot;Rollers\u2019 Material&quot;}\">Silindir Malzemesi<\/td>\n<td data-sheets-value=\"{&quot;1&quot;:2,&quot;2&quot;:&quot;GCr 15&quot;}\">GCr 15<\/td>\n<td data-sheets-value=\"{&quot;1&quot;:2,&quot;2&quot;:&quot;* Cr12Mov (Optional)&quot;}\">* Cr12Mov (\u0130ste\u011fe ba\u011fl\u0131)<\/td>\n<\/tr>\n<tr>\n<td data-sheets-value=\"{&quot;1&quot;:2,&quot;2&quot;:&quot;Cutting System&quot;}\">Kesim Sistemi<\/td>\n<td data-sheets-value=\"{&quot;1&quot;:2,&quot;2&quot;:&quot;Hydraulic Cutting&quot;}\">Hidrolik Kesme<\/td>\n<td data-sheets-value=\"{&quot;1&quot;:2,&quot;2&quot;:&quot;* Saw-cutting (Optional)&quot;}\">* Testere ile kesme (\u0130ste\u011fe ba\u011fl\u0131)<\/td>\n<\/tr>\n<tr>\n<td data-sheets-value=\"{&quot;1&quot;:2,&quot;2&quot;:&quot;Frequency Changer Brand&quot;}\">Frekans De\u011fi\u015ftirici Marka<\/td>\n<td data-sheets-value=\"{&quot;1&quot;:2,&quot;2&quot;:&quot;Yaskawa&quot;}\">Yaskawa<\/td>\n<td data-sheets-value=\"{&quot;1&quot;:2,&quot;2&quot;:&quot;* Siemens (Optional)&quot;}\">* Siemens (Opsiyonel)<\/td>\n<\/tr>\n<tr>\n<td data-sheets-value=\"{&quot;1&quot;:2,&quot;2&quot;:&quot;PLC Brand&quot;}\">PLC Markas\u0131<\/td>\n<td data-sheets-value=\"{&quot;1&quot;:2,&quot;2&quot;:&quot;Panasonic&quot;}\">Panasonic<\/td>\n<td data-sheets-value=\"{&quot;1&quot;:2,&quot;2&quot;:&quot;* Siemens (Optional)&quot;}\">* Siemens (Opsiyonel)<\/td>\n<\/tr>\n<tr>\n<td data-sheets-value=\"{&quot;1&quot;:2,&quot;2&quot;:&quot;Power Supply&quot;}\">G\u00fc\u00e7 Kayna\u011f\u0131<\/td>\n<td data-sheets-value=\"{&quot;1&quot;:2,&quot;2&quot;:&quot;380V 50Hz 3ph&quot;}\">380V 50Hz 3ph<\/td>\n<td data-sheets-value=\"{&quot;1&quot;:2,&quot;2&quot;:&quot;* Or According To Your Requirment&quot;}\">* Veya \u0130htiyac\u0131n\u0131za G\u00f6re<\/td>\n<\/tr>\n<tr>\n<td data-sheets-value=\"{&quot;1&quot;:2,&quot;2&quot;:&quot;Machine Color&quot;}\">Makine Rengi<\/td>\n<td data-sheets-value=\"{&quot;1&quot;:2,&quot;2&quot;:&quot;Industrial Blue&quot;}\">End\u00fcstriyel Mavi<\/td>\n<td data-sheets-value=\"{&quot;1&quot;:2,&quot;2&quot;:&quot;* Or According To Your Requirment&quot;}\">* Veya \u0130htiyac\u0131n\u0131za G\u00f6re<\/td>\n<\/tr>\n<\/tbody>\n<\/table>\n<\/div>\n<h3>Uygulama<\/h3>\n<p><img loading=\"lazy\" decoding=\"async\" class=\"alignnone size-full wp-image-3923\" src=\"https:\/\/swforming.com\/wp-content\/uploads\/2023\/08\/230828162257.png\" alt=\"\" width=\"749\" height=\"452\" title=\"\" srcset=\"https:\/\/swforming.com\/wp-content\/uploads\/2023\/08\/230828162257.png 749w, https:\/\/swforming.com\/wp-content\/uploads\/2023\/08\/230828162257-600x362.png 600w, https:\/\/swforming.com\/wp-content\/uploads\/2023\/08\/230828162257-300x181.png 300w, https:\/\/swforming.com\/wp-content\/uploads\/2023\/08\/230828162257-18x12.png 18w\" sizes=\"(max-width: 749px) 100vw, 749px\" \/><\/p>","protected":false},"excerpt":{"rendered":"<p>Kepenk \u00c7\u0131ta rulo \u015fekillendirme makinesi, Garaj Kap\u0131lar\u0131, Ticari Saya\u00e7 Kepenk, Ticari yang\u0131n kap\u0131s\u0131, end\u00fcstriyel, ofis kamu, Kiosklar, pavyonlar, pencereler vb. i\u00e7in yayg\u0131n olarak kullan\u0131lan panjur \u00e7\u0131tas\u0131 yapmakt\u0131r. \u0130\u015flenebilir \u00e7elik malzeme galvanizli \u00e7elik, paslanmaz \u00e7elik (304 ve 316), al\u00fcminyum, Ral vb. olabilir. \u00c7elik kal\u0131nl\u0131k aral\u0131\u011f\u0131, Amerika'da yayg\u0131n olarak kullan\u0131lan Gauge 16, Gauge 18, Gauge 20, Gauge 22, Gauge 24 olabilir veya uluslararas\u0131 pazarda 0.6-1.5mm olabilir.<\/p>","protected":false},"featured_media":3926,"comment_status":"closed","ping_status":"closed","template":"","meta":{"_acf_changed":false},"product_brand":[],"product_cat":[31,98],"product_tag":[],"class_list":{"0":"post-3917","1":"product","2":"type-product","3":"status-publish","4":"has-post-thumbnail","6":"product_cat-door-windows","7":"product_cat-rolling-shutter-slat-roll-forming-machine","9":"first","10":"instock","11":"shipping-taxable","12":"product-type-simple"},"acf":[],"_links":{"self":[{"href":"https:\/\/swforming.com\/tr\/wp-json\/wp\/v2\/product\/3917","targetHints":{"allow":["GET"]}}],"collection":[{"href":"https:\/\/swforming.com\/tr\/wp-json\/wp\/v2\/product"}],"about":[{"href":"https:\/\/swforming.com\/tr\/wp-json\/wp\/v2\/types\/product"}],"replies":[{"embeddable":true,"href":"https:\/\/swforming.com\/tr\/wp-json\/wp\/v2\/comments?post=3917"}],"version-history":[{"count":2,"href":"https:\/\/swforming.com\/tr\/wp-json\/wp\/v2\/product\/3917\/revisions"}],"predecessor-version":[{"id":3925,"href":"https:\/\/swforming.com\/tr\/wp-json\/wp\/v2\/product\/3917\/revisions\/3925"}],"wp:featuredmedia":[{"embeddable":true,"href":"https:\/\/swforming.com\/tr\/wp-json\/wp\/v2\/media\/3926"}],"wp:attachment":[{"href":"https:\/\/swforming.com\/tr\/wp-json\/wp\/v2\/media?parent=3917"}],"wp:term":[{"taxonomy":"product_brand","embeddable":true,"href":"https:\/\/swforming.com\/tr\/wp-json\/wp\/v2\/product_brand?post=3917"},{"taxonomy":"product_cat","embeddable":true,"href":"https:\/\/swforming.com\/tr\/wp-json\/wp\/v2\/product_cat?post=3917"},{"taxonomy":"product_tag","embeddable":true,"href":"https:\/\/swforming.com\/tr\/wp-json\/wp\/v2\/product_tag?post=3917"}],"curies":[{"name":"wp","href":"https:\/\/api.w.org\/{rel}","templated":true}]}}