{"id":3888,"date":"2023-08-21T08:05:48","date_gmt":"2023-08-21T08:05:48","guid":{"rendered":"https:\/\/swforming.com\/?post_type=product&#038;p=3888"},"modified":"2023-08-21T08:05:54","modified_gmt":"2023-08-21T08:05:54","slug":"highway-guardrail-end-terminal-forming-machine","status":"publish","type":"product","link":"https:\/\/swforming.com\/tr\/product\/highway-guardrail-end-terminal-forming-machine\/","title":{"rendered":"Otoyol Otokorkuluk U\u00e7 Terminali \u015eekillendirme Makinesi"},"content":{"rendered":"<p><img fetchpriority=\"high\" decoding=\"async\" class=\"alignnone size-full wp-image-3896\" src=\"https:\/\/swforming.com\/wp-content\/uploads\/2023\/08\/H9497aa20cfb441cf8ace6207841e8b34g.jpg\" alt=\"\" width=\"750\" height=\"979\" title=\"\" srcset=\"https:\/\/swforming.com\/wp-content\/uploads\/2023\/08\/H9497aa20cfb441cf8ace6207841e8b34g.jpg 750w, https:\/\/swforming.com\/wp-content\/uploads\/2023\/08\/H9497aa20cfb441cf8ace6207841e8b34g-600x783.jpg 600w, https:\/\/swforming.com\/wp-content\/uploads\/2023\/08\/H9497aa20cfb441cf8ace6207841e8b34g-230x300.jpg 230w, https:\/\/swforming.com\/wp-content\/uploads\/2023\/08\/H9497aa20cfb441cf8ace6207841e8b34g-9x12.jpg 9w\" sizes=\"(max-width: 750px) 100vw, 750px\" \/><\/p>\n<p><b>Otoyol Otokorkuluk U\u00e7 Terminalleri Delme Hatt\u0131<\/b> Otokorkuluk u\u00e7 terminalleri, araca verilen zarar\u0131 azaltmak ve yolcular\u0131n hayat\u0131n\u0131 korumak i\u00e7in tasarlanm\u0131\u015ft\u0131r. U\u00e7 terminalinin her a\u00e7\u0131kl\u0131\u011fa veya bir yol b\u00f6l\u00fcm\u00fcn\u00fcn sonuna monte edilmesi gerekir. Farkl\u0131 s\u00fcr\u00fc\u015f y\u00f6nlerine g\u00f6re, korkuluk ucunun iki t\u00fcr yukar\u0131 ak\u0131\u015f ankraj ucu ve a\u015fa\u011f\u0131 ak\u0131\u015f yuvarlak ucu vard\u0131r.  Bal\u0131k kuyru\u011fu ucu, AASHTO M180 standard\u0131na sahip yayg\u0131n terminal ucudur, Orta Do\u011fu, Avrupa ve Amerika \u00fclkelerinde \u00fcnl\u00fcd\u00fcr.  Normal kal\u0131nl\u0131k yakla\u015f\u0131k 4 mm'dir. Bu nedenle, bu makinenin \u00f6n\u00fcm\u00fczdeki 20 y\u0131l i\u00e7inde istikrarl\u0131 bir durumda uzun s\u00fcre \u00e7al\u0131\u015fabilece\u011finden emin olmak i\u00e7in d\u00f6vme demir ayaklar\u0131 ve di\u015fli kutusu s\u00fcr\u00fc\u015f\u00fcn\u00fc benimsiyoruz. Delme h\u0131z\u0131 70 kez \/ dakikaya kadar \u00e7\u0131kabilir.<\/p>\n<p><b>Hidrolik A\u00e7\u0131c\u0131-Tesviye-Servo Besleyici-Delme-Kolekt\u00f6r Kutusu<\/b> Bal\u0131k kuyru\u011fu terminal ucu, ad\u0131ndan da anla\u015f\u0131laca\u011f\u0131 gibi, d\u00fc\u015f\u00fck h\u0131zl\u0131 trafik ak\u0131\u015f\u0131 boyunca \u00e7elik bir karayolu korkuluk \u00e7itleri i\u00e7in s\u0131\u011f bir sonland\u0131rma sa\u011flayan bal\u0131k kuyru\u011fu gibi bir korkuluk ucu \u015feklidir. Bal\u0131k kuyru\u011fu terminali hem W-kiri\u015f hem de \u00fc\u00e7 kiri\u015fli korkuluk sistemleri i\u00e7in mevcuttur ve \u00e7ift ray ve y\u00fcr\u00fcme yollar\u0131 i\u00e7in idealdir. Bal\u0131k kuyru\u011fu u\u00e7 terminalinin (u\u00e7 i\u015flemi) kurulumu kolayd\u0131r ve \u00f6zel kurulumlar i\u00e7in de\u011fi\u015ftirilebilir. M\u00fc\u015fterilerin \u00e7izimlerine, toleranslar\u0131na ve b\u00fct\u00e7elerine g\u00f6re farkl\u0131 \u00e7\u00f6z\u00fcmler \u00fcretiyor, t\u00fcm gereksinimlerinize uyarlanabilen profesyonel bire bir hizmet sunuyoruz. Hangi hatt\u0131 se\u00e7erseniz se\u00e7in, SUNWAY Machinery'nin kalitesi m\u00fckemmel i\u015flevsel profiller elde etmenizi sa\u011flayacakt\u0131r.<\/p>\n<h3>Profil \u00c7izimleri<\/h3>\n<p><img decoding=\"async\" class=\"alignnone size-full wp-image-3897\" src=\"https:\/\/swforming.com\/wp-content\/uploads\/2023\/08\/Hd8238265cf83406c8d610c04a0236415e.jpg\" alt=\"\" width=\"1748\" height=\"1782\" title=\"\" srcset=\"https:\/\/swforming.com\/wp-content\/uploads\/2023\/08\/Hd8238265cf83406c8d610c04a0236415e.jpg 1748w, https:\/\/swforming.com\/wp-content\/uploads\/2023\/08\/Hd8238265cf83406c8d610c04a0236415e-600x612.jpg 600w, https:\/\/swforming.com\/wp-content\/uploads\/2023\/08\/Hd8238265cf83406c8d610c04a0236415e-294x300.jpg 294w, https:\/\/swforming.com\/wp-content\/uploads\/2023\/08\/Hd8238265cf83406c8d610c04a0236415e-1004x1024.jpg 1004w, https:\/\/swforming.com\/wp-content\/uploads\/2023\/08\/Hd8238265cf83406c8d610c04a0236415e-768x783.jpg 768w, https:\/\/swforming.com\/wp-content\/uploads\/2023\/08\/Hd8238265cf83406c8d610c04a0236415e-1507x1536.jpg 1507w, https:\/\/swforming.com\/wp-content\/uploads\/2023\/08\/Hd8238265cf83406c8d610c04a0236415e-12x12.jpg 12w\" sizes=\"(max-width: 1748px) 100vw, 1748px\" \/><\/p>\n<h3>\u00dcretim Hatt\u0131<\/h3>\n<p><img decoding=\"async\" class=\"alignnone size-full wp-image-3898\" src=\"https:\/\/swforming.com\/wp-content\/uploads\/2023\/08\/H71e2fe7da20749c5821f8417a804a51dr.jpg\" alt=\"\" width=\"1748\" height=\"791\" title=\"\" srcset=\"https:\/\/swforming.com\/wp-content\/uploads\/2023\/08\/H71e2fe7da20749c5821f8417a804a51dr.jpg 1748w, https:\/\/swforming.com\/wp-content\/uploads\/2023\/08\/H71e2fe7da20749c5821f8417a804a51dr-600x272.jpg 600w, https:\/\/swforming.com\/wp-content\/uploads\/2023\/08\/H71e2fe7da20749c5821f8417a804a51dr-300x136.jpg 300w, https:\/\/swforming.com\/wp-content\/uploads\/2023\/08\/H71e2fe7da20749c5821f8417a804a51dr-1024x463.jpg 1024w, https:\/\/swforming.com\/wp-content\/uploads\/2023\/08\/H71e2fe7da20749c5821f8417a804a51dr-768x348.jpg 768w, https:\/\/swforming.com\/wp-content\/uploads\/2023\/08\/H71e2fe7da20749c5821f8417a804a51dr-1536x695.jpg 1536w, https:\/\/swforming.com\/wp-content\/uploads\/2023\/08\/H71e2fe7da20749c5821f8417a804a51dr-18x8.jpg 18w\" sizes=\"(max-width: 1748px) 100vw, 1748px\" \/><\/p>\n<h3>\u00dcr\u00fcn Detaylar\u0131<\/h3>\n<p><img loading=\"lazy\" decoding=\"async\" class=\"alignnone size-full wp-image-3899\" src=\"https:\/\/swforming.com\/wp-content\/uploads\/2023\/08\/30821155655.png\" alt=\"\" width=\"750\" height=\"218\" title=\"\" srcset=\"https:\/\/swforming.com\/wp-content\/uploads\/2023\/08\/30821155655.png 750w, https:\/\/swforming.com\/wp-content\/uploads\/2023\/08\/30821155655-600x174.png 600w, https:\/\/swforming.com\/wp-content\/uploads\/2023\/08\/30821155655-300x87.png 300w, https:\/\/swforming.com\/wp-content\/uploads\/2023\/08\/30821155655-18x5.png 18w\" sizes=\"(max-width: 750px) 100vw, 750px\" \/><\/p>\n<h3>\u00dcr\u00fcn Parametreleri<\/h3>\n<div style=\"overflow-x: auto;\">\n<table>\n<tbody>\n<tr>\n<td style=\"text-align: center;\" colspan=\"3\" rowspan=\"1\" data-sheets-value=\"{&quot;1&quot;:2,&quot;2&quot;:&quot;Highway Guardrail End Terminals Punching Line&quot;}\"><strong>Otoyol Otokorkuluk U\u00e7 Terminalleri Delme Hatt\u0131<\/strong><\/td>\n<\/tr>\n<tr>\n<td colspan=\"1\" rowspan=\"2\" data-sheets-value=\"{&quot;1&quot;:2,&quot;2&quot;:&quot;Machinable Material&quot;}\">\n<div>\u0130\u015flenebilir Malzeme<\/div>\n<\/td>\n<td data-sheets-value=\"{&quot;1&quot;:2,&quot;2&quot;:&quot;A) Galvanized Steel&quot;}\">A) Galvanizli \u00c7elik<\/td>\n<td colspan=\"1\" rowspan=\"2\" data-sheets-value=\"{&quot;1&quot;:2,&quot;2&quot;:&quot;Thickness(MM): 3-6 mm Or According To Customer&quot;}\">\n<div>Kal\u0131nl\u0131k (MM): 3-6 mm veya m\u00fc\u015fteriye g\u00f6re<\/div>\n<\/td>\n<\/tr>\n<tr>\n<td data-sheets-value=\"{&quot;1&quot;:2,&quot;2&quot;:&quot;B) Carbon Steel&quot;}\">B) Karbon \u00c7elik<\/td>\n<\/tr>\n<tr>\n<td data-sheets-value=\"{&quot;1&quot;:2,&quot;2&quot;:&quot;Yield Strength&quot;}\">Akma Dayan\u0131m\u0131<\/td>\n<td colspan=\"2\" rowspan=\"1\" data-sheets-value=\"{&quot;1&quot;:2,&quot;2&quot;:&quot;250 - 550 Mpa&quot;}\">250 - 550 Mpa<\/td>\n<\/tr>\n<tr>\n<td data-sheets-value=\"{&quot;1&quot;:2,&quot;2&quot;:&quot;Tensil Stress&quot;}\">Tensil Stres<\/td>\n<td colspan=\"2\" rowspan=\"1\" data-sheets-value=\"{&quot;1&quot;:2,&quot;2&quot;:&quot;G250 Mpa-G550 Mpa&quot;}\">G250 Mpa-G550 Mpa<\/td>\n<\/tr>\n<tr>\n<td data-sheets-value=\"{&quot;1&quot;:2,&quot;2&quot;:&quot;Guard Rail Type&quot;}\">Koruma Ray\u0131 Tipi<\/td>\n<td colspan=\"2\" rowspan=\"1\" data-sheets-value=\"{&quot;1&quot;:2,&quot;2&quot;:&quot;2 Waves Or 3 Waves&quot;}\">2 Dalga veya 3 Dalga<\/td>\n<\/tr>\n<tr>\n<td data-sheets-value=\"{&quot;1&quot;:2,&quot;2&quot;:&quot;Decoiler&quot;}\">Decoiler<\/td>\n<td colspan=\"2\" rowspan=\"1\" data-sheets-value=\"{&quot;1&quot;:2,&quot;2&quot;:&quot;Hydraulilc Decoiler&quot;}\">Hidrolik A\u00e7\u0131c\u0131<\/td>\n<\/tr>\n<tr>\n<td data-sheets-value=\"{&quot;1&quot;:2,&quot;2&quot;:&quot;Leveller&quot;}\">Leveller<\/td>\n<td colspan=\"2\" rowspan=\"1\" data-sheets-value=\"{&quot;1&quot;:2,&quot;2&quot;:&quot;Levelling Rollers&quot;}\">Tesviye Silindirleri<\/td>\n<\/tr>\n<tr>\n<td data-sheets-value=\"{&quot;1&quot;:2,&quot;2&quot;:&quot;Feeder&quot;}\">Besleyici<\/td>\n<td colspan=\"2\" rowspan=\"1\" data-sheets-value=\"{&quot;1&quot;:2,&quot;2&quot;:&quot;Servo Feeder&quot;}\">Servo Besleyici<\/td>\n<\/tr>\n<tr>\n<td data-sheets-value=\"{&quot;1&quot;:2,&quot;2&quot;:&quot;Punching System&quot;}\">Delme Sistemi<\/td>\n<td colspan=\"2\" rowspan=\"1\" data-sheets-value=\"{&quot;1&quot;:2,&quot;2&quot;:&quot;Press Machine With Mould&quot;}\">Kal\u0131pl\u0131 Pres Makinesi<\/td>\n<\/tr>\n<tr>\n<td data-sheets-value=\"{&quot;1&quot;:2,&quot;2&quot;:&quot;Power Supply&quot;}\">G\u00fc\u00e7 Kayna\u011f\u0131<\/td>\n<td data-sheets-value=\"{&quot;1&quot;:2,&quot;2&quot;:&quot;380V 50Hz 3ph&quot;}\">380V 50Hz 3ph<\/td>\n<td data-sheets-value=\"{&quot;1&quot;:2,&quot;2&quot;:&quot;* Or According To Your Requirment&quot;}\">* Veya \u0130htiyac\u0131n\u0131za G\u00f6re<\/td>\n<\/tr>\n<tr>\n<td data-sheets-value=\"{&quot;1&quot;:2,&quot;2&quot;:&quot;Machine Color&quot;}\">Makine Rengi<\/td>\n<td data-sheets-value=\"{&quot;1&quot;:2,&quot;2&quot;:&quot;Industrial Blue&quot;}\">End\u00fcstriyel Mavi<\/td>\n<td data-sheets-value=\"{&quot;1&quot;:2,&quot;2&quot;:&quot;* Or According To Your Requirment&quot;}\">* Veya \u0130htiyac\u0131n\u0131za G\u00f6re<\/td>\n<\/tr>\n<\/tbody>\n<\/table>\n<\/div>\n<h3>Uygulama<\/h3>\n<p><img loading=\"lazy\" decoding=\"async\" class=\"alignnone size-full wp-image-3902\" src=\"https:\/\/swforming.com\/wp-content\/uploads\/2023\/08\/30821160236.png\" alt=\"\" width=\"750\" height=\"453\" title=\"\" srcset=\"https:\/\/swforming.com\/wp-content\/uploads\/2023\/08\/30821160236.png 750w, https:\/\/swforming.com\/wp-content\/uploads\/2023\/08\/30821160236-600x362.png 600w, https:\/\/swforming.com\/wp-content\/uploads\/2023\/08\/30821160236-300x181.png 300w, https:\/\/swforming.com\/wp-content\/uploads\/2023\/08\/30821160236-18x12.png 18w\" sizes=\"(max-width: 750px) 100vw, 750px\" \/><\/p>","protected":false},"excerpt":{"rendered":"<p>Otoyol korkuluk u\u00e7 terminali \u015fekillendirme makineleri, araca verilen zarar\u0131 azaltmak ve yolcular\u0131n hayat\u0131n\u0131 korumak i\u00e7in tasarlanm\u0131\u015ft\u0131r. U\u00e7 terminalinin her a\u00e7\u0131kl\u0131\u011fa veya bir yol b\u00f6l\u00fcm\u00fcn\u00fcn sonuna monte edilmesi gerekir. Farkl\u0131 s\u00fcr\u00fc\u015f y\u00f6nlerine g\u00f6re, korkuluk ucunun iki t\u00fcr yukar\u0131 ak\u0131\u015f ankraj ucu ve a\u015fa\u011f\u0131 ak\u0131\u015f yuvarlak ucu vard\u0131r.  Bal\u0131k kuyru\u011fu ucu, AASHTO M180 standard\u0131na sahip yayg\u0131n terminal ucudur, Orta Do\u011fu, Avrupa ve Amerika \u00fclkelerinde \u00fcnl\u00fcd\u00fcr.  Normal kal\u0131nl\u0131k yakla\u015f\u0131k 4 mm'dir. Bu nedenle, bu makinenin \u00f6n\u00fcm\u00fczdeki 20 y\u0131l i\u00e7inde istikrarl\u0131 bir durumda uzun s\u00fcre \u00e7al\u0131\u015fabilece\u011finden emin olmak i\u00e7in d\u00f6vme demir ayaklar\u0131 ve di\u015fli kutusu s\u00fcr\u00fc\u015f\u00fcn\u00fc benimsiyoruz. Delme h\u0131z\u0131 70 kez\/dakikaya kadar \u00e7\u0131kabilir.<\/p>","protected":false},"featured_media":3890,"comment_status":"closed","ping_status":"closed","template":"","meta":{"_acf_changed":false},"product_brand":[],"product_cat":[37,91],"product_tag":[],"class_list":{"0":"post-3888","1":"product","2":"type-product","3":"status-publish","4":"has-post-thumbnail","6":"product_cat-highway-engineering-vehicle","7":"product_cat-highway-guardrail-end-terminal-machine","9":"first","10":"instock","11":"shipping-taxable","12":"product-type-simple"},"acf":[],"_links":{"self":[{"href":"https:\/\/swforming.com\/tr\/wp-json\/wp\/v2\/product\/3888","targetHints":{"allow":["GET"]}}],"collection":[{"href":"https:\/\/swforming.com\/tr\/wp-json\/wp\/v2\/product"}],"about":[{"href":"https:\/\/swforming.com\/tr\/wp-json\/wp\/v2\/types\/product"}],"replies":[{"embeddable":true,"href":"https:\/\/swforming.com\/tr\/wp-json\/wp\/v2\/comments?post=3888"}],"version-history":[{"count":1,"href":"https:\/\/swforming.com\/tr\/wp-json\/wp\/v2\/product\/3888\/revisions"}],"predecessor-version":[{"id":3903,"href":"https:\/\/swforming.com\/tr\/wp-json\/wp\/v2\/product\/3888\/revisions\/3903"}],"wp:featuredmedia":[{"embeddable":true,"href":"https:\/\/swforming.com\/tr\/wp-json\/wp\/v2\/media\/3890"}],"wp:attachment":[{"href":"https:\/\/swforming.com\/tr\/wp-json\/wp\/v2\/media?parent=3888"}],"wp:term":[{"taxonomy":"product_brand","embeddable":true,"href":"https:\/\/swforming.com\/tr\/wp-json\/wp\/v2\/product_brand?post=3888"},{"taxonomy":"product_cat","embeddable":true,"href":"https:\/\/swforming.com\/tr\/wp-json\/wp\/v2\/product_cat?post=3888"},{"taxonomy":"product_tag","embeddable":true,"href":"https:\/\/swforming.com\/tr\/wp-json\/wp\/v2\/product_tag?post=3888"}],"curies":[{"name":"wp","href":"https:\/\/api.w.org\/{rel}","templated":true}]}}