{"id":3854,"date":"2023-08-14T08:58:08","date_gmt":"2023-08-14T08:58:08","guid":{"rendered":"https:\/\/swforming.com\/?post_type=product&#038;p=3854"},"modified":"2023-11-08T02:47:29","modified_gmt":"2023-11-08T02:47:29","slug":"highway-u-c-post-roll-forming-machine","status":"publish","type":"product","link":"https:\/\/swforming.com\/tr\/product\/highway-u-c-post-roll-forming-machine\/","title":{"rendered":"Otoyol U\/C Post Rulo \u015eekillendirme Makinesi"},"content":{"rendered":"<p><img fetchpriority=\"high\" decoding=\"async\" class=\"alignnone size-full wp-image-3861\" src=\"https:\/\/swforming.com\/wp-content\/uploads\/2023\/08\/Haa342d4cd08f49febed9f24df749b086W.jpg\" alt=\"\" width=\"750\" height=\"979\" title=\"\" srcset=\"https:\/\/swforming.com\/wp-content\/uploads\/2023\/08\/Haa342d4cd08f49febed9f24df749b086W.jpg 750w, https:\/\/swforming.com\/wp-content\/uploads\/2023\/08\/Haa342d4cd08f49febed9f24df749b086W-600x783.jpg 600w, https:\/\/swforming.com\/wp-content\/uploads\/2023\/08\/Haa342d4cd08f49febed9f24df749b086W-230x300.jpg 230w, https:\/\/swforming.com\/wp-content\/uploads\/2023\/08\/Haa342d4cd08f49febed9f24df749b086W-9x12.jpg 9w\" sizes=\"(max-width: 750px) 100vw, 750px\" \/><\/p>\n<p>Otoyol U \/ C Post Rulo \u015eekillendirme Makinesi, C bariyer dire\u011fi veya U dire\u011fi ve normalde 3-6 mm kal\u0131nl\u0131k \u00fcretmek i\u00e7in kullan\u0131l\u0131r.<\/p>\n<p>C bariyer dire\u011fi veya U dire\u011fi, kiri\u015f korkulu\u011fu i\u00e7in bir destek g\u00f6revi g\u00f6r\u00fcr ve genellikle \u00e7arp\u0131\u015fma s\u0131ras\u0131nda korkulu\u011fun performans\u0131n\u0131 belirler. Otokorkuluk dire\u011finin do\u011fru \u015fekilde monte edilmesi otokorkuluk performans\u0131n\u0131 en \u00fcst d\u00fczeye \u00e7\u0131karacakt\u0131r. Bariyer dire\u011fi uzun \u00f6m\u00fcrl\u00fcd\u00fcr ve y\u00fczeyi pas ve korozyon direnci sa\u011flamak i\u00e7in genellikle s\u0131cak dald\u0131rma galvaniz veya sprey kaplamal\u0131d\u0131r.<\/p>\n<p>Flan\u015fl\u0131 ve flan\u015fs\u0131z \u00e7elik C direkler, kullan\u0131m amac\u0131n\u0131za g\u00f6re farkl\u0131la\u015ft\u0131r\u0131l\u0131r. Genellikle, flan\u015fs\u0131z direkler \u00e7o\u011funlukla direkler taraf\u0131ndan yumu\u015fak topra\u011fa sabitlenir. Ancak beton bir kald\u0131r\u0131ma sabitlemek istiyorsan\u0131z, \u00e7elik plakal\u0131 direk kurulumunuz i\u00e7in en iyi se\u00e7imdir: dire\u011fi istedi\u011finiz konuma sabitlemek i\u00e7in sadece uzun c\u0131vatalar kullan\u0131n.<\/p>\n<p>Otokorkuluklar, trafik ve \u00e7al\u0131\u015fma alanlar\u0131 aras\u0131nda g\u00f6rsel ve fiziksel bir bariyer sa\u011flar. R\u0131ht\u0131m alanlar\u0131nda, koridorlarda, \u00f6zel ekipmanlar\u0131n \u00e7evresinde forkliftler veya di\u011fer mobil ekipmanlardan kaynaklanan kazalara kar\u015f\u0131 koruma i\u00e7in kullan\u0131l\u0131r. Ekipman ve envanterdeki maliyetli hasar\u0131 azalt\u0131r. Normalde Otoyol korkuluklar\u0131 projesinde bu t\u00fcr makineler olacakt\u0131r: iki \/ \u00fc\u00e7 dalga korkuluk rulo \u015fekillendirme makinesi, U veya C direk rulo \u015fekillendirme makinesi, Ba\u011flant\u0131 delme hatt\u0131, U\u00e7 terminal delme hatt\u0131.<\/p>\n<p>M\u00fc\u015fterilerin \u00e7izimlerine, toleranslar\u0131na ve b\u00fct\u00e7elerine g\u00f6re farkl\u0131 \u00e7\u00f6z\u00fcmler \u00fcretiyor, t\u00fcm gereksinimlerinize uyarlanabilen profesyonel bire bir hizmet sunuyoruz. Hangi hatt\u0131 se\u00e7erseniz se\u00e7in, SUNWAY Machinery'nin kalitesi m\u00fckemmel i\u015flevsel profiller elde etmenizi sa\u011flayacakt\u0131r.<\/p>\n<h3>Profil \u00c7izimleri<\/h3>\n<p><img decoding=\"async\" class=\"alignnone size-full wp-image-3862\" src=\"https:\/\/swforming.com\/wp-content\/uploads\/2023\/08\/H0089c9d680024b9db7985b8b8284272d9.jpg\" alt=\"\" width=\"1748\" height=\"2113\" title=\"\" srcset=\"https:\/\/swforming.com\/wp-content\/uploads\/2023\/08\/H0089c9d680024b9db7985b8b8284272d9.jpg 1748w, https:\/\/swforming.com\/wp-content\/uploads\/2023\/08\/H0089c9d680024b9db7985b8b8284272d9-600x725.jpg 600w, https:\/\/swforming.com\/wp-content\/uploads\/2023\/08\/H0089c9d680024b9db7985b8b8284272d9-248x300.jpg 248w, https:\/\/swforming.com\/wp-content\/uploads\/2023\/08\/H0089c9d680024b9db7985b8b8284272d9-847x1024.jpg 847w, https:\/\/swforming.com\/wp-content\/uploads\/2023\/08\/H0089c9d680024b9db7985b8b8284272d9-768x928.jpg 768w, https:\/\/swforming.com\/wp-content\/uploads\/2023\/08\/H0089c9d680024b9db7985b8b8284272d9-1271x1536.jpg 1271w, https:\/\/swforming.com\/wp-content\/uploads\/2023\/08\/H0089c9d680024b9db7985b8b8284272d9-1694x2048.jpg 1694w, https:\/\/swforming.com\/wp-content\/uploads\/2023\/08\/H0089c9d680024b9db7985b8b8284272d9-10x12.jpg 10w\" sizes=\"(max-width: 1748px) 100vw, 1748px\" \/> <img decoding=\"async\" class=\"alignnone size-full wp-image-3863\" src=\"https:\/\/swforming.com\/wp-content\/uploads\/2023\/08\/20230814164843.png\" alt=\"\" width=\"750\" height=\"181\" title=\"\" srcset=\"https:\/\/swforming.com\/wp-content\/uploads\/2023\/08\/20230814164843.png 750w, https:\/\/swforming.com\/wp-content\/uploads\/2023\/08\/20230814164843-600x145.png 600w, https:\/\/swforming.com\/wp-content\/uploads\/2023\/08\/20230814164843-300x72.png 300w, https:\/\/swforming.com\/wp-content\/uploads\/2023\/08\/20230814164843-18x4.png 18w\" sizes=\"(max-width: 750px) 100vw, 750px\" \/><\/p>\n<h3>\u00dcretim Hatt\u0131<\/h3>\n<p><img loading=\"lazy\" decoding=\"async\" class=\"alignnone size-full wp-image-3864\" src=\"https:\/\/swforming.com\/wp-content\/uploads\/2023\/08\/Hb57caa24c9954539876697b0f071b0d55-1.jpg\" alt=\"\" width=\"1748\" height=\"1007\" title=\"\" srcset=\"https:\/\/swforming.com\/wp-content\/uploads\/2023\/08\/Hb57caa24c9954539876697b0f071b0d55-1.jpg 1748w, https:\/\/swforming.com\/wp-content\/uploads\/2023\/08\/Hb57caa24c9954539876697b0f071b0d55-1-600x346.jpg 600w, https:\/\/swforming.com\/wp-content\/uploads\/2023\/08\/Hb57caa24c9954539876697b0f071b0d55-1-300x173.jpg 300w, https:\/\/swforming.com\/wp-content\/uploads\/2023\/08\/Hb57caa24c9954539876697b0f071b0d55-1-1024x590.jpg 1024w, https:\/\/swforming.com\/wp-content\/uploads\/2023\/08\/Hb57caa24c9954539876697b0f071b0d55-1-768x442.jpg 768w, https:\/\/swforming.com\/wp-content\/uploads\/2023\/08\/Hb57caa24c9954539876697b0f071b0d55-1-1536x885.jpg 1536w, https:\/\/swforming.com\/wp-content\/uploads\/2023\/08\/Hb57caa24c9954539876697b0f071b0d55-1-18x10.jpg 18w\" sizes=\"(max-width: 1748px) 100vw, 1748px\" \/><\/p>\n<h3>\u00dcr\u00fcn Detaylar\u0131<\/h3>\n<p><img loading=\"lazy\" decoding=\"async\" class=\"alignnone size-full wp-image-3865\" src=\"https:\/\/swforming.com\/wp-content\/uploads\/2023\/08\/0230814165100.png\" alt=\"\" width=\"750\" height=\"946\" title=\"\" srcset=\"https:\/\/swforming.com\/wp-content\/uploads\/2023\/08\/0230814165100.png 750w, https:\/\/swforming.com\/wp-content\/uploads\/2023\/08\/0230814165100-600x757.png 600w, https:\/\/swforming.com\/wp-content\/uploads\/2023\/08\/0230814165100-238x300.png 238w, https:\/\/swforming.com\/wp-content\/uploads\/2023\/08\/0230814165100-10x12.png 10w\" sizes=\"(max-width: 750px) 100vw, 750px\" \/><\/p>\n<h3>\u00dcr\u00fcn Parametreleri<\/h3>\n<div style=\"overflow-x: auto;\">\n<table>\n<tbody>\n<tr>\n<td style=\"text-align: center;\" colspan=\"3\" rowspan=\"1\" data-sheets-value=\"{&quot;1&quot;:2,&quot;2&quot;:&quot;Highway U\/C Post Roll Forming Machine&quot;}\"><strong>Otoyol U\/C Post Rulo \u015eekillendirme Makinesi<\/strong><\/td>\n<\/tr>\n<tr>\n<td colspan=\"1\" rowspan=\"3\" data-sheets-value=\"{&quot;1&quot;:2,&quot;2&quot;:&quot;Machinable Material&quot;}\">\n<div>\u0130\u015flenebilir Malzeme<\/div>\n<\/td>\n<td data-sheets-value=\"{&quot;1&quot;:2,&quot;2&quot;:&quot;A) Galvanized Steel&quot;}\">A) Galvanizli \u00c7elik<\/td>\n<td colspan=\"1\" rowspan=\"3\" data-sheets-value=\"{&quot;1&quot;:2,&quot;2&quot;:&quot;Thickness(MM): 3.0-6.0 mm Or According To Customer&quot;}\">\n<div>Kal\u0131nl\u0131k (MM): 3.0-6.0 mm veya M\u00fc\u015fteriye G\u00f6re<\/div>\n<\/td>\n<\/tr>\n<tr>\n<td data-sheets-value=\"{&quot;1&quot;:2,&quot;2&quot;:&quot;B) PPGI&quot;}\">B) PPGI<\/td>\n<\/tr>\n<tr>\n<td data-sheets-value=\"{&quot;1&quot;:2,&quot;2&quot;:&quot;C) Carbon Steel&quot;}\">C) Karbon \u00c7elik<\/td>\n<\/tr>\n<tr>\n<td data-sheets-value=\"{&quot;1&quot;:2,&quot;2&quot;:&quot;Yield Strength&quot;}\">Akma Dayan\u0131m\u0131<\/td>\n<td colspan=\"2\" rowspan=\"1\" data-sheets-value=\"{&quot;1&quot;:2,&quot;2&quot;:&quot;250 - 550 Mpa&quot;}\">250 - 550 Mpa<\/td>\n<\/tr>\n<tr>\n<td data-sheets-value=\"{&quot;1&quot;:2,&quot;2&quot;:&quot;Tensil Stress&quot;}\">Tensil Stres<\/td>\n<td colspan=\"2\" rowspan=\"1\" data-sheets-value=\"{&quot;1&quot;:2,&quot;2&quot;:&quot;G250 Mpa-G550 Mpa&quot;}\">G250 Mpa-G550 Mpa<\/td>\n<\/tr>\n<tr>\n<td data-sheets-value=\"{&quot;1&quot;:2,&quot;2&quot;:&quot;Type&quot;}\">Tip<\/td>\n<td colspan=\"2\" rowspan=\"1\" data-sheets-value=\"{&quot;1&quot;:2,&quot;2&quot;:&quot;C Post, U post, M Post, Sigma Post, etc&quot;}\">C Post, U Post, M Post, Sigma Post, vb.<\/td>\n<\/tr>\n<tr>\n<td data-sheets-value=\"{&quot;1&quot;:2,&quot;2&quot;:&quot;Decoiler&quot;}\">Decoiler<\/td>\n<td colspan=\"2\" rowspan=\"1\" data-sheets-value=\"{&quot;1&quot;:2,&quot;2&quot;:&quot;Hydraulilc Decoiler&quot;}\">Hidrolik A\u00e7\u0131c\u0131<\/td>\n<\/tr>\n<tr>\n<td data-sheets-value=\"{&quot;1&quot;:2,&quot;2&quot;:&quot;Punching System&quot;}\">Delme Sistemi<\/td>\n<td colspan=\"2\" rowspan=\"1\" data-sheets-value=\"{&quot;1&quot;:2,&quot;2&quot;:&quot;Hydraulic Punching Station&quot;}\">Hidrolik Delme \u0130stasyonu<\/td>\n<\/tr>\n<tr>\n<td data-sheets-value=\"{&quot;1&quot;:2,&quot;2&quot;:&quot;Forming Station&quot;}\">\u015eekillendirme \u0130stasyonu<\/td>\n<td data-sheets-value=\"{&quot;1&quot;:2,&quot;2&quot;:&quot;About 12 - 16 Stations&quot;}\">Yakla\u015f\u0131k 12 - 16 \u0130stasyon<\/td>\n<td data-sheets-value=\"{&quot;1&quot;:2,&quot;2&quot;:&quot;* According To Your Profile Drawings&quot;}\">* Profil \u00c7izimlerinize G\u00f6re<\/td>\n<\/tr>\n<tr>\n<td data-sheets-value=\"{&quot;1&quot;:2,&quot;2&quot;:&quot;Driving System&quot;}\">S\u00fcr\u00fc\u015f Sistemi<\/td>\n<td colspan=\"2\" rowspan=\"1\" data-sheets-value=\"{&quot;1&quot;:2,&quot;2&quot;:&quot;Gearbox Drive&quot;}\">\u015eanz\u0131man Tahriki<\/td>\n<\/tr>\n<tr>\n<td data-sheets-value=\"{&quot;1&quot;:2,&quot;2&quot;:&quot;Machine Structure&quot;}\">Makine Yap\u0131s\u0131<\/td>\n<td colspan=\"2\" rowspan=\"1\" data-sheets-value=\"{&quot;1&quot;:2,&quot;2&quot;:&quot;Forged Iron Station&quot;}\">D\u00f6vme Demir \u0130stasyonu<\/td>\n<\/tr>\n<tr>\n<td data-sheets-value=\"{&quot;1&quot;:2,&quot;2&quot;:&quot;Forming Speed&quot;}\">\u015eekillendirme H\u0131z\u0131<\/td>\n<td data-sheets-value=\"{&quot;1&quot;:2,&quot;2&quot;:&quot;0-20 (M\/MIN)&quot;}\">0-20 (M\/MIN)<\/td>\n<td data-sheets-value=\"{&quot;1&quot;:2,&quot;2&quot;:&quot;Not Including Cutting And Punching&quot;}\">Kesme ve Delme Dahil De\u011fil<\/td>\n<\/tr>\n<tr>\n<td data-sheets-value=\"{&quot;1&quot;:2,&quot;2&quot;:&quot;Rollers\u2019 Material&quot;}\">Silindir Malzemesi<\/td>\n<td data-sheets-value=\"{&quot;1&quot;:2,&quot;2&quot;:&quot;GCr 15&quot;}\">GCr 15<\/td>\n<td data-sheets-value=\"{&quot;1&quot;:2,&quot;2&quot;:&quot;* Cr12Mov (Optional)&quot;}\">* Cr12Mov (\u0130ste\u011fe ba\u011fl\u0131)<\/td>\n<\/tr>\n<tr>\n<td data-sheets-value=\"{&quot;1&quot;:2,&quot;2&quot;:&quot;Cutting System&quot;}\">Kesim Sistemi<\/td>\n<td colspan=\"2\" rowspan=\"1\" data-sheets-value=\"{&quot;1&quot;:2,&quot;2&quot;:&quot;Post-cutting&quot;}\">Kesim sonras\u0131<\/td>\n<\/tr>\n<tr>\n<td data-sheets-value=\"{&quot;1&quot;:2,&quot;2&quot;:&quot;Frequency Changer Brand&quot;}\">Frekans De\u011fi\u015ftirici Marka<\/td>\n<td data-sheets-value=\"{&quot;1&quot;:2,&quot;2&quot;:&quot;Yaskawa&quot;}\">Yaskawa<\/td>\n<td data-sheets-value=\"{&quot;1&quot;:2,&quot;2&quot;:&quot;* Siemens (Optional)&quot;}\">* Siemens (Opsiyonel)<\/td>\n<\/tr>\n<tr>\n<td data-sheets-value=\"{&quot;1&quot;:2,&quot;2&quot;:&quot;PLC Brand&quot;}\">PLC Markas\u0131<\/td>\n<td data-sheets-value=\"{&quot;1&quot;:2,&quot;2&quot;:&quot;Panasonic&quot;}\">Panasonic<\/td>\n<td data-sheets-value=\"{&quot;1&quot;:2,&quot;2&quot;:&quot;* Siemens (Optional)&quot;}\">* Siemens (Opsiyonel)<\/td>\n<\/tr>\n<tr>\n<td data-sheets-value=\"{&quot;1&quot;:2,&quot;2&quot;:&quot;Power Supply&quot;}\">G\u00fc\u00e7 Kayna\u011f\u0131<\/td>\n<td data-sheets-value=\"{&quot;1&quot;:2,&quot;2&quot;:&quot;380V 50Hz 3ph&quot;}\">380V 50Hz 3ph<\/td>\n<td data-sheets-value=\"{&quot;1&quot;:2,&quot;2&quot;:&quot;* Or According To Your Requirment&quot;}\">* Veya \u0130htiyac\u0131n\u0131za G\u00f6re<\/td>\n<\/tr>\n<tr>\n<td data-sheets-value=\"{&quot;1&quot;:2,&quot;2&quot;:&quot;Machine Color&quot;}\">Makine Rengi<\/td>\n<td data-sheets-value=\"{&quot;1&quot;:2,&quot;2&quot;:&quot;Industrial Blue&quot;}\">End\u00fcstriyel Mavi<\/td>\n<td data-sheets-value=\"{&quot;1&quot;:2,&quot;2&quot;:&quot;* Or According To Your Requirment&quot;}\">* Veya \u0130htiyac\u0131n\u0131za G\u00f6re<\/td>\n<\/tr>\n<\/tbody>\n<\/table>\n<\/div>\n<h3>Uygulama<\/h3>\n<p><img loading=\"lazy\" decoding=\"async\" class=\"alignnone size-full wp-image-3866\" src=\"https:\/\/swforming.com\/wp-content\/uploads\/2023\/08\/20230814165601.png\" alt=\"\" width=\"750\" height=\"452\" title=\"\" srcset=\"https:\/\/swforming.com\/wp-content\/uploads\/2023\/08\/20230814165601.png 750w, https:\/\/swforming.com\/wp-content\/uploads\/2023\/08\/20230814165601-600x362.png 600w, https:\/\/swforming.com\/wp-content\/uploads\/2023\/08\/20230814165601-300x181.png 300w, https:\/\/swforming.com\/wp-content\/uploads\/2023\/08\/20230814165601-18x12.png 18w\" sizes=\"(max-width: 750px) 100vw, 750px\" \/><\/p>","protected":false},"excerpt":{"rendered":"<p>Otoyol U \/ C Post Rulo \u015eekillendirme Makinesi, C bariyer dire\u011fi veya U dire\u011fi ve normalde 3-6 mm kal\u0131nl\u0131k \u00fcretmek i\u00e7in kullan\u0131l\u0131r.<\/p>\n<p>C bariyer dire\u011fi veya U dire\u011fi, kiri\u015f korkulu\u011fu i\u00e7in bir destek g\u00f6revi g\u00f6r\u00fcr ve genellikle \u00e7arp\u0131\u015fma s\u0131ras\u0131nda korkulu\u011fun performans\u0131n\u0131 belirler. Otokorkuluk dire\u011finin do\u011fru \u015fekilde monte edilmesi otokorkuluk performans\u0131n\u0131 en \u00fcst d\u00fczeye \u00e7\u0131karacakt\u0131r. Bariyer dire\u011fi uzun \u00f6m\u00fcrl\u00fcd\u00fcr ve y\u00fczeyi pas ve korozyon direnci sa\u011flamak i\u00e7in genellikle s\u0131cak dald\u0131rma galvaniz veya sprey kaplamal\u0131d\u0131r.<\/p>\n<div id=\"gtx-trans\" style=\"position: absolute; left: -84px; top: 38px;\">\n<div class=\"gtx-trans-icon\"><\/div>\n<\/div>","protected":false},"featured_media":3855,"comment_status":"closed","ping_status":"closed","template":"","meta":{"_acf_changed":false},"product_brand":[],"product_cat":[37,92],"product_tag":[],"class_list":{"0":"post-3854","1":"product","2":"type-product","3":"status-publish","4":"has-post-thumbnail","6":"product_cat-highway-engineering-vehicle","7":"product_cat-highway-u-post-roll-forming-machine","9":"first","10":"instock","11":"featured","12":"shipping-taxable","13":"product-type-simple"},"acf":[],"_links":{"self":[{"href":"https:\/\/swforming.com\/tr\/wp-json\/wp\/v2\/product\/3854","targetHints":{"allow":["GET"]}}],"collection":[{"href":"https:\/\/swforming.com\/tr\/wp-json\/wp\/v2\/product"}],"about":[{"href":"https:\/\/swforming.com\/tr\/wp-json\/wp\/v2\/types\/product"}],"replies":[{"embeddable":true,"href":"https:\/\/swforming.com\/tr\/wp-json\/wp\/v2\/comments?post=3854"}],"version-history":[{"count":2,"href":"https:\/\/swforming.com\/tr\/wp-json\/wp\/v2\/product\/3854\/revisions"}],"predecessor-version":[{"id":3868,"href":"https:\/\/swforming.com\/tr\/wp-json\/wp\/v2\/product\/3854\/revisions\/3868"}],"wp:featuredmedia":[{"embeddable":true,"href":"https:\/\/swforming.com\/tr\/wp-json\/wp\/v2\/media\/3855"}],"wp:attachment":[{"href":"https:\/\/swforming.com\/tr\/wp-json\/wp\/v2\/media?parent=3854"}],"wp:term":[{"taxonomy":"product_brand","embeddable":true,"href":"https:\/\/swforming.com\/tr\/wp-json\/wp\/v2\/product_brand?post=3854"},{"taxonomy":"product_cat","embeddable":true,"href":"https:\/\/swforming.com\/tr\/wp-json\/wp\/v2\/product_cat?post=3854"},{"taxonomy":"product_tag","embeddable":true,"href":"https:\/\/swforming.com\/tr\/wp-json\/wp\/v2\/product_tag?post=3854"}],"curies":[{"name":"wp","href":"https:\/\/api.w.org\/{rel}","templated":true}]}}