{"id":3711,"date":"2023-07-31T08:52:04","date_gmt":"2023-07-31T08:52:04","guid":{"rendered":"https:\/\/swforming.com\/?post_type=product&#038;p=3711"},"modified":"2023-08-02T02:40:54","modified_gmt":"2023-08-02T02:40:54","slug":"3-waves-highway-guardrail-roll-forming-machine","status":"publish","type":"product","link":"https:\/\/swforming.com\/tr\/product\/3-waves-highway-guardrail-roll-forming-machine\/","title":{"rendered":"3 Dalga Otoyol Otokorkuluk Rulo \u015eekillendirme Makinesi"},"content":{"rendered":"<p><img fetchpriority=\"high\" decoding=\"async\" class=\"alignnone wp-image-3718 size-full\" src=\"https:\/\/swforming.com\/wp-content\/uploads\/2023\/07\/He0c4a13e10a64ee8a38c5ddd492bf84al.jpg\" alt=\"3 Dalga Otoyol Otokorkuluk Rulo \u015eekillendirme Makinesi\" width=\"750\" height=\"929\" title=\"\" srcset=\"https:\/\/swforming.com\/wp-content\/uploads\/2023\/07\/He0c4a13e10a64ee8a38c5ddd492bf84al.jpg 750w, https:\/\/swforming.com\/wp-content\/uploads\/2023\/07\/He0c4a13e10a64ee8a38c5ddd492bf84al-600x743.jpg 600w, https:\/\/swforming.com\/wp-content\/uploads\/2023\/07\/He0c4a13e10a64ee8a38c5ddd492bf84al-242x300.jpg 242w, https:\/\/swforming.com\/wp-content\/uploads\/2023\/07\/He0c4a13e10a64ee8a38c5ddd492bf84al-10x12.jpg 10w\" sizes=\"(max-width: 750px) 100vw, 750px\" \/><\/p>\n<p>Otoyol Korkuluk Rulo \u015eekillendirme Makinesi, W kiri\u015fli korkuluk, \u00fc\u00e7 kiri\u015fli korkuluk yapabilir, ayr\u0131ca silindir istasyonlar\u0131n\u0131 de\u011fi\u015ftirmeden tek bir makinede iki dalga veya \u00fc\u00e7 dalga profil olarak tasarlanabilir.<\/p>\n<p>Bu sayfada, bir makinede iki dalga ve \u00fc\u00e7 dalga profil olarak tasarlanan ve korkuluk kal\u0131nl\u0131\u011f\u0131 genellikle 2.7mm-4mm olan en pop\u00fcler otoyol korkuluk yapma makinesini tan\u0131taca\u011f\u0131z.<\/p>\n<p>Otokorkuluklar, trafik ve \u00e7al\u0131\u015fma alanlar\u0131 aras\u0131nda g\u00f6rsel ve fiziksel bir bariyer sa\u011flar. R\u0131ht\u0131m alanlar\u0131nda, koridorlarda, \u00f6zel ekipmanlar\u0131n \u00e7evresinde forkliftler veya di\u011fer mobil ekipmanlardan kaynaklanan kazalara kar\u015f\u0131 koruma i\u00e7in kullan\u0131l\u0131r. Ekipman ve envanterdeki maliyetli hasar\u0131 azalt\u0131r. Normalde Otoyol korkuluklar\u0131 projesinde bu t\u00fcr makineler olacakt\u0131r: iki \/ \u00fc\u00e7 dalga korkuluk rulo \u015fekillendirme makinesi, U veya C direk rulo \u015fekillendirme makinesi, Ba\u011flant\u0131 delme hatt\u0131, U\u00e7 terminal delme hatt\u0131.<\/p>\n<p>M\u00fc\u015fterilerin \u00e7izimlerine, toleranslar\u0131na ve b\u00fct\u00e7elerine g\u00f6re farkl\u0131 \u00e7\u00f6z\u00fcmler \u00fcretiyor, t\u00fcm gereksinimlerinize uyarlanabilen profesyonel bire bir hizmet sunuyoruz. Hangi hatt\u0131 se\u00e7erseniz se\u00e7in, SUNWAY Machinery'nin kalitesi m\u00fckemmel i\u015flevsel profiller elde etmenizi sa\u011flayacakt\u0131r.<\/p>\n<h3>Profil \u00c7izimleri<\/h3>\n<p><img decoding=\"async\" class=\"alignnone size-full wp-image-3719\" src=\"https:\/\/swforming.com\/wp-content\/uploads\/2023\/07\/Hef2bf8552f924f2f9704913b1da0b4048.jpg\" alt=\"\" width=\"1748\" height=\"1824\" title=\"\" srcset=\"https:\/\/swforming.com\/wp-content\/uploads\/2023\/07\/Hef2bf8552f924f2f9704913b1da0b4048.jpg 1748w, https:\/\/swforming.com\/wp-content\/uploads\/2023\/07\/Hef2bf8552f924f2f9704913b1da0b4048-600x626.jpg 600w, https:\/\/swforming.com\/wp-content\/uploads\/2023\/07\/Hef2bf8552f924f2f9704913b1da0b4048-288x300.jpg 288w, https:\/\/swforming.com\/wp-content\/uploads\/2023\/07\/Hef2bf8552f924f2f9704913b1da0b4048-981x1024.jpg 981w, https:\/\/swforming.com\/wp-content\/uploads\/2023\/07\/Hef2bf8552f924f2f9704913b1da0b4048-768x801.jpg 768w, https:\/\/swforming.com\/wp-content\/uploads\/2023\/07\/Hef2bf8552f924f2f9704913b1da0b4048-1472x1536.jpg 1472w, https:\/\/swforming.com\/wp-content\/uploads\/2023\/07\/Hef2bf8552f924f2f9704913b1da0b4048-12x12.jpg 12w\" sizes=\"(max-width: 1748px) 100vw, 1748px\" \/> <img decoding=\"async\" class=\"alignnone size-full wp-image-3720\" src=\"https:\/\/swforming.com\/wp-content\/uploads\/2023\/07\/202307311639.png\" alt=\"\" width=\"750\" height=\"181\" title=\"\" srcset=\"https:\/\/swforming.com\/wp-content\/uploads\/2023\/07\/202307311639.png 750w, https:\/\/swforming.com\/wp-content\/uploads\/2023\/07\/202307311639-600x145.png 600w, https:\/\/swforming.com\/wp-content\/uploads\/2023\/07\/202307311639-300x72.png 300w, https:\/\/swforming.com\/wp-content\/uploads\/2023\/07\/202307311639-18x4.png 18w\" sizes=\"(max-width: 750px) 100vw, 750px\" \/><\/p>\n<h3>\u00dcretim Hatt\u0131<\/h3>\n<p><img loading=\"lazy\" decoding=\"async\" class=\"alignnone size-full wp-image-3721\" src=\"https:\/\/swforming.com\/wp-content\/uploads\/2023\/07\/H8169a5f8151c413488e365e671183e3cX.jpg\" alt=\"\" width=\"1748\" height=\"419\" title=\"\" srcset=\"https:\/\/swforming.com\/wp-content\/uploads\/2023\/07\/H8169a5f8151c413488e365e671183e3cX.jpg 1748w, https:\/\/swforming.com\/wp-content\/uploads\/2023\/07\/H8169a5f8151c413488e365e671183e3cX-600x144.jpg 600w, https:\/\/swforming.com\/wp-content\/uploads\/2023\/07\/H8169a5f8151c413488e365e671183e3cX-300x72.jpg 300w, https:\/\/swforming.com\/wp-content\/uploads\/2023\/07\/H8169a5f8151c413488e365e671183e3cX-1024x245.jpg 1024w, https:\/\/swforming.com\/wp-content\/uploads\/2023\/07\/H8169a5f8151c413488e365e671183e3cX-768x184.jpg 768w, https:\/\/swforming.com\/wp-content\/uploads\/2023\/07\/H8169a5f8151c413488e365e671183e3cX-1536x368.jpg 1536w, https:\/\/swforming.com\/wp-content\/uploads\/2023\/07\/H8169a5f8151c413488e365e671183e3cX-18x4.jpg 18w\" sizes=\"(max-width: 1748px) 100vw, 1748px\" \/><\/p>\n<h3>\u00dcr\u00fcn Detaylar\u0131<\/h3>\n<p><img loading=\"lazy\" decoding=\"async\" class=\"alignnone wp-image-3722 size-full\" src=\"https:\/\/swforming.com\/wp-content\/uploads\/2023\/07\/20230731164040.png\" alt=\"rulo \u015fekillendirme makinesi Kompozisyon\" width=\"750\" height=\"1248\" title=\"\" srcset=\"https:\/\/swforming.com\/wp-content\/uploads\/2023\/07\/20230731164040.png 750w, https:\/\/swforming.com\/wp-content\/uploads\/2023\/07\/20230731164040-600x998.png 600w, https:\/\/swforming.com\/wp-content\/uploads\/2023\/07\/20230731164040-180x300.png 180w, https:\/\/swforming.com\/wp-content\/uploads\/2023\/07\/20230731164040-615x1024.png 615w, https:\/\/swforming.com\/wp-content\/uploads\/2023\/07\/20230731164040-7x12.png 7w\" sizes=\"(max-width: 750px) 100vw, 750px\" \/><\/p>\n<h3>\u00dcr\u00fcn Parametreleri<\/h3>\n<div style=\"overflow-x: auto;\">\n<table>\n<tbody>\n<tr>\n<td style=\"text-align: center;\" colspan=\"3\" rowspan=\"1\" data-sheets-value=\"{&quot;1&quot;:2,&quot;2&quot;:&quot;Highway Guardrail Roll Forming Machine&quot;}\"><strong>Otoyol Otokorkuluk Rulo \u015eekillendirme Makinesi<\/strong><\/td>\n<\/tr>\n<tr>\n<td colspan=\"1\" rowspan=\"3\" data-sheets-value=\"{&quot;1&quot;:2,&quot;2&quot;:&quot;Machinable Material&quot;}\">\n<div>\u0130\u015flenebilir Malzeme<\/div>\n<\/td>\n<td data-sheets-value=\"{&quot;1&quot;:2,&quot;2&quot;:&quot;A) Galvanized Steel&quot;}\">A) Galvanizli \u00c7elik<\/td>\n<td colspan=\"1\" rowspan=\"3\" data-sheets-value=\"{&quot;1&quot;:2,&quot;2&quot;:&quot;Thickness(MM): 2.5-4.0 mm Or According To Customer&quot;}\">\n<div>Kal\u0131nl\u0131k (MM): 2.5-4.0 mm veya M\u00fc\u015fteriye G\u00f6re<\/div>\n<\/td>\n<\/tr>\n<tr>\n<td data-sheets-value=\"{&quot;1&quot;:2,&quot;2&quot;:&quot;B) PPGI&quot;}\">B) PPGI<\/td>\n<\/tr>\n<tr>\n<td data-sheets-value=\"{&quot;1&quot;:2,&quot;2&quot;:&quot;C) Carbon Steel&quot;}\">C) Karbon \u00c7elik<\/td>\n<\/tr>\n<tr>\n<td data-sheets-value=\"{&quot;1&quot;:2,&quot;2&quot;:&quot;Yield Strength&quot;}\">Akma Dayan\u0131m\u0131<\/td>\n<td colspan=\"2\" rowspan=\"1\" data-sheets-value=\"{&quot;1&quot;:2,&quot;2&quot;:&quot;250 - 550 Mpa&quot;}\">250 - 550 Mpa<\/td>\n<\/tr>\n<tr>\n<td data-sheets-value=\"{&quot;1&quot;:2,&quot;2&quot;:&quot;Tensil Stress&quot;}\">Tensil Stres<\/td>\n<td colspan=\"2\" rowspan=\"1\" data-sheets-value=\"{&quot;1&quot;:2,&quot;2&quot;:&quot;G250 Mpa-G550 Mpa&quot;}\">G250 Mpa-G550 Mpa<\/td>\n<\/tr>\n<tr>\n<td data-sheets-value=\"{&quot;1&quot;:2,&quot;2&quot;:&quot;Guard Rail Type&quot;}\">Koruma Ray\u0131 Tipi<\/td>\n<td colspan=\"2\" rowspan=\"1\" data-sheets-value=\"{&quot;1&quot;:2,&quot;2&quot;:&quot;2 Waves And 3 Waves&quot;}\">2 Dalga ve 3 Dalga<\/td>\n<\/tr>\n<tr>\n<td data-sheets-value=\"{&quot;1&quot;:2,&quot;2&quot;:&quot;Decoiler&quot;}\">Decoiler<\/td>\n<td data-sheets-value=\"{&quot;1&quot;:2,&quot;2&quot;:&quot;Hydraulilc Decoiler&quot;}\">Hidrolik A\u00e7\u0131c\u0131<\/td>\n<td><\/td>\n<\/tr>\n<tr>\n<td data-sheets-value=\"{&quot;1&quot;:2,&quot;2&quot;:&quot;Punching System&quot;}\">Delme Sistemi<\/td>\n<td data-sheets-value=\"{&quot;1&quot;:2,&quot;2&quot;:&quot;Hydraulic Punching Station&quot;}\">Hidrolik Delme \u0130stasyonu<\/td>\n<td data-sheets-value=\"{&quot;1&quot;:2,&quot;2&quot;:&quot;* Punching Press (Optional)&quot;}\">* Delme Presi (Opsiyonel)<\/td>\n<\/tr>\n<tr>\n<td data-sheets-value=\"{&quot;1&quot;:2,&quot;2&quot;:&quot;Forming Station&quot;}\">\u015eekillendirme \u0130stasyonu<\/td>\n<td data-sheets-value=\"{&quot;1&quot;:2,&quot;2&quot;:&quot;About 19+8 Stations&quot;}\">19+8 \u0130stasyonlar\u0131 Hakk\u0131nda<\/td>\n<td data-sheets-value=\"{&quot;1&quot;:2,&quot;2&quot;:&quot;* According To Your Profile Drawings&quot;}\">* Profil \u00c7izimlerinize G\u00f6re<\/td>\n<\/tr>\n<tr>\n<td data-sheets-value=\"{&quot;1&quot;:2,&quot;2&quot;:&quot;Driving System&quot;}\">S\u00fcr\u00fc\u015f Sistemi<\/td>\n<td colspan=\"2\" rowspan=\"1\" data-sheets-value=\"{&quot;1&quot;:2,&quot;2&quot;:&quot;Gearbox Drive&quot;}\">\u015eanz\u0131man Tahriki<\/td>\n<\/tr>\n<tr>\n<td data-sheets-value=\"{&quot;1&quot;:2,&quot;2&quot;:&quot;Machine Structure&quot;}\">Makine Yap\u0131s\u0131<\/td>\n<td colspan=\"2\" rowspan=\"1\" data-sheets-value=\"{&quot;1&quot;:2,&quot;2&quot;:&quot;Forged Iron Station&quot;}\">D\u00f6vme Demir \u0130stasyonu<\/td>\n<\/tr>\n<tr>\n<td data-sheets-value=\"{&quot;1&quot;:2,&quot;2&quot;:&quot;Forming Speed&quot;}\">\u015eekillendirme H\u0131z\u0131<\/td>\n<td data-sheets-value=\"{&quot;1&quot;:2,&quot;2&quot;:&quot;0-20 (M\/MIN)&quot;}\">0-20 (M\/MIN)<\/td>\n<td data-sheets-value=\"{&quot;1&quot;:2,&quot;2&quot;:&quot;Not Including Cutting And Punching&quot;}\">Kesme ve Delme Dahil De\u011fil<\/td>\n<\/tr>\n<tr>\n<td data-sheets-value=\"{&quot;1&quot;:2,&quot;2&quot;:&quot;Rollers\u2019 Material&quot;}\">Silindir Malzemesi<\/td>\n<td data-sheets-value=\"{&quot;1&quot;:2,&quot;2&quot;:&quot;GCr 15&quot;}\">GCr 15<\/td>\n<td data-sheets-value=\"{&quot;1&quot;:2,&quot;2&quot;:&quot;* Cr12Mov (Optional)&quot;}\">* Cr12Mov (\u0130ste\u011fe ba\u011fl\u0131)<\/td>\n<\/tr>\n<tr>\n<td data-sheets-value=\"{&quot;1&quot;:2,&quot;2&quot;:&quot;Cutting System&quot;}\">Kesim Sistemi<\/td>\n<td data-sheets-value=\"{&quot;1&quot;:2,&quot;2&quot;:&quot;Post-cutting&quot;}\">Kesim sonras\u0131<\/td>\n<td data-sheets-value=\"{&quot;1&quot;:2,&quot;2&quot;:&quot;* Pre-cutting (Optional)&quot;}\">* \u00d6n kesim (\u0130ste\u011fe ba\u011fl\u0131)<\/td>\n<\/tr>\n<tr>\n<td data-sheets-value=\"{&quot;1&quot;:2,&quot;2&quot;:&quot;Frequency Changer Brand&quot;}\">Frekans De\u011fi\u015ftirici Marka<\/td>\n<td data-sheets-value=\"{&quot;1&quot;:2,&quot;2&quot;:&quot;Yaskawa&quot;}\">Yaskawa<\/td>\n<td data-sheets-value=\"{&quot;1&quot;:2,&quot;2&quot;:&quot;* Siemens (Optional)&quot;}\">* Siemens (Opsiyonel)<\/td>\n<\/tr>\n<tr>\n<td data-sheets-value=\"{&quot;1&quot;:2,&quot;2&quot;:&quot;PLC Brand&quot;}\">PLC Markas\u0131<\/td>\n<td data-sheets-value=\"{&quot;1&quot;:2,&quot;2&quot;:&quot;Panasonic&quot;}\">Panasonic<\/td>\n<td data-sheets-value=\"{&quot;1&quot;:2,&quot;2&quot;:&quot;* Siemens (Optional)&quot;}\">* Siemens (Opsiyonel)<\/td>\n<\/tr>\n<tr>\n<td data-sheets-value=\"{&quot;1&quot;:2,&quot;2&quot;:&quot;Power Supply&quot;}\">G\u00fc\u00e7 Kayna\u011f\u0131<\/td>\n<td data-sheets-value=\"{&quot;1&quot;:2,&quot;2&quot;:&quot;380V 50Hz 3ph&quot;}\">380V 50Hz 3ph<\/td>\n<td data-sheets-value=\"{&quot;1&quot;:2,&quot;2&quot;:&quot;* Or According To Your Requirment&quot;}\">* Veya \u0130htiyac\u0131n\u0131za G\u00f6re<\/td>\n<\/tr>\n<tr>\n<td data-sheets-value=\"{&quot;1&quot;:2,&quot;2&quot;:&quot;Machine Color&quot;}\">Makine Rengi<\/td>\n<td data-sheets-value=\"{&quot;1&quot;:2,&quot;2&quot;:&quot;Industrial Blue&quot;}\">End\u00fcstriyel Mavi<\/td>\n<td data-sheets-value=\"{&quot;1&quot;:2,&quot;2&quot;:&quot;* Or According To Your Requirment&quot;}\">* Veya \u0130htiyac\u0131n\u0131za G\u00f6re<\/td>\n<\/tr>\n<\/tbody>\n<\/table>\n<\/div>\n<h3>Uygulama<\/h3>\n<p><img loading=\"lazy\" decoding=\"async\" class=\"alignnone size-full wp-image-3723\" src=\"https:\/\/swforming.com\/wp-content\/uploads\/2023\/07\/0230731165009.png\" alt=\"\" width=\"750\" height=\"453\" title=\"\" srcset=\"https:\/\/swforming.com\/wp-content\/uploads\/2023\/07\/0230731165009.png 750w, https:\/\/swforming.com\/wp-content\/uploads\/2023\/07\/0230731165009-600x362.png 600w, https:\/\/swforming.com\/wp-content\/uploads\/2023\/07\/0230731165009-300x181.png 300w, https:\/\/swforming.com\/wp-content\/uploads\/2023\/07\/0230731165009-18x12.png 18w\" sizes=\"(max-width: 750px) 100vw, 750px\" \/><\/p>","protected":false},"excerpt":{"rendered":"<p>3 dalgal\u0131 otoyol korkuluk rulo \u015fekillendirme makinesi, trafik ve \u00e7al\u0131\u015fma alanlar\u0131 aras\u0131nda g\u00f6rsel ve fiziksel bir bariyer sa\u011flar. R\u0131ht\u0131m alanlar\u0131nda, koridorlarda, \u00f6zel ekipmanlar\u0131n \u00e7evresinde forkliftler veya di\u011fer mobil ekipmanlardan kaynaklanan kazalara kar\u015f\u0131 koruma sa\u011flamak i\u00e7in kullan\u0131l\u0131r. Ekipman ve envanterdeki maliyetli hasar\u0131 azalt\u0131r. Normalde Otoyol korkuluklar\u0131 projesinde bu t\u00fcr makineler olacakt\u0131r: iki \/ \u00fc\u00e7 dalga korkuluk rulo \u015fekillendirme makinesi, U veya C direk rulo \u015fekillendirme makinesi, Ba\u011flant\u0131 delme hatt\u0131, U\u00e7 terminal delme hatt\u0131.<\/p>","protected":false},"featured_media":3712,"comment_status":"closed","ping_status":"closed","template":"","meta":{"_acf_changed":false},"product_brand":[],"product_cat":[37,94],"product_tag":[],"class_list":{"0":"post-3711","1":"product","2":"type-product","3":"status-publish","4":"has-post-thumbnail","6":"product_cat-highway-engineering-vehicle","7":"product_cat-highway-guardrail-roll-forming-machine","9":"first","10":"instock","11":"shipping-taxable","12":"product-type-simple"},"acf":[],"_links":{"self":[{"href":"https:\/\/swforming.com\/tr\/wp-json\/wp\/v2\/product\/3711","targetHints":{"allow":["GET"]}}],"collection":[{"href":"https:\/\/swforming.com\/tr\/wp-json\/wp\/v2\/product"}],"about":[{"href":"https:\/\/swforming.com\/tr\/wp-json\/wp\/v2\/types\/product"}],"replies":[{"embeddable":true,"href":"https:\/\/swforming.com\/tr\/wp-json\/wp\/v2\/comments?post=3711"}],"version-history":[{"count":5,"href":"https:\/\/swforming.com\/tr\/wp-json\/wp\/v2\/product\/3711\/revisions"}],"predecessor-version":[{"id":3736,"href":"https:\/\/swforming.com\/tr\/wp-json\/wp\/v2\/product\/3711\/revisions\/3736"}],"wp:featuredmedia":[{"embeddable":true,"href":"https:\/\/swforming.com\/tr\/wp-json\/wp\/v2\/media\/3712"}],"wp:attachment":[{"href":"https:\/\/swforming.com\/tr\/wp-json\/wp\/v2\/media?parent=3711"}],"wp:term":[{"taxonomy":"product_brand","embeddable":true,"href":"https:\/\/swforming.com\/tr\/wp-json\/wp\/v2\/product_brand?post=3711"},{"taxonomy":"product_cat","embeddable":true,"href":"https:\/\/swforming.com\/tr\/wp-json\/wp\/v2\/product_cat?post=3711"},{"taxonomy":"product_tag","embeddable":true,"href":"https:\/\/swforming.com\/tr\/wp-json\/wp\/v2\/product_tag?post=3711"}],"curies":[{"name":"wp","href":"https:\/\/api.w.org\/{rel}","templated":true}]}}