{"id":3582,"date":"2023-07-25T03:11:18","date_gmt":"2023-07-25T03:11:18","guid":{"rendered":"https:\/\/swforming.com\/?post_type=product&#038;p=3582"},"modified":"2023-08-02T02:16:46","modified_gmt":"2023-08-02T02:16:46","slug":"hydraulic-roof-sheet-curving-machine","status":"publish","type":"product","link":"https:\/\/swforming.com\/tr\/product\/hydraulic-roof-sheet-curving-machine\/","title":{"rendered":"Hidrolik \u00c7at\u0131 Sac\u0131 K\u0131v\u0131rma Makinesi"},"content":{"rendered":"<p><img fetchpriority=\"high\" decoding=\"async\" class=\"alignnone wp-image-3589 size-full\" src=\"https:\/\/swforming.com\/wp-content\/uploads\/2023\/07\/H806f4582721345f4b3f8e8105abda5361.jpg\" alt=\"Hidrolik \u00c7at\u0131 Sac\u0131 K\u0131v\u0131rma Makinesi\" width=\"750\" height=\"1030\" title=\"\" srcset=\"https:\/\/swforming.com\/wp-content\/uploads\/2023\/07\/H806f4582721345f4b3f8e8105abda5361.jpg 750w, https:\/\/swforming.com\/wp-content\/uploads\/2023\/07\/H806f4582721345f4b3f8e8105abda5361-600x824.jpg 600w, https:\/\/swforming.com\/wp-content\/uploads\/2023\/07\/H806f4582721345f4b3f8e8105abda5361-218x300.jpg 218w, https:\/\/swforming.com\/wp-content\/uploads\/2023\/07\/H806f4582721345f4b3f8e8105abda5361-746x1024.jpg 746w, https:\/\/swforming.com\/wp-content\/uploads\/2023\/07\/H806f4582721345f4b3f8e8105abda5361-9x12.jpg 9w\" sizes=\"(max-width: 750px) 100vw, 750px\" \/><\/p>\n<p>\u00c7at\u0131 paneli k\u0131v\u0131rma makinesi olarak da adland\u0131r\u0131lan hidrolik \u00e7at\u0131 sac k\u0131v\u0131rma makinesi, \u00e7at\u0131 paneli rulo \u015fekillendirme makinesi i\u00e7in yard\u0131mc\u0131 bir cihazd\u0131r. \u00c7at\u0131 kaplama levhas\u0131n\u0131 farkl\u0131 yar\u0131\u00e7aplarla istenen bir \u015fekle k\u0131v\u0131rmak i\u00e7in kullan\u0131l\u0131r. Genel olarak, bir m\u00fc\u015fteri bu k\u0131v\u0131rma makinesiyle birlikte bir \u00e7at\u0131 kaplama levha rulo \u015fekillendirme makinesi sat\u0131n alacakt\u0131r. K\u0131v\u0131rma makinesi, \u00e7at\u0131 kaplama levhas\u0131 rulo \u015fekillendirme makinesi taraf\u0131ndan \u00fcretilen levhay\u0131 k\u0131v\u0131rmak i\u00e7in kullan\u0131l\u0131r. Normalde panel kal\u0131nl\u0131\u011f\u0131 normal galvanizli \u00e7elik veya renkli bobin ile 0.3-0.8mm'dir.<\/p>\n<p>\u0130n\u015faat Sekt\u00f6r\u00fcnde, ana kanal rulo \u015fekillendirme makinesi, a\u015f\u0131k rulo \u015fekillendirme makinesi, al\u00e7\u0131pan rulo \u015fekillendirme makinesi, saplama rulo \u015fekillendirme makinesi, palet rulo \u015fekillendirme makinesi, silindir \u015fapka rulo \u015fekillendirme makinesi, klips rulo \u015fekillendirme makinesi, metal g\u00fcverte (zemin g\u00fcverte) rulo \u015fekillendirme makinesi, \u00e7at\u0131 \/ duvar paneli rulo \u015fekillendirme makinesi, kiremit rulo \u015fekillendirme makinesi, oluklu rulo \u015fekillendirme makinesi, mahya kapa\u011f\u0131 rulo \u015fekillendirme makinesi, ini\u015f borusu rulo \u015fekillendirme makinesi vb. gibi daha fazla makine \u00fcretebiliyoruz.<\/p>\n<p>M\u00fc\u015fterilerin \u00e7izimlerine, toleranslar\u0131na ve b\u00fct\u00e7elerine g\u00f6re farkl\u0131 \u00e7\u00f6z\u00fcmler \u00fcretiyor, t\u00fcm gereksinimlerinize uyarlanabilen profesyonel bire bir hizmet sunuyoruz. Hangi hatt\u0131 se\u00e7erseniz se\u00e7in, SUNWAY Machinery'nin kalitesi m\u00fckemmel i\u015flevsel profiller elde etmenizi sa\u011flayacakt\u0131r.<\/p>\n<h3>Profil \u00c7izimleri<\/h3>\n<h3><img decoding=\"async\" class=\"alignnone size-full wp-image-3590\" src=\"https:\/\/swforming.com\/wp-content\/uploads\/2023\/07\/20230725110241.png\" alt=\"\" width=\"750\" height=\"181\" title=\"\" srcset=\"https:\/\/swforming.com\/wp-content\/uploads\/2023\/07\/20230725110241.png 750w, https:\/\/swforming.com\/wp-content\/uploads\/2023\/07\/20230725110241-600x145.png 600w, https:\/\/swforming.com\/wp-content\/uploads\/2023\/07\/20230725110241-300x72.png 300w, https:\/\/swforming.com\/wp-content\/uploads\/2023\/07\/20230725110241-18x4.png 18w\" sizes=\"(max-width: 750px) 100vw, 750px\" \/><\/h3>\n<h3>\u00dcr\u00fcn Detaylar\u0131<\/h3>\n<p><img decoding=\"async\" class=\"alignnone size-full wp-image-3591\" src=\"https:\/\/swforming.com\/wp-content\/uploads\/2023\/07\/20230725110416.png\" alt=\"\" width=\"750\" height=\"948\" title=\"\" srcset=\"https:\/\/swforming.com\/wp-content\/uploads\/2023\/07\/20230725110416.png 750w, https:\/\/swforming.com\/wp-content\/uploads\/2023\/07\/20230725110416-600x758.png 600w, https:\/\/swforming.com\/wp-content\/uploads\/2023\/07\/20230725110416-237x300.png 237w, https:\/\/swforming.com\/wp-content\/uploads\/2023\/07\/20230725110416-9x12.png 9w\" sizes=\"(max-width: 750px) 100vw, 750px\" \/><\/p>\n<h3>\u00dcr\u00fcn Parametreleri<\/h3>\n<div style=\"overflow-x: auto;\">\n<table>\n<tbody>\n<tr>\n<td style=\"text-align: center;\" colspan=\"3\" rowspan=\"1\" data-sheets-value=\"{&quot;1&quot;:2,&quot;2&quot;:&quot;Hydraulic Roof Sheet Curving Machine&quot;}\"><strong>Hidrolik \u00c7at\u0131 Sac\u0131 K\u0131v\u0131rma Makinesi<\/strong><\/td>\n<\/tr>\n<tr>\n<td colspan=\"1\" rowspan=\"2\" data-sheets-value=\"{&quot;1&quot;:2,&quot;2&quot;:&quot;Machinable Material&quot;}\">\n<div>\u0130\u015flenebilir Malzeme<\/div>\n<\/td>\n<td data-sheets-value=\"{&quot;1&quot;:2,&quot;2&quot;:&quot;A) Galvanized Coil&quot;}\">A) Galvanizli Bobin<\/td>\n<td colspan=\"1\" rowspan=\"2\" data-sheets-value=\"{&quot;1&quot;:2,&quot;2&quot;:&quot;Thickness(MM): 0.3-0.8 According To Your Requirment&quot;}\">\n<div>Kal\u0131nl\u0131k (MM): \u0130htiyac\u0131n\u0131za G\u00f6re 0.3-0.8<\/div>\n<\/td>\n<\/tr>\n<tr>\n<td data-sheets-value=\"{&quot;1&quot;:2,&quot;2&quot;:&quot;B) PPGI, PPGL&quot;}\">B) PPGI, PPGL<\/td>\n<\/tr>\n<tr>\n<td data-sheets-value=\"{&quot;1&quot;:2,&quot;2&quot;:&quot;Yield Strength&quot;}\">Akma Dayan\u0131m\u0131<\/td>\n<td colspan=\"2\" rowspan=\"1\" data-sheets-value=\"{&quot;1&quot;:2,&quot;2&quot;:&quot;250 - 350 Mpa \/ 350-550Mpa&quot;}\">250 - 350 Mpa \/ 350-550Mpa<\/td>\n<\/tr>\n<tr>\n<td data-sheets-value=\"{&quot;1&quot;:2,&quot;2&quot;:&quot;Tensil Stress&quot;}\">Tensil Stres<\/td>\n<td colspan=\"2\" rowspan=\"1\" data-sheets-value=\"{&quot;1&quot;:2,&quot;2&quot;:&quot;350 Mpa-550 Mpa&quot;}\">350 Mpa-550 Mpa<\/td>\n<\/tr>\n<tr>\n<td data-sheets-value=\"{&quot;1&quot;:2,&quot;2&quot;:&quot;Panel Width&quot;}\">Panel Geni\u015fli\u011fi<\/td>\n<td colspan=\"2\" rowspan=\"1\" data-sheets-value=\"{&quot;1&quot;:2,&quot;2&quot;:&quot;As Per The Panel With Comes From Roll Forming Machine&quot;}\">Rulo \u015eekillendirme Makinesinden Gelen Panele G\u00f6re<\/td>\n<\/tr>\n<tr>\n<td data-sheets-value=\"{&quot;1&quot;:2,&quot;2&quot;:&quot;Feeding Way&quot;}\">Beslenme Yolu<\/td>\n<td data-sheets-value=\"{&quot;1&quot;:2,&quot;2&quot;:&quot;Servo Feeding&quot;}\">Servo Besleme<\/td>\n<td data-sheets-value=\"{&quot;1&quot;:2,&quot;2&quot;:&quot;* Step Motor Feeding&quot;}\">* Ad\u0131m Motor Besleme<\/td>\n<\/tr>\n<tr>\n<td data-sheets-value=\"{&quot;1&quot;:2,&quot;2&quot;:&quot;Curving System&quot;}\">E\u011fri Sistem<\/td>\n<td colspan=\"2\" rowspan=\"1\" data-sheets-value=\"{&quot;1&quot;:2,&quot;2&quot;:&quot;Hydraulic&quot;}\">Hidrolik<\/td>\n<\/tr>\n<tr>\n<td data-sheets-value=\"{&quot;1&quot;:2,&quot;2&quot;:&quot;Material Of Punching Mould&quot;}\">Delme Kal\u0131b\u0131 Malzemesi<\/td>\n<td colspan=\"2\" rowspan=\"1\" data-sheets-value=\"{&quot;1&quot;:2,&quot;2&quot;:&quot;40Cr, Surface Quenching And Nitrifying&quot;}\">40Cr, Y\u00fczey Su Verme ve Nitrifikasyon<\/td>\n<\/tr>\n<tr>\n<td data-sheets-value=\"{&quot;1&quot;:2,&quot;2&quot;:&quot;Power Supply&quot;}\">G\u00fc\u00e7 Kayna\u011f\u0131<\/td>\n<td data-sheets-value=\"{&quot;1&quot;:2,&quot;2&quot;:&quot;380V 50Hz 3ph&quot;}\">380V 50Hz 3ph<\/td>\n<td data-sheets-value=\"{&quot;1&quot;:2,&quot;2&quot;:&quot;* Or According To Your Requirment&quot;}\">* Veya \u0130htiyac\u0131n\u0131za G\u00f6re<\/td>\n<\/tr>\n<tr>\n<td data-sheets-value=\"{&quot;1&quot;:2,&quot;2&quot;:&quot;Machine Color&quot;}\">Makine Rengi<\/td>\n<td data-sheets-value=\"{&quot;1&quot;:2,&quot;2&quot;:&quot;Industrial Blue&quot;}\">End\u00fcstriyel Mavi<\/td>\n<td data-sheets-value=\"{&quot;1&quot;:2,&quot;2&quot;:&quot;* Or According To Your Requirment&quot;}\">* Veya \u0130htiyac\u0131n\u0131za G\u00f6re<\/td>\n<\/tr>\n<\/tbody>\n<\/table>\n<\/div>\n<h3>Uygulama<\/h3>\n<p><img loading=\"lazy\" decoding=\"async\" class=\"alignnone size-full wp-image-3595\" src=\"https:\/\/swforming.com\/wp-content\/uploads\/2023\/07\/20230725111138.png\" alt=\"\" width=\"938\" height=\"567\" title=\"\" srcset=\"https:\/\/swforming.com\/wp-content\/uploads\/2023\/07\/20230725111138.png 938w, https:\/\/swforming.com\/wp-content\/uploads\/2023\/07\/20230725111138-600x363.png 600w, https:\/\/swforming.com\/wp-content\/uploads\/2023\/07\/20230725111138-300x181.png 300w, https:\/\/swforming.com\/wp-content\/uploads\/2023\/07\/20230725111138-768x464.png 768w, https:\/\/swforming.com\/wp-content\/uploads\/2023\/07\/20230725111138-18x12.png 18w\" sizes=\"(max-width: 938px) 100vw, 938px\" \/><\/p>","protected":false},"excerpt":{"rendered":"<p>\u00c7at\u0131 paneli k\u0131v\u0131rma makinesi olarak da adland\u0131r\u0131lan hidrolik \u00e7at\u0131 sac k\u0131v\u0131rma makinesi, \u00e7at\u0131 paneli rulo \u015fekillendirme makinesi i\u00e7in yard\u0131mc\u0131 bir cihazd\u0131r. \u00c7at\u0131 kaplama levhas\u0131n\u0131 farkl\u0131 yar\u0131\u00e7aplarla istenilen \u015fekle getirmek i\u00e7in kullan\u0131l\u0131r. Genel olarak, m\u00fc\u015fteri bu k\u0131v\u0131rma makinesi ile bir \u00e7at\u0131 kaplama levha rulo \u015fekillendirme makinesi sat\u0131n alacakt\u0131r. K\u0131v\u0131rma makinesi, \u00e7at\u0131 kaplama levhas\u0131 rulo \u015fekillendirme makinesi taraf\u0131ndan \u00fcretilen levhay\u0131 k\u0131v\u0131rmak i\u00e7in kullan\u0131l\u0131r. Normalde panel kal\u0131nl\u0131\u011f\u0131 normal galvanizli \u00e7elik veya renkli bobin ile 0.3-0.8mm'dir.<\/p>","protected":false},"featured_media":3583,"comment_status":"closed","ping_status":"closed","template":"","meta":{"_acf_changed":false},"product_brand":[],"product_cat":[45],"product_tag":[],"class_list":{"0":"post-3582","1":"product","2":"type-product","3":"status-publish","4":"has-post-thumbnail","6":"product_cat-metal-wall-roofing","8":"first","9":"instock","10":"shipping-taxable","11":"product-type-simple"},"acf":[],"_links":{"self":[{"href":"https:\/\/swforming.com\/tr\/wp-json\/wp\/v2\/product\/3582","targetHints":{"allow":["GET"]}}],"collection":[{"href":"https:\/\/swforming.com\/tr\/wp-json\/wp\/v2\/product"}],"about":[{"href":"https:\/\/swforming.com\/tr\/wp-json\/wp\/v2\/types\/product"}],"replies":[{"embeddable":true,"href":"https:\/\/swforming.com\/tr\/wp-json\/wp\/v2\/comments?post=3582"}],"version-history":[{"count":5,"href":"https:\/\/swforming.com\/tr\/wp-json\/wp\/v2\/product\/3582\/revisions"}],"predecessor-version":[{"id":3737,"href":"https:\/\/swforming.com\/tr\/wp-json\/wp\/v2\/product\/3582\/revisions\/3737"}],"wp:featuredmedia":[{"embeddable":true,"href":"https:\/\/swforming.com\/tr\/wp-json\/wp\/v2\/media\/3583"}],"wp:attachment":[{"href":"https:\/\/swforming.com\/tr\/wp-json\/wp\/v2\/media?parent=3582"}],"wp:term":[{"taxonomy":"product_brand","embeddable":true,"href":"https:\/\/swforming.com\/tr\/wp-json\/wp\/v2\/product_brand?post=3582"},{"taxonomy":"product_cat","embeddable":true,"href":"https:\/\/swforming.com\/tr\/wp-json\/wp\/v2\/product_cat?post=3582"},{"taxonomy":"product_tag","embeddable":true,"href":"https:\/\/swforming.com\/tr\/wp-json\/wp\/v2\/product_tag?post=3582"}],"curies":[{"name":"wp","href":"https:\/\/api.w.org\/{rel}","templated":true}]}}