{"id":3422,"date":"2023-07-10T09:15:48","date_gmt":"2023-07-10T09:15:48","guid":{"rendered":"https:\/\/swforming.com\/?post_type=product&#038;p=3422"},"modified":"2023-08-02T02:19:56","modified_gmt":"2023-08-02T02:19:56","slug":"downspout-pipe-roll-forming-machine","status":"publish","type":"product","link":"https:\/\/swforming.com\/tr\/product\/downspout-pipe-roll-forming-machine\/","title":{"rendered":"\u0130ni\u015f Borusu Boru Rulo \u015eekillendirme Makinesi"},"content":{"rendered":"<p><img fetchpriority=\"high\" decoding=\"async\" class=\"alignnone wp-image-3429 size-full\" src=\"https:\/\/swforming.com\/wp-content\/uploads\/2023\/07\/H174064405f244f1ebe1379a900b987298.jpg\" alt=\"\u0130ni\u015f Borusu Boru Rulo \u015eekillendirme Makinesi\" width=\"750\" height=\"1045\" title=\"\" srcset=\"https:\/\/swforming.com\/wp-content\/uploads\/2023\/07\/H174064405f244f1ebe1379a900b987298.jpg 750w, https:\/\/swforming.com\/wp-content\/uploads\/2023\/07\/H174064405f244f1ebe1379a900b987298-600x836.jpg 600w, https:\/\/swforming.com\/wp-content\/uploads\/2023\/07\/H174064405f244f1ebe1379a900b987298-215x300.jpg 215w, https:\/\/swforming.com\/wp-content\/uploads\/2023\/07\/H174064405f244f1ebe1379a900b987298-735x1024.jpg 735w, https:\/\/swforming.com\/wp-content\/uploads\/2023\/07\/H174064405f244f1ebe1379a900b987298-9x12.jpg 9w\" sizes=\"(max-width: 750px) 100vw, 750px\" \/><\/p>\n<p>\u0130ni\u015f borusu boru rulo \u015fekillendirme makinesi, ya\u011fmur suyu \u00fcr\u00fcnleri sisteminde ini\u015f borusu \u00fcretmek i\u00e7in kullan\u0131l\u0131r. Normalde ini\u015f borusu ve oluk kal\u0131nl\u0131\u011f\u0131 0.4mm-0.8mm, 0.8-1.5mm veya hammadde ile talep etti\u011finiz gibi olabilir: Al\u00fcminyum, Galvanizli \u00e7elik, Boyal\u0131 \u00e7elik, Galvalume, Paslanmaz \u00e7elik vb.<\/p>\n<p>Kare boru rulo \u015fekillendirme makinesi (dikd\u00f6rtgen ini\u015f borular\u0131 rulo \u015fekillendirme makinesi) ve yuvarlak boru rulo \u015fekillendirme makinesi (yuvarlak oluklu ini\u015f borular\u0131 rulo \u015fekillendirme makinesi) ayr\u0131ca ayr\u0131 bir dirsek makinesi vard\u0131r. Ya\u011fmur suyu \u00fcr\u00fcnleri sisteminde, oluk rulo \u015fekillendirme makinesi vb. gibi daha fazla makine \u00fcretebiliyoruz. \u0130ni\u015f borusu rulo \u015fekillendirme makinemiz a\u011f\u0131rl\u0131kl\u0131 olarak a\u00e7\u0131c\u0131, rulo \u015fekillendirme sistemi, kesme ekipman\u0131, hidrolik sistem, kontrol sistemi ve d\u0131\u015f tabladan olu\u015fmaktad\u0131r. Pratik m\u00fchendislik projelerinin gereksinimlerini kar\u015f\u0131lamak i\u00e7in a\u015fa\u011f\u0131 boru i\u00e7in e\u011fri yapabilir.<\/p>\n<p>\u0130n\u015faat Sekt\u00f6r\u00fcnde, ana kanal rulo \u015fekillendirme makinesi, a\u015f\u0131k rulo \u015fekillendirme makinesi, al\u00e7\u0131pan rulo \u015fekillendirme makinesi, saplama rulo \u015fekillendirme makinesi, palet rulo \u015fekillendirme makinesi, silindir \u015fapka rulo \u015fekillendirme makinesi, klips rulo \u015fekillendirme makinesi, metal g\u00fcverte (zemin g\u00fcverte) rulo \u015fekillendirme makinesi, \u00e7at\u0131 \/ duvar paneli rulo \u015fekillendirme makinesi, kiremit rulo \u015fekillendirme makinesi, oluklu rulo \u015fekillendirme makinesi, mahya kapa\u011f\u0131 rulo \u015fekillendirme makinesi, ini\u015f borusu rulo \u015fekillendirme makinesi vb. gibi daha fazla makine \u00fcretebiliyoruz.<\/p>\n<p>M\u00fc\u015fterilerin \u00e7izimlerine, toleranslar\u0131na ve b\u00fct\u00e7elerine g\u00f6re farkl\u0131 \u00e7\u00f6z\u00fcmler \u00fcretiyor, t\u00fcm gereksinimlerinize uyarlanabilen profesyonel bire bir hizmet sunuyoruz. Hangi hatt\u0131 se\u00e7erseniz se\u00e7in, SUNWAY Machinery'nin kalitesi m\u00fckemmel i\u015flevsel profiller elde etmenizi sa\u011flayacakt\u0131r.<\/p>\n<h3>Profil \u00c7izimleri<\/h3>\n<h3><img decoding=\"async\" class=\"alignnone size-full wp-image-3430\" src=\"https:\/\/swforming.com\/wp-content\/uploads\/2023\/07\/20230710170659.png\" alt=\"\" width=\"750\" height=\"182\" title=\"\" srcset=\"https:\/\/swforming.com\/wp-content\/uploads\/2023\/07\/20230710170659.png 750w, https:\/\/swforming.com\/wp-content\/uploads\/2023\/07\/20230710170659-600x146.png 600w, https:\/\/swforming.com\/wp-content\/uploads\/2023\/07\/20230710170659-300x73.png 300w, https:\/\/swforming.com\/wp-content\/uploads\/2023\/07\/20230710170659-18x4.png 18w\" sizes=\"(max-width: 750px) 100vw, 750px\" \/><\/h3>\n<p><img decoding=\"async\" class=\"alignnone size-full wp-image-3431\" src=\"https:\/\/swforming.com\/wp-content\/uploads\/2023\/07\/H9f8171dad3b24efe84aa59c0edbb384cJ.jpg\" alt=\"\" width=\"1748\" height=\"1839\" title=\"\" srcset=\"https:\/\/swforming.com\/wp-content\/uploads\/2023\/07\/H9f8171dad3b24efe84aa59c0edbb384cJ.jpg 1748w, https:\/\/swforming.com\/wp-content\/uploads\/2023\/07\/H9f8171dad3b24efe84aa59c0edbb384cJ-600x631.jpg 600w, https:\/\/swforming.com\/wp-content\/uploads\/2023\/07\/H9f8171dad3b24efe84aa59c0edbb384cJ-285x300.jpg 285w, https:\/\/swforming.com\/wp-content\/uploads\/2023\/07\/H9f8171dad3b24efe84aa59c0edbb384cJ-973x1024.jpg 973w, https:\/\/swforming.com\/wp-content\/uploads\/2023\/07\/H9f8171dad3b24efe84aa59c0edbb384cJ-768x808.jpg 768w, https:\/\/swforming.com\/wp-content\/uploads\/2023\/07\/H9f8171dad3b24efe84aa59c0edbb384cJ-1460x1536.jpg 1460w, https:\/\/swforming.com\/wp-content\/uploads\/2023\/07\/H9f8171dad3b24efe84aa59c0edbb384cJ-11x12.jpg 11w\" sizes=\"(max-width: 1748px) 100vw, 1748px\" \/><\/p>\n<h3>\u00dcretim Hatt\u0131<\/h3>\n<p><img loading=\"lazy\" decoding=\"async\" class=\"alignnone size-full wp-image-3432\" src=\"https:\/\/swforming.com\/wp-content\/uploads\/2023\/07\/H4d9ace28a6c04ac3a0598e3d70cfa4c3d.jpg\" alt=\"\" width=\"1748\" height=\"606\" title=\"\" srcset=\"https:\/\/swforming.com\/wp-content\/uploads\/2023\/07\/H4d9ace28a6c04ac3a0598e3d70cfa4c3d.jpg 1748w, https:\/\/swforming.com\/wp-content\/uploads\/2023\/07\/H4d9ace28a6c04ac3a0598e3d70cfa4c3d-600x208.jpg 600w, https:\/\/swforming.com\/wp-content\/uploads\/2023\/07\/H4d9ace28a6c04ac3a0598e3d70cfa4c3d-300x104.jpg 300w, https:\/\/swforming.com\/wp-content\/uploads\/2023\/07\/H4d9ace28a6c04ac3a0598e3d70cfa4c3d-1024x355.jpg 1024w, https:\/\/swforming.com\/wp-content\/uploads\/2023\/07\/H4d9ace28a6c04ac3a0598e3d70cfa4c3d-768x266.jpg 768w, https:\/\/swforming.com\/wp-content\/uploads\/2023\/07\/H4d9ace28a6c04ac3a0598e3d70cfa4c3d-1536x533.jpg 1536w, https:\/\/swforming.com\/wp-content\/uploads\/2023\/07\/H4d9ace28a6c04ac3a0598e3d70cfa4c3d-18x6.jpg 18w\" sizes=\"(max-width: 1748px) 100vw, 1748px\" \/><\/p>\n<h3>\u00dcr\u00fcn Detaylar\u0131<\/h3>\n<p><img loading=\"lazy\" decoding=\"async\" class=\"alignnone size-full wp-image-3433\" src=\"https:\/\/swforming.com\/wp-content\/uploads\/2023\/07\/20230710170848.png\" alt=\"\" width=\"750\" height=\"943\" title=\"\" srcset=\"https:\/\/swforming.com\/wp-content\/uploads\/2023\/07\/20230710170848.png 750w, https:\/\/swforming.com\/wp-content\/uploads\/2023\/07\/20230710170848-600x754.png 600w, https:\/\/swforming.com\/wp-content\/uploads\/2023\/07\/20230710170848-239x300.png 239w, https:\/\/swforming.com\/wp-content\/uploads\/2023\/07\/20230710170848-10x12.png 10w\" sizes=\"(max-width: 750px) 100vw, 750px\" \/><\/p>\n<h3>\u00dcr\u00fcn Parametreleri<\/h3>\n<div style=\"overflow-x: auto;\">\n<table>\n<tbody>\n<tr>\n<td colspan=\"3\" rowspan=\"1\" data-sheets-value=\"{&quot;1&quot;:2,&quot;2&quot;:&quot;Dounspout Roll Forming Machine&quot;}\">Dounspout Rulo \u015eekillendirme Makinesi<\/td>\n<\/tr>\n<tr>\n<td colspan=\"1\" rowspan=\"2\" data-sheets-value=\"{&quot;1&quot;:2,&quot;2&quot;:&quot;Machinable Material&quot;}\">\n<div>\u0130\u015flenebilir Malzeme<\/div>\n<\/td>\n<td data-sheets-value=\"{&quot;1&quot;:2,&quot;2&quot;:&quot;A) Galvanized Coil&quot;}\">A) Galvanizli Bobin<\/td>\n<td colspan=\"1\" rowspan=\"2\" data-sheets-value=\"{&quot;1&quot;:2,&quot;2&quot;:&quot;Thickness(MM): 0.3-0.8 According To Your Requirment&quot;}\">\n<div>Kal\u0131nl\u0131k (MM): \u0130htiyac\u0131n\u0131za G\u00f6re 0.3-0.8<\/div>\n<\/td>\n<\/tr>\n<tr>\n<td data-sheets-value=\"{&quot;1&quot;:2,&quot;2&quot;:&quot;B) PPGI, PPGL&quot;}\">B) PPGI, PPGL<\/td>\n<\/tr>\n<tr>\n<td data-sheets-value=\"{&quot;1&quot;:2,&quot;2&quot;:&quot;Yield Strength&quot;}\">Akma Dayan\u0131m\u0131<\/td>\n<td colspan=\"2\" rowspan=\"1\" data-sheets-value=\"{&quot;1&quot;:2,&quot;2&quot;:&quot;250 - 350 Mpa \/ 350-550Mpa&quot;}\">250 - 350 Mpa \/ 350-550Mpa<\/td>\n<\/tr>\n<tr>\n<td data-sheets-value=\"{&quot;1&quot;:2,&quot;2&quot;:&quot;Tensil Stress&quot;}\">Tensil Stres<\/td>\n<td colspan=\"2\" rowspan=\"1\" data-sheets-value=\"{&quot;1&quot;:2,&quot;2&quot;:&quot;350 Mpa-550 Mpa&quot;}\">350 Mpa-550 Mpa<\/td>\n<\/tr>\n<tr>\n<td data-sheets-value=\"{&quot;1&quot;:2,&quot;2&quot;:&quot;Coil Width&quot;}\">Bobin Geni\u015fli\u011fi<\/td>\n<td colspan=\"2\" rowspan=\"1\" data-sheets-value=\"{&quot;1&quot;:2,&quot;2&quot;:&quot;As Per The Detailed Profile&quot;}\">Detayl\u0131 Profile G\u00f6re<\/td>\n<\/tr>\n<tr>\n<td data-sheets-value=\"{&quot;1&quot;:2,&quot;2&quot;:&quot;Forming Speed&quot;}\">\u015eekillendirme H\u0131z\u0131<\/td>\n<td data-sheets-value=\"{&quot;1&quot;:2,&quot;2&quot;:&quot;10-15 m\/min&quot;}\">10-15 m\/dak<\/td>\n<td data-sheets-value=\"{&quot;1&quot;:2,&quot;2&quot;:&quot;* Or According To Your Requirment&quot;}\">* Veya \u0130htiyac\u0131n\u0131za G\u00f6re<\/td>\n<\/tr>\n<tr>\n<td data-sheets-value=\"{&quot;1&quot;:2,&quot;2&quot;:&quot;Forming Station&quot;}\">\u015eekillendirme \u0130stasyonu<\/td>\n<td data-sheets-value=\"{&quot;1&quot;:2,&quot;2&quot;:&quot;18-24 Stations&quot;}\">18-24 \u0130stasyonlar<\/td>\n<td data-sheets-value=\"{&quot;1&quot;:2,&quot;2&quot;:&quot;* According To Your Profile Drawings&quot;}\">* Profil \u00c7izimlerinize G\u00f6re<\/td>\n<\/tr>\n<tr>\n<td data-sheets-value=\"{&quot;1&quot;:2,&quot;2&quot;:&quot;Decoiler&quot;}\">Decoiler<\/td>\n<td data-sheets-value=\"{&quot;1&quot;:2,&quot;2&quot;:&quot;Manual Decoiler&quot;}\">Manuel A\u00e7\u0131c\u0131<\/td>\n<td data-sheets-value=\"{&quot;1&quot;:2,&quot;2&quot;:&quot;* Hydraulic Decoiler (Optional)&quot;}\">* Hidrolik A\u00e7\u0131c\u0131 (Opsiyonel)<\/td>\n<\/tr>\n<tr>\n<td data-sheets-value=\"{&quot;1&quot;:2,&quot;2&quot;:&quot;Driving System&quot;}\">S\u00fcr\u00fc\u015f Sistemi<\/td>\n<td data-sheets-value=\"{&quot;1&quot;:2,&quot;2&quot;:&quot;Chain Drive&quot;}\">Zincir Tahrik<\/td>\n<td data-sheets-value=\"{&quot;1&quot;:2,&quot;2&quot;:&quot;* Gearbox Drive (Optional)&quot;}\">* \u015eanz\u0131man Tahriki (Opsiyonel)<\/td>\n<\/tr>\n<tr>\n<td data-sheets-value=\"{&quot;1&quot;:2,&quot;2&quot;:&quot;Machine Structure&quot;}\">Makine Yap\u0131s\u0131<\/td>\n<td data-sheets-value=\"{&quot;1&quot;:2,&quot;2&quot;:&quot;Steel Plates Welded&quot;}\">Kaynakl\u0131 \u00c7elik Levhalar<\/td>\n<td data-sheets-value=\"{&quot;1&quot;:2,&quot;2&quot;:&quot;* Individual Station (Optional)&quot;}\">* Bireysel \u0130stasyon (\u0130ste\u011fe Ba\u011fl\u0131)<\/td>\n<\/tr>\n<tr>\n<td data-sheets-value=\"{&quot;1&quot;:2,&quot;2&quot;:&quot;Rollers\u2019 Material&quot;}\">Silindir Malzemesi<\/td>\n<td colspan=\"2\" rowspan=\"1\" data-sheets-value=\"{&quot;1&quot;:2,&quot;2&quot;:&quot;45#&quot;}\">45#<\/td>\n<\/tr>\n<tr>\n<td data-sheets-value=\"{&quot;1&quot;:2,&quot;2&quot;:&quot;Cutting System&quot;}\">Kesim Sistemi<\/td>\n<td data-sheets-value=\"{&quot;1&quot;:2,&quot;2&quot;:&quot;Hydraulic Post Cut&quot;}\">Hidrolik Direk Kesme<\/td>\n<td data-sheets-value=\"{&quot;1&quot;:2,&quot;2&quot;:&quot;* Hydraulic Servo Tracking Cutter (Optional)&quot;}\">* Hidrolik Servo Takip Kesici (Opsiyonel)<\/td>\n<\/tr>\n<tr>\n<td data-sheets-value=\"{&quot;1&quot;:2,&quot;2&quot;:&quot;Output Way&quot;}\">\u00c7\u0131k\u0131\u015f Yolu<\/td>\n<td colspan=\"2\" rowspan=\"1\" data-sheets-value=\"{&quot;1&quot;:2,&quot;2&quot;:&quot;Roller Table&quot;}\">Makaral\u0131 Masa<\/td>\n<\/tr>\n<tr>\n<td data-sheets-value=\"{&quot;1&quot;:2,&quot;2&quot;:&quot;Frequency Changer Brand&quot;}\">Frekans De\u011fi\u015ftirici Marka<\/td>\n<td data-sheets-value=\"{&quot;1&quot;:2,&quot;2&quot;:&quot;Yaskawa&quot;}\">Yaskawa<\/td>\n<td data-sheets-value=\"{&quot;1&quot;:2,&quot;2&quot;:&quot;* Siemens (Optional)&quot;}\">* Siemens (Opsiyonel)<\/td>\n<\/tr>\n<tr>\n<td data-sheets-value=\"{&quot;1&quot;:2,&quot;2&quot;:&quot;Power Supply&quot;}\">G\u00fc\u00e7 Kayna\u011f\u0131<\/td>\n<td data-sheets-value=\"{&quot;1&quot;:2,&quot;2&quot;:&quot;380V 50Hz&quot;}\">380V 50Hz<\/td>\n<td data-sheets-value=\"{&quot;1&quot;:2,&quot;2&quot;:&quot;* Or According To Your Requirment&quot;}\">* Veya \u0130htiyac\u0131n\u0131za G\u00f6re<\/td>\n<\/tr>\n<tr>\n<td data-sheets-value=\"{&quot;1&quot;:2,&quot;2&quot;:&quot;Machine Color&quot;}\">Makine Rengi<\/td>\n<td data-sheets-value=\"{&quot;1&quot;:2,&quot;2&quot;:&quot;Industrial Blue&quot;}\">End\u00fcstriyel Mavi<\/td>\n<td data-sheets-value=\"{&quot;1&quot;:2,&quot;2&quot;:&quot;* Or According To Your Requirment&quot;}\">* Veya \u0130htiyac\u0131n\u0131za G\u00f6re<\/td>\n<\/tr>\n<\/tbody>\n<\/table>\n<\/div>\n<h3>Uygulama<\/h3>\n<p><img loading=\"lazy\" decoding=\"async\" class=\"alignnone size-full wp-image-3436\" src=\"https:\/\/swforming.com\/wp-content\/uploads\/2023\/07\/20230710171313.png\" alt=\"\" width=\"750\" height=\"453\" title=\"\" srcset=\"https:\/\/swforming.com\/wp-content\/uploads\/2023\/07\/20230710171313.png 750w, https:\/\/swforming.com\/wp-content\/uploads\/2023\/07\/20230710171313-600x362.png 600w, https:\/\/swforming.com\/wp-content\/uploads\/2023\/07\/20230710171313-300x181.png 300w, https:\/\/swforming.com\/wp-content\/uploads\/2023\/07\/20230710171313-18x12.png 18w\" sizes=\"(max-width: 750px) 100vw, 750px\" \/><\/p>","protected":false},"excerpt":{"rendered":"<p>\u0130ni\u015f borusu boru rulo \u015fekillendirme makinesi, ya\u011fmur suyu \u00fcr\u00fcnleri sisteminde ini\u015f borusu \u00fcretmek i\u00e7in kullan\u0131l\u0131r. Normalde ini\u015f borusu ve oluk kal\u0131nl\u0131\u011f\u0131 0.4mm-0.8mm, 0.8-1.5mm veya hammadde ile talep etti\u011finiz gibi olabilir: Al\u00fcminyum, Galvanizli \u00e7elik, Boyal\u0131 \u00e7elik, Galvalume, Paslanmaz \u00e7elik vb.<\/p>\n<p>Kare boru rulo \u015fekillendirme makinesi (dikd\u00f6rtgen ini\u015f borular\u0131 rulo \u015fekillendirme makinesi) ve yuvarlak boru rulo \u015fekillendirme makinesi (yuvarlak oluklu ini\u015f borular\u0131 rulo \u015fekillendirme makinesi) ayr\u0131ca ayr\u0131 bir dirsek makinesi vard\u0131r. Ya\u011fmur suyu \u00fcr\u00fcnleri sisteminde, oluk rulo \u015fekillendirme makinesi vb. gibi daha fazla makine \u00fcretebiliyoruz. \u0130ni\u015f borusu rulo \u015fekillendirme makinemiz a\u011f\u0131rl\u0131kl\u0131 olarak a\u00e7\u0131c\u0131, rulo \u015fekillendirme sistemi, kesme ekipman\u0131, hidrolik sistem, kontrol sistemi ve d\u0131\u015f tabladan olu\u015fmaktad\u0131r. Pratik m\u00fchendislik projelerinin gereksinimlerini kar\u015f\u0131lamak i\u00e7in a\u015fa\u011f\u0131 boru i\u00e7in e\u011fri yapabilir.<\/p>","protected":false},"featured_media":3423,"comment_status":"closed","ping_status":"closed","template":"","meta":{"_acf_changed":false},"product_brand":[],"product_cat":[45,81],"product_tag":[],"class_list":{"0":"post-3422","1":"product","2":"type-product","3":"status-publish","4":"has-post-thumbnail","6":"product_cat-metal-wall-roofing","7":"product_cat-downspout-pipe-roll-forming-machine","9":"first","10":"instock","11":"shipping-taxable","12":"product-type-simple"},"acf":[],"_links":{"self":[{"href":"https:\/\/swforming.com\/tr\/wp-json\/wp\/v2\/product\/3422","targetHints":{"allow":["GET"]}}],"collection":[{"href":"https:\/\/swforming.com\/tr\/wp-json\/wp\/v2\/product"}],"about":[{"href":"https:\/\/swforming.com\/tr\/wp-json\/wp\/v2\/types\/product"}],"replies":[{"embeddable":true,"href":"https:\/\/swforming.com\/tr\/wp-json\/wp\/v2\/comments?post=3422"}],"version-history":[{"count":5,"href":"https:\/\/swforming.com\/tr\/wp-json\/wp\/v2\/product\/3422\/revisions"}],"predecessor-version":[{"id":3740,"href":"https:\/\/swforming.com\/tr\/wp-json\/wp\/v2\/product\/3422\/revisions\/3740"}],"wp:featuredmedia":[{"embeddable":true,"href":"https:\/\/swforming.com\/tr\/wp-json\/wp\/v2\/media\/3423"}],"wp:attachment":[{"href":"https:\/\/swforming.com\/tr\/wp-json\/wp\/v2\/media?parent=3422"}],"wp:term":[{"taxonomy":"product_brand","embeddable":true,"href":"https:\/\/swforming.com\/tr\/wp-json\/wp\/v2\/product_brand?post=3422"},{"taxonomy":"product_cat","embeddable":true,"href":"https:\/\/swforming.com\/tr\/wp-json\/wp\/v2\/product_cat?post=3422"},{"taxonomy":"product_tag","embeddable":true,"href":"https:\/\/swforming.com\/tr\/wp-json\/wp\/v2\/product_tag?post=3422"}],"curies":[{"name":"wp","href":"https:\/\/api.w.org\/{rel}","templated":true}]}}