{"id":3359,"date":"2023-07-03T09:09:45","date_gmt":"2023-07-03T09:09:45","guid":{"rendered":"https:\/\/swforming.com\/?post_type=product&#038;p=3359"},"modified":"2023-08-02T02:36:01","modified_gmt":"2023-08-02T02:36:01","slug":"gutter-roll-forming-machine-2","status":"publish","type":"product","link":"https:\/\/swforming.com\/tr\/product\/gutter-roll-forming-machine-2\/","title":{"rendered":"Oluk Rulo \u015eekillendirme Makinesi"},"content":{"rendered":"<p><img fetchpriority=\"high\" decoding=\"async\" class=\"alignnone wp-image-3366 size-full\" src=\"https:\/\/swforming.com\/wp-content\/uploads\/2023\/07\/Ha1ce60280f2b4d6abdbd85e6aff2b0aeA.jpg\" alt=\"Oluk Rulo \u015eekillendirme Makinesi\" width=\"750\" height=\"971\" title=\"\" srcset=\"https:\/\/swforming.com\/wp-content\/uploads\/2023\/07\/Ha1ce60280f2b4d6abdbd85e6aff2b0aeA.jpg 750w, https:\/\/swforming.com\/wp-content\/uploads\/2023\/07\/Ha1ce60280f2b4d6abdbd85e6aff2b0aeA-600x777.jpg 600w, https:\/\/swforming.com\/wp-content\/uploads\/2023\/07\/Ha1ce60280f2b4d6abdbd85e6aff2b0aeA-232x300.jpg 232w, https:\/\/swforming.com\/wp-content\/uploads\/2023\/07\/Ha1ce60280f2b4d6abdbd85e6aff2b0aeA-9x12.jpg 9w\" sizes=\"(max-width: 750px) 100vw, 750px\" \/><\/p>\n<p><span data-spm-anchor-id=\"a2700.details.0.i37.30694150AN8udt\">Ya\u011fmur suyu mallar\u0131 sisteminde kullan\u0131lan ya\u011fmur oluklar\u0131n\u0131 \u00fcretmek i\u00e7in bir oluk rulo \u015fekillendirme makinesi kullan\u0131l\u0131r. Makine, kolay kullan\u0131m ve h\u0131zl\u0131 verimlilik avantaj\u0131 ile PLC kontrol sistemi taraf\u0131ndan tam otomatik olarak kontrol edilir. Sa\u00e7aklar\u0131n yan taraf\u0131nda bir toplama hende\u011fi olan metal bir su d\u00fc\u015fme sistemidir. Ya\u011fmur olu\u011fu rulo \u015fekillendirme makinesi \u00e7at\u0131 kenarlar\u0131na tutturulur ve suyu evden ve temelinden a\u015fa\u011f\u0131 ve uza\u011fa \u00e7ekmek i\u00e7in kullan\u0131l\u0131r. \u00c7o\u011fu oluk, oluk b\u00f6l\u00fcmleri, damla \u00e7\u0131k\u0131\u015flar\u0131 ve ini\u015f borular\u0131ndan olu\u015fur.<\/span><\/p>\n<p>Oluklar Al\u00fcminyum, galvanizli \u00e7elik, boyal\u0131 \u00e7elik, Galvaniz, Paslanmaz \u00e7elik vb. malzemelerden imal edilebilir. \u0130ni\u015f borusu ve oluk kal\u0131nl\u0131\u011f\u0131 0.4mm-0.8mm, 0.8-1.5mm olabilir. Ya\u011fmur suyu \u00fcr\u00fcnleri sisteminde, ini\u015f borusu veya ini\u015f borusu rulo \u015fekillendirme makinesi vb. gibi daha fazla makine \u00fcretebiliyoruz.<\/p>\n<p>\u0130n\u015faat Sekt\u00f6r\u00fcnde, ana kanal rulo \u015fekillendirme makinesi, a\u015f\u0131k rulo \u015fekillendirme makinesi, al\u00e7\u0131pan rulo \u015fekillendirme makinesi, saplama rulo \u015fekillendirme makinesi, palet rulo \u015fekillendirme makinesi, silindir \u015fapka rulo \u015fekillendirme makinesi, klips rulo \u015fekillendirme makinesi, metal g\u00fcverte (zemin g\u00fcverte) rulo \u015fekillendirme makinesi, \u00e7at\u0131 \/ duvar paneli rulo \u015fekillendirme makinesi, kiremit rulo \u015fekillendirme makinesi, oluklu rulo \u015fekillendirme makinesi, mahya kapa\u011f\u0131 rulo \u015fekillendirme makinesi, ini\u015f borusu rulo \u015fekillendirme makinesi vb. gibi daha fazla makine \u00fcretebiliyoruz.<\/p>\n<div>M\u00fc\u015fterilerin \u00e7izimlerine, toleranslar\u0131na ve b\u00fct\u00e7elerine g\u00f6re farkl\u0131 \u00e7\u00f6z\u00fcmler \u00fcretiyor, t\u00fcm gereksinimlerinize uyarlanabilen profesyonel bire bir hizmet sunuyoruz. Hangi hatt\u0131 se\u00e7erseniz se\u00e7in, SUNWAY Machinery'nin kalitesi m\u00fckemmel i\u015flevsel profiller elde etmenizi sa\u011flayacakt\u0131r.<\/div>\n<h3>Profil \u00c7izimleri<\/h3>\n<p><img decoding=\"async\" class=\"alignnone size-full wp-image-3367\" src=\"https:\/\/swforming.com\/wp-content\/uploads\/2023\/07\/703165543.png\" alt=\"\" width=\"750\" height=\"181\" title=\"\" srcset=\"https:\/\/swforming.com\/wp-content\/uploads\/2023\/07\/703165543.png 750w, https:\/\/swforming.com\/wp-content\/uploads\/2023\/07\/703165543-600x145.png 600w, https:\/\/swforming.com\/wp-content\/uploads\/2023\/07\/703165543-300x72.png 300w, https:\/\/swforming.com\/wp-content\/uploads\/2023\/07\/703165543-18x4.png 18w\" sizes=\"(max-width: 750px) 100vw, 750px\" \/><\/p>\n<p><img decoding=\"async\" class=\"alignnone size-full wp-image-3369\" src=\"https:\/\/swforming.com\/wp-content\/uploads\/2023\/07\/Hae41a034d22f48b493a34faa5ec37006Y-1.jpg\" alt=\"\" width=\"1748\" height=\"1660\" title=\"\" srcset=\"https:\/\/swforming.com\/wp-content\/uploads\/2023\/07\/Hae41a034d22f48b493a34faa5ec37006Y-1.jpg 1748w, https:\/\/swforming.com\/wp-content\/uploads\/2023\/07\/Hae41a034d22f48b493a34faa5ec37006Y-1-600x570.jpg 600w, https:\/\/swforming.com\/wp-content\/uploads\/2023\/07\/Hae41a034d22f48b493a34faa5ec37006Y-1-300x285.jpg 300w, https:\/\/swforming.com\/wp-content\/uploads\/2023\/07\/Hae41a034d22f48b493a34faa5ec37006Y-1-1024x972.jpg 1024w, https:\/\/swforming.com\/wp-content\/uploads\/2023\/07\/Hae41a034d22f48b493a34faa5ec37006Y-1-768x729.jpg 768w, https:\/\/swforming.com\/wp-content\/uploads\/2023\/07\/Hae41a034d22f48b493a34faa5ec37006Y-1-1536x1459.jpg 1536w, https:\/\/swforming.com\/wp-content\/uploads\/2023\/07\/Hae41a034d22f48b493a34faa5ec37006Y-1-13x12.jpg 13w\" sizes=\"(max-width: 1748px) 100vw, 1748px\" \/><\/p>\n<h3>\u00dcretim Hatt\u0131<img loading=\"lazy\" decoding=\"async\" class=\"alignnone size-full wp-image-3370\" src=\"https:\/\/swforming.com\/wp-content\/uploads\/2023\/07\/H0469c2f511c048de83ef6efaa4f7b757G.jpg\" alt=\"\" width=\"1748\" height=\"606\" title=\"\" srcset=\"https:\/\/swforming.com\/wp-content\/uploads\/2023\/07\/H0469c2f511c048de83ef6efaa4f7b757G.jpg 1748w, https:\/\/swforming.com\/wp-content\/uploads\/2023\/07\/H0469c2f511c048de83ef6efaa4f7b757G-600x208.jpg 600w, https:\/\/swforming.com\/wp-content\/uploads\/2023\/07\/H0469c2f511c048de83ef6efaa4f7b757G-300x104.jpg 300w, https:\/\/swforming.com\/wp-content\/uploads\/2023\/07\/H0469c2f511c048de83ef6efaa4f7b757G-1024x355.jpg 1024w, https:\/\/swforming.com\/wp-content\/uploads\/2023\/07\/H0469c2f511c048de83ef6efaa4f7b757G-768x266.jpg 768w, https:\/\/swforming.com\/wp-content\/uploads\/2023\/07\/H0469c2f511c048de83ef6efaa4f7b757G-1536x533.jpg 1536w, https:\/\/swforming.com\/wp-content\/uploads\/2023\/07\/H0469c2f511c048de83ef6efaa4f7b757G-18x6.jpg 18w\" sizes=\"(max-width: 1748px) 100vw, 1748px\" \/><\/h3>\n<h3>\u00dcr\u00fcn Detaylar\u0131<\/h3>\n<p><img loading=\"lazy\" decoding=\"async\" class=\"alignnone size-full wp-image-3372\" src=\"https:\/\/swforming.com\/wp-content\/uploads\/2023\/07\/20230703165828.png\" alt=\"\" width=\"750\" height=\"965\" title=\"\" srcset=\"https:\/\/swforming.com\/wp-content\/uploads\/2023\/07\/20230703165828.png 750w, https:\/\/swforming.com\/wp-content\/uploads\/2023\/07\/20230703165828-600x772.png 600w, https:\/\/swforming.com\/wp-content\/uploads\/2023\/07\/20230703165828-233x300.png 233w, https:\/\/swforming.com\/wp-content\/uploads\/2023\/07\/20230703165828-9x12.png 9w\" sizes=\"(max-width: 750px) 100vw, 750px\" \/><\/p>\n<h3>\u00dcr\u00fcn Parametreleri<\/h3>\n<div style=\"overflow-x: auto;\">\n<table>\n<tbody>\n<tr>\n<td style=\"text-align: center;\" colspan=\"3\" rowspan=\"1\" data-sheets-value=\"{&quot;1&quot;:2,&quot;2&quot;:&quot;Gutter Roll Forming Machine&quot;}\"><strong>Oluk Rulo \u015eekillendirme Makinesi<\/strong><\/td>\n<\/tr>\n<tr>\n<td colspan=\"1\" rowspan=\"2\" data-sheets-value=\"{&quot;1&quot;:2,&quot;2&quot;:&quot;Machinable Material&quot;}\">\n<div>\u0130\u015flenebilir Malzeme<\/div>\n<\/td>\n<td data-sheets-value=\"{&quot;1&quot;:2,&quot;2&quot;:&quot;A) Galvanized Coil&quot;}\">A) Galvanizli Bobin<\/td>\n<td colspan=\"1\" rowspan=\"2\" data-sheets-value=\"{&quot;1&quot;:2,&quot;2&quot;:&quot;Thickness(MM): 0.3-0.8 According To Your Requirment&quot;}\">\n<div>Kal\u0131nl\u0131k (MM): \u0130htiyac\u0131n\u0131za G\u00f6re 0.3-0.8<\/div>\n<\/td>\n<\/tr>\n<tr>\n<td data-sheets-value=\"{&quot;1&quot;:2,&quot;2&quot;:&quot;B) PPGI, PPGL&quot;}\">B) PPGI, PPGL<\/td>\n<\/tr>\n<tr>\n<td data-sheets-value=\"{&quot;1&quot;:2,&quot;2&quot;:&quot;Yield Strength&quot;}\">Akma Dayan\u0131m\u0131<\/td>\n<td colspan=\"2\" rowspan=\"1\" data-sheets-value=\"{&quot;1&quot;:2,&quot;2&quot;:&quot;250 - 350 Mpa \/ 350-550Mpa&quot;}\">250 - 350 Mpa \/ 350-550Mpa<\/td>\n<\/tr>\n<tr>\n<td data-sheets-value=\"{&quot;1&quot;:2,&quot;2&quot;:&quot;Tensil Stress&quot;}\">Tensil Stres<\/td>\n<td colspan=\"2\" rowspan=\"1\" data-sheets-value=\"{&quot;1&quot;:2,&quot;2&quot;:&quot;350 Mpa-550 Mpa&quot;}\">350 Mpa-550 Mpa<\/td>\n<\/tr>\n<tr>\n<td data-sheets-value=\"{&quot;1&quot;:2,&quot;2&quot;:&quot;Coil Width&quot;}\">Bobin Geni\u015fli\u011fi<\/td>\n<td colspan=\"2\" rowspan=\"1\" data-sheets-value=\"{&quot;1&quot;:2,&quot;2&quot;:&quot;As Per The Detailed Profile&quot;}\">Detayl\u0131 Profile G\u00f6re<\/td>\n<\/tr>\n<tr>\n<td data-sheets-value=\"{&quot;1&quot;:2,&quot;2&quot;:&quot;Forming Speed&quot;}\">\u015eekillendirme H\u0131z\u0131<\/td>\n<td data-sheets-value=\"{&quot;1&quot;:2,&quot;2&quot;:&quot;10-15 m\/min&quot;}\">10-15 m\/dak<\/td>\n<td data-sheets-value=\"{&quot;1&quot;:2,&quot;2&quot;:&quot;* Or According To Your Requirment&quot;}\">* Veya \u0130htiyac\u0131n\u0131za G\u00f6re<\/td>\n<\/tr>\n<tr>\n<td data-sheets-value=\"{&quot;1&quot;:2,&quot;2&quot;:&quot;Forming Station&quot;}\">\u015eekillendirme \u0130stasyonu<\/td>\n<td data-sheets-value=\"{&quot;1&quot;:2,&quot;2&quot;:&quot;10-20 Stations&quot;}\">10-20 \u0130stasyon<\/td>\n<td data-sheets-value=\"{&quot;1&quot;:2,&quot;2&quot;:&quot;* According To Your Profile Drawings&quot;}\">* Profil \u00c7izimlerinize G\u00f6re<\/td>\n<\/tr>\n<tr>\n<td data-sheets-value=\"{&quot;1&quot;:2,&quot;2&quot;:&quot;Decoiler&quot;}\">Decoiler<\/td>\n<td data-sheets-value=\"{&quot;1&quot;:2,&quot;2&quot;:&quot;Manual Decoiler&quot;}\">Manuel A\u00e7\u0131c\u0131<\/td>\n<td data-sheets-value=\"{&quot;1&quot;:2,&quot;2&quot;:&quot;* Hydraulic Decoiler (Optional)&quot;}\">* Hidrolik A\u00e7\u0131c\u0131 (Opsiyonel)<\/td>\n<\/tr>\n<tr>\n<td data-sheets-value=\"{&quot;1&quot;:2,&quot;2&quot;:&quot;Driving System&quot;}\">S\u00fcr\u00fc\u015f Sistemi<\/td>\n<td data-sheets-value=\"{&quot;1&quot;:2,&quot;2&quot;:&quot;Chain Drive&quot;}\">Zincir Tahrik<\/td>\n<td data-sheets-value=\"{&quot;1&quot;:2,&quot;2&quot;:&quot;* Gearbox Drive (Optional)&quot;}\">* \u015eanz\u0131man Tahriki (Opsiyonel)<\/td>\n<\/tr>\n<tr>\n<td data-sheets-value=\"{&quot;1&quot;:2,&quot;2&quot;:&quot;Machine Structure&quot;}\">Makine Yap\u0131s\u0131<\/td>\n<td data-sheets-value=\"{&quot;1&quot;:2,&quot;2&quot;:&quot;Steel Plates Welded&quot;}\">Kaynakl\u0131 \u00c7elik Levhalar<\/td>\n<td data-sheets-value=\"{&quot;1&quot;:2,&quot;2&quot;:&quot;* Individual Station (Optional)&quot;}\">* Bireysel \u0130stasyon (\u0130ste\u011fe Ba\u011fl\u0131)<\/td>\n<\/tr>\n<tr>\n<td data-sheets-value=\"{&quot;1&quot;:2,&quot;2&quot;:&quot;Rollers\u2019 Material&quot;}\">Silindir Malzemesi<\/td>\n<td colspan=\"2\" rowspan=\"1\" data-sheets-value=\"{&quot;1&quot;:2,&quot;2&quot;:&quot;45#&quot;}\">45#<\/td>\n<\/tr>\n<tr>\n<td data-sheets-value=\"{&quot;1&quot;:2,&quot;2&quot;:&quot;Cutting System&quot;}\">Kesim Sistemi<\/td>\n<td data-sheets-value=\"{&quot;1&quot;:2,&quot;2&quot;:&quot;Hydraulic Post Cut&quot;}\">Hidrolik Direk Kesme<\/td>\n<td data-sheets-value=\"{&quot;1&quot;:2,&quot;2&quot;:&quot;* Hydraulic Servo Tracking Cutter (Optional)&quot;}\">* Hidrolik Servo Takip Kesici (Opsiyonel)<\/td>\n<\/tr>\n<tr>\n<td data-sheets-value=\"{&quot;1&quot;:2,&quot;2&quot;:&quot;Output Way&quot;}\">\u00c7\u0131k\u0131\u015f Yolu<\/td>\n<td colspan=\"2\" rowspan=\"1\" data-sheets-value=\"{&quot;1&quot;:2,&quot;2&quot;:&quot;Roller Table&quot;}\">Makaral\u0131 Masa<\/td>\n<\/tr>\n<tr>\n<td data-sheets-value=\"{&quot;1&quot;:2,&quot;2&quot;:&quot;Frequency Changer Brand&quot;}\">Frekans De\u011fi\u015ftirici Marka<\/td>\n<td data-sheets-value=\"{&quot;1&quot;:2,&quot;2&quot;:&quot;Yaskawa&quot;}\">Yaskawa<\/td>\n<td data-sheets-value=\"{&quot;1&quot;:2,&quot;2&quot;:&quot;* Siemens (Optional)&quot;}\">* Siemens (Opsiyonel)<\/td>\n<\/tr>\n<tr>\n<td data-sheets-value=\"{&quot;1&quot;:2,&quot;2&quot;:&quot;Power Supply&quot;}\">G\u00fc\u00e7 Kayna\u011f\u0131<\/td>\n<td data-sheets-value=\"{&quot;1&quot;:2,&quot;2&quot;:&quot;380V 50Hz&quot;}\">380V 50Hz<\/td>\n<td data-sheets-value=\"{&quot;1&quot;:2,&quot;2&quot;:&quot;* Or According To Your Requirment&quot;}\">* Veya \u0130htiyac\u0131n\u0131za G\u00f6re<\/td>\n<\/tr>\n<tr>\n<td data-sheets-value=\"{&quot;1&quot;:2,&quot;2&quot;:&quot;Machine Color&quot;}\">Makine Rengi<\/td>\n<td data-sheets-value=\"{&quot;1&quot;:2,&quot;2&quot;:&quot;Industrial Blue&quot;}\">End\u00fcstriyel Mavi<\/td>\n<td data-sheets-value=\"{&quot;1&quot;:2,&quot;2&quot;:&quot;* Or According To Your Requirment&quot;}\">* Veya \u0130htiyac\u0131n\u0131za G\u00f6re<\/td>\n<\/tr>\n<\/tbody>\n<\/table>\n<h3>Uygulama<\/h3>\n<p><img loading=\"lazy\" decoding=\"async\" class=\"alignnone size-full wp-image-3373\" src=\"https:\/\/swforming.com\/wp-content\/uploads\/2023\/07\/20230703170456.png\" alt=\"\" width=\"750\" height=\"452\" title=\"\" srcset=\"https:\/\/swforming.com\/wp-content\/uploads\/2023\/07\/20230703170456.png 750w, https:\/\/swforming.com\/wp-content\/uploads\/2023\/07\/20230703170456-600x362.png 600w, https:\/\/swforming.com\/wp-content\/uploads\/2023\/07\/20230703170456-300x181.png 300w, https:\/\/swforming.com\/wp-content\/uploads\/2023\/07\/20230703170456-18x12.png 18w\" sizes=\"(max-width: 750px) 100vw, 750px\" \/><\/p>\n<\/div>","protected":false},"excerpt":{"rendered":"<p><span data-spm-anchor-id=\"a2700.details.0.i37.30694150AN8udt\">Ya\u011fmur suyu mallar\u0131 sisteminde kullan\u0131lan ya\u011fmur oluklar\u0131n\u0131 \u00fcretmek i\u00e7in bir oluk rulo \u015fekillendirme makinesi kullan\u0131l\u0131r. Makine, kolay kullan\u0131m ve h\u0131zl\u0131 verimlilik avantaj\u0131 ile PLC kontrol sistemi taraf\u0131ndan tam otomatik olarak kontrol edilir. Sa\u00e7aklar\u0131n yan taraf\u0131nda bir toplama hende\u011fi olan metal bir su d\u00fc\u015fme sistemidir. Ya\u011fmur olu\u011fu rulo \u015fekillendirme makinesi \u00e7at\u0131 kenarlar\u0131na tutturulur ve suyu evden ve temelinden a\u015fa\u011f\u0131 ve uza\u011fa \u00e7ekmek i\u00e7in kullan\u0131l\u0131r. \u00c7o\u011fu oluk, oluk b\u00f6l\u00fcmleri, damla \u00e7\u0131k\u0131\u015flar\u0131 ve ini\u015f borular\u0131ndan olu\u015fur.<\/span><\/p>","protected":false},"featured_media":3360,"comment_status":"closed","ping_status":"closed","template":"","meta":{"_acf_changed":false},"product_brand":[],"product_cat":[45,82],"product_tag":[],"class_list":{"0":"post-3359","1":"product","2":"type-product","3":"status-publish","4":"has-post-thumbnail","6":"product_cat-metal-wall-roofing","7":"product_cat-gutter-roll-forming-machine","9":"first","10":"instock","11":"shipping-taxable","12":"product-type-simple"},"acf":[],"_links":{"self":[{"href":"https:\/\/swforming.com\/tr\/wp-json\/wp\/v2\/product\/3359","targetHints":{"allow":["GET"]}}],"collection":[{"href":"https:\/\/swforming.com\/tr\/wp-json\/wp\/v2\/product"}],"about":[{"href":"https:\/\/swforming.com\/tr\/wp-json\/wp\/v2\/types\/product"}],"replies":[{"embeddable":true,"href":"https:\/\/swforming.com\/tr\/wp-json\/wp\/v2\/comments?post=3359"}],"version-history":[{"count":2,"href":"https:\/\/swforming.com\/tr\/wp-json\/wp\/v2\/product\/3359\/revisions"}],"predecessor-version":[{"id":3741,"href":"https:\/\/swforming.com\/tr\/wp-json\/wp\/v2\/product\/3359\/revisions\/3741"}],"wp:featuredmedia":[{"embeddable":true,"href":"https:\/\/swforming.com\/tr\/wp-json\/wp\/v2\/media\/3360"}],"wp:attachment":[{"href":"https:\/\/swforming.com\/tr\/wp-json\/wp\/v2\/media?parent=3359"}],"wp:term":[{"taxonomy":"product_brand","embeddable":true,"href":"https:\/\/swforming.com\/tr\/wp-json\/wp\/v2\/product_brand?post=3359"},{"taxonomy":"product_cat","embeddable":true,"href":"https:\/\/swforming.com\/tr\/wp-json\/wp\/v2\/product_cat?post=3359"},{"taxonomy":"product_tag","embeddable":true,"href":"https:\/\/swforming.com\/tr\/wp-json\/wp\/v2\/product_tag?post=3359"}],"curies":[{"name":"wp","href":"https:\/\/api.w.org\/{rel}","templated":true}]}}