{"id":3318,"date":"2023-06-27T08:54:40","date_gmt":"2023-06-27T08:54:40","guid":{"rendered":"https:\/\/swforming.com\/?post_type=product&#038;p=3318"},"modified":"2023-08-02T02:41:56","modified_gmt":"2023-08-02T02:41:56","slug":"ridge-cap-roll-forming-machine-3","status":"publish","type":"product","link":"https:\/\/swforming.com\/tr\/product\/ridge-cap-roll-forming-machine-3\/","title":{"rendered":"S\u0131rt Kapa\u011f\u0131 Rulo \u015eekillendirme Makinesi"},"content":{"rendered":"<p><img fetchpriority=\"high\" decoding=\"async\" class=\"alignnone wp-image-3325 size-full\" src=\"https:\/\/swforming.com\/wp-content\/uploads\/2023\/06\/Haa9f6f3df5634b21b213a9322681a89e9.jpg\" alt=\"S\u0131rt Kapa\u011f\u0131 Rulo \u015eekillendirme Makinesi\" width=\"750\" height=\"1034\" title=\"\" srcset=\"https:\/\/swforming.com\/wp-content\/uploads\/2023\/06\/Haa9f6f3df5634b21b213a9322681a89e9.jpg 750w, https:\/\/swforming.com\/wp-content\/uploads\/2023\/06\/Haa9f6f3df5634b21b213a9322681a89e9-600x827.jpg 600w, https:\/\/swforming.com\/wp-content\/uploads\/2023\/06\/Haa9f6f3df5634b21b213a9322681a89e9-218x300.jpg 218w, https:\/\/swforming.com\/wp-content\/uploads\/2023\/06\/Haa9f6f3df5634b21b213a9322681a89e9-743x1024.jpg 743w, https:\/\/swforming.com\/wp-content\/uploads\/2023\/06\/Haa9f6f3df5634b21b213a9322681a89e9-9x12.jpg 9w\" sizes=\"(max-width: 750px) 100vw, 750px\" \/><\/p>\n<p>S\u0131rt kapa\u011f\u0131 rulo \u015fekillendirme makinesi esas olarak her zaman \u00e7at\u0131 kiremit panelleri ile \u00e7al\u0131\u015fan s\u0131rt kapa\u011f\u0131 \u00fcretmek i\u00e7in kullan\u0131l\u0131r. Normalde panel kal\u0131nl\u0131\u011f\u0131 normal galvanizli \u00e7elik veya renkli bobin ile 0.3-0.8mm'dir.<\/p>\n<p>\u00c7at\u0131 kaplama sistemi rulo \u015fekillendirme makinesi \u00e7ok \u00e7e\u015fitli metal sac profillere sahiptir. Trapez panel, oluklu panel, kiremit, s\u0131rl\u0131 kiremit, metal g\u00fcverte, duvar paneli, dikme diki\u015f, K a\u00e7\u0131kl\u0131k ve mahya kapa\u011f\u0131 i\u00e7erir. \u00dcr\u00fcnleri, at\u00f6lye in\u015faat\u0131 ve konut yap\u0131m\u0131nda \u00e7at\u0131 ve duvar sisteminde yayg\u0131n olarak kullan\u0131lmaktad\u0131r.<\/p>\n<p>\u0130n\u015faat Sekt\u00f6r\u00fcnde, ana kanal rulo \u015fekillendirme makinesi, a\u015f\u0131k rulo \u015fekillendirme makinesi, al\u00e7\u0131pan rulo \u015fekillendirme makinesi, saplama rulo \u015fekillendirme makinesi, palet rulo \u015fekillendirme makinesi, silindir \u015fapka rulo \u015fekillendirme makinesi, klips rulo \u015fekillendirme makinesi, metal g\u00fcverte (zemin g\u00fcverte) rulo \u015fekillendirme makinesi, \u00e7at\u0131 \/ duvar paneli rulo \u015fekillendirme makinesi, kiremit rulo \u015fekillendirme makinesi, oluklu rulo \u015fekillendirme makinesi, mahya kapa\u011f\u0131 rulo \u015fekillendirme makinesi, ini\u015f borusu rulo \u015fekillendirme makinesi vb. gibi daha fazla makine \u00fcretebiliyoruz.<\/p>\n<p>M\u00fc\u015fterilerin \u00e7izimlerine, toleranslar\u0131na ve b\u00fct\u00e7elerine g\u00f6re farkl\u0131 \u00e7\u00f6z\u00fcmler \u00fcretiyor, t\u00fcm gereksinimlerinize uyarlanabilen profesyonel bire bir hizmet sunuyoruz. Hangi hatt\u0131 se\u00e7erseniz se\u00e7in, SUNWAY Machinery'nin kalitesi m\u00fckemmel i\u015flevsel profiller elde etmenizi sa\u011flayacakt\u0131r.<\/p>\n<h3>Profil \u00c7izimleri<\/h3>\n<p><img decoding=\"async\" class=\"alignnone size-full wp-image-3326\" src=\"https:\/\/swforming.com\/wp-content\/uploads\/2023\/06\/20230627164555.png\" alt=\"\" width=\"750\" height=\"181\" title=\"\" srcset=\"https:\/\/swforming.com\/wp-content\/uploads\/2023\/06\/20230627164555.png 750w, https:\/\/swforming.com\/wp-content\/uploads\/2023\/06\/20230627164555-600x145.png 600w, https:\/\/swforming.com\/wp-content\/uploads\/2023\/06\/20230627164555-300x72.png 300w, https:\/\/swforming.com\/wp-content\/uploads\/2023\/06\/20230627164555-18x4.png 18w\" sizes=\"(max-width: 750px) 100vw, 750px\" \/> <img decoding=\"async\" class=\"alignnone size-full wp-image-3327\" src=\"https:\/\/swforming.com\/wp-content\/uploads\/2023\/06\/Hae41a034d22f48b493a34faa5ec37006Y.jpg\" alt=\"\" width=\"1748\" height=\"1660\" title=\"\" srcset=\"https:\/\/swforming.com\/wp-content\/uploads\/2023\/06\/Hae41a034d22f48b493a34faa5ec37006Y.jpg 1748w, https:\/\/swforming.com\/wp-content\/uploads\/2023\/06\/Hae41a034d22f48b493a34faa5ec37006Y-600x570.jpg 600w, https:\/\/swforming.com\/wp-content\/uploads\/2023\/06\/Hae41a034d22f48b493a34faa5ec37006Y-300x285.jpg 300w, https:\/\/swforming.com\/wp-content\/uploads\/2023\/06\/Hae41a034d22f48b493a34faa5ec37006Y-1024x972.jpg 1024w, https:\/\/swforming.com\/wp-content\/uploads\/2023\/06\/Hae41a034d22f48b493a34faa5ec37006Y-768x729.jpg 768w, https:\/\/swforming.com\/wp-content\/uploads\/2023\/06\/Hae41a034d22f48b493a34faa5ec37006Y-1536x1459.jpg 1536w, https:\/\/swforming.com\/wp-content\/uploads\/2023\/06\/Hae41a034d22f48b493a34faa5ec37006Y-13x12.jpg 13w\" sizes=\"(max-width: 1748px) 100vw, 1748px\" \/><\/p>\n<h3>\u00dcretim Hatt\u0131<\/h3>\n<p><img loading=\"lazy\" decoding=\"async\" class=\"alignnone size-full wp-image-3328\" src=\"https:\/\/swforming.com\/wp-content\/uploads\/2023\/06\/H232bb075ce8d467c8d30ccaa893b1e6cr.jpg\" alt=\"\" width=\"1748\" height=\"1005\" title=\"\" srcset=\"https:\/\/swforming.com\/wp-content\/uploads\/2023\/06\/H232bb075ce8d467c8d30ccaa893b1e6cr.jpg 1748w, https:\/\/swforming.com\/wp-content\/uploads\/2023\/06\/H232bb075ce8d467c8d30ccaa893b1e6cr-600x345.jpg 600w, https:\/\/swforming.com\/wp-content\/uploads\/2023\/06\/H232bb075ce8d467c8d30ccaa893b1e6cr-300x172.jpg 300w, https:\/\/swforming.com\/wp-content\/uploads\/2023\/06\/H232bb075ce8d467c8d30ccaa893b1e6cr-1024x589.jpg 1024w, https:\/\/swforming.com\/wp-content\/uploads\/2023\/06\/H232bb075ce8d467c8d30ccaa893b1e6cr-768x442.jpg 768w, https:\/\/swforming.com\/wp-content\/uploads\/2023\/06\/H232bb075ce8d467c8d30ccaa893b1e6cr-1536x883.jpg 1536w, https:\/\/swforming.com\/wp-content\/uploads\/2023\/06\/H232bb075ce8d467c8d30ccaa893b1e6cr-18x10.jpg 18w\" sizes=\"(max-width: 1748px) 100vw, 1748px\" \/><\/p>\n<h3>\u00dcr\u00fcn Detaylar\u0131<\/h3>\n<p><img loading=\"lazy\" decoding=\"async\" class=\"alignnone size-full wp-image-3329\" src=\"https:\/\/swforming.com\/wp-content\/uploads\/2023\/06\/20230627164749.png\" alt=\"\" width=\"750\" height=\"946\" title=\"\" srcset=\"https:\/\/swforming.com\/wp-content\/uploads\/2023\/06\/20230627164749.png 750w, https:\/\/swforming.com\/wp-content\/uploads\/2023\/06\/20230627164749-600x757.png 600w, https:\/\/swforming.com\/wp-content\/uploads\/2023\/06\/20230627164749-238x300.png 238w, https:\/\/swforming.com\/wp-content\/uploads\/2023\/06\/20230627164749-10x12.png 10w\" sizes=\"(max-width: 750px) 100vw, 750px\" \/><\/p>\n<h3>\u00dcr\u00fcn Parametreleri<\/h3>\n<div style=\"overflow-x: auto;\">\n<table>\n<tbody>\n<tr>\n<td style=\"text-align: center;\" colspan=\"3\" rowspan=\"1\" data-sheets-value=\"{&quot;1&quot;:2,&quot;2&quot;:&quot;Ridge Cap Roll Forming Machine&quot;}\">S\u0131rt Kapa\u011f\u0131 Rulo \u015eekillendirme Makinesi<\/td>\n<\/tr>\n<tr>\n<td colspan=\"1\" rowspan=\"2\" data-sheets-value=\"{&quot;1&quot;:2,&quot;2&quot;:&quot;Machinable Material&quot;}\">\n<div>\u0130\u015flenebilir Malzeme<\/div>\n<\/td>\n<td data-sheets-value=\"{&quot;1&quot;:2,&quot;2&quot;:&quot;A) Galvanized Coil&quot;}\">A) Galvanizli Bobin<\/td>\n<td colspan=\"1\" rowspan=\"2\" data-sheets-value=\"{&quot;1&quot;:2,&quot;2&quot;:&quot;Thickness(MM): 0.3-0.8 According To Your Requirment&quot;}\">\n<div>Kal\u0131nl\u0131k (MM): \u0130htiyac\u0131n\u0131za G\u00f6re 0.3-0.8<\/div>\n<\/td>\n<\/tr>\n<tr>\n<td data-sheets-value=\"{&quot;1&quot;:2,&quot;2&quot;:&quot;B) PPGI, PPGL&quot;}\">B) PPGI, PPGL<\/td>\n<\/tr>\n<tr>\n<td data-sheets-value=\"{&quot;1&quot;:2,&quot;2&quot;:&quot;Yield Strength&quot;}\">Akma Dayan\u0131m\u0131<\/td>\n<td colspan=\"2\" rowspan=\"1\" data-sheets-value=\"{&quot;1&quot;:2,&quot;2&quot;:&quot;250 - 350 Mpa \/ 350-550Mpa&quot;}\">250 - 350 Mpa \/ 350-550Mpa<\/td>\n<\/tr>\n<tr>\n<td data-sheets-value=\"{&quot;1&quot;:2,&quot;2&quot;:&quot;Tensil Stress&quot;}\">Tensil Stres<\/td>\n<td colspan=\"2\" rowspan=\"1\" data-sheets-value=\"{&quot;1&quot;:2,&quot;2&quot;:&quot;350 Mpa-550 Mpa&quot;}\">350 Mpa-550 Mpa<\/td>\n<\/tr>\n<tr>\n<td data-sheets-value=\"{&quot;1&quot;:2,&quot;2&quot;:&quot;Coil Width&quot;}\">Bobin Geni\u015fli\u011fi<\/td>\n<td colspan=\"2\" rowspan=\"1\" data-sheets-value=\"{&quot;1&quot;:2,&quot;2&quot;:&quot;As Per The Detailed Profile&quot;}\">Detayl\u0131 Profile G\u00f6re<\/td>\n<\/tr>\n<tr>\n<td data-sheets-value=\"{&quot;1&quot;:2,&quot;2&quot;:&quot;Forming Speed&quot;}\">\u015eekillendirme H\u0131z\u0131<\/td>\n<td data-sheets-value=\"{&quot;1&quot;:2,&quot;2&quot;:&quot;6-10 (m\/min)&quot;}\">6-10 (m\/dak)<\/td>\n<td data-sheets-value=\"{&quot;1&quot;:2,&quot;2&quot;:&quot;* Or According To Your Requirment&quot;}\">* Veya \u0130htiyac\u0131n\u0131za G\u00f6re<\/td>\n<\/tr>\n<tr>\n<td data-sheets-value=\"{&quot;1&quot;:2,&quot;2&quot;:&quot;Forming Station&quot;}\">\u015eekillendirme \u0130stasyonu<\/td>\n<td data-sheets-value=\"{&quot;1&quot;:2,&quot;2&quot;:&quot;10-18 Stations&quot;}\">10-18 \u0130stasyonlar<\/td>\n<td data-sheets-value=\"{&quot;1&quot;:2,&quot;2&quot;:&quot;* According To Your Profile Drawings&quot;}\">* Profil \u00c7izimlerinize G\u00f6re<\/td>\n<\/tr>\n<tr>\n<td data-sheets-value=\"{&quot;1&quot;:2,&quot;2&quot;:&quot;Decoiler&quot;}\">Decoiler<\/td>\n<td data-sheets-value=\"{&quot;1&quot;:2,&quot;2&quot;:&quot;Manual Decoiler&quot;}\">Manuel A\u00e7\u0131c\u0131<\/td>\n<td data-sheets-value=\"{&quot;1&quot;:2,&quot;2&quot;:&quot;* Hydraulic Decoiler (Optional)&quot;}\">* Hidrolik A\u00e7\u0131c\u0131 (Opsiyonel)<\/td>\n<\/tr>\n<tr>\n<td data-sheets-value=\"{&quot;1&quot;:2,&quot;2&quot;:&quot;Driving System&quot;}\">S\u00fcr\u00fc\u015f Sistemi<\/td>\n<td data-sheets-value=\"{&quot;1&quot;:2,&quot;2&quot;:&quot;Chain Drive&quot;}\">Zincir Tahrik<\/td>\n<td data-sheets-value=\"{&quot;1&quot;:2,&quot;2&quot;:&quot;* Gearbox Drive (Optional)&quot;}\">* \u015eanz\u0131man Tahriki (Opsiyonel)<\/td>\n<\/tr>\n<tr>\n<td data-sheets-value=\"{&quot;1&quot;:2,&quot;2&quot;:&quot;Machine Structure&quot;}\">Makine Yap\u0131s\u0131<\/td>\n<td data-sheets-value=\"{&quot;1&quot;:2,&quot;2&quot;:&quot;Steel Plates Welded&quot;}\">Kaynakl\u0131 \u00c7elik Levhalar<\/td>\n<td data-sheets-value=\"{&quot;1&quot;:2,&quot;2&quot;:&quot;* Individual Station (Optional)&quot;}\">* Bireysel \u0130stasyon (\u0130ste\u011fe Ba\u011fl\u0131)<\/td>\n<\/tr>\n<tr>\n<td data-sheets-value=\"{&quot;1&quot;:2,&quot;2&quot;:&quot;Rollers\u2019 Material&quot;}\">Silindir Malzemesi<\/td>\n<td colspan=\"2\" rowspan=\"1\" data-sheets-value=\"{&quot;1&quot;:2,&quot;2&quot;:&quot;45#&quot;}\">45#<\/td>\n<\/tr>\n<tr>\n<td data-sheets-value=\"{&quot;1&quot;:2,&quot;2&quot;:&quot;Cutting System&quot;}\">Kesim Sistemi<\/td>\n<td data-sheets-value=\"{&quot;1&quot;:2,&quot;2&quot;:&quot;Hydraulic Post Cut&quot;}\">Hidrolik Direk Kesme<\/td>\n<td data-sheets-value=\"{&quot;1&quot;:2,&quot;2&quot;:&quot;* Hydraulic Servo Tracking Cutter (Optional)&quot;}\">* Hidrolik Servo Takip Kesici (Opsiyonel)<\/td>\n<\/tr>\n<tr>\n<td data-sheets-value=\"{&quot;1&quot;:2,&quot;2&quot;:&quot;Output Way&quot;}\">\u00c7\u0131k\u0131\u015f Yolu<\/td>\n<td data-sheets-value=\"{&quot;1&quot;:2,&quot;2&quot;:&quot;Roller Table&quot;}\">Makaral\u0131 Masa<\/td>\n<td data-sheets-value=\"{&quot;1&quot;:2,&quot;2&quot;:&quot;* Auto Stacker (Optional)&quot;}\">* Otomatik \u0130stifleyici (Opsiyonel)<\/td>\n<\/tr>\n<tr>\n<td data-sheets-value=\"{&quot;1&quot;:2,&quot;2&quot;:&quot;Frequency Changer Brand&quot;}\">Frekans De\u011fi\u015ftirici Marka<\/td>\n<td data-sheets-value=\"{&quot;1&quot;:2,&quot;2&quot;:&quot;Yaskawa&quot;}\">Yaskawa<\/td>\n<td data-sheets-value=\"{&quot;1&quot;:2,&quot;2&quot;:&quot;* Siemens (Optional)&quot;}\">* Siemens (Opsiyonel)<\/td>\n<\/tr>\n<tr>\n<td data-sheets-value=\"{&quot;1&quot;:2,&quot;2&quot;:&quot;Power Supply&quot;}\">G\u00fc\u00e7 Kayna\u011f\u0131<\/td>\n<td data-sheets-value=\"{&quot;1&quot;:2,&quot;2&quot;:&quot;380V 50Hz 3ph&quot;}\">380V 50Hz 3ph<\/td>\n<td data-sheets-value=\"{&quot;1&quot;:2,&quot;2&quot;:&quot;* Or According To Your Requirment&quot;}\">* Veya \u0130htiyac\u0131n\u0131za G\u00f6re<\/td>\n<\/tr>\n<tr>\n<td data-sheets-value=\"{&quot;1&quot;:2,&quot;2&quot;:&quot;Machine Color&quot;}\">Makine Rengi<\/td>\n<td data-sheets-value=\"{&quot;1&quot;:2,&quot;2&quot;:&quot;Industrial Blue&quot;}\">End\u00fcstriyel Mavi<\/td>\n<td data-sheets-value=\"{&quot;1&quot;:2,&quot;2&quot;:&quot;* Or According To Your Requirment&quot;}\">* Veya \u0130htiyac\u0131n\u0131za G\u00f6re<\/td>\n<\/tr>\n<\/tbody>\n<\/table>\n<\/div>\n<h3>Uygulama<\/h3>\n<p><img loading=\"lazy\" decoding=\"async\" class=\"alignnone size-full wp-image-3330\" src=\"https:\/\/swforming.com\/wp-content\/uploads\/2023\/06\/20230627165326.png\" alt=\"\" width=\"750\" height=\"453\" title=\"\" srcset=\"https:\/\/swforming.com\/wp-content\/uploads\/2023\/06\/20230627165326.png 750w, https:\/\/swforming.com\/wp-content\/uploads\/2023\/06\/20230627165326-600x362.png 600w, https:\/\/swforming.com\/wp-content\/uploads\/2023\/06\/20230627165326-300x181.png 300w, https:\/\/swforming.com\/wp-content\/uploads\/2023\/06\/20230627165326-18x12.png 18w\" sizes=\"(max-width: 750px) 100vw, 750px\" \/><\/p>","protected":false},"excerpt":{"rendered":"<p>S\u0131rt kapa\u011f\u0131 rulo \u015fekillendirme makinesi esas olarak her zaman \u00e7at\u0131 kiremit panelleri ile \u00e7al\u0131\u015fan s\u0131rt kapa\u011f\u0131 \u00fcretmek i\u00e7in kullan\u0131l\u0131r. Normalde panel kal\u0131nl\u0131\u011f\u0131 normal galvanizli \u00e7elik veya renkli bobin ile 0.3-0.8mm'dir.<\/p>\n<p>\u00c7at\u0131 kaplama sistemi rulo \u015fekillendirme makinesi \u00e7ok \u00e7e\u015fitli metal sac profillere sahiptir. Trapez panel, oluklu panel, kiremit, s\u0131rl\u0131 kiremit, metal g\u00fcverte, duvar paneli, dikme diki\u015f, K a\u00e7\u0131kl\u0131k ve mahya kapa\u011f\u0131 i\u00e7erir. \u00dcr\u00fcnleri, at\u00f6lye in\u015faat\u0131 ve konut yap\u0131m\u0131nda \u00e7at\u0131 ve duvar sisteminde yayg\u0131n olarak kullan\u0131lmaktad\u0131r.<\/p>","protected":false},"featured_media":3324,"comment_status":"closed","ping_status":"closed","template":"","meta":{"_acf_changed":false},"product_brand":[],"product_cat":[45,83],"product_tag":[],"class_list":{"0":"post-3318","1":"product","2":"type-product","3":"status-publish","4":"has-post-thumbnail","6":"product_cat-metal-wall-roofing","7":"product_cat-ridge-cap-roll-forming-machine","9":"first","10":"instock","11":"shipping-taxable","12":"product-type-simple"},"acf":[],"_links":{"self":[{"href":"https:\/\/swforming.com\/tr\/wp-json\/wp\/v2\/product\/3318","targetHints":{"allow":["GET"]}}],"collection":[{"href":"https:\/\/swforming.com\/tr\/wp-json\/wp\/v2\/product"}],"about":[{"href":"https:\/\/swforming.com\/tr\/wp-json\/wp\/v2\/types\/product"}],"replies":[{"embeddable":true,"href":"https:\/\/swforming.com\/tr\/wp-json\/wp\/v2\/comments?post=3318"}],"version-history":[{"count":3,"href":"https:\/\/swforming.com\/tr\/wp-json\/wp\/v2\/product\/3318\/revisions"}],"predecessor-version":[{"id":3744,"href":"https:\/\/swforming.com\/tr\/wp-json\/wp\/v2\/product\/3318\/revisions\/3744"}],"wp:featuredmedia":[{"embeddable":true,"href":"https:\/\/swforming.com\/tr\/wp-json\/wp\/v2\/media\/3324"}],"wp:attachment":[{"href":"https:\/\/swforming.com\/tr\/wp-json\/wp\/v2\/media?parent=3318"}],"wp:term":[{"taxonomy":"product_brand","embeddable":true,"href":"https:\/\/swforming.com\/tr\/wp-json\/wp\/v2\/product_brand?post=3318"},{"taxonomy":"product_cat","embeddable":true,"href":"https:\/\/swforming.com\/tr\/wp-json\/wp\/v2\/product_cat?post=3318"},{"taxonomy":"product_tag","embeddable":true,"href":"https:\/\/swforming.com\/tr\/wp-json\/wp\/v2\/product_tag?post=3318"}],"curies":[{"name":"wp","href":"https:\/\/api.w.org\/{rel}","templated":true}]}}