{"id":3279,"date":"2023-06-20T10:10:32","date_gmt":"2023-06-20T10:10:32","guid":{"rendered":"https:\/\/swforming.com\/?post_type=product&#038;p=3279"},"modified":"2023-08-02T02:43:16","modified_gmt":"2023-08-02T02:43:16","slug":"double-layer-panel-roll-forming-machine","status":"publish","type":"product","link":"https:\/\/swforming.com\/tr\/product\/double-layer-panel-roll-forming-machine\/","title":{"rendered":"\u00c7ift Katmanl\u0131 Panel Rulo \u015eekillendirme Makinesi"},"content":{"rendered":"<p><img fetchpriority=\"high\" decoding=\"async\" class=\"alignnone wp-image-3286 size-full\" src=\"https:\/\/swforming.com\/wp-content\/uploads\/2023\/06\/Hc5801928dd204f6686688cb351d60656n.jpg\" alt=\"\u00c7ift Katmanl\u0131 Panel Rulo \u015eekillendirme Makinesi\" width=\"750\" height=\"1034\" title=\"\" srcset=\"https:\/\/swforming.com\/wp-content\/uploads\/2023\/06\/Hc5801928dd204f6686688cb351d60656n.jpg 750w, https:\/\/swforming.com\/wp-content\/uploads\/2023\/06\/Hc5801928dd204f6686688cb351d60656n-600x827.jpg 600w, https:\/\/swforming.com\/wp-content\/uploads\/2023\/06\/Hc5801928dd204f6686688cb351d60656n-218x300.jpg 218w, https:\/\/swforming.com\/wp-content\/uploads\/2023\/06\/Hc5801928dd204f6686688cb351d60656n-743x1024.jpg 743w, https:\/\/swforming.com\/wp-content\/uploads\/2023\/06\/Hc5801928dd204f6686688cb351d60656n-9x12.jpg 9w\" sizes=\"(max-width: 750px) 100vw, 750px\" \/><\/p>\n<p><span data-spm-anchor-id=\"a2700.details.0.i43.60063aa4vfTGZO\"> \u00c7ift katmanl\u0131 rulo \u015fekillendirme makinesi esas olarak iki katman\u0131 olan ve iki farkl\u0131 \u00e7at\u0131 \/ duvar profili \u00fcreten \u00e7at\u0131 panelleri \u00fcretmek i\u00e7in kullan\u0131l\u0131r. Normalde panel kal\u0131nl\u0131\u011f\u0131 normal galvanizli \u00e7elik veya renkli bobin ile 0.3-0.8mm'dir.<\/span><\/p>\n<p>\u00c7at\u0131 kaplama sistemi rulo \u015fekillendirme makinesi \u00e7ok \u00e7e\u015fitli metal sac profillere sahiptir. Trapez panel, oluklu panel, kiremit, s\u0131rl\u0131 kiremit, metal g\u00fcverte, duvar paneli, dikme diki\u015f, K a\u00e7\u0131kl\u0131k ve mahya kapa\u011f\u0131 i\u00e7erir. \u00dcr\u00fcnleri, at\u00f6lye in\u015faat\u0131 ve konut yap\u0131m\u0131nda \u00e7at\u0131 ve duvar sisteminde yayg\u0131n olarak kullan\u0131lmaktad\u0131r.<\/p>\n<div>\u0130n\u015faat Sekt\u00f6r\u00fcnde, ana kanal rulo \u015fekillendirme makinesi, a\u015f\u0131k rulo \u015fekillendirme makinesi, al\u00e7\u0131pan rulo \u015fekillendirme makinesi, saplama rulo \u015fekillendirme makinesi, palet rulo \u015fekillendirme makinesi, silindir \u015fapka rulo \u015fekillendirme makinesi, klips rulo \u015fekillendirme makinesi, metal g\u00fcverte (zemin g\u00fcverte) rulo \u015fekillendirme makinesi, \u00e7at\u0131 \/ duvar paneli rulo \u015fekillendirme makinesi, kiremit rulo \u015fekillendirme makinesi, oluklu rulo \u015fekillendirme makinesi, mahya kapa\u011f\u0131 rulo \u015fekillendirme makinesi, ini\u015f borusu rulo \u015fekillendirme makinesi vb. gibi daha fazla makine \u00fcretebiliyoruz.<\/div>\n<div>M\u00fc\u015fterilerin \u00e7izimlerine, toleranslar\u0131na ve b\u00fct\u00e7elerine g\u00f6re farkl\u0131 \u00e7\u00f6z\u00fcmler \u00fcretiyor, t\u00fcm gereksinimlerinize uyarlanabilen profesyonel bire bir hizmet sunuyoruz. Hangi hatt\u0131 se\u00e7erseniz se\u00e7in, SUNWAY Machinery'nin kalitesi m\u00fckemmel i\u015flevsel profiller elde etmenizi sa\u011flayacakt\u0131r.<\/div>\n<h3>Profil \u00c7izimleri<\/h3>\n<p><img decoding=\"async\" class=\"alignnone size-full wp-image-3289\" src=\"https:\/\/swforming.com\/wp-content\/uploads\/2023\/06\/20230620180554.png\" alt=\"\" width=\"750\" height=\"183\" title=\"\" srcset=\"https:\/\/swforming.com\/wp-content\/uploads\/2023\/06\/20230620180554.png 750w, https:\/\/swforming.com\/wp-content\/uploads\/2023\/06\/20230620180554-600x146.png 600w, https:\/\/swforming.com\/wp-content\/uploads\/2023\/06\/20230620180554-300x73.png 300w, https:\/\/swforming.com\/wp-content\/uploads\/2023\/06\/20230620180554-18x4.png 18w\" sizes=\"(max-width: 750px) 100vw, 750px\" \/><\/p>\n<p><img decoding=\"async\" class=\"alignnone size-full wp-image-3287\" src=\"https:\/\/swforming.com\/wp-content\/uploads\/2023\/06\/H0876838e8e9941049b40d7095f908b665-scaled.jpg\" alt=\"\" width=\"1711\" height=\"2560\" title=\"\" srcset=\"https:\/\/swforming.com\/wp-content\/uploads\/2023\/06\/H0876838e8e9941049b40d7095f908b665-scaled.jpg 1711w, https:\/\/swforming.com\/wp-content\/uploads\/2023\/06\/H0876838e8e9941049b40d7095f908b665-scaled-600x898.jpg 600w, https:\/\/swforming.com\/wp-content\/uploads\/2023\/06\/H0876838e8e9941049b40d7095f908b665-201x300.jpg 201w, https:\/\/swforming.com\/wp-content\/uploads\/2023\/06\/H0876838e8e9941049b40d7095f908b665-684x1024.jpg 684w, https:\/\/swforming.com\/wp-content\/uploads\/2023\/06\/H0876838e8e9941049b40d7095f908b665-768x1149.jpg 768w, https:\/\/swforming.com\/wp-content\/uploads\/2023\/06\/H0876838e8e9941049b40d7095f908b665-1027x1536.jpg 1027w, https:\/\/swforming.com\/wp-content\/uploads\/2023\/06\/H0876838e8e9941049b40d7095f908b665-1369x2048.jpg 1369w, https:\/\/swforming.com\/wp-content\/uploads\/2023\/06\/H0876838e8e9941049b40d7095f908b665-8x12.jpg 8w\" sizes=\"(max-width: 1711px) 100vw, 1711px\" \/><\/p>\n<h3>\u00dcretim Hatt\u0131<\/h3>\n<p><img loading=\"lazy\" decoding=\"async\" class=\"alignnone size-full wp-image-3288\" src=\"https:\/\/swforming.com\/wp-content\/uploads\/2023\/06\/H5adf1e35c1a14b90af88784396ea095fb.jpg\" alt=\"\" width=\"1748\" height=\"588\" title=\"\" srcset=\"https:\/\/swforming.com\/wp-content\/uploads\/2023\/06\/H5adf1e35c1a14b90af88784396ea095fb.jpg 1748w, https:\/\/swforming.com\/wp-content\/uploads\/2023\/06\/H5adf1e35c1a14b90af88784396ea095fb-600x202.jpg 600w, https:\/\/swforming.com\/wp-content\/uploads\/2023\/06\/H5adf1e35c1a14b90af88784396ea095fb-300x101.jpg 300w, https:\/\/swforming.com\/wp-content\/uploads\/2023\/06\/H5adf1e35c1a14b90af88784396ea095fb-1024x344.jpg 1024w, https:\/\/swforming.com\/wp-content\/uploads\/2023\/06\/H5adf1e35c1a14b90af88784396ea095fb-768x258.jpg 768w, https:\/\/swforming.com\/wp-content\/uploads\/2023\/06\/H5adf1e35c1a14b90af88784396ea095fb-1536x517.jpg 1536w, https:\/\/swforming.com\/wp-content\/uploads\/2023\/06\/H5adf1e35c1a14b90af88784396ea095fb-18x6.jpg 18w\" sizes=\"(max-width: 1748px) 100vw, 1748px\" \/><\/p>\n<h3>\u00dcr\u00fcn Detaylar\u0131<\/h3>\n<div><img loading=\"lazy\" decoding=\"async\" class=\"alignnone size-full wp-image-3290\" src=\"https:\/\/swforming.com\/wp-content\/uploads\/2023\/06\/20230620180725.png\" alt=\"\" width=\"746\" height=\"954\" title=\"\" srcset=\"https:\/\/swforming.com\/wp-content\/uploads\/2023\/06\/20230620180725.png 746w, https:\/\/swforming.com\/wp-content\/uploads\/2023\/06\/20230620180725-600x767.png 600w, https:\/\/swforming.com\/wp-content\/uploads\/2023\/06\/20230620180725-235x300.png 235w, https:\/\/swforming.com\/wp-content\/uploads\/2023\/06\/20230620180725-9x12.png 9w\" sizes=\"(max-width: 746px) 100vw, 746px\" \/><\/div>\n<h3>\u00dcr\u00fcn Parametreleri<\/h3>\n<div class=\"J_module\">\n<div class=\"ife-detail-decorate-table\">\n<table class=\"all magic-23\">\n<tbody>\n<tr>\n<td colspan=\"3\" rowspan=\"1\">\n<div class=\"magic-24\">\n<div class=\"magic-19\" data-spm-anchor-id=\"a2700.custom-template.0.i23.43973333TZKcM3\"><span class=\"magic-20\"><b data-spm-anchor-id=\"a2700.custom-template.0.i11.33513333YQUFFP\">\u00c7ift Katmanl\u0131 Panel Rulo \u015eekillendirme Makinesi<\/b><\/span><\/div>\n<\/div>\n<\/td>\n<\/tr>\n<tr>\n<td colspan=\"1\" rowspan=\"2\">\n<div class=\"magic-28\">\n<div data-spm-anchor-id=\"a2700.custom-template.0.i53.43973333TZKcM3\"><span class=\"magic-29\">\u0130\u015flenebilir Malzeme<\/span><\/div>\n<\/div>\n<\/td>\n<td colspan=\"1\" rowspan=\"1\">\n<div class=\"magic-30\"><span class=\"magic-29\">A) Galvanizli Bobin<\/span><\/div>\n<\/td>\n<td class=\"magic-31\" colspan=\"1\" rowspan=\"2\">\n<div class=\"magic-32\">\n<div data-spm-anchor-id=\"a2700.custom-template.0.i19.24543333jNWSPT\">Kal\u0131nl\u0131k (MM): \u0130htiyac\u0131n\u0131za G\u00f6re 0.3-0.8<\/div>\n<\/div>\n<\/td>\n<\/tr>\n<tr>\n<td colspan=\"1\" rowspan=\"1\">\n<div class=\"magic-34\"><span class=\"magic-29\">B) PPGI, PPGL<\/span><\/div>\n<\/td>\n<\/tr>\n<tr>\n<td colspan=\"1\" rowspan=\"1\">\n<div class=\"magic-33\">Akma Dayan\u0131m\u0131<\/div>\n<\/td>\n<td colspan=\"2\" rowspan=\"1\">\n<div class=\"magic-35\">250 - 350 Mpa \/ 350-550Mpa<\/div>\n<\/td>\n<\/tr>\n<tr>\n<td colspan=\"1\" rowspan=\"1\">\n<div class=\"magic-36\">Tensil Stres<\/div>\n<\/td>\n<td colspan=\"2\" rowspan=\"1\">\n<div class=\"magic-35\">\n<div class=\"magic-37\" data-spm-anchor-id=\"a2700.custom-template.0.i221.43973333TZKcM3\">350 Mpa-550 Mpa<\/div>\n<\/div>\n<\/td>\n<\/tr>\n<tr>\n<td colspan=\"1\" rowspan=\"1\">\n<div class=\"magic-36\">Bobin Geni\u015fli\u011fi<\/div>\n<\/td>\n<td colspan=\"2\" rowspan=\"1\">\n<div class=\"magic-39\">914mm, 1000mm, 1200mm, 1220mm, 1250mm vb.<\/div>\n<\/td>\n<\/tr>\n<tr>\n<td colspan=\"1\" rowspan=\"1\">\n<div class=\"magic-36\">\u015eekillendirme H\u0131z\u0131<\/div>\n<\/td>\n<td colspan=\"1\" rowspan=\"1\">\n<div class=\"magic-40\">6-10 (m\/dak)<\/div>\n<\/td>\n<td colspan=\"1\" rowspan=\"1\">\n<div class=\"magic-41\">* Veya \u0130htiyac\u0131n\u0131za G\u00f6re<\/div>\n<\/td>\n<\/tr>\n<tr>\n<td colspan=\"1\" rowspan=\"1\">\n<div class=\"magic-42\"><\/div>\n<\/td>\n<td colspan=\"1\" rowspan=\"1\">\n<div class=\"magic-43\"><\/div>\n<\/td>\n<td colspan=\"1\" rowspan=\"1\">\n<div class=\"magic-44\"><\/div>\n<\/td>\n<\/tr>\n<tr>\n<td colspan=\"1\" rowspan=\"1\">\n<div class=\"magic-45\">\u015eekillendirme \u0130stasyonu<\/div>\n<\/td>\n<td colspan=\"1\" rowspan=\"1\">\n<div class=\"magic-40\">\u0130ki Katmanl\u0131<br \/>\nHer Katman i\u00e7in 16-20 \u0130stasyon<\/div>\n<\/td>\n<td colspan=\"1\" rowspan=\"1\">\n<div class=\"magic-41\">* Profil \u00c7izimlerinize G\u00f6re<\/div>\n<\/td>\n<\/tr>\n<tr>\n<td colspan=\"1\" rowspan=\"1\">\n<div class=\"magic-45\">Decoiler<\/div>\n<\/td>\n<td colspan=\"1\" rowspan=\"1\">\n<div class=\"magic-46\">Manuel A\u00e7\u0131c\u0131<\/div>\n<\/td>\n<td colspan=\"1\" rowspan=\"1\">\n<div class=\"magic-41\">\u00a0* Hidrolik A\u00e7\u0131c\u0131 (Opsiyonel)<\/div>\n<\/td>\n<\/tr>\n<tr>\n<td colspan=\"1\" rowspan=\"1\">\n<div class=\"magic-36\">S\u00fcr\u00fc\u015f Sistemi<\/div>\n<\/td>\n<td colspan=\"1\" rowspan=\"1\">\n<div class=\"magic-46\">Zincir Tahrik<\/div>\n<\/td>\n<td colspan=\"1\" rowspan=\"1\">\n<div class=\"magic-41\">* \u015eanz\u0131man Tahriki (Opsiyonel)<\/div>\n<\/td>\n<\/tr>\n<tr>\n<td colspan=\"1\" rowspan=\"1\">\n<div class=\"magic-45\">Makine Yap\u0131s\u0131<\/div>\n<\/td>\n<td colspan=\"1\" rowspan=\"1\">\n<div class=\"magic-47\">Kaynakl\u0131 \u00c7elik Levhalar<\/div>\n<\/td>\n<td colspan=\"1\" rowspan=\"1\">\n<div class=\"magic-41\">* Bireysel \u0130stasyon (\u0130ste\u011fe Ba\u011fl\u0131)<\/div>\n<\/td>\n<\/tr>\n<tr>\n<td colspan=\"1\" rowspan=\"1\">\n<div class=\"magic-45\">Silindir Malzemesi<\/div>\n<\/td>\n<td colspan=\"2\" rowspan=\"1\">\n<div class=\"magic-39\">45#<\/div>\n<\/td>\n<\/tr>\n<tr>\n<td colspan=\"1\" rowspan=\"1\">\n<div class=\"magic-45\">Kesim Sistemi<\/div>\n<\/td>\n<td colspan=\"1\" rowspan=\"1\">\n<div class=\"magic-47\">Hidrolik Direk Kesme<\/div>\n<\/td>\n<td colspan=\"1\" rowspan=\"1\">\n<div class=\"magic-41\">* Hidrolik Servo Takip Kesici (Opsiyonel)<\/div>\n<\/td>\n<\/tr>\n<tr>\n<td colspan=\"1\" rowspan=\"1\">\n<div class=\"magic-33\">\u00c7\u0131k\u0131\u015f Yolu<\/div>\n<\/td>\n<td colspan=\"1\" rowspan=\"1\">\n<div class=\"magic-48\">Makaral\u0131 Masa<\/div>\n<\/td>\n<td colspan=\"1\" rowspan=\"1\">\n<div class=\"magic-41\">* Otomatik \u0130stifleyici (Opsiyonel)<\/div>\n<\/td>\n<\/tr>\n<tr>\n<td colspan=\"1\" rowspan=\"1\">\n<div class=\"magic-45\">Frekans De\u011fi\u015ftirici Marka<\/div>\n<\/td>\n<td colspan=\"1\" rowspan=\"1\">\n<div class=\"magic-49\">Yaskawa<\/div>\n<\/td>\n<td colspan=\"1\" rowspan=\"1\">\n<div class=\"magic-41\">* Siemens (Opsiyonel)<\/div>\n<\/td>\n<\/tr>\n<tr>\n<td colspan=\"1\" rowspan=\"1\">\n<div class=\"magic-45\">G\u00fc\u00e7 Kayna\u011f\u0131<\/div>\n<\/td>\n<td colspan=\"1\" rowspan=\"1\">\n<div class=\"magic-47\">380V 50Hz 3ph<\/div>\n<\/td>\n<td colspan=\"1\" rowspan=\"1\">\n<div class=\"magic-41\">* Veya \u0130htiyac\u0131n\u0131za G\u00f6re<\/div>\n<\/td>\n<\/tr>\n<tr>\n<td colspan=\"1\" rowspan=\"1\">\n<div class=\"magic-45\">Makine Rengi<\/div>\n<\/td>\n<td colspan=\"1\" rowspan=\"1\">\n<div class=\"magic-47\">End\u00fcstriyel Mavi<\/div>\n<\/td>\n<td colspan=\"1\" rowspan=\"1\">\n<div class=\"magic-41\">* Veya \u0130htiyac\u0131n\u0131za G\u00f6re<\/div>\n<\/td>\n<\/tr>\n<\/tbody>\n<\/table>\n<\/div>\n<\/div>\n<div class=\"J_module\">\n<h3 id=\"ali-anchor-AliMagic-13nd4l\" class=\"magic-0\" data-section=\"AliMagic-13nd4l\" data-section-title=\"Application\">Uygulama<\/h3>\n<p><img loading=\"lazy\" decoding=\"async\" class=\"alignnone size-full wp-image-3291\" src=\"https:\/\/swforming.com\/wp-content\/uploads\/2023\/06\/20230620180900.png\" alt=\"\" width=\"751\" height=\"456\" title=\"\" srcset=\"https:\/\/swforming.com\/wp-content\/uploads\/2023\/06\/20230620180900.png 751w, https:\/\/swforming.com\/wp-content\/uploads\/2023\/06\/20230620180900-600x364.png 600w, https:\/\/swforming.com\/wp-content\/uploads\/2023\/06\/20230620180900-300x182.png 300w, https:\/\/swforming.com\/wp-content\/uploads\/2023\/06\/20230620180900-18x12.png 18w\" sizes=\"(max-width: 751px) 100vw, 751px\" \/><\/p>\n<p>&nbsp;<\/p>\n<\/div>","protected":false},"excerpt":{"rendered":"<p><span data-spm-anchor-id=\"a2700.details.0.i43.60063aa4vfTGZO\">\u00c7ift katmanl\u0131 rulo \u015fekillendirme makinesi esas olarak iki katman\u0131 olan ve iki farkl\u0131 \u00e7at\u0131 \/ duvar profili \u00fcreten \u00e7at\u0131 panelleri \u00fcretmek i\u00e7in kullan\u0131l\u0131r. Normalde panel kal\u0131nl\u0131\u011f\u0131 normal galvanizli \u00e7elik veya renkli bobin ile 0.3-0.8mm'dir.<\/span><\/p>","protected":false},"featured_media":3280,"comment_status":"closed","ping_status":"closed","template":"","meta":{"_acf_changed":false},"product_brand":[],"product_cat":[45,84],"product_tag":[],"class_list":{"0":"post-3279","1":"product","2":"type-product","3":"status-publish","4":"has-post-thumbnail","6":"product_cat-metal-wall-roofing","7":"product_cat-double-layer-panel-roll-forming-machine","9":"first","10":"instock","11":"shipping-taxable","12":"product-type-simple"},"acf":[],"_links":{"self":[{"href":"https:\/\/swforming.com\/tr\/wp-json\/wp\/v2\/product\/3279","targetHints":{"allow":["GET"]}}],"collection":[{"href":"https:\/\/swforming.com\/tr\/wp-json\/wp\/v2\/product"}],"about":[{"href":"https:\/\/swforming.com\/tr\/wp-json\/wp\/v2\/types\/product"}],"replies":[{"embeddable":true,"href":"https:\/\/swforming.com\/tr\/wp-json\/wp\/v2\/comments?post=3279"}],"version-history":[{"count":2,"href":"https:\/\/swforming.com\/tr\/wp-json\/wp\/v2\/product\/3279\/revisions"}],"predecessor-version":[{"id":3745,"href":"https:\/\/swforming.com\/tr\/wp-json\/wp\/v2\/product\/3279\/revisions\/3745"}],"wp:featuredmedia":[{"embeddable":true,"href":"https:\/\/swforming.com\/tr\/wp-json\/wp\/v2\/media\/3280"}],"wp:attachment":[{"href":"https:\/\/swforming.com\/tr\/wp-json\/wp\/v2\/media?parent=3279"}],"wp:term":[{"taxonomy":"product_brand","embeddable":true,"href":"https:\/\/swforming.com\/tr\/wp-json\/wp\/v2\/product_brand?post=3279"},{"taxonomy":"product_cat","embeddable":true,"href":"https:\/\/swforming.com\/tr\/wp-json\/wp\/v2\/product_cat?post=3279"},{"taxonomy":"product_tag","embeddable":true,"href":"https:\/\/swforming.com\/tr\/wp-json\/wp\/v2\/product_tag?post=3279"}],"curies":[{"name":"wp","href":"https:\/\/api.w.org\/{rel}","templated":true}]}}