{"id":3148,"date":"2023-04-17T07:59:48","date_gmt":"2023-04-17T07:59:48","guid":{"rendered":"https:\/\/swforming.com\/?post_type=product&#038;p=3148"},"modified":"2023-08-02T02:44:44","modified_gmt":"2023-08-02T02:44:44","slug":"roof-tile-panel-roll-forming-machine","status":"publish","type":"product","link":"https:\/\/swforming.com\/tr\/product\/roof-tile-panel-roll-forming-machine\/","title":{"rendered":"\u00c7at\u0131 Kiremit Panel Rulo \u015eekillendirme Makinesi"},"content":{"rendered":"<p><img fetchpriority=\"high\" decoding=\"async\" class=\"alignnone wp-image-3155 size-full\" src=\"https:\/\/swforming.com\/wp-content\/uploads\/2023\/04\/H191556a8fe9f431ea06abb04b43d9f25G.webp\" alt=\"\u00c7at\u0131 Kiremit Panel Rulo \u015eekillendirme Makinesi\" width=\"750\" height=\"925\" title=\"\" srcset=\"https:\/\/swforming.com\/wp-content\/uploads\/2023\/04\/H191556a8fe9f431ea06abb04b43d9f25G.webp 750w, https:\/\/swforming.com\/wp-content\/uploads\/2023\/04\/H191556a8fe9f431ea06abb04b43d9f25G-600x740.webp 600w, https:\/\/swforming.com\/wp-content\/uploads\/2023\/04\/H191556a8fe9f431ea06abb04b43d9f25G-243x300.webp 243w, https:\/\/swforming.com\/wp-content\/uploads\/2023\/04\/H191556a8fe9f431ea06abb04b43d9f25G-10x12.webp 10w\" sizes=\"(max-width: 750px) 100vw, 750px\" \/><\/p>\n<p>\u00c7at\u0131 kiremit paneli rulo \u015fekillendirme makinesi esas olarak \u00e7at\u0131 kiremit panelleri \u00fcretmek i\u00e7in kullan\u0131l\u0131r. Normalde panel kal\u0131nl\u0131\u011f\u0131 normal galvanizli \u00e7elik veya renkli bobin ile 0.3-0.8mm'dir.<\/p>\n<p>\u00c7at\u0131 kaplama sistemi rulo \u015fekillendirme makinesi \u00e7ok \u00e7e\u015fitli metal sac profillere sahiptir. Trapez panel, oluklu panel, kiremit, s\u0131rl\u0131 kiremit, metal g\u00fcverte, duvar paneli, dikme diki\u015f, K a\u00e7\u0131kl\u0131k ve mahya kapa\u011f\u0131 i\u00e7erir. \u00dcr\u00fcnleri, at\u00f6lye in\u015faat\u0131 ve konut yap\u0131m\u0131nda \u00e7at\u0131 ve duvar sisteminde yayg\u0131n olarak kullan\u0131lmaktad\u0131r.<\/p>\n<p>\u0130n\u015faat Sekt\u00f6r\u00fcnde, ana kanal rulo \u015fekillendirme makinesi, a\u015f\u0131k rulo \u015fekillendirme makinesi, al\u00e7\u0131pan rulo \u015fekillendirme makinesi, saplama rulo \u015fekillendirme makinesi, palet rulo \u015fekillendirme makinesi, silindir \u015fapka rulo \u015fekillendirme makinesi, klips rulo \u015fekillendirme makinesi, metal g\u00fcverte (zemin g\u00fcverte) rulo \u015fekillendirme makinesi, \u00e7at\u0131 \/ duvar paneli rulo \u015fekillendirme makinesi, kiremit rulo \u015fekillendirme makinesi, oluklu rulo \u015fekillendirme makinesi, mahya kapa\u011f\u0131 rulo \u015fekillendirme makinesi, ini\u015f borusu rulo \u015fekillendirme makinesi vb. gibi daha fazla makine \u00fcretebiliyoruz.<\/p>\n<p>M\u00fc\u015fterilerin \u00e7izimlerine, toleranslar\u0131na ve b\u00fct\u00e7elerine g\u00f6re farkl\u0131 \u00e7\u00f6z\u00fcmler \u00fcretiyor, t\u00fcm gereksinimlerinize uyarlanabilen profesyonel bire bir hizmet sunuyoruz. Hangi hatt\u0131 se\u00e7erseniz se\u00e7in, SUNWAY Machinery'nin kalitesi m\u00fckemmel i\u015flevsel profiller elde etmenizi sa\u011flayacakt\u0131r.<\/p>\n<h3>Profil \u00c7izimleri<\/h3>\n<p><img decoding=\"async\" class=\"alignnone size-full wp-image-3156\" src=\"https:\/\/swforming.com\/wp-content\/uploads\/2023\/04\/H296c68f511e74c74ba67297b7b18440c5-scaled.webp\" alt=\"\" width=\"1497\" height=\"2560\" title=\"\" srcset=\"https:\/\/swforming.com\/wp-content\/uploads\/2023\/04\/H296c68f511e74c74ba67297b7b18440c5-scaled.webp 1497w, https:\/\/swforming.com\/wp-content\/uploads\/2023\/04\/H296c68f511e74c74ba67297b7b18440c5-scaled-600x1026.webp 600w, https:\/\/swforming.com\/wp-content\/uploads\/2023\/04\/H296c68f511e74c74ba67297b7b18440c5-175x300.webp 175w, https:\/\/swforming.com\/wp-content\/uploads\/2023\/04\/H296c68f511e74c74ba67297b7b18440c5-599x1024.webp 599w, https:\/\/swforming.com\/wp-content\/uploads\/2023\/04\/H296c68f511e74c74ba67297b7b18440c5-768x1314.webp 768w, https:\/\/swforming.com\/wp-content\/uploads\/2023\/04\/H296c68f511e74c74ba67297b7b18440c5-898x1536.webp 898w, https:\/\/swforming.com\/wp-content\/uploads\/2023\/04\/H296c68f511e74c74ba67297b7b18440c5-1197x2048.webp 1197w, https:\/\/swforming.com\/wp-content\/uploads\/2023\/04\/H296c68f511e74c74ba67297b7b18440c5-7x12.webp 7w\" sizes=\"(max-width: 1497px) 100vw, 1497px\" \/><\/p>\n<h3>\u00dcretim Hatt\u0131<\/h3>\n<p><img decoding=\"async\" class=\"alignnone size-full wp-image-3157\" src=\"https:\/\/swforming.com\/wp-content\/uploads\/2023\/04\/H9dd89e09911a41de9ca9e14b5c98b780A.webp\" alt=\"\" width=\"1748\" height=\"838\" title=\"\" srcset=\"https:\/\/swforming.com\/wp-content\/uploads\/2023\/04\/H9dd89e09911a41de9ca9e14b5c98b780A.webp 1748w, https:\/\/swforming.com\/wp-content\/uploads\/2023\/04\/H9dd89e09911a41de9ca9e14b5c98b780A-600x288.webp 600w, https:\/\/swforming.com\/wp-content\/uploads\/2023\/04\/H9dd89e09911a41de9ca9e14b5c98b780A-300x144.webp 300w, https:\/\/swforming.com\/wp-content\/uploads\/2023\/04\/H9dd89e09911a41de9ca9e14b5c98b780A-1024x491.webp 1024w, https:\/\/swforming.com\/wp-content\/uploads\/2023\/04\/H9dd89e09911a41de9ca9e14b5c98b780A-768x368.webp 768w, https:\/\/swforming.com\/wp-content\/uploads\/2023\/04\/H9dd89e09911a41de9ca9e14b5c98b780A-1536x736.webp 1536w, https:\/\/swforming.com\/wp-content\/uploads\/2023\/04\/H9dd89e09911a41de9ca9e14b5c98b780A-18x9.webp 18w\" sizes=\"(max-width: 1748px) 100vw, 1748px\" \/><\/p>\n<h3>\u00dcr\u00fcn Detaylar\u0131<\/h3>\n<p><img loading=\"lazy\" decoding=\"async\" class=\"alignnone size-full wp-image-3158\" src=\"https:\/\/swforming.com\/wp-content\/uploads\/2023\/04\/20230417154803.png\" alt=\"\" width=\"933\" height=\"1171\" title=\"\" srcset=\"https:\/\/swforming.com\/wp-content\/uploads\/2023\/04\/20230417154803.png 933w, https:\/\/swforming.com\/wp-content\/uploads\/2023\/04\/20230417154803-600x753.png 600w, https:\/\/swforming.com\/wp-content\/uploads\/2023\/04\/20230417154803-239x300.png 239w, https:\/\/swforming.com\/wp-content\/uploads\/2023\/04\/20230417154803-816x1024.png 816w, https:\/\/swforming.com\/wp-content\/uploads\/2023\/04\/20230417154803-768x964.png 768w, https:\/\/swforming.com\/wp-content\/uploads\/2023\/04\/20230417154803-10x12.png 10w\" sizes=\"(max-width: 933px) 100vw, 933px\" \/><\/p>\n<h3>\u00dcr\u00fcn Parametreleri<\/h3>\n<div style=\"overflow-x: auto;\">\n<table>\n<tbody>\n<tr>\n<td style=\"text-align: center;\" colspan=\"3\" rowspan=\"1\" data-sheets-value=\"{&quot;1&quot;:2,&quot;2&quot;:&quot;Roof Tile Panel Roll Forming Machine&quot;}\"><strong>\u00c7at\u0131 Kiremit Panel Rulo \u015eekillendirme Makinesi<\/strong><\/td>\n<\/tr>\n<tr>\n<td colspan=\"1\" rowspan=\"2\" data-sheets-value=\"{&quot;1&quot;:2,&quot;2&quot;:&quot;Machinable Material&quot;}\">\n<div>\u0130\u015flenebilir Malzeme<\/div>\n<\/td>\n<td data-sheets-value=\"{&quot;1&quot;:2,&quot;2&quot;:&quot;A) Galvanized Coil&quot;}\">A) Galvanizli Bobin<\/td>\n<td colspan=\"1\" rowspan=\"2\" data-sheets-value=\"{&quot;1&quot;:2,&quot;2&quot;:&quot;Thickness(MM): 0.3-0.8 According To Your Requirment&quot;}\">\n<div>Kal\u0131nl\u0131k (MM): \u0130htiyac\u0131n\u0131za G\u00f6re 0.3-0.8<\/div>\n<\/td>\n<\/tr>\n<tr>\n<td data-sheets-value=\"{&quot;1&quot;:2,&quot;2&quot;:&quot;B) PPGI, PPGL&quot;}\">B) PPGI, PPGL<\/td>\n<\/tr>\n<tr>\n<td data-sheets-value=\"{&quot;1&quot;:2,&quot;2&quot;:&quot;Yield Strength&quot;}\">Akma Dayan\u0131m\u0131<\/td>\n<td colspan=\"2\" rowspan=\"1\" data-sheets-value=\"{&quot;1&quot;:2,&quot;2&quot;:&quot;250 - 350 Mpa \/ 350-550Mpa&quot;}\">250 - 350 Mpa \/ 350-550Mpa<\/td>\n<\/tr>\n<tr>\n<td data-sheets-value=\"{&quot;1&quot;:2,&quot;2&quot;:&quot;Tensil Stress&quot;}\">Tensil Stres<\/td>\n<td colspan=\"2\" rowspan=\"1\" data-sheets-value=\"{&quot;1&quot;:2,&quot;2&quot;:&quot;350 Mpa-550 Mpa&quot;}\">350 Mpa-550 Mpa<\/td>\n<\/tr>\n<tr>\n<td data-sheets-value=\"{&quot;1&quot;:2,&quot;2&quot;:&quot;Coil Width&quot;}\">Bobin Geni\u015fli\u011fi<\/td>\n<td colspan=\"2\" rowspan=\"1\" data-sheets-value=\"{&quot;1&quot;:2,&quot;2&quot;:&quot;914mm, 1000mm, 1200mm, 1220mm, 1250mm etc&quot;}\">914mm, 1000mm, 1200mm, 1220mm, 1250mm vb.<\/td>\n<\/tr>\n<tr>\n<td data-sheets-value=\"{&quot;1&quot;:2,&quot;2&quot;:&quot;Forming Speed&quot;}\">\u015eekillendirme H\u0131z\u0131<\/td>\n<td data-sheets-value=\"{&quot;1&quot;:2,&quot;2&quot;:&quot;6-10 (m\/min)&quot;}\">6-10 (m\/dak)<\/td>\n<td data-sheets-value=\"{&quot;1&quot;:2,&quot;2&quot;:&quot;* Or According To Your Requirment&quot;}\">* Veya \u0130htiyac\u0131n\u0131za G\u00f6re<\/td>\n<\/tr>\n<tr>\n<td data-sheets-value=\"{&quot;1&quot;:2,&quot;2&quot;:&quot;Forming Station&quot;}\">\u015eekillendirme \u0130stasyonu<\/td>\n<td data-sheets-value=\"{&quot;1&quot;:2,&quot;2&quot;:&quot;16-20 Stations&quot;}\">16-20 \u0130stasyon<\/td>\n<td data-sheets-value=\"{&quot;1&quot;:2,&quot;2&quot;:&quot;* According To Your Profile Drawings&quot;}\">* Profil \u00c7izimlerinize G\u00f6re<\/td>\n<\/tr>\n<tr>\n<td data-sheets-value=\"{&quot;1&quot;:2,&quot;2&quot;:&quot;Decoiler&quot;}\">Decoiler<\/td>\n<td data-sheets-value=\"{&quot;1&quot;:2,&quot;2&quot;:&quot;Manual Decoiler&quot;}\">Manuel A\u00e7\u0131c\u0131<\/td>\n<td data-sheets-value=\"{&quot;1&quot;:2,&quot;2&quot;:&quot;* Hydraulic Decoiler (Optional)&quot;}\">* Hidrolik A\u00e7\u0131c\u0131 (Opsiyonel)<\/td>\n<\/tr>\n<tr>\n<td data-sheets-value=\"{&quot;1&quot;:2,&quot;2&quot;:&quot;Driving System&quot;}\">S\u00fcr\u00fc\u015f Sistemi<\/td>\n<td data-sheets-value=\"{&quot;1&quot;:2,&quot;2&quot;:&quot;Chain Drive&quot;}\">Zincir Tahrik<\/td>\n<td data-sheets-value=\"{&quot;1&quot;:2,&quot;2&quot;:&quot;* Gearbox Drive (Optional)&quot;}\">* \u015eanz\u0131man Tahriki (Opsiyonel)<\/td>\n<\/tr>\n<tr>\n<td data-sheets-value=\"{&quot;1&quot;:2,&quot;2&quot;:&quot;Machine Structure&quot;}\">Makine Yap\u0131s\u0131<\/td>\n<td data-sheets-value=\"{&quot;1&quot;:2,&quot;2&quot;:&quot;Steel Plates Welded&quot;}\">Kaynakl\u0131 \u00c7elik Levhalar<\/td>\n<td data-sheets-value=\"{&quot;1&quot;:2,&quot;2&quot;:&quot;* Individual Station (Optional)&quot;}\">* Bireysel \u0130stasyon (\u0130ste\u011fe Ba\u011fl\u0131)<\/td>\n<\/tr>\n<tr>\n<td data-sheets-value=\"{&quot;1&quot;:2,&quot;2&quot;:&quot;Rollers\u2019 Material&quot;}\">Silindir Malzemesi<\/td>\n<td colspan=\"2\" rowspan=\"1\" data-sheets-value=\"{&quot;1&quot;:2,&quot;2&quot;:&quot;45#&quot;}\">45#<\/td>\n<\/tr>\n<tr>\n<td data-sheets-value=\"{&quot;1&quot;:2,&quot;2&quot;:&quot;Cutting System&quot;}\">Kesim Sistemi<\/td>\n<td data-sheets-value=\"{&quot;1&quot;:2,&quot;2&quot;:&quot;Hydraulic Post Cut&quot;}\">Hidrolik Direk Kesme<\/td>\n<td data-sheets-value=\"{&quot;1&quot;:2,&quot;2&quot;:&quot;* Hydraulic Servo Tracking Cutter (Optional)&quot;}\">* Hidrolik Servo Takip Kesici (Opsiyonel)<\/td>\n<\/tr>\n<tr>\n<td data-sheets-value=\"{&quot;1&quot;:2,&quot;2&quot;:&quot;Output Way&quot;}\">\u00c7\u0131k\u0131\u015f Yolu<\/td>\n<td data-sheets-value=\"{&quot;1&quot;:2,&quot;2&quot;:&quot;Roller Table&quot;}\">Makaral\u0131 Masa<\/td>\n<td data-sheets-value=\"{&quot;1&quot;:2,&quot;2&quot;:&quot;* Auto Stacker (Optional)&quot;}\">* Otomatik \u0130stifleyici (Opsiyonel)<\/td>\n<\/tr>\n<tr>\n<td data-sheets-value=\"{&quot;1&quot;:2,&quot;2&quot;:&quot;Frequency Changer Brand&quot;}\">Frekans De\u011fi\u015ftirici Marka<\/td>\n<td data-sheets-value=\"{&quot;1&quot;:2,&quot;2&quot;:&quot;Yaskawa&quot;}\">Yaskawa<\/td>\n<td data-sheets-value=\"{&quot;1&quot;:2,&quot;2&quot;:&quot;* Siemens (Optional)&quot;}\">* Siemens (Opsiyonel)<\/td>\n<\/tr>\n<tr>\n<td data-sheets-value=\"{&quot;1&quot;:2,&quot;2&quot;:&quot;Power Supply&quot;}\">G\u00fc\u00e7 Kayna\u011f\u0131<\/td>\n<td data-sheets-value=\"{&quot;1&quot;:2,&quot;2&quot;:&quot;380V 50Hz 3ph&quot;}\">380V 50Hz 3ph<\/td>\n<td data-sheets-value=\"{&quot;1&quot;:2,&quot;2&quot;:&quot;* Or According To Your Requirment&quot;}\">* Veya \u0130htiyac\u0131n\u0131za G\u00f6re<\/td>\n<\/tr>\n<tr>\n<td data-sheets-value=\"{&quot;1&quot;:2,&quot;2&quot;:&quot;Machine Color&quot;}\">Makine Rengi<\/td>\n<td data-sheets-value=\"{&quot;1&quot;:2,&quot;2&quot;:&quot;Industrial Blue&quot;}\">End\u00fcstriyel Mavi<\/td>\n<td data-sheets-value=\"{&quot;1&quot;:2,&quot;2&quot;:&quot;* Or According To Your Requirment&quot;}\">* Veya \u0130htiyac\u0131n\u0131za G\u00f6re<\/td>\n<\/tr>\n<\/tbody>\n<\/table>\n<\/div>\n<h3>Uygulama<\/h3>\n<p>&nbsp;<\/p>\n<p><img loading=\"lazy\" decoding=\"async\" class=\"alignnone size-full wp-image-3159\" src=\"https:\/\/swforming.com\/wp-content\/uploads\/2023\/04\/0417155609.png\" alt=\"\" width=\"938\" height=\"566\" title=\"\" srcset=\"https:\/\/swforming.com\/wp-content\/uploads\/2023\/04\/0417155609.png 938w, https:\/\/swforming.com\/wp-content\/uploads\/2023\/04\/0417155609-600x362.png 600w, https:\/\/swforming.com\/wp-content\/uploads\/2023\/04\/0417155609-300x181.png 300w, https:\/\/swforming.com\/wp-content\/uploads\/2023\/04\/0417155609-768x463.png 768w, https:\/\/swforming.com\/wp-content\/uploads\/2023\/04\/0417155609-18x12.png 18w\" sizes=\"(max-width: 938px) 100vw, 938px\" \/><\/p>\n<h3>karo rulo \u015fekillendirme makinesi fiyat\u0131n\u0131n etki fakt\u00f6r\u00fc<\/h3>\n<ol>\n<li>Makine Boyutu ve Kapasitesi: Karo rulo \u015fekillendirme makinesinin boyutu ve \u00fcretim kapasitesi, fiyat\u0131n\u0131 \u00f6nemli \u00f6l\u00e7\u00fcde etkileyebilir. Daha b\u00fcy\u00fck boyutlara ve daha y\u00fcksek \u00fcretim kapasitelerine sahip makineler, in\u015faat i\u00e7in gereken malzeme ve bile\u015fenlerin artmas\u0131 nedeniyle daha pahal\u0131 olma e\u011filimindedir.<\/li>\n<li>Tasar\u0131m\u0131n Karma\u015f\u0131kl\u0131\u011f\u0131: Makinenin tasar\u0131m\u0131n\u0131n ve i\u015flevselli\u011finin karma\u015f\u0131kl\u0131\u011f\u0131 da fiyat\u0131n\u0131 etkileyebilir. Geli\u015fmi\u015f \u00f6zelliklere, hassas m\u00fchendisli\u011fe ve karma\u015f\u0131k tasar\u0131mlara sahip makinelerin \u00fcretimi daha maliyetli olabilir ve bu da daha y\u00fcksek bir fiyatla sonu\u00e7lanabilir.<\/li>\n<li>Malzeme ve Bile\u015fenlerin Kalitesi: Makinenin yap\u0131m\u0131nda kullan\u0131lan malzeme ve bile\u015fenlerin kalitesi fiyat\u0131n\u0131 etkileyebilir. Y\u00fcksek kaliteli malzemeler ve dayan\u0131kl\u0131 bile\u015fenler daha pahal\u0131 olma e\u011filimindedir, ancak makinenin genel performans\u0131na, g\u00fcvenilirli\u011fine ve uzun \u00f6m\u00fcrl\u00fcl\u00fc\u011f\u00fcne katk\u0131da bulunurlar.<\/li>\n<li>Marka ve \u00dcretici: Makineyi \u00fcreten \u015firketin itibar\u0131, marka de\u011feri ve \u00fcretim kabiliyetleri fiyat\u0131n\u0131 etkileyebilir. K\u00f6kl\u00fc ve tan\u0131nm\u0131\u015f markalar, g\u00fcvenilirlikleri, m\u00fc\u015fteri destekleri ve marka bilinirlikleri nedeniyle genellikle daha y\u00fcksek fiyatlara sahiptir.<\/li>\n<li>\u00d6zelle\u015ftirme Se\u00e7enekleri: Karo rulo \u015fekillendirme makinesi, belirli m\u00fc\u015fteri gereksinimlerini kar\u015f\u0131lamak i\u00e7in \u00f6zelle\u015ftirme se\u00e7enekleri sunuyorsa, daha y\u00fcksek bir fiyata gelebilir. \u00d6zelle\u015ftirilmi\u015f makineler, \u00fcretim maliyetlerini art\u0131rabilecek ek m\u00fchendislik ve tasar\u0131m \u00e7al\u0131\u015fmalar\u0131 i\u00e7erir.<\/li>\n<li>Otomasyon ve Teknoloji: Bilgisayarl\u0131 say\u0131sal kontrol (CNC) sistemleri veya sofistike yaz\u0131l\u0131m entegrasyonu gibi geli\u015fmi\u015f otomasyon \u00f6zellikleriyle donat\u0131lm\u0131\u015f makineler genellikle daha pahal\u0131d\u0131r. Daha y\u00fcksek otomasyon seviyeleri ve ileri teknoloji, \u00fcretim verimlili\u011fini, do\u011frulu\u011fu ve \u00e7ok y\u00f6nl\u00fcl\u00fc\u011f\u00fc art\u0131rarak daha y\u00fcksek bir fiyata yol a\u00e7abilir.<\/li>\n<li>Pazar Talebi ve Rekabet: Pazar\u0131n arz ve talep dinamikleri karo rulo \u015fekillendirme makinelerinin fiyatland\u0131rmas\u0131n\u0131 etkileyebilir. Y\u00fcksek talep ve s\u0131n\u0131rl\u0131 rekabet varsa, fiyatlar daha y\u00fcksek olabilir. Tersine, birden fazla tedarik\u00e7inin bulundu\u011fu rekabet\u00e7i bir pazarda fiyatlar daha rekabet\u00e7i olabilir.<\/li>\n<li>Ek \u00d6zellikler ve Aksesuarlar: G\u00fcvenlik cihazlar\u0131, izleme sistemleri veya \u00f6zel tak\u0131mlar gibi iste\u011fe ba\u011fl\u0131 \u00f6zellikler ve aksesuarlar fiyat\u0131 etkileyebilir. Temel makine i\u015flevselli\u011finin \u00f6tesinde ek \u00f6zelliklerin dahil edilmesi muhtemelen toplam maliyeti art\u0131racakt\u0131r.<\/li>\n<li>Sat\u0131\u015f Sonras\u0131 Destek ve Garanti: Teknik yard\u0131m, yedek par\u00e7a bulunabilirli\u011fi ve garanti kapsam\u0131 dahil olmak \u00fczere sat\u0131\u015f sonras\u0131 deste\u011fin mevcudiyeti ve kalitesi fiyat\u0131 etkileyebilir. Kapsaml\u0131 sat\u0131\u015f sonras\u0131 deste\u011fe ve daha uzun garanti s\u00fcrelerine sahip makinelerin \u00f6n maliyeti daha y\u00fcksek olabilir.<\/li>\n<\/ol>\n<h3>\u00e7at\u0131 paneli rulo \u015fekillendirme makinesinin i\u015flevi<\/h3>\n<p>\u00c7at\u0131 paneli rulo \u015fekillendirme makinesi, in\u015faat sekt\u00f6r\u00fcnde tutarl\u0131 \u015fekil ve profillere sahip \u00e7at\u0131 panelleri \u00fcretmek i\u00e7in kullan\u0131lan \u00f6zel bir ekipmand\u0131r. Makine, ham maddeleri bitmi\u015f \u00e7at\u0131 panellerine d\u00f6n\u00fc\u015ft\u00fcrmek i\u00e7in \u00e7e\u015fitli i\u015flevler yerine getirir. \u0130\u015fte bir \u00e7at\u0131 paneli rulo \u015fekillendirme makinesinin ana i\u015flevleri:<\/p>\n<ol>\n<li>Malzeme Besleme: Makine hammaddeyi, tipik olarak bobin metal levhalar\u0131 al\u0131r ve bunlar\u0131 \u015fekillendirme b\u00f6l\u00fcm\u00fcne besler. Malzeme genellikle \u00e7elik veya al\u00fcminyumdur.<\/li>\n<li>Rulo \u015eekillendirme: Makinenin kalbi, metal levhay\u0131 istenen profile \u015fekillendirmek i\u00e7in bir dizi silindir ve aletin d\u00fczenlendi\u011fi rulo \u015fekillendirme b\u00f6l\u00fcm\u00fcd\u00fcr. Silindirler, i\u00e7lerinden ge\u00e7erken metali kademeli olarak b\u00fckerek \u00e7at\u0131 panelinin belirli \u015fekline d\u00f6n\u00fc\u015ft\u00fcr\u00fcr.<\/li>\n<li>Kesim: Metal levha istenen \u015fekle getirildikten sonra, makine paneli gerekli uzunlukta kesmek i\u00e7in bir kesme mekanizmas\u0131 i\u00e7erir. Makinenin tasar\u0131m\u0131na ba\u011fl\u0131 olarak u\u00e7an kesme veya sabit kesme gibi farkl\u0131 kesme y\u00f6ntemleri kullan\u0131labilir.<\/li>\n<li>Profil ve \u00c7entik: Baz\u0131 \u00e7at\u0131 paneli rulo \u015fekillendirme makineleri, panellerde belirli profiller ve \u00e7entikler olu\u015fturmak i\u00e7in ek i\u015flevler i\u00e7erebilir. Bu profiller ve \u00e7entikler, kolay kurulum ve geli\u015fmi\u015f yap\u0131sal b\u00fct\u00fcnl\u00fck i\u00e7in birbirine kenetlenme \u00f6zellikleri sa\u011flayabilir.<\/li>\n<li>Kabartma ve Damgalama: Baz\u0131 \u00e7at\u0131 paneli tasar\u0131mlar\u0131, estetik veya i\u015flevsel \u00f6zellikler eklemek i\u00e7in kabartma veya damgalama gerektirebilir. Makine, \u00e7at\u0131 panellerinin y\u00fczeyine desen, logo veya di\u011fer tasar\u0131m \u00f6\u011felerini basmak i\u00e7in \u00f6zel aletlerle donat\u0131labilir.<\/li>\n<li>Kontrol ve Otomasyon: Modern \u00e7at\u0131 paneli rulo \u015fekillendirme makineleri genellikle kontrol sistemleri ve otomasyon \u00f6zellikleri i\u00e7erir. Bu sistemler h\u0131z, uzunluk \u00f6l\u00e7\u00fcm\u00fc, kesme i\u015flemleri ve daha fazlas\u0131 dahil olmak \u00fczere \u015fekillendirme s\u00fcrecinin hassas bir \u015fekilde kontrol edilmesini sa\u011flar. Otomasyon, manuel m\u00fcdahaleyi azalt\u0131r ve tutarl\u0131 panel \u00fcretimi sa\u011flar.<\/li>\n<li>\u00c7\u0131k\u0131\u015f ve \u0130stifleme: \u00c7at\u0131 panelleri \u00fcretilirken, makine bitmi\u015f panellerin d\u00fczg\u00fcn bir \u015fekilde bo\u015falt\u0131lmas\u0131n\u0131 ve istiflenmesini kolayla\u015ft\u0131r\u0131r. Konvey\u00f6r sistemleri veya istifleme mekanizmalar\u0131, panelleri daha sonraki i\u015flemler veya nakliye i\u00e7in toplamak ve d\u00fczenlemek i\u00e7in kullan\u0131l\u0131r.<\/li>\n<\/ol>\n<h3>\u00c7in kiremit rulo \u015fekillendirme makinesi avantajlar\u0131<\/h3>\n<ol>\n<li>Maliyet Etkinli\u011fi: \u00c7inli \u00fcreticiler kiremit rulo \u015fekillendirme makineleri i\u00e7in genellikle rekabet\u00e7i fiyatlar sunmaktad\u0131r. \u00c7in'deki d\u00fc\u015f\u00fck \u00fcretim ve i\u015f\u00e7ilik maliyetleri, di\u011fer \u00fclkelerde \u00fcretilen makinelere k\u0131yasla uygun maliyetli \u00e7\u00f6z\u00fcmler sunmalar\u0131n\u0131 sa\u011flar.<\/li>\n<li>Teknolojik Geli\u015fmeler: \u00c7in, rulo \u015fekillendirme makineleri de dahil olmak \u00fczere \u00fcretim teknolojilerinde \u00f6nemli ilerlemeler kaydetmi\u015ftir. \u00c7inli \u00fcreticiler, makinelerinin performans\u0131n\u0131, hassasiyetini ve otomasyon yeteneklerini geli\u015ftirmek i\u00e7in s\u00fcrekli olarak ara\u015ft\u0131rma ve geli\u015ftirmeye yat\u0131r\u0131m yapmaktad\u0131r. Bunun sonucunda end\u00fcstri standartlar\u0131n\u0131 kar\u015f\u0131layan veya a\u015fan, teknolojik a\u00e7\u0131dan geli\u015fmi\u015f kiremit rulo \u015fekillendirme makineleri ortaya \u00e7\u0131kmaktad\u0131r.<\/li>\n<li>\u00d6zelle\u015ftirme Se\u00e7enekleri: \u00c7inli \u00fcreticiler, \u00f6zelle\u015ftirme se\u00e7enekleri sunma konusundaki esneklikleriyle tan\u0131n\u0131rlar. Kiremit rulo \u015fekillendirme makinelerini farkl\u0131 kiremit profilleri, boyutlar\u0131 ve malzemeleri gibi belirli m\u00fc\u015fteri gereksinimlerini kar\u015f\u0131layacak \u015fekilde uyarlayabilirler. Bu \u00f6zelle\u015ftirme yetene\u011fi, m\u00fc\u015fterilerin \u00fcretim ihtiya\u00e7lar\u0131na tam olarak uyan makineler elde etmelerini sa\u011flar.<\/li>\n<li>Geni\u015f Se\u00e7enek Yelpazesi: \u00c7in pazar\u0131, farkl\u0131 \u00e7at\u0131 kaplama malzemesi t\u00fcrlerine, profillere ve \u00fcretim kapasitelerine hitap eden \u00e7ok \u00e7e\u015fitli kiremit rulo \u015fekillendirme makineleri sunmaktad\u0131r. M\u00fc\u015fteriler \u00e7ok \u00e7e\u015fitli makineler aras\u0131ndan se\u00e7im yapma esnekli\u011fine sahiptir ve b\u00f6ylece kendi \u00f6zel proje gereksinimlerine uygun bir makine bulabilirler.<\/li>\n<li>Kalite G\u00fcvencesi: \u00c7inli \u00fcreticiler \u00fcr\u00fcnlerinin kalitesini art\u0131rma konusunda \u00f6nemli ad\u0131mlar atm\u0131\u015ft\u0131r. Bir\u00e7ok sayg\u0131n \u00fcretici, kiremit rulo \u015fekillendirme makinelerinin uluslararas\u0131 kalite standartlar\u0131n\u0131 kar\u015f\u0131lad\u0131\u011f\u0131ndan emin olmak i\u00e7in s\u0131k\u0131 kalite kontrol \u00f6nlemlerini takip etmektedir. Ayr\u0131ca m\u00fc\u015fteri memnuniyetini sa\u011flamak i\u00e7in garanti deste\u011fi ve sat\u0131\u015f sonras\u0131 hizmet sunarlar.<\/li>\n<li>Yerle\u015fik End\u00fcstri Uzmanl\u0131\u011f\u0131: \u00c7in, iyi geli\u015fmi\u015f bir \u00fcretim altyap\u0131s\u0131na ve rulo \u015fekillendirme makineleri konusunda uzmanla\u015fm\u0131\u015f deneyimli m\u00fchendis ve teknisyenlerden olu\u015fan geni\u015f bir havuza sahiptir. \u00dclkenin bu alandaki uzmanl\u0131\u011f\u0131, \u00c7inli \u00fcreticilerin k\u00fcresel pazarda g\u00fc\u00e7l\u00fc bir yer edinmesini ve g\u00fcvenilir ve y\u00fcksek kaliteli kiremit rulo \u015fekillendirme makineleri sunma konusunda itibar kazanmas\u0131n\u0131 sa\u011flam\u0131\u015ft\u0131r.<\/li>\n<li>\u0130hracat Kabiliyeti: \u00c7in g\u00fc\u00e7l\u00fc bir ihracat kabiliyetine sahiptir ve bir\u00e7ok \u00c7inli \u00fcretici k\u00fcresel bir varl\u0131k olu\u015fturmu\u015ftur. Bu, d\u00fcnyan\u0131n d\u00f6rt bir yan\u0131ndan m\u00fc\u015fterilerin \u00c7in'den kiremit rulo \u015fekillendirme makinelerine eri\u015fmesini ve tedarik etmesini kolayla\u015ft\u0131rarak daha geni\u015f kullan\u0131labilirlik ve pazar eri\u015fimi sa\u011flar.<\/li>\n<\/ol>\n<p>&nbsp;<\/p>\n<p>&nbsp;<\/p>\n<blockquote class=\"wp-embedded-content\" data-secret=\"oCwMg6p1TD\"><p><a href=\"https:\/\/swforming.com\/tr\/apply-width-corrugated-sheet-roll-forming-machine\/\">Geni\u015f Oluklu Sac Rulo \u015eekillendirme Makinesinin Farkl\u0131 Uygulamalar\u0131n\u0131 Ke\u015ffetmek<\/a><\/p><\/blockquote>\n<p><iframe class=\"wp-embedded-content\" sandbox=\"allow-scripts\" security=\"restricted\" style=\"position: absolute; clip: rect(1px, 1px, 1px, 1px);\" title=\"&quot;Geni\u015f Oluklu Sac Rulo \u015eekillendirme Makinesinin Farkl\u0131 Uygulamalar\u0131n\u0131 Ke\u015ffetmek&quot; - SUNWAY Machine\" src=\"https:\/\/swforming.com\/apply-width-corrugated-sheet-roll-forming-machine\/embed\/#?secret=JslSwhUpfx#?secret=oCwMg6p1TD\" data-secret=\"oCwMg6p1TD\" width=\"600\" height=\"338\" frameborder=\"0\" marginwidth=\"0\" marginheight=\"0\" scrolling=\"no\"><\/iframe><\/p>","protected":false},"excerpt":{"rendered":"<p>\u00c7at\u0131 kiremit paneli rulo \u015fekillendirme makinesi esas olarak \u00e7at\u0131 kiremit panelleri \u00fcretmek i\u00e7in kullan\u0131l\u0131r. Normalde panel kal\u0131nl\u0131\u011f\u0131 normal galvanizli \u00e7elik veya renkli bobin ile 0.3-0.8mm'dir.<\/p>\n<p>\u00c7at\u0131 kaplama sistemi rulo \u015fekillendirme makinesi \u00e7ok \u00e7e\u015fitli metal sac profillere sahiptir. Trapez panel, oluklu panel, kiremit, s\u0131rl\u0131 kiremit, metal g\u00fcverte, duvar paneli, dikme diki\u015f, K a\u00e7\u0131kl\u0131k ve mahya kapa\u011f\u0131 i\u00e7erir. \u00dcr\u00fcnleri, at\u00f6lye in\u015faat\u0131 ve konut yap\u0131m\u0131nda \u00e7at\u0131 ve duvar sisteminde yayg\u0131n olarak kullan\u0131lmaktad\u0131r.<\/p>","protected":false},"featured_media":3149,"comment_status":"closed","ping_status":"closed","template":"","meta":{"_acf_changed":false},"product_brand":[],"product_cat":[45,85],"product_tag":[],"class_list":{"0":"post-3148","1":"product","2":"type-product","3":"status-publish","4":"has-post-thumbnail","6":"product_cat-metal-wall-roofing","7":"product_cat-roof-tile-panel-roll-forming-machine","9":"first","10":"instock","11":"shipping-taxable","12":"product-type-simple"},"acf":[],"_links":{"self":[{"href":"https:\/\/swforming.com\/tr\/wp-json\/wp\/v2\/product\/3148","targetHints":{"allow":["GET"]}}],"collection":[{"href":"https:\/\/swforming.com\/tr\/wp-json\/wp\/v2\/product"}],"about":[{"href":"https:\/\/swforming.com\/tr\/wp-json\/wp\/v2\/types\/product"}],"replies":[{"embeddable":true,"href":"https:\/\/swforming.com\/tr\/wp-json\/wp\/v2\/comments?post=3148"}],"version-history":[{"count":7,"href":"https:\/\/swforming.com\/tr\/wp-json\/wp\/v2\/product\/3148\/revisions"}],"predecessor-version":[{"id":3746,"href":"https:\/\/swforming.com\/tr\/wp-json\/wp\/v2\/product\/3148\/revisions\/3746"}],"wp:featuredmedia":[{"embeddable":true,"href":"https:\/\/swforming.com\/tr\/wp-json\/wp\/v2\/media\/3149"}],"wp:attachment":[{"href":"https:\/\/swforming.com\/tr\/wp-json\/wp\/v2\/media?parent=3148"}],"wp:term":[{"taxonomy":"product_brand","embeddable":true,"href":"https:\/\/swforming.com\/tr\/wp-json\/wp\/v2\/product_brand?post=3148"},{"taxonomy":"product_cat","embeddable":true,"href":"https:\/\/swforming.com\/tr\/wp-json\/wp\/v2\/product_cat?post=3148"},{"taxonomy":"product_tag","embeddable":true,"href":"https:\/\/swforming.com\/tr\/wp-json\/wp\/v2\/product_tag?post=3148"}],"curies":[{"name":"wp","href":"https:\/\/api.w.org\/{rel}","templated":true}]}}