{"id":3068,"date":"2023-06-28T03:48:30","date_gmt":"2023-06-28T03:48:30","guid":{"rendered":"https:\/\/swforming.com\/?post_type=product&#038;p=3068"},"modified":"2023-11-30T07:47:54","modified_gmt":"2023-11-30T07:47:54","slug":"trapezoidal-panel-roll-forming-machine-2","status":"publish","type":"product","link":"https:\/\/swforming.com\/tr\/product\/trapezoidal-panel-roll-forming-machine-2\/","title":{"rendered":"Trapez Panel Rulo \u015eekillendirme Makinesi"},"content":{"rendered":"<p><img fetchpriority=\"high\" decoding=\"async\" class=\"alignnone wp-image-3069 size-full\" src=\"https:\/\/swforming.com\/wp-content\/uploads\/2023\/04\/H3f57f39f41f64f7ab309f7745023eaadd.webp\" alt=\"Trapez Panel Rulo \u015eekillendirme Makinesi\" width=\"750\" height=\"925\" title=\"\" srcset=\"https:\/\/swforming.com\/wp-content\/uploads\/2023\/04\/H3f57f39f41f64f7ab309f7745023eaadd.webp 750w, https:\/\/swforming.com\/wp-content\/uploads\/2023\/04\/H3f57f39f41f64f7ab309f7745023eaadd-600x740.webp 600w, https:\/\/swforming.com\/wp-content\/uploads\/2023\/04\/H3f57f39f41f64f7ab309f7745023eaadd-243x300.webp 243w, https:\/\/swforming.com\/wp-content\/uploads\/2023\/04\/H3f57f39f41f64f7ab309f7745023eaadd-10x12.webp 10w\" sizes=\"(max-width: 750px) 100vw, 750px\" \/><\/p>\n<p>Trapez panel rulo \u015fekillendirme makinesi esas olarak \u00e7at\u0131 panelleri \u00fcretmek i\u00e7in kullan\u0131l\u0131r. Normalde panel kal\u0131nl\u0131\u011f\u0131 normal galvanizli \u00e7elik veya renkli bobin ile 0.3-0.8mm'dir.<\/p>\n<p>\u00c7at\u0131 kaplama sistemi rulo \u015fekillendirme makinesi \u00e7ok \u00e7e\u015fitli metal sac profillere sahiptir. Trapez panel, oluklu panel, kiremit, s\u0131rl\u0131 kiremit, metal g\u00fcverte, duvar paneli, dikme diki\u015f, K a\u00e7\u0131kl\u0131k ve mahya kapa\u011f\u0131 i\u00e7erir. \u00dcr\u00fcnleri, at\u00f6lye in\u015faat\u0131 ve konut yap\u0131m\u0131nda \u00e7at\u0131 ve duvar sisteminde yayg\u0131n olarak kullan\u0131lmaktad\u0131r.<\/p>\n<p>\u0130n\u015faat Sekt\u00f6r\u00fcnde, ana kanal rulo \u015fekillendirme makinesi, a\u015f\u0131k rulo \u015fekillendirme makinesi, al\u00e7\u0131pan rulo \u015fekillendirme makinesi, saplama rulo \u015fekillendirme makinesi, palet rulo \u015fekillendirme makinesi, silindir \u015fapka rulo \u015fekillendirme makinesi, klips rulo \u015fekillendirme makinesi, metal g\u00fcverte (zemin g\u00fcverte) rulo \u015fekillendirme makinesi, \u00e7at\u0131 \/ duvar paneli rulo \u015fekillendirme makinesi, kiremit rulo \u015fekillendirme makinesi, oluklu rulo \u015fekillendirme makinesi, mahya kapa\u011f\u0131 rulo \u015fekillendirme makinesi, ini\u015f borusu rulo \u015fekillendirme makinesi vb. gibi daha fazla makine \u00fcretebiliyoruz.<\/p>\n<p>M\u00fc\u015fterilerin \u00e7izimlerine, toleranslar\u0131na ve b\u00fct\u00e7elerine g\u00f6re farkl\u0131 \u00e7\u00f6z\u00fcmler \u00fcretiyor, t\u00fcm gereksinimlerinize uyarlanabilen profesyonel bire bir hizmet sunuyoruz. Hangi hatt\u0131 se\u00e7erseniz se\u00e7in, SUNWAY Machinery'nin kalitesi m\u00fckemmel i\u015flevsel profiller elde etmenizi sa\u011flayacakt\u0131r.<\/p>\n<h3>Profil \u00c7izimleri<\/h3>\n<p><img decoding=\"async\" class=\"alignnone size-full wp-image-3070\" src=\"https:\/\/swforming.com\/wp-content\/uploads\/2023\/04\/Hd63300c9736048b2b7e787b0b04a668b7.webp\" alt=\"\" width=\"1748\" height=\"1824\" title=\"\" srcset=\"https:\/\/swforming.com\/wp-content\/uploads\/2023\/04\/Hd63300c9736048b2b7e787b0b04a668b7.webp 1748w, https:\/\/swforming.com\/wp-content\/uploads\/2023\/04\/Hd63300c9736048b2b7e787b0b04a668b7-600x626.webp 600w, https:\/\/swforming.com\/wp-content\/uploads\/2023\/04\/Hd63300c9736048b2b7e787b0b04a668b7-288x300.webp 288w, https:\/\/swforming.com\/wp-content\/uploads\/2023\/04\/Hd63300c9736048b2b7e787b0b04a668b7-981x1024.webp 981w, https:\/\/swforming.com\/wp-content\/uploads\/2023\/04\/Hd63300c9736048b2b7e787b0b04a668b7-768x801.webp 768w, https:\/\/swforming.com\/wp-content\/uploads\/2023\/04\/Hd63300c9736048b2b7e787b0b04a668b7-1472x1536.webp 1472w, https:\/\/swforming.com\/wp-content\/uploads\/2023\/04\/Hd63300c9736048b2b7e787b0b04a668b7-12x12.webp 12w\" sizes=\"(max-width: 1748px) 100vw, 1748px\" \/><\/p>\n<h3>\u00dcretim Hatt\u0131<\/h3>\n<p><img decoding=\"async\" class=\"alignnone size-full wp-image-3071\" src=\"https:\/\/swforming.com\/wp-content\/uploads\/2023\/04\/H023bd4afb4c54fcd83f447514af4e34cp.webp\" alt=\"\" width=\"1748\" height=\"1014\" title=\"\" srcset=\"https:\/\/swforming.com\/wp-content\/uploads\/2023\/04\/H023bd4afb4c54fcd83f447514af4e34cp.webp 1748w, https:\/\/swforming.com\/wp-content\/uploads\/2023\/04\/H023bd4afb4c54fcd83f447514af4e34cp-600x348.webp 600w, https:\/\/swforming.com\/wp-content\/uploads\/2023\/04\/H023bd4afb4c54fcd83f447514af4e34cp-300x174.webp 300w, https:\/\/swforming.com\/wp-content\/uploads\/2023\/04\/H023bd4afb4c54fcd83f447514af4e34cp-1024x594.webp 1024w, https:\/\/swforming.com\/wp-content\/uploads\/2023\/04\/H023bd4afb4c54fcd83f447514af4e34cp-768x446.webp 768w, https:\/\/swforming.com\/wp-content\/uploads\/2023\/04\/H023bd4afb4c54fcd83f447514af4e34cp-1536x891.webp 1536w, https:\/\/swforming.com\/wp-content\/uploads\/2023\/04\/H023bd4afb4c54fcd83f447514af4e34cp-18x10.webp 18w\" sizes=\"(max-width: 1748px) 100vw, 1748px\" \/><\/p>\n<h3>\u00dcr\u00fcn Detaylar\u0131<\/h3>\n<p><img loading=\"lazy\" decoding=\"async\" class=\"alignnone size-full wp-image-3073\" src=\"https:\/\/swforming.com\/wp-content\/uploads\/2023\/04\/20230410145215.png\" alt=\"\" width=\"750\" height=\"946\" title=\"\" srcset=\"https:\/\/swforming.com\/wp-content\/uploads\/2023\/04\/20230410145215.png 750w, https:\/\/swforming.com\/wp-content\/uploads\/2023\/04\/20230410145215-600x757.png 600w, https:\/\/swforming.com\/wp-content\/uploads\/2023\/04\/20230410145215-238x300.png 238w, https:\/\/swforming.com\/wp-content\/uploads\/2023\/04\/20230410145215-10x12.png 10w\" sizes=\"(max-width: 750px) 100vw, 750px\" \/><\/p>\n<h3>\u00dcr\u00fcn Parametreleri<\/h3>\n<div style=\"overflow-x: auto;\">\n<table>\n<tbody>\n<tr>\n<td style=\"text-align: center;\" colspan=\"3\" rowspan=\"1\" data-sheets-value=\"{&quot;1&quot;:2,&quot;2&quot;:&quot;Trapezoidal Panel Roll Forming Machine&quot;}\"><strong>Trapez Panel Rulo \u015eekillendirme Makinesi<\/strong><\/td>\n<\/tr>\n<tr>\n<td colspan=\"1\" rowspan=\"2\" data-sheets-value=\"{&quot;1&quot;:2,&quot;2&quot;:&quot;Machinable Material&quot;}\">\n<div>\u0130\u015flenebilir Malzeme<\/div>\n<\/td>\n<td data-sheets-value=\"{&quot;1&quot;:2,&quot;2&quot;:&quot;A) Galvanized Coil&quot;}\">A) Galvanizli Bobin<\/td>\n<td colspan=\"1\" rowspan=\"2\" data-sheets-value=\"{&quot;1&quot;:2,&quot;2&quot;:&quot;Thickness(MM): 0.3-0.8 According To Your Requirment&quot;}\">\n<div>Kal\u0131nl\u0131k (MM): \u0130htiyac\u0131n\u0131za G\u00f6re 0.3-0.8<\/div>\n<\/td>\n<\/tr>\n<tr>\n<td data-sheets-value=\"{&quot;1&quot;:2,&quot;2&quot;:&quot;B) PPGI, PPGL&quot;}\">B) PPGI, PPGL<\/td>\n<\/tr>\n<tr>\n<td data-sheets-value=\"{&quot;1&quot;:2,&quot;2&quot;:&quot;Yield Strength&quot;}\">Akma Dayan\u0131m\u0131<\/td>\n<td colspan=\"2\" rowspan=\"1\" data-sheets-value=\"{&quot;1&quot;:2,&quot;2&quot;:&quot;250 - 350 Mpa \/ 350-550Mpa&quot;}\">250 - 350 Mpa \/ 350-550Mpa<\/td>\n<\/tr>\n<tr>\n<td data-sheets-value=\"{&quot;1&quot;:2,&quot;2&quot;:&quot;Tensil Stress&quot;}\">Tensil Stres<\/td>\n<td colspan=\"2\" rowspan=\"1\" data-sheets-value=\"{&quot;1&quot;:2,&quot;2&quot;:&quot;350 Mpa-550 Mpa&quot;}\">350 Mpa-550 Mpa<\/td>\n<\/tr>\n<tr>\n<td data-sheets-value=\"{&quot;1&quot;:2,&quot;2&quot;:&quot;Coil Width&quot;}\">Bobin Geni\u015fli\u011fi<\/td>\n<td colspan=\"2\" rowspan=\"1\" data-sheets-value=\"{&quot;1&quot;:2,&quot;2&quot;:&quot;914mm, 1000mm, 1200mm, 1220mm, 1250mm etc&quot;}\">914mm, 1000mm, 1200mm, 1220mm, 1250mm vb.<\/td>\n<\/tr>\n<tr>\n<td data-sheets-value=\"{&quot;1&quot;:2,&quot;2&quot;:&quot;Forming Speed&quot;}\">\u015eekillendirme H\u0131z\u0131<\/td>\n<td data-sheets-value=\"{&quot;1&quot;:2,&quot;2&quot;:&quot;10-35 (m\/min)&quot;}\">10-35 (m\/dak)<\/td>\n<td data-sheets-value=\"{&quot;1&quot;:2,&quot;2&quot;:&quot;* Or According To Your Requirment&quot;}\">* Veya \u0130htiyac\u0131n\u0131za G\u00f6re<\/td>\n<\/tr>\n<tr>\n<td data-sheets-value=\"{&quot;1&quot;:2,&quot;2&quot;:&quot;Forming Station&quot;}\">\u015eekillendirme \u0130stasyonu<\/td>\n<td data-sheets-value=\"{&quot;1&quot;:2,&quot;2&quot;:&quot;16-24 Stations&quot;}\">16-24 \u0130stasyonlar<\/td>\n<td data-sheets-value=\"{&quot;1&quot;:2,&quot;2&quot;:&quot;* According To Your Profile Drawings&quot;}\">* Profil \u00c7izimlerinize G\u00f6re<\/td>\n<\/tr>\n<tr>\n<td data-sheets-value=\"{&quot;1&quot;:2,&quot;2&quot;:&quot;Decoiler&quot;}\">Decoiler<\/td>\n<td data-sheets-value=\"{&quot;1&quot;:2,&quot;2&quot;:&quot;Manual Decoiler&quot;}\">Manuel A\u00e7\u0131c\u0131<\/td>\n<td data-sheets-value=\"{&quot;1&quot;:2,&quot;2&quot;:&quot;* Hydraulic Decoiler (Optional)&quot;}\">* Hidrolik A\u00e7\u0131c\u0131 (Opsiyonel)<\/td>\n<\/tr>\n<tr>\n<td data-sheets-value=\"{&quot;1&quot;:2,&quot;2&quot;:&quot;Driving System&quot;}\">S\u00fcr\u00fc\u015f Sistemi<\/td>\n<td data-sheets-value=\"{&quot;1&quot;:2,&quot;2&quot;:&quot;Chain Drive&quot;}\">Zincir Tahrik<\/td>\n<td data-sheets-value=\"{&quot;1&quot;:2,&quot;2&quot;:&quot;* Gearbox Drive (Optional)&quot;}\">* \u015eanz\u0131man Tahriki (Opsiyonel)<\/td>\n<\/tr>\n<tr>\n<td data-sheets-value=\"{&quot;1&quot;:2,&quot;2&quot;:&quot;Machine Structure&quot;}\">Makine Yap\u0131s\u0131<\/td>\n<td data-sheets-value=\"{&quot;1&quot;:2,&quot;2&quot;:&quot;Steel Plates Welded&quot;}\">Kaynakl\u0131 \u00c7elik Levhalar<\/td>\n<td data-sheets-value=\"{&quot;1&quot;:2,&quot;2&quot;:&quot;* Cast Iron Stands (Optional)&quot;}\">* D\u00f6kme Demir Standlar (Opsiyonel)<\/td>\n<\/tr>\n<tr>\n<td data-sheets-value=\"{&quot;1&quot;:2,&quot;2&quot;:&quot;Rollers\u2019 Material&quot;}\">Silindir Malzemesi<\/td>\n<td colspan=\"2\" rowspan=\"1\" data-sheets-value=\"{&quot;1&quot;:2,&quot;2&quot;:&quot;45#&quot;}\">45#<\/td>\n<\/tr>\n<tr>\n<td data-sheets-value=\"{&quot;1&quot;:2,&quot;2&quot;:&quot;Cutting System&quot;}\">Kesim Sistemi<\/td>\n<td data-sheets-value=\"{&quot;1&quot;:2,&quot;2&quot;:&quot;Hydraulic Post Cut&quot;}\">Hidrolik Direk Kesme<\/td>\n<td data-sheets-value=\"{&quot;1&quot;:2,&quot;2&quot;:&quot;* Hydraulic Servo Tracking Cutter (Optional)&quot;}\">* Hidrolik Servo Takip Kesici (Opsiyonel)<\/td>\n<\/tr>\n<tr>\n<td data-sheets-value=\"{&quot;1&quot;:2,&quot;2&quot;:&quot;Output Way&quot;}\">\u00c7\u0131k\u0131\u015f Yolu<\/td>\n<td data-sheets-value=\"{&quot;1&quot;:2,&quot;2&quot;:&quot;Roller Table&quot;}\">Makaral\u0131 Masa<\/td>\n<td data-sheets-value=\"{&quot;1&quot;:2,&quot;2&quot;:&quot;* Auto Stacker (Optional)&quot;}\">* Otomatik \u0130stifleyici (Opsiyonel)<\/td>\n<\/tr>\n<tr>\n<td data-sheets-value=\"{&quot;1&quot;:2,&quot;2&quot;:&quot;Frequency Changer Brand&quot;}\">Frekans De\u011fi\u015ftirici Marka<\/td>\n<td data-sheets-value=\"{&quot;1&quot;:2,&quot;2&quot;:&quot;Yaskawa&quot;}\">Yaskawa<\/td>\n<td data-sheets-value=\"{&quot;1&quot;:2,&quot;2&quot;:&quot;* Siemens (Optional)&quot;}\">* Siemens (Opsiyonel)<\/td>\n<\/tr>\n<tr>\n<td data-sheets-value=\"{&quot;1&quot;:2,&quot;2&quot;:&quot;Power Supply&quot;}\">G\u00fc\u00e7 Kayna\u011f\u0131<\/td>\n<td data-sheets-value=\"{&quot;1&quot;:2,&quot;2&quot;:&quot;380V 50Hz 3ph&quot;}\">380V 50Hz 3ph<\/td>\n<td data-sheets-value=\"{&quot;1&quot;:2,&quot;2&quot;:&quot;* Or According To Your Requirment&quot;}\">* Veya \u0130htiyac\u0131n\u0131za G\u00f6re<\/td>\n<\/tr>\n<tr>\n<td data-sheets-value=\"{&quot;1&quot;:2,&quot;2&quot;:&quot;Machine Color&quot;}\">Makine Rengi<\/td>\n<td data-sheets-value=\"{&quot;1&quot;:2,&quot;2&quot;:&quot;Industrial Blue&quot;}\">End\u00fcstriyel Mavi<\/td>\n<td data-sheets-value=\"{&quot;1&quot;:2,&quot;2&quot;:&quot;* Or According To Your Requirment&quot;}\">* Veya \u0130htiyac\u0131n\u0131za G\u00f6re<\/td>\n<\/tr>\n<\/tbody>\n<\/table>\n<\/div>\n<h3>Uygulama<\/h3>\n<p><img loading=\"lazy\" decoding=\"async\" class=\"alignnone size-full wp-image-3074\" src=\"https:\/\/swforming.com\/wp-content\/uploads\/2023\/04\/20230410145951.png\" alt=\"\" width=\"938\" height=\"567\" title=\"\" srcset=\"https:\/\/swforming.com\/wp-content\/uploads\/2023\/04\/20230410145951.png 938w, https:\/\/swforming.com\/wp-content\/uploads\/2023\/04\/20230410145951-600x363.png 600w, https:\/\/swforming.com\/wp-content\/uploads\/2023\/04\/20230410145951-300x181.png 300w, https:\/\/swforming.com\/wp-content\/uploads\/2023\/04\/20230410145951-768x464.png 768w, https:\/\/swforming.com\/wp-content\/uploads\/2023\/04\/20230410145951-18x12.png 18w\" sizes=\"(max-width: 938px) 100vw, 938px\" \/><\/p>\n<h3>trapez rulo \u015fekillendirme makinesi nedir?<\/h3>\n<p>Trapez rulo \u015fekillendirme makinesi, metal levhalar\u0131n trapez profillere s\u00fcrekli olarak \u015fekillendirilmesi i\u00e7in kullan\u0131lan bir end\u00fcstriyel ekipman t\u00fcr\u00fcd\u00fcr. \u00d6zellikle in\u015faat sekt\u00f6r\u00fcnde \u00e7at\u0131 ve duvar kaplama sistemlerinin imalat\u0131nda yayg\u0131n olarak kullan\u0131l\u0131r.<\/p>\n<p>Rulo \u015fekillendirme i\u015flemi, d\u00fcz bir metal \u015ferit veya bobinin makineye beslenmesini ve ard\u0131ndan bir dizi silindir kal\u0131ptan ge\u00e7mesini i\u00e7erir. Bu silindirler, metali belirli konturlar boyunca b\u00fckerek ve gerekli flan\u015flar\u0131 ve nerv\u00fcrleri olu\u015fturarak kademeli olarak istenen trapez profil haline getirir. Silindirler tipik olarak farkl\u0131 profil boyutlar\u0131 ve \u015fekilleri elde etmek i\u00e7in ayarlanabilir.<\/p>\n<p>Rulo \u015fekillendirme makinesi taraf\u0131ndan \u00fcretilen trapez profil, \u00e7at\u0131 kaplama ve kaplama uygulamalar\u0131 i\u00e7in mukavemet, yap\u0131sal b\u00fct\u00fcnl\u00fck ve verimli su drenaj\u0131 sa\u011flayan trapez \u015fekilli enine kesiti ile karakterize edilir. Makine, bitmi\u015f bile\u015fenler veya paneller \u00fcretmek i\u00e7in kesme, delme ve di\u011fer i\u015flemler i\u00e7in ek istasyonlar i\u00e7erebilir.<\/p>\n<p>Trapez rulo \u015fekillendirme makineleri genellikle otomatiktir ve y\u00fcksek h\u0131zl\u0131 \u00fcretim kapasitesine sahiptir, bu da tutarl\u0131 kalite ve hassasiyetle b\u00fcy\u00fck \u00f6l\u00e7ekli \u00fcretime olanak tan\u0131r. \u0130n\u015faat sekt\u00f6r\u00fcnde metal \u00e7at\u0131 panelleri, duvar kaplama sistemleri ve trapez profillerin gerekli oldu\u011fu di\u011fer uygulamalar\u0131 olu\u015fturmak i\u00e7in yayg\u0131n olarak kullan\u0131l\u0131rlar.<\/p>\n<h3>trapez sac rulo \u015fekillendirme makinesi uygulamas\u0131<\/h3>\n<p>Trapez sac rulo \u015fekillendirme makineleri, ba\u015fta in\u015faat sekt\u00f6r\u00fc olmak \u00fczere \u00e7e\u015fitli uygulamalarda yayg\u0131n olarak kullan\u0131lmaktad\u0131r. \u0130\u015fte trapez sac rulo \u015fekillendirme makinelerinin baz\u0131 yayg\u0131n uygulamalar\u0131:<\/p>\n<ol>\n<li>\u00c7at\u0131 Kaplama Sistemleri: Rulo \u015fekillendirme makinesi taraf\u0131ndan \u00fcretilen trapez levhalar, ticari, end\u00fcstriyel ve konut binalar\u0131 i\u00e7in \u00e7at\u0131 kaplama malzemesi olarak yayg\u0131n \u015fekilde kullan\u0131lmaktad\u0131r. Trapez profil m\u00fckemmel su tutma kabiliyeti, yap\u0131sal g\u00fc\u00e7 ve dayan\u0131kl\u0131l\u0131k sa\u011flar. Bu levhalar genellikle galvanizli \u00e7elik, al\u00fcminyum veya kaplamal\u0131 \u00e7elik gibi malzemelerden yap\u0131l\u0131r.<\/li>\n<li>Duvar Kaplamas\u0131: Trapez saclar, binalar\u0131n estetik \u00e7ekicili\u011fini ve hava ko\u015fullar\u0131na dayan\u0131kl\u0131l\u0131\u011f\u0131n\u0131 art\u0131rmak i\u00e7in duvar kaplama panelleri olarak da kullan\u0131l\u0131r. Rulo \u015fekillendirme makinesi, \u00e7ok \u00e7e\u015fitli tasar\u0131m se\u00e7eneklerine olanak tan\u0131yan farkl\u0131 y\u00fczey kaplamalar\u0131na ve kaplamalara sahip trapez saclar \u00fcretebilir.<\/li>\n<li>\u00c7it ve Muhafazalar: Trapez profiller, konut, ticari ve end\u00fcstriyel m\u00fclkler de dahil olmak \u00fczere \u00e7e\u015fitli uygulamalar i\u00e7in g\u00fcvenlik ve mahremiyet sa\u011flayan \u00e7it sistemleri ve muhafazalar i\u00e7in kullan\u0131labilir.<\/li>\n<li>Tar\u0131msal Binalar: Trapez sac rulo \u015fekillendirme makineleri, ah\u0131rlar, barakalar ve depolama tesisleri gibi tar\u0131msal yap\u0131 bile\u015fenlerinin \u00fcretiminde kullan\u0131lmaktad\u0131r. Bu saclar hava ko\u015fullar\u0131na kar\u015f\u0131 m\u00fckemmel koruma sa\u011flar ve genellikle \u00e7at\u0131 kaplama ve d\u0131\u015f cephe uygulamalar\u0131 i\u00e7in kullan\u0131l\u0131r.<\/li>\n<li>End\u00fcstriyel Uygulamalar: Trapez saclar fabrikalar, depolar ve end\u00fcstriyel tesisler dahil olmak \u00fczere \u00e7e\u015fitli end\u00fcstriyel uygulamalarda kullan\u0131m alan\u0131 bulur. Dayan\u0131kl\u0131l\u0131klar\u0131, montaj kolayl\u0131klar\u0131 ve d\u00fc\u015f\u00fck bak\u0131m gereksinimleri nedeniyle \u00e7at\u0131 kaplama ve kaplama malzemesi olarak kullan\u0131labilirler.<\/li>\n<li>Ta\u015f\u0131mac\u0131l\u0131k End\u00fcstrisi: Trapez saclar treyler, konteyner ve ta\u015f\u0131mac\u0131l\u0131kla ilgili di\u011fer uygulamalar\u0131n imalat\u0131nda kullan\u0131l\u0131r. Ta\u015f\u0131ma s\u0131ras\u0131nda mallar\u0131 korumak i\u00e7in hafif ancak g\u00fc\u00e7l\u00fc \u00e7\u00f6z\u00fcmler sa\u011flarlar.<\/li>\n<li>Enerji Sekt\u00f6r\u00fc: Trapez saclar, g\u00fcne\u015f paneli montaj sistemleri i\u00e7in yayg\u0131n olarak kullan\u0131l\u0131r ve \u00e7at\u0131larda veya zemine monte yap\u0131larda g\u00fcne\u015f enerjisi kurulumlar\u0131 i\u00e7in sa\u011flam ve g\u00fcvenilir bir taban sunar.<\/li>\n<\/ol>\n<p>Bunlar trapez sac rulo \u015fekillendirme makinelerinin uygulamalar\u0131ndan sadece birka\u00e7 \u00f6rnektir. Bu makinelerin \u00e7ok y\u00f6nl\u00fcl\u00fc\u011f\u00fc, verimlili\u011fi ve \u00f6zelle\u015ftirme yetenekleri, onlar\u0131 in\u015faat ve imalat end\u00fcstrilerinde de\u011ferli bir varl\u0131k haline getirmektedir.<\/p>\n<h3>Oluklu \u00c7elik Panel Rulo \u015eekillendirme Makinesi Uygulama Alanlar\u0131<\/h3>\n<p>Oluklu \u00e7elik panel rulo \u015fekillendirme makinesi, oluklu \u00e7elik paneller \u00fcretmek i\u00e7in kullan\u0131lan \u00f6zel bir ekipman par\u00e7as\u0131d\u0131r. Bu paneller, mukavemet, sa\u011flaml\u0131k ve estetik \u00e7ekicilik sa\u011flayan dalgal\u0131 veya oluklu bir desene sahiptir. Rulo \u015fekillendirme makineleri taraf\u0131ndan \u00fcretilen oluklu \u00e7elik panellerin yayg\u0131n olarak kullan\u0131ld\u0131\u011f\u0131 uygulama alanlar\u0131ndan baz\u0131lar\u0131 \u015funlard\u0131r:<\/p>\n<ol>\n<li>\u00c7at\u0131 Kaplama Sistemleri: Oluklu \u00e7elik paneller konut, ticari ve end\u00fcstriyel binalarda \u00e7at\u0131 kaplama malzemesi olarak yayg\u0131n bir \u015fekilde kullan\u0131lmaktad\u0131r. Benzersiz oluklu desen panellere g\u00fc\u00e7 katarak a\u011f\u0131r y\u00fcklere, r\u00fczgara ve di\u011fer hava ko\u015fullar\u0131na dayanmalar\u0131n\u0131 sa\u011flar. Bu paneller m\u00fckemmel su tutma \u00f6zellikleri sa\u011flar ve \u00e7e\u015fitli boyutlarda, profillerde ve kaplamalarda mevcuttur.<\/li>\n<li>Duvar Kaplamas\u0131: Oluklu \u00e7elik paneller, \u00e7e\u015fitli bina t\u00fcrlerinde d\u0131\u015f duvar kaplamas\u0131 i\u00e7in kullan\u0131l\u0131r. Dayan\u0131kl\u0131l\u0131k, korozyon direnci ve modern bir estetik g\u00f6r\u00fcn\u00fcm sunarlar. Paneller dikey veya yatay olarak monte edilebilir ve yap\u0131n\u0131n mimari tasar\u0131m\u0131n\u0131 geli\u015ftirir.<\/li>\n<li>Tar\u0131msal Yap\u0131lar: Oluklu \u00e7elik paneller ah\u0131r, samanl\u0131k ve depo gibi tar\u0131msal yap\u0131larda uygulama alan\u0131 bulur. Bu paneller tar\u0131m ekipmanlar\u0131n\u0131, \u00e7iftlik hayvanlar\u0131n\u0131 ve mahsulleri d\u0131\u015f etkenlerden korumak i\u00e7in idealdir. Kurulumu kolayd\u0131r ve minimum bak\u0131m gerektirir.<\/li>\n<li>End\u00fcstriyel Binalar: Oluklu \u00e7elik paneller, fabrikalar, depolar ve \u00fcretim tesisleri dahil olmak \u00fczere end\u00fcstriyel tesislerde \u00e7at\u0131 kaplama ve kaplama i\u00e7in yayg\u0131n olarak kullan\u0131l\u0131r. Zorlu end\u00fcstriyel ortamlarda g\u00fc\u00e7, dayan\u0131kl\u0131l\u0131k ve uzun \u00f6m\u00fcrl\u00fc performans sa\u011flarlar.<\/li>\n<li>\u00c7it ve Muhafazalar: Oluklu \u00e7elik paneller, konut, ticari ve end\u00fcstriyel m\u00fclkler i\u00e7in g\u00fcvenlik ve mahremiyet sa\u011flayan \u00e7it sistemleri ve muhafazalar i\u00e7in kullan\u0131l\u0131r. Panellerin g\u00fcc\u00fc ve sertli\u011fi, onlar\u0131 \u00e7evre korumas\u0131 i\u00e7in etkili bir bariyer haline getirir.<\/li>\n<li>Altyap\u0131 ve \u0130n\u015faat: Oluklu \u00e7elik paneller k\u00f6pr\u00fcler, t\u00fcneller ve tren istasyonlar\u0131 gibi \u00e7e\u015fitli altyap\u0131 projelerinde kullan\u0131lmaktad\u0131r. Mukavemetleri, dayan\u0131kl\u0131l\u0131klar\u0131 ve zorlu \u00e7evre ko\u015fullar\u0131na kar\u015f\u0131 diren\u00e7leri nedeniyle kaplama, \u00e7at\u0131 kaplama ve yap\u0131sal ama\u00e7lar i\u00e7in kullan\u0131l\u0131rlar.<\/li>\n<li>\u0130\u00e7 Mekan Uygulamalar\u0131: Oluklu \u00e7elik paneller duvar b\u00f6lmeleri, tavanlar ve dekoratif vurgular gibi i\u00e7 mekan uygulamalar\u0131 i\u00e7in de kullan\u0131labilir. Mekanlara end\u00fcstriyel ve modern bir g\u00f6r\u00fcn\u00fcm katarak \u00e7a\u011fda\u015f mimari tasar\u0131mlarda pop\u00fcler olmalar\u0131n\u0131 sa\u011flarlar.<\/li>\n<li>Ge\u00e7ici Yap\u0131lar: Oluklu \u00e7elik paneller genellikle portatif kabinler, ge\u00e7ici konutlar ve \u015fantiye ofisleri gibi ge\u00e7ici yap\u0131larda kullan\u0131l\u0131r. Bu paneller hafiftir, ta\u015f\u0131nmas\u0131 kolayd\u0131r ve h\u0131zl\u0131 bir \u015fekilde monte edilip s\u00f6k\u00fclebilir.<\/li>\n<\/ol>\n<p>Bunlar, rulo \u015fekillendirme makineleri taraf\u0131ndan \u00fcretilen oluklu \u00e7elik paneller i\u00e7in ba\u015fl\u0131ca uygulama alanlar\u0131ndan baz\u0131lar\u0131d\u0131r. Bu panellerin \u00e7ok y\u00f6nl\u00fcl\u00fc\u011f\u00fc, dayan\u0131kl\u0131l\u0131\u011f\u0131 ve maliyet etkinli\u011fi, onlar\u0131 \u00e7e\u015fitli end\u00fcstrilerde ve in\u015faat projelerinde pop\u00fcler bir se\u00e7im haline getirmektedir.<\/p>","protected":false},"excerpt":{"rendered":"<p>Trapez panel rulo \u015fekillendirme makinesi esas olarak \u00e7at\u0131 panelleri \u00fcretmek i\u00e7in kullan\u0131l\u0131r. Normalde panel kal\u0131nl\u0131\u011f\u0131 normal galvanizli \u00e7elik veya renkli bobin ile 0.3-0.8mm'dir. \u00c7at\u0131 kaplama sistemi rulo \u015fekillendirme makinesi \u00e7ok \u00e7e\u015fitli metal sac profillere sahiptir. Trapez panel, oluklu panel, kiremit, s\u0131rl\u0131 kiremit, metal g\u00fcverte, duvar paneli, ayakta diki\u015f, K a\u00e7\u0131kl\u0131k ve s\u0131rt kapa\u011f\u0131 i\u00e7erir. \u00dcr\u00fcnleri, at\u00f6lye in\u015faat\u0131 ve konut yap\u0131m\u0131nda \u00e7at\u0131 ve duvar sisteminde yayg\u0131n olarak kullan\u0131lmaktad\u0131r.<\/p>","protected":false},"featured_media":3069,"comment_status":"closed","ping_status":"closed","template":"","meta":{"_acf_changed":false},"product_brand":[],"product_cat":[45,86],"product_tag":[],"class_list":{"0":"post-3068","1":"product","2":"type-product","3":"status-publish","4":"has-post-thumbnail","6":"product_cat-metal-wall-roofing","7":"product_cat-trapezoidal-roof-panel-roll-forming-machine","9":"first","10":"instock","11":"shipping-taxable","12":"product-type-simple"},"acf":[],"_links":{"self":[{"href":"https:\/\/swforming.com\/tr\/wp-json\/wp\/v2\/product\/3068","targetHints":{"allow":["GET"]}}],"collection":[{"href":"https:\/\/swforming.com\/tr\/wp-json\/wp\/v2\/product"}],"about":[{"href":"https:\/\/swforming.com\/tr\/wp-json\/wp\/v2\/types\/product"}],"replies":[{"embeddable":true,"href":"https:\/\/swforming.com\/tr\/wp-json\/wp\/v2\/comments?post=3068"}],"version-history":[{"count":4,"href":"https:\/\/swforming.com\/tr\/wp-json\/wp\/v2\/product\/3068\/revisions"}],"predecessor-version":[{"id":3742,"href":"https:\/\/swforming.com\/tr\/wp-json\/wp\/v2\/product\/3068\/revisions\/3742"}],"wp:featuredmedia":[{"embeddable":true,"href":"https:\/\/swforming.com\/tr\/wp-json\/wp\/v2\/media\/3069"}],"wp:attachment":[{"href":"https:\/\/swforming.com\/tr\/wp-json\/wp\/v2\/media?parent=3068"}],"wp:term":[{"taxonomy":"product_brand","embeddable":true,"href":"https:\/\/swforming.com\/tr\/wp-json\/wp\/v2\/product_brand?post=3068"},{"taxonomy":"product_cat","embeddable":true,"href":"https:\/\/swforming.com\/tr\/wp-json\/wp\/v2\/product_cat?post=3068"},{"taxonomy":"product_tag","embeddable":true,"href":"https:\/\/swforming.com\/tr\/wp-json\/wp\/v2\/product_tag?post=3068"}],"curies":[{"name":"wp","href":"https:\/\/api.w.org\/{rel}","templated":true}]}}