{"id":1998,"date":"2023-02-06T09:11:20","date_gmt":"2023-02-06T09:11:20","guid":{"rendered":"https:\/\/swforming.com\/?post_type=product&#038;p=1998"},"modified":"2023-08-02T02:47:16","modified_gmt":"2023-08-02T02:47:16","slug":"vineyard-post-roll-forming-machine","status":"publish","type":"product","link":"https:\/\/swforming.com\/tr\/product\/vineyard-post-roll-forming-machine\/","title":{"rendered":"Ba\u011f Dire\u011fi Rulo \u015eekillendirme Makinesi"},"content":{"rendered":"<p><img fetchpriority=\"high\" decoding=\"async\" class=\"alignnone wp-image-2005 size-full\" src=\"https:\/\/swforming.com\/wp-content\/uploads\/2023\/02\/H2bffd7153f4a494d9db3c42dcc479ae6r.webp\" alt=\"Ba\u011f Dire\u011fi Rulo \u015eekillendirme Makinesi\" width=\"750\" height=\"900\" title=\"\" srcset=\"https:\/\/swforming.com\/wp-content\/uploads\/2023\/02\/H2bffd7153f4a494d9db3c42dcc479ae6r.webp 750w, https:\/\/swforming.com\/wp-content\/uploads\/2023\/02\/H2bffd7153f4a494d9db3c42dcc479ae6r-600x720.webp 600w, https:\/\/swforming.com\/wp-content\/uploads\/2023\/02\/H2bffd7153f4a494d9db3c42dcc479ae6r-250x300.webp 250w, https:\/\/swforming.com\/wp-content\/uploads\/2023\/02\/H2bffd7153f4a494d9db3c42dcc479ae6r-10x12.webp 10w\" sizes=\"(max-width: 750px) 100vw, 750px\" \/><\/p>\n<p>Ba\u011f dire\u011fi rulo \u015fekillendirme makinesi, ba\u011f ve meyve bah\u00e7esi i\u00e7in kaz\u0131k ve direk \u00fcretmek i\u00e7in kullan\u0131l\u0131r. Normalde \u00fcz\u00fcm dire\u011fi 1,5-2 mm kal\u0131nl\u0131\u011f\u0131ndad\u0131r. Bu nedenle, makinemizin istikrarl\u0131 ve uzun \u00e7al\u0131\u015fma \u00f6mr\u00fc ile \u00e7al\u0131\u015fmas\u0131n\u0131 sa\u011flamak i\u00e7in di\u015fli kutusu s\u00fcr\u00fc\u015f sistemini benimsedik.<\/p>\n<p>Ba\u011f Kaz\u0131klar\u0131, ba\u011f ve bah\u00e7elerde kaz\u0131k \u00e7akmak i\u00e7in kullan\u0131l\u0131r. \u00c7imento kaz\u0131klarla kar\u015f\u0131la\u015ft\u0131r\u0131ld\u0131\u011f\u0131nda, metal \u00fcz\u00fcm kaz\u0131klar\u0131n\u0131n kurulumu kolayd\u0131r ve i\u015f\u00e7ilik maliyetleri d\u00fc\u015f\u00fckt\u00fcr. \u00dcr\u00fcndeki Z \u015feklindeki delikler, \u00fcz\u00fcmler b\u00fcy\u00fcd\u00fck\u00e7e telin y\u00fcksekli\u011fini ayarlamak i\u00e7in kullan\u0131l\u0131r. Kal\u0131n \u00e7inko tabakal\u0131 korozyon \u00f6nleyici galvanizli \u00e7elik kullan\u0131m\u0131, d\u00fcnyan\u0131n en uygun maliyetli ticari pop\u00fclerli\u011fidir.<\/p>\n<p>Ak\u0131ll\u0131 Ba\u011f dire\u011fi rulo \u015fekillendirme makinemiz profilinize g\u00f6re farkl\u0131 direkler yapabilir. A\u00e7ma, servo besleme, delme, rulo \u015fekillendirme, kesme vb. i\u015flemler tek bir hat \u00fczerinde otomatik olarak ger\u00e7ekle\u015ftirilebilir.<\/p>\n<p>M\u00fc\u015fterilerin \u00e7izimlerine, toleranslar\u0131na ve b\u00fct\u00e7elerine g\u00f6re farkl\u0131 \u00e7\u00f6z\u00fcmler \u00fcretiyor, t\u00fcm gereksinimlerinize uyarlanabilen profesyonel bire bir hizmet sunuyoruz. Hangi hatt\u0131 se\u00e7erseniz se\u00e7in, SUNWAY Machinery'nin kalitesi m\u00fckemmel i\u015flevsel profiller elde etmenizi sa\u011flayacakt\u0131r.<\/p>\n<h3>Profil \u00c7izimleri<img decoding=\"async\" class=\"alignnone size-full wp-image-2006\" src=\"https:\/\/swforming.com\/wp-content\/uploads\/2023\/02\/He1b17bafdef740e2b8bb09df4de31366g.webp\" alt=\"\" width=\"1748\" height=\"1817\" title=\"\" srcset=\"https:\/\/swforming.com\/wp-content\/uploads\/2023\/02\/He1b17bafdef740e2b8bb09df4de31366g.webp 1748w, https:\/\/swforming.com\/wp-content\/uploads\/2023\/02\/He1b17bafdef740e2b8bb09df4de31366g-600x624.webp 600w, https:\/\/swforming.com\/wp-content\/uploads\/2023\/02\/He1b17bafdef740e2b8bb09df4de31366g-289x300.webp 289w, https:\/\/swforming.com\/wp-content\/uploads\/2023\/02\/He1b17bafdef740e2b8bb09df4de31366g-985x1024.webp 985w, https:\/\/swforming.com\/wp-content\/uploads\/2023\/02\/He1b17bafdef740e2b8bb09df4de31366g-768x798.webp 768w, https:\/\/swforming.com\/wp-content\/uploads\/2023\/02\/He1b17bafdef740e2b8bb09df4de31366g-1478x1536.webp 1478w, https:\/\/swforming.com\/wp-content\/uploads\/2023\/02\/He1b17bafdef740e2b8bb09df4de31366g-12x12.webp 12w\" sizes=\"(max-width: 1748px) 100vw, 1748px\" \/><\/h3>\n<p><img decoding=\"async\" class=\"alignnone wp-image-2007\" src=\"https:\/\/swforming.com\/wp-content\/uploads\/2023\/02\/H6dcda068d7694023a09f42f5b9959d92Q-300x221.webp\" alt=\"\" width=\"250\" height=\"184\" title=\"\" srcset=\"\" sizes=\"(max-width: 250px) 100vw, 250px\" data-srcset=\"\" \/> <img loading=\"lazy\" decoding=\"async\" class=\"alignnone wp-image-2008\" src=\"https:\/\/swforming.com\/wp-content\/uploads\/2023\/02\/H597d7cf2e7964497b20a79d29b671f919-300x221.webp\" alt=\"\" width=\"250\" height=\"184\" title=\"\" srcset=\"\" sizes=\"(max-width: 250px) 100vw, 250px\" data-srcset=\"\" \/> <img loading=\"lazy\" decoding=\"async\" class=\"alignnone wp-image-2009\" src=\"https:\/\/swforming.com\/wp-content\/uploads\/2023\/02\/Hc0d7ed264307440a9b7507046e2137b0Y-300x221.webp\" alt=\"\" width=\"250\" height=\"184\" title=\"\" srcset=\"\" sizes=\"(max-width: 250px) 100vw, 250px\" data-srcset=\"\" \/><\/p>\n<h3>\u00dcretim Hatt\u0131<\/h3>\n<h3><img loading=\"lazy\" decoding=\"async\" class=\"alignnone wp-image-2010 size-full\" src=\"https:\/\/swforming.com\/wp-content\/uploads\/2023\/02\/Hda2f6f97f13a4b7abc5acb968fd9615cv.webp\" alt=\"\" width=\"1748\" height=\"1090\" title=\"\" srcset=\"https:\/\/swforming.com\/wp-content\/uploads\/2023\/02\/Hda2f6f97f13a4b7abc5acb968fd9615cv.webp 1748w, https:\/\/swforming.com\/wp-content\/uploads\/2023\/02\/Hda2f6f97f13a4b7abc5acb968fd9615cv-600x374.webp 600w, https:\/\/swforming.com\/wp-content\/uploads\/2023\/02\/Hda2f6f97f13a4b7abc5acb968fd9615cv-300x187.webp 300w, https:\/\/swforming.com\/wp-content\/uploads\/2023\/02\/Hda2f6f97f13a4b7abc5acb968fd9615cv-1024x639.webp 1024w, https:\/\/swforming.com\/wp-content\/uploads\/2023\/02\/Hda2f6f97f13a4b7abc5acb968fd9615cv-768x479.webp 768w, https:\/\/swforming.com\/wp-content\/uploads\/2023\/02\/Hda2f6f97f13a4b7abc5acb968fd9615cv-1536x958.webp 1536w, https:\/\/swforming.com\/wp-content\/uploads\/2023\/02\/Hda2f6f97f13a4b7abc5acb968fd9615cv-18x12.webp 18w\" sizes=\"(max-width: 1748px) 100vw, 1748px\" \/><\/h3>\n<h3>\u00dcr\u00fcn Detaylar\u0131<\/h3>\n<h3><img loading=\"lazy\" decoding=\"async\" class=\"alignnone wp-image-2012 size-full\" src=\"https:\/\/swforming.com\/wp-content\/uploads\/2023\/02\/Product-Details.png\" alt=\"\" width=\"750\" height=\"1275\" title=\"\" srcset=\"https:\/\/swforming.com\/wp-content\/uploads\/2023\/02\/Product-Details.png 750w, https:\/\/swforming.com\/wp-content\/uploads\/2023\/02\/Product-Details-600x1020.png 600w, https:\/\/swforming.com\/wp-content\/uploads\/2023\/02\/Product-Details-176x300.png 176w, https:\/\/swforming.com\/wp-content\/uploads\/2023\/02\/Product-Details-602x1024.png 602w, https:\/\/swforming.com\/wp-content\/uploads\/2023\/02\/Product-Details-7x12.png 7w\" sizes=\"(max-width: 750px) 100vw, 750px\" \/><\/h3>\n<h3>\u00dcr\u00fcn Parametreleri<\/h3>\n<div style=\"overflow-x: auto;\">\n<table>\n<tbody>\n<tr>\n<td style=\"text-align: center;\" colspan=\"3\" rowspan=\"1\" data-sheets-value=\"{&quot;1&quot;:2,&quot;2&quot;:&quot;Vineyard Post Roll Forming Machine&quot;}\"><strong>Ba\u011f Dire\u011fi Rulo \u015eekillendirme Makinesi<\/strong><\/td>\n<\/tr>\n<tr>\n<td colspan=\"1\" rowspan=\"2\" data-sheets-value=\"{&quot;1&quot;:2,&quot;2&quot;:&quot;Machinable Material&quot;}\">\n<div>\u0130\u015flenebilir Malzeme<\/div>\n<\/td>\n<td data-sheets-value=\"{&quot;1&quot;:2,&quot;2&quot;:&quot;A) Galvanized Steel&quot;}\">A) Galvanizli \u00c7elik<\/td>\n<td colspan=\"1\" rowspan=\"2\" data-sheets-value=\"{&quot;1&quot;:2,&quot;2&quot;:&quot;Thickness(MM): 1.5-2.0 as per customer&quot;}\">\n<div>Kal\u0131nl\u0131k (MM): M\u00fc\u015fteriye g\u00f6re 1.5-2.0<\/div>\n<\/td>\n<\/tr>\n<tr>\n<td data-sheets-value=\"{&quot;1&quot;:2,&quot;2&quot;:&quot;B) Mild Steel&quot;}\">B) Yumu\u015fak \u00c7elik<\/td>\n<\/tr>\n<tr>\n<td data-sheets-value=\"{&quot;1&quot;:2,&quot;2&quot;:&quot;Yield Strength&quot;}\">Akma Dayan\u0131m\u0131<\/td>\n<td colspan=\"2\" rowspan=\"1\" data-sheets-value=\"{&quot;1&quot;:2,&quot;2&quot;:&quot;250 - 550 Mpa&quot;}\">250 - 550 Mpa<\/td>\n<\/tr>\n<tr>\n<td data-sheets-value=\"{&quot;1&quot;:2,&quot;2&quot;:&quot;Tensil Stress&quot;}\">Tensil Stres<\/td>\n<td colspan=\"2\" rowspan=\"1\" data-sheets-value=\"{&quot;1&quot;:2,&quot;2&quot;:&quot;G250 Mpa-G550 Mpa&quot;}\">G250 Mpa-G550 Mpa<\/td>\n<\/tr>\n<tr>\n<td data-sheets-value=\"{&quot;1&quot;:2,&quot;2&quot;:&quot;Decoiler&quot;}\">Decoiler<\/td>\n<td data-sheets-value=\"{&quot;1&quot;:2,&quot;2&quot;:&quot;Manual Decoiler&quot;}\">Manuel A\u00e7\u0131c\u0131<\/td>\n<td data-sheets-value=\"{&quot;1&quot;:2,&quot;2&quot;:&quot;* Hydraulic Decoiler (Optional)&quot;}\">* Hidrolik A\u00e7\u0131c\u0131 (Opsiyonel)<\/td>\n<\/tr>\n<tr>\n<td data-sheets-value=\"{&quot;1&quot;:2,&quot;2&quot;:&quot;Punching System&quot;}\">Delme Sistemi<\/td>\n<td data-sheets-value=\"{&quot;1&quot;:2,&quot;2&quot;:&quot;Hydraulic Punching Station&quot;}\">Hidrolik Delme \u0130stasyonu<\/td>\n<td data-sheets-value=\"{&quot;1&quot;:2,&quot;2&quot;:&quot;* Punching Press (Optional)&quot;}\">* Delme Presi (Opsiyonel)<\/td>\n<\/tr>\n<tr>\n<td data-sheets-value=\"{&quot;1&quot;:2,&quot;2&quot;:&quot;Forming Station&quot;}\">\u015eekillendirme \u0130stasyonu<\/td>\n<td data-sheets-value=\"{&quot;1&quot;:2,&quot;2&quot;:&quot;About 16-18 Stands&quot;}\">Yakla\u015f\u0131k 16-18 Stand<\/td>\n<td data-sheets-value=\"{&quot;1&quot;:2,&quot;2&quot;:&quot;* According To Your Profile Drawings&quot;}\">* Profil \u00c7izimlerinize G\u00f6re<\/td>\n<\/tr>\n<tr>\n<td data-sheets-value=\"{&quot;1&quot;:2,&quot;2&quot;:&quot;Driving System&quot;}\">S\u00fcr\u00fc\u015f Sistemi<\/td>\n<td colspan=\"2\" rowspan=\"1\" data-sheets-value=\"{&quot;1&quot;:2,&quot;2&quot;:&quot;Gearbox Drive&quot;}\">\u015eanz\u0131man Tahriki<\/td>\n<\/tr>\n<tr>\n<td data-sheets-value=\"{&quot;1&quot;:2,&quot;2&quot;:&quot;Machine Structure&quot;}\">Makine Yap\u0131s\u0131<\/td>\n<td colspan=\"2\" rowspan=\"1\" data-sheets-value=\"{&quot;1&quot;:2,&quot;2&quot;:&quot;Cast Iron Stands&quot;}\">D\u00f6kme Demir Standlar<\/td>\n<\/tr>\n<tr>\n<td data-sheets-value=\"{&quot;1&quot;:2,&quot;2&quot;:&quot;Forming Speed&quot;}\">\u015eekillendirme H\u0131z\u0131<\/td>\n<td data-sheets-value=\"{&quot;1&quot;:2,&quot;2&quot;:&quot;5-10 (M\/MIN)&quot;}\">5-10 (M\/MIN)<\/td>\n<td data-sheets-value=\"{&quot;1&quot;:2,&quot;2&quot;:&quot;* Or According To Your Profile Drawings&quot;}\">* Veya Profil \u00c7izimlerinize G\u00f6re<\/td>\n<\/tr>\n<tr>\n<td data-sheets-value=\"{&quot;1&quot;:2,&quot;2&quot;:&quot;Rollers\u2019 Material&quot;}\">Silindir Malzemesi<\/td>\n<td data-sheets-value=\"{&quot;1&quot;:2,&quot;2&quot;:&quot;GCr 15&quot;}\">GCr 15<\/td>\n<td data-sheets-value=\"{&quot;1&quot;:2,&quot;2&quot;:&quot;* Cr12 (Optional)&quot;}\">* Cr12 (Opsiyonel)<\/td>\n<\/tr>\n<tr>\n<td data-sheets-value=\"{&quot;1&quot;:2,&quot;2&quot;:&quot;Cutting System&quot;}\">Kesim Sistemi<\/td>\n<td data-sheets-value=\"{&quot;1&quot;:2,&quot;2&quot;:&quot;Hydraulic Cutting&quot;}\">Hidrolik Kesme<\/td>\n<td data-sheets-value=\"{&quot;1&quot;:2,&quot;2&quot;:&quot;* Saw Cutting (Optional)&quot;}\">* Testere Kesimi (Opsiyonel)<\/td>\n<\/tr>\n<tr>\n<td data-sheets-value=\"{&quot;1&quot;:2,&quot;2&quot;:&quot;Frequency Changer Brand&quot;}\">Frekans De\u011fi\u015ftirici Marka<\/td>\n<td data-sheets-value=\"{&quot;1&quot;:2,&quot;2&quot;:&quot;Yaskawa&quot;}\">Yaskawa<\/td>\n<td data-sheets-value=\"{&quot;1&quot;:2,&quot;2&quot;:&quot;* Siemens (Optional)&quot;}\">* Siemens (Opsiyonel)<\/td>\n<\/tr>\n<tr>\n<td data-sheets-value=\"{&quot;1&quot;:2,&quot;2&quot;:&quot;PLC Brand&quot;}\">PLC Markas\u0131<\/td>\n<td data-sheets-value=\"{&quot;1&quot;:2,&quot;2&quot;:&quot;Panasonic&quot;}\">Panasonic<\/td>\n<td data-sheets-value=\"{&quot;1&quot;:2,&quot;2&quot;:&quot;* Siemens (Optional)&quot;}\">* Siemens (Opsiyonel)<\/td>\n<\/tr>\n<tr>\n<td data-sheets-value=\"{&quot;1&quot;:2,&quot;2&quot;:&quot;Power Supply&quot;}\">G\u00fc\u00e7 Kayna\u011f\u0131<\/td>\n<td data-sheets-value=\"{&quot;1&quot;:2,&quot;2&quot;:&quot;380V 50Hz 3ph&quot;}\">380V 50Hz 3ph<\/td>\n<td data-sheets-value=\"{&quot;1&quot;:2,&quot;2&quot;:&quot;* Or According To Your Requirment&quot;}\">* Veya \u0130htiyac\u0131n\u0131za G\u00f6re<\/td>\n<\/tr>\n<tr>\n<td data-sheets-value=\"{&quot;1&quot;:2,&quot;2&quot;:&quot;Machine Color&quot;}\">Makine Rengi<\/td>\n<td data-sheets-value=\"{&quot;1&quot;:2,&quot;2&quot;:&quot;Industrial Blue&quot;}\">End\u00fcstriyel Mavi<\/td>\n<td data-sheets-value=\"{&quot;1&quot;:2,&quot;2&quot;:&quot;* Or According To Your Requirment&quot;}\">* Veya \u0130htiyac\u0131n\u0131za G\u00f6re<\/td>\n<\/tr>\n<tr>\n<td data-sheets-value=\"{&quot;1&quot;:2,&quot;2&quot;:&quot;Machine Color&quot;}\">Makine Rengi<\/td>\n<td data-sheets-value=\"{&quot;1&quot;:2,&quot;2&quot;:&quot;Industrial Blue&quot;}\">End\u00fcstriyel Mavi<\/td>\n<td data-sheets-value=\"{&quot;1&quot;:2,&quot;2&quot;:&quot;* Or According To Your Requirment&quot;}\">* Veya \u0130htiyac\u0131n\u0131za G\u00f6re<\/td>\n<\/tr>\n<\/tbody>\n<\/table>\n<\/div>\n<h3>Uygulama<\/h3>\n<p><img loading=\"lazy\" decoding=\"async\" class=\"alignnone wp-image-2014 size-full\" src=\"https:\/\/swforming.com\/wp-content\/uploads\/2023\/02\/application.png\" alt=\"\" width=\"750\" height=\"452\" title=\"\" srcset=\"https:\/\/swforming.com\/wp-content\/uploads\/2023\/02\/application.png 750w, https:\/\/swforming.com\/wp-content\/uploads\/2023\/02\/application-600x362.png 600w, https:\/\/swforming.com\/wp-content\/uploads\/2023\/02\/application-300x181.png 300w, https:\/\/swforming.com\/wp-content\/uploads\/2023\/02\/application-18x12.png 18w\" sizes=\"(max-width: 750px) 100vw, 750px\" \/><\/p>\n<h3>rafli rulo \u015feki\u0307llendi\u0307rme maki\u0307nesi\u0307 nedi\u0307r?<\/h3>\n<p>Bir raf rulo \u015fekillendirme makinesi, sar\u0131lm\u0131\u015f metal levhalardan veya \u015feritlerden tutarl\u0131 ve hassas \u015fekillere sahip raflar veya raflar \u00fcretmek i\u00e7in kullan\u0131lan bir \u00fcretim ekipman\u0131 t\u00fcr\u00fcd\u00fcr. Rulo \u015fekillendirme, metalin bir dizi silindirden ge\u00e7irilerek kademeli olarak istenen profile d\u00f6n\u00fc\u015ft\u00fcr\u00fcld\u00fc\u011f\u00fc s\u00fcrekli bir b\u00fckme i\u015flemidir.<\/p>\n<p>Bir raf rulo \u015fekillendirme makinesi s\u00f6z konusu oldu\u011funda, silindirler raf \u015feklini olu\u015fturmak i\u00e7in \u00f6zel olarak tasarlanm\u0131\u015ft\u0131r. Makine tipik olarak metal \u015feridi tutmak ve beslemek i\u00e7in bir a\u00e7\u0131c\u0131dan, metali a\u015famal\u0131 olarak \u015fekillendiren bir dizi silindirden ve olu\u015fturulan raflar\u0131 istenen uzunluklara ay\u0131rmak i\u00e7in bir kesme mekanizmas\u0131ndan olu\u015fur.<\/p>\n<p>Bir raf rulo \u015fekillendirme makinesi kullanman\u0131n avantaj\u0131, y\u00fcksek \u00fcretim h\u0131z\u0131nda y\u00fcksek boyutsal do\u011fruluk ve homojenli\u011fe sahip raflar \u00fcretebilmesidir. S\u00fcre\u00e7 verimlidir, malzeme israf\u0131n\u0131 azalt\u0131r ve ek \u015fekillendirme i\u015flemlerine olan ihtiyac\u0131 ortadan kald\u0131r\u0131r. Ayr\u0131ca, rulo \u015fekillendirme, farkl\u0131 raf tasar\u0131mlar\u0131 i\u00e7in karma\u015f\u0131k profillerin ve \u00f6zelle\u015ftirme se\u00e7eneklerinin olu\u015fturulmas\u0131na olanak tan\u0131r.<\/p>\n<p>Raf rulo \u015fekillendirme makineleri, depolama ve organizasyon sistemlerinin gerekli oldu\u011fu depolama, lojistik, perakende ve imalat gibi sekt\u00f6rlerde yayg\u0131n olarak kullan\u0131lmaktad\u0131r. Mallar\u0131n depolanmas\u0131, \u00fcr\u00fcnlerin sergilenmesi veya envanterin d\u00fczenlenmesi gibi \u00e7e\u015fitli ama\u00e7lar i\u00e7in kullan\u0131labilen sa\u011flam ve g\u00fcvenilir raflar\u0131n \u00fcretilmesini sa\u011flarlar.<\/p>\n<h3>palet raf\u0131 rulo \u015fekillendirme makinesi uygulamas\u0131<\/h3>\n<ol>\n<li>Depolama ve Lojistik: Palet raflar\u0131, mallar\u0131 verimli bir \u015fekilde depolamak ve d\u00fczenlemek i\u00e7in depolarda ve da\u011f\u0131t\u0131m merkezlerinde yayg\u0131n olarak kullan\u0131lmaktad\u0131r. Rulo \u015fekillendirme makinesi, tutarl\u0131 boyutlara ve yap\u0131sal b\u00fct\u00fcnl\u00fc\u011fe sahip y\u00fcksek kaliteli raflar\u0131n \u00fcretilmesini sa\u011flayarak g\u00fcvenli ve etkili depolama \u00e7\u00f6z\u00fcmleri sunar.<\/li>\n<li>Perakende ve S\u00fcpermarketler: Palet raflar\u0131 s\u00fcpermarketler, b\u00fcy\u00fck ma\u011fazalar ve marketler gibi perakende ortamlar\u0131nda kullan\u0131l\u0131r. Marketler, ev e\u015fyalar\u0131, elektronik cihazlar ve daha fazlas\u0131 dahil olmak \u00fczere \u00e7ok \u00e7e\u015fitli \u00fcr\u00fcnleri depolamak ve sergilemek i\u00e7in bir ara\u00e7 sa\u011flarlar. Rulo \u015fekillendirme makinesi, perakende ortamlar\u0131n\u0131n \u00f6zel gereksinimlerini kar\u015f\u0131lamak i\u00e7in \u00f6zelle\u015ftirilmi\u015f raflar\u0131n \u00fcretilmesine olanak tan\u0131r.<\/li>\n<li>\u00dcretim ve End\u00fcstriyel Tesisler: Palet raflar\u0131 genellikle \u00fcretim tesislerinde ve end\u00fcstriyel tesislerde hammaddeleri, bile\u015fenleri, devam eden i\u015fleri ve bitmi\u015f \u00fcr\u00fcnleri depolamak i\u00e7in kullan\u0131l\u0131r. Rulo \u015fekillendirme makinesi, farkl\u0131 \u00fcr\u00fcn t\u00fcrlerini bar\u0131nd\u0131rmak ve alan kullan\u0131m\u0131n\u0131 optimize etmek i\u00e7in \u00e7e\u015fitli y\u00fck kapasitelerine ve konfig\u00fcrasyonlara sahip raflar \u00fcretebilir.<\/li>\n<li>E-ticaret ve Sipari\u015f Kar\u015f\u0131lama Merkezleri: E-ticaretin b\u00fcy\u00fcmesiyle birlikte, sipari\u015f kar\u015f\u0131lama merkezlerinde palet raflar\u0131na olan talep \u00f6nemli \u00f6l\u00e7\u00fcde artm\u0131\u015ft\u0131r. Palet raflar\u0131, b\u00fcy\u00fck hacimli envanterin y\u00f6netilmesi i\u00e7in verimli depolama \u00e7\u00f6z\u00fcmleri sunarak sipari\u015flerin h\u0131zl\u0131 ve d\u00fczenli bir \u015fekilde yerine getirilmesini sa\u011flar. Rulo \u015fekillendirme makinesi, bu merkezlerin \u00fcretim taleplerini kar\u015f\u0131lamada \u00e7ok \u00f6nemli bir rol oynar.<\/li>\n<li>Otomotiv ve A\u011f\u0131r Ekipman Depolama: Palet raflar\u0131, otomotiv ve a\u011f\u0131r ekipman end\u00fcstrilerinde bile\u015fenleri, par\u00e7alar\u0131 ve montajlar\u0131 depolamak i\u00e7in kullan\u0131l\u0131r. Rulo \u015fekillendirme makinesi, a\u011f\u0131r y\u00fcklere dayanabilen ve \u00f6\u011felere kolay eri\u015fim sa\u011flayan raflar\u0131n \u00fcretilmesine olanak tan\u0131yarak bu sekt\u00f6rlerde operasyonel verimlili\u011fi art\u0131r\u0131r.<\/li>\n<\/ol>\n<h3>raf raf rulo \u015fekillendirme makinesi nas\u0131l se\u00e7ilir<\/h3>\n<ol>\n<li>\u00dcretim Gereksinimleri: \u00dcretmeyi planlad\u0131\u011f\u0131n\u0131z raf raflar\u0131n\u0131n miktar\u0131 ve t\u00fcrleri a\u00e7\u0131s\u0131ndan \u00fcretim ihtiya\u00e7lar\u0131n\u0131z\u0131 belirleyin. \u0130stedi\u011finiz \u00e7\u0131kt\u0131y\u0131 kar\u015f\u0131lamak i\u00e7in makinenin \u00fcretim kapasitesi, h\u0131z\u0131 ve esnekli\u011fi gibi fakt\u00f6rleri g\u00f6z \u00f6n\u00fcnde bulundurun.<\/li>\n<li>Raf Raf\u0131 \u00d6zellikleri: Boyutlar, malzeme kal\u0131nl\u0131\u011f\u0131, profil tasar\u0131m\u0131 ve y\u00fck ta\u015f\u0131ma kapasitesi dahil olmak \u00fczere \u00fcretmeyi planlad\u0131\u011f\u0131n\u0131z raf raflar\u0131n\u0131n \u00f6zel gereksinimlerini de\u011ferlendirin. Rulo \u015fekillendirme makinesinin istenen \u00f6zellikleri kar\u015f\u0131layabildi\u011finden ve end\u00fcstri standartlar\u0131n\u0131 ve m\u00fc\u015fteri beklentilerini kar\u015f\u0131layan raflar \u00fcretebildi\u011finden emin olun.<\/li>\n<li>Malzeme Uyumlulu\u011fu: Raf \u00fcretimi i\u00e7in kullanaca\u011f\u0131n\u0131z \u00e7elik, al\u00fcminyum veya di\u011fer metaller gibi malzeme t\u00fcrlerini g\u00f6z \u00f6n\u00fcnde bulundurun. Rulo \u015fekillendirme makinesinin se\u00e7ilen malzemeleri i\u015fleyebildi\u011finden ve farkl\u0131 malzeme kal\u0131nl\u0131klar\u0131yla \u00e7al\u0131\u015fmak i\u00e7in ayarlanabilir silindir setleri ve kesme mekanizmalar\u0131 gibi gerekli \u00f6zelliklere sahip oldu\u011fundan emin olun.<\/li>\n<li>Makine Konfig\u00fcrasyonu: \u00d6zel ihtiya\u00e7lar\u0131n\u0131zla uyumlu olup olmad\u0131klar\u0131n\u0131 belirlemek i\u00e7in makinenin konfig\u00fcrasyonunu ve \u00f6zelliklerini de\u011ferlendirin. \u015eekillendirme istasyonlar\u0131n\u0131n say\u0131s\u0131, delik delme veya kaynak yetenekleri gibi ek \u00f6zelliklerin varl\u0131\u011f\u0131 ve makineyi farkl\u0131 raf raf\u0131 profilleri i\u00e7in ayarlama kolayl\u0131\u011f\u0131 gibi fakt\u00f6rleri g\u00f6z \u00f6n\u00fcnde bulundurun.<\/li>\n<li>Kalite ve Dayan\u0131kl\u0131l\u0131k: Rulo \u015fekillendirme makinesinin yap\u0131 kalitesini ve g\u00fcvenilirli\u011fini de\u011ferlendirin. Y\u00fcksek kaliteli makineler \u00fcretme ge\u00e7mi\u015fine sahip sayg\u0131n bir \u00fcretici aray\u0131n. Yap\u0131mda kullan\u0131lan malzemeler, makinenin bile\u015fenlerinin hassasiyeti ve teknik destek ve yedek par\u00e7a bulunabilirli\u011fi gibi fakt\u00f6rleri g\u00f6z \u00f6n\u00fcnde bulundurun.<\/li>\n<li>Maliyet ve Yat\u0131r\u0131m Getirisi: Rulo \u015fekillendirme makinesinin maliyetini b\u00fct\u00e7enizle kar\u015f\u0131la\u015ft\u0131r\u0131n ve potansiyel yat\u0131r\u0131m getirisini de\u011ferlendirin. Uzun vadeli maliyet etkinli\u011fini de\u011ferlendirmek i\u00e7in makinenin verimlili\u011fi, \u00fcretim kapasitesi, bak\u0131m gereksinimleri ve potansiyel enerji tasarrufu gibi fakt\u00f6rleri g\u00f6z \u00f6n\u00fcnde bulundurun.<\/li>\n<li>\u00dcretici Deste\u011fi ve Servis: E\u011fitim, kurulum ve sat\u0131\u015f sonras\u0131 hizmet dahil olmak \u00fczere kapsaml\u0131 m\u00fc\u015fteri deste\u011fi sunan bir \u00fcretici se\u00e7in. G\u00fcvenilir bir \u00fcretici, sorunsuz \u00e7al\u0131\u015fmay\u0131 sa\u011flamak ve ar\u0131za s\u00fcresini en aza indirmek i\u00e7in teknik yard\u0131m, sorun giderme ve yedek par\u00e7a sa\u011flayacakt\u0131r.<\/li>\n<li>G\u00fcvenlik ve Uyumluluk: \u00c7al\u0131\u015fanlar\u0131 korumak ve end\u00fcstri gerekliliklerine uymak i\u00e7in rulo \u015fekillendirme makinesinin g\u00fcvenlik standartlar\u0131n\u0131 ve y\u00f6netmeliklerini kar\u015f\u0131lad\u0131\u011f\u0131ndan emin olun. G\u00fcvenlik korumalar\u0131, acil durdurma d\u00fc\u011fmeleri ve ilgili g\u00fcvenlik standartlar\u0131na uygunluk gibi \u00f6zellikleri aray\u0131n.<\/li>\n<\/ol>","protected":false},"excerpt":{"rendered":"<p>Ba\u011f dire\u011fi rulo \u015fekillendirme makinesi, ba\u011f ve meyve bah\u00e7esi i\u00e7in kaz\u0131k ve direk \u00fcretmek i\u00e7in kullan\u0131l\u0131r. Normalde \u00fcz\u00fcm dire\u011fi 1,5-2 mm kal\u0131nl\u0131\u011f\u0131ndad\u0131r. Bu nedenle, makinemizin istikrarl\u0131 ve uzun \u00e7al\u0131\u015fma \u00f6mr\u00fc ile \u00e7al\u0131\u015fmas\u0131n\u0131 sa\u011flamak i\u00e7in di\u015fli kutusu s\u00fcr\u00fc\u015f sistemini benimsedik.<\/p>\n<p>Ba\u011f Kaz\u0131klar\u0131, ba\u011f ve bah\u00e7elerde kaz\u0131k \u00e7akmak i\u00e7in kullan\u0131l\u0131r. \u00c7imento kaz\u0131klarla kar\u015f\u0131la\u015ft\u0131r\u0131ld\u0131\u011f\u0131nda, metal \u00fcz\u00fcm kaz\u0131klar\u0131n\u0131n kurulumu kolayd\u0131r ve i\u015f\u00e7ilik maliyetleri d\u00fc\u015f\u00fckt\u00fcr. \u00dcr\u00fcndeki Z \u015feklindeki delikler, \u00fcz\u00fcmler b\u00fcy\u00fcd\u00fck\u00e7e telin y\u00fcksekli\u011fini ayarlamak i\u00e7in kullan\u0131l\u0131r. Kal\u0131n \u00e7inko tabakal\u0131 korozyon \u00f6nleyici galvanizli \u00e7elik kullan\u0131m\u0131, d\u00fcnyan\u0131n en uygun maliyetli ticari pop\u00fclerli\u011fidir.<\/p>\n<div id=\"gtx-trans\" style=\"position: absolute; left: -136px; top: -10px;\">\n<div class=\"gtx-trans-icon\"><\/div>\n<\/div>","protected":false},"featured_media":1999,"comment_status":"closed","ping_status":"closed","template":"","meta":{"_acf_changed":false},"product_brand":[],"product_cat":[52,112,69],"product_tag":[],"class_list":{"0":"post-1998","1":"product","2":"type-product","3":"status-publish","4":"has-post-thumbnail","6":"product_cat-steel-structure","7":"product_cat-profile-roll-forming-machine","8":"product_cat-vineyard-post-roll-forming-machine","10":"first","11":"instock","12":"shipping-taxable","13":"product-type-simple"},"acf":[],"_links":{"self":[{"href":"https:\/\/swforming.com\/tr\/wp-json\/wp\/v2\/product\/1998","targetHints":{"allow":["GET"]}}],"collection":[{"href":"https:\/\/swforming.com\/tr\/wp-json\/wp\/v2\/product"}],"about":[{"href":"https:\/\/swforming.com\/tr\/wp-json\/wp\/v2\/types\/product"}],"replies":[{"embeddable":true,"href":"https:\/\/swforming.com\/tr\/wp-json\/wp\/v2\/comments?post=1998"}],"version-history":[{"count":4,"href":"https:\/\/swforming.com\/tr\/wp-json\/wp\/v2\/product\/1998\/revisions"}],"predecessor-version":[{"id":3748,"href":"https:\/\/swforming.com\/tr\/wp-json\/wp\/v2\/product\/1998\/revisions\/3748"}],"wp:featuredmedia":[{"embeddable":true,"href":"https:\/\/swforming.com\/tr\/wp-json\/wp\/v2\/media\/1999"}],"wp:attachment":[{"href":"https:\/\/swforming.com\/tr\/wp-json\/wp\/v2\/media?parent=1998"}],"wp:term":[{"taxonomy":"product_brand","embeddable":true,"href":"https:\/\/swforming.com\/tr\/wp-json\/wp\/v2\/product_brand?post=1998"},{"taxonomy":"product_cat","embeddable":true,"href":"https:\/\/swforming.com\/tr\/wp-json\/wp\/v2\/product_cat?post=1998"},{"taxonomy":"product_tag","embeddable":true,"href":"https:\/\/swforming.com\/tr\/wp-json\/wp\/v2\/product_tag?post=1998"}],"curies":[{"name":"wp","href":"https:\/\/api.w.org\/{rel}","templated":true}]}}