{"id":1985,"date":"2023-01-31T01:20:03","date_gmt":"2023-01-31T01:20:03","guid":{"rendered":"https:\/\/swforming.com\/?post_type=product&#038;p=1985"},"modified":"2023-08-02T02:48:58","modified_gmt":"2023-08-02T02:48:58","slug":"scaffolding-plank-roll-forming-machine","status":"publish","type":"product","link":"https:\/\/swforming.com\/tr\/product\/scaffolding-plank-roll-forming-machine\/","title":{"rendered":"\u0130skele Tahta Rulo \u015eekillendirme Makinesi"},"content":{"rendered":"<p><img fetchpriority=\"high\" decoding=\"async\" class=\"alignnone size-full wp-image-1991\" src=\"https:\/\/swforming.com\/wp-content\/uploads\/2023\/01\/Scaffolding-Plank-Roll-Forming-Machine-06.webp\" alt=\"\" width=\"800\" height=\"800\" title=\"\" srcset=\"https:\/\/swforming.com\/wp-content\/uploads\/2023\/01\/Scaffolding-Plank-Roll-Forming-Machine-06.webp 800w, https:\/\/swforming.com\/wp-content\/uploads\/2023\/01\/Scaffolding-Plank-Roll-Forming-Machine-06-300x300.webp 300w, https:\/\/swforming.com\/wp-content\/uploads\/2023\/01\/Scaffolding-Plank-Roll-Forming-Machine-06-150x150.webp 150w, https:\/\/swforming.com\/wp-content\/uploads\/2023\/01\/Scaffolding-Plank-Roll-Forming-Machine-06-768x768.webp 768w, https:\/\/swforming.com\/wp-content\/uploads\/2023\/01\/Scaffolding-Plank-Roll-Forming-Machine-06-12x12.webp 12w, https:\/\/swforming.com\/wp-content\/uploads\/2023\/01\/Scaffolding-Plank-Roll-Forming-Machine-06-400x400.webp 400w, https:\/\/swforming.com\/wp-content\/uploads\/2023\/01\/Scaffolding-Plank-Roll-Forming-Machine-06-600x600.webp 600w, https:\/\/swforming.com\/wp-content\/uploads\/2023\/01\/Scaffolding-Plank-Roll-Forming-Machine-06-100x100.webp 100w\" sizes=\"(max-width: 800px) 100vw, 800px\" \/><\/p>\n<p>\u0130skele kalas rulo \u015fekillendirme makinesi, iskele kalaslar\u0131 veya tahtalar\u0131 \u00fcretmek i\u00e7in kullan\u0131lan iskele tahtas\u0131 rulo \u015fekillendirme makinesi olarak da adland\u0131r\u0131l\u0131r.<\/p>\n<p>\u0130skele veya sahneleme olarak da adland\u0131r\u0131lan iskele, binalar\u0131n, k\u00f6pr\u00fclerin ve di\u011fer t\u00fcm insan yap\u0131m\u0131 yap\u0131lar\u0131n in\u015fas\u0131na, bak\u0131m\u0131na ve onar\u0131m\u0131na yard\u0131mc\u0131 olmak i\u00e7in bir \u00e7al\u0131\u015fma ekibini ve malzemeleri desteklemek i\u00e7in kullan\u0131lan ge\u00e7ici bir yap\u0131d\u0131r. \u0130skeleler, aksi takdirde ula\u015f\u0131lmas\u0131 zor olan y\u00fcksekliklere ve alanlara eri\u015fim sa\u011flamak i\u00e7in sahada yayg\u0131n olarak kullan\u0131l\u0131r. G\u00fcvenli olmayan iskeleler \u00f6l\u00fcm veya ciddi yaralanmalara yol a\u00e7ma potansiyeline sahiptir. \u0130skele ayr\u0131ca kal\u0131p i\u015fleri ve iksa, trib\u00fcn oturma yerleri, konser sahneleri, eri\u015fim\/izleme kuleleri, sergi stantlar\u0131, kayak rampalar\u0131, yar\u0131m borular ve sanat projeleri i\u00e7in uyarlanm\u0131\u015f bi\u00e7imlerde kullan\u0131l\u0131r.<\/p>\n<p>Ak\u0131ll\u0131 \u0130skele kalas rulo \u015fekillendirme makinemiz, profilinize g\u00f6re farkl\u0131 iskele kalaslar\u0131 yapabilir. A\u00e7ma, servo besleme, delme, rulo \u015fekillendirme, kesme vb. i\u015flemler tek bir hat \u00fczerinde otomatik olarak ger\u00e7ekle\u015ftirilebilir.<\/p>\n<p>M\u00fc\u015fterilerin \u00e7izimlerine, toleranslar\u0131na ve b\u00fct\u00e7elerine g\u00f6re farkl\u0131 \u00e7\u00f6z\u00fcmler \u00fcretiyor, t\u00fcm gereksinimlerinize uyarlanabilen profesyonel bire bir hizmet sunuyoruz. Hangi hatt\u0131 se\u00e7erseniz se\u00e7in, SUNWAY Machinery'nin kalitesi m\u00fckemmel i\u015flevsel profiller elde etmenizi sa\u011flayacakt\u0131r.<\/p>\n<h3>Profil \u00c7izimleri<\/h3>\n<p><img decoding=\"async\" class=\"alignnone size-full wp-image-1993\" src=\"https:\/\/swforming.com\/wp-content\/uploads\/2023\/01\/H7a9ff83699114b9e86e51016e771a5c2g.webp\" alt=\"\" width=\"1748\" height=\"2529\" title=\"\" srcset=\"https:\/\/swforming.com\/wp-content\/uploads\/2023\/01\/H7a9ff83699114b9e86e51016e771a5c2g.webp 1748w, https:\/\/swforming.com\/wp-content\/uploads\/2023\/01\/H7a9ff83699114b9e86e51016e771a5c2g-207x300.webp 207w, https:\/\/swforming.com\/wp-content\/uploads\/2023\/01\/H7a9ff83699114b9e86e51016e771a5c2g-708x1024.webp 708w, https:\/\/swforming.com\/wp-content\/uploads\/2023\/01\/H7a9ff83699114b9e86e51016e771a5c2g-768x1111.webp 768w, https:\/\/swforming.com\/wp-content\/uploads\/2023\/01\/H7a9ff83699114b9e86e51016e771a5c2g-1062x1536.webp 1062w, https:\/\/swforming.com\/wp-content\/uploads\/2023\/01\/H7a9ff83699114b9e86e51016e771a5c2g-1416x2048.webp 1416w, https:\/\/swforming.com\/wp-content\/uploads\/2023\/01\/H7a9ff83699114b9e86e51016e771a5c2g-8x12.webp 8w, https:\/\/swforming.com\/wp-content\/uploads\/2023\/01\/H7a9ff83699114b9e86e51016e771a5c2g-600x868.webp 600w\" sizes=\"(max-width: 1748px) 100vw, 1748px\" \/><\/p>\n<p><img decoding=\"async\" class=\"alignnone wp-image-1994 size-full\" src=\"https:\/\/swforming.com\/wp-content\/uploads\/2023\/01\/131090328.png\" alt=\"\" width=\"750\" height=\"183\" title=\"\" srcset=\"https:\/\/swforming.com\/wp-content\/uploads\/2023\/01\/131090328.png 750w, https:\/\/swforming.com\/wp-content\/uploads\/2023\/01\/131090328-300x73.png 300w, https:\/\/swforming.com\/wp-content\/uploads\/2023\/01\/131090328-18x4.png 18w, https:\/\/swforming.com\/wp-content\/uploads\/2023\/01\/131090328-600x146.png 600w\" sizes=\"(max-width: 750px) 100vw, 750px\" \/><\/p>\n<h3>\u00dcretim Hatt\u0131<img loading=\"lazy\" decoding=\"async\" class=\"alignnone size-full wp-image-1995\" src=\"https:\/\/swforming.com\/wp-content\/uploads\/2023\/01\/Hf38bb4bedfec46e1ab9863ac484719a6B.webp\" alt=\"\" width=\"1748\" height=\"1014\" title=\"\" srcset=\"https:\/\/swforming.com\/wp-content\/uploads\/2023\/01\/Hf38bb4bedfec46e1ab9863ac484719a6B.webp 1748w, https:\/\/swforming.com\/wp-content\/uploads\/2023\/01\/Hf38bb4bedfec46e1ab9863ac484719a6B-300x174.webp 300w, https:\/\/swforming.com\/wp-content\/uploads\/2023\/01\/Hf38bb4bedfec46e1ab9863ac484719a6B-1024x594.webp 1024w, https:\/\/swforming.com\/wp-content\/uploads\/2023\/01\/Hf38bb4bedfec46e1ab9863ac484719a6B-768x446.webp 768w, https:\/\/swforming.com\/wp-content\/uploads\/2023\/01\/Hf38bb4bedfec46e1ab9863ac484719a6B-1536x891.webp 1536w, https:\/\/swforming.com\/wp-content\/uploads\/2023\/01\/Hf38bb4bedfec46e1ab9863ac484719a6B-18x10.webp 18w, https:\/\/swforming.com\/wp-content\/uploads\/2023\/01\/Hf38bb4bedfec46e1ab9863ac484719a6B-600x348.webp 600w\" sizes=\"(max-width: 1748px) 100vw, 1748px\" \/><\/h3>\n<h3>\u00dcr\u00fcn Detaylar\u0131<\/h3>\n<p><img loading=\"lazy\" decoding=\"async\" class=\"alignnone wp-image-1996 size-full\" src=\"https:\/\/swforming.com\/wp-content\/uploads\/2023\/01\/Product-Details-1-e1675127622678.png\" alt=\"\" width=\"749\" height=\"1327\" title=\"\" srcset=\"https:\/\/swforming.com\/wp-content\/uploads\/2023\/01\/Product-Details-1-e1675127622678.png 749w, https:\/\/swforming.com\/wp-content\/uploads\/2023\/01\/Product-Details-1-e1675127622678-169x300.png 169w, https:\/\/swforming.com\/wp-content\/uploads\/2023\/01\/Product-Details-1-e1675127622678-578x1024.png 578w, https:\/\/swforming.com\/wp-content\/uploads\/2023\/01\/Product-Details-1-e1675127622678-7x12.png 7w, https:\/\/swforming.com\/wp-content\/uploads\/2023\/01\/Product-Details-1-e1675127622678-600x1063.png 600w\" sizes=\"(max-width: 749px) 100vw, 749px\" \/><\/p>\n<h3>\u00dcr\u00fcn Parametreleri<\/h3>\n<div style=\"overflow-x: auto;\">\n<table>\n<tbody>\n<tr>\n<td style=\"text-align: center;\" colspan=\"3\" rowspan=\"1\" data-sheets-value=\"{&quot;1&quot;:2,&quot;2&quot;:&quot;Scaffolding Plank Roll Forming Machine&quot;}\"><strong>\u0130skele Tahta Rulo \u015eekillendirme Makinesi<\/strong><\/td>\n<\/tr>\n<tr>\n<td colspan=\"1\" rowspan=\"2\" data-sheets-value=\"{&quot;1&quot;:2,&quot;2&quot;:&quot;Machinable Material&quot;}\">\n<div>\u0130\u015flenebilir Malzeme<\/div>\n<\/td>\n<td data-sheets-value=\"{&quot;1&quot;:2,&quot;2&quot;:&quot;A) Galvanized Steel&quot;}\">A) Galvanizli \u00c7elik<\/td>\n<td colspan=\"1\" rowspan=\"2\" data-sheets-value=\"{&quot;1&quot;:2,&quot;2&quot;:&quot;Thickness(MM): 1.5-2.0, 2.0-2.5, up to 3mm&quot;}\">\n<div>Kal\u0131nl\u0131k (MM): 1.5-2.0, 2.0-2.5, 3 mm'ye kadar<\/div>\n<\/td>\n<\/tr>\n<tr>\n<td data-sheets-value=\"{&quot;1&quot;:2,&quot;2&quot;:&quot;B) Mild Steel&quot;}\">B) Yumu\u015fak \u00c7elik<\/td>\n<\/tr>\n<tr>\n<td data-sheets-value=\"{&quot;1&quot;:2,&quot;2&quot;:&quot;Yield strength&quot;}\">Akma dayan\u0131m\u0131<\/td>\n<td colspan=\"2\" rowspan=\"1\" data-sheets-value=\"{&quot;1&quot;:2,&quot;2&quot;:&quot;250 - 550 Mpa&quot;}\">250 - 550 Mpa<\/td>\n<\/tr>\n<tr>\n<td data-sheets-value=\"{&quot;1&quot;:2,&quot;2&quot;:&quot;Tensil stress&quot;}\">Tensil stresi<\/td>\n<td colspan=\"2\" rowspan=\"1\" data-sheets-value=\"{&quot;1&quot;:2,&quot;2&quot;:&quot;G250 Mpa-G550 Mpa&quot;}\">G250 Mpa-G550 Mpa<\/td>\n<\/tr>\n<tr>\n<td data-sheets-value=\"{&quot;1&quot;:2,&quot;2&quot;:&quot;Decoiler&quot;}\">Decoiler<\/td>\n<td data-sheets-value=\"{&quot;1&quot;:2,&quot;2&quot;:&quot;Manual Decoiler&quot;}\">Manuel A\u00e7\u0131c\u0131<\/td>\n<td data-sheets-value=\"{&quot;1&quot;:2,&quot;2&quot;:&quot;* Hydraulic Decoiler(Optional)&quot;}\">* Hidrolik A\u00e7\u0131c\u0131 (Opsiyonel)<\/td>\n<\/tr>\n<tr>\n<td data-sheets-value=\"{&quot;1&quot;:2,&quot;2&quot;:&quot;Punching System :&quot;}\">Delme Sistemi :<\/td>\n<td data-sheets-value=\"{&quot;1&quot;:2,&quot;2&quot;:&quot;Hydraulic Punching Station&quot;}\">Hidrolik Delme \u0130stasyonu<\/td>\n<td data-sheets-value=\"{&quot;1&quot;:2,&quot;2&quot;:&quot;* Punching Press (Optional)&quot;}\">* Delme Presi (Opsiyonel)<\/td>\n<\/tr>\n<tr>\n<td data-sheets-value=\"{&quot;1&quot;:2,&quot;2&quot;:&quot;Forming Station&quot;}\">\u015eekillendirme \u0130stasyonu<\/td>\n<td data-sheets-value=\"{&quot;1&quot;:2,&quot;2&quot;:&quot;About 20 Stands&quot;}\">Yakla\u015f\u0131k 20 Stand<\/td>\n<td data-sheets-value=\"{&quot;1&quot;:2,&quot;2&quot;:&quot;* According To Your Profile Drawings&quot;}\">* Profil \u00c7izimlerinize G\u00f6re<\/td>\n<\/tr>\n<tr>\n<td data-sheets-value=\"{&quot;1&quot;:2,&quot;2&quot;:&quot;Driving System&quot;}\">S\u00fcr\u00fc\u015f Sistemi<\/td>\n<td colspan=\"2\" rowspan=\"1\" data-sheets-value=\"{&quot;1&quot;:2,&quot;2&quot;:&quot;Chain Drive&quot;}\">Zincir Tahrik<\/td>\n<\/tr>\n<tr>\n<td data-sheets-value=\"{&quot;1&quot;:2,&quot;2&quot;:&quot;Machine Structure&quot;}\">Makine Yap\u0131s\u0131<\/td>\n<td data-sheets-value=\"{&quot;1&quot;:2,&quot;2&quot;:&quot;Wall Panel Station&quot;}\">Duvar Paneli \u0130stasyonu<\/td>\n<td data-sheets-value=\"{&quot;1&quot;:2,&quot;2&quot;:&quot;* Cast Iron Stands(Optional)&quot;}\">* D\u00f6kme Demir Standlar (Opsiyonel)<\/td>\n<\/tr>\n<tr>\n<td data-sheets-value=\"{&quot;1&quot;:2,&quot;2&quot;:&quot;Forming Speed&quot;}\">\u015eekillendirme H\u0131z\u0131<\/td>\n<td data-sheets-value=\"{&quot;1&quot;:2,&quot;2&quot;:&quot;5-15 (M\/MIN)&quot;}\">5-15 (M\/MIN)<\/td>\n<td data-sheets-value=\"{&quot;1&quot;:2,&quot;2&quot;:&quot;* According To Your Profile Drawings&quot;}\">* Profil \u00c7izimlerinize G\u00f6re<\/td>\n<\/tr>\n<tr>\n<td data-sheets-value=\"{&quot;1&quot;:2,&quot;2&quot;:&quot;Rollers\u2019 Material&quot;}\">Silindir Malzemesi<\/td>\n<td data-sheets-value=\"{&quot;1&quot;:2,&quot;2&quot;:&quot;GCr15&quot;}\">GCr15<\/td>\n<td data-sheets-value=\"{&quot;1&quot;:2,&quot;2&quot;:&quot;* Cr12 (Optional)&quot;}\">* Cr12 (Opsiyonel)<\/td>\n<\/tr>\n<tr>\n<td data-sheets-value=\"{&quot;1&quot;:2,&quot;2&quot;:&quot;Cutting System&quot;}\">Kesim Sistemi<\/td>\n<td data-sheets-value=\"{&quot;1&quot;:2,&quot;2&quot;:&quot;Hydraulic Cutting&quot;}\">Hidrolik Kesme<\/td>\n<td data-sheets-value=\"{&quot;1&quot;:2,&quot;2&quot;:&quot;* Servo Tracking Cutter (Optional)&quot;}\">* Servo Takip Kesici (Opsiyonel)<\/td>\n<\/tr>\n<tr>\n<td data-sheets-value=\"{&quot;1&quot;:2,&quot;2&quot;:&quot;Frequency Changer Brand&quot;}\">Frekans De\u011fi\u015ftirici Marka<\/td>\n<td data-sheets-value=\"{&quot;1&quot;:2,&quot;2&quot;:&quot;Yaskawa&quot;}\">Yaskawa<\/td>\n<td data-sheets-value=\"{&quot;1&quot;:2,&quot;2&quot;:&quot;* Siemens (Optional)&quot;}\">* Siemens (Opsiyonel)<\/td>\n<\/tr>\n<tr>\n<td data-sheets-value=\"{&quot;1&quot;:2,&quot;2&quot;:&quot;PLC Brand&quot;}\">PLC Markas\u0131<\/td>\n<td data-sheets-value=\"{&quot;1&quot;:2,&quot;2&quot;:&quot;Panasonic&quot;}\">Panasonic<\/td>\n<td data-sheets-value=\"{&quot;1&quot;:2,&quot;2&quot;:&quot;* Siemens (Optional)&quot;}\">* Siemens (Opsiyonel)<\/td>\n<\/tr>\n<tr>\n<td data-sheets-value=\"{&quot;1&quot;:2,&quot;2&quot;:&quot;Power Supply&quot;}\">G\u00fc\u00e7 Kayna\u011f\u0131<\/td>\n<td data-sheets-value=\"{&quot;1&quot;:2,&quot;2&quot;:&quot;380V 50Hz 3ph&quot;}\">380V 50Hz 3ph<\/td>\n<td data-sheets-value=\"{&quot;1&quot;:2,&quot;2&quot;:&quot;* Or According To Your Requirment&quot;}\">* Veya \u0130htiyac\u0131n\u0131za G\u00f6re<\/td>\n<\/tr>\n<tr>\n<td data-sheets-value=\"{&quot;1&quot;:2,&quot;2&quot;:&quot;Machine Color&quot;}\">Makine Rengi<\/td>\n<td data-sheets-value=\"{&quot;1&quot;:2,&quot;2&quot;:&quot;Industrial Blue&quot;}\">End\u00fcstriyel Mavi<\/td>\n<td data-sheets-value=\"{&quot;1&quot;:2,&quot;2&quot;:&quot;* Or According To Your Requirment&quot;}\">* Veya \u0130htiyac\u0131n\u0131za G\u00f6re<\/td>\n<\/tr>\n<\/tbody>\n<\/table>\n<\/div>\n<h3>Uygulama<\/h3>\n<p><img loading=\"lazy\" decoding=\"async\" class=\"alignnone size-full wp-image-1997\" src=\"https:\/\/swforming.com\/wp-content\/uploads\/2023\/01\/Application.png\" alt=\"\" width=\"750\" height=\"453\" title=\"\" srcset=\"https:\/\/swforming.com\/wp-content\/uploads\/2023\/01\/Application.png 750w, https:\/\/swforming.com\/wp-content\/uploads\/2023\/01\/Application-300x181.png 300w, https:\/\/swforming.com\/wp-content\/uploads\/2023\/01\/Application-18x12.png 18w, https:\/\/swforming.com\/wp-content\/uploads\/2023\/01\/Application-600x362.png 600w\" sizes=\"(max-width: 750px) 100vw, 750px\" \/><\/p>","protected":false},"excerpt":{"rendered":"<p>\u0130skele kalas rulo \u015fekillendirme makinesi, iskele kalaslar\u0131 veya tahtalar\u0131 \u00fcretmek i\u00e7in kullan\u0131lan iskele tahtas\u0131 rulo \u015fekillendirme makinesi olarak da adland\u0131r\u0131l\u0131r.<\/p>\n<p>\u0130skele veya sahneleme olarak da adland\u0131r\u0131lan iskele, binalar\u0131n, k\u00f6pr\u00fclerin ve di\u011fer t\u00fcm insan yap\u0131m\u0131 yap\u0131lar\u0131n in\u015fas\u0131na, bak\u0131m\u0131na ve onar\u0131m\u0131na yard\u0131mc\u0131 olmak i\u00e7in bir \u00e7al\u0131\u015fma ekibini ve malzemeleri desteklemek i\u00e7in kullan\u0131lan ge\u00e7ici bir yap\u0131d\u0131r. \u0130skeleler, aksi takdirde ula\u015f\u0131lmas\u0131 zor olan y\u00fcksekliklere ve alanlara eri\u015fim sa\u011flamak i\u00e7in sahada yayg\u0131n olarak kullan\u0131l\u0131r. G\u00fcvenli olmayan iskeleler \u00f6l\u00fcm veya ciddi yaralanmalara yol a\u00e7ma potansiyeline sahiptir. \u0130skele ayr\u0131ca kal\u0131p ve iksa, trib\u00fcn oturma yerleri, konser sahneleri, eri\u015fim\/izleme kuleleri, sergi stantlar\u0131, kayak rampalar\u0131, yar\u0131m borular ve sanat projeleri i\u00e7in uyarlanm\u0131\u015f \u015fekillerde kullan\u0131l\u0131r.<\/p>\n<div id=\"gtx-trans\" style=\"position: absolute; left: -78px; top: -10px;\">\n<div class=\"gtx-trans-icon\"><\/div>\n<\/div>","protected":false},"featured_media":1986,"comment_status":"closed","ping_status":"closed","template":"","meta":{"_acf_changed":false},"product_brand":[],"product_cat":[52,68],"product_tag":[],"class_list":{"0":"post-1985","1":"product","2":"type-product","3":"status-publish","4":"has-post-thumbnail","6":"product_cat-steel-structure","7":"product_cat-scaffolding-plank-roll-forming-machine","9":"first","10":"instock","11":"shipping-taxable","12":"product-type-simple"},"acf":[],"_links":{"self":[{"href":"https:\/\/swforming.com\/tr\/wp-json\/wp\/v2\/product\/1985","targetHints":{"allow":["GET"]}}],"collection":[{"href":"https:\/\/swforming.com\/tr\/wp-json\/wp\/v2\/product"}],"about":[{"href":"https:\/\/swforming.com\/tr\/wp-json\/wp\/v2\/types\/product"}],"replies":[{"embeddable":true,"href":"https:\/\/swforming.com\/tr\/wp-json\/wp\/v2\/comments?post=1985"}],"version-history":[{"count":3,"href":"https:\/\/swforming.com\/tr\/wp-json\/wp\/v2\/product\/1985\/revisions"}],"predecessor-version":[{"id":3750,"href":"https:\/\/swforming.com\/tr\/wp-json\/wp\/v2\/product\/1985\/revisions\/3750"}],"wp:featuredmedia":[{"embeddable":true,"href":"https:\/\/swforming.com\/tr\/wp-json\/wp\/v2\/media\/1986"}],"wp:attachment":[{"href":"https:\/\/swforming.com\/tr\/wp-json\/wp\/v2\/media?parent=1985"}],"wp:term":[{"taxonomy":"product_brand","embeddable":true,"href":"https:\/\/swforming.com\/tr\/wp-json\/wp\/v2\/product_brand?post=1985"},{"taxonomy":"product_cat","embeddable":true,"href":"https:\/\/swforming.com\/tr\/wp-json\/wp\/v2\/product_cat?post=1985"},{"taxonomy":"product_tag","embeddable":true,"href":"https:\/\/swforming.com\/tr\/wp-json\/wp\/v2\/product_tag?post=1985"}],"curies":[{"name":"wp","href":"https:\/\/api.w.org\/{rel}","templated":true}]}}