{"id":1958,"date":"2023-01-06T01:03:11","date_gmt":"2023-01-06T01:03:11","guid":{"rendered":"https:\/\/swforming.com\/?post_type=product&#038;p=1958"},"modified":"2023-06-12T06:17:29","modified_gmt":"2023-06-12T06:17:29","slug":"auto-size-changeable-sigma-purlin-roll-forming-machine","status":"publish","type":"product","link":"https:\/\/swforming.com\/tr\/product\/auto-size-changeable-sigma-purlin-roll-forming-machine\/","title":{"rendered":"Otomatik Boyut De\u011fi\u015ftirilebilir Sigma A\u015f\u0131k Rulo \u015eekillendirme Makinesi"},"content":{"rendered":"<p><img fetchpriority=\"high\" decoding=\"async\" class=\"alignnone size-full wp-image-1965\" src=\"https:\/\/swforming.com\/wp-content\/uploads\/2023\/01\/H75a3f37cb11e4b3aaabd279e2c22181c8.webp\" alt=\"\" width=\"750\" height=\"900\" title=\"\" srcset=\"https:\/\/swforming.com\/wp-content\/uploads\/2023\/01\/H75a3f37cb11e4b3aaabd279e2c22181c8.webp 750w, https:\/\/swforming.com\/wp-content\/uploads\/2023\/01\/H75a3f37cb11e4b3aaabd279e2c22181c8-600x720.webp 600w, https:\/\/swforming.com\/wp-content\/uploads\/2023\/01\/H75a3f37cb11e4b3aaabd279e2c22181c8-250x300.webp 250w, https:\/\/swforming.com\/wp-content\/uploads\/2023\/01\/H75a3f37cb11e4b3aaabd279e2c22181c8-10x12.webp 10w\" sizes=\"(max-width: 750px) 100vw, 750px\" \/><\/p>\n<p><span data-spm-anchor-id=\"a2700.details.0.i21.24163bbaYZpM6v\">M A\u015f\u0131k Rulo \u015eekillendirme Makinesi olarak da adland\u0131r\u0131lan bu Sigma a\u015f\u0131k rulo \u015fekillendirme makinesi, 80-300 mm geni\u015fli\u011finde M \u015feklinde a\u015f\u0131klar \u00fcretmek i\u00e7in kullan\u0131l\u0131r, normalde malzeme kal\u0131nl\u0131\u011f\u0131 1.5-3 mm'dir, ayr\u0131ca m\u00fc\u015fteri ihtiyac\u0131na g\u00f6re Maksimum kal\u0131nl\u0131k 4.0-6.0 mm'de olu\u015fturulabilir. <\/span><\/p>\n<p><span data-spm-anchor-id=\"a2700.details.0.i21.24163bbaYZpM6v\">SUNWAY, bu makineyi her boyutta a\u015f\u0131kla \u00e7al\u0131\u015facak \u015fekilde tasarlar, boyutlar\u0131 PLC ile otomatik olarak ayarlanabilir veya farkl\u0131 geni\u015flik ve y\u00fckseklik elde etmek i\u00e7in sac geni\u015fli\u011fini de\u011fi\u015ftirmek i\u00e7in tutamak tekerle\u011fini manuel olarak ayarlar. Bu, ara par\u00e7alar\u0131 ayarlamaktan \u00e7ok daha kolayd\u0131r ve daha fazla zaman kazand\u0131rabilir. Delme \u00fcnitesi ile ilgili olarak, ihtiyac\u0131n\u0131za g\u00f6re \u00f6n delme, son delme tasarlayabiliriz. Kesme \u00fcnitesi i\u00e7in, evrensel kesim olan \u00f6n kesim veya son kesimi se\u00e7ebilirsiniz. Hammadde 2,5 mm'den daha kal\u0131nsa, zinciri ve \u00e7o\u011funlukla \u015fanz\u0131man i\u00e7in gimbal \/ di\u015fli kutusu ile benimsedi\u011fimiz s\u00fcr\u00fc\u015f sistemi, bu \u00e7ok daha g\u00fc\u00e7l\u00fc s\u00fcr\u00fc\u015f g\u00fcc\u00fcd\u00fcr ve a\u015f\u0131klar\u0131 olu\u015ftururken daha kararl\u0131d\u0131r.<\/span><\/p>\n<p>A\u015f\u0131k rulo \u015fekillendirme makinesi en pop\u00fcler olan\u0131d\u0131r ve Metal Yap\u0131 Sistemlerinde, B\u00fcy\u00fck \u00c7at\u0131 Kaplama \u00c7\u00f6z\u00fcmlerinde, \u0130n\u015faat ve Yenileme Projelerinde vb. geni\u015f bir kullan\u0131ma sahiptir. Purlin rulo \u015fekillendirme makinemiz C purlin, U purlin, Z purlin \u00fcretebilir. Kesit profilinize, boyut aral\u0131\u011f\u0131n\u0131za, kal\u0131nl\u0131k aral\u0131\u011f\u0131n\u0131za g\u00f6re, eksiksiz bir yap\u0131sal a\u015f\u0131k yelpazesi (motorlarla otomatik sistem kullan\u0131larak y\u00fckseklik ve geni\u015flik de\u011fi\u015fimi) \u00fcretmek i\u00e7in size farkl\u0131 a\u015f\u0131k rulo \u015fekillendirme makinesi \u00e7\u00f6z\u00fcmleri sa\u011flayabiliriz: Yaln\u0131zca birka\u00e7 boyut \u00fcretmeniz gerekiyorsa, man\u015fonlar\u0131 manuel olarak de\u011fi\u015ftirmenizi de \u00f6neririz, bu daha ekonomiktir.<\/p>\n<p>M\u00fc\u015fterilerin \u00e7izimlerine, toleranslar\u0131na ve b\u00fct\u00e7elerine g\u00f6re farkl\u0131 \u00e7\u00f6z\u00fcmler \u00fcretiyor, t\u00fcm gereksinimlerinize uyarlanabilen profesyonel bire bir hizmet sunuyoruz. Hangi hatt\u0131 se\u00e7erseniz se\u00e7in, SUNWAY Machinery'nin kalitesi m\u00fckemmel i\u015flevsel profiller elde etmenizi sa\u011flayacakt\u0131r.<\/p>\n<p>Daha fazla bilgi i\u00e7in buraya t\u0131klay\u0131n <strong><a href=\"https:\/\/swforming.com\/tr\/purlin-roll-forming-machine-all-in-one-2023\/\">a\u015f\u0131k rulo \u015fekillendirme makinesi<\/a><\/strong><\/p>\n<h3>Profil \u00c7izimleri<\/h3>\n<p><img decoding=\"async\" class=\"alignnone size-full wp-image-1966\" src=\"https:\/\/swforming.com\/wp-content\/uploads\/2023\/01\/H857a3fc0cbbc401da288142db392df666.webp\" alt=\"\" width=\"1748\" height=\"1078\" title=\"\" srcset=\"https:\/\/swforming.com\/wp-content\/uploads\/2023\/01\/H857a3fc0cbbc401da288142db392df666.webp 1748w, https:\/\/swforming.com\/wp-content\/uploads\/2023\/01\/H857a3fc0cbbc401da288142db392df666-600x370.webp 600w, https:\/\/swforming.com\/wp-content\/uploads\/2023\/01\/H857a3fc0cbbc401da288142db392df666-300x185.webp 300w, https:\/\/swforming.com\/wp-content\/uploads\/2023\/01\/H857a3fc0cbbc401da288142db392df666-1024x632.webp 1024w, https:\/\/swforming.com\/wp-content\/uploads\/2023\/01\/H857a3fc0cbbc401da288142db392df666-768x474.webp 768w, https:\/\/swforming.com\/wp-content\/uploads\/2023\/01\/H857a3fc0cbbc401da288142db392df666-1536x947.webp 1536w, https:\/\/swforming.com\/wp-content\/uploads\/2023\/01\/H857a3fc0cbbc401da288142db392df666-18x12.webp 18w\" sizes=\"(max-width: 1748px) 100vw, 1748px\" \/><\/p>\n<p><img decoding=\"async\" class=\"alignnone size-full wp-image-1967\" src=\"https:\/\/swforming.com\/wp-content\/uploads\/2023\/01\/20230106085127.png\" alt=\"\" width=\"750\" height=\"181\" title=\"\" srcset=\"https:\/\/swforming.com\/wp-content\/uploads\/2023\/01\/20230106085127.png 750w, https:\/\/swforming.com\/wp-content\/uploads\/2023\/01\/20230106085127-600x145.png 600w, https:\/\/swforming.com\/wp-content\/uploads\/2023\/01\/20230106085127-300x72.png 300w, https:\/\/swforming.com\/wp-content\/uploads\/2023\/01\/20230106085127-18x4.png 18w\" sizes=\"(max-width: 750px) 100vw, 750px\" \/><\/p>\n<h3>\u00dcretim Hatt\u0131<img loading=\"lazy\" decoding=\"async\" class=\"alignnone size-full wp-image-1968\" src=\"https:\/\/swforming.com\/wp-content\/uploads\/2023\/01\/Hcbf4054b977e4ee485ae42a6ed3b8354E.webp\" alt=\"\" width=\"1748\" height=\"586\" title=\"\" srcset=\"https:\/\/swforming.com\/wp-content\/uploads\/2023\/01\/Hcbf4054b977e4ee485ae42a6ed3b8354E.webp 1748w, https:\/\/swforming.com\/wp-content\/uploads\/2023\/01\/Hcbf4054b977e4ee485ae42a6ed3b8354E-600x201.webp 600w, https:\/\/swforming.com\/wp-content\/uploads\/2023\/01\/Hcbf4054b977e4ee485ae42a6ed3b8354E-300x101.webp 300w, https:\/\/swforming.com\/wp-content\/uploads\/2023\/01\/Hcbf4054b977e4ee485ae42a6ed3b8354E-1024x343.webp 1024w, https:\/\/swforming.com\/wp-content\/uploads\/2023\/01\/Hcbf4054b977e4ee485ae42a6ed3b8354E-768x257.webp 768w, https:\/\/swforming.com\/wp-content\/uploads\/2023\/01\/Hcbf4054b977e4ee485ae42a6ed3b8354E-1536x515.webp 1536w, https:\/\/swforming.com\/wp-content\/uploads\/2023\/01\/Hcbf4054b977e4ee485ae42a6ed3b8354E-18x6.webp 18w\" sizes=\"(max-width: 1748px) 100vw, 1748px\" \/><\/h3>\n<h3>\u00dcr\u00fcn Detaylar\u0131<\/h3>\n<p><img loading=\"lazy\" decoding=\"async\" class=\"alignnone size-full wp-image-1882\" src=\"https:\/\/swforming.com\/wp-content\/uploads\/2022\/12\/Detail.png\" alt=\"\" width=\"1000\" height=\"1721\" title=\"\" srcset=\"https:\/\/swforming.com\/wp-content\/uploads\/2022\/12\/Detail.png 1000w, https:\/\/swforming.com\/wp-content\/uploads\/2022\/12\/Detail-600x1033.png 600w, https:\/\/swforming.com\/wp-content\/uploads\/2022\/12\/Detail-174x300.png 174w, https:\/\/swforming.com\/wp-content\/uploads\/2022\/12\/Detail-595x1024.png 595w, https:\/\/swforming.com\/wp-content\/uploads\/2022\/12\/Detail-768x1322.png 768w, https:\/\/swforming.com\/wp-content\/uploads\/2022\/12\/Detail-893x1536.png 893w, https:\/\/swforming.com\/wp-content\/uploads\/2022\/12\/Detail-7x12.png 7w\" sizes=\"(max-width: 1000px) 100vw, 1000px\" \/> <img loading=\"lazy\" decoding=\"async\" class=\"alignnone size-full wp-image-1969\" src=\"https:\/\/swforming.com\/wp-content\/uploads\/2023\/01\/Product-Details.png\" alt=\"\" width=\"1000\" height=\"1724\" title=\"\" srcset=\"https:\/\/swforming.com\/wp-content\/uploads\/2023\/01\/Product-Details.png 1000w, https:\/\/swforming.com\/wp-content\/uploads\/2023\/01\/Product-Details-600x1034.png 600w, https:\/\/swforming.com\/wp-content\/uploads\/2023\/01\/Product-Details-174x300.png 174w, https:\/\/swforming.com\/wp-content\/uploads\/2023\/01\/Product-Details-594x1024.png 594w, https:\/\/swforming.com\/wp-content\/uploads\/2023\/01\/Product-Details-768x1324.png 768w, https:\/\/swforming.com\/wp-content\/uploads\/2023\/01\/Product-Details-891x1536.png 891w, https:\/\/swforming.com\/wp-content\/uploads\/2023\/01\/Product-Details-7x12.png 7w\" sizes=\"(max-width: 1000px) 100vw, 1000px\" \/><\/p>\n<h3>\u00dcr\u00fcn Parametreleri<\/h3>\n<div style=\"overflow-x: auto;\">\n<table>\n<tbody>\n<tr>\n<td style=\"text-align: center;\" colspan=\"3\" rowspan=\"1\" data-sheets-value=\"{&quot;1&quot;:2,&quot;2&quot;:&quot;Auto Size Changeable Sigma Purlin Roll Forming Machine&quot;}\"><strong>Otomatik Boyut De\u011fi\u015ftirilebilir Sigma A\u015f\u0131k Rulo \u015eekillendirme Makinesi<\/strong><\/td>\n<\/tr>\n<tr>\n<td colspan=\"1\" rowspan=\"2\" data-sheets-value=\"{&quot;1&quot;:2,&quot;2&quot;:&quot;Machinable Material&quot;}\">\n<div>\u0130\u015flenebilir Malzeme<\/div>\n<\/td>\n<td data-sheets-value=\"{&quot;1&quot;:2,&quot;2&quot;:&quot;A) Galvanized Coil&quot;}\">A) Galvanizli Bobin<\/td>\n<td colspan=\"1\" rowspan=\"2\" data-sheets-value=\"{&quot;1&quot;:2,&quot;2&quot;:&quot;Thickness(MM): 1.5-3 or as per customer&quot;}\">\n<div>Kal\u0131nl\u0131k (MM): 1,5-3 veya m\u00fc\u015fteriye g\u00f6re<\/div>\n<\/td>\n<\/tr>\n<tr>\n<td data-sheets-value=\"{&quot;1&quot;:2,&quot;2&quot;:&quot;B) Carbon Steel Coil&quot;}\">B) Karbon \u00c7elik Rulo<\/td>\n<\/tr>\n<tr>\n<td data-sheets-value=\"{&quot;1&quot;:2,&quot;2&quot;:&quot;Yield Strength&quot;}\">Akma Dayan\u0131m\u0131<\/td>\n<td colspan=\"2\" rowspan=\"1\" data-sheets-value=\"{&quot;1&quot;:2,&quot;2&quot;:&quot;250 - 550 Mpa&quot;}\">250 - 550 Mpa<\/td>\n<\/tr>\n<tr>\n<td data-sheets-value=\"{&quot;1&quot;:2,&quot;2&quot;:&quot;Tensil Stress&quot;}\">Tensil Stres<\/td>\n<td colspan=\"2\" rowspan=\"1\" data-sheets-value=\"{&quot;1&quot;:2,&quot;2&quot;:&quot;G350 Mpa-G550 Mpa&quot;}\">G350 Mpa-G550 Mpa<\/td>\n<\/tr>\n<tr>\n<td data-sheets-value=\"{&quot;1&quot;:2,&quot;2&quot;:&quot;Decoiler&quot;}\">Decoiler<\/td>\n<td data-sheets-value=\"{&quot;1&quot;:2,&quot;2&quot;:&quot;Manual Decoiler&quot;}\">Manuel A\u00e7\u0131c\u0131<\/td>\n<td data-sheets-value=\"{&quot;1&quot;:2,&quot;2&quot;:&quot;* Hydraulic Decoiler (Optional)&quot;}\">* Hidrolik A\u00e7\u0131c\u0131 (Opsiyonel)<\/td>\n<\/tr>\n<tr>\n<td data-sheets-value=\"{&quot;1&quot;:2,&quot;2&quot;:&quot;Punching System&quot;}\">Delme Sistemi<\/td>\n<td data-sheets-value=\"{&quot;1&quot;:2,&quot;2&quot;:&quot;Hydraulic Punching Station&quot;}\">Hidrolik Delme \u0130stasyonu<\/td>\n<td data-sheets-value=\"{&quot;1&quot;:2,&quot;2&quot;:&quot;* Pre-punch \/ Post Punch (Optional)&quot;}\">* Yumruk \u00d6ncesi \/ Yumruk Sonras\u0131 (\u0130ste\u011fe Ba\u011fl\u0131)<\/td>\n<\/tr>\n<tr>\n<td data-sheets-value=\"{&quot;1&quot;:2,&quot;2&quot;:&quot;Forming Station&quot;}\">\u015eekillendirme \u0130stasyonu<\/td>\n<td colspan=\"2\" rowspan=\"1\" data-sheets-value=\"{&quot;1&quot;:2,&quot;2&quot;:&quot;About 16 Stations&quot;}\">Yakla\u015f\u0131k 16 \u0130stasyon<\/td>\n<\/tr>\n<tr>\n<td data-sheets-value=\"{&quot;1&quot;:2,&quot;2&quot;:&quot;Driving System&quot;}\">S\u00fcr\u00fc\u015f Sistemi<\/td>\n<td data-sheets-value=\"{&quot;1&quot;:2,&quot;2&quot;:&quot;Chain Drive&quot;}\">Zincir Tahrik<\/td>\n<td data-sheets-value=\"{&quot;1&quot;:2,&quot;2&quot;:&quot;* Gearbox Drive (Optional)&quot;}\">* \u015eanz\u0131man Tahriki (Opsiyonel)<\/td>\n<\/tr>\n<tr>\n<td data-sheets-value=\"{&quot;1&quot;:2,&quot;2&quot;:&quot;Machine Structure&quot;}\">Makine Yap\u0131s\u0131<\/td>\n<td data-sheets-value=\"{&quot;1&quot;:2,&quot;2&quot;:&quot;Wall Panel Station&quot;}\">Duvar Paneli \u0130stasyonu<\/td>\n<td data-sheets-value=\"{&quot;1&quot;:2,&quot;2&quot;:&quot;* Forged Iron Station (Optional)&quot;}\">* D\u00f6vme Demir \u0130stasyon (Opsiyonel)<\/td>\n<\/tr>\n<tr>\n<td data-sheets-value=\"{&quot;1&quot;:2,&quot;2&quot;:&quot;Forming Speed&quot;}\">\u015eekillendirme H\u0131z\u0131<\/td>\n<td data-sheets-value=\"{&quot;1&quot;:2,&quot;2&quot;:&quot;10-20 (M\/MIN)&quot;}\">10-20 (M\/MIN)<\/td>\n<td data-sheets-value=\"{&quot;1&quot;:2,&quot;2&quot;:&quot;* Or According To Your Requirment&quot;}\">* Veya \u0130htiyac\u0131n\u0131za G\u00f6re<\/td>\n<\/tr>\n<tr>\n<td data-sheets-value=\"{&quot;1&quot;:2,&quot;2&quot;:&quot;Rollers\u2019 Material&quot;}\">Silindir Malzemesi<\/td>\n<td data-sheets-value=\"{&quot;1&quot;:2,&quot;2&quot;:&quot;GCr 15&quot;}\">GCr 15<\/td>\n<td data-sheets-value=\"{&quot;1&quot;:2,&quot;2&quot;:&quot;* Cr12Mov (Optional)&quot;}\">* Cr12Mov (\u0130ste\u011fe ba\u011fl\u0131)<\/td>\n<\/tr>\n<tr>\n<td data-sheets-value=\"{&quot;1&quot;:2,&quot;2&quot;:&quot;Cutting System&quot;}\">Kesim Sistemi<\/td>\n<td data-sheets-value=\"{&quot;1&quot;:2,&quot;2&quot;:&quot;Pre-cutting&quot;}\">\u00d6n kesim<\/td>\n<td data-sheets-value=\"{&quot;1&quot;:2,&quot;2&quot;:&quot;* Post- universal Cutting (Optional)&quot;}\">* \u00dcniversal Kesim Sonras\u0131 (\u0130ste\u011fe Ba\u011fl\u0131)<\/td>\n<\/tr>\n<tr>\n<td data-sheets-value=\"{&quot;1&quot;:2,&quot;2&quot;:&quot;Frequency Changer Brand&quot;}\">Frekans De\u011fi\u015ftirici Marka<\/td>\n<td data-sheets-value=\"{&quot;1&quot;:2,&quot;2&quot;:&quot;Yaskawa&quot;}\">Yaskawa<\/td>\n<td data-sheets-value=\"{&quot;1&quot;:2,&quot;2&quot;:&quot;* Siemens (Optional)&quot;}\">* Siemens (Opsiyonel)<\/td>\n<\/tr>\n<tr>\n<td data-sheets-value=\"{&quot;1&quot;:2,&quot;2&quot;:&quot;PLC Brand&quot;}\">PLC Markas\u0131<\/td>\n<td data-sheets-value=\"{&quot;1&quot;:2,&quot;2&quot;:&quot;Panasonic&quot;}\">Panasonic<\/td>\n<td data-sheets-value=\"{&quot;1&quot;:2,&quot;2&quot;:&quot;* Siemens (Optional)&quot;}\">* Siemens (Opsiyonel)<\/td>\n<\/tr>\n<tr>\n<td data-sheets-value=\"{&quot;1&quot;:2,&quot;2&quot;:&quot;Power Supply&quot;}\">G\u00fc\u00e7 Kayna\u011f\u0131<\/td>\n<td data-sheets-value=\"{&quot;1&quot;:2,&quot;2&quot;:&quot;380V 50Hz&quot;}\">380V 50Hz<\/td>\n<td data-sheets-value=\"{&quot;1&quot;:2,&quot;2&quot;:&quot;* Or According To Your Requirment&quot;}\">* Veya \u0130htiyac\u0131n\u0131za G\u00f6re<\/td>\n<\/tr>\n<tr>\n<td data-sheets-value=\"{&quot;1&quot;:2,&quot;2&quot;:&quot;Machine Color&quot;}\">Makine Rengi<\/td>\n<td data-sheets-value=\"{&quot;1&quot;:2,&quot;2&quot;:&quot;Industrial Blue&quot;}\">End\u00fcstriyel Mavi<\/td>\n<td data-sheets-value=\"{&quot;1&quot;:2,&quot;2&quot;:&quot;* Or According To Your Requirment&quot;}\">* Veya \u0130htiyac\u0131n\u0131za G\u00f6re<\/td>\n<\/tr>\n<\/tbody>\n<\/table>\n<\/div>\n<h3>Uygulama<\/h3>\n<p><img loading=\"lazy\" decoding=\"async\" class=\"alignnone size-full wp-image-1870\" src=\"https:\/\/swforming.com\/wp-content\/uploads\/2022\/12\/Application20221213150814.png\" alt=\"\" width=\"1000\" height=\"605\" title=\"\" srcset=\"https:\/\/swforming.com\/wp-content\/uploads\/2022\/12\/Application20221213150814.png 1000w, https:\/\/swforming.com\/wp-content\/uploads\/2022\/12\/Application20221213150814-600x363.png 600w, https:\/\/swforming.com\/wp-content\/uploads\/2022\/12\/Application20221213150814-300x182.png 300w, https:\/\/swforming.com\/wp-content\/uploads\/2022\/12\/Application20221213150814-768x465.png 768w, https:\/\/swforming.com\/wp-content\/uploads\/2022\/12\/Application20221213150814-18x12.png 18w\" sizes=\"(max-width: 1000px) 100vw, 1000px\" \/><\/p>\n<h3>Otomatik c a\u015f\u0131k rulo \u015fekillendirme makinesi nedir?<\/h3>\n<p>Otomatik C a\u015f\u0131k rulo \u015fekillendirme makinesi, imalat end\u00fcstrisinde C \u015feklinde a\u015f\u0131klar \u00fcretmek i\u00e7in kullan\u0131lan \u00f6zel bir ekipman par\u00e7as\u0131d\u0131r. A\u015f\u0131klar, tipik olarak \u00e7at\u0131y\u0131 veya duvarlar\u0131 desteklemek i\u00e7in binalar\u0131n yap\u0131m\u0131nda kullan\u0131lan yap\u0131sal bile\u015fenlerdir. C a\u015f\u0131klar\u0131, \"C\" harfine benzeyen C \u015feklinde bir enine kesite sahiptir.<\/p>\n<p>Rulo \u015fekillendirme makinesi, metal bobinleri otomatik olarak beslemek, \u015fekillendirmek ve C-\u015fekilli a\u015f\u0131klara kesmek i\u00e7in tasarlanm\u0131\u015ft\u0131r. Metal \u015feridi kademeli olarak istenen profile \u015fekillendiren bir dizi silindir ve tak\u0131m istasyonundan olu\u015fur. Makine, metal \u015feridin makineye beslenmesi ve di\u011fer u\u00e7ta bitmi\u015f bir C a\u015f\u0131\u011fa d\u00f6n\u00fc\u015ft\u00fcr\u00fclmesiyle s\u00fcrekli bir s\u00fcre\u00e7te \u00e7al\u0131\u015f\u0131r.<\/p>\n<p>Makinenin otomatik yap\u0131s\u0131, minimum manuel m\u00fcdahale gerektirdi\u011fi anlam\u0131na gelir. Makine bir kez kurulduktan ve istenen parametrelerle yap\u0131land\u0131r\u0131ld\u0131ktan sonra, tutarl\u0131 ve verimli bir \u015fekilde C a\u015f\u0131klar\u0131 \u00fcretebilir. Makine, ayarlar\u0131 de\u011fi\u015ftirerek farkl\u0131 boyutlarda ve uzunluklarda a\u015f\u0131klar \u00fcretecek \u015fekilde programlanabilir.<\/p>\n<p>Otomatik C a\u015f\u0131k rulo \u015fekillendirme makineleri, y\u00fcksek hassasiyet ve h\u0131zda a\u015f\u0131k \u00fcretme kabiliyetleri nedeniyle in\u015faat sekt\u00f6r\u00fcnde yayg\u0131n olarak kullan\u0131lmaktad\u0131r. Daha d\u00fc\u015f\u00fck i\u015f\u00e7ilik maliyetleri, geli\u015fmi\u015f \u00fcretkenlik ve tutarl\u0131 \u00fcr\u00fcn kalitesi gibi avantajlar sunarlar.<\/p>\n<h3>oem c a\u015f\u0131k rulo \u015fekillendirme makinesinin avantajlar\u0131<\/h3>\n<ol>\n<li>Uzmanl\u0131k ve Kalite: OEM \u00fcreticileri rulo \u015fekillendirme ekipman\u0131 konusunda uzmanla\u015fm\u0131\u015ft\u0131r ve y\u00fcksek kaliteli makineler tasarlama ve \u00fcretme konusunda kapsaml\u0131 bilgi ve deneyime sahiptir. Bir OEM makine tercih ederek onlar\u0131n uzmanl\u0131\u011f\u0131ndan faydalanabilir ve g\u00fcvenilir ve iyi imal edilmi\u015f bir \u00fcr\u00fcn ald\u0131\u011f\u0131n\u0131zdan emin olabilirsiniz.<\/li>\n<li>\u00d6zelle\u015ftirme: OEM makineleri \u00f6zel gereksinimlerinizi kar\u015f\u0131layacak \u015fekilde uyarlanabilir. OEM \u00fcreticisi, ihtiya\u00e7lar\u0131n\u0131z\u0131 anlamak ve makineyi buna g\u00f6re \u00f6zelle\u015ftirmek i\u00e7in sizinle yak\u0131n i\u015fbirli\u011fi i\u00e7inde \u00e7al\u0131\u015facakt\u0131r. Bu, makinenin \u00fcretim s\u00fcreciniz i\u00e7in optimize edilmesini sa\u011flayarak istenen \u00e7\u0131kt\u0131 ve kaliteyi elde etmenize olanak tan\u0131r.<\/li>\n<li>Destek ve E\u011fitim: OEM \u00fcreticileri genellikle kapsaml\u0131 destek ve e\u011fitim hizmetleri sa\u011flar. Makinenin kurulumu, ayarlanmas\u0131 ve \u00e7al\u0131\u015ft\u0131r\u0131lmas\u0131 konusunda size yard\u0131mc\u0131 olabilirler. Ayr\u0131ca, personelinize e\u011fitim sunarak makinenin \u00e7al\u0131\u015fmas\u0131 ve bak\u0131m\u0131 hakk\u0131nda bilgi sahibi olmalar\u0131n\u0131 sa\u011flayabilirler. Bu destek, ar\u0131za s\u00fcresini en aza indirmeye ve \u00fcretkenli\u011fi en \u00fcst d\u00fczeye \u00e7\u0131karmaya yard\u0131mc\u0131 olabilir.<\/li>\n<li>Sat\u0131\u015f Sonras\u0131 Hizmet: OEM \u00fcreticileri genellikle sat\u0131\u015f sonras\u0131 hizmet ve destek sunar. Bu, sorun giderme, yedek par\u00e7a bulunabilirli\u011fi ve bak\u0131m hizmetleri ile ilgili yard\u0131m\u0131 i\u00e7erir. G\u00fcvenilir sat\u0131\u015f sonras\u0131 deste\u011fe sahip olmak, makineyle ilgili herhangi bir sorun veya endi\u015fenizin derhal ele al\u0131nmas\u0131n\u0131 sa\u011flayarak \u00fcretiminizdeki kesintileri en aza indirir.<\/li>\n<li>Markala\u015fma F\u0131rsatlar\u0131: Bir OEM makine ile, makineyi \u015firketinizin ad\u0131 veya etiketi alt\u0131nda markalama esnekli\u011fine sahip olursunuz. Bu, marka g\u00f6r\u00fcn\u00fcrl\u00fc\u011f\u00fcn\u00fcz\u00fc art\u0131rman\u0131za ve pazarda kimli\u011finizi olu\u015fturman\u0131za olanak tan\u0131r. Ayr\u0131ca makineyi \u00fcr\u00fcn hatt\u0131n\u0131z\u0131n bir par\u00e7as\u0131 olarak pazarlayabilir ve m\u00fc\u015fterilerinize ek de\u011fer sa\u011flayabilirsiniz.<\/li>\n<li>Maliyet Etkinli\u011fi: Bir OEM \u00fcreticisi ile i\u015fbirli\u011fi yapmak, ekipman\u0131 \u015firket i\u00e7inde geli\u015ftirmeye k\u0131yasla genellikle uygun maliyetli bir \u00e7\u00f6z\u00fcm olabilir. Ara\u015ft\u0131rma ve geli\u015ftirme, m\u00fchendislik ve \u00fcretim tesisleriyle ilgili masraflardan tasarruf edebilirsiniz. Ayr\u0131ca, bir OEM \u00fcreticisi ile ortakl\u0131k kurarak, \u00f6l\u00e7ek ekonomilerinden faydalanabilir ve potansiyel olarak makinenin toplam maliyetini d\u00fc\u015f\u00fcrebilirsiniz.<\/li>\n<\/ol>\n<h3>de\u011fi\u0307\u015fti\u0307ri\u0307lebi\u0307li\u0307r u a\u015fik rulo \u015feki\u0307llendi\u0307rme maki\u0307nesi\u0307 nasil \u00e7ali\u015fir?<\/h3>\n<p>De\u011fi\u015ftirilebilir bir U a\u015f\u0131k rulo \u015fekillendirme makinesi, de\u011fi\u015ftirilebilir boyutlarda U \u015feklinde a\u015f\u0131klar \u00fcretmek i\u00e7in \u00f6zel olarak tasarlanm\u0131\u015f bir rulo \u015fekillendirme makinesidir. U a\u015f\u0131klar, \u00e7at\u0131lar, duvarlar ve zeminler i\u00e7in yap\u0131sal destek sa\u011flamak amac\u0131yla in\u015faatlarda yayg\u0131n olarak kullan\u0131l\u0131r.<\/p>\n<p>De\u011fi\u015ftirilebilir U a\u015f\u0131k rulo \u015fekillendirme makinesinin en \u00f6nemli \u00f6zelli\u011fi, farkl\u0131 boyut ve ebatlarda U a\u015f\u0131klar \u00fcretebilmesidir. Bu esneklik, makine \u00e7e\u015fitli geni\u015flik, derinlik ve flan\u015f uzunluklar\u0131nda U a\u015f\u0131klar\u0131 \u00fcretmek i\u00e7in kolayca ayarlanabildi\u011finden \u00fcretimde \u00e7ok y\u00f6nl\u00fcl\u00fck sa\u011flar.<\/p>\n<p>De\u011fi\u015ftirilebilir bir U a\u015f\u0131k rulo \u015fekillendirme makinesi tipik olarak \u015fu \u015fekilde \u00e7al\u0131\u015f\u0131r:<\/p>\n<ol>\n<li>Malzeme Besleme: Makine, bir metal \u015ferit bobininin makineye beslenmesiyle ba\u015flar. \u015eerit genellikle galvanizli \u00e7elik, paslanmaz \u00e7elik veya di\u011fer uygun malzemelerden yap\u0131l\u0131r.<\/li>\n<li>Rulo \u015eekillendirme: Metal \u015ferit, onu kademeli olarak U \u015feklinde bir profile d\u00f6n\u00fc\u015ft\u00fcren bir dizi silindir ve alet istasyonundan ge\u00e7er. Bu silindirler ve istasyonlar, \u00fcretilen U a\u015f\u0131\u011f\u0131n geni\u015fli\u011finde ve derinli\u011finde de\u011fi\u015fikliklere izin verecek \u015fekilde ayarlanabilir.<\/li>\n<li>Kesme ve Uzunluk \u00d6l\u00e7\u00fcm\u00fc: U \u015feklindeki profil olu\u015fturulduktan sonra, makine a\u015f\u0131\u011f\u0131 istenen uzunlukta kesen bir kesme mekanizmas\u0131 i\u00e7erir. Baz\u0131 makineler, do\u011fru ve tutarl\u0131 kesim sa\u011flamak i\u00e7in entegre bir uzunluk \u00f6l\u00e7\u00fcm sistemine de sahiptir.<\/li>\n<li>\u0130stifleme veya Paketleme: Kesimden sonra, bitmi\u015f U a\u015f\u0131klar tipik olarak kolay kullan\u0131m ve nakliye i\u00e7in istiflenir veya paketlenir.<\/li>\n<\/ol>\n<p>Makinenin de\u011fi\u015ftirilebilir yap\u0131s\u0131, farkl\u0131 U a\u015f\u0131k boyutlar\u0131 aras\u0131nda h\u0131zl\u0131 ve verimli ge\u00e7i\u015f yap\u0131lmas\u0131n\u0131 sa\u011flar. Ayarlamalar tipik olarak basit manuel veya otomatik kontroller arac\u0131l\u0131\u011f\u0131yla yap\u0131l\u0131r ve operat\u00f6rlerin istenen boyutlar\u0131 kolayca ayarlamas\u0131na olanak tan\u0131r.<\/p>","protected":false},"excerpt":{"rendered":"<p><span data-spm-anchor-id=\"a2700.details.0.i21.24163bbaYZpM6v\">M A\u015f\u0131k Rulo \u015eekillendirme Makinesi olarak da adland\u0131r\u0131lan bu Sigma a\u015f\u0131k rulo \u015fekillendirme makinesi, 80-300 mm geni\u015fli\u011finde M \u015feklinde a\u015f\u0131klar \u00fcretmek i\u00e7in kullan\u0131l\u0131r, normalde malzeme kal\u0131nl\u0131\u011f\u0131 1.5-3 mm'dir, ayr\u0131ca m\u00fc\u015fteri ihtiyac\u0131na g\u00f6re Maksimum kal\u0131nl\u0131k 4.0-6.0 mm'de olu\u015fturulabilir.<\/span><\/p>","protected":false},"featured_media":1959,"comment_status":"closed","ping_status":"closed","template":"","meta":{"_acf_changed":false},"product_brand":[],"product_cat":[52,112,113,73],"product_tag":[],"class_list":{"0":"post-1958","1":"product","2":"type-product","3":"status-publish","4":"has-post-thumbnail","6":"product_cat-steel-structure","7":"product_cat-profile-roll-forming-machine","8":"product_cat-purlin-roll-forming-machine","9":"product_cat-sigma-purlin-roll-forming-machine","11":"first","12":"instock","13":"shipping-taxable","14":"product-type-simple"},"acf":[],"_links":{"self":[{"href":"https:\/\/swforming.com\/tr\/wp-json\/wp\/v2\/product\/1958","targetHints":{"allow":["GET"]}}],"collection":[{"href":"https:\/\/swforming.com\/tr\/wp-json\/wp\/v2\/product"}],"about":[{"href":"https:\/\/swforming.com\/tr\/wp-json\/wp\/v2\/types\/product"}],"replies":[{"embeddable":true,"href":"https:\/\/swforming.com\/tr\/wp-json\/wp\/v2\/comments?post=1958"}],"version-history":[{"count":4,"href":"https:\/\/swforming.com\/tr\/wp-json\/wp\/v2\/product\/1958\/revisions"}],"predecessor-version":[{"id":3208,"href":"https:\/\/swforming.com\/tr\/wp-json\/wp\/v2\/product\/1958\/revisions\/3208"}],"wp:featuredmedia":[{"embeddable":true,"href":"https:\/\/swforming.com\/tr\/wp-json\/wp\/v2\/media\/1959"}],"wp:attachment":[{"href":"https:\/\/swforming.com\/tr\/wp-json\/wp\/v2\/media?parent=1958"}],"wp:term":[{"taxonomy":"product_brand","embeddable":true,"href":"https:\/\/swforming.com\/tr\/wp-json\/wp\/v2\/product_brand?post=1958"},{"taxonomy":"product_cat","embeddable":true,"href":"https:\/\/swforming.com\/tr\/wp-json\/wp\/v2\/product_cat?post=1958"},{"taxonomy":"product_tag","embeddable":true,"href":"https:\/\/swforming.com\/tr\/wp-json\/wp\/v2\/product_tag?post=1958"}],"curies":[{"name":"wp","href":"https:\/\/api.w.org\/{rel}","templated":true}]}}