{"id":1872,"date":"2022-12-19T06:12:50","date_gmt":"2022-12-19T06:12:50","guid":{"rendered":"https:\/\/swforming.com\/?post_type=product&#038;p=1872"},"modified":"2024-09-05T03:33:13","modified_gmt":"2024-09-05T03:33:13","slug":"auto-size-changeable-c-z-purlin-roll-forming-machine","status":"publish","type":"product","link":"https:\/\/swforming.com\/tr\/product\/auto-size-changeable-c-z-purlin-roll-forming-machine\/","title":{"rendered":"Otomatik Boyut De\u011fi\u015ftirilebilir CZ A\u015f\u0131k Rulo \u015eekillendirme Makinesi"},"content":{"rendered":"<p><img fetchpriority=\"high\" decoding=\"async\" class=\"alignnone size-full wp-image-1879\" src=\"https:\/\/swforming.com\/wp-content\/uploads\/2022\/12\/H3ac0392a26ca492787a9be112fee2382b.webp\" alt=\"\" width=\"750\" height=\"900\" title=\"\" srcset=\"https:\/\/swforming.com\/wp-content\/uploads\/2022\/12\/H3ac0392a26ca492787a9be112fee2382b.webp 750w, https:\/\/swforming.com\/wp-content\/uploads\/2022\/12\/H3ac0392a26ca492787a9be112fee2382b-600x720.webp 600w, https:\/\/swforming.com\/wp-content\/uploads\/2022\/12\/H3ac0392a26ca492787a9be112fee2382b-250x300.webp 250w, https:\/\/swforming.com\/wp-content\/uploads\/2022\/12\/H3ac0392a26ca492787a9be112fee2382b-10x12.webp 10w\" sizes=\"(max-width: 750px) 100vw, 750px\" \/><\/p>\n<p>Bu Otomatik Boyut De\u011fi\u015ftirilebilir CZ A\u015f\u0131k Rulo \u015eekillendirme Makinesi, 100-300 mm geni\u015fli\u011finde C&amp;Z \u015feklinde a\u015f\u0131klar \u00fcretmek i\u00e7in kullan\u0131l\u0131r, normalde malzeme kal\u0131nl\u0131\u011f\u0131 1.5-3 mm'dir, ayr\u0131ca m\u00fc\u015fteri ihtiyac\u0131na g\u00f6re Maksimum kal\u0131nl\u0131k 4.0-6.0 mm'de olu\u015fturulabilir.<\/p>\n<p>SUNWAY, bu otomatik boyut de\u011fi\u015ftirilebilir CZ a\u015f\u0131k rulo \u015fekillendirme makinesini, PLC taraf\u0131ndan otomatik olarak ayarlanabilen boyutlarda, herhangi bir a\u015f\u0131k boyutuyla \u00e7al\u0131\u015fmak \u00fczere tasarlar. Dahas\u0131, C'den Z'ye de\u011fi\u015ftirme s\u00fcresi sadece 10 dakikaya ihtiya\u00e7 duyar. Delme \u00fcnitesi ile ilgili olarak, ihtiyac\u0131n\u0131za g\u00f6re \u00f6n delme, son delme tasarlayabiliriz. Kesme \u00fcnitesi i\u00e7in, evrensel kesim olan \u00f6n kesim veya son kesimi se\u00e7ebilirsiniz. Hammadde 2,5 mm'den daha kal\u0131nsa, zinciri ve \u00e7o\u011funlukla \u015fanz\u0131man i\u00e7in gimbal \/ di\u015fli kutusu ile benimsedi\u011fimiz s\u00fcr\u00fc\u015f sistemi, bu \u00e7ok daha g\u00fc\u00e7l\u00fc s\u00fcr\u00fc\u015f g\u00fcc\u00fcd\u00fcr ve a\u015f\u0131klar\u0131 olu\u015ftururken daha kararl\u0131d\u0131r.<\/p>\n<p>A\u015f\u0131k rulo \u015fekillendirme makinesi en pop\u00fcler olan\u0131d\u0131r ve Metal Yap\u0131 Sistemleri, B\u00fcy\u00fck \u00c7at\u0131 Kaplama \u00c7\u00f6z\u00fcmleri, \u0130n\u015faat ve Yenileme Projeleri vb. alanlarda geni\u015f bir kullan\u0131ma sahiptir. Purlin rulo \u015fekillendirme makinemiz a\u015fa\u011f\u0131daki gibi C purlin, U purlin, Z purlin, i\u015flenebilir boyut aral\u0131\u011f\u0131 \u00fcretebilir: Geni\u015flik: 100-300mm, Y\u00fckseklik: 50-100mm, Kal\u0131nl\u0131k: 1.5-3mm. Kesit profilinize, boyut aral\u0131\u011f\u0131n\u0131za, kal\u0131nl\u0131k aral\u0131\u011f\u0131n\u0131za g\u00f6re, eksiksiz bir yap\u0131sal a\u015f\u0131k yelpazesi (motorlar taraf\u0131ndan otomatik sistem kullan\u0131larak y\u00fckseklik ve geni\u015flik de\u011fi\u015fimi) \u00fcretmek i\u00e7in size farkl\u0131 a\u015f\u0131k rulo \u015fekillendirme makinesi \u00e7\u00f6z\u00fcmleri sa\u011flayabiliriz: Yaln\u0131zca birka\u00e7 boyut \u00fcretmeniz gerekiyorsa, man\u015fonlar\u0131 manuel olarak de\u011fi\u015ftirmenizi de \u00f6neririz, bu daha ekonomiktir.<\/p>\n<p>M\u00fc\u015fterilerin \u00e7izimlerine, toleranslar\u0131na ve b\u00fct\u00e7elerine g\u00f6re farkl\u0131 \u00e7\u00f6z\u00fcmler \u00fcretiyor, t\u00fcm gereksinimlerinize uyarlanabilen profesyonel bire bir hizmet sunuyoruz. Hangi hatt\u0131 se\u00e7erseniz se\u00e7in, SUNWAY Machinery'nin kalitesi m\u00fckemmel i\u015flevsel profiller elde etmenizi sa\u011flayacakt\u0131r.<\/p>\n<p>Daha fazla bilgi i\u00e7in buraya t\u0131klay\u0131n <a href=\"https:\/\/swforming.com\/tr\/purlin-roll-forming-machine-all-in-one-2023\/\"><strong>a\u015f\u0131k rulo \u015fekillendirme makinesi<\/strong><\/a><\/p>\n<p>&nbsp;<\/p>\n<h3>Profil \u00c7izimleri<\/h3>\n<p><img decoding=\"async\" class=\"alignnone wp-image-4990 size-full\" src=\"https:\/\/swforming.com\/wp-content\/uploads\/2022\/12\/3112-e1725507178550.jpg\" alt=\"\" width=\"1748\" height=\"1628\" title=\"\" srcset=\"https:\/\/swforming.com\/wp-content\/uploads\/2022\/12\/3112-e1725507178550.jpg 1748w, https:\/\/swforming.com\/wp-content\/uploads\/2022\/12\/3112-e1725507178550-300x279.jpg 300w, https:\/\/swforming.com\/wp-content\/uploads\/2022\/12\/3112-e1725507178550-1024x954.jpg 1024w, https:\/\/swforming.com\/wp-content\/uploads\/2022\/12\/3112-e1725507178550-768x715.jpg 768w, https:\/\/swforming.com\/wp-content\/uploads\/2022\/12\/3112-e1725507178550-1536x1431.jpg 1536w, https:\/\/swforming.com\/wp-content\/uploads\/2022\/12\/3112-e1725507178550-13x12.jpg 13w, https:\/\/swforming.com\/wp-content\/uploads\/2022\/12\/3112-e1725507178550-600x559.jpg 600w\" sizes=\"(max-width: 1748px) 100vw, 1748px\" \/><\/p>\n<p><img decoding=\"async\" class=\"alignnone wp-image-1880 size-full\" src=\"https:\/\/swforming.com\/wp-content\/uploads\/2022\/12\/He01e5dc90f274a47a11a34bbb3a7fb16l-scaled-e1725507005801.webp\" alt=\"\" width=\"1534\" height=\"1169\" title=\"\" srcset=\"https:\/\/swforming.com\/wp-content\/uploads\/2022\/12\/He01e5dc90f274a47a11a34bbb3a7fb16l-scaled-e1725507005801.webp 1534w, https:\/\/swforming.com\/wp-content\/uploads\/2022\/12\/He01e5dc90f274a47a11a34bbb3a7fb16l-scaled-e1725507005801-600x457.webp 600w, https:\/\/swforming.com\/wp-content\/uploads\/2022\/12\/He01e5dc90f274a47a11a34bbb3a7fb16l-scaled-e1725507005801-300x229.webp 300w, https:\/\/swforming.com\/wp-content\/uploads\/2022\/12\/He01e5dc90f274a47a11a34bbb3a7fb16l-scaled-e1725507005801-1024x780.webp 1024w, https:\/\/swforming.com\/wp-content\/uploads\/2022\/12\/He01e5dc90f274a47a11a34bbb3a7fb16l-scaled-e1725507005801-768x585.webp 768w, https:\/\/swforming.com\/wp-content\/uploads\/2022\/12\/He01e5dc90f274a47a11a34bbb3a7fb16l-scaled-e1725507005801-16x12.webp 16w\" sizes=\"(max-width: 1534px) 100vw, 1534px\" \/><\/p>\n<p><img loading=\"lazy\" decoding=\"async\" class=\"alignnone wp-image-1730\" src=\"https:\/\/swforming.com\/wp-content\/uploads\/2022\/11\/H878d37d716804e6cb906c27834c1cde8Q.webp\" alt=\"\" width=\"250\" height=\"184\" title=\"\" srcset=\"https:\/\/swforming.com\/wp-content\/uploads\/2022\/11\/H878d37d716804e6cb906c27834c1cde8Q.webp 600w, https:\/\/swforming.com\/wp-content\/uploads\/2022\/11\/H878d37d716804e6cb906c27834c1cde8Q-300x221.webp 300w, https:\/\/swforming.com\/wp-content\/uploads\/2022\/11\/H878d37d716804e6cb906c27834c1cde8Q-16x12.webp 16w\" sizes=\"(max-width: 250px) 100vw, 250px\" \/> <img loading=\"lazy\" decoding=\"async\" class=\"alignnone wp-image-1731\" src=\"https:\/\/swforming.com\/wp-content\/uploads\/2022\/11\/H969823f935f2428998d910b115eb815bW.webp\" alt=\"\" width=\"250\" height=\"184\" title=\"\" srcset=\"https:\/\/swforming.com\/wp-content\/uploads\/2022\/11\/H969823f935f2428998d910b115eb815bW.webp 600w, https:\/\/swforming.com\/wp-content\/uploads\/2022\/11\/H969823f935f2428998d910b115eb815bW-300x221.webp 300w, https:\/\/swforming.com\/wp-content\/uploads\/2022\/11\/H969823f935f2428998d910b115eb815bW-16x12.webp 16w\" sizes=\"(max-width: 250px) 100vw, 250px\" \/> <img loading=\"lazy\" decoding=\"async\" class=\"alignnone wp-image-1732\" src=\"https:\/\/swforming.com\/wp-content\/uploads\/2022\/11\/H907e749ae78a460fbf1455ae3e4abea8Z.webp\" alt=\"\" width=\"250\" height=\"184\" title=\"\" srcset=\"https:\/\/swforming.com\/wp-content\/uploads\/2022\/11\/H907e749ae78a460fbf1455ae3e4abea8Z.webp 600w, https:\/\/swforming.com\/wp-content\/uploads\/2022\/11\/H907e749ae78a460fbf1455ae3e4abea8Z-300x221.webp 300w, https:\/\/swforming.com\/wp-content\/uploads\/2022\/11\/H907e749ae78a460fbf1455ae3e4abea8Z-16x12.webp 16w\" sizes=\"(max-width: 250px) 100vw, 250px\" \/> <img loading=\"lazy\" decoding=\"async\" class=\"alignnone wp-image-1866\" src=\"https:\/\/swforming.com\/wp-content\/uploads\/2022\/12\/213150330.png\" alt=\"\" width=\"760\" height=\"183\" title=\"\" srcset=\"https:\/\/swforming.com\/wp-content\/uploads\/2022\/12\/213150330.png 750w, https:\/\/swforming.com\/wp-content\/uploads\/2022\/12\/213150330-600x145.png 600w, https:\/\/swforming.com\/wp-content\/uploads\/2022\/12\/213150330-300x72.png 300w, https:\/\/swforming.com\/wp-content\/uploads\/2022\/12\/213150330-18x4.png 18w\" sizes=\"(max-width: 760px) 100vw, 760px\" \/><\/p>\n<h3>CZ A\u015f\u0131k Rulo \u015eekillendirme Makinesi \u00dcretim Hatt\u0131<\/h3>\n<p><img loading=\"lazy\" decoding=\"async\" class=\"alignnone size-full wp-image-1881\" src=\"https:\/\/swforming.com\/wp-content\/uploads\/2022\/12\/Hb7ee0d4392d5410abe900a7a821970159.webp\" alt=\"\" width=\"1748\" height=\"2366\" title=\"\" srcset=\"https:\/\/swforming.com\/wp-content\/uploads\/2022\/12\/Hb7ee0d4392d5410abe900a7a821970159.webp 1748w, https:\/\/swforming.com\/wp-content\/uploads\/2022\/12\/Hb7ee0d4392d5410abe900a7a821970159-600x812.webp 600w, https:\/\/swforming.com\/wp-content\/uploads\/2022\/12\/Hb7ee0d4392d5410abe900a7a821970159-222x300.webp 222w, https:\/\/swforming.com\/wp-content\/uploads\/2022\/12\/Hb7ee0d4392d5410abe900a7a821970159-757x1024.webp 757w, https:\/\/swforming.com\/wp-content\/uploads\/2022\/12\/Hb7ee0d4392d5410abe900a7a821970159-768x1040.webp 768w, https:\/\/swforming.com\/wp-content\/uploads\/2022\/12\/Hb7ee0d4392d5410abe900a7a821970159-1135x1536.webp 1135w, https:\/\/swforming.com\/wp-content\/uploads\/2022\/12\/Hb7ee0d4392d5410abe900a7a821970159-1513x2048.webp 1513w, https:\/\/swforming.com\/wp-content\/uploads\/2022\/12\/Hb7ee0d4392d5410abe900a7a821970159-9x12.webp 9w\" sizes=\"(max-width: 1748px) 100vw, 1748px\" \/><\/p>\n<h3>\u00dcr\u00fcn Detaylar\u0131<\/h3>\n<p><img loading=\"lazy\" decoding=\"async\" class=\"alignnone size-full wp-image-1882\" src=\"https:\/\/swforming.com\/wp-content\/uploads\/2022\/12\/Detail.png\" alt=\"\" width=\"1000\" height=\"1721\" title=\"\" srcset=\"https:\/\/swforming.com\/wp-content\/uploads\/2022\/12\/Detail.png 1000w, https:\/\/swforming.com\/wp-content\/uploads\/2022\/12\/Detail-600x1033.png 600w, https:\/\/swforming.com\/wp-content\/uploads\/2022\/12\/Detail-174x300.png 174w, https:\/\/swforming.com\/wp-content\/uploads\/2022\/12\/Detail-595x1024.png 595w, https:\/\/swforming.com\/wp-content\/uploads\/2022\/12\/Detail-768x1322.png 768w, https:\/\/swforming.com\/wp-content\/uploads\/2022\/12\/Detail-893x1536.png 893w, https:\/\/swforming.com\/wp-content\/uploads\/2022\/12\/Detail-7x12.png 7w\" sizes=\"(max-width: 1000px) 100vw, 1000px\" \/><\/p>\n<h3>CZ A\u015f\u0131k Rulo \u015eekillendirme Makinesi Parametreleri<\/h3>\n<div style=\"overflow-x: auto;\">\n<table>\n<tbody>\n<tr>\n<td style=\"text-align: center;\" colspan=\"3\" rowspan=\"1\" data-sheets-value=\"{&quot;1&quot;:2,&quot;2&quot;:&quot;Auto Size Changeable C\/Z Purlin Roll Forming Machine&quot;}\"><strong>Otomatik Boyut De\u011fi\u015ftirilebilir C \/ Z A\u015f\u0131k Rulo \u015eekillendirme Makinesi<\/strong><\/td>\n<\/tr>\n<tr>\n<td colspan=\"1\" rowspan=\"2\" data-sheets-value=\"{&quot;1&quot;:2,&quot;2&quot;:&quot;Machinable Material&quot;}\">\n<div>\u0130\u015flenebilir Malzeme<\/div>\n<\/td>\n<td data-sheets-value=\"{&quot;1&quot;:2,&quot;2&quot;:&quot;A) Galvanized Coil&quot;}\">A) Galvanizli Bobin<\/td>\n<td colspan=\"1\" rowspan=\"2\" data-sheets-value=\"{&quot;1&quot;:2,&quot;2&quot;:&quot;Thickness(MM): 1.5-3 or as per customer&quot;}\">\n<div>Kal\u0131nl\u0131k (MM): 1,5-3 veya m\u00fc\u015fteriye g\u00f6re<\/div>\n<\/td>\n<\/tr>\n<tr>\n<td data-sheets-value=\"{&quot;1&quot;:2,&quot;2&quot;:&quot;B) Carbon Steel Coil&quot;}\">B) Karbon \u00c7elik Rulo<\/td>\n<\/tr>\n<tr>\n<td data-sheets-value=\"{&quot;1&quot;:2,&quot;2&quot;:&quot;Yield Strength&quot;}\">Akma Dayan\u0131m\u0131<\/td>\n<td colspan=\"2\" rowspan=\"1\" data-sheets-value=\"{&quot;1&quot;:2,&quot;2&quot;:&quot;250 - 550 Mpa&quot;}\">250 - 550 Mpa<\/td>\n<\/tr>\n<tr>\n<td data-sheets-value=\"{&quot;1&quot;:2,&quot;2&quot;:&quot;Tensil Stress&quot;}\">Tensil Stres<\/td>\n<td colspan=\"2\" rowspan=\"1\" data-sheets-value=\"{&quot;1&quot;:2,&quot;2&quot;:&quot;G350 Mpa-G550 Mpa&quot;}\">G350 Mpa-G550 Mpa<\/td>\n<\/tr>\n<tr>\n<td data-sheets-value=\"{&quot;1&quot;:2,&quot;2&quot;:&quot;Decoiler&quot;}\">Decoiler<\/td>\n<td data-sheets-value=\"{&quot;1&quot;:2,&quot;2&quot;:&quot;Manual Decoiler&quot;}\">Manuel A\u00e7\u0131c\u0131<\/td>\n<td data-sheets-value=\"{&quot;1&quot;:2,&quot;2&quot;:&quot;* Hydraulic Decoiler (Optional)&quot;}\">* Hidrolik A\u00e7\u0131c\u0131 (Opsiyonel)<\/td>\n<\/tr>\n<tr>\n<td data-sheets-value=\"{&quot;1&quot;:2,&quot;2&quot;:&quot;Punching System&quot;}\">Delme Sistemi<\/td>\n<td data-sheets-value=\"{&quot;1&quot;:2,&quot;2&quot;:&quot;Hydraulic Punching Station&quot;}\">Hidrolik Delme \u0130stasyonu<\/td>\n<td data-sheets-value=\"{&quot;1&quot;:2,&quot;2&quot;:&quot;* Pre-punch \/ Post Punch (Optional)&quot;}\">* Yumruk \u00d6ncesi \/ Yumruk Sonras\u0131 (\u0130ste\u011fe Ba\u011fl\u0131)<\/td>\n<\/tr>\n<tr>\n<td data-sheets-value=\"{&quot;1&quot;:2,&quot;2&quot;:&quot;Forming Station&quot;}\">\u015eekillendirme \u0130stasyonu<\/td>\n<td colspan=\"2\" rowspan=\"1\" data-sheets-value=\"{&quot;1&quot;:2,&quot;2&quot;:&quot;16-18 Stations&quot;}\">16-18 \u0130stasyonlar<\/td>\n<\/tr>\n<tr>\n<td data-sheets-value=\"{&quot;1&quot;:2,&quot;2&quot;:&quot;Driving System&quot;}\">S\u00fcr\u00fc\u015f Sistemi<\/td>\n<td data-sheets-value=\"{&quot;1&quot;:2,&quot;2&quot;:&quot;Chain Drive&quot;}\">Zincir Tahrik<\/td>\n<td data-sheets-value=\"{&quot;1&quot;:2,&quot;2&quot;:&quot;* Gearbox Drive (Optional)&quot;}\">* \u015eanz\u0131man Tahriki (Opsiyonel)<\/td>\n<\/tr>\n<tr>\n<td data-sheets-value=\"{&quot;1&quot;:2,&quot;2&quot;:&quot;Machine Structure&quot;}\">Makine Yap\u0131s\u0131<\/td>\n<td data-sheets-value=\"{&quot;1&quot;:2,&quot;2&quot;:&quot;Wall Panel Station&quot;}\">Duvar Paneli \u0130stasyonu<\/td>\n<td data-sheets-value=\"{&quot;1&quot;:2,&quot;2&quot;:&quot;* Forged Iron Station (Optional)&quot;}\">* D\u00f6vme Demir \u0130stasyon (Opsiyonel)<\/td>\n<\/tr>\n<tr>\n<td data-sheets-value=\"{&quot;1&quot;:2,&quot;2&quot;:&quot;Forming Speed&quot;}\">\u015eekillendirme H\u0131z\u0131<\/td>\n<td data-sheets-value=\"{&quot;1&quot;:2,&quot;2&quot;:&quot;10-20 (M\/MIN)&quot;}\">10-20 (M\/MIN)<\/td>\n<td data-sheets-value=\"{&quot;1&quot;:2,&quot;2&quot;:&quot;* Or According To Your Requirment&quot;}\">* Veya \u0130htiyac\u0131n\u0131za G\u00f6re<\/td>\n<\/tr>\n<tr>\n<td data-sheets-value=\"{&quot;1&quot;:2,&quot;2&quot;:&quot;Rollers\u2019 Material&quot;}\">Silindir Malzemesi<\/td>\n<td data-sheets-value=\"{&quot;1&quot;:2,&quot;2&quot;:&quot;GCr 15&quot;}\">GCr 15<\/td>\n<td data-sheets-value=\"{&quot;1&quot;:2,&quot;2&quot;:&quot;* Cr12Mov (Optional)&quot;}\">* Cr12Mov (\u0130ste\u011fe ba\u011fl\u0131)<\/td>\n<\/tr>\n<tr>\n<td data-sheets-value=\"{&quot;1&quot;:2,&quot;2&quot;:&quot;Cutting System&quot;}\">Kesim Sistemi<\/td>\n<td data-sheets-value=\"{&quot;1&quot;:2,&quot;2&quot;:&quot;Pre-cutting&quot;}\">\u00d6n kesim<\/td>\n<td data-sheets-value=\"{&quot;1&quot;:2,&quot;2&quot;:&quot;* Post- universal Cutting (Optional)&quot;}\">* \u00dcniversal Kesim Sonras\u0131 (\u0130ste\u011fe Ba\u011fl\u0131)<\/td>\n<\/tr>\n<tr>\n<td data-sheets-value=\"{&quot;1&quot;:2,&quot;2&quot;:&quot;Frequency Changer Brand&quot;}\">Frekans De\u011fi\u015ftirici Marka<\/td>\n<td data-sheets-value=\"{&quot;1&quot;:2,&quot;2&quot;:&quot;Yaskawa&quot;}\">Yaskawa<\/td>\n<td data-sheets-value=\"{&quot;1&quot;:2,&quot;2&quot;:&quot;* Siemens (Optional)&quot;}\">* Siemens (Opsiyonel)<\/td>\n<\/tr>\n<tr>\n<td data-sheets-value=\"{&quot;1&quot;:2,&quot;2&quot;:&quot;PLC Brand&quot;}\">PLC Markas\u0131<\/td>\n<td data-sheets-value=\"{&quot;1&quot;:2,&quot;2&quot;:&quot;Panasonic&quot;}\">Panasonic<\/td>\n<td data-sheets-value=\"{&quot;1&quot;:2,&quot;2&quot;:&quot;* Siemens (Optional)&quot;}\">* Siemens (Opsiyonel)<\/td>\n<\/tr>\n<tr>\n<td data-sheets-value=\"{&quot;1&quot;:2,&quot;2&quot;:&quot;Power Supply&quot;}\">G\u00fc\u00e7 Kayna\u011f\u0131<\/td>\n<td data-sheets-value=\"{&quot;1&quot;:2,&quot;2&quot;:&quot;380V 50Hz&quot;}\">380V 50Hz<\/td>\n<td data-sheets-value=\"{&quot;1&quot;:2,&quot;2&quot;:&quot;* Or According To Your Requirment&quot;}\">* Veya \u0130htiyac\u0131n\u0131za G\u00f6re<\/td>\n<\/tr>\n<tr>\n<td data-sheets-value=\"{&quot;1&quot;:2,&quot;2&quot;:&quot;Machine Color&quot;}\">Makine Rengi<\/td>\n<td data-sheets-value=\"{&quot;1&quot;:2,&quot;2&quot;:&quot;Industrial Blue&quot;}\">End\u00fcstriyel Mavi<\/td>\n<td data-sheets-value=\"{&quot;1&quot;:2,&quot;2&quot;:&quot;* Or According To Your Requirment&quot;}\">* Veya \u0130htiyac\u0131n\u0131za G\u00f6re<\/td>\n<\/tr>\n<\/tbody>\n<\/table>\n<\/div>\n<h3>Uygulama<\/h3>\n<p><img loading=\"lazy\" decoding=\"async\" class=\"alignnone size-full wp-image-1738\" src=\"https:\/\/swforming.com\/wp-content\/uploads\/2022\/11\/20221129092245.png\" alt=\"\" width=\"1000\" height=\"605\" title=\"\" srcset=\"https:\/\/swforming.com\/wp-content\/uploads\/2022\/11\/20221129092245.png 1000w, https:\/\/swforming.com\/wp-content\/uploads\/2022\/11\/20221129092245-600x363.png 600w, https:\/\/swforming.com\/wp-content\/uploads\/2022\/11\/20221129092245-300x182.png 300w, https:\/\/swforming.com\/wp-content\/uploads\/2022\/11\/20221129092245-768x465.png 768w, https:\/\/swforming.com\/wp-content\/uploads\/2022\/11\/20221129092245-18x12.png 18w\" sizes=\"(max-width: 1000px) 100vw, 1000px\" \/><\/p>\n<h3>c a\u015fik rulo \u015feki\u0307llendi\u0307rme maki\u0307nesi\u0307 nedi\u0307r?<\/h3>\n<p>C a\u015f\u0131k rulo \u015fekillendirme makinesi, in\u015faatta kullan\u0131lan yap\u0131sal elemanlar olan C \u015feklindeki a\u015f\u0131klar\u0131 \u00fcretmek i\u00e7in kullan\u0131lan end\u00fcstriyel bir makinedir. Makine, d\u00fcz metal bobinleri silindirler ve tak\u0131mlar kullanarak C profiline \u015fekillendirir. A\u00e7\u0131c\u0131lar, tesviye \u00fcniteleri, delme \u00fcniteleri ve kesme \u00fcniteleri gibi bile\u015fenleri i\u00e7erir. Makine otomatik olarak \u00e7al\u0131\u015farak y\u00fcksek hassasiyet sa\u011flar. C a\u015f\u0131klar \u00e7at\u0131lar\u0131, duvarlar\u0131 ve di\u011fer bina yap\u0131lar\u0131n\u0131 desteklemek i\u00e7in kullan\u0131l\u0131r.<\/p>\n<p>C a\u015f\u0131k rulo \u015fekillendirme makinesi tipik olarak bobini tutmak ve beslemek i\u00e7in a\u00e7\u0131c\u0131lar, \u015feridi d\u00fczeltmek i\u00e7in tesviye \u00fcniteleri, gerekirse delikler veya yuvalar olu\u015fturmak i\u00e7in delme \u00fcniteleri ve a\u015f\u0131klar\u0131 istenen uzunlukta kesmek i\u00e7in kesme \u00fcniteleri gibi bile\u015fenleri i\u00e7erir. Makine, motorlar taraf\u0131ndan tahrik edilen ve bilgisayarl\u0131 bir sistem taraf\u0131ndan kontrol edilen otomatik olarak \u00e7al\u0131\u015f\u0131r ve \u00fcretim s\u00fcrecinde y\u00fcksek hassasiyet ve verimlilik sa\u011flar.<\/p>\n<h3>z a\u015fik rulo \u015feki\u0307llendi\u0307rme maki\u0307nesi\u0307 nedi\u0307r?<\/h3>\n<p>Z a\u015f\u0131k rulo \u015fekillendirme makinesi, in\u015faatta kullan\u0131lan yap\u0131sal elemanlar olan Z \u015fekilli a\u015f\u0131klar \u00fcretmek i\u00e7in kullan\u0131lan end\u00fcstriyel bir makinedir. Makine, d\u00fcz metal bobinleri silindirler ve tak\u0131mlar kullanarak Z profiline \u015fekillendirir. A\u015f\u0131klar\u0131 beslemek, \u015fekillendirmek, delmek ve kesmek i\u00e7in bile\u015fenler i\u00e7erir. Makine otomatik olarak \u00e7al\u0131\u015f\u0131r ve motorlar taraf\u0131ndan tahrik edilir. Z a\u015f\u0131klar \u00e7at\u0131lar\u0131, duvarlar\u0131 ve di\u011fer yap\u0131 bile\u015fenlerini desteklemek i\u00e7in kullan\u0131l\u0131r.<\/p>\n<p>C a\u015f\u0131k rulo \u015fekillendirme makinesine benzer \u015fekilde, Z a\u015f\u0131k rulo \u015fekillendirme makinesi genellikle a\u00e7\u0131c\u0131lar, tesviye \u00fcniteleri, delme \u00fcniteleri ve kesme \u00fcniteleri gibi bile\u015fenleri i\u00e7erir. Bu bile\u015fenler bobini beslemek, \u015feridi d\u00fczeltmek, gerekirse delikler veya yuvalar olu\u015fturmak ve a\u015f\u0131klar\u0131 istenen uzunlukta kesmek i\u00e7in birlikte \u00e7al\u0131\u015f\u0131r.<\/p>\n<h3>oem a\u015fik rulo \u015feki\u0307llendi\u0307rme maki\u0307nesi\u0307 ne olacak?<\/h3>\n<p>OEM a\u015f\u0131k rulo \u015fekillendirme makinesi, bir Orijinal Ekipman \u00dcreticisi (OEM) taraf\u0131ndan \u00fcretilen bir a\u015f\u0131k rulo \u015fekillendirme makinesini ifade eder. OEM'ler, di\u011fer \u015firketler taraf\u0131ndan kendi \u00fcr\u00fcnlerinde veya s\u00fcre\u00e7lerinde kullan\u0131lmak \u00fczere makine veya ekipman tasarlayan, \u00fcreten ve tedarik eden \u015firketlerdir.<\/p>\n<p>OEM a\u015f\u0131k rulo \u015fekillendirme makinesi tipik olarak d\u00fcz metal bobinleri C a\u015f\u0131klar, Z a\u015f\u0131klar veya di\u011fer \u00f6zel tasar\u0131mlar gibi \u00e7e\u015fitli profillerin a\u015f\u0131klar\u0131na \u015fekillendirmek i\u00e7in gerekli bile\u015fenleri ve \u00f6zellikleri i\u00e7erir. M\u00fc\u015fterinin \u00f6zel ihtiya\u00e7lar\u0131na ba\u011fl\u0131 olarak de\u011fi\u015fen say\u0131da rulo seti, delme kapasitesi, kesme \u00fcniteleri ve otomasyon \u00f6zellikleri gibi farkl\u0131 konfig\u00fcrasyonlara sahip olabilir.<\/p>\n<p>Bir OEM a\u015f\u0131k rulo \u015fekillendirme makinesi kullanman\u0131n avantaj\u0131, m\u00fc\u015fterinin gereksinimlerine g\u00f6re uyarlanmas\u0131 ve \u00fcretim s\u00fcre\u00e7lerine sorunsuz bir \u015fekilde entegre olmas\u0131d\u0131r. OEM \u00fcreticileri, rulo \u015fekillendirme makineleri tasarlama ve \u00fcretme konusunda uzmanl\u0131\u011fa sahiptir ve tedarik ettikleri ekipmanlarda y\u00fcksek kalite, hassasiyet ve g\u00fcvenilirlik sa\u011flar.<\/p>","protected":false},"excerpt":{"rendered":"<p>Bu otomatik boyut de\u011fi\u015ftirilebilir CZ a\u015f\u0131k rulo \u015fekillendirme makinesi, 100-300 mm geni\u015flikten C &amp; Z \u015fekilli a\u015f\u0131klar \u00fcretmek i\u00e7in kullan\u0131l\u0131r, normalde malzeme kal\u0131nl\u0131\u011f\u0131 1.5-3 mm'dir, ayr\u0131ca m\u00fc\u015fteri ihtiyac\u0131na g\u00f6re Maksimum kal\u0131nl\u0131k 4.0-6.0 mm'de olu\u015fturulabilir.<\/p>","protected":false},"featured_media":1873,"comment_status":"closed","ping_status":"closed","template":"","meta":{"_acf_changed":false},"product_brand":[],"product_cat":[74,113,52],"product_tag":[],"class_list":{"0":"post-1872","1":"product","2":"type-product","3":"status-publish","4":"has-post-thumbnail","6":"product_cat-cz-purlin-roll-forming-machine","7":"product_cat-purlin-roll-forming-machine","8":"product_cat-steel-structure","10":"first","11":"instock","12":"shipping-taxable","13":"product-type-simple"},"acf":[],"_links":{"self":[{"href":"https:\/\/swforming.com\/tr\/wp-json\/wp\/v2\/product\/1872","targetHints":{"allow":["GET"]}}],"collection":[{"href":"https:\/\/swforming.com\/tr\/wp-json\/wp\/v2\/product"}],"about":[{"href":"https:\/\/swforming.com\/tr\/wp-json\/wp\/v2\/types\/product"}],"replies":[{"embeddable":true,"href":"https:\/\/swforming.com\/tr\/wp-json\/wp\/v2\/comments?post=1872"}],"version-history":[{"count":5,"href":"https:\/\/swforming.com\/tr\/wp-json\/wp\/v2\/product\/1872\/revisions"}],"predecessor-version":[{"id":4991,"href":"https:\/\/swforming.com\/tr\/wp-json\/wp\/v2\/product\/1872\/revisions\/4991"}],"wp:featuredmedia":[{"embeddable":true,"href":"https:\/\/swforming.com\/tr\/wp-json\/wp\/v2\/media\/1873"}],"wp:attachment":[{"href":"https:\/\/swforming.com\/tr\/wp-json\/wp\/v2\/media?parent=1872"}],"wp:term":[{"taxonomy":"product_brand","embeddable":true,"href":"https:\/\/swforming.com\/tr\/wp-json\/wp\/v2\/product_brand?post=1872"},{"taxonomy":"product_cat","embeddable":true,"href":"https:\/\/swforming.com\/tr\/wp-json\/wp\/v2\/product_cat?post=1872"},{"taxonomy":"product_tag","embeddable":true,"href":"https:\/\/swforming.com\/tr\/wp-json\/wp\/v2\/product_tag?post=1872"}],"curies":[{"name":"wp","href":"https:\/\/api.w.org\/{rel}","templated":true}]}}