{"id":1857,"date":"2022-12-13T07:13:27","date_gmt":"2022-12-13T07:13:27","guid":{"rendered":"https:\/\/swforming.com\/?post_type=product&#038;p=1857"},"modified":"2023-06-13T07:12:06","modified_gmt":"2023-06-13T07:12:06","slug":"auto-size-changeable-z-purlin-roll-forming-machine","status":"publish","type":"product","link":"https:\/\/swforming.com\/tr\/product\/auto-size-changeable-z-purlin-roll-forming-machine\/","title":{"rendered":"Otomatik Boyut De\u011fi\u015ftirilebilir Z A\u015f\u0131k Rulo \u015eekillendirme Makinesi"},"content":{"rendered":"<p><img fetchpriority=\"high\" decoding=\"async\" class=\"alignnone size-full wp-image-1864\" src=\"https:\/\/swforming.com\/wp-content\/uploads\/2022\/12\/H02256cf02bbe42fcb9459a09e83c05b3T.webp\" alt=\"\" width=\"750\" height=\"900\" title=\"\" srcset=\"https:\/\/swforming.com\/wp-content\/uploads\/2022\/12\/H02256cf02bbe42fcb9459a09e83c05b3T.webp 750w, https:\/\/swforming.com\/wp-content\/uploads\/2022\/12\/H02256cf02bbe42fcb9459a09e83c05b3T-600x720.webp 600w, https:\/\/swforming.com\/wp-content\/uploads\/2022\/12\/H02256cf02bbe42fcb9459a09e83c05b3T-250x300.webp 250w, https:\/\/swforming.com\/wp-content\/uploads\/2022\/12\/H02256cf02bbe42fcb9459a09e83c05b3T-10x12.webp 10w\" sizes=\"(max-width: 750px) 100vw, 750px\" \/><\/p>\n<p><span class=\"magic-8\"> Bu Z A\u015f\u0131k Rulo \u015eekillendirme Makinesi, 100-300 mm geni\u015fli\u011finde Z \u015feklinde a\u015f\u0131klar \u00fcretmek i\u00e7in kullan\u0131l\u0131r, normalde malzeme kal\u0131nl\u0131\u011f\u0131 1.5-3 mm'dir, ayr\u0131ca m\u00fc\u015fteri ihtiyac\u0131na g\u00f6re Maksimum kal\u0131nl\u0131k 4.0-6.0 mm'de olu\u015fturulabilir.<\/span><\/p>\n<p>SUNWAY, bu makineyi her boyutta a\u015f\u0131kla \u00e7al\u0131\u015facak \u015fekilde tasarlar, boyutlar\u0131 PLC ile otomatik olarak ayarlanabilir veya farkl\u0131 geni\u015flik ve y\u00fckseklik elde etmek i\u00e7in sac geni\u015fli\u011fini de\u011fi\u015ftirmek i\u00e7in tutamak tekerle\u011fini manuel olarak ayarlar. Bu, ara par\u00e7alar\u0131 ayarlamaktan \u00e7ok daha kolayd\u0131r ve daha fazla zaman kazand\u0131rabilir. Delme \u00fcnitesi ile ilgili olarak, ihtiyac\u0131n\u0131za g\u00f6re \u00f6n delme, son delme tasarlayabiliriz. Kesme \u00fcnitesi i\u00e7in, evrensel kesim olan \u00f6n kesim veya son kesimi se\u00e7ebilirsiniz. Hammadde 2,5 mm'den daha kal\u0131nsa, zinciri ve \u00e7o\u011funlukla \u015fanz\u0131man i\u00e7in gimbal \/ di\u015fli kutusu ile benimsedi\u011fimiz s\u00fcr\u00fc\u015f sistemi, bu \u00e7ok daha g\u00fc\u00e7l\u00fc s\u00fcr\u00fc\u015f g\u00fcc\u00fcd\u00fcr ve a\u015f\u0131klar\u0131 olu\u015ftururken daha kararl\u0131d\u0131r.<\/p>\n<p>A\u015f\u0131k rulo \u015fekillendirme makinesi en pop\u00fcler olan\u0131d\u0131r ve Metal Yap\u0131 Sistemlerinde, B\u00fcy\u00fck \u00c7at\u0131 Kaplama \u00c7\u00f6z\u00fcmlerinde, \u0130n\u015faat ve Yenileme Projelerinde vb. geni\u015f bir kullan\u0131ma sahiptir. Purlin rulo \u015fekillendirme makinemiz a\u015fa\u011f\u0131daki gibi C purlin, U purlin, Z purlin, i\u015flenebilir boyut aral\u0131\u011f\u0131 \u00fcretebilir: Geni\u015flik: 100-300mm, Y\u00fckseklik: 50-100mm, Kal\u0131nl\u0131k: 1.5-3mm. Kesit profilinize, boyut aral\u0131\u011f\u0131na, kal\u0131nl\u0131k aral\u0131\u011f\u0131na g\u00f6re, eksiksiz bir yap\u0131sal a\u015f\u0131k yelpazesi (motorlar taraf\u0131ndan otomatik sistem kullan\u0131larak y\u00fckseklik ve geni\u015flik de\u011fi\u015fimi) \u00fcretmek i\u00e7in size farkl\u0131 a\u015f\u0131k rulo \u015fekillendirme makinesi \u00e7\u00f6z\u00fcmleri sa\u011flayabiliriz: Yaln\u0131zca birka\u00e7 boyut \u00fcretmeniz gerekiyorsa, man\u015fonlar\u0131 manuel olarak de\u011fi\u015ftirmenizi de \u00f6neririz, bu daha ekonomiktir.<\/p>\n<p>M\u00fc\u015fterilerin \u00e7izimlerine, toleranslar\u0131na ve b\u00fct\u00e7elerine g\u00f6re farkl\u0131 \u00e7\u00f6z\u00fcmler \u00fcretiyor, t\u00fcm gereksinimlerinize uyarlanabilen profesyonel bire bir hizmet sunuyoruz. Hangi hatt\u0131 se\u00e7erseniz se\u00e7in, SUNWAY Machinery'nin kalitesi m\u00fckemmel i\u015flevsel profiller elde etmenizi sa\u011flayacakt\u0131r.<\/p>\n<p>&nbsp;<\/p>\n<p>Daha fazla bilgi i\u00e7in buraya t\u0131klay\u0131n <a href=\"https:\/\/swforming.com\/tr\/purlin-roll-forming-machine-all-in-one-2023\/\"><strong>a\u015f\u0131k rulo \u015fekillendirme makinesi<\/strong><\/a><\/p>\n<p>&nbsp;<\/p>\n<h3>Profil \u00c7izimleri<img decoding=\"async\" class=\"alignnone size-full wp-image-1865\" src=\"https:\/\/swforming.com\/wp-content\/uploads\/2022\/12\/He05106397b174f45a2f4592fa30c5b92N.webp\" alt=\"\" width=\"1748\" height=\"2540\" title=\"\" srcset=\"https:\/\/swforming.com\/wp-content\/uploads\/2022\/12\/He05106397b174f45a2f4592fa30c5b92N.webp 1748w, https:\/\/swforming.com\/wp-content\/uploads\/2022\/12\/He05106397b174f45a2f4592fa30c5b92N-600x872.webp 600w, https:\/\/swforming.com\/wp-content\/uploads\/2022\/12\/He05106397b174f45a2f4592fa30c5b92N-206x300.webp 206w, https:\/\/swforming.com\/wp-content\/uploads\/2022\/12\/He05106397b174f45a2f4592fa30c5b92N-705x1024.webp 705w, https:\/\/swforming.com\/wp-content\/uploads\/2022\/12\/He05106397b174f45a2f4592fa30c5b92N-768x1116.webp 768w, https:\/\/swforming.com\/wp-content\/uploads\/2022\/12\/He05106397b174f45a2f4592fa30c5b92N-1057x1536.webp 1057w, https:\/\/swforming.com\/wp-content\/uploads\/2022\/12\/He05106397b174f45a2f4592fa30c5b92N-1409x2048.webp 1409w, https:\/\/swforming.com\/wp-content\/uploads\/2022\/12\/He05106397b174f45a2f4592fa30c5b92N-8x12.webp 8w\" sizes=\"(max-width: 1748px) 100vw, 1748px\" \/><\/h3>\n<p><img decoding=\"async\" class=\"alignnone size-full wp-image-1866\" src=\"https:\/\/swforming.com\/wp-content\/uploads\/2022\/12\/213150330.png\" alt=\"\" width=\"750\" height=\"181\" title=\"\" srcset=\"https:\/\/swforming.com\/wp-content\/uploads\/2022\/12\/213150330.png 750w, https:\/\/swforming.com\/wp-content\/uploads\/2022\/12\/213150330-600x145.png 600w, https:\/\/swforming.com\/wp-content\/uploads\/2022\/12\/213150330-300x72.png 300w, https:\/\/swforming.com\/wp-content\/uploads\/2022\/12\/213150330-18x4.png 18w\" sizes=\"(max-width: 750px) 100vw, 750px\" \/><\/p>\n<h3>Z A\u015f\u0131k Rulo \u015eekillendirme Makinesi \u00dcretim Hatt\u0131<img loading=\"lazy\" decoding=\"async\" class=\"alignnone size-full wp-image-1867\" src=\"https:\/\/swforming.com\/wp-content\/uploads\/2022\/12\/H8288111f49064cc1bcccd2fb4d7814c5G.webp\" alt=\"\" width=\"1748\" height=\"586\" title=\"\" srcset=\"https:\/\/swforming.com\/wp-content\/uploads\/2022\/12\/H8288111f49064cc1bcccd2fb4d7814c5G.webp 1748w, https:\/\/swforming.com\/wp-content\/uploads\/2022\/12\/H8288111f49064cc1bcccd2fb4d7814c5G-600x201.webp 600w, https:\/\/swforming.com\/wp-content\/uploads\/2022\/12\/H8288111f49064cc1bcccd2fb4d7814c5G-300x101.webp 300w, https:\/\/swforming.com\/wp-content\/uploads\/2022\/12\/H8288111f49064cc1bcccd2fb4d7814c5G-1024x343.webp 1024w, https:\/\/swforming.com\/wp-content\/uploads\/2022\/12\/H8288111f49064cc1bcccd2fb4d7814c5G-768x257.webp 768w, https:\/\/swforming.com\/wp-content\/uploads\/2022\/12\/H8288111f49064cc1bcccd2fb4d7814c5G-1536x515.webp 1536w, https:\/\/swforming.com\/wp-content\/uploads\/2022\/12\/H8288111f49064cc1bcccd2fb4d7814c5G-18x6.webp 18w\" sizes=\"(max-width: 1748px) 100vw, 1748px\" \/><\/h3>\n<h3>\u00dcr\u00fcn Detaylar\u0131<\/h3>\n<p><img loading=\"lazy\" decoding=\"async\" class=\"alignnone size-full wp-image-1869\" src=\"https:\/\/swforming.com\/wp-content\/uploads\/2022\/12\/213150448-1.png\" alt=\"\" width=\"1000\" height=\"1702\" title=\"\" srcset=\"https:\/\/swforming.com\/wp-content\/uploads\/2022\/12\/213150448-1.png 1000w, https:\/\/swforming.com\/wp-content\/uploads\/2022\/12\/213150448-1-600x1021.png 600w, https:\/\/swforming.com\/wp-content\/uploads\/2022\/12\/213150448-1-176x300.png 176w, https:\/\/swforming.com\/wp-content\/uploads\/2022\/12\/213150448-1-602x1024.png 602w, https:\/\/swforming.com\/wp-content\/uploads\/2022\/12\/213150448-1-768x1307.png 768w, https:\/\/swforming.com\/wp-content\/uploads\/2022\/12\/213150448-1-902x1536.png 902w, https:\/\/swforming.com\/wp-content\/uploads\/2022\/12\/213150448-1-7x12.png 7w\" sizes=\"(max-width: 1000px) 100vw, 1000px\" \/><\/p>\n<h3>Z A\u015f\u0131k Rulo \u015eekillendirme Makinesi \u00dcr\u00fcn Parametreleri<\/h3>\n<div style=\"overflow-x: auto;\">\n<table>\n<tbody>\n<tr>\n<td style=\"text-align: center;\" colspan=\"3\" rowspan=\"1\" data-sheets-value=\"{&quot;1&quot;:2,&quot;2&quot;:&quot;Auto Size Changeable Z Purlin Roll Forming Machine&quot;}\"><strong>Otomatik Boyut De\u011fi\u015ftirilebilir Z A\u015f\u0131k Rulo \u015eekillendirme Makinesi<\/strong><\/td>\n<\/tr>\n<tr>\n<td colspan=\"1\" rowspan=\"2\" data-sheets-value=\"{&quot;1&quot;:2,&quot;2&quot;:&quot;Machinable Material&quot;}\">\n<div>\u0130\u015flenebilir Malzeme<\/div>\n<\/td>\n<td data-sheets-value=\"{&quot;1&quot;:2,&quot;2&quot;:&quot;A) Galvanized Coil&quot;}\">A) Galvanizli Bobin<\/td>\n<td colspan=\"1\" rowspan=\"2\" data-sheets-value=\"{&quot;1&quot;:2,&quot;2&quot;:&quot;Thickness(MM): 1.5-3 or as per customer&quot;}\">\n<div>Kal\u0131nl\u0131k (MM): 1,5-3 veya m\u00fc\u015fteriye g\u00f6re<\/div>\n<\/td>\n<\/tr>\n<tr>\n<td data-sheets-value=\"{&quot;1&quot;:2,&quot;2&quot;:&quot;B) Carbon Steel Coil&quot;}\">B) Karbon \u00c7elik Rulo<\/td>\n<\/tr>\n<tr>\n<td data-sheets-value=\"{&quot;1&quot;:2,&quot;2&quot;:&quot;Yield Strength&quot;}\">Akma Dayan\u0131m\u0131<\/td>\n<td colspan=\"2\" rowspan=\"1\" data-sheets-value=\"{&quot;1&quot;:2,&quot;2&quot;:&quot;250 - 550 Mpa&quot;}\">250 - 550 Mpa<\/td>\n<\/tr>\n<tr>\n<td data-sheets-value=\"{&quot;1&quot;:2,&quot;2&quot;:&quot;Tensil Stress&quot;}\">Tensil Stres<\/td>\n<td colspan=\"2\" rowspan=\"1\" data-sheets-value=\"{&quot;1&quot;:2,&quot;2&quot;:&quot;G350 Mpa-G550 Mpa&quot;}\">G350 Mpa-G550 Mpa<\/td>\n<\/tr>\n<tr>\n<td data-sheets-value=\"{&quot;1&quot;:2,&quot;2&quot;:&quot;Decoiler&quot;}\">Decoiler<\/td>\n<td data-sheets-value=\"{&quot;1&quot;:2,&quot;2&quot;:&quot;Manual Decoiler&quot;}\">Manuel A\u00e7\u0131c\u0131<\/td>\n<td data-sheets-value=\"{&quot;1&quot;:2,&quot;2&quot;:&quot;* Hydraulic Decoiler (Optional)&quot;}\">* Hidrolik A\u00e7\u0131c\u0131 (Opsiyonel)<\/td>\n<\/tr>\n<tr>\n<td data-sheets-value=\"{&quot;1&quot;:2,&quot;2&quot;:&quot;Punching System&quot;}\">Delme Sistemi<\/td>\n<td data-sheets-value=\"{&quot;1&quot;:2,&quot;2&quot;:&quot;Hydraulic Punching Station&quot;}\">Hidrolik Delme \u0130stasyonu<\/td>\n<td data-sheets-value=\"{&quot;1&quot;:2,&quot;2&quot;:&quot;* Pre-punch \/ Post Punch (Optional)&quot;}\">* Yumruk \u00d6ncesi \/ Yumruk Sonras\u0131 (\u0130ste\u011fe Ba\u011fl\u0131)<\/td>\n<\/tr>\n<tr>\n<td data-sheets-value=\"{&quot;1&quot;:2,&quot;2&quot;:&quot;Forming Station&quot;}\">\u015eekillendirme \u0130stasyonu<\/td>\n<td colspan=\"2\" rowspan=\"1\" data-sheets-value=\"{&quot;1&quot;:2,&quot;2&quot;:&quot;16-18 Stations&quot;}\">16-18 \u0130stasyonlar<\/td>\n<\/tr>\n<tr>\n<td data-sheets-value=\"{&quot;1&quot;:2,&quot;2&quot;:&quot;Driving System&quot;}\">S\u00fcr\u00fc\u015f Sistemi<\/td>\n<td data-sheets-value=\"{&quot;1&quot;:2,&quot;2&quot;:&quot;Chain Drive&quot;}\">Zincir Tahrik<\/td>\n<td data-sheets-value=\"{&quot;1&quot;:2,&quot;2&quot;:&quot;* Gearbox Drive (Optional)&quot;}\">* \u015eanz\u0131man Tahriki (Opsiyonel)<\/td>\n<\/tr>\n<tr>\n<td data-sheets-value=\"{&quot;1&quot;:2,&quot;2&quot;:&quot;Machine Structure&quot;}\">Makine Yap\u0131s\u0131<\/td>\n<td data-sheets-value=\"{&quot;1&quot;:2,&quot;2&quot;:&quot;Wall Panel Station&quot;}\">Duvar Paneli \u0130stasyonu<\/td>\n<td data-sheets-value=\"{&quot;1&quot;:2,&quot;2&quot;:&quot;* Forged Iron Station (Optional)&quot;}\">* D\u00f6vme Demir \u0130stasyon (Opsiyonel)<\/td>\n<\/tr>\n<tr>\n<td data-sheets-value=\"{&quot;1&quot;:2,&quot;2&quot;:&quot;Forming Speed&quot;}\">\u015eekillendirme H\u0131z\u0131<\/td>\n<td data-sheets-value=\"{&quot;1&quot;:2,&quot;2&quot;:&quot;10-20 (M\/MIN)&quot;}\">10-20 (M\/MIN)<\/td>\n<td data-sheets-value=\"{&quot;1&quot;:2,&quot;2&quot;:&quot;* Or According To Your Requirment&quot;}\">* Veya \u0130htiyac\u0131n\u0131za G\u00f6re<\/td>\n<\/tr>\n<tr>\n<td data-sheets-value=\"{&quot;1&quot;:2,&quot;2&quot;:&quot;Rollers\u2019 Material&quot;}\">Silindir Malzemesi<\/td>\n<td data-sheets-value=\"{&quot;1&quot;:2,&quot;2&quot;:&quot;GCr 15&quot;}\">GCr 15<\/td>\n<td data-sheets-value=\"{&quot;1&quot;:2,&quot;2&quot;:&quot;* Cr12Mov (Optional)&quot;}\">* Cr12Mov (\u0130ste\u011fe ba\u011fl\u0131)<\/td>\n<\/tr>\n<tr>\n<td data-sheets-value=\"{&quot;1&quot;:2,&quot;2&quot;:&quot;Cutting System&quot;}\">Kesim Sistemi<\/td>\n<td data-sheets-value=\"{&quot;1&quot;:2,&quot;2&quot;:&quot;Pre-cutting&quot;}\">\u00d6n kesim<\/td>\n<td data-sheets-value=\"{&quot;1&quot;:2,&quot;2&quot;:&quot;* Post- universal Cutting (Optional)&quot;}\">* \u00dcniversal Kesim Sonras\u0131 (\u0130ste\u011fe Ba\u011fl\u0131)<\/td>\n<\/tr>\n<tr>\n<td data-sheets-value=\"{&quot;1&quot;:2,&quot;2&quot;:&quot;Frequency Changer Brand&quot;}\">Frekans De\u011fi\u015ftirici Marka<\/td>\n<td data-sheets-value=\"{&quot;1&quot;:2,&quot;2&quot;:&quot;Yaskawa&quot;}\">Yaskawa<\/td>\n<td data-sheets-value=\"{&quot;1&quot;:2,&quot;2&quot;:&quot;* Siemens (Optional)&quot;}\">* Siemens (Opsiyonel)<\/td>\n<\/tr>\n<tr>\n<td data-sheets-value=\"{&quot;1&quot;:2,&quot;2&quot;:&quot;PLC Brand&quot;}\">PLC Markas\u0131<\/td>\n<td data-sheets-value=\"{&quot;1&quot;:2,&quot;2&quot;:&quot;Panasonic&quot;}\">Panasonic<\/td>\n<td data-sheets-value=\"{&quot;1&quot;:2,&quot;2&quot;:&quot;* Siemens (Optional)&quot;}\">* Siemens (Opsiyonel)<\/td>\n<\/tr>\n<tr>\n<td data-sheets-value=\"{&quot;1&quot;:2,&quot;2&quot;:&quot;Power Supply&quot;}\">G\u00fc\u00e7 Kayna\u011f\u0131<\/td>\n<td data-sheets-value=\"{&quot;1&quot;:2,&quot;2&quot;:&quot;380V 50Hz&quot;}\">380V 50Hz<\/td>\n<td data-sheets-value=\"{&quot;1&quot;:2,&quot;2&quot;:&quot;* Or According To Your Requirment&quot;}\">* Veya \u0130htiyac\u0131n\u0131za G\u00f6re<\/td>\n<\/tr>\n<tr>\n<td data-sheets-value=\"{&quot;1&quot;:2,&quot;2&quot;:&quot;Machine Color&quot;}\">Makine Rengi<\/td>\n<td data-sheets-value=\"{&quot;1&quot;:2,&quot;2&quot;:&quot;Industrial Blue&quot;}\">End\u00fcstriyel Mavi<\/td>\n<td data-sheets-value=\"{&quot;1&quot;:2,&quot;2&quot;:&quot;* Or According To Your Requirment&quot;}\">* Veya \u0130htiyac\u0131n\u0131za G\u00f6re<\/td>\n<\/tr>\n<\/tbody>\n<\/table>\n<\/div>\n<h3>Uygulama<\/h3>\n<p><img loading=\"lazy\" decoding=\"async\" class=\"alignnone size-full wp-image-1870\" src=\"https:\/\/swforming.com\/wp-content\/uploads\/2022\/12\/Application20221213150814.png\" alt=\"\" width=\"1000\" height=\"605\" title=\"\" srcset=\"https:\/\/swforming.com\/wp-content\/uploads\/2022\/12\/Application20221213150814.png 1000w, https:\/\/swforming.com\/wp-content\/uploads\/2022\/12\/Application20221213150814-600x363.png 600w, https:\/\/swforming.com\/wp-content\/uploads\/2022\/12\/Application20221213150814-300x182.png 300w, https:\/\/swforming.com\/wp-content\/uploads\/2022\/12\/Application20221213150814-768x465.png 768w, https:\/\/swforming.com\/wp-content\/uploads\/2022\/12\/Application20221213150814-18x12.png 18w\" sizes=\"(max-width: 1000px) 100vw, 1000px\" \/><\/p>\n<h3>Z a\u015f\u0131k rulo \u015fekillendirme makinesi nedir?<\/h3>\n<p>Z a\u015f\u0131k rulo \u015fekillendirme makinesi, Z \u015feklindeki a\u015f\u0131klar\u0131n \u00fcretiminde kullan\u0131lan \u00f6zel bir ekipman par\u00e7as\u0131d\u0131r. A\u015f\u0131klar, in\u015faat sekt\u00f6r\u00fcnde \u00e7at\u0131 ve duvar panellerine destek sa\u011flamak i\u00e7in yayg\u0131n olarak kullan\u0131lan yap\u0131sal elemanlard\u0131r. Tipik olarak \u00e7elikten yap\u0131l\u0131rlar ve C, Z ve U dahil olmak \u00fczere \u00e7e\u015fitli \u015fekillerde gelirler.<\/p>\n<p>Rulo \u015fekillendirme makinesi, d\u00fcz metal bobinleri veya levhalar\u0131 istenen Z-\u015fekilli a\u015f\u0131k profiline \u015fekillendirmek i\u00e7in tasarlanm\u0131\u015ft\u0131r. Metali kademeli olarak istenen \u015fekle b\u00fcken bir dizi silindir ve \u015fekillendirme istasyonundan olu\u015fur. Makine tipik olarak metal bobini tutmak ve beslemek i\u00e7in bir a\u00e7\u0131c\u0131, malzemenin d\u00fcz olmas\u0131n\u0131 sa\u011flamak i\u00e7in bir tesviye sistemi ve a\u015f\u0131\u011f\u0131 \u015fekillendirmek i\u00e7in \u00e7e\u015fitli rulo \u015fekillendirme istasyonlar\u0131 i\u00e7erir.<\/p>\n<p>Rulo \u015fekillendirme i\u015flemi s\u0131ras\u0131nda, metal bobin makineden ge\u00e7er ve her rulo istasyonu belirli bir b\u00fckme veya \u015fekillendirme i\u015flemi ger\u00e7ekle\u015ftirir. Silindirler, metali kademeli olarak b\u00fckmek, Z \u015feklini olu\u015fturmak ve a\u015f\u0131k uzunlu\u011fu boyunca tutarl\u0131 boyutlar elde etmek i\u00e7in dikkatlice tasarlanm\u0131\u015ft\u0131r. Metal \u015fekillendirildikten sonra, a\u015f\u0131klar istenen uzunluklarda kesilebilir ve in\u015faat projelerinde kullan\u0131lmak \u00fczere istiflenebilir.<\/p>\n<p>Z a\u015f\u0131k rulo \u015fekillendirme makineleri verimli ve hassast\u0131r, tutarl\u0131 kalitede y\u00fcksek h\u0131zl\u0131 a\u015f\u0131k \u00fcretimine izin verir. Genellikle \u00e7elik imalat tesislerinde veya in\u015faat malzemesi \u00fcretim tesislerinde kullan\u0131l\u0131rlar. Ortaya \u00e7\u0131kan Z-\u015fekilli a\u015f\u0131klar hafif, g\u00fc\u00e7l\u00fc ve kurulumu kolayd\u0131r, bu da onlar\u0131 \u00e7ok \u00e7e\u015fitli bina uygulamalar\u0131 i\u00e7in pop\u00fcler hale getirir.<\/p>\n<h3>en iyi 5 cz a\u015f\u0131k rulo \u015fekillendirme makinesi \u00fcreticileri<\/h3>\n<ol>\n<li>WUXI SUNWAY MACHINERY CO, LTD, so\u011fuk rulo \u015fekillendirme makinelerinin tasar\u0131m\u0131, geli\u015ftirilmesi ve \u00fcretimi ile ilgilenen profesyonel bir \u00fcretici ve ihracat\u00e7\u0131d\u0131r. T\u00fcm \u00fcr\u00fcnler uluslararas\u0131 kalite standartlar\u0131na uygundur ve Asya, Afrika, Avrupa, G\u00fcney Amerika ve Avustralya gibi d\u00fcnya \u00e7ap\u0131nda \u00e7e\u015fitli farkl\u0131 pazarlarda b\u00fcy\u00fck be\u011feni toplamaktad\u0131r. K\u00fcresel bir sat\u0131\u015f a\u011f\u0131 kazanm\u0131\u015ft\u0131r.<\/li>\n<li>Bradbury Grup: Bradbury Group, C ve Z a\u015f\u0131kl\u0131 rulo \u015fekillendirme makineleri de dahil olmak \u00fczere tan\u0131nm\u0131\u015f bir rulo \u015fekillendirme ekipman\u0131 \u00fcreticisidir. \u00c7e\u015fitli metal \u015fekillendirme uygulamalar\u0131 i\u00e7in bir dizi \u00e7\u00f6z\u00fcm sunarlar.<\/li>\n<li>Samco Makine: Samco Machinery, rulo \u015fekillendirme teknolojisinde k\u00fcresel bir liderdir. C ve Z a\u015f\u0131k \u00fcretimi i\u00e7in makineler de dahil olmak \u00fczere rulo \u015fekillendirme ekipman\u0131 tasarlama ve \u00fcretme konusunda uzmanla\u015fm\u0131\u015ft\u0131r.<\/li>\n<li>Formtek Grup: Formtek Group, kapsaml\u0131 bir metal \u015fekillendirme ekipman\u0131 yelpazesi sunan k\u00f6kl\u00fc bir \u015firkettir. C ve Z a\u015f\u0131k \u00fcretimi de dahil olmak \u00fczere \u00e7e\u015fitli uygulamalar i\u00e7in rulo \u015fekillendirme makineleri sa\u011flamaktad\u0131r.<\/li>\n<li>Zhongyuan Makine Fabrikas\u0131: Zhongyuan Makine Fabrikas\u0131, rulo \u015fekillendirme end\u00fcstrisinde g\u00fc\u00e7l\u00fc bir varl\u0131\u011f\u0131 olan \u00c7inli bir \u00fcreticidir. C ve Z a\u015f\u0131k \u00fcretimi i\u00e7in olanlar da dahil olmak \u00fczere \u00e7ok \u00e7e\u015fitli rulo \u015fekillendirme makineleri sunmaktad\u0131rlar.<\/li>\n<\/ol>\n<h3>de\u011fi\u0307\u015fti\u0307ri\u0307lebi\u0307li\u0307r u a\u015fik rulo \u015feki\u0307llendi\u0307rme maki\u0307nesi\u0307 uygulamasi<\/h3>\n<p>De\u011fi\u015ftirilebilir bir U a\u015f\u0131k rulo \u015fekillendirme makinesi, \u00fcretilen a\u015f\u0131klar\u0131n boyutlar\u0131n\u0131 veya boyutlar\u0131n\u0131 de\u011fi\u015ftirme yetene\u011fine sahip U \u015fekilli a\u015f\u0131klar \u00fcretmek i\u00e7in kullan\u0131lan \u00f6zel bir ekipman par\u00e7as\u0131d\u0131r. Bu makineler \u00e7ok y\u00f6nl\u00fcd\u00fcr ve in\u015faat ve imalat end\u00fcstrilerindeki \u00e7e\u015fitli uygulamalarda kullan\u0131labilir. \u0130\u015fte de\u011fi\u015ftirilebilir U a\u015f\u0131k rulo \u015fekillendirme makinesinin baz\u0131 yayg\u0131n uygulamalar\u0131:<\/p>\n<ol>\n<li>\u00c7at\u0131 ve Cephe Kaplama Sistemleri: U \u015feklindeki a\u015f\u0131klar, \u00e7at\u0131 panelleri ve duvar panellerine yap\u0131sal destek sa\u011flamak i\u00e7in \u00e7at\u0131 kaplama ve kaplama sistemlerinde yayg\u0131n olarak kullan\u0131l\u0131r. Rulo \u015fekillendirme makinesinin de\u011fi\u015ftirilebilir yap\u0131s\u0131, \u00f6zel proje gereksinimlerine uyacak \u015fekilde farkl\u0131 boyutlarda ve profillerde a\u015f\u0131klar\u0131n \u00fcretilmesinde esneklik sa\u011flar.<\/li>\n<li>End\u00fcstriyel Sundurmalar ve Depolar: U a\u015f\u0131klar, mukavemetleri ve y\u00fck ta\u015f\u0131ma yetenekleri nedeniyle end\u00fcstriyel hangarlar\u0131n ve depolar\u0131n yap\u0131m\u0131nda yayg\u0131n olarak kullan\u0131lmaktad\u0131r. Rulo \u015fekillendirme makinesi, yap\u0131n\u0131n \u00f6zel tasar\u0131m\u0131na ve y\u00fck gereksinimlerine g\u00f6re uyarlanabilen \u00e7e\u015fitli boyutlarda U \u015fekilli a\u015f\u0131klar\u0131n verimli bir \u015fekilde \u00fcretilmesini sa\u011flar.<\/li>\n<li>\u00c7elik \u00c7er\u00e7eve Sistemleri: De\u011fi\u015ftirilebilir U a\u015f\u0131k rulo \u015fekillendirme makineleri \u00e7elik \u00e7er\u00e7eve sistemlerinin imalat\u0131nda da kullan\u0131lmaktad\u0131r. U a\u015f\u0131klar, \u00e7elik \u00e7er\u00e7evelerin ayr\u0131lmaz bir bile\u015fenidir ve duvarlar, zeminler ve tavanlar i\u00e7in destek sa\u011flar. Makine, \u00e7er\u00e7eveleme sisteminin \u00f6zel ihtiya\u00e7lar\u0131n\u0131 kar\u015f\u0131lamak i\u00e7in farkl\u0131 boyut ve kal\u0131nl\u0131klarda a\u015f\u0131klar\u0131n \u00fcretilmesine olanak tan\u0131r.<\/li>\n<li>Tar\u0131msal Binalar: U a\u015f\u0131klar, ah\u0131rlar, hayvan bar\u0131naklar\u0131 ve depolama tesisleri gibi tar\u0131msal binalarda geni\u015f kullan\u0131m alan\u0131 bulur. Bu yap\u0131lar, \u00e7e\u015fitli \u00e7evre ko\u015fullar\u0131na dayanacak sa\u011flam ve dayan\u0131kl\u0131 a\u015f\u0131klar gerektirir. De\u011fi\u015ftirilebilir bir U a\u015f\u0131k rulo \u015fekillendirme makinesi, tar\u0131msal bina projelerinin \u00f6zel gereksinimlerini kar\u015f\u0131layan farkl\u0131 boyutlarda a\u015f\u0131klar \u00fcretebilir.<\/li>\n<li>Konut \u0130n\u015faat\u0131: Konut in\u015faat\u0131nda, U a\u015f\u0131klar \u00e7at\u0131 makaslar\u0131, d\u00f6\u015feme kiri\u015fleri ve ta\u015f\u0131y\u0131c\u0131 duvarlar gibi \u00e7e\u015fitli uygulamalar i\u00e7in kullan\u0131l\u0131r. Rulo \u015fekillendirme makinesi kullan\u0131larak a\u015f\u0131klar\u0131n boyutlar\u0131n\u0131n de\u011fi\u015ftirilebilmesi, farkl\u0131 mimari tasar\u0131mlara ve yap\u0131sal gereksinimlere uyum sa\u011flamada daha fazla esneklik sa\u011flar.<\/li>\n<\/ol>","protected":false},"excerpt":{"rendered":"<p><span class=\"magic-8\">Bu Z A\u015f\u0131k Rulo \u015eekillendirme Makinesi, 100-300 mm geni\u015fli\u011finde Z \u015feklinde a\u015f\u0131klar \u00fcretmek i\u00e7in kullan\u0131l\u0131r, normalde malzeme kal\u0131nl\u0131\u011f\u0131 1.5-3 mm'dir, ayr\u0131ca m\u00fc\u015fteri ihtiyac\u0131na g\u00f6re Maksimum kal\u0131nl\u0131k 4.0-6.0 mm'de olu\u015fturulabilir.<\/span><\/p>","protected":false},"featured_media":1858,"comment_status":"closed","ping_status":"closed","template":"","meta":{"_acf_changed":false},"product_brand":[],"product_cat":[52,113,75],"product_tag":[],"class_list":{"0":"post-1857","1":"product","2":"type-product","3":"status-publish","4":"has-post-thumbnail","6":"product_cat-steel-structure","7":"product_cat-purlin-roll-forming-machine","8":"product_cat-z-purlin-roll-forming-machine","10":"first","11":"instock","12":"shipping-taxable","13":"product-type-simple"},"acf":[],"_links":{"self":[{"href":"https:\/\/swforming.com\/tr\/wp-json\/wp\/v2\/product\/1857","targetHints":{"allow":["GET"]}}],"collection":[{"href":"https:\/\/swforming.com\/tr\/wp-json\/wp\/v2\/product"}],"about":[{"href":"https:\/\/swforming.com\/tr\/wp-json\/wp\/v2\/types\/product"}],"replies":[{"embeddable":true,"href":"https:\/\/swforming.com\/tr\/wp-json\/wp\/v2\/comments?post=1857"}],"version-history":[{"count":4,"href":"https:\/\/swforming.com\/tr\/wp-json\/wp\/v2\/product\/1857\/revisions"}],"predecessor-version":[{"id":3216,"href":"https:\/\/swforming.com\/tr\/wp-json\/wp\/v2\/product\/1857\/revisions\/3216"}],"wp:featuredmedia":[{"embeddable":true,"href":"https:\/\/swforming.com\/tr\/wp-json\/wp\/v2\/media\/1858"}],"wp:attachment":[{"href":"https:\/\/swforming.com\/tr\/wp-json\/wp\/v2\/media?parent=1857"}],"wp:term":[{"taxonomy":"product_brand","embeddable":true,"href":"https:\/\/swforming.com\/tr\/wp-json\/wp\/v2\/product_brand?post=1857"},{"taxonomy":"product_cat","embeddable":true,"href":"https:\/\/swforming.com\/tr\/wp-json\/wp\/v2\/product_cat?post=1857"},{"taxonomy":"product_tag","embeddable":true,"href":"https:\/\/swforming.com\/tr\/wp-json\/wp\/v2\/product_tag?post=1857"}],"curies":[{"name":"wp","href":"https:\/\/api.w.org\/{rel}","templated":true}]}}