{"id":1634,"date":"2022-11-22T01:05:37","date_gmt":"2022-11-22T01:05:37","guid":{"rendered":"https:\/\/swforming.com\/?post_type=product&#038;p=1634"},"modified":"2023-06-15T03:34:26","modified_gmt":"2023-06-15T03:34:26","slug":"floor-deck-roll-forming-machine","status":"publish","type":"product","link":"https:\/\/swforming.com\/tr\/product\/floor-deck-roll-forming-machine\/","title":{"rendered":"Zemin G\u00fcverte Rulo \u015eekillendirme Makinesi"},"content":{"rendered":"<p><img fetchpriority=\"high\" decoding=\"async\" class=\"alignnone size-full wp-image-1641\" src=\"https:\/\/swforming.com\/wp-content\/uploads\/2022\/11\/H4666e9799d9942f28f41539eb8ed85e9K.webp\" alt=\"\" width=\"750\" height=\"900\" title=\"\" srcset=\"https:\/\/swforming.com\/wp-content\/uploads\/2022\/11\/H4666e9799d9942f28f41539eb8ed85e9K.webp 750w, https:\/\/swforming.com\/wp-content\/uploads\/2022\/11\/H4666e9799d9942f28f41539eb8ed85e9K-600x720.webp 600w, https:\/\/swforming.com\/wp-content\/uploads\/2022\/11\/H4666e9799d9942f28f41539eb8ed85e9K-250x300.webp 250w, https:\/\/swforming.com\/wp-content\/uploads\/2022\/11\/H4666e9799d9942f28f41539eb8ed85e9K-10x12.webp 10w\" sizes=\"(max-width: 750px) 100vw, 750px\" \/><\/p>\n<p>Zemin g\u00fcverte rulo \u015fekillendirme makinesi, bazen zemin g\u00fcverte paneli \u00fcretmek i\u00e7in kullan\u0131lan g\u00fcverte zemin veya metal g\u00fcverte rulo \u015fekillendirme makinesi olarak da adland\u0131r\u0131l\u0131r. Bir \u00e7at\u0131n\u0131n beton veya yal\u0131t\u0131m membran\u0131n\u0131 desteklemek i\u00e7in kullan\u0131l\u0131r ve \u00e7at\u0131 ve zemin sistemlerinde kullan\u0131lmak \u00fczere yap\u0131sal olarak verimli bir \u00fcr\u00fcn sa\u011flamak i\u00e7in geli\u015ftirilmi\u015ftir.<\/p>\n<p>Tasar\u0131m\u0131 ve imalat\u0131, malzeme ta\u015f\u0131ma ve montaj maliyetlerini d\u00fc\u015f\u00fcren ancak 50 y\u0131l\u0131 a\u015fk\u0131n tatmin edici performansla kan\u0131tlanm\u0131\u015f dayan\u0131kl\u0131l\u0131\u011f\u0131 koruyan y\u00fcksek bir mukavemet \/ a\u011f\u0131rl\u0131k oran\u0131 olu\u015fturmak i\u00e7in \u00e7eli\u011fin \u00f6zelliklerini en \u00fcst d\u00fczeye \u00e7\u0131kar\u0131r.<\/p>\n<p>Yap\u0131sal bir bile\u015fen olmas\u0131na ra\u011fmen, tek tip kalitesi, \u00f6zellikle uygun \u015fekilde belirlenmi\u015f at\u00f6lye ve saha uygulamal\u0131 kaplamalar\u0131n kullan\u0131lmas\u0131yla \u00e7ekici bir g\u00f6r\u00fcn\u00fcm sunabilir. \u00c7elik d\u00f6\u015feme ayn\u0131 zamanda bir\u00e7ok UL ve ULC onayl\u0131 yang\u0131na dayan\u0131kl\u0131 montaj\u0131n bir bile\u015fenidir.<\/p>\n<p>\u0130n\u015faat Sekt\u00f6r\u00fcnde, ana kanal rulo \u015fekillendirme makinesi, a\u015f\u0131k rulo \u015fekillendirme makinesi, al\u00e7\u0131pan rulo \u015fekillendirme makinesi, saplama rulo \u015fekillendirme makinesi, palet rulo \u015fekillendirme makinesi, silindir \u015fapka rulo \u015fekillendirme makinesi, klips rulo \u015fekillendirme makinesi, metal g\u00fcverte (zemin g\u00fcverte) rulo \u015fekillendirme makinesi, \u00e7at\u0131 \/ duvar paneli rulo \u015fekillendirme makinesi, kiremit rulo \u015fekillendirme makinesi, oluklu rulo \u015fekillendirme makinesi, mahya kapa\u011f\u0131 rulo \u015fekillendirme makinesi, ini\u015f borusu rulo \u015fekillendirme makinesi vb. gibi daha fazla makine \u00fcretebiliyoruz.<\/p>\n<p>M\u00fc\u015fterilerin \u00e7izimlerine, toleranslar\u0131na ve b\u00fct\u00e7elerine g\u00f6re farkl\u0131 \u00e7\u00f6z\u00fcmler \u00fcretiyor, t\u00fcm gereksinimlerinize uyarlanabilen profesyonel bire bir hizmet sunuyoruz. Hangi hatt\u0131 se\u00e7erseniz se\u00e7in, SUNWAY Machinery'nin kalitesi m\u00fckemmel i\u015flevsel profiller elde etmenizi sa\u011flayacakt\u0131r.<\/p>\n<h3>Profil \u00c7izimleri<\/h3>\n<p><img decoding=\"async\" class=\"alignnone size-full wp-image-1642\" src=\"https:\/\/swforming.com\/wp-content\/uploads\/2022\/11\/Hc338a800105849c98c3fb0bea82d3fa13.webp\" alt=\"\" width=\"1748\" height=\"2156\" title=\"\" srcset=\"https:\/\/swforming.com\/wp-content\/uploads\/2022\/11\/Hc338a800105849c98c3fb0bea82d3fa13.webp 1748w, https:\/\/swforming.com\/wp-content\/uploads\/2022\/11\/Hc338a800105849c98c3fb0bea82d3fa13-600x740.webp 600w, https:\/\/swforming.com\/wp-content\/uploads\/2022\/11\/Hc338a800105849c98c3fb0bea82d3fa13-243x300.webp 243w, https:\/\/swforming.com\/wp-content\/uploads\/2022\/11\/Hc338a800105849c98c3fb0bea82d3fa13-830x1024.webp 830w, https:\/\/swforming.com\/wp-content\/uploads\/2022\/11\/Hc338a800105849c98c3fb0bea82d3fa13-768x947.webp 768w, https:\/\/swforming.com\/wp-content\/uploads\/2022\/11\/Hc338a800105849c98c3fb0bea82d3fa13-1245x1536.webp 1245w, https:\/\/swforming.com\/wp-content\/uploads\/2022\/11\/Hc338a800105849c98c3fb0bea82d3fa13-1660x2048.webp 1660w, https:\/\/swforming.com\/wp-content\/uploads\/2022\/11\/Hc338a800105849c98c3fb0bea82d3fa13-10x12.webp 10w\" sizes=\"(max-width: 1748px) 100vw, 1748px\" \/><\/p>\n<p><img decoding=\"async\" class=\"alignnone wp-image-1644 size-full\" src=\"https:\/\/swforming.com\/wp-content\/uploads\/2022\/11\/1122084808.png\" alt=\"\" width=\"750\" height=\"282\" title=\"\" srcset=\"https:\/\/swforming.com\/wp-content\/uploads\/2022\/11\/1122084808.png 750w, https:\/\/swforming.com\/wp-content\/uploads\/2022\/11\/1122084808-600x226.png 600w, https:\/\/swforming.com\/wp-content\/uploads\/2022\/11\/1122084808-300x113.png 300w, https:\/\/swforming.com\/wp-content\/uploads\/2022\/11\/1122084808-18x7.png 18w\" sizes=\"(max-width: 750px) 100vw, 750px\" \/><\/p>\n<h3>\u00dcretim Hatt\u0131<\/h3>\n<p><img loading=\"lazy\" decoding=\"async\" class=\"alignnone size-full wp-image-1645\" src=\"https:\/\/swforming.com\/wp-content\/uploads\/2022\/11\/H035faf76eeeb4e0f80ea434c0299dda9m.webp\" alt=\"\" width=\"1748\" height=\"859\" title=\"\" srcset=\"https:\/\/swforming.com\/wp-content\/uploads\/2022\/11\/H035faf76eeeb4e0f80ea434c0299dda9m.webp 1748w, https:\/\/swforming.com\/wp-content\/uploads\/2022\/11\/H035faf76eeeb4e0f80ea434c0299dda9m-600x295.webp 600w, https:\/\/swforming.com\/wp-content\/uploads\/2022\/11\/H035faf76eeeb4e0f80ea434c0299dda9m-300x147.webp 300w, https:\/\/swforming.com\/wp-content\/uploads\/2022\/11\/H035faf76eeeb4e0f80ea434c0299dda9m-1024x503.webp 1024w, https:\/\/swforming.com\/wp-content\/uploads\/2022\/11\/H035faf76eeeb4e0f80ea434c0299dda9m-768x377.webp 768w, https:\/\/swforming.com\/wp-content\/uploads\/2022\/11\/H035faf76eeeb4e0f80ea434c0299dda9m-1536x755.webp 1536w, https:\/\/swforming.com\/wp-content\/uploads\/2022\/11\/H035faf76eeeb4e0f80ea434c0299dda9m-18x9.webp 18w\" sizes=\"(max-width: 1748px) 100vw, 1748px\" \/><\/p>\n<h3>\u00dcr\u00fcn Detaylar\u0131<\/h3>\n<p><img loading=\"lazy\" decoding=\"async\" class=\"alignnone size-full wp-image-1647\" src=\"https:\/\/swforming.com\/wp-content\/uploads\/2022\/11\/122085141-_1_.webp\" alt=\"\" width=\"1200\" height=\"1509\" title=\"\" srcset=\"https:\/\/swforming.com\/wp-content\/uploads\/2022\/11\/122085141-_1_.webp 1200w, https:\/\/swforming.com\/wp-content\/uploads\/2022\/11\/122085141-_1_-600x755.webp 600w, https:\/\/swforming.com\/wp-content\/uploads\/2022\/11\/122085141-_1_-239x300.webp 239w, https:\/\/swforming.com\/wp-content\/uploads\/2022\/11\/122085141-_1_-814x1024.webp 814w, https:\/\/swforming.com\/wp-content\/uploads\/2022\/11\/122085141-_1_-768x966.webp 768w, https:\/\/swforming.com\/wp-content\/uploads\/2022\/11\/122085141-_1_-10x12.webp 10w\" sizes=\"(max-width: 1200px) 100vw, 1200px\" \/><\/p>\n<h3>\u00dcr\u00fcn Parametreleri<\/h3>\n<div style=\"overflow-x: auto;\">\n<table dir=\"ltr\" border=\"1\" cellspacing=\"0\" cellpadding=\"0\">\n<colgroup>\n<col width=\"265\" \/>\n<col width=\"100\" \/>\n<col width=\"297\" \/><\/colgroup>\n<tbody>\n<tr>\n<td style=\"text-align: center;\" colspan=\"3\" rowspan=\"1\" data-sheets-value=\"{&quot;1&quot;:2,&quot;2&quot;:&quot;Floor Deck Roll Forming Machine&quot;}\"><strong>Zemin G\u00fcverte Rulo \u015eekillendirme Makinesi<\/strong><\/td>\n<\/tr>\n<tr>\n<td colspan=\"1\" rowspan=\"2\" data-sheets-value=\"{&quot;1&quot;:2,&quot;2&quot;:&quot;Machinable Material&quot;}\">\n<div>\u0130\u015flenebilir Malzeme<\/div>\n<\/td>\n<td data-sheets-value=\"{&quot;1&quot;:2,&quot;2&quot;:&quot;A) Galvanized Coil&quot;}\">A) Galvanizli Bobin<\/td>\n<td colspan=\"1\" rowspan=\"2\" data-sheets-value=\"{&quot;1&quot;:2,&quot;2&quot;:&quot;Thickness(MM): 0.7-1.2 even up to 1.5 as per customer&quot;}\">\n<div>Kal\u0131nl\u0131k (MM): 0,7-1,2 hatta m\u00fc\u015fteriye g\u00f6re 1,5'e kadar<\/div>\n<\/td>\n<\/tr>\n<tr>\n<td data-sheets-value=\"{&quot;1&quot;:2,&quot;2&quot;:&quot;B) PPGI, PPGL&quot;}\">B) PPGI, PPGL<\/td>\n<\/tr>\n<tr>\n<td data-sheets-value=\"{&quot;1&quot;:2,&quot;2&quot;:&quot;Yield Strength&quot;}\">Akma Dayan\u0131m\u0131<\/td>\n<td colspan=\"2\" rowspan=\"1\" data-sheets-value=\"{&quot;1&quot;:2,&quot;2&quot;:&quot;250 - 350 Mpa&quot;}\">250 - 350 Mpa<\/td>\n<\/tr>\n<tr>\n<td data-sheets-value=\"{&quot;1&quot;:2,&quot;2&quot;:&quot;Tensil Stress&quot;}\">Tensil Stres<\/td>\n<td colspan=\"2\" rowspan=\"1\" data-sheets-value=\"{&quot;1&quot;:2,&quot;2&quot;:&quot;350 Mpa-500 Mpa&quot;}\">350 Mpa-500 Mpa<\/td>\n<\/tr>\n<tr>\n<td data-sheets-value=\"{&quot;1&quot;:2,&quot;2&quot;:&quot;Coil Width&quot;}\">Bobin Geni\u015fli\u011fi<\/td>\n<td colspan=\"2\" rowspan=\"1\" data-sheets-value=\"{&quot;1&quot;:2,&quot;2&quot;:&quot;914mm, 1000mm, 1200mm, 1220mm, 1250mm etc&quot;}\">914mm, 1000mm, 1200mm, 1220mm, 1250mm vb.<\/td>\n<\/tr>\n<tr>\n<td data-sheets-value=\"{&quot;1&quot;:2,&quot;2&quot;:&quot;Nominal Forming Speed(M\/Min)&quot;}\">Nominal \u015eekillendirme H\u0131z\u0131 (M\/Min)<\/td>\n<td data-sheets-value=\"{&quot;1&quot;:3,&quot;3&quot;:44849}\" data-sheets-numberformat=\"{&quot;1&quot;:5,&quot;2&quot;:&quot;m-d&quot;,&quot;3&quot;:1}\">10-15<\/td>\n<td data-sheets-value=\"{&quot;1&quot;:2,&quot;2&quot;:&quot;* Or According To Your Requirment&quot;}\">* Veya \u0130htiyac\u0131n\u0131za G\u00f6re<\/td>\n<\/tr>\n<tr>\n<td data-sheets-value=\"{&quot;1&quot;:2,&quot;2&quot;:&quot;Forming Station&quot;}\">\u015eekillendirme \u0130stasyonu<\/td>\n<td data-sheets-value=\"{&quot;1&quot;:2,&quot;2&quot;:&quot;About 24-32&quot;}\">Yakla\u015f\u0131k 24-32<\/td>\n<td data-sheets-value=\"{&quot;1&quot;:2,&quot;2&quot;:&quot;* According To Your Profile Drawings&quot;}\">* Profil \u00c7izimlerinize G\u00f6re<\/td>\n<\/tr>\n<tr>\n<td data-sheets-value=\"{&quot;1&quot;:2,&quot;2&quot;:&quot;Decoiler&quot;}\">Decoiler<\/td>\n<td data-sheets-value=\"{&quot;1&quot;:2,&quot;2&quot;:&quot;Manual Decoiler&quot;}\">Manuel A\u00e7\u0131c\u0131<\/td>\n<td data-sheets-value=\"{&quot;1&quot;:2,&quot;2&quot;:&quot;* Hydraulic Decoiler (Optional)&quot;}\">* Hidrolik A\u00e7\u0131c\u0131 (Opsiyonel)<\/td>\n<\/tr>\n<tr>\n<td data-sheets-value=\"{&quot;1&quot;:2,&quot;2&quot;:&quot;Driving System&quot;}\">S\u00fcr\u00fc\u015f Sistemi<\/td>\n<td data-sheets-value=\"{&quot;1&quot;:2,&quot;2&quot;:&quot;Chain Drive&quot;}\">Zincir Tahrik<\/td>\n<td data-sheets-value=\"{&quot;1&quot;:2,&quot;2&quot;:&quot;* Gearbox Drive (Optional)&quot;}\">* \u015eanz\u0131man Tahriki (Opsiyonel)<\/td>\n<\/tr>\n<tr>\n<td data-sheets-value=\"{&quot;1&quot;:2,&quot;2&quot;:&quot;Machine Structure&quot;}\">Makine Yap\u0131s\u0131<\/td>\n<td data-sheets-value=\"{&quot;1&quot;:2,&quot;2&quot;:&quot;Steel Plates Welded&quot;}\">Kaynakl\u0131 \u00c7elik Levhalar<\/td>\n<td data-sheets-value=\"{&quot;1&quot;:2,&quot;2&quot;:&quot;* Cast Iron Stands (Optional)&quot;}\">* D\u00f6kme Demir Standlar (Opsiyonel)<\/td>\n<\/tr>\n<tr>\n<td data-sheets-value=\"{&quot;1&quot;:2,&quot;2&quot;:&quot;Rollers\u2019 Material&quot;}\">Silindir Malzemesi<\/td>\n<td data-sheets-value=\"{&quot;1&quot;:2,&quot;2&quot;:&quot;GCr 15&quot;}\">GCr 15<\/td>\n<td data-sheets-value=\"{&quot;1&quot;:2,&quot;2&quot;:&quot;* Cr12Mov (Optional)&quot;}\">* Cr12Mov (\u0130ste\u011fe ba\u011fl\u0131)<\/td>\n<\/tr>\n<tr>\n<td data-sheets-value=\"{&quot;1&quot;:2,&quot;2&quot;:&quot;Cutting System&quot;}\">Kesim Sistemi<\/td>\n<td colspan=\"2\" rowspan=\"1\" data-sheets-value=\"{&quot;1&quot;:2,&quot;2&quot;:&quot;Hydraulic Post Cut&quot;}\">Hidrolik Direk Kesme<\/td>\n<\/tr>\n<tr>\n<td data-sheets-value=\"{&quot;1&quot;:2,&quot;2&quot;:&quot;Frequency Changer Brand&quot;}\">Frekans De\u011fi\u015ftirici Marka<\/td>\n<td data-sheets-value=\"{&quot;1&quot;:2,&quot;2&quot;:&quot;Yaskawa&quot;}\">Yaskawa<\/td>\n<td data-sheets-value=\"{&quot;1&quot;:2,&quot;2&quot;:&quot;* Siemens (Optional)&quot;}\">* Siemens (Opsiyonel)<\/td>\n<\/tr>\n<tr>\n<td data-sheets-value=\"{&quot;1&quot;:2,&quot;2&quot;:&quot;Power Supply&quot;}\">G\u00fc\u00e7 Kayna\u011f\u0131<\/td>\n<td data-sheets-value=\"{&quot;1&quot;:2,&quot;2&quot;:&quot;380V 50Hz&quot;}\">380V 50Hz<\/td>\n<td data-sheets-value=\"{&quot;1&quot;:2,&quot;2&quot;:&quot;* Or According To Your Requirment&quot;}\">* Veya \u0130htiyac\u0131n\u0131za G\u00f6re<\/td>\n<\/tr>\n<tr>\n<td data-sheets-value=\"{&quot;1&quot;:2,&quot;2&quot;:&quot;Machine Color&quot;}\">Makine Rengi<\/td>\n<td data-sheets-value=\"{&quot;1&quot;:2,&quot;2&quot;:&quot;Industrial Blue&quot;}\">End\u00fcstriyel Mavi<\/td>\n<td data-sheets-value=\"{&quot;1&quot;:2,&quot;2&quot;:&quot;* Or According To Your Requirment&quot;}\">* Veya \u0130htiyac\u0131n\u0131za G\u00f6re<\/td>\n<\/tr>\n<\/tbody>\n<\/table>\n<\/div>\n<h3>Uygulama<\/h3>\n<p><img loading=\"lazy\" decoding=\"async\" class=\"alignnone size-full wp-image-1649\" src=\"https:\/\/swforming.com\/wp-content\/uploads\/2022\/11\/122090057.webp\" alt=\"\" width=\"1126\" height=\"681\" title=\"\" srcset=\"https:\/\/swforming.com\/wp-content\/uploads\/2022\/11\/122090057.webp 1126w, https:\/\/swforming.com\/wp-content\/uploads\/2022\/11\/122090057-600x363.webp 600w, https:\/\/swforming.com\/wp-content\/uploads\/2022\/11\/122090057-300x181.webp 300w, https:\/\/swforming.com\/wp-content\/uploads\/2022\/11\/122090057-1024x619.webp 1024w, https:\/\/swforming.com\/wp-content\/uploads\/2022\/11\/122090057-768x464.webp 768w, https:\/\/swforming.com\/wp-content\/uploads\/2022\/11\/122090057-18x12.webp 18w\" sizes=\"(max-width: 1126px) 100vw, 1126px\" \/><\/p>\n<h3>Zemin g\u00fcverte rulo \u015fekillendirme makinesi nedir?<\/h3>\n<p>Zemin g\u00fcverte rulo \u015fekillendirme makinesi, zemin d\u00f6\u015feme panelleri \u00fcretmek i\u00e7in kullan\u0131lan bir t\u00fcr end\u00fcstriyel makinedir. Zemin d\u00f6\u015feme panelleri, in\u015faat sekt\u00f6r\u00fcnde binalarda ve k\u00f6pr\u00fclerde zeminler i\u00e7in yap\u0131sal bile\u015fenler olarak yayg\u0131n \u015fekilde kullan\u0131lmaktad\u0131r.<\/p>\n<p>Rulo \u015fekillendirme makinesi, tipik olarak \u00e7elik olan metal bobinleri s\u00fcrekli olarak i\u015fleyerek tek tip \u015fekil ve boyutta zemin g\u00fcverte panellerine d\u00f6n\u00fc\u015ft\u00fcrmek i\u00e7in tasarlanm\u0131\u015ft\u0131r. \u0130\u015flem, bobinin makineye beslenmesini ve ard\u0131ndan bir dizi silindir ve kal\u0131ptan ge\u00e7irilmesini i\u00e7erir. Bu silindirler ve kal\u0131plar metali kademeli olarak istenen profile g\u00f6re \u015fekillendirir ve gerekli uzunlukta keser.<\/p>\n<p>Zemin kat rulo \u015fekillendirme makinesi, a\u00e7\u0131c\u0131lar (bobini tutmak ve beslemek i\u00e7in), tesviye cihazlar\u0131 (d\u00fcz bir tabaka sa\u011flamak i\u00e7in), rulo \u015fekillendirme istasyonlar\u0131 (metali \u015fekillendirmek i\u00e7in), kesme aletleri (panelleri istenen uzunlukta kesmek i\u00e7in) ve istifleme veya toplama mekanizmalar\u0131 (bitmi\u015f panelleri biriktirmek i\u00e7in) gibi \u00e7e\u015fitli bile\u015fenlerle donat\u0131lm\u0131\u015ft\u0131r.<\/p>\n<p>Makine, metal bobinin makine boyunca \u00f6nceden belirlenmi\u015f bir h\u0131zda beslenmesiyle s\u00fcrekli bir \u015fekilde \u00e7al\u0131\u015f\u0131r. Metal rulo \u015fekillendirme istasyonlar\u0131ndan ge\u00e7erken, kademeli olarak zemin g\u00fcverte profilinin \u015feklini al\u0131r. Kesme aletleri daha sonra panelleri belirtilen uzunlukta keser ve bitmi\u015f paneller daha sonraki i\u015flemler veya nakliye i\u00e7in toplan\u0131r veya istiflenir.<\/p>\n<p>Zemin d\u00f6\u015feme rulo \u015fekillendirme makineleri son derece verimlidir ve y\u00fcksek hassasiyet ve tutarl\u0131l\u0131kla b\u00fcy\u00fck miktarlarda zemin d\u00f6\u015feme panelleri \u00fcretme kapasitesine sahiptir. Dayan\u0131kl\u0131 ve yap\u0131sal olarak sa\u011flam d\u00f6\u015feme \u00e7\u00f6z\u00fcmlerine olan talebi kar\u015f\u0131lamak i\u00e7in in\u015faat sekt\u00f6r\u00fcnde yayg\u0131n olarak kullan\u0131l\u0131rlar.<\/p>\n<h3>\u00e7elik zemin kaplamas\u0131 rulo \u015fekillendirme makinesi uygulamas\u0131<\/h3>\n<p>\u00c7elik zemin kaplamas\u0131 rulo \u015fekillendirme makinesi, in\u015faat sekt\u00f6r\u00fcnde \u00e7e\u015fitli uygulamalara sahip \u00e7elik zemin kaplamas\u0131 panellerinin \u00fcretimi i\u00e7in \u00f6zel olarak tasarlanm\u0131\u015ft\u0131r. \u0130\u015fte baz\u0131 yayg\u0131n uygulamalar:<\/p>\n<ol>\n<li>Ticari ve End\u00fcstriyel Binalar: \u00c7elik zemin kaplama panelleri, ticari ve end\u00fcstriyel binalar\u0131n yap\u0131m\u0131nda yayg\u0131n olarak kullan\u0131l\u0131r. Makine, ekipman ve depolama gibi a\u011f\u0131r y\u00fckleri destekleyebilen g\u00fc\u00e7l\u00fc ve dayan\u0131kl\u0131 bir d\u00f6\u015feme \u00e7\u00f6z\u00fcm\u00fc sa\u011flarlar. Paneller tipik olarak zeminlerin, asma katlar\u0131n ve \u00e7at\u0131lar\u0131n yap\u0131m\u0131nda kullan\u0131l\u0131r.<\/li>\n<li>Y\u00fcksek Binalar: Y\u00fcksek binalarda, \u00e7elik zemin kaplama panelleri in\u015faat s\u00fcrecinde kal\u0131p sistemi olarak kullan\u0131l\u0131r. Paneller, d\u00f6kme ve k\u00fcrleme a\u015famalar\u0131 s\u0131ras\u0131nda \u0131slak betonu desteklemek i\u00e7in ge\u00e7ici olarak monte edilir. Beton sertle\u015ftikten sonra, \u00e7elik zemin kaplama panelleri zemin yap\u0131s\u0131n\u0131n ayr\u0131lmaz bir par\u00e7as\u0131 haline gelir ve g\u00fc\u00e7 ve stabilite sa\u011flar.<\/li>\n<li>Kompozit Zemin Sistemleri: \u00c7elik zemin kaplama panelleri genellikle betonarme ile birlikte \u00e7al\u0131\u015ft\u0131klar\u0131 kompozit zemin sistemlerinde kullan\u0131l\u0131r. Paneller, beton d\u00f6k\u00fcm\u00fc a\u015famas\u0131nda kal\u0131p g\u00f6revi g\u00f6r\u00fcr ve daha sonra kompozit zemin i\u00e7in gerilme takviyesi g\u00f6revi g\u00f6r\u00fcr. Bu kombinasyon g\u00fc\u00e7l\u00fc, hafif ve verimli bir zemin sistemi ile sonu\u00e7lan\u0131r.<\/li>\n<li>Konut \u0130n\u015faat\u0131: \u00c7elik zemin kaplama panelleri konut in\u015faat\u0131 projelerinde de kullan\u0131l\u0131r. Evler, apartmanlar ve apartman daireleri i\u00e7in bir d\u00f6\u015feme \u00e7\u00f6z\u00fcm\u00fc olarak kullan\u0131labilir ve ya\u015fam alanlar\u0131 i\u00e7in sa\u011flam ve g\u00fcvenilir bir y\u00fczey sa\u011flarlar.<\/li>\n<li>K\u00f6pr\u00fc \u0130n\u015faat\u0131: \u00c7elik zemin kaplama panelleri k\u00f6pr\u00fc yap\u0131m\u0131nda da uygulama alan\u0131 bulur. K\u00f6pr\u00fc g\u00fcverte bile\u015fenleri olarak kullan\u0131l\u0131rlar ve ara\u00e7lar\u0131n \u00fczerinde seyahat etmesi i\u00e7in sa\u011flam ve dayan\u0131kl\u0131 bir y\u00fczey sa\u011flarlar. Paneller, belirli y\u00fck gereksinimlerini ve k\u00f6pr\u00fc tasar\u0131m \u00f6zelliklerini kar\u015f\u0131layacak \u015fekilde tasarlanabilir.<\/li>\n<\/ol>\n<p>Genel olarak, \u00e7elik zemin kaplamas\u0131 rulo \u015fekillendirme makinesi, \u00e7e\u015fitli in\u015faat projelerinde yayg\u0131n olarak kullan\u0131lan, farkl\u0131 uygulamalarda g\u00fc\u00e7, dayan\u0131kl\u0131l\u0131k ve \u00e7ok y\u00f6nl\u00fcl\u00fck sunan zemin kaplamas\u0131 panellerinin verimli bir \u015fekilde \u00fcretilmesini sa\u011flar.<\/p>\n<h3>Kompozit zemin g\u00fcverte rulo \u015fekillendirme makinesi nas\u0131l se\u00e7ilir?<\/h3>\n<p>Bir kompozit zemin g\u00fcverte rulo \u015fekillendirme makinesi se\u00e7erken, \u00f6zel gereksinimleriniz i\u00e7in do\u011fru makineyi se\u00e7ti\u011finizden emin olmak i\u00e7in \u00e7e\u015fitli fakt\u00f6rlerin dikkate al\u0131nmas\u0131 gerekir. \u0130\u015fte baz\u0131 \u00f6nemli hususlar:<\/p>\n<ol>\n<li>Malzeme ve \u00d6zellikler: Kompozit zemin g\u00fcverte panelleri i\u00e7in kullanaca\u011f\u0131n\u0131z malzemelerin t\u00fcr\u00fcn\u00fc ve kal\u0131nl\u0131\u011f\u0131n\u0131 belirleyin. Farkl\u0131 makineler, belirli malzeme t\u00fcrlerini ve kal\u0131nl\u0131klar\u0131n\u0131 i\u015flemek i\u00e7in tasarlanm\u0131\u015f olabilir. Se\u00e7ti\u011finiz makinenin \u00e7al\u0131\u015fmay\u0131 planlad\u0131\u011f\u0131n\u0131z malzemeleri i\u015fleyebildi\u011finden emin olun.<\/li>\n<li>\u00dcretim Kapasitesi: \u00dcretim ihtiya\u00e7lar\u0131n\u0131z\u0131 istenen \u00e7\u0131kt\u0131 ve h\u0131z a\u00e7\u0131s\u0131ndan de\u011ferlendirin. Gerekli \u00fcretim kapasitesini saat veya g\u00fcn ba\u015f\u0131na panel say\u0131s\u0131 a\u00e7\u0131s\u0131ndan d\u00fc\u015f\u00fcn\u00fcn. \u00dcretim hedeflerinizi verimli bir \u015fekilde kar\u015f\u0131layabilecek bir makine aray\u0131n.<\/li>\n<li>Profil ve Boyutlar: Kompozit zemin d\u00f6\u015feme panellerinin gerekli profilini ve boyutlar\u0131n\u0131 belirtin. Makine, istenen profili do\u011fru ve tutarl\u0131 bir \u015fekilde \u00fcretebilmelidir. Geni\u015fli\u011fe, y\u00fcksekli\u011fe ve gereken \u00f6zel \u00f6zelliklere veya kabartmalara dikkat edin.<\/li>\n<li>Otomasyon ve Kontrol Sistemi: \u0130htiyac\u0131n\u0131z olan otomasyon ve kontrol sistemi \u00f6zelliklerinin seviyesini g\u00f6z \u00f6n\u00fcnde bulundurun. Baz\u0131 makineler dokunmatik ekran aray\u00fczleri, programlanabilir mant\u0131k kontrol\u00f6rleri (PLC'ler) ve otomatik ayar sistemleri gibi geli\u015fmi\u015f \u00f6zellikler sunar. Bu \u00f6zellikler \u00fcretkenli\u011fi, hassasiyeti ve kullan\u0131m kolayl\u0131\u011f\u0131n\u0131 art\u0131rabilir.<\/li>\n<li>Rulo \u015eekillendirme Tasar\u0131m\u0131: Rulo \u015fekillendirme istasyonlar\u0131n\u0131n, tak\u0131mlar\u0131n ve kesme mekanizmalar\u0131n\u0131n tasar\u0131m\u0131n\u0131 de\u011ferlendirin. Zaman i\u00e7inde g\u00fcvenilir ve tutarl\u0131 performans sa\u011flamak i\u00e7in sa\u011flam yap\u0131ya ve y\u00fcksek kaliteli bile\u015fenlere sahip bir makine aray\u0131n. Tak\u0131mlar dayan\u0131kl\u0131 olmal\u0131 ve farkl\u0131 panel profilleri i\u00e7in kolayca ayarlanabilmelidir.<\/li>\n<li>Sat\u0131\u015f Sonras\u0131 Destek: \u00dcretici veya tedarik\u00e7i taraf\u0131ndan sa\u011flanan itibar\u0131 ve sat\u0131\u015f sonras\u0131 deste\u011fi de\u011ferlendirin. Kapsaml\u0131 teknik destek, e\u011fitim ve yedek par\u00e7alara eri\u015fim sunduklar\u0131ndan emin olun. Rulo \u015fekillendirme makineleri \u00fcretiminde kan\u0131tlanm\u0131\u015f bir ge\u00e7mi\u015fe sahip sayg\u0131n bir \u00fcretici se\u00e7mek faydal\u0131d\u0131r.<\/li>\n<li>Maliyet ve Yat\u0131r\u0131m Getirisi: Makinenin maliyetini ve potansiyel yat\u0131r\u0131m getirisini g\u00f6z \u00f6n\u00fcnde bulundurun. Maliyet ve performans aras\u0131nda en iyi dengeyi bulmak i\u00e7in farkl\u0131 makinelerin fiyatlar\u0131n\u0131, \u00f6zelliklerini ve yeteneklerini kar\u015f\u0131la\u015ft\u0131r\u0131n. Ayr\u0131ca, makinenin \u00fcretim s\u00fcrecinize getirebilece\u011fi uzun vadeli tasarruflar\u0131 ve faydalar\u0131 da g\u00f6z \u00f6n\u00fcnde bulundurun.<\/li>\n<\/ol>\n<p>Bu fakt\u00f6rleri g\u00f6z \u00f6n\u00fcnde bulundurarak, \u00fcretim gereksinimlerinizi kar\u015f\u0131layan ve verimlilik, kalite ve g\u00fcvenilirlik sunan bir kompozit zemin g\u00fcverte rulo \u015fekillendirme makinesi se\u00e7erken bilin\u00e7li bir karar verebilirsiniz.<\/p>\n<div id=\"gtx-trans\" style=\"position: absolute; left: 1036px; top: 1291px;\">\n<div class=\"gtx-trans-icon\"><\/div>\n<\/div>","protected":false},"excerpt":{"rendered":"<p>Zemin g\u00fcverte rulo \u015fekillendirme makinesi, bazen zemin g\u00fcverte paneli \u00fcretmek i\u00e7in kullan\u0131lan g\u00fcverte zemin veya metal g\u00fcverte rulo \u015fekillendirme makinesi olarak da adland\u0131r\u0131l\u0131r. Bir \u00e7at\u0131n\u0131n beton veya yal\u0131t\u0131m membran\u0131n\u0131 desteklemek i\u00e7in kullan\u0131l\u0131r ve \u00e7at\u0131 ve zemin sistemlerinde kullan\u0131lmak \u00fczere yap\u0131sal olarak verimli bir \u00fcr\u00fcn sa\u011flamak i\u00e7in geli\u015ftirilmi\u015ftir.<\/p>","protected":false},"featured_media":1635,"comment_status":"closed","ping_status":"closed","template":"","meta":{"_acf_changed":false},"product_brand":[],"product_cat":[52,77],"product_tag":[],"class_list":{"0":"post-1634","1":"product","2":"type-product","3":"status-publish","4":"has-post-thumbnail","6":"product_cat-steel-structure","7":"product_cat-floor-deck-roll-forming-machine","9":"first","10":"instock","11":"shipping-taxable","12":"product-type-simple"},"acf":[],"_links":{"self":[{"href":"https:\/\/swforming.com\/tr\/wp-json\/wp\/v2\/product\/1634","targetHints":{"allow":["GET"]}}],"collection":[{"href":"https:\/\/swforming.com\/tr\/wp-json\/wp\/v2\/product"}],"about":[{"href":"https:\/\/swforming.com\/tr\/wp-json\/wp\/v2\/types\/product"}],"replies":[{"embeddable":true,"href":"https:\/\/swforming.com\/tr\/wp-json\/wp\/v2\/comments?post=1634"}],"version-history":[{"count":4,"href":"https:\/\/swforming.com\/tr\/wp-json\/wp\/v2\/product\/1634\/revisions"}],"predecessor-version":[{"id":3236,"href":"https:\/\/swforming.com\/tr\/wp-json\/wp\/v2\/product\/1634\/revisions\/3236"}],"wp:featuredmedia":[{"embeddable":true,"href":"https:\/\/swforming.com\/tr\/wp-json\/wp\/v2\/media\/1635"}],"wp:attachment":[{"href":"https:\/\/swforming.com\/tr\/wp-json\/wp\/v2\/media?parent=1634"}],"wp:term":[{"taxonomy":"product_brand","embeddable":true,"href":"https:\/\/swforming.com\/tr\/wp-json\/wp\/v2\/product_brand?post=1634"},{"taxonomy":"product_cat","embeddable":true,"href":"https:\/\/swforming.com\/tr\/wp-json\/wp\/v2\/product_cat?post=1634"},{"taxonomy":"product_tag","embeddable":true,"href":"https:\/\/swforming.com\/tr\/wp-json\/wp\/v2\/product_tag?post=1634"}],"curies":[{"name":"wp","href":"https:\/\/api.w.org\/{rel}","templated":true}]}}