{"id":1571,"date":"2022-11-14T08:48:09","date_gmt":"2022-11-14T08:48:09","guid":{"rendered":"https:\/\/swforming.com\/?post_type=product&#038;p=1571"},"modified":"2023-06-09T06:23:31","modified_gmt":"2023-06-09T06:23:31","slug":"c-bracing-section-roll-forming-machine","status":"publish","type":"product","link":"https:\/\/swforming.com\/tr\/product\/c-bracing-section-roll-forming-machine\/","title":{"rendered":"C B\u00f6l\u00fcm Bracing Omega Depolama Raf\u0131 Dik Post Rulo \u015eekillendirme Makinesi"},"content":{"rendered":"<p><img fetchpriority=\"high\" decoding=\"async\" class=\"alignnone size-full wp-image-1578\" src=\"https:\/\/swforming.com\/wp-content\/uploads\/2022\/11\/H5316ddce00004806b6b982ecc0dbb6aad.webp\" alt=\"\" width=\"750\" height=\"900\" title=\"\" srcset=\"https:\/\/swforming.com\/wp-content\/uploads\/2022\/11\/H5316ddce00004806b6b982ecc0dbb6aad.webp 750w, https:\/\/swforming.com\/wp-content\/uploads\/2022\/11\/H5316ddce00004806b6b982ecc0dbb6aad-600x720.webp 600w, https:\/\/swforming.com\/wp-content\/uploads\/2022\/11\/H5316ddce00004806b6b982ecc0dbb6aad-250x300.webp 250w, https:\/\/swforming.com\/wp-content\/uploads\/2022\/11\/H5316ddce00004806b6b982ecc0dbb6aad-10x12.webp 10w\" sizes=\"(max-width: 750px) 100vw, 750px\" \/><\/p>\n<p>C kiri\u015f rulo \u015fekillendirme makinesi olarak da adland\u0131r\u0131lan C Bracing B\u00f6l\u00fcm Rulo \u015eekillendirme Makinesi, t\u00fcm depo palet teyelleme sisteminin yan taraf\u0131ndaki dikmeler raf\u0131n\u0131 ve raf panellerini desteklemek i\u00e7in C kiri\u015fi \u00fcretmek \u00fczere geli\u015ftirilmi\u015ftir.<\/p>\n<p>Ak\u0131ll\u0131 C Bracing B\u00f6l\u00fcm Rulo \u015eekillendirme Makinemiz, normalde 1.5-1.8mm olan raf sistemi gereksinimlerine ve kal\u0131nl\u0131\u011f\u0131na g\u00f6re \u00e7e\u015fitli boyutlarda C kiri\u015fi yapabilir. A\u00e7ma, besleme, rulo \u015fekillendirme, delme, kesme vb. i\u015flemler tek bir hat \u00fczerinde otomatik olarak ger\u00e7ekle\u015ftirilebilir. Bu arada, basamak kiri\u015fi, dik raf, kutu kiri\u015fi ve raf paneli yapmak i\u00e7in rulo \u015fekillendirme makinemiz var. T\u00fcm bunlar Palet raf sisteminin bile\u015fenleridir.<\/p>\n<p>Depo palet raf sisteminde, Basamakl\u0131 kiri\u015f rulo \u015fekillendirme makinesi, Dik raf rulo \u015fekillendirme makinesi ve kutu kiri\u015f rulo \u015fekillendirme makinesi gibi daha fazla makine \u00fcretebiliyoruz.<\/p>\n<p>M\u00fc\u015fterilerin \u00e7izimlerine, toleranslar\u0131na ve b\u00fct\u00e7elerine g\u00f6re farkl\u0131 \u00e7\u00f6z\u00fcmler \u00fcretiyor, t\u00fcm gereksinimlerinize uyarlanabilen profesyonel bire bir hizmet sunuyoruz. Hangi hatt\u0131 se\u00e7erseniz se\u00e7in, SUNWAY Machinery'nin kalitesi m\u00fckemmel i\u015flevsel profiller elde etmenizi sa\u011flayacakt\u0131r.<\/p>\n<h3>Profil \u00c7izimleri<\/h3>\n<p>&nbsp;<\/p>\n<p><img decoding=\"async\" class=\"alignnone size-full wp-image-1579\" src=\"https:\/\/swforming.com\/wp-content\/uploads\/2022\/11\/H2f8f33970aee4d9cb92ae17a3fedc412X.webp\" alt=\"\" width=\"1748\" height=\"2156\" title=\"\" srcset=\"https:\/\/swforming.com\/wp-content\/uploads\/2022\/11\/H2f8f33970aee4d9cb92ae17a3fedc412X.webp 1748w, https:\/\/swforming.com\/wp-content\/uploads\/2022\/11\/H2f8f33970aee4d9cb92ae17a3fedc412X-600x740.webp 600w, https:\/\/swforming.com\/wp-content\/uploads\/2022\/11\/H2f8f33970aee4d9cb92ae17a3fedc412X-243x300.webp 243w, https:\/\/swforming.com\/wp-content\/uploads\/2022\/11\/H2f8f33970aee4d9cb92ae17a3fedc412X-830x1024.webp 830w, https:\/\/swforming.com\/wp-content\/uploads\/2022\/11\/H2f8f33970aee4d9cb92ae17a3fedc412X-768x947.webp 768w, https:\/\/swforming.com\/wp-content\/uploads\/2022\/11\/H2f8f33970aee4d9cb92ae17a3fedc412X-1245x1536.webp 1245w, https:\/\/swforming.com\/wp-content\/uploads\/2022\/11\/H2f8f33970aee4d9cb92ae17a3fedc412X-1660x2048.webp 1660w, https:\/\/swforming.com\/wp-content\/uploads\/2022\/11\/H2f8f33970aee4d9cb92ae17a3fedc412X-10x12.webp 10w\" sizes=\"(max-width: 1748px) 100vw, 1748px\" \/><\/p>\n<div class=\"magic-13\"><img decoding=\"async\" class=\"magic-14\" src=\"https:\/\/s.alicdn.com\/@sc04\/kf\/Haecfe59938e04d149a4825c875ef87170\/205991625\/Haecfe59938e04d149a4825c875ef87170.jpg?quality=close\" width=\"245\" height=\"180\" data-src=\"https:\/\/s.alicdn.com\/@sc04\/kf\/Haecfe59938e04d149a4825c875ef87170\/205991625\/Haecfe59938e04d149a4825c875ef87170.jpg?quality=close\" data-spm-anchor-id=\"a2700.details.0.i25.46e8d44epZRThV\" alt=\"\" title=\"\"> \u00a0<img loading=\"lazy\" decoding=\"async\" class=\"magic-14\" src=\"https:\/\/s.alicdn.com\/@sc04\/kf\/H63b096dfb2044abcabd711f1c569a6e4A\/205991625\/H63b096dfb2044abcabd711f1c569a6e4A.jpg?quality=close\" width=\"245\" height=\"180\" data-src=\"https:\/\/s.alicdn.com\/@sc04\/kf\/H63b096dfb2044abcabd711f1c569a6e4A\/205991625\/H63b096dfb2044abcabd711f1c569a6e4A.jpg?quality=close\" alt=\"\" title=\"\"> \u00a0<img loading=\"lazy\" decoding=\"async\" class=\"magic-14\" src=\"https:\/\/s.alicdn.com\/@sc04\/kf\/He0a03b77929e493e93f1978323c7072dd\/205991625\/He0a03b77929e493e93f1978323c7072dd.jpg?quality=close\" width=\"245\" height=\"180\" data-src=\"https:\/\/s.alicdn.com\/@sc04\/kf\/He0a03b77929e493e93f1978323c7072dd\/205991625\/He0a03b77929e493e93f1978323c7072dd.jpg?quality=close\" alt=\"\" title=\"\"><\/div>\n<h3>\u00dcretim Hatt\u0131<img loading=\"lazy\" decoding=\"async\" class=\"alignnone size-full wp-image-1581\" src=\"https:\/\/swforming.com\/wp-content\/uploads\/2022\/11\/H56eac29a93fe41ffb446a17f383b41b1O.webp\" alt=\"\" width=\"1748\" height=\"859\" title=\"\" srcset=\"https:\/\/swforming.com\/wp-content\/uploads\/2022\/11\/H56eac29a93fe41ffb446a17f383b41b1O.webp 1748w, https:\/\/swforming.com\/wp-content\/uploads\/2022\/11\/H56eac29a93fe41ffb446a17f383b41b1O-600x295.webp 600w, https:\/\/swforming.com\/wp-content\/uploads\/2022\/11\/H56eac29a93fe41ffb446a17f383b41b1O-300x147.webp 300w, https:\/\/swforming.com\/wp-content\/uploads\/2022\/11\/H56eac29a93fe41ffb446a17f383b41b1O-1024x503.webp 1024w, https:\/\/swforming.com\/wp-content\/uploads\/2022\/11\/H56eac29a93fe41ffb446a17f383b41b1O-768x377.webp 768w, https:\/\/swforming.com\/wp-content\/uploads\/2022\/11\/H56eac29a93fe41ffb446a17f383b41b1O-1536x755.webp 1536w, https:\/\/swforming.com\/wp-content\/uploads\/2022\/11\/H56eac29a93fe41ffb446a17f383b41b1O-18x9.webp 18w\" sizes=\"(max-width: 1748px) 100vw, 1748px\" \/><\/h3>\n<h3>\u00dcr\u00fcn Detaylar\u0131<\/h3>\n<p><img loading=\"lazy\" decoding=\"async\" class=\"alignnone size-full wp-image-1584\" src=\"https:\/\/swforming.com\/wp-content\/uploads\/2022\/11\/114163902.png\" alt=\"\" width=\"750\" height=\"948\" title=\"\" srcset=\"https:\/\/swforming.com\/wp-content\/uploads\/2022\/11\/114163902.png 750w, https:\/\/swforming.com\/wp-content\/uploads\/2022\/11\/114163902-600x758.png 600w, https:\/\/swforming.com\/wp-content\/uploads\/2022\/11\/114163902-237x300.png 237w, https:\/\/swforming.com\/wp-content\/uploads\/2022\/11\/114163902-9x12.png 9w\" sizes=\"(max-width: 750px) 100vw, 750px\" \/><\/p>\n<h3>\u00dcr\u00fcn Parametreleri<\/h3>\n<div style=\"overflow-x: auto;\">\n<table>\n<tbody>\n<tr>\n<td style=\"text-align: center;\" colspan=\"3\" rowspan=\"1\" data-sheets-value=\"{&quot;1&quot;:2,&quot;2&quot;:&quot;C Bracing Section Roll Forming Machine&quot;}\"><strong>C Bracing B\u00f6l\u00fcm Rulo \u015eekillendirme Makinesi<\/strong><\/td>\n<\/tr>\n<tr>\n<td colspan=\"1\" rowspan=\"4\" data-sheets-value=\"{&quot;1&quot;:2,&quot;2&quot;:&quot;Machinable Material&quot;}\">\n<div>\u0130\u015flenebilir Malzeme<\/div>\n<\/td>\n<td data-sheets-value=\"{&quot;1&quot;:2,&quot;2&quot;:&quot;A) Galvanized Coil&quot;}\">A) Galvanizli Bobin<\/td>\n<td colspan=\"1\" rowspan=\"4\" data-sheets-value=\"{&quot;1&quot;:2,&quot;2&quot;:&quot;Thickness(MM): 1.5-1.8 as per customer&quot;}\">\n<div>Kal\u0131nl\u0131k (MM): M\u00fc\u015fteriye g\u00f6re 1.5-1.8<\/div>\n<\/td>\n<\/tr>\n<tr>\n<td data-sheets-value=\"{&quot;1&quot;:2,&quot;2&quot;:&quot;B) PPGI, PPGL&quot;}\">B) PPGI, PPGL<\/td>\n<\/tr>\n<tr>\n<td data-sheets-value=\"{&quot;1&quot;:2,&quot;2&quot;:&quot;C) Cold-rolled Steel&quot;}\">C) So\u011fuk Haddelenmi\u015f \u00c7elik<\/td>\n<\/tr>\n<tr>\n<td data-sheets-value=\"{&quot;1&quot;:2,&quot;2&quot;:&quot;D) Carbon Steel&quot;}\">D) Karbon \u00c7elik<\/td>\n<\/tr>\n<tr>\n<td data-sheets-value=\"{&quot;1&quot;:2,&quot;2&quot;:&quot;Yield Strength&quot;}\">Akma Dayan\u0131m\u0131<\/td>\n<td colspan=\"2\" rowspan=\"1\" data-sheets-value=\"{&quot;1&quot;:2,&quot;2&quot;:&quot;250 - 350 Mpa&quot;}\">250 - 350 Mpa<\/td>\n<\/tr>\n<tr>\n<td data-sheets-value=\"{&quot;1&quot;:2,&quot;2&quot;:&quot;Tensil Stress&quot;}\">Tensil Stres<\/td>\n<td colspan=\"2\" rowspan=\"1\" data-sheets-value=\"{&quot;1&quot;:2,&quot;2&quot;:&quot;350 Mpa-500 Mpa&quot;}\">350 Mpa-500 Mpa<\/td>\n<\/tr>\n<tr>\n<td data-sheets-value=\"{&quot;1&quot;:2,&quot;2&quot;:&quot;Nominal Forming Speed(M\/Min)&quot;}\">Nominal \u015eekillendirme H\u0131z\u0131 (M\/Min)<\/td>\n<td data-sheets-value=\"{&quot;1&quot;:3,&quot;3&quot;:44849}\" data-sheets-numberformat=\"{&quot;1&quot;:5,&quot;2&quot;:&quot;m-d&quot;,&quot;3&quot;:1}\">10-15<\/td>\n<td data-sheets-value=\"{&quot;1&quot;:2,&quot;2&quot;:&quot;* Or According To Your Requirment&quot;}\">* Veya \u0130htiyac\u0131n\u0131za G\u00f6re<\/td>\n<\/tr>\n<tr>\n<td data-sheets-value=\"{&quot;1&quot;:2,&quot;2&quot;:&quot;Forming Station&quot;}\">\u015eekillendirme \u0130stasyonu<\/td>\n<td data-sheets-value=\"{&quot;1&quot;:2,&quot;2&quot;:&quot;About 14&quot;}\">Yakla\u015f\u0131k 14<\/td>\n<td data-sheets-value=\"{&quot;1&quot;:2,&quot;2&quot;:&quot;* According To Your Profile Drawings&quot;}\">* Profil \u00c7izimlerinize G\u00f6re<\/td>\n<\/tr>\n<tr>\n<td data-sheets-value=\"{&quot;1&quot;:2,&quot;2&quot;:&quot;Decoiler&quot;}\">Decoiler<\/td>\n<td data-sheets-value=\"{&quot;1&quot;:2,&quot;2&quot;:&quot;Manual Decoiler&quot;}\">Manuel A\u00e7\u0131c\u0131<\/td>\n<td data-sheets-value=\"{&quot;1&quot;:2,&quot;2&quot;:&quot;* Hydraulic Decoiler (Optional)&quot;}\">* Hidrolik A\u00e7\u0131c\u0131 (Opsiyonel)<\/td>\n<\/tr>\n<tr>\n<td data-sheets-value=\"{&quot;1&quot;:2,&quot;2&quot;:&quot;Driving System&quot;}\">S\u00fcr\u00fc\u015f Sistemi<\/td>\n<td data-sheets-value=\"{&quot;1&quot;:2,&quot;2&quot;:&quot;Chain Drive&quot;}\">Zincir Tahrik<\/td>\n<td data-sheets-value=\"{&quot;1&quot;:2,&quot;2&quot;:&quot;* Gearbox Drive (Optional)&quot;}\">* \u015eanz\u0131man Tahriki (Opsiyonel)<\/td>\n<\/tr>\n<tr>\n<td data-sheets-value=\"{&quot;1&quot;:2,&quot;2&quot;:&quot;Machine Structure&quot;}\">Makine Yap\u0131s\u0131<\/td>\n<td data-sheets-value=\"{&quot;1&quot;:2,&quot;2&quot;:&quot;Steel Plates Welded&quot;}\">Kaynakl\u0131 \u00c7elik Levhalar<\/td>\n<td data-sheets-value=\"{&quot;1&quot;:2,&quot;2&quot;:&quot;* Cast Iron Stands (Optional)&quot;}\">* D\u00f6kme Demir Standlar (Opsiyonel)<\/td>\n<\/tr>\n<tr>\n<td data-sheets-value=\"{&quot;1&quot;:2,&quot;2&quot;:&quot;Rollers\u2019 Material&quot;}\">Silindir Malzemesi<\/td>\n<td data-sheets-value=\"{&quot;1&quot;:2,&quot;2&quot;:&quot;GCr 15&quot;}\">GCr 15<\/td>\n<td data-sheets-value=\"{&quot;1&quot;:2,&quot;2&quot;:&quot;* Cr12Mov (Optional)&quot;}\">* Cr12Mov (\u0130ste\u011fe ba\u011fl\u0131)<\/td>\n<\/tr>\n<tr>\n<td data-sheets-value=\"{&quot;1&quot;:2,&quot;2&quot;:&quot;Cutting System&quot;}\">Kesim Sistemi<\/td>\n<td colspan=\"2\" rowspan=\"1\" data-sheets-value=\"{&quot;1&quot;:2,&quot;2&quot;:&quot;Hydraulic Pre-cut&quot;}\">Hidrolik \u00d6n Kesim<\/td>\n<\/tr>\n<tr>\n<td data-sheets-value=\"{&quot;1&quot;:2,&quot;2&quot;:&quot;Punching System&quot;}\">Delme Sistemi<\/td>\n<td colspan=\"2\" rowspan=\"1\" data-sheets-value=\"{&quot;1&quot;:2,&quot;2&quot;:&quot;Hydraulic Punching&quot;}\">Hidrolik Delme<\/td>\n<\/tr>\n<tr>\n<td data-sheets-value=\"{&quot;1&quot;:2,&quot;2&quot;:&quot;Frequency Changer Brand&quot;}\">Frekans De\u011fi\u015ftirici Marka<\/td>\n<td data-sheets-value=\"{&quot;1&quot;:2,&quot;2&quot;:&quot;Yaskawa&quot;}\">Yaskawa<\/td>\n<td data-sheets-value=\"{&quot;1&quot;:2,&quot;2&quot;:&quot;* Siemens (Optional)&quot;}\">* Siemens (Opsiyonel)<\/td>\n<\/tr>\n<tr>\n<td data-sheets-value=\"{&quot;1&quot;:2,&quot;2&quot;:&quot;Power Supply&quot;}\">G\u00fc\u00e7 Kayna\u011f\u0131<\/td>\n<td data-sheets-value=\"{&quot;1&quot;:2,&quot;2&quot;:&quot;380V 50Hz&quot;}\">380V 50Hz<\/td>\n<td data-sheets-value=\"{&quot;1&quot;:2,&quot;2&quot;:&quot;* Or According To Your Requirment&quot;}\">* Veya \u0130htiyac\u0131n\u0131za G\u00f6re<\/td>\n<\/tr>\n<tr>\n<td data-sheets-value=\"{&quot;1&quot;:2,&quot;2&quot;:&quot;Machine Color&quot;}\">Makine Rengi<\/td>\n<td data-sheets-value=\"{&quot;1&quot;:2,&quot;2&quot;:&quot;Industrial Blue&quot;}\">End\u00fcstriyel Mavi<\/td>\n<td data-sheets-value=\"{&quot;1&quot;:2,&quot;2&quot;:&quot;* Or According To Your Requirment&quot;}\">* Veya \u0130htiyac\u0131n\u0131za G\u00f6re<\/td>\n<\/tr>\n<\/tbody>\n<\/table>\n<\/div>\n<h3>Uygulama<\/h3>\n<p><img loading=\"lazy\" decoding=\"async\" class=\"alignnone size-full wp-image-1331\" src=\"https:\/\/swforming.com\/wp-content\/uploads\/2022\/10\/9461bce0-3c2b-40c9-85d1-f9de38d6c4a3-1.png\" alt=\"\" width=\"750\" height=\"455\" title=\"\" srcset=\"https:\/\/swforming.com\/wp-content\/uploads\/2022\/10\/9461bce0-3c2b-40c9-85d1-f9de38d6c4a3-1.png 750w, https:\/\/swforming.com\/wp-content\/uploads\/2022\/10\/9461bce0-3c2b-40c9-85d1-f9de38d6c4a3-1-600x364.png 600w, https:\/\/swforming.com\/wp-content\/uploads\/2022\/10\/9461bce0-3c2b-40c9-85d1-f9de38d6c4a3-1-300x182.png 300w, https:\/\/swforming.com\/wp-content\/uploads\/2022\/10\/9461bce0-3c2b-40c9-85d1-f9de38d6c4a3-1-18x12.png 18w\" sizes=\"(max-width: 750px) 100vw, 750px\" \/><\/p>\n<h3>rafli rulo \u015feki\u0307llendi\u0307rme maki\u0307nesi\u0307 nedi\u0307r?<\/h3>\n<p>Raf rulo \u015fekillendirme makinesi, raflar\u0131n, raflar\u0131n veya depolama sistemlerinin \u00fcretim s\u00fcrecinde kullan\u0131lan bir t\u00fcr end\u00fcstriyel makinedir. Metal levhalar\u0131 veya bobinleri, raflar\u0131n yap\u0131sal bile\u015fenlerini olu\u015fturmak i\u00e7in kullan\u0131lan belirli profillere \u015fekillendirmek ve bi\u00e7imlendirmek i\u00e7in tasarlanm\u0131\u015ft\u0131r.<\/p>\n<p>Rulo \u015fekillendirme i\u015flemi, s\u00fcrekli bir metal \u015feridin, metali kademeli olarak istenen raf profiline \u015fekillendiren bir dizi silindir kal\u0131b\u0131ndan ge\u00e7irilmesini i\u00e7erir. Silindirler, d\u00fcz metal levhay\u0131 kademeli olarak nihai \u015fekle d\u00f6n\u00fc\u015ft\u00fcrmek i\u00e7in b\u00fckme, germe ve \u015fekillendirme eylemlerinin bir kombinasyonunu uygular.<\/p>\n<p>Rafl\u0131 rulo \u015fekillendirme makineleri tipik olarak bir besleme sistemi, bir dizi rulo \u015fekillendirme istasyonu ve bir kesme sisteminden olu\u015fur. Besleme sistemi metal \u015feridi makineye beslerken, rulo \u015fekillendirme istasyonlar\u0131 metali \u015fekillendiren silindir kal\u0131plar\u0131n\u0131 bar\u0131nd\u0131r\u0131r. Kesme sistemi, \u015fekillendirilen profilleri istenen uzunluklarda kesmek i\u00e7in kullan\u0131l\u0131r.<\/p>\n<p>Bu makineler son derece \u00f6zelle\u015ftirilebilir ve farkl\u0131 boyut, \u015fekil ve konfig\u00fcrasyonlarda raflar \u00fcretebilir. Genellikle depolama, lojistik, perakende ve imalat gibi, mallar\u0131 verimli bir \u015fekilde organize etmek ve saklamak i\u00e7in depolama sistemlerinin gerekli oldu\u011fu sekt\u00f6rlerde kullan\u0131l\u0131rlar.<\/p>\n<p>\u00dcreticiler, raf rulo \u015fekillendirme makinelerini kullanarak raf \u00fcretim s\u00fcre\u00e7lerinde y\u00fcksek \u00fcretim h\u0131zlar\u0131, tutarl\u0131 kalite ve hassas boyutsal do\u011fruluk elde edebilirler.<\/p>\n<h3>raf rulo \u015feki\u0307llendi\u0307rme maki\u0307nesi\u0307 i\u0307le raf raf rulo \u015feki\u0307llendi\u0307rme maki\u0307nesi\u0307 arasindaki\u0307 fark nedi\u0307r?<\/h3>\n<p>Raf rulo \u015fekillendirme makinesi ve raf raf rulo \u015fekillendirme makinesi yak\u0131ndan ili\u015fkilidir, ancak uygulamalar\u0131nda k\u00fc\u00e7\u00fck farkl\u0131l\u0131klar vard\u0131r.<\/p>\n<p>Raf rulo \u015fekillendirme makinesi, raf raflar\u0131 da dahil olmak \u00fczere \u00e7e\u015fitli raf t\u00fcrlerini \u00fcretmek i\u00e7in \u00f6zel olarak tasarlanm\u0131\u015f bir rulo \u015fekillendirme makinesini tan\u0131mlamak i\u00e7in kullan\u0131lan genel bir terimdir. Dikmeler, kiri\u015fler, destekler ve di\u011fer yap\u0131sal elemanlar gibi farkl\u0131 raf bile\u015fenleri \u00fcretmek i\u00e7in kullan\u0131labilir.<\/p>\n<p>\u00d6te yandan, bir raf raf\u0131 rulo \u015fekillendirme makinesi, bir rafta \u00fcr\u00fcn depolamak i\u00e7in kullan\u0131lan yatay platformlar veya y\u00fczeyler olan raf raflar\u0131 \u00fcretmek i\u00e7in \u00f6zel olarak tasarlanm\u0131\u015f bir rulo \u015fekillendirme makinesini ifade eder. Raf raflar\u0131 tipik olarak d\u00fczd\u00fcr ve farkl\u0131 \u00fcr\u00fcn t\u00fcrlerini bar\u0131nd\u0131rmak i\u00e7in belirli boyutlara ve \u00f6zelliklere sahiptir.<\/p>\n<h3>c kesitli rulo \u015fekillendirme makinesi nedir?<\/h3>\n<p>C-purlin rulo \u015fekillendirme makinesi olarak da bilinen C-kesitli rulo \u015fekillendirme makinesi, C-purlin ad\u0131 verilen C-\u015fekilli \u00e7elik profillerin \u00fcretim s\u00fcrecinde kullan\u0131lan bir t\u00fcr end\u00fcstriyel makinedir. C-purlinler, in\u015faat sekt\u00f6r\u00fcnde binalarda, \u00f6zellikle \u00e7at\u0131 ve duvar sistemlerinde yap\u0131sal bile\u015fenler olarak yayg\u0131n \u015fekilde kullan\u0131lmaktad\u0131r.<\/p>\n<p>C-kesitli rulo \u015fekillendirme makinesi, tipik olarak galvanizli \u00e7elik veya di\u011fer \u00e7elik t\u00fcrlerinden yap\u0131lm\u0131\u015f metal bobinleri istenen C-\u015fekilli profile \u015fekillendirmek ve bi\u00e7imlendirmek i\u00e7in tasarlanm\u0131\u015ft\u0131r. Makine, metal \u015feridi kademeli olarak b\u00fcken, \u015fekillendiren ve nihai C-purlin \u015fekline d\u00f6n\u00fc\u015ft\u00fcren bir dizi rulo \u015fekillendirme istasyonu kullan\u0131r.<\/p>\n<p>S\u00fcre\u00e7, metal bobinin makineye beslenmesini ve burada onu a\u015famal\u0131 olarak \u015fekillendiren bir dizi silindirden ge\u00e7mesini i\u00e7erir. Bu silindirler, C-purlin'in istenen boyutlar\u0131n\u0131 ve profilini elde etmek i\u00e7in belirli b\u00fckme ve \u015fekillendirme eylemleri uygular. Makinede ayr\u0131ca delik a\u00e7mak veya gerekti\u011finde C-purlin'e ba\u015fka \u00f6zellikler eklemek i\u00e7in ek istasyonlar da olabilir.<\/p>\n<p>C-kesitli rulo \u015fekillendirme makinesi taraf\u0131ndan \u00fcretilen C-purlinler, \u00e7at\u0131 ve duvar panellerine destek ve stabilite sa\u011flayarak \u00e7at\u0131 ve kaplama sistemlerinde yap\u0131sal elemanlar olarak yayg\u0131n \u015fekilde kullan\u0131l\u0131r. Hafif, dayan\u0131kl\u0131 ve kurulumu kolay olmalar\u0131, onlar\u0131 end\u00fcstriyel binalar\u0131n, depolar\u0131n ve ticari yap\u0131lar\u0131n in\u015fas\u0131nda pop\u00fcler bir se\u00e7im haline getirmektedir.<\/p>\n<p>C-kesitli rulo \u015fekillendirme makinesi, y\u00fcksek \u00fcretim h\u0131zlar\u0131, hassas boyutsal do\u011fruluk ve tutarl\u0131 kalite sa\u011flayarak \u00e7e\u015fitli in\u015faat uygulamalar\u0131nda kullan\u0131lan C-purlinlerin \u00fcretimi i\u00e7in verimli ve uygun maliyetli bir \u00e7\u00f6z\u00fcmd\u00fcr.<\/p>","protected":false},"excerpt":{"rendered":"<p>C kiri\u015f rulo \u015fekillendirme makinesi olarak da adland\u0131r\u0131lan C Bracing B\u00f6l\u00fcm Rulo \u015eekillendirme Makinesi, t\u00fcm depo palet teyelleme sisteminin yan taraf\u0131ndaki dikmeler raf\u0131n\u0131 ve raf panellerini desteklemek i\u00e7in C kiri\u015fi \u00fcretmek \u00fczere geli\u015ftirilmi\u015ftir.<\/p>\n<p>Ak\u0131ll\u0131 C Bracing B\u00f6l\u00fcm Rulo \u015eekillendirme Makinemiz, normalde 1.5-1.8mm olan raf sistemi gereksinimlerine ve kal\u0131nl\u0131\u011f\u0131na g\u00f6re \u00e7e\u015fitli boyutlarda C kiri\u015fi yapabilir. A\u00e7ma, besleme, rulo \u015fekillendirme, delme, kesme vb. i\u015flemler tek bir hat \u00fczerinde otomatik olarak ger\u00e7ekle\u015ftirilebilir. Bu arada, basamak kiri\u015fi, dik raf, kutu kiri\u015fi ve raf paneli yapmak i\u00e7in rulo \u015fekillendirme makinemiz var. T\u00fcm bunlar Palet raf sisteminin bile\u015fenleridir.<\/p>\n<div id=\"gtx-trans\" style=\"position: absolute; left: -91px; top: -10px;\">\n<div class=\"gtx-trans-icon\"><\/div>\n<\/div>","protected":false},"featured_media":1572,"comment_status":"closed","ping_status":"closed","template":"","meta":{"_acf_changed":false},"product_brand":[],"product_cat":[46,63],"product_tag":[],"class_list":{"0":"post-1571","1":"product","2":"type-product","3":"status-publish","4":"has-post-thumbnail","6":"product_cat-racking-shelving","7":"product_cat-elevator-guide-rail-roll-forming-machine","9":"first","10":"instock","11":"shipping-taxable","12":"product-type-simple"},"acf":[],"_links":{"self":[{"href":"https:\/\/swforming.com\/tr\/wp-json\/wp\/v2\/product\/1571","targetHints":{"allow":["GET"]}}],"collection":[{"href":"https:\/\/swforming.com\/tr\/wp-json\/wp\/v2\/product"}],"about":[{"href":"https:\/\/swforming.com\/tr\/wp-json\/wp\/v2\/types\/product"}],"replies":[{"embeddable":true,"href":"https:\/\/swforming.com\/tr\/wp-json\/wp\/v2\/comments?post=1571"}],"version-history":[{"count":3,"href":"https:\/\/swforming.com\/tr\/wp-json\/wp\/v2\/product\/1571\/revisions"}],"predecessor-version":[{"id":3197,"href":"https:\/\/swforming.com\/tr\/wp-json\/wp\/v2\/product\/1571\/revisions\/3197"}],"wp:featuredmedia":[{"embeddable":true,"href":"https:\/\/swforming.com\/tr\/wp-json\/wp\/v2\/media\/1572"}],"wp:attachment":[{"href":"https:\/\/swforming.com\/tr\/wp-json\/wp\/v2\/media?parent=1571"}],"wp:term":[{"taxonomy":"product_brand","embeddable":true,"href":"https:\/\/swforming.com\/tr\/wp-json\/wp\/v2\/product_brand?post=1571"},{"taxonomy":"product_cat","embeddable":true,"href":"https:\/\/swforming.com\/tr\/wp-json\/wp\/v2\/product_cat?post=1571"},{"taxonomy":"product_tag","embeddable":true,"href":"https:\/\/swforming.com\/tr\/wp-json\/wp\/v2\/product_tag?post=1571"}],"curies":[{"name":"wp","href":"https:\/\/api.w.org\/{rel}","templated":true}]}}