{"id":1403,"date":"2022-10-24T08:29:26","date_gmt":"2022-10-24T08:29:26","guid":{"rendered":"https:\/\/swforming.com\/?post_type=product&#038;p=1403"},"modified":"2023-06-20T07:18:01","modified_gmt":"2023-06-20T07:18:01","slug":"pallet-racking-step-beam-p-beam-roll-forming-machine","status":"publish","type":"product","link":"https:\/\/swforming.com\/tr\/product\/pallet-racking-step-beam-p-beam-roll-forming-machine\/","title":{"rendered":"Palet Raf Ad\u0131m Kiri\u015f P Kiri\u015f Rulo \u015eekillendirme Makinesi"},"content":{"rendered":"<p><img fetchpriority=\"high\" decoding=\"async\" class=\"alignnone size-full wp-image-1410\" src=\"https:\/\/swforming.com\/wp-content\/uploads\/2022\/10\/Hde235b15ced9440cb38ec5dec8373c27K.webp\" alt=\"\" width=\"750\" height=\"900\" title=\"\" srcset=\"https:\/\/swforming.com\/wp-content\/uploads\/2022\/10\/Hde235b15ced9440cb38ec5dec8373c27K.webp 750w, https:\/\/swforming.com\/wp-content\/uploads\/2022\/10\/Hde235b15ced9440cb38ec5dec8373c27K-600x720.webp 600w, https:\/\/swforming.com\/wp-content\/uploads\/2022\/10\/Hde235b15ced9440cb38ec5dec8373c27K-250x300.webp 250w, https:\/\/swforming.com\/wp-content\/uploads\/2022\/10\/Hde235b15ced9440cb38ec5dec8373c27K-10x12.webp 10w\" sizes=\"(max-width: 750px) 100vw, 750px\" \/><\/p>\n<p><span class=\"magic-10\">P tipi kiri\u015f rulo \u015fekillendirme makinesi olarak da adland\u0131r\u0131lan basamakl\u0131 kiri\u015f rulo \u015fekillendirme makinesi, dik raflar aras\u0131na sabitlenen kiri\u015fi \u00fcretmek i\u00e7in geli\u015ftirilmi\u015ftir.<\/span><\/p>\n<p>Ak\u0131ll\u0131 rulo \u015fekillendirme makinemiz, 1.5-3.0 mm kal\u0131nl\u0131\u011f\u0131nda \u00e7e\u015fitli boyutlarda kiri\u015f yapabilir. A\u00e7ma, besleme, rulo \u015fekillendirme, kaynak, kesme vb. i\u015flemler tek bir hat \u00fczerinde otomatik olarak ger\u00e7ekle\u015ftirilebilir. Bu arada, kutu kiri\u015f, dik raf ve raf panelleri yapmak i\u00e7in rulo \u015fekillendirme makinemiz var. T\u00fcm bunlar Palet raf sisteminin bile\u015fenleridir.<\/p>\n<div>Depo palet raf sisteminde, Kutu kiri\u015f rulo \u015fekillendirme makinesi, Dik raf rulo \u015fekillendirme makinesi ve raf paneli (kutu plakas\u0131) rulo \u015fekillendirme makinesi gibi daha fazla makine \u00fcretebiliyoruz.<\/div>\n<div>M\u00fc\u015fterilerin \u00e7izimlerine, toleranslar\u0131na ve b\u00fct\u00e7elerine g\u00f6re farkl\u0131 \u00e7\u00f6z\u00fcmler \u00fcretiyor, t\u00fcm gereksinimlerinize uyarlanabilen profesyonel bire bir hizmet sunuyoruz. Hangi hatt\u0131 se\u00e7erseniz se\u00e7in, SUNWAY Machinery'nin kalitesi m\u00fckemmel i\u015flevsel profiller elde etmenizi sa\u011flayacakt\u0131r.<\/div>\n<h3>Profil \u00c7izimleri<\/h3>\n<p><img decoding=\"async\" class=\"alignnone size-full wp-image-1411\" src=\"https:\/\/swforming.com\/wp-content\/uploads\/2022\/10\/H0f1de13664a841d39d0b1728160f68b76.webp\" alt=\"\" width=\"1748\" height=\"1996\" title=\"\" srcset=\"https:\/\/swforming.com\/wp-content\/uploads\/2022\/10\/H0f1de13664a841d39d0b1728160f68b76.webp 1748w, https:\/\/swforming.com\/wp-content\/uploads\/2022\/10\/H0f1de13664a841d39d0b1728160f68b76-600x685.webp 600w, https:\/\/swforming.com\/wp-content\/uploads\/2022\/10\/H0f1de13664a841d39d0b1728160f68b76-263x300.webp 263w, https:\/\/swforming.com\/wp-content\/uploads\/2022\/10\/H0f1de13664a841d39d0b1728160f68b76-897x1024.webp 897w, https:\/\/swforming.com\/wp-content\/uploads\/2022\/10\/H0f1de13664a841d39d0b1728160f68b76-768x877.webp 768w, https:\/\/swforming.com\/wp-content\/uploads\/2022\/10\/H0f1de13664a841d39d0b1728160f68b76-1345x1536.webp 1345w, https:\/\/swforming.com\/wp-content\/uploads\/2022\/10\/H0f1de13664a841d39d0b1728160f68b76-11x12.webp 11w\" sizes=\"(max-width: 1748px) 100vw, 1748px\" \/><\/p>\n<p><img decoding=\"async\" class=\"alignnone size-full wp-image-1414\" src=\"https:\/\/swforming.com\/wp-content\/uploads\/2022\/10\/24161501-1.png\" alt=\"\" width=\"900\" height=\"217\" title=\"\" srcset=\"https:\/\/swforming.com\/wp-content\/uploads\/2022\/10\/24161501-1.png 900w, https:\/\/swforming.com\/wp-content\/uploads\/2022\/10\/24161501-1-600x145.png 600w, https:\/\/swforming.com\/wp-content\/uploads\/2022\/10\/24161501-1-300x72.png 300w, https:\/\/swforming.com\/wp-content\/uploads\/2022\/10\/24161501-1-768x185.png 768w, https:\/\/swforming.com\/wp-content\/uploads\/2022\/10\/24161501-1-18x4.png 18w\" sizes=\"(max-width: 900px) 100vw, 900px\" \/><\/p>\n<h3>\u00dcretim Hatt\u0131<\/h3>\n<p><img loading=\"lazy\" decoding=\"async\" class=\"alignnone size-full wp-image-1413\" src=\"https:\/\/swforming.com\/wp-content\/uploads\/2022\/10\/H5e29e67fb3504658a53ccf565d8615das.webp\" alt=\"\" width=\"1748\" height=\"1057\" title=\"\" srcset=\"https:\/\/swforming.com\/wp-content\/uploads\/2022\/10\/H5e29e67fb3504658a53ccf565d8615das.webp 1748w, https:\/\/swforming.com\/wp-content\/uploads\/2022\/10\/H5e29e67fb3504658a53ccf565d8615das-600x363.webp 600w, https:\/\/swforming.com\/wp-content\/uploads\/2022\/10\/H5e29e67fb3504658a53ccf565d8615das-300x181.webp 300w, https:\/\/swforming.com\/wp-content\/uploads\/2022\/10\/H5e29e67fb3504658a53ccf565d8615das-1024x619.webp 1024w, https:\/\/swforming.com\/wp-content\/uploads\/2022\/10\/H5e29e67fb3504658a53ccf565d8615das-768x464.webp 768w, https:\/\/swforming.com\/wp-content\/uploads\/2022\/10\/H5e29e67fb3504658a53ccf565d8615das-1536x929.webp 1536w, https:\/\/swforming.com\/wp-content\/uploads\/2022\/10\/H5e29e67fb3504658a53ccf565d8615das-18x12.webp 18w\" sizes=\"(max-width: 1748px) 100vw, 1748px\" \/><\/p>\n<h3>\u00dcr\u00fcn Detaylar\u0131<\/h3>\n<p><img loading=\"lazy\" decoding=\"async\" class=\"alignnone size-full wp-image-1415\" src=\"https:\/\/swforming.com\/wp-content\/uploads\/2022\/10\/61845.png\" alt=\"\" width=\"1118\" height=\"1893\" title=\"\" srcset=\"https:\/\/swforming.com\/wp-content\/uploads\/2022\/10\/61845.png 1118w, https:\/\/swforming.com\/wp-content\/uploads\/2022\/10\/61845-600x1016.png 600w, https:\/\/swforming.com\/wp-content\/uploads\/2022\/10\/61845-177x300.png 177w, https:\/\/swforming.com\/wp-content\/uploads\/2022\/10\/61845-605x1024.png 605w, https:\/\/swforming.com\/wp-content\/uploads\/2022\/10\/61845-768x1300.png 768w, https:\/\/swforming.com\/wp-content\/uploads\/2022\/10\/61845-907x1536.png 907w, https:\/\/swforming.com\/wp-content\/uploads\/2022\/10\/61845-7x12.png 7w\" sizes=\"(max-width: 1118px) 100vw, 1118px\" \/><\/p>\n<h3>\u00dcr\u00fcn Parametreleri<\/h3>\n<div style=\"overflow-x: auto;\">\n<table>\n<tbody>\n<tr>\n<td style=\"text-align: center;\" colspan=\"3\" rowspan=\"1\" data-sheets-value=\"{&quot;1&quot;:2,&quot;2&quot;:&quot;Step Beam Roll Forming Machine&quot;}\"><strong>Basamakl\u0131 Kiri\u015f Rulo \u015eekillendirme Makinesi<\/strong><\/td>\n<\/tr>\n<tr>\n<td colspan=\"1\" rowspan=\"4\" data-sheets-value=\"{&quot;1&quot;:2,&quot;2&quot;:&quot;Machinable Material&quot;}\">\n<div>\u0130\u015flenebilir Malzeme<\/div>\n<\/td>\n<td data-sheets-value=\"{&quot;1&quot;:2,&quot;2&quot;:&quot;A) Galvanized Coil&quot;}\">A) Galvanizli Bobin<\/td>\n<td colspan=\"1\" rowspan=\"4\" data-sheets-value=\"{&quot;1&quot;:2,&quot;2&quot;:&quot;Thickness(MM): 1.5-3.0 as per customer&quot;}\">\n<div>Kal\u0131nl\u0131k (MM): M\u00fc\u015fteriye g\u00f6re 1.5-3.0<\/div>\n<\/td>\n<\/tr>\n<tr>\n<td data-sheets-value=\"{&quot;1&quot;:2,&quot;2&quot;:&quot;B) PPGI&quot;}\">B) PPGI<\/td>\n<\/tr>\n<tr>\n<td data-sheets-value=\"{&quot;1&quot;:2,&quot;2&quot;:&quot;C) Cold-rolled Steel&quot;}\">C) So\u011fuk Haddelenmi\u015f \u00c7elik<\/td>\n<\/tr>\n<tr>\n<td data-sheets-value=\"{&quot;1&quot;:2,&quot;2&quot;:&quot;D) Carbon Steel&quot;}\">D) Karbon \u00c7elik<\/td>\n<\/tr>\n<tr>\n<td data-sheets-value=\"{&quot;1&quot;:2,&quot;2&quot;:&quot;Yield Strength&quot;}\">Akma Dayan\u0131m\u0131<\/td>\n<td colspan=\"2\" rowspan=\"1\" data-sheets-value=\"{&quot;1&quot;:2,&quot;2&quot;:&quot;250 - 350 Mpa&quot;}\">250 - 350 Mpa<\/td>\n<\/tr>\n<tr>\n<td data-sheets-value=\"{&quot;1&quot;:2,&quot;2&quot;:&quot;Tensil Stress&quot;}\">Tensil Stres<\/td>\n<td colspan=\"2\" rowspan=\"1\" data-sheets-value=\"{&quot;1&quot;:2,&quot;2&quot;:&quot;350 Mpa-500 Mpa&quot;}\">350 Mpa-500 Mpa<\/td>\n<\/tr>\n<tr>\n<td data-sheets-value=\"{&quot;1&quot;:2,&quot;2&quot;:&quot;Nominal Forming Speed(M\/Min)&quot;}\">Nominal \u015eekillendirme H\u0131z\u0131 (M\/Min)<\/td>\n<td data-sheets-value=\"{&quot;1&quot;:3,&quot;3&quot;:44854}\" data-sheets-numberformat=\"{&quot;1&quot;:5,&quot;2&quot;:&quot;m-d&quot;,&quot;3&quot;:1}\">10-20<\/td>\n<td data-sheets-value=\"{&quot;1&quot;:2,&quot;2&quot;:&quot;* Or According To Your Requirment&quot;}\">* Veya \u0130htiyac\u0131n\u0131za G\u00f6re<\/td>\n<\/tr>\n<tr>\n<td data-sheets-value=\"{&quot;1&quot;:2,&quot;2&quot;:&quot;Forming Station&quot;}\">\u015eekillendirme \u0130stasyonu<\/td>\n<td data-sheets-value=\"{&quot;1&quot;:3,&quot;3&quot;:26}\">26<\/td>\n<td data-sheets-value=\"{&quot;1&quot;:2,&quot;2&quot;:&quot;* According To Your Profile Drawings&quot;}\">* Profil \u00c7izimlerinize G\u00f6re<\/td>\n<\/tr>\n<tr>\n<td data-sheets-value=\"{&quot;1&quot;:2,&quot;2&quot;:&quot;Decoiler&quot;}\">Decoiler<\/td>\n<td data-sheets-value=\"{&quot;1&quot;:2,&quot;2&quot;:&quot;Manual Decoiler&quot;}\">Manuel A\u00e7\u0131c\u0131<\/td>\n<td data-sheets-value=\"{&quot;1&quot;:2,&quot;2&quot;:&quot;* Hydraulic Decoiler (Optional)&quot;}\">* Hidrolik A\u00e7\u0131c\u0131 (Opsiyonel)<\/td>\n<\/tr>\n<tr>\n<td data-sheets-value=\"{&quot;1&quot;:2,&quot;2&quot;:&quot;Driving System&quot;}\">S\u00fcr\u00fc\u015f Sistemi<\/td>\n<td data-sheets-value=\"{&quot;1&quot;:2,&quot;2&quot;:&quot;Chain Drive&quot;}\">Zincir Tahrik<\/td>\n<td data-sheets-value=\"{&quot;1&quot;:2,&quot;2&quot;:&quot;* Gearbox Drive (Optional)&quot;}\">* \u015eanz\u0131man Tahriki (Opsiyonel)<\/td>\n<\/tr>\n<tr>\n<td data-sheets-value=\"{&quot;1&quot;:2,&quot;2&quot;:&quot;Machine Structure&quot;}\">Makine Yap\u0131s\u0131<\/td>\n<td data-sheets-value=\"{&quot;1&quot;:2,&quot;2&quot;:&quot;Steel Plates Welded&quot;}\">Kaynakl\u0131 \u00c7elik Levhalar<\/td>\n<td data-sheets-value=\"{&quot;1&quot;:2,&quot;2&quot;:&quot;* Cast Iron Stands (Optional)&quot;}\">* D\u00f6kme Demir Standlar (Opsiyonel)<\/td>\n<\/tr>\n<tr>\n<td data-sheets-value=\"{&quot;1&quot;:2,&quot;2&quot;:&quot;Rollers\u2019 Material&quot;}\">Silindir Malzemesi<\/td>\n<td data-sheets-value=\"{&quot;1&quot;:2,&quot;2&quot;:&quot;GCr 15&quot;}\">GCr 15<\/td>\n<td data-sheets-value=\"{&quot;1&quot;:2,&quot;2&quot;:&quot;* Cr12Mov (Optional)&quot;}\">* Cr12Mov (\u0130ste\u011fe ba\u011fl\u0131)<\/td>\n<\/tr>\n<tr>\n<td data-sheets-value=\"{&quot;1&quot;:2,&quot;2&quot;:&quot;Welding System&quot;}\">Kaynak Sistemi<\/td>\n<td data-sheets-value=\"{&quot;1&quot;:2,&quot;2&quot;:&quot;Spot Welding&quot;}\">Punta Kayna\u011f\u0131<\/td>\n<td data-sheets-value=\"{&quot;1&quot;:2,&quot;2&quot;:&quot;* Laser Welding (Optional)&quot;}\">* Lazer Kayna\u011f\u0131 (Opsiyonel)<\/td>\n<\/tr>\n<tr>\n<td data-sheets-value=\"{&quot;1&quot;:2,&quot;2&quot;:&quot;Cutting System&quot;}\">Kesim Sistemi<\/td>\n<td data-sheets-value=\"{&quot;1&quot;:2,&quot;2&quot;:&quot;Saw Cut&quot;}\">Testere Kesimi<\/td>\n<td data-sheets-value=\"{&quot;1&quot;:2,&quot;2&quot;:&quot;* Flying Cut (Optional)&quot;}\">* U\u00e7an Kesim (Opsiyonel)<\/td>\n<\/tr>\n<tr>\n<td data-sheets-value=\"{&quot;1&quot;:2,&quot;2&quot;:&quot;Frequency Changer Brand&quot;}\">Frekans De\u011fi\u015ftirici Marka<\/td>\n<td data-sheets-value=\"{&quot;1&quot;:2,&quot;2&quot;:&quot;Yaskawa&quot;}\">Yaskawa<\/td>\n<td data-sheets-value=\"{&quot;1&quot;:2,&quot;2&quot;:&quot;* Siemens (Optional)&quot;}\">* Siemens (Opsiyonel)<\/td>\n<\/tr>\n<tr>\n<td data-sheets-value=\"{&quot;1&quot;:2,&quot;2&quot;:&quot;Power Supply&quot;}\">G\u00fc\u00e7 Kayna\u011f\u0131<\/td>\n<td data-sheets-value=\"{&quot;1&quot;:2,&quot;2&quot;:&quot;380V 50Hz 3ph&quot;}\">380V 50Hz 3ph<\/td>\n<td data-sheets-value=\"{&quot;1&quot;:2,&quot;2&quot;:&quot;* Or According To Your Requirment&quot;}\">* Veya \u0130htiyac\u0131n\u0131za G\u00f6re<\/td>\n<\/tr>\n<tr>\n<td data-sheets-value=\"{&quot;1&quot;:2,&quot;2&quot;:&quot;Machine Color&quot;}\">Makine Rengi<\/td>\n<td data-sheets-value=\"{&quot;1&quot;:2,&quot;2&quot;:&quot;Industrial Blue&quot;}\">End\u00fcstriyel Mavi<\/td>\n<td data-sheets-value=\"{&quot;1&quot;:2,&quot;2&quot;:&quot;* Or According To Your Requirment&quot;}\">* Veya \u0130htiyac\u0131n\u0131za G\u00f6re<\/td>\n<\/tr>\n<\/tbody>\n<\/table>\n<\/div>\n<h3>Uygulama<\/h3>\n<p><img loading=\"lazy\" decoding=\"async\" class=\"alignnone wp-image-1331 size-full\" src=\"https:\/\/swforming.com\/wp-content\/uploads\/2022\/10\/9461bce0-3c2b-40c9-85d1-f9de38d6c4a3-1.png\" alt=\"\" width=\"750\" height=\"455\" title=\"\" srcset=\"https:\/\/swforming.com\/wp-content\/uploads\/2022\/10\/9461bce0-3c2b-40c9-85d1-f9de38d6c4a3-1.png 750w, https:\/\/swforming.com\/wp-content\/uploads\/2022\/10\/9461bce0-3c2b-40c9-85d1-f9de38d6c4a3-1-600x364.png 600w, https:\/\/swforming.com\/wp-content\/uploads\/2022\/10\/9461bce0-3c2b-40c9-85d1-f9de38d6c4a3-1-300x182.png 300w, https:\/\/swforming.com\/wp-content\/uploads\/2022\/10\/9461bce0-3c2b-40c9-85d1-f9de38d6c4a3-1-18x12.png 18w\" sizes=\"(max-width: 750px) 100vw, 750px\" \/><\/p>\n<h3>Kiri\u015f rulo \u015fekillendirme makinesi nedir?<\/h3>\n<p>Kiri\u015f rulo \u015fekillendirme makinesi, tutarl\u0131 \u015fekil ve boyutlara sahip kiri\u015fler \u00fcretmek i\u00e7in kullan\u0131lan bir t\u00fcr end\u00fcstriyel makinedir. Kiri\u015fler, in\u015faat ve m\u00fchendislik projelerinde destek sa\u011flamak ve y\u00fckleri da\u011f\u0131tmak i\u00e7in kullan\u0131lan yap\u0131sal elemanlard\u0131r.<\/p>\n<p>Rulo \u015fekillendirme i\u015flemi, d\u00fcz bir metal \u015feridin, metali kademeli olarak b\u00fcken ve istenen kiri\u015f profiline \u015fekillendiren bir dizi silindirden ge\u00e7irilmesini i\u00e7erir. Silindirler, metal \u015feridi istenen \u015fekle sokan \u00f6zel konturlara ve tasar\u0131mlara sahiptir. \u0130\u015flem s\u00fcreklidir ve makine \u00e7e\u015fitli uzunluklarda kiri\u015fler \u00fcretebilir.<\/p>\n<p>Kiri\u015f rulo \u015fekillendirme makineleri tipik olarak metal bobini tutmak i\u00e7in bir a\u00e7\u0131c\u0131, \u015feridi d\u00fczeltmek i\u00e7in tesviye ekipman\u0131, bir dizi \u015fekillendirme silindiri ve kiri\u015fleri istenen uzunluklarda kesmek i\u00e7in bir kesme sistemi i\u00e7erir. Makine ayr\u0131ca kiri\u015flere delikler veya tan\u0131mlama i\u015faretleri eklemek i\u00e7in delme veya i\u015faretleme yetenekleri gibi ek \u00f6zelliklere de sahip olabilir.<\/p>\n<p>Bir kiri\u015f rulo \u015fekillendirme makinesinin \u00f6zellikleri, I-kiri\u015fler, H-kiri\u015fler veya C-kiri\u015fler gibi istenen kiri\u015f profiline ve kiri\u015flerin gerekli boyutlar\u0131na ve kal\u0131nl\u0131\u011f\u0131na ba\u011fl\u0131 olarak de\u011fi\u015febilir. Makinenin kapasitesi ve yetenekleri, \u00fcretebilece\u011fi kiri\u015flerin maksimum boyutunu ve kal\u0131nl\u0131\u011f\u0131n\u0131 belirleyecektir.<\/p>\n<p>Kiri\u015f rulo \u015fekillendirme makineleri genellikle in\u015faat sekt\u00f6r\u00fcnde, \u00e7elik imalat tesislerinde ve kiri\u015flerin gerekli oldu\u011fu m\u00fchendislik projelerinde kullan\u0131l\u0131r. Tutarl\u0131 \u015fekillere sahip kiri\u015flerin \u00fcretiminde y\u00fcksek verimlilik ve do\u011fruluk sunarlar, el i\u015f\u00e7ili\u011fini azalt\u0131r ve \u00fcretim h\u0131z\u0131n\u0131 art\u0131r\u0131rlar.<\/p>\n<h3>palet raf\u0131 rulo \u015fekillendirme makinesinin i\u015flevi<\/h3>\n<p>Palet raf\u0131 rulo \u015fekillendirme makinesi, palet raf\u0131 bile\u015fenleri \u00fcretmek i\u00e7in kullan\u0131lan end\u00fcstriyel bir makinedir. Palet raflar\u0131, paletli mallar\u0131 depolamak ve d\u00fczenlemek i\u00e7in depolarda ve da\u011f\u0131t\u0131m merkezlerinde yayg\u0131n olarak kullan\u0131lan depolama sistemleridir.<\/p>\n<p>Bir palet raf\u0131 rulo \u015fekillendirme makinesinin ana i\u015flevi, bir palet raf\u0131 sisteminin yap\u0131sal bile\u015fenlerini \u00fcretmektir. Bu bile\u015fenler tipik olarak dik \u00e7er\u00e7eveleri ve yatay kiri\u015fleri i\u00e7erir. \u0130\u015fte bir palet raf\u0131 rulo \u015fekillendirme makinesinin temel i\u015flevleri:<\/p>\n<ol>\n<li>Rulo \u015eekillendirme: Makine, metal bobinleri dik \u00e7er\u00e7eveler ve kiri\u015fler i\u00e7in istenen profillere \u015fekillendirmek ve b\u00fckmek i\u00e7in bir dizi silindir ve alet kullan\u0131r. Metal \u015ferit makineye beslenir ve silindirler metali kademeli olarak istenen \u015fekle sokar.<\/li>\n<li>Kesim: Rulo \u015fekillendirme makinesi, \u015fekillendirilmi\u015f metal profilleri istenen uzunluklarda kesmek i\u00e7in bir kesme sistemi ile donat\u0131lm\u0131\u015ft\u0131r. Bu, dik \u00e7er\u00e7evelerin ve kiri\u015flerin palet raf sistemi i\u00e7in gerekli boyutlarda \u00fcretilmesini sa\u011flar.<\/li>\n<li>Delik Delme: Palet raf sisteminin tasar\u0131m\u0131na ve \u00f6zelliklerine ba\u011fl\u0131 olarak, rulo \u015fekillendirme makinesi ayr\u0131ca delme yetenekleri de i\u00e7erebilir. Bu, kiri\u015f konekt\u00f6rleri veya emniyet pimleri gibi ek aksesuarlar\u0131 yerle\u015ftirmek i\u00e7in profillerde delikler olu\u015fturulmas\u0131na olanak tan\u0131r.<\/li>\n<li>Kesme ve \u00c7entik A\u00e7ma: Baz\u0131 palet raf\u0131 rulo \u015fekillendirme makineleri kesme ve \u00e7entik a\u00e7ma \u00f6zelliklerine sahip olabilir. Bu i\u015flevler, makinenin metal profillerde \u00f6zelle\u015ftirme veya di\u011fer bile\u015fenlerle entegrasyon i\u00e7in yararl\u0131 olabilecek belirli \u00f6zellikler veya kesikler olu\u015fturmas\u0131n\u0131 sa\u011flar.<\/li>\n<\/ol>\n<p>Palet raf\u0131 rulo \u015fekillendirme makinesi, palet raf\u0131 bile\u015fenlerinin verimli ve hassas bir \u015fekilde \u00fcretilmesinde \u00e7ok \u00f6nemli bir rol oynar. S\u00fcreci otomatikle\u015ftirerek, palet raf sistemlerinin \u00f6zel gereksinimlerini kar\u015f\u0131layan tutarl\u0131, y\u00fcksek kaliteli bile\u015fenlerin \u00fcretilmesini sa\u011flar.<\/p>\n<h3>Raf rulo \u015fekillendirme makinesi taraf\u0131ndan \u00fcretilen ana \u00fcr\u00fcnler nelerdir?<\/h3>\n<p>Bir raf rulo \u015fekillendirme makinesi \u00f6ncelikle depolama raflar\u0131n\u0131n veya raf sistemlerinin \u00e7e\u015fitli bile\u015fenlerini \u00fcretmek i\u00e7in kullan\u0131l\u0131r. Bu bile\u015fenler, depolarda, da\u011f\u0131t\u0131m merkezlerinde ve perakende ortamlar\u0131nda d\u00fczenli depolama ve alan\u0131n verimli kullan\u0131m\u0131n\u0131 sa\u011flamak i\u00e7in tasarlanm\u0131\u015ft\u0131r. \u0130\u015fte tipik olarak bir raf rulo \u015fekillendirme makinesi taraf\u0131ndan \u00fcretilen ana \u00fcr\u00fcnler:<\/p>\n<ol>\n<li>Dik \u00c7er\u00e7eveler: Dik \u00e7er\u00e7eveler, depolama raf\u0131 sisteminin ana desteklerini olu\u015fturan dikey yap\u0131sal bile\u015fenlerdir. Raf tasar\u0131m\u0131n\u0131n \u00f6zel gereksinimlerine ba\u011fl\u0131 olarak \u00e7e\u015fitli y\u00fckseklik ve kal\u0131nl\u0131klarda \u00fcretilirler. Dik \u00e7er\u00e7eveler tipik olarak yatay kiri\u015fleri yerle\u015ftirmek ve ayarlanabilir raf konumlar\u0131na izin vermek i\u00e7in bir dizi e\u015fit aral\u0131kl\u0131 delik veya yuvaya sahiptir.<\/li>\n<li>Yatay Kiri\u015fler: Yatay kiri\u015fler, dik \u00e7er\u00e7eveleri birbirine ba\u011flayan ve depolanan \u00f6\u011feler i\u00e7in destek sa\u011flayan y\u00fck ta\u015f\u0131y\u0131c\u0131 bile\u015fenlerdir. Bu kiri\u015fler, farkl\u0131 depolama ihtiya\u00e7lar\u0131n\u0131 kar\u015f\u0131lamak i\u00e7in farkl\u0131 uzunluklarda ve y\u00fck kapasitelerinde mevcuttur. Dik \u00e7er\u00e7evelere g\u00fcvenli bir \u015fekilde ba\u011flanmak i\u00e7in genellikle her iki u\u00e7ta kancalar veya konekt\u00f6rler bulunur.<\/li>\n<li>\u00c7apraz Destekler: \u00c7apraz destekler, raf sisteminin stabilitesini ve g\u00fcc\u00fcn\u00fc art\u0131rmak i\u00e7in kullan\u0131lan ek yap\u0131sal bile\u015fenlerdir. Tipik olarak dik \u00e7er\u00e7eveler aras\u0131na \u00e7apraz olarak monte edilirler ve bir X veya V \u015fekli olu\u015ftururlar. \u00c7apraz destekler yanal hareketi \u00f6nlemeye yard\u0131mc\u0131 olur ve raf\u0131n genel sa\u011flaml\u0131\u011f\u0131n\u0131 art\u0131r\u0131r.<\/li>\n<li>Tel G\u00fcverteler: Tel tablalar, raf sistemi i\u00e7inde raf y\u00fczeyi olarak hizmet veren tel \u00f6rg\u00fc panellerdir. Paletlenmi\u015f mallar i\u00e7in destek sa\u011flar ve havaland\u0131rma, \u0131\u015f\u0131k penetrasyonu ve ya\u011fmurlama sisteminin etkinli\u011fine izin verirler. Tel tablalar, farkl\u0131 raf konfig\u00fcrasyonlar\u0131na ve y\u00fck kapasitelerine uyacak \u015fekilde \u00e7e\u015fitli boyutlarda ve tel \u00f6l\u00e7\u00fclerinde mevcuttur.<\/li>\n<li>Aksesuarlar: Yukar\u0131da belirtilen ana bile\u015fenlere ek olarak, bir raf rulo \u015fekillendirme makinesi \u00e7e\u015fitli aksesuarlar da \u00fcretebilir. Bunlar aras\u0131nda emniyet pimleri, kiri\u015f konekt\u00f6rleri, u\u00e7 kapaklar\u0131, etiketler ve depolama raf\u0131 sisteminin montaj\u0131 ve \u00f6zelle\u015ftirilmesi i\u00e7in kullan\u0131lan di\u011fer donan\u0131m veya ba\u011flant\u0131 elemanlar\u0131 yer alabilir.<\/li>\n<\/ol>\n<p>Belirli \u00fcr\u00fcn yelpazesinin ve \u00f6zelle\u015ftirme se\u00e7eneklerinin \u00fcreticiye, tasar\u0131m \u00f6zelliklerine ve m\u00fc\u015fteri gereksinimlerine ba\u011fl\u0131 olarak de\u011fi\u015febilece\u011fini unutmamak \u00f6nemlidir. Raf rulo \u015fekillendirme makineleri \u00e7ok y\u00f6nl\u00fcd\u00fcr ve \u00e7e\u015fitli depolama ihtiya\u00e7lar\u0131n\u0131 kar\u015f\u0131lamak i\u00e7in esneklik sunarak \u00e7ok \u00e7e\u015fitli depolama raf\u0131 bile\u015fenleri \u00fcretmek \u00fczere uyarlanabilir.<\/p>","protected":false},"excerpt":{"rendered":"<p><span class=\"magic-10\">P tipi kiri\u015f rulo \u015fekillendirme makinesi olarak da adland\u0131r\u0131lan basamakl\u0131 kiri\u015f rulo \u015fekillendirme makinesi, dik raflar aras\u0131na sabitlenen kiri\u015fi \u00fcretmek i\u00e7in geli\u015ftirilmi\u015ftir.<\/span><\/p>\n<p>Ak\u0131ll\u0131 Palet Raf\u0131 Basamakl\u0131 Kiri\u015f P Kiri\u015f Rulo \u015eekillendirme Makinemiz, 1.5-3.0 mm kal\u0131nl\u0131\u011f\u0131nda \u00e7e\u015fitli boyutlarda kiri\u015f yapabilir. A\u00e7ma, besleme, rulo \u015fekillendirme, kaynak, kesme vb. i\u015flemler tek bir hat \u00fczerinde otomatik olarak ger\u00e7ekle\u015ftirilebilir. Bu arada, kutu kiri\u015f, dik raf ve raf panelleri yapmak i\u00e7in rulo \u015fekillendirme makinemiz var. T\u00fcm bunlar Palet raf sisteminin bile\u015fenleridir.<\/p>","protected":false},"featured_media":1404,"comment_status":"closed","ping_status":"closed","template":"","meta":{"_acf_changed":false},"product_brand":[],"product_cat":[46,66],"product_tag":[],"class_list":{"0":"post-1403","1":"product","2":"type-product","3":"status-publish","4":"has-post-thumbnail","6":"product_cat-racking-shelving","7":"product_cat-step-beam-roll-forming-machine","9":"first","10":"instock","11":"shipping-taxable","12":"product-type-simple"},"acf":[],"_links":{"self":[{"href":"https:\/\/swforming.com\/tr\/wp-json\/wp\/v2\/product\/1403","targetHints":{"allow":["GET"]}}],"collection":[{"href":"https:\/\/swforming.com\/tr\/wp-json\/wp\/v2\/product"}],"about":[{"href":"https:\/\/swforming.com\/tr\/wp-json\/wp\/v2\/types\/product"}],"replies":[{"embeddable":true,"href":"https:\/\/swforming.com\/tr\/wp-json\/wp\/v2\/comments?post=1403"}],"version-history":[{"count":2,"href":"https:\/\/swforming.com\/tr\/wp-json\/wp\/v2\/product\/1403\/revisions"}],"predecessor-version":[{"id":3276,"href":"https:\/\/swforming.com\/tr\/wp-json\/wp\/v2\/product\/1403\/revisions\/3276"}],"wp:featuredmedia":[{"embeddable":true,"href":"https:\/\/swforming.com\/tr\/wp-json\/wp\/v2\/media\/1404"}],"wp:attachment":[{"href":"https:\/\/swforming.com\/tr\/wp-json\/wp\/v2\/media?parent=1403"}],"wp:term":[{"taxonomy":"product_brand","embeddable":true,"href":"https:\/\/swforming.com\/tr\/wp-json\/wp\/v2\/product_brand?post=1403"},{"taxonomy":"product_cat","embeddable":true,"href":"https:\/\/swforming.com\/tr\/wp-json\/wp\/v2\/product_cat?post=1403"},{"taxonomy":"product_tag","embeddable":true,"href":"https:\/\/swforming.com\/tr\/wp-json\/wp\/v2\/product_tag?post=1403"}],"curies":[{"name":"wp","href":"https:\/\/api.w.org\/{rel}","templated":true}]}}