{"id":1318,"date":"2022-10-14T08:07:44","date_gmt":"2022-10-14T08:07:44","guid":{"rendered":"https:\/\/swforming.com\/?post_type=product&#038;p=1318"},"modified":"2024-03-25T02:34:12","modified_gmt":"2024-03-25T02:34:12","slug":"warehouse-shelf-upright-roll-forming-machine","status":"publish","type":"product","link":"https:\/\/swforming.com\/tr\/product\/warehouse-shelf-upright-roll-forming-machine\/","title":{"rendered":"Depo Raf\u0131 Dik Rulo \u015eekillendirme Makinesi"},"content":{"rendered":"<p><img fetchpriority=\"high\" decoding=\"async\" class=\"alignnone wp-image-1325 size-full\" src=\"https:\/\/swforming.com\/wp-content\/uploads\/2022\/10\/ed965f11-9362-4bb8-849f-dc2570a41f2d.jpg\" alt=\"Depo Raf\u0131 Dik Rulo \u015eekillendirme Makinesi\" width=\"750\" height=\"900\" title=\"\" srcset=\"https:\/\/swforming.com\/wp-content\/uploads\/2022\/10\/ed965f11-9362-4bb8-849f-dc2570a41f2d.jpg 750w, https:\/\/swforming.com\/wp-content\/uploads\/2022\/10\/ed965f11-9362-4bb8-849f-dc2570a41f2d-600x720.jpg 600w, https:\/\/swforming.com\/wp-content\/uploads\/2022\/10\/ed965f11-9362-4bb8-849f-dc2570a41f2d-250x300.jpg 250w, https:\/\/swforming.com\/wp-content\/uploads\/2022\/10\/ed965f11-9362-4bb8-849f-dc2570a41f2d-10x12.jpg 10w\" sizes=\"(max-width: 750px) 100vw, 750px\" \/><\/p>\n<div class=\"magic-8\" data-spm-anchor-id=\"a2700.details.0.i22.204b70b23fWCaM\"><span class=\"magic-9\"><span class=\"magic-10\"><span data-spm-anchor-id=\"a2700.details.0.i23.204b70b23fWCaM\"> Palet Raf Rulo \u015eekillendirme Makinesi (ler) olarak da adland\u0131r\u0131lan depo raf\u0131 dik rulo \u015fekillendirme makinesi, dik \u00e7er\u00e7eve \/ dik raflar \u00fcretmek i\u00e7in geli\u015ftirilmi\u015ftir. <\/span><\/span><\/span><\/div>\n<div class=\"magic-8\" data-spm-anchor-id=\"a2700.details.0.i22.204b70b23fWCaM\"><span class=\"magic-9\"><span class=\"magic-10\"><span data-spm-anchor-id=\"a2700.details.0.i23.204b70b23fWCaM\">Ak\u0131ll\u0131 rulo \u015fekillendirme makinemiz, 1.5-3.0 mm kal\u0131nl\u0131\u011f\u0131nda \u00e7e\u015fitli boyutlarda dik yapabilir. A\u00e7ma, servo besleme, delme, rulo \u015fekillendirme, kesme vb. i\u015flemler tek bir hat \u00fczerinde otomatik olarak ger\u00e7ekle\u015ftirilebilir. Bu arada, kutu kiri\u015f, basamak kiri\u015f ve raf panelleri yapmak i\u00e7in rulo \u015fekillendirme makinemiz var. T\u00fcm bunlar Palet raf sisteminin bile\u015fenleridir. <\/span><\/span><\/span><\/div>\n<div class=\"magic-8\" data-spm-anchor-id=\"a2700.details.0.i22.204b70b23fWCaM\"><span class=\"magic-9\"><span class=\"magic-10\"><span data-spm-anchor-id=\"a2700.details.0.i23.204b70b23fWCaM\">Palet raflar\u0131, paletli mallar\u0131n depolanmas\u0131 i\u00e7in uygun maliyetli bir \u00e7\u00f6z\u00fcmd\u00fcr. \u00c7ok \u00e7e\u015fitli boyutlarda mevcut olan ve kilitleme pimleriyle sabitlenen ayr\u0131 \u00e7er\u00e7eveler ve kiri\u015flerden olu\u015fan Palet Raflar\u0131, ister palet boyutuna ister forklift tipine g\u00f6re y\u00f6nlendirilsin, ihtiya\u00e7lar\u0131n\u0131za g\u00f6re kolayca yap\u0131land\u0131r\u0131l\u0131r. <\/span><\/span><\/span><\/div>\n<div class=\"magic-8\" data-spm-anchor-id=\"a2700.details.0.i22.204b70b23fWCaM\"><span class=\"magic-9\"><span class=\"magic-10\"><span data-spm-anchor-id=\"a2700.details.0.i23.204b70b23fWCaM\">Depo palet raf sisteminde, Kutu kiri\u015f rulo \u015fekillendirme makinesi, basamak kiri\u015f rulo \u015fekillendirme makinesi ve raf paneli (kutu plaka) rulo \u015fekillendirme makinesi gibi daha fazla makine \u00fcretebiliyoruz.<\/span><\/span><\/span><\/div>\n<div class=\"magic-8\" data-spm-anchor-id=\"a2700.details.0.i22.204b70b23fWCaM\">M\u00fc\u015fterilerin \u00e7izimlerine, toleranslar\u0131na ve b\u00fct\u00e7elerine g\u00f6re farkl\u0131 \u00e7\u00f6z\u00fcmler \u00fcretiyor, t\u00fcm gereksinimlerinize uyarlanabilen profesyonel bire bir hizmet sunuyoruz. Hangi hatt\u0131 se\u00e7erseniz se\u00e7in, SUNWAY Machinery'nin kalitesi m\u00fckemmel i\u015flevsel profiller elde etmenizi sa\u011flayacakt\u0131r.<\/div>\n<h3 data-spm-anchor-id=\"a2700.details.0.i22.204b70b23fWCaM\">Profil \u00c7izimleri<\/h3>\n<p><img decoding=\"async\" class=\"alignnone size-full wp-image-1326\" src=\"https:\/\/swforming.com\/wp-content\/uploads\/2022\/10\/a9638363-69d2-43d7-8d02-7d3eba65f23d.jpg\" alt=\"\" width=\"750\" height=\"925\" title=\"\" srcset=\"https:\/\/swforming.com\/wp-content\/uploads\/2022\/10\/a9638363-69d2-43d7-8d02-7d3eba65f23d.jpg 750w, https:\/\/swforming.com\/wp-content\/uploads\/2022\/10\/a9638363-69d2-43d7-8d02-7d3eba65f23d-600x740.jpg 600w, https:\/\/swforming.com\/wp-content\/uploads\/2022\/10\/a9638363-69d2-43d7-8d02-7d3eba65f23d-243x300.jpg 243w, https:\/\/swforming.com\/wp-content\/uploads\/2022\/10\/a9638363-69d2-43d7-8d02-7d3eba65f23d-10x12.jpg 10w\" sizes=\"(max-width: 750px) 100vw, 750px\" \/><\/p>\n<p><img decoding=\"async\" class=\"alignnone size-full wp-image-1327\" src=\"https:\/\/swforming.com\/wp-content\/uploads\/2022\/10\/4bd2d985-6b9c-4ab2-864a-470665df977c.png\" alt=\"\" width=\"750\" height=\"373\" title=\"\" srcset=\"https:\/\/swforming.com\/wp-content\/uploads\/2022\/10\/4bd2d985-6b9c-4ab2-864a-470665df977c.png 750w, https:\/\/swforming.com\/wp-content\/uploads\/2022\/10\/4bd2d985-6b9c-4ab2-864a-470665df977c-600x298.png 600w, https:\/\/swforming.com\/wp-content\/uploads\/2022\/10\/4bd2d985-6b9c-4ab2-864a-470665df977c-300x149.png 300w, https:\/\/swforming.com\/wp-content\/uploads\/2022\/10\/4bd2d985-6b9c-4ab2-864a-470665df977c-18x9.png 18w\" sizes=\"(max-width: 750px) 100vw, 750px\" \/><\/p>\n<h3>\u00dcretim Hatt\u0131<\/h3>\n<p><img loading=\"lazy\" decoding=\"async\" class=\"alignnone size-full wp-image-1328\" src=\"https:\/\/swforming.com\/wp-content\/uploads\/2022\/10\/Hda2f6f97f13a4b7abc5acb968fd9615cv.jpg\" alt=\"\" width=\"750\" height=\"467\" title=\"\" srcset=\"https:\/\/swforming.com\/wp-content\/uploads\/2022\/10\/Hda2f6f97f13a4b7abc5acb968fd9615cv.jpg 750w, https:\/\/swforming.com\/wp-content\/uploads\/2022\/10\/Hda2f6f97f13a4b7abc5acb968fd9615cv-600x374.jpg 600w, https:\/\/swforming.com\/wp-content\/uploads\/2022\/10\/Hda2f6f97f13a4b7abc5acb968fd9615cv-300x187.jpg 300w, https:\/\/swforming.com\/wp-content\/uploads\/2022\/10\/Hda2f6f97f13a4b7abc5acb968fd9615cv-18x12.jpg 18w\" sizes=\"(max-width: 750px) 100vw, 750px\" \/><\/p>\n<h3>\u00dcr\u00fcn Detaylar\u0131<\/h3>\n<p><img loading=\"lazy\" decoding=\"async\" class=\"alignnone wp-image-1330 size-full\" src=\"https:\/\/swforming.com\/wp-content\/uploads\/2022\/10\/160214-e1665734668584.png\" alt=\"\" width=\"748\" height=\"1270\" title=\"\" srcset=\"https:\/\/swforming.com\/wp-content\/uploads\/2022\/10\/160214-e1665734668584.png 748w, https:\/\/swforming.com\/wp-content\/uploads\/2022\/10\/160214-e1665734668584-600x1019.png 600w, https:\/\/swforming.com\/wp-content\/uploads\/2022\/10\/160214-e1665734668584-177x300.png 177w, https:\/\/swforming.com\/wp-content\/uploads\/2022\/10\/160214-e1665734668584-603x1024.png 603w, https:\/\/swforming.com\/wp-content\/uploads\/2022\/10\/160214-e1665734668584-7x12.png 7w\" sizes=\"(max-width: 748px) 100vw, 748px\" \/><\/p>\n<h3>Depo Raf\u0131 Dik Rulo \u015eekillendirme Makinesi Parametreleri<\/h3>\n<div style=\"overflow-x: auto;\">\n<table>\n<tbody>\n<tr>\n<td style=\"text-align: center;\" colspan=\"3\" rowspan=\"1\" data-sheets-value=\"{&quot;1&quot;:2,&quot;2&quot;:&quot;Warehouse Shelf Upright Roll Forming Machine&quot;}\"><strong>Depo Raf\u0131 Dik Rulo \u015eekillendirme Makinesi<\/strong><\/td>\n<\/tr>\n<tr>\n<td colspan=\"1\" rowspan=\"2\" data-sheets-value=\"{&quot;1&quot;:2,&quot;2&quot;:&quot;Machinable Material&quot;}\">\n<div>\u0130\u015flenebilir Malzeme<\/div>\n<\/td>\n<td data-sheets-value=\"{&quot;1&quot;:2,&quot;2&quot;:&quot;A) Galvanized Steel&quot;}\">A) Galvanizli \u00c7elik<\/td>\n<td colspan=\"1\" rowspan=\"2\" data-sheets-value=\"{&quot;1&quot;:2,&quot;2&quot;:&quot;Thickness(MM): 1.5-3.0 as per customer&quot;}\">\n<div>Kal\u0131nl\u0131k (MM): M\u00fc\u015fteriye g\u00f6re 1.5-3.0<\/div>\n<\/td>\n<\/tr>\n<tr>\n<td data-sheets-value=\"{&quot;1&quot;:2,&quot;2&quot;:&quot;B) Stainless Steel&quot;}\">B) Paslanmaz \u00c7elik<\/td>\n<\/tr>\n<tr>\n<td data-sheets-value=\"{&quot;1&quot;:2,&quot;2&quot;:&quot;Yield Strength&quot;}\">Akma Dayan\u0131m\u0131<\/td>\n<td colspan=\"2\" rowspan=\"1\" data-sheets-value=\"{&quot;1&quot;:2,&quot;2&quot;:&quot;250 - 550 Mpa&quot;}\">250 - 550 Mpa<\/td>\n<\/tr>\n<tr>\n<td data-sheets-value=\"{&quot;1&quot;:2,&quot;2&quot;:&quot;Tensil Stress&quot;}\">Tensil Stres<\/td>\n<td colspan=\"2\" rowspan=\"1\" data-sheets-value=\"{&quot;1&quot;:2,&quot;2&quot;:&quot;G250 Mpa-G550 Mpa&quot;}\">G250 Mpa-G550 Mpa<\/td>\n<\/tr>\n<tr>\n<td data-sheets-value=\"{&quot;1&quot;:2,&quot;2&quot;:&quot;Decoiler&quot;}\">Decoiler<\/td>\n<td data-sheets-value=\"{&quot;1&quot;:2,&quot;2&quot;:&quot;Manual Decoiler&quot;}\">Manuel A\u00e7\u0131c\u0131<\/td>\n<td data-sheets-value=\"{&quot;1&quot;:2,&quot;2&quot;:&quot;* Hydraulic Decoiler (Optional)&quot;}\">* Hidrolik A\u00e7\u0131c\u0131 (Opsiyonel)<\/td>\n<\/tr>\n<tr>\n<td data-sheets-value=\"{&quot;1&quot;:2,&quot;2&quot;:&quot;Punching System&quot;}\">Delme Sistemi<\/td>\n<td data-sheets-value=\"{&quot;1&quot;:2,&quot;2&quot;:&quot;Hydraulic Punching Station&quot;}\">Hidrolik Delme \u0130stasyonu<\/td>\n<td data-sheets-value=\"{&quot;1&quot;:2,&quot;2&quot;:&quot;* Punching Press (Optional)&quot;}\">* Delme Presi (Opsiyonel)<\/td>\n<\/tr>\n<tr>\n<td data-sheets-value=\"{&quot;1&quot;:2,&quot;2&quot;:&quot;Forming Station&quot;}\">\u015eekillendirme \u0130stasyonu<\/td>\n<td data-sheets-value=\"{&quot;1&quot;:2,&quot;2&quot;:&quot;About 25 Stands&quot;}\">Yakla\u015f\u0131k 25 Stand<\/td>\n<td data-sheets-value=\"{&quot;1&quot;:2,&quot;2&quot;:&quot;* According To Your Profile Drawings&quot;}\">* Profil \u00c7izimlerinize G\u00f6re<\/td>\n<\/tr>\n<tr>\n<td data-sheets-value=\"{&quot;1&quot;:2,&quot;2&quot;:&quot;Driving System&quot;}\">S\u00fcr\u00fc\u015f Sistemi<\/td>\n<td data-sheets-value=\"{&quot;1&quot;:2,&quot;2&quot;:&quot;Chain Drive&quot;}\">Zincir Tahrik<\/td>\n<td data-sheets-value=\"{&quot;1&quot;:2,&quot;2&quot;:&quot;* Gearbox Drive (Optional)&quot;}\">* \u015eanz\u0131man Tahriki (Opsiyonel)<\/td>\n<\/tr>\n<tr>\n<td data-sheets-value=\"{&quot;1&quot;:2,&quot;2&quot;:&quot;Machine Structure&quot;}\">Makine Yap\u0131s\u0131<\/td>\n<td data-sheets-value=\"{&quot;1&quot;:2,&quot;2&quot;:&quot;Wall Panel Station&quot;}\">Duvar Paneli \u0130stasyonu<\/td>\n<td data-sheets-value=\"{&quot;1&quot;:2,&quot;2&quot;:&quot;* Cast Iron Stands (Optional)&quot;}\">* D\u00f6kme Demir Standlar (Opsiyonel)<\/td>\n<\/tr>\n<tr>\n<td data-sheets-value=\"{&quot;1&quot;:2,&quot;2&quot;:&quot;Forming Speed&quot;}\">\u015eekillendirme H\u0131z\u0131<\/td>\n<td data-sheets-value=\"{&quot;1&quot;:2,&quot;2&quot;:&quot;5-15 (M\/MIN)&quot;}\">5-15 (M\/MIN)<\/td>\n<td data-sheets-value=\"{&quot;1&quot;:2,&quot;2&quot;:&quot;* Or According To Your Profile Drawings&quot;}\">* Veya Profil \u00c7izimlerinize G\u00f6re<\/td>\n<\/tr>\n<tr>\n<td data-sheets-value=\"{&quot;1&quot;:2,&quot;2&quot;:&quot;Rollers\u2019 Material&quot;}\">Silindir Malzemesi<\/td>\n<td data-sheets-value=\"{&quot;1&quot;:2,&quot;2&quot;:&quot;GCr 15&quot;}\">GCr 15<\/td>\n<td data-sheets-value=\"{&quot;1&quot;:2,&quot;2&quot;:&quot;* Cr12 (Optional)&quot;}\">* Cr12 (Opsiyonel)<\/td>\n<\/tr>\n<tr>\n<td data-sheets-value=\"{&quot;1&quot;:2,&quot;2&quot;:&quot;Cutting System&quot;}\">Kesim Sistemi<\/td>\n<td data-sheets-value=\"{&quot;1&quot;:2,&quot;2&quot;:&quot;Hydraulic Cutting&quot;}\">Hidrolik Kesme<\/td>\n<td data-sheets-value=\"{&quot;1&quot;:2,&quot;2&quot;:&quot;* Saw Cutting (Optional)&quot;}\">* Testere Kesimi (Opsiyonel)<\/td>\n<\/tr>\n<tr>\n<td data-sheets-value=\"{&quot;1&quot;:2,&quot;2&quot;:&quot;Frequency Changer Brand&quot;}\">Frekans De\u011fi\u015ftirici Marka<\/td>\n<td data-sheets-value=\"{&quot;1&quot;:2,&quot;2&quot;:&quot;Yaskawa&quot;}\">Yaskawa<\/td>\n<td data-sheets-value=\"{&quot;1&quot;:2,&quot;2&quot;:&quot;* Siemens (Optional)&quot;}\">* Siemens (Opsiyonel)<\/td>\n<\/tr>\n<tr>\n<td data-sheets-value=\"{&quot;1&quot;:2,&quot;2&quot;:&quot;PLC Brand&quot;}\">PLC Markas\u0131<\/td>\n<td data-sheets-value=\"{&quot;1&quot;:2,&quot;2&quot;:&quot;Panasonic&quot;}\">Panasonic<\/td>\n<td data-sheets-value=\"{&quot;1&quot;:2,&quot;2&quot;:&quot;* Siemens (Optional)&quot;}\">* Siemens (Opsiyonel)<\/td>\n<\/tr>\n<tr>\n<td data-sheets-value=\"{&quot;1&quot;:2,&quot;2&quot;:&quot;Power Supply&quot;}\">G\u00fc\u00e7 Kayna\u011f\u0131<\/td>\n<td data-sheets-value=\"{&quot;1&quot;:2,&quot;2&quot;:&quot;380V 50Hz 3ph&quot;}\">380V 50Hz 3ph<\/td>\n<td data-sheets-value=\"{&quot;1&quot;:2,&quot;2&quot;:&quot;* Or According To Your Requirment&quot;}\">* Veya \u0130htiyac\u0131n\u0131za G\u00f6re<\/td>\n<\/tr>\n<tr>\n<td data-sheets-value=\"{&quot;1&quot;:2,&quot;2&quot;:&quot;Machine Color&quot;}\">Makine Rengi<\/td>\n<td data-sheets-value=\"{&quot;1&quot;:2,&quot;2&quot;:&quot;Industrial Blue&quot;}\">End\u00fcstriyel Mavi<\/td>\n<td data-sheets-value=\"{&quot;1&quot;:2,&quot;2&quot;:&quot;* Or According To Your Requirment&quot;}\">* Veya \u0130htiyac\u0131n\u0131za G\u00f6re<\/td>\n<\/tr>\n<\/tbody>\n<\/table>\n<\/div>\n<h3>Uygulama<\/h3>\n<p><img loading=\"lazy\" decoding=\"async\" class=\"alignnone size-full wp-image-1331\" src=\"https:\/\/swforming.com\/wp-content\/uploads\/2022\/10\/9461bce0-3c2b-40c9-85d1-f9de38d6c4a3-1.png\" alt=\"\" width=\"750\" height=\"455\" title=\"\" srcset=\"https:\/\/swforming.com\/wp-content\/uploads\/2022\/10\/9461bce0-3c2b-40c9-85d1-f9de38d6c4a3-1.png 750w, https:\/\/swforming.com\/wp-content\/uploads\/2022\/10\/9461bce0-3c2b-40c9-85d1-f9de38d6c4a3-1-600x364.png 600w, https:\/\/swforming.com\/wp-content\/uploads\/2022\/10\/9461bce0-3c2b-40c9-85d1-f9de38d6c4a3-1-300x182.png 300w, https:\/\/swforming.com\/wp-content\/uploads\/2022\/10\/9461bce0-3c2b-40c9-85d1-f9de38d6c4a3-1-18x12.png 18w\" sizes=\"(max-width: 750px) 100vw, 750px\" \/><\/p>\n<h3>dik rulo \u015fekillendirme makinesi nedir?<\/h3>\n<p>Dik rulo \u015fekillendirme makinesi, metal i\u015fleme end\u00fcstrisinde s\u00fcrekli metal \u015feritleri istenen profillere \u015fekillendirmek ve bi\u00e7imlendirmek i\u00e7in kullan\u0131lan bir t\u00fcr end\u00fcstriyel makinedir. Genellikle kiri\u015fler, kanallar ve paneller gibi tutarl\u0131 bir enine kesite sahip yap\u0131sal bile\u015fenler \u00fcretmek i\u00e7in kullan\u0131l\u0131r.<\/p>\n<p>Makine, metal \u015feridi dikey olarak d\u00fczenlenmi\u015f bir dizi ayarlanabilir silindirden ge\u00e7irerek \u00e7al\u0131\u015f\u0131r. Her bir silindir seti, \u015feridi belirli bir kontura b\u00fckerek kademeli olarak \u015fekillendirmek \u00fczere tasarlanm\u0131\u015ft\u0131r. Silindirler s\u0131ral\u0131 bir \u015fekilde yerle\u015ftirilir ve her bir set belirli bir b\u00fckme veya \u015fekillendirme i\u015flemi ger\u00e7ekle\u015ftirir. Metal \u015ferit makineden ge\u00e7erken, istenen profile ula\u015fana kadar s\u00fcrekli bir \u015fekillendirme i\u015flemine tabi tutulur.<\/p>\n<p>Dik rulo \u015fekillendirme makineleri verimlilikleri, do\u011fruluklar\u0131 ve y\u00fcksek \u00fcretim oranlar\u0131yla bilinir. Farkl\u0131 kal\u0131nl\u0131k ve geni\u015fliklerde \u00e7elik, al\u00fcminyum ve paslanmaz \u00e7elik dahil olmak \u00fczere \u00e7e\u015fitli metal t\u00fcrlerini i\u015fleyebilmektedirler. Bu makineler, farkl\u0131 uygulamalar i\u00e7in hassas ve tutarl\u0131 metal profillerin gerekli oldu\u011fu in\u015faat, otomotiv, havac\u0131l\u0131k ve imalat gibi sekt\u00f6rlerde yayg\u0131n olarak kullan\u0131lmaktad\u0131r.<\/p>\n<h3>raf rulo \u015feki\u0307llendi\u0307rme maki\u0307nesi\u0307 nasil \u00e7ali\u015fir?<\/h3>\n<p>Rafl\u0131 rulo \u015fekillendirme makinesi, depolarda, perakende ma\u011fazalar\u0131nda ve end\u00fcstriyel ortamlarda depolama amac\u0131yla yayg\u0131n olarak kullan\u0131lan rafl\u0131 raf sistemleri \u00fcretmek i\u00e7in kullan\u0131lan \u00f6zel bir rulo \u015fekillendirme makinesi t\u00fcr\u00fcd\u00fcr. Rafl\u0131 rulo \u015fekillendirme makinesinin tipik olarak nas\u0131l \u00e7al\u0131\u015ft\u0131\u011f\u0131na dair genel bir bak\u0131\u015f:<\/p>\n<ol>\n<li>Malzeme Y\u00fckleme: S\u00fcre\u00e7, bir sac metal bobininin, bobini tutan ve makineye besleyen bir a\u00e7\u0131c\u0131ya y\u00fcklenmesiyle ba\u015flar. Sac metal genellikle \u00e7elik veya al\u00fcminyumdur.<\/li>\n<li>Do\u011frultma ve Besleme: Sac metal daha sonra d\u00fcz ve tutarl\u0131 bir \u015ferit sa\u011flamak i\u00e7in herhangi bir bobin setini veya e\u011frili\u011fi gideren bir d\u00fczle\u015ftirme \u00fcnitesinden beslenir. D\u00fczle\u015ftirilen \u015ferit daha sonra rulo \u015fekillendirme makinesine y\u00f6nlendirilir.<\/li>\n<li>Rulo \u015eekillendirme: Rulo \u015fekillendirme makinesi, tipik olarak bir hat halinde d\u00fczenlenmi\u015f bir dizi rulo tak\u0131m istasyonundan olu\u015fur. Her istasyonda, metal \u015feridi kademeli olarak istenen profile \u015fekillendiren bir dizi silindir bulunur. Silindirler, metal \u015feridi raf profiline g\u00f6re b\u00fckmek ve \u015fekillendirmek i\u00e7in hassas bir \u015fekilde konumland\u0131r\u0131lm\u0131\u015f ve tasarlanm\u0131\u015ft\u0131r. \u015eerit makine boyunca y\u00f6nlendirilir ve her istasyon profilin nihai \u015fekline katk\u0131da bulunur.<\/li>\n<li>Kesim: Raf raf\u0131 profilinin istenen uzunlu\u011fu olu\u015fturulduktan sonra, bir kesme mekanizmas\u0131 etkinle\u015ftirilir. Bu, olu\u015fturulan profili istenen uzunlukta kesen bir u\u00e7an kesme, hidrolik kesme veya ba\u015fka bir kesme y\u00f6ntemi olabilir.<\/li>\n<li>\u0130stifleme ve \u00c7\u0131k\u0131\u015f: Kesilen raf profilleri daha sonra genellikle istiflenir veya daha ileri i\u015flemler veya paketleme i\u00e7in bir \u00e7\u0131k\u0131\u015f alan\u0131na ta\u015f\u0131n\u0131r. Makine, bitmi\u015f profillerin verimli bir \u015fekilde ta\u015f\u0131nmas\u0131n\u0131 kolayla\u015ft\u0131rmak i\u00e7in istifleme veya paletleme mekanizmalar\u0131 i\u00e7erebilir.<\/li>\n<\/ol>\n<p>T\u00fcm s\u00fcre\u00e7 tipik olarak otomatiktir ve makine, silindirlerin ve kesme mekanizmas\u0131n\u0131n h\u0131z\u0131n\u0131, konumland\u0131r\u0131lmas\u0131n\u0131 ve \u00e7al\u0131\u015fmas\u0131n\u0131 hassas bir \u015fekilde kontrol eden bilgisayarl\u0131 bir sistem taraf\u0131ndan kontrol edilir. Bu otomasyon, y\u00fcksek \u00fcretim h\u0131zlar\u0131na ve raf profillerinin tutarl\u0131 kalitesine olanak tan\u0131r.<\/p>\n<p>Bir rafl\u0131 rulo \u015fekillendirme makinesinin belirli \u00e7al\u0131\u015fma ve \u00f6zelliklerinin \u00fcreticiye ve uygulaman\u0131n gereksinimlerine ba\u011fl\u0131 olarak de\u011fi\u015febilece\u011fini unutmamak \u00f6nemlidir.<\/p>","protected":false},"excerpt":{"rendered":"<p>Palet Raf Rulo \u015eekillendirme Makinesi (ler) olarak da adland\u0131r\u0131lan depo raf\u0131 dik rulo \u015fekillendirme makinesi, dik \u00e7er\u00e7eve \/ dik raflar \u00fcretmek i\u00e7in geli\u015ftirilmi\u015ftir. Ak\u0131ll\u0131 rulo \u015fekillendirme makinemiz, 1.5-3.0 mm kal\u0131nl\u0131\u011f\u0131nda \u00e7e\u015fitli boyutlarda dik yapabilir. A\u00e7ma, servo besleme, delme, rulo \u015fekillendirme, kesme vb. i\u015flemler tek bir hat \u00fczerinde otomatik olarak ger\u00e7ekle\u015ftirilebilir. Bu arada, kutu kiri\u015f, basamak kiri\u015f ve raf panelleri yapmak i\u00e7in rulo \u015fekillendirme makinemiz var. T\u00fcm bunlar Palet raf sisteminin bile\u015fenleridir.<\/p>","protected":false},"featured_media":1319,"comment_status":"closed","ping_status":"closed","template":"","meta":{"_acf_changed":false},"product_brand":[],"product_cat":[46,67],"product_tag":[],"class_list":{"0":"post-1318","1":"product","2":"type-product","3":"status-publish","4":"has-post-thumbnail","6":"product_cat-racking-shelving","7":"product_cat-warehouse-shelf-upright-rack-roll-forming-machine","9":"first","10":"instock","11":"shipping-taxable","12":"product-type-simple"},"acf":[],"_links":{"self":[{"href":"https:\/\/swforming.com\/tr\/wp-json\/wp\/v2\/product\/1318","targetHints":{"allow":["GET"]}}],"collection":[{"href":"https:\/\/swforming.com\/tr\/wp-json\/wp\/v2\/product"}],"about":[{"href":"https:\/\/swforming.com\/tr\/wp-json\/wp\/v2\/types\/product"}],"replies":[{"embeddable":true,"href":"https:\/\/swforming.com\/tr\/wp-json\/wp\/v2\/comments?post=1318"}],"version-history":[{"count":3,"href":"https:\/\/swforming.com\/tr\/wp-json\/wp\/v2\/product\/1318\/revisions"}],"predecessor-version":[{"id":3356,"href":"https:\/\/swforming.com\/tr\/wp-json\/wp\/v2\/product\/1318\/revisions\/3356"}],"wp:featuredmedia":[{"embeddable":true,"href":"https:\/\/swforming.com\/tr\/wp-json\/wp\/v2\/media\/1319"}],"wp:attachment":[{"href":"https:\/\/swforming.com\/tr\/wp-json\/wp\/v2\/media?parent=1318"}],"wp:term":[{"taxonomy":"product_brand","embeddable":true,"href":"https:\/\/swforming.com\/tr\/wp-json\/wp\/v2\/product_brand?post=1318"},{"taxonomy":"product_cat","embeddable":true,"href":"https:\/\/swforming.com\/tr\/wp-json\/wp\/v2\/product_cat?post=1318"},{"taxonomy":"product_tag","embeddable":true,"href":"https:\/\/swforming.com\/tr\/wp-json\/wp\/v2\/product_tag?post=1318"}],"curies":[{"name":"wp","href":"https:\/\/api.w.org\/{rel}","templated":true}]}}