{"id":1306,"date":"2022-10-14T07:51:38","date_gmt":"2022-10-14T07:51:38","guid":{"rendered":"https:\/\/swforming.com\/?post_type=product&#038;p=1306"},"modified":"2023-06-14T07:21:31","modified_gmt":"2023-06-14T07:21:31","slug":"electrical-cabinet-frame-roll-forming-machine","status":"publish","type":"product","link":"https:\/\/swforming.com\/tr\/product\/electrical-cabinet-frame-roll-forming-machine\/","title":{"rendered":"Elektrik Kabini \u00c7er\u00e7eve Rulo \u015eekillendirme Makinesi"},"content":{"rendered":"<p><img fetchpriority=\"high\" decoding=\"async\" class=\"alignnone wp-image-1313 size-full\" src=\"https:\/\/swforming.com\/wp-content\/uploads\/2022\/10\/6a423455-9876-49b8-a72c-3f48a6aad993.jpg\" alt=\"Elektrik Kabini \u00c7er\u00e7eve Rulo \u015eekillendirme Makinesi\" width=\"750\" height=\"900\" title=\"\" srcset=\"https:\/\/swforming.com\/wp-content\/uploads\/2022\/10\/6a423455-9876-49b8-a72c-3f48a6aad993.jpg 750w, https:\/\/swforming.com\/wp-content\/uploads\/2022\/10\/6a423455-9876-49b8-a72c-3f48a6aad993-600x720.jpg 600w, https:\/\/swforming.com\/wp-content\/uploads\/2022\/10\/6a423455-9876-49b8-a72c-3f48a6aad993-250x300.jpg 250w, https:\/\/swforming.com\/wp-content\/uploads\/2022\/10\/6a423455-9876-49b8-a72c-3f48a6aad993-10x12.jpg 10w\" sizes=\"(max-width: 750px) 100vw, 750px\" \/><\/p>\n<p>Elektrik dolab\u0131 \u00e7er\u00e7eve rulo \u015fekillendirme makinesi, 17 Yan profil, Yan profil, dokuz katlan\u0131r profil, 9 13 16 Katl\u0131 Metal Profil rittal b\u00f6lme muhafazas\u0131 gibi elektrik dolab\u0131 i\u00e7in \u00e7e\u015fitli raflar \u00fcretmek i\u00e7in kullan\u0131l\u0131r. Bir s\u00fctundur ve en az bir s\u0131zd\u0131rmazl\u0131k olu\u011fu ile sa\u011flan\u0131r. A\u00e7\u0131sal konekt\u00f6r \u00fc\u00e7 boyutlu bir koordinat \u015feklinde tasarlanm\u0131\u015ft\u0131r. Oluk, kolon ve kiri\u015f \u00fczerindeki s\u0131zd\u0131rmazl\u0131k olu\u011fu ile e\u015fle\u015ftirilir. Avantajlar\u0131, elektrikli \u00fcr\u00fcnlerin de\u011fi\u015ftirilmesini ve operat\u00f6rlerin g\u00fcvenli\u011fini art\u0131ran art\u0131r\u0131lm\u0131\u015f yap\u0131sal g\u00fc\u00e7 ve geli\u015ftirilmi\u015f kabin korumas\u0131d\u0131r.<\/p>\n<p>Elektrik dolab\u0131 raf\u0131, elektronik kutu dire\u011fi, \u015falt sisteminde kullan\u0131lan metal kasa \u00e7er\u00e7evesi, al\u00e7ak gerilim pano binas\u0131, kontrol kabini elektrikli aletler vb. i\u00e7in kaynak ile kabin \u00e7er\u00e7evesi rulo \u015fekillendirme makinesi kullanan otomatik elektrik fabrikas\u0131.<\/p>\n<p>Elektrik ve enerji end\u00fcstrilerinde, Solar dikme kanal\u0131 rulo \u015fekillendirme makinesi, DIN ray rulo \u015fekillendirme makinesi ve Elektrik Muhafaza Kutusu rulo \u015fekillendirme makinesi gibi daha ilgili makineler \u00fcretebiliyoruz.<\/p>\n<p>M\u00fc\u015fterilerin \u00e7izimlerine, toleranslar\u0131na ve b\u00fct\u00e7elerine g\u00f6re farkl\u0131 \u00e7\u00f6z\u00fcmler \u00fcretiyor, t\u00fcm gereksinimlerinize uyarlanabilen profesyonel bire bir hizmet sunuyoruz. Hangi hatt\u0131 se\u00e7erseniz se\u00e7in, SUNWAY Machinery'nin kalitesi m\u00fckemmel i\u015flevsel profiller elde etmenizi sa\u011flayacakt\u0131r.<\/p>\n<h3>Profil \u00c7izimleri<\/h3>\n<p><img decoding=\"async\" class=\"alignnone size-full wp-image-1314\" src=\"https:\/\/swforming.com\/wp-content\/uploads\/2022\/10\/9e09a369-22b1-4f7c-9fd8-656456aa427b.jpg\" alt=\"\" width=\"750\" height=\"708\" title=\"\" srcset=\"https:\/\/swforming.com\/wp-content\/uploads\/2022\/10\/9e09a369-22b1-4f7c-9fd8-656456aa427b.jpg 750w, https:\/\/swforming.com\/wp-content\/uploads\/2022\/10\/9e09a369-22b1-4f7c-9fd8-656456aa427b-600x566.jpg 600w, https:\/\/swforming.com\/wp-content\/uploads\/2022\/10\/9e09a369-22b1-4f7c-9fd8-656456aa427b-300x283.jpg 300w, https:\/\/swforming.com\/wp-content\/uploads\/2022\/10\/9e09a369-22b1-4f7c-9fd8-656456aa427b-13x12.jpg 13w\" sizes=\"(max-width: 750px) 100vw, 750px\" \/><\/p>\n<p><img decoding=\"async\" class=\"alignnone size-full wp-image-1315\" src=\"https:\/\/swforming.com\/wp-content\/uploads\/2022\/10\/eefb7495-b5a3-43a3-af38-9037b5cf6565.png\" alt=\"\" width=\"750\" height=\"372\" title=\"\" srcset=\"https:\/\/swforming.com\/wp-content\/uploads\/2022\/10\/eefb7495-b5a3-43a3-af38-9037b5cf6565.png 750w, https:\/\/swforming.com\/wp-content\/uploads\/2022\/10\/eefb7495-b5a3-43a3-af38-9037b5cf6565-600x298.png 600w, https:\/\/swforming.com\/wp-content\/uploads\/2022\/10\/eefb7495-b5a3-43a3-af38-9037b5cf6565-300x149.png 300w, https:\/\/swforming.com\/wp-content\/uploads\/2022\/10\/eefb7495-b5a3-43a3-af38-9037b5cf6565-18x9.png 18w\" sizes=\"(max-width: 750px) 100vw, 750px\" \/><\/p>\n<h3>\u00dcretim Hatt\u0131<\/h3>\n<p><img loading=\"lazy\" decoding=\"async\" class=\"alignnone size-full wp-image-1300\" src=\"https:\/\/swforming.com\/wp-content\/uploads\/2022\/10\/H15987165261e40ce88b47bd20de3f01cp.webp\" alt=\"\" width=\"1748\" height=\"1228\" title=\"\" srcset=\"https:\/\/swforming.com\/wp-content\/uploads\/2022\/10\/H15987165261e40ce88b47bd20de3f01cp.webp 1748w, https:\/\/swforming.com\/wp-content\/uploads\/2022\/10\/H15987165261e40ce88b47bd20de3f01cp-600x422.webp 600w, https:\/\/swforming.com\/wp-content\/uploads\/2022\/10\/H15987165261e40ce88b47bd20de3f01cp-300x211.webp 300w, https:\/\/swforming.com\/wp-content\/uploads\/2022\/10\/H15987165261e40ce88b47bd20de3f01cp-1024x719.webp 1024w, https:\/\/swforming.com\/wp-content\/uploads\/2022\/10\/H15987165261e40ce88b47bd20de3f01cp-768x540.webp 768w, https:\/\/swforming.com\/wp-content\/uploads\/2022\/10\/H15987165261e40ce88b47bd20de3f01cp-1536x1079.webp 1536w, https:\/\/swforming.com\/wp-content\/uploads\/2022\/10\/H15987165261e40ce88b47bd20de3f01cp-18x12.webp 18w\" sizes=\"(max-width: 1748px) 100vw, 1748px\" \/><\/p>\n<h3>Elektrik Kabini \u00c7er\u00e7eve Rulo \u015eekillendirme Makinesi Detaylar\u0131<\/h3>\n<p><img loading=\"lazy\" decoding=\"async\" class=\"alignnone size-full wp-image-1316\" src=\"https:\/\/swforming.com\/wp-content\/uploads\/2022\/10\/154709.png\" alt=\"\" width=\"750\" height=\"959\" title=\"\" srcset=\"https:\/\/swforming.com\/wp-content\/uploads\/2022\/10\/154709.png 750w, https:\/\/swforming.com\/wp-content\/uploads\/2022\/10\/154709-600x767.png 600w, https:\/\/swforming.com\/wp-content\/uploads\/2022\/10\/154709-235x300.png 235w, https:\/\/swforming.com\/wp-content\/uploads\/2022\/10\/154709-9x12.png 9w\" sizes=\"(max-width: 750px) 100vw, 750px\" \/><\/p>\n<h3>Elektrik Kabini \u00c7er\u00e7eve Rulo \u015eekillendirme Makinesi Parametreleri<\/h3>\n<div style=\"overflow-x: auto;\">\n<table>\n<tbody>\n<tr>\n<td style=\"text-align: center;\" colspan=\"3\" rowspan=\"1\" data-sheets-value=\"{&quot;1&quot;:2,&quot;2&quot;:&quot;Electrical Cabinet Frame Roll Forming Machine&quot;}\"><strong>Elektrik Kabini \u00c7er\u00e7eve Rulo \u015eekillendirme Makinesi<\/strong><\/td>\n<\/tr>\n<tr>\n<td colspan=\"1\" rowspan=\"2\" data-sheets-value=\"{&quot;1&quot;:2,&quot;2&quot;:&quot;Machinable Material&quot;}\">\n<div>\u0130\u015flenebilir Malzeme<\/div>\n<\/td>\n<td data-sheets-value=\"{&quot;1&quot;:2,&quot;2&quot;:&quot;A) Galvanized Steel&quot;}\">A) Galvanizli \u00c7elik<\/td>\n<td colspan=\"1\" rowspan=\"2\" data-sheets-value=\"{&quot;1&quot;:2,&quot;2&quot;:&quot;Thickness(MM): 1.0-2.0 or as per customer&quot;}\">\n<div>Kal\u0131nl\u0131k (MM): 1.0-2.0 veya m\u00fc\u015fteriye g\u00f6re<\/div>\n<\/td>\n<\/tr>\n<tr>\n<td data-sheets-value=\"{&quot;1&quot;:2,&quot;2&quot;:&quot;B) Stainless Steel&quot;}\">B) Paslanmaz \u00c7elik<\/td>\n<\/tr>\n<tr>\n<td data-sheets-value=\"{&quot;1&quot;:2,&quot;2&quot;:&quot;Yield Strength&quot;}\">Akma Dayan\u0131m\u0131<\/td>\n<td colspan=\"2\" rowspan=\"1\" data-sheets-value=\"{&quot;1&quot;:2,&quot;2&quot;:&quot;250 - 550 Mpa&quot;}\">250 - 550 Mpa<\/td>\n<\/tr>\n<tr>\n<td data-sheets-value=\"{&quot;1&quot;:2,&quot;2&quot;:&quot;Tensil Stress&quot;}\">Tensil Stres<\/td>\n<td colspan=\"2\" rowspan=\"1\" data-sheets-value=\"{&quot;1&quot;:2,&quot;2&quot;:&quot;G250 Mpa-G550 Mpa&quot;}\">G250 Mpa-G550 Mpa<\/td>\n<\/tr>\n<tr>\n<td data-sheets-value=\"{&quot;1&quot;:2,&quot;2&quot;:&quot;Decoiler&quot;}\">Decoiler<\/td>\n<td data-sheets-value=\"{&quot;1&quot;:2,&quot;2&quot;:&quot;Manual Decoiler&quot;}\">Manuel A\u00e7\u0131c\u0131<\/td>\n<td data-sheets-value=\"{&quot;1&quot;:2,&quot;2&quot;:&quot;* Hydraulic Decoiler (Optional)&quot;}\">* Hidrolik A\u00e7\u0131c\u0131 (Opsiyonel)<\/td>\n<\/tr>\n<tr>\n<td data-sheets-value=\"{&quot;1&quot;:2,&quot;2&quot;:&quot;Punching System&quot;}\">Delme Sistemi<\/td>\n<td data-sheets-value=\"{&quot;1&quot;:2,&quot;2&quot;:&quot;Hydraulic Punching Station&quot;}\">Hidrolik Delme \u0130stasyonu<\/td>\n<td data-sheets-value=\"{&quot;1&quot;:2,&quot;2&quot;:&quot;* Punching Press (Optional)&quot;}\">* Delme Presi (Opsiyonel)<\/td>\n<\/tr>\n<tr>\n<td data-sheets-value=\"{&quot;1&quot;:2,&quot;2&quot;:&quot;Forming Station&quot;}\">\u015eekillendirme \u0130stasyonu<\/td>\n<td data-sheets-value=\"{&quot;1&quot;:2,&quot;2&quot;:&quot;More than 30 Stands&quot;}\">30'dan Fazla Stand<\/td>\n<td data-sheets-value=\"{&quot;1&quot;:2,&quot;2&quot;:&quot;* According To Your Profile Drawings&quot;}\">* Profil \u00c7izimlerinize G\u00f6re<\/td>\n<\/tr>\n<tr>\n<td data-sheets-value=\"{&quot;1&quot;:2,&quot;2&quot;:&quot;Driving System&quot;}\">S\u00fcr\u00fc\u015f Sistemi<\/td>\n<td data-sheets-value=\"{&quot;1&quot;:2,&quot;2&quot;:&quot;Chain Drive&quot;}\">Zincir Tahrik<\/td>\n<td data-sheets-value=\"{&quot;1&quot;:2,&quot;2&quot;:&quot;* Gearbox Drive (Optional)&quot;}\">* \u015eanz\u0131man Tahriki (Opsiyonel)<\/td>\n<\/tr>\n<tr>\n<td data-sheets-value=\"{&quot;1&quot;:2,&quot;2&quot;:&quot;Machine Structure&quot;}\">Makine Yap\u0131s\u0131<\/td>\n<td data-sheets-value=\"{&quot;1&quot;:2,&quot;2&quot;:&quot;Wall Panel Station&quot;}\">Duvar Paneli \u0130stasyonu<\/td>\n<td data-sheets-value=\"{&quot;1&quot;:2,&quot;2&quot;:&quot;* Cast Iron (Optional)&quot;}\">* D\u00f6kme Demir (Opsiyonel)<\/td>\n<\/tr>\n<tr>\n<td data-sheets-value=\"{&quot;1&quot;:2,&quot;2&quot;:&quot;Forming Speed&quot;}\">\u015eekillendirme H\u0131z\u0131<\/td>\n<td data-sheets-value=\"{&quot;1&quot;:2,&quot;2&quot;:&quot;5-15 (M\/MIN)&quot;}\">5-15 (M\/MIN)<\/td>\n<td data-sheets-value=\"{&quot;1&quot;:2,&quot;2&quot;:&quot;* Or According To Your Profile Drawings&quot;}\">* Veya Profil \u00c7izimlerinize G\u00f6re<\/td>\n<\/tr>\n<tr>\n<td data-sheets-value=\"{&quot;1&quot;:2,&quot;2&quot;:&quot;Rollers\u2019 Material&quot;}\">Silindir Malzemesi<\/td>\n<td data-sheets-value=\"{&quot;1&quot;:2,&quot;2&quot;:&quot;GCr 15&quot;}\">GCr 15<\/td>\n<td data-sheets-value=\"{&quot;1&quot;:2,&quot;2&quot;:&quot;* Cr12 (Optional)&quot;}\">* Cr12 (Opsiyonel)<\/td>\n<\/tr>\n<tr>\n<td data-sheets-value=\"{&quot;1&quot;:2,&quot;2&quot;:&quot;Cutting System&quot;}\">Kesim Sistemi<\/td>\n<td data-sheets-value=\"{&quot;1&quot;:2,&quot;2&quot;:&quot;Hydraulic Cutting&quot;}\">Hidrolik Kesme<\/td>\n<td data-sheets-value=\"{&quot;1&quot;:2,&quot;2&quot;:&quot;* Saw Cutting (Optional)&quot;}\">* Testere Kesimi (Opsiyonel)<\/td>\n<\/tr>\n<tr>\n<td data-sheets-value=\"{&quot;1&quot;:2,&quot;2&quot;:&quot;Frequency Changer Brand&quot;}\">Frekans De\u011fi\u015ftirici Marka<\/td>\n<td data-sheets-value=\"{&quot;1&quot;:2,&quot;2&quot;:&quot;Yaskawa&quot;}\">Yaskawa<\/td>\n<td data-sheets-value=\"{&quot;1&quot;:2,&quot;2&quot;:&quot;* Siemens (Optional)&quot;}\">* Siemens (Opsiyonel)<\/td>\n<\/tr>\n<tr>\n<td data-sheets-value=\"{&quot;1&quot;:2,&quot;2&quot;:&quot;PLC Brand&quot;}\">PLC Markas\u0131<\/td>\n<td data-sheets-value=\"{&quot;1&quot;:2,&quot;2&quot;:&quot;Panasonic&quot;}\">Panasonic<\/td>\n<td data-sheets-value=\"{&quot;1&quot;:2,&quot;2&quot;:&quot;* Siemens (Optional)&quot;}\">* Siemens (Opsiyonel)<\/td>\n<\/tr>\n<tr>\n<td data-sheets-value=\"{&quot;1&quot;:2,&quot;2&quot;:&quot;Power Supply&quot;}\">G\u00fc\u00e7 Kayna\u011f\u0131<\/td>\n<td data-sheets-value=\"{&quot;1&quot;:2,&quot;2&quot;:&quot;380V 50Hz 3ph&quot;}\">380V 50Hz 3ph<\/td>\n<td data-sheets-value=\"{&quot;1&quot;:2,&quot;2&quot;:&quot;* Or According To Your Requirment&quot;}\">* Veya \u0130htiyac\u0131n\u0131za G\u00f6re<\/td>\n<\/tr>\n<tr>\n<td data-sheets-value=\"{&quot;1&quot;:2,&quot;2&quot;:&quot;Machine Color&quot;}\">Makine Rengi<\/td>\n<td data-sheets-value=\"{&quot;1&quot;:2,&quot;2&quot;:&quot;Industrial Blue&quot;}\">End\u00fcstriyel Mavi<\/td>\n<td data-sheets-value=\"{&quot;1&quot;:2,&quot;2&quot;:&quot;* Or According To Your Requirment&quot;}\">* Veya \u0130htiyac\u0131n\u0131za G\u00f6re<\/td>\n<\/tr>\n<\/tbody>\n<\/table>\n<\/div>\n<h3>Uygulama<\/h3>\n<p><img loading=\"lazy\" decoding=\"async\" class=\"alignnone size-full wp-image-1317\" src=\"https:\/\/swforming.com\/wp-content\/uploads\/2022\/10\/e49e0137-6060-4ed3-acf4-54db26e8d82d.png\" alt=\"\" width=\"750\" height=\"300\" title=\"\" srcset=\"https:\/\/swforming.com\/wp-content\/uploads\/2022\/10\/e49e0137-6060-4ed3-acf4-54db26e8d82d.png 750w, https:\/\/swforming.com\/wp-content\/uploads\/2022\/10\/e49e0137-6060-4ed3-acf4-54db26e8d82d-600x240.png 600w, https:\/\/swforming.com\/wp-content\/uploads\/2022\/10\/e49e0137-6060-4ed3-acf4-54db26e8d82d-300x120.png 300w, https:\/\/swforming.com\/wp-content\/uploads\/2022\/10\/e49e0137-6060-4ed3-acf4-54db26e8d82d-18x7.png 18w\" sizes=\"(max-width: 750px) 100vw, 750px\" \/><\/p>\n<h3>Kap\u0131 kasas\u0131 rulo \u015fekillendirme makinesi nedir?<\/h3>\n<p>Bir kap\u0131 kasas\u0131 rulo \u015fekillendirme makinesi, rulo \u015fekillendirme ad\u0131 verilen bir i\u015flemle kap\u0131 kasalar\u0131 \u00fcretmek i\u00e7in kullan\u0131lan bir t\u00fcr end\u00fcstriyel makinedir. Rulo \u015fekillendirme, uzun bir metal \u015feridin, tipik olarak \u00e7elik veya al\u00fcminyumun, istenen bir enine kesit profiline kademeli olarak \u015fekillendirmek i\u00e7in bir dizi silindirden ge\u00e7irildi\u011fi s\u00fcrekli bir b\u00fckme i\u015flemidir.<\/p>\n<p>Kap\u0131 kasas\u0131 rulo \u015fekillendirme makinesi, a\u015fa\u011f\u0131dakiler de dahil olmak \u00fczere \u00e7e\u015fitli bile\u015fenlerden olu\u015fur:<\/p>\n<ol>\n<li>A\u00e7\u0131c\u0131: Bu bile\u015fen metal bobini tutar ve makineye besler.<\/li>\n<li>D\u00fczle\u015ftirici: Rulo \u015fekillendirme i\u015flemine tutarl\u0131 besleme sa\u011flamak i\u00e7in metal \u015feridi d\u00fczeltir.<\/li>\n<li>Silindirler: Bunlar makinenin ana bile\u015fenleridir. Metal \u015feridi kademeli olarak b\u00fckmek ve istenen kap\u0131 kasas\u0131 profiline \u015fekillendirmek i\u00e7in belirli konturlar ve desenlerle tasarlanm\u0131\u015ft\u0131r. Silindirler genellikle bir seri halinde d\u00fczenlenir ve her biri belirli bir b\u00fckme i\u015flemi ger\u00e7ekle\u015ftirir.<\/li>\n<li>Kesme sistemi: Metal \u015ferit kap\u0131 kasas\u0131 \u015fekline getirildikten sonra, profili istenen uzunluklarda kesmek i\u00e7in kesme sistemi kullan\u0131l\u0131r.<\/li>\n<li>Kontrol sistemi: Bu bile\u015fen, merdaneli \u015fekillendirme i\u015fleminin h\u0131z\u0131n\u0131, uzunlu\u011funu ve di\u011fer parametrelerini d\u00fczenlemek i\u00e7in elektronik kontrolleri, sens\u00f6rleri ve yaz\u0131l\u0131m\u0131 i\u00e7erir.<\/li>\n<\/ol>\n<p>Kap\u0131 kasas\u0131 rulo \u015fekillendirme makineleri, \u00f6zel gereksinimlere ba\u011fl\u0131 olarak \u00e7e\u015fitli boyutlarda, profillerde ve tasar\u0131mlarda kap\u0131 kasalar\u0131 \u00fcretebilir. \u0130malat end\u00fcstrisinde konut, ticari ve end\u00fcstriyel uygulamalar i\u00e7in kap\u0131 kasalar\u0131 \u00fcretmek i\u00e7in yayg\u0131n olarak kullan\u0131l\u0131rlar. Rulo \u015fekillendirme i\u015flemi, tutarl\u0131 ve y\u00fcksek kaliteli kap\u0131 kasalar\u0131 \u00fcretiminde y\u00fcksek verimlilik, hassasiyet ve maliyet etkinli\u011fi sunar.<\/p>\n<h3>uygulama metal kap\u0131 \u00e7er\u00e7evesi rulo \u015fekillendirme makinesi?<\/h3>\n<p>Metal kap\u0131 kasas\u0131 rulo \u015fekillendirme makinesi, binalar\u0131n ve yap\u0131lar\u0131n temel bile\u015fenleri olan metal kap\u0131 kasalar\u0131n\u0131n \u00fcretimi i\u00e7in kullan\u0131l\u0131r. \u0130\u015fte metal kap\u0131 kasalar\u0131n\u0131n baz\u0131 yayg\u0131n uygulamalar\u0131 ve rulo \u015fekillendirme makinesinin bunlar\u0131n \u00fcretimine nas\u0131l katk\u0131da bulundu\u011fu:<\/p>\n<ol>\n<li>Konut Binalar\u0131: Metal kap\u0131 kasalar\u0131 evler, apartmanlar ve apartman daireleri gibi konut binalar\u0131nda yayg\u0131n olarak kullan\u0131lmaktad\u0131r. Rulo \u015fekillendirme makinesi, farkl\u0131 mimari stillere ve tercihlere uyacak \u015fekilde \u00e7e\u015fitli boyutlarda ve tasar\u0131mlarda kap\u0131 kasalar\u0131n\u0131n verimli ve hassas bir \u015fekilde \u00fcretilmesini sa\u011flar.<\/li>\n<li>Ticari Binalar: Metal kap\u0131 kasalar\u0131 genellikle ofisler, perakende ma\u011fazalar\u0131, oteller ve hastaneler gibi ticari binalarda bulunur. Bu \u00e7er\u00e7eveler dayan\u0131kl\u0131l\u0131k, g\u00fcvenlik ve estetik \u00e7ekicilik sa\u011flar. Rulo \u015fekillendirme makinesi, kap\u0131 kasalar\u0131n\u0131n tutarl\u0131 kalite ve boyutsal do\u011frulukla seri \u00fcretimine olanak tan\u0131yarak ticari in\u015faat projelerinin taleplerini kar\u015f\u0131lar.<\/li>\n<li>End\u00fcstriyel Tesisler: End\u00fcstriyel binalar, depolar, fabrikalar ve di\u011fer end\u00fcstriyel tesisler genellikle sa\u011flam ve a\u011f\u0131r hizmet tipi metal kap\u0131 kasalar\u0131na ihtiya\u00e7 duyar. Rulo \u015fekillendirme makinesi, daha kal\u0131n ve daha g\u00fc\u00e7l\u00fc metalleri i\u015fleyerek zorlu ortamlara ve a\u011f\u0131r kullan\u0131ma dayanabilecek kap\u0131 kasalar\u0131n\u0131n \u00fcretilmesini sa\u011flar.<\/li>\n<li>Kurumsal Binalar: Metal kap\u0131 kasalar\u0131 okullar, \u00fcniversiteler, devlet daireleri ve sa\u011fl\u0131k tesisleri gibi kurumsal binalarda da kullan\u0131lmaktad\u0131r. Bu \u00e7er\u00e7eveler sa\u011flaml\u0131k, yang\u0131na dayan\u0131kl\u0131l\u0131k ve g\u00fcvenlik sa\u011flar. Rulo \u015fekillendirme makinesi, bu kurumlar\u0131n \u00f6zel gereksinimlerini ve d\u00fczenlemelerini kar\u015f\u0131layan kap\u0131 kasalar\u0131n\u0131n verimli bir \u015fekilde \u00fcretilmesini sa\u011flar.<\/li>\n<li>Yenileme ve G\u00fc\u00e7lendirme Projeleri: Metal kap\u0131 kasalar\u0131 genellikle yenileme ve g\u00fc\u00e7lendirme projelerinde eski veya hasarl\u0131 kap\u0131 kasalar\u0131n\u0131 de\u011fi\u015ftirmek i\u00e7in kullan\u0131l\u0131r. Rulo \u015fekillendirme makinesi, mevcut mimari tasar\u0131mlara uyan \u00f6zel kap\u0131 kasalar\u0131n\u0131n \u00fcretilmesine olanak tan\u0131yarak binan\u0131n genel esteti\u011fiyle sorunsuz bir entegrasyon sa\u011flar.<\/li>\n<\/ol>\n<p>Genel olarak, metal kap\u0131 \u00e7er\u00e7evesi rulo \u015fekillendirme makinesi, \u00e7ok \u00e7e\u015fitli uygulamalar i\u00e7in y\u00fcksek kaliteli, hassas ve dayan\u0131kl\u0131 kap\u0131 \u00e7er\u00e7evelerinin seri \u00fcretimini sa\u011flayarak in\u015faat sekt\u00f6r\u00fcnde \u00e7ok \u00f6nemli bir rol oynamaktad\u0131r.<\/p>\n<h3>\u00c7elik kap\u0131 kasas\u0131 rulo \u015fekillendirme makinesi nas\u0131l \u00e7al\u0131\u015f\u0131r?<\/h3>\n<p>Bir \u00e7elik kap\u0131 kasas\u0131 rulo \u015fekillendirme makinesi, bir \u00e7elik bobini bitmi\u015f bir \u00e7elik kap\u0131 kasas\u0131na d\u00f6n\u00fc\u015ft\u00fcrmek i\u00e7in bir dizi ad\u0131mda \u00e7al\u0131\u015f\u0131r. \u0130\u015fte makinenin nas\u0131l \u00e7al\u0131\u015ft\u0131\u011f\u0131na dair genel bir bak\u0131\u015f:<\/p>\n<ol>\n<li>Bobin Y\u00fckleme: Makine, bobini yerinde tutan a\u00e7\u0131c\u0131ya bir \u00e7elik bobin y\u00fckleyerek ba\u015flar. Bobin tipik olarak galvanizli veya so\u011fuk haddelenmi\u015f \u00e7elikten yap\u0131l\u0131r ve kap\u0131 \u00e7er\u00e7evesi i\u00e7in hammadde g\u00f6revi g\u00f6r\u00fcr.<\/li>\n<li>Malzeme Do\u011frultma: Bobinden gelen \u00e7elik \u015ferit bir tesviye ve d\u00fczle\u015ftirme i\u015fleminden ge\u00e7er. Bu, \u015feridin d\u00fcz olmas\u0131n\u0131 ve herhangi bir deformasyon veya b\u00fck\u00fclme olmamas\u0131n\u0131 sa\u011flayarak rulo \u015fekillendirme b\u00f6l\u00fcm\u00fcne tutarl\u0131 bir \u015fekilde beslenmesine olanak tan\u0131r.<\/li>\n<li>Rulo \u015eekillendirme: D\u00fczle\u015ftirilmi\u015f \u00e7elik \u015ferit daha sonra bir dizi silindirden olu\u015fan rulo \u015fekillendirme b\u00f6l\u00fcm\u00fcne beslenir. Her bir silindir, \u015feridi kademeli olarak b\u00fckmek ve istenen kap\u0131 kasas\u0131 profiline \u015fekillendirmek i\u00e7in belirli konturlar ve desenlerle dikkatlice tasarlanm\u0131\u015ft\u0131r. \u015eerit silindirler boyunca y\u00f6nlendirilir ve her silindir belirli bir b\u00fckme i\u015flemi ger\u00e7ekle\u015ftirir.<\/li>\n<li>Kesme ve Uzunluk \u00d6l\u00e7\u00fcm\u00fc: \u00c7elik \u015ferit kap\u0131 kasas\u0131 \u015fekline getirildikten sonra, s\u00fcrekli profili ayr\u0131 kap\u0131 kasas\u0131 uzunluklar\u0131na kesmek i\u00e7in bir kesme sistemi kullan\u0131l\u0131r. Kesme sistemi, makinenin tasar\u0131m\u0131na ve yeteneklerine ba\u011fl\u0131 olarak bir makas veya u\u00e7an kesme testeresi olabilir. E\u015f zamanl\u0131 olarak, bir uzunluk \u00f6l\u00e7\u00fcm sistemi kap\u0131 kasas\u0131 b\u00f6l\u00fcmlerinin do\u011fru ve tutarl\u0131 bir \u015fekilde kesilmesini sa\u011flar.<\/li>\n<li>\u00c7\u0131k\u0131\u015f ve \u0130stifleme: Kesme i\u015fleminden sonra, bitmi\u015f \u00e7elik kap\u0131 kasas\u0131 b\u00f6l\u00fcmleri makineden bo\u015falt\u0131l\u0131r. Daha sonraki i\u015flemler, paketleme veya nakliye i\u00e7in bir konvey\u00f6r \u00fczerinde veya belirlenmi\u015f bir alanda toplanabilir ve istiflenebilirler.<\/li>\n<li>Kontrol Sistemi: T\u00fcm s\u00fcre\u00e7 boyunca, \u00e7elik kap\u0131 kasas\u0131 rulo \u015fekillendirme makinesi entegre bir kontrol sistemi taraf\u0131ndan kontrol edilir. Bu sistem makinenin h\u0131z\u0131n\u0131 d\u00fczenler, silindirlerin hareketlerini kontrol eder, malzeme beslemesini ve kesmeyi izler ve \u00fcretim s\u00fcrecinin genel hassasiyetini ve do\u011frulu\u011funu sa\u011flar.<\/li>\n<\/ol>\n<p>\u00c7elik kap\u0131 kasas\u0131 rulo \u015fekillendirme makinesinin \u00f6zel tasar\u0131m ve konfig\u00fcrasyonunun \u00fcreticiye ve istenen kap\u0131 kasas\u0131 profiline ba\u011fl\u0131 olarak de\u011fi\u015febilece\u011fini unutmamak \u00f6nemlidir. Bununla birlikte, malzeme besleme, rulo \u015fekillendirme, kesme ve kontrol\u00fcn temel ilkeleri tutarl\u0131 kal\u0131r.<\/p>","protected":false},"excerpt":{"rendered":"<p>Elektrik dolab\u0131 \u00e7er\u00e7eve rulo \u015fekillendirme makinesi, 17 Yan profil, Yan profil, dokuz katlan\u0131r profil, 9 13 16 Katl\u0131 Metal Profil rittal b\u00f6lme muhafazas\u0131 gibi elektrik dolab\u0131 i\u00e7in \u00e7e\u015fitli raflar \u00fcretmek i\u00e7in kullan\u0131l\u0131r. Bir s\u00fctundur ve en az bir s\u0131zd\u0131rmazl\u0131k olu\u011fu ile sa\u011flan\u0131r. A\u00e7\u0131sal konekt\u00f6r \u00fc\u00e7 boyutlu bir koordinat \u015feklinde tasarlanm\u0131\u015ft\u0131r. Oluk, kolon ve kiri\u015f \u00fczerindeki s\u0131zd\u0131rmazl\u0131k olu\u011fu ile e\u015fle\u015ftirilir. Avantajlar\u0131, elektrikli \u00fcr\u00fcnlerin de\u011fi\u015ftirilmesini ve operat\u00f6rlerin g\u00fcvenli\u011fini art\u0131ran art\u0131r\u0131lm\u0131\u015f yap\u0131sal g\u00fc\u00e7 ve geli\u015ftirilmi\u015f kabin korumas\u0131d\u0131r.<\/p>","protected":false},"featured_media":1307,"comment_status":"closed","ping_status":"closed","template":"","meta":{"_acf_changed":false},"product_brand":[],"product_cat":[18,58],"product_tag":[],"class_list":{"0":"post-1306","1":"product","2":"type-product","3":"status-publish","4":"has-post-thumbnail","6":"product_cat-electric-energy","7":"product_cat-electric-cabinet-frame-roll-forming-machine","9":"first","10":"instock","11":"shipping-taxable","12":"product-type-simple"},"acf":[],"_links":{"self":[{"href":"https:\/\/swforming.com\/tr\/wp-json\/wp\/v2\/product\/1306","targetHints":{"allow":["GET"]}}],"collection":[{"href":"https:\/\/swforming.com\/tr\/wp-json\/wp\/v2\/product"}],"about":[{"href":"https:\/\/swforming.com\/tr\/wp-json\/wp\/v2\/types\/product"}],"replies":[{"embeddable":true,"href":"https:\/\/swforming.com\/tr\/wp-json\/wp\/v2\/comments?post=1306"}],"version-history":[{"count":3,"href":"https:\/\/swforming.com\/tr\/wp-json\/wp\/v2\/product\/1306\/revisions"}],"predecessor-version":[{"id":3232,"href":"https:\/\/swforming.com\/tr\/wp-json\/wp\/v2\/product\/1306\/revisions\/3232"}],"wp:featuredmedia":[{"embeddable":true,"href":"https:\/\/swforming.com\/tr\/wp-json\/wp\/v2\/media\/1307"}],"wp:attachment":[{"href":"https:\/\/swforming.com\/tr\/wp-json\/wp\/v2\/media?parent=1306"}],"wp:term":[{"taxonomy":"product_brand","embeddable":true,"href":"https:\/\/swforming.com\/tr\/wp-json\/wp\/v2\/product_brand?post=1306"},{"taxonomy":"product_cat","embeddable":true,"href":"https:\/\/swforming.com\/tr\/wp-json\/wp\/v2\/product_cat?post=1306"},{"taxonomy":"product_tag","embeddable":true,"href":"https:\/\/swforming.com\/tr\/wp-json\/wp\/v2\/product_tag?post=1306"}],"curies":[{"name":"wp","href":"https:\/\/api.w.org\/{rel}","templated":true}]}}